{"id":17623,"date":"2016-09-01T18:07:09","date_gmt":"2016-09-01T18:07:09","guid":{"rendered":"https:\/\/tilk.bio\/sinu-nahatuup\/"},"modified":"2023-03-09T02:28:36","modified_gmt":"2023-03-09T00:28:36","slug":"nahatuup","status":"publish","type":"page","link":"https:\/\/tilk.bio\/et\/nahatuup\/","title":{"rendered":"Sinu nahat\u00fc\u00fcp"},"content":{"rendered":"<section class=\"l-section wpb_row skin-types-header height_medium\"><div class=\"l-section-overlay\" style=\"background:#FFEEEE\"><\/div><div class=\"l-section-h i-cf\"><div class=\"g-cols vc_row via_flex valign_top type_default stacking_default\"><div class=\"vc_col-sm-8 wpb_column vc_column_container\"><div class=\"vc_column-inner\"><div class=\"wpb_wrapper\"><div class=\"wpb_text_column\"><div class=\"wpb_wrapper\"><h1>Vali oma nahat\u00fc\u00fcbile sobiv tilk! kreem<\/h1>\n<p>Milline on Sinu nahat\u00fc\u00fcp? Kas Sinu nahk on <a href=\"https:\/\/tilk.bio\/et\/nahatuup\/kombineeritud-ja-normaalne-nahk\/\">normaalne<\/a>, <a href=\"https:\/\/tilk.bio\/et\/nahatuup\/kuiv-nahk\/\">kuiv<\/a>, <a href=\"https:\/\/tilk.bio\/et\/nahatuup\/rasune-akne-nahk\/\">rasune,<\/a> kombineeritud v\u00f5i hoopis <a href=\"https:\/\/tilk.bio\/et\/nahatuup\/tundlik-nahk\/\">tundlik<\/a>? Oma nahat\u00fc\u00fcbile sobiva kreemi leidmine on oluline, sest see annab Sulle parima soovitud tulemuse. Kreemiretsepte koostades ja bioaktiivseid koostisosasid valides oleme arvesse v\u00f5tnud erinevate nahat\u00fc\u00fcpide vajadusi. See on oluline, et tagada toodete maksimaalne toime ja tulemus. Soovitame Sul teha kindlaks oma nahat\u00fc\u00fcp, valida oma nahale sobivaim tilk! kreem ja nautida tulemust!<\/p>\n<\/div><\/div><\/div><\/div><\/div><div class=\"vc_col-sm-4 wpb_column vc_column_container\"><div class=\"vc_column-inner\"><div class=\"wpb_wrapper\"><div class=\"w-image align_none\"><div class=\"w-image-h\"><img decoding=\"async\" width=\"994\" height=\"1152\" src=\"https:\/\/tilk.bio\/wp-content\/uploads\/2021\/09\/skin-types.jpg\" class=\"attachment-full size-full\" alt=\"\" loading=\"lazy\" srcset=\"https:\/\/tilk.bio\/wp-content\/uploads\/2021\/09\/skin-types.jpg 994w, https:\/\/tilk.bio\/wp-content\/uploads\/2021\/09\/skin-types-259x300.jpg 259w, https:\/\/tilk.bio\/wp-content\/uploads\/2021\/09\/skin-types-884x1024.jpg 884w\" sizes=\"auto, (max-width: 994px) 100vw, 994px\" \/><\/div><\/div><\/div><\/div><\/div><\/div><\/div><\/section><section class=\"l-section wpb_row skin-types-grid height_medium\"><div class=\"l-section-h i-cf\"><div class=\"g-cols vc_row via_flex valign_top type_default stacking_default\"><div class=\"vc_col-sm-12 wpb_column vc_column_container\"><div class=\"vc_column-inner\"><div class=\"wpb_wrapper\"><div class=\"g-cols wpb_row us_custom_2dbf7b3f via_flex valign_top type_default stacking_default\"><div class=\"vc_col-sm-3 wpb_column vc_column_container\"><div class=\"vc_column-inner\"><div class=\"wpb_wrapper\"><div class=\"w-image align_none\"><a title=\"K\u00fcps nahk\" href=\"https:\/\/tilk.bio\/et\/nahatuup\/kups-nahk\/\" aria-label=\"ageing-skin\" class=\"w-image-h\"><img decoding=\"async\" width=\"536\" height=\"532\" src=\"https:\/\/tilk.bio\/wp-content\/uploads\/2021\/09\/ageing-skin.png\" class=\"attachment-full size-full\" alt=\"\" loading=\"lazy\" srcset=\"https:\/\/tilk.bio\/wp-content\/uploads\/2021\/09\/ageing-skin.png 536w, https:\/\/tilk.bio\/wp-content\/uploads\/2021\/09\/ageing-skin-150x150.png 150w, https:\/\/tilk.bio\/wp-content\/uploads\/2021\/09\/ageing-skin-300x298.png 300w\" sizes=\"auto, (max-width: 536px) 100vw, 536px\" \/><\/a><\/div>[vc_custom_heading text=&#8221;Vananemisilmingutega nahk&#8221; font_container=&#8221;tag:h2|text_align:center&#8221; use_theme_fonts=&#8221;yes&#8221; link=&#8221;url:https%3A%2F%2Ftilk.bio%2Fet%2Fnahatuup%2Fkups-nahk%2F|title:K%C3%BCps%20nahk|&#8221;]<\/div><\/div><\/div><div class=\"vc_col-sm-3 wpb_column vc_column_container\"><div class=\"vc_column-inner\"><div class=\"wpb_wrapper\"><div class=\"w-image align_none\"><a title=\"Normaalne ja kombineeritud nahk\" href=\"https:\/\/tilk.bio\/et\/nahatuup\/kombineeritud-ja-normaalne-nahk\/\" aria-label=\"nahat\u00fc\u00fcp\" class=\"w-image-h\"><img decoding=\"async\" width=\"536\" height=\"532\" src=\"https:\/\/tilk.bio\/wp-content\/uploads\/2021\/09\/normal-skin.jpg\" class=\"attachment-full size-full\" alt=\"\" loading=\"lazy\" srcset=\"https:\/\/tilk.bio\/wp-content\/uploads\/2021\/09\/normal-skin.jpg 536w, https:\/\/tilk.bio\/wp-content\/uploads\/2021\/09\/normal-skin-150x150.jpg 150w, https:\/\/tilk.bio\/wp-content\/uploads\/2021\/09\/normal-skin-300x298.jpg 300w\" sizes=\"auto, (max-width: 536px) 100vw, 536px\" \/><\/a><\/div>[vc_custom_heading text=&#8221;Normaalne ja kombineeritud nahk&#8221; font_container=&#8221;tag:h2|text_align:center&#8221; use_theme_fonts=&#8221;yes&#8221; link=&#8221;url:https%3A%2F%2Ftilk.bio%2Fet%2Fnahatuup%2Fkombineeritud-ja-normaalne-nahk%2F|title:Normaalne%20ja%20kombineeritud%20nahk|&#8221;]<\/div><\/div><\/div><div class=\"vc_col-sm-3 wpb_column vc_column_container\"><div class=\"vc_column-inner\"><div class=\"wpb_wrapper\"><div class=\"w-image align_none\"><a title=\"Tundlik nahk\" href=\"https:\/\/tilk.bio\/et\/nahatuup\/tundlik-nahk\/\" aria-label=\"sensitive-skin\" class=\"w-image-h\"><img decoding=\"async\" width=\"536\" height=\"532\" src=\"https:\/\/tilk.bio\/wp-content\/uploads\/2021\/09\/sensitive-skin.jpg\" class=\"attachment-full size-full\" alt=\"\" loading=\"lazy\" srcset=\"https:\/\/tilk.bio\/wp-content\/uploads\/2021\/09\/sensitive-skin.jpg 536w, https:\/\/tilk.bio\/wp-content\/uploads\/2021\/09\/sensitive-skin-150x150.jpg 150w, https:\/\/tilk.bio\/wp-content\/uploads\/2021\/09\/sensitive-skin-300x298.jpg 300w\" sizes=\"auto, (max-width: 536px) 100vw, 536px\" \/><\/a><\/div>[vc_custom_heading text=&#8221;Tundlik nahk&#8221; font_container=&#8221;tag:h2|text_align:center&#8221; use_theme_fonts=&#8221;yes&#8221; link=&#8221;url:https%3A%2F%2Ftilk.bio%2Fet%2Fnahatuup%2Ftundlik-nahk%2F|title:Tundlik%20nahk|&#8221;]<\/div><\/div><\/div><div class=\"vc_col-sm-3 wpb_column vc_column_container\"><div class=\"vc_column-inner\"><div class=\"wpb_wrapper\"><div class=\"w-image align_none\"><a title=\"Rasune ja aknele kalduv nahk\" href=\"https:\/\/tilk.bio\/et\/nahatuup\/rasune-nahk\/\" aria-label=\"acne-oily-skin\" class=\"w-image-h\"><img decoding=\"async\" width=\"536\" height=\"532\" src=\"https:\/\/tilk.bio\/wp-content\/uploads\/2021\/09\/acne-oily-skin.jpg\" class=\"attachment-full size-full\" alt=\"\" loading=\"lazy\" srcset=\"https:\/\/tilk.bio\/wp-content\/uploads\/2021\/09\/acne-oily-skin.jpg 536w, https:\/\/tilk.bio\/wp-content\/uploads\/2021\/09\/acne-oily-skin-150x150.jpg 150w, https:\/\/tilk.bio\/wp-content\/uploads\/2021\/09\/acne-oily-skin-300x298.jpg 300w\" sizes=\"auto, (max-width: 536px) 100vw, 536px\" \/><\/a><\/div>[vc_custom_heading text=&#8221;Rasune ja aknele kalduv nahk&#8221; font_container=&#8221;tag:h2|text_align:center&#8221; use_theme_fonts=&#8221;yes&#8221; link=&#8221;url:https%3A%2F%2Ftilk.bio%2Fet%2Fnahatuup%2Frasune-akne-nahk%2F|title:Rasune%20ja%20aknele%20kalduv%20nahk&#8221;]<\/div><\/div><\/div><\/div><div class=\"g-cols wpb_row via_flex valign_top type_default stacking_default\"><div class=\"vc_col-sm-3 wpb_column vc_column_container\"><div class=\"vc_column-inner\"><div class=\"wpb_wrapper\"><div class=\"w-image align_none\"><a title=\"Mehele\" href=\"https:\/\/tilk.bio\/et\/nahatuup\/meeste-kreem\/\" aria-label=\"men-skin\" class=\"w-image-h\"><img decoding=\"async\" width=\"536\" height=\"532\" src=\"https:\/\/tilk.bio\/wp-content\/uploads\/2021\/09\/men-skin.jpg\" class=\"attachment-full size-full\" alt=\"\" loading=\"lazy\" srcset=\"https:\/\/tilk.bio\/wp-content\/uploads\/2021\/09\/men-skin.jpg 536w, https:\/\/tilk.bio\/wp-content\/uploads\/2021\/09\/men-skin-150x150.jpg 150w, https:\/\/tilk.bio\/wp-content\/uploads\/2021\/09\/men-skin-300x298.jpg 300w\" sizes=\"auto, (max-width: 536px) 100vw, 536px\" \/><\/a><\/div>[vc_custom_heading text=&#8221;Mehele&#8221; font_container=&#8221;tag:h2|text_align:center&#8221; use_theme_fonts=&#8221;yes&#8221; link=&#8221;url:https%3A%2F%2Ftilk.bio%2Fet%2Fnahatuup%2Fmeeste-kreem%2F|title:Mehele|&#8221;]<\/div><\/div><\/div><div class=\"vc_col-sm-3 wpb_column vc_column_container\"><div class=\"vc_column-inner\"><div class=\"wpb_wrapper\"><div class=\"w-image align_none\"><a title=\"Kehahooldus\" href=\"https:\/\/tilk.bio\/et\/nahatuup\/sinu-kaed\/\" aria-label=\"body-hands\" class=\"w-image-h\"><img decoding=\"async\" width=\"536\" height=\"532\" src=\"https:\/\/tilk.bio\/wp-content\/uploads\/2021\/09\/body-hands.jpg\" class=\"attachment-full size-full\" alt=\"\" loading=\"lazy\" srcset=\"https:\/\/tilk.bio\/wp-content\/uploads\/2021\/09\/body-hands.jpg 536w, https:\/\/tilk.bio\/wp-content\/uploads\/2021\/09\/body-hands-150x150.jpg 150w, https:\/\/tilk.bio\/wp-content\/uploads\/2021\/09\/body-hands-300x298.jpg 300w\" sizes=\"auto, (max-width: 536px) 100vw, 536px\" \/><\/a><\/div>[vc_custom_heading text=&#8221;Kehahooldus&#8221; font_container=&#8221;tag:h2|text_align:center&#8221; use_theme_fonts=&#8221;yes&#8221; link=&#8221;url:https%3A%2F%2Ftilk.bio%2Fet%2Fnahatuup%2Fsinu-kaed%2F|title:Kehahooldus|&#8221;]<\/div><\/div><\/div><div class=\"vc_col-sm-3 wpb_column vc_column_container\"><div class=\"vc_column-inner\"><div class=\"wpb_wrapper\"><div class=\"w-image align_none\"><a title=\"Kuiv nahk\" href=\"https:\/\/tilk.bio\/et\/nahatuup\/kuiv-nahk\/\" aria-label=\"dry-dehydrated-sking\" class=\"w-image-h\"><img decoding=\"async\" width=\"536\" height=\"534\" src=\"https:\/\/tilk.bio\/wp-content\/uploads\/2021\/09\/dry-dehydrated-sking.jpg\" class=\"attachment-full size-full\" alt=\"\" loading=\"lazy\" srcset=\"https:\/\/tilk.bio\/wp-content\/uploads\/2021\/09\/dry-dehydrated-sking.jpg 536w, https:\/\/tilk.bio\/wp-content\/uploads\/2021\/09\/dry-dehydrated-sking-150x150.jpg 150w, https:\/\/tilk.bio\/wp-content\/uploads\/2021\/09\/dry-dehydrated-sking-300x300.jpg 300w\" sizes=\"auto, (max-width: 536px) 100vw, 536px\" \/><\/a><\/div>[vc_custom_heading text=&#8221;Kuiv nahk&#8221; font_container=&#8221;tag:h2|text_align:center&#8221; use_theme_fonts=&#8221;yes&#8221; link=&#8221;url:https%3A%2F%2Ftilk.bio%2Fet%2Fnahatuup%2Fkuiv-nahk%2F|title:Kuiv%20nahk|&#8221;]<\/div><\/div><\/div><div class=\"vc_col-sm-3 wpb_column vc_column_container\"><div class=\"vc_column-inner\"><div class=\"wpb_wrapper\"><\/div><\/div><\/div><\/div><\/div><\/div><\/div><\/div><\/div><\/section>\n","protected":false},"excerpt":{"rendered":"Vali oma nahat\u00fc\u00fcbile sobiv tilk! kreem Milline on Sinu nahat\u00fc\u00fcp? Kas Sinu nahk on normaalne, kuiv, rasune, kombineeritud v\u00f5i hoopis tundlik? Oma nahat\u00fc\u00fcbile sobiva kreemi leidmine on oluline, sest see annab Sulle parima soovitud tulemuse. Kreemiretsepte koostades ja bioaktiivseid koostisosasid valides oleme arvesse v\u00f5tnud erinevate nahat\u00fc\u00fcpide vajadusi. See on oluline, et tagada toodete maksimaalne toime...","protected":false},"author":47,"featured_media":57329,"parent":0,"menu_order":0,"comment_status":"closed","ping_status":"closed","template":"","meta":{"_acf_changed":false,"footnotes":""},"class_list":["post-17623","page","type-page","status-publish","has-post-thumbnail","hentry"],"acf":[],"yoast_head":"<!-- This site is optimized with the Yoast SEO plugin v27.4 - https:\/\/yoast.com\/product\/yoast-seo-wordpress\/ -->\n<title>Sinu nahat\u00fc\u00fcp - Kuidas leida endale sobiv kreem?<\/title>\n<meta name=\"description\" content=\"Kas sul on normaalne, kuiv, rasune, kombineeritud v\u00f5i hoopis tundlik nahk? Leia oma nahat\u00fc\u00fcp, et valida sulle sobiv tilk! kreem.\" \/>\n<meta name=\"robots\" content=\"index, follow, max-snippet:-1, max-image-preview:large, max-video-preview:-1\" \/>\n<link rel=\"canonical\" href=\"https:\/\/tilk.bio\/et\/nahatuup\/\" \/>\n<meta property=\"og:locale\" content=\"et_EE\" \/>\n<meta property=\"og:type\" content=\"article\" \/>\n<meta property=\"og:title\" content=\"Sinu nahat\u00fc\u00fcp - Kuidas leida endale sobiv kreem?\" \/>\n<meta property=\"og:description\" content=\"Kas sul on normaalne, kuiv, rasune, kombineeritud v\u00f5i hoopis tundlik nahk? Soovitud tulemused aitab k\u00f5ige paremini saavutada just sinu nahat\u00fc\u00fcbile valmistatud toode. Leia oma nahat\u00fc\u00fcp, et valida sulle sobiv Tilk! kreem.\" \/>\n<meta property=\"og:url\" content=\"https:\/\/tilk.bio\/et\/nahatuup\/\" \/>\n<meta property=\"og:site_name\" content=\"Tilk!\" \/>\n<meta property=\"article:publisher\" content=\"https:\/\/www.facebook.com\/tilk.bio\/\" \/>\n<meta property=\"article:modified_time\" content=\"2023-03-09T00:28:36+00:00\" \/>\n<meta property=\"og:image\" content=\"https:\/\/tilk.bio\/wp-content\/uploads\/2022\/06\/nahatuupidepreview.jpg\" \/>\n\t<meta property=\"og:image:width\" content=\"1200\" \/>\n\t<meta property=\"og:image:height\" content=\"628\" \/>\n\t<meta property=\"og:image:type\" content=\"image\/jpeg\" \/>\n<meta name=\"twitter:card\" content=\"summary_large_image\" \/>\n<meta name=\"twitter:description\" content=\"Kas sul on normaalne, kuiv, rasune, kombineeritud v\u00f5i hoopis tundlik nahk? Soovitud tulemused aitab k\u00f5ige paremini saavutada just sinu nahat\u00fc\u00fcbile valmistatud toode. Leia oma nahat\u00fc\u00fcp, et valida sulle sobiv Tilk! kreem.\" \/>\n<meta name=\"twitter:image\" content=\"https:\/\/tilk.bio\/wp-content\/uploads\/2014\/11\/tilk-natural-skincare_5.jpg\" \/>\n<meta name=\"twitter:label1\" content=\"Est. reading time\" \/>\n\t<meta name=\"twitter:data1\" content=\"1 minut\" \/>\n<script type=\"application\/ld+json\" class=\"yoast-schema-graph\">{\"@context\":\"https:\\\/\\\/schema.org\",\"@graph\":[{\"@type\":\"WebPage\",\"@id\":\"https:\\\/\\\/tilk.bio\\\/et\\\/nahatuup\\\/\",\"url\":\"https:\\\/\\\/tilk.bio\\\/et\\\/nahatuup\\\/\",\"name\":\"Sinu nahat\u00fc\u00fcp - Kuidas leida endale sobiv kreem?\",\"isPartOf\":{\"@id\":\"https:\\\/\\\/tilk.bio\\\/et\\\/#website\"},\"primaryImageOfPage\":{\"@id\":\"https:\\\/\\\/tilk.bio\\\/et\\\/nahatuup\\\/#primaryimage\"},\"image\":{\"@id\":\"https:\\\/\\\/tilk.bio\\\/et\\\/nahatuup\\\/#primaryimage\"},\"thumbnailUrl\":\"https:\\\/\\\/tilk.bio\\\/wp-content\\\/uploads\\\/2021\\\/09\\\/normal-skin.jpg\",\"datePublished\":\"2016-09-01T18:07:09+00:00\",\"dateModified\":\"2023-03-09T00:28:36+00:00\",\"description\":\"Kas sul on normaalne, kuiv, rasune, kombineeritud v\u00f5i hoopis tundlik nahk? Leia oma nahat\u00fc\u00fcp, et valida sulle sobiv tilk! kreem.\",\"breadcrumb\":{\"@id\":\"https:\\\/\\\/tilk.bio\\\/et\\\/nahatuup\\\/#breadcrumb\"},\"inLanguage\":\"et\",\"potentialAction\":[{\"@type\":\"ReadAction\",\"target\":[\"https:\\\/\\\/tilk.bio\\\/et\\\/nahatuup\\\/\"]}]},{\"@type\":\"ImageObject\",\"inLanguage\":\"et\",\"@id\":\"https:\\\/\\\/tilk.bio\\\/et\\\/nahatuup\\\/#primaryimage\",\"url\":\"https:\\\/\\\/tilk.bio\\\/wp-content\\\/uploads\\\/2021\\\/09\\\/normal-skin.jpg\",\"contentUrl\":\"https:\\\/\\\/tilk.bio\\\/wp-content\\\/uploads\\\/2021\\\/09\\\/normal-skin.jpg\",\"width\":536,\"height\":532},{\"@type\":\"BreadcrumbList\",\"@id\":\"https:\\\/\\\/tilk.bio\\\/et\\\/nahatuup\\\/#breadcrumb\",\"itemListElement\":[{\"@type\":\"ListItem\",\"position\":1,\"name\":\"Home\",\"item\":\"https:\\\/\\\/tilk.bio\\\/et\\\/\"},{\"@type\":\"ListItem\",\"position\":2,\"name\":\"Sinu nahat\u00fc\u00fcp\"}]},{\"@type\":\"WebSite\",\"@id\":\"https:\\\/\\\/tilk.bio\\\/et\\\/#website\",\"url\":\"https:\\\/\\\/tilk.bio\\\/et\\\/\",\"name\":\"Tilk!\",\"description\":\"Keskkonnas\u00f5bralik ja j\u00e4tkusuutlik looduskosmeetika Saaremaalt.\",\"potentialAction\":[{\"@type\":\"SearchAction\",\"target\":{\"@type\":\"EntryPoint\",\"urlTemplate\":\"https:\\\/\\\/tilk.bio\\\/et\\\/?s={search_term_string}\"},\"query-input\":{\"@type\":\"PropertyValueSpecification\",\"valueRequired\":true,\"valueName\":\"search_term_string\"}}],\"inLanguage\":\"et\"}]}<\/script>\n<!-- \/ Yoast SEO plugin. -->","yoast_head_json":{"title":"Sinu nahat\u00fc\u00fcp - Kuidas leida endale sobiv kreem?","description":"Kas sul on normaalne, kuiv, rasune, kombineeritud v\u00f5i hoopis tundlik nahk? Leia oma nahat\u00fc\u00fcp, et valida sulle sobiv tilk! kreem.","robots":{"index":"index","follow":"follow","max-snippet":"max-snippet:-1","max-image-preview":"max-image-preview:large","max-video-preview":"max-video-preview:-1"},"canonical":"https:\/\/tilk.bio\/et\/nahatuup\/","og_locale":"et_EE","og_type":"article","og_title":"Sinu nahat\u00fc\u00fcp - Kuidas leida endale sobiv kreem?","og_description":"Kas sul on normaalne, kuiv, rasune, kombineeritud v\u00f5i hoopis tundlik nahk? Soovitud tulemused aitab k\u00f5ige paremini saavutada just sinu nahat\u00fc\u00fcbile valmistatud toode. Leia oma nahat\u00fc\u00fcp, et valida sulle sobiv Tilk! kreem.","og_url":"https:\/\/tilk.bio\/et\/nahatuup\/","og_site_name":"Tilk!","article_publisher":"https:\/\/www.facebook.com\/tilk.bio\/","article_modified_time":"2023-03-09T00:28:36+00:00","og_image":[{"width":1200,"height":628,"url":"https:\/\/tilk.bio\/wp-content\/uploads\/2022\/06\/nahatuupidepreview.jpg","type":"image\/jpeg"}],"twitter_card":"summary_large_image","twitter_description":"Kas sul on normaalne, kuiv, rasune, kombineeritud v\u00f5i hoopis tundlik nahk? Soovitud tulemused aitab k\u00f5ige paremini saavutada just sinu nahat\u00fc\u00fcbile valmistatud toode. Leia oma nahat\u00fc\u00fcp, et valida sulle sobiv Tilk! kreem.","twitter_image":"https:\/\/tilk.bio\/wp-content\/uploads\/2014\/11\/tilk-natural-skincare_5.jpg","twitter_misc":{"Est. reading time":"1 minut"},"schema":{"@context":"https:\/\/schema.org","@graph":[{"@type":"WebPage","@id":"https:\/\/tilk.bio\/et\/nahatuup\/","url":"https:\/\/tilk.bio\/et\/nahatuup\/","name":"Sinu nahat\u00fc\u00fcp - Kuidas leida endale sobiv kreem?","isPartOf":{"@id":"https:\/\/tilk.bio\/et\/#website"},"primaryImageOfPage":{"@id":"https:\/\/tilk.bio\/et\/nahatuup\/#primaryimage"},"image":{"@id":"https:\/\/tilk.bio\/et\/nahatuup\/#primaryimage"},"thumbnailUrl":"https:\/\/tilk.bio\/wp-content\/uploads\/2021\/09\/normal-skin.jpg","datePublished":"2016-09-01T18:07:09+00:00","dateModified":"2023-03-09T00:28:36+00:00","description":"Kas sul on normaalne, kuiv, rasune, kombineeritud v\u00f5i hoopis tundlik nahk? Leia oma nahat\u00fc\u00fcp, et valida sulle sobiv tilk! kreem.","breadcrumb":{"@id":"https:\/\/tilk.bio\/et\/nahatuup\/#breadcrumb"},"inLanguage":"et","potentialAction":[{"@type":"ReadAction","target":["https:\/\/tilk.bio\/et\/nahatuup\/"]}]},{"@type":"ImageObject","inLanguage":"et","@id":"https:\/\/tilk.bio\/et\/nahatuup\/#primaryimage","url":"https:\/\/tilk.bio\/wp-content\/uploads\/2021\/09\/normal-skin.jpg","contentUrl":"https:\/\/tilk.bio\/wp-content\/uploads\/2021\/09\/normal-skin.jpg","width":536,"height":532},{"@type":"BreadcrumbList","@id":"https:\/\/tilk.bio\/et\/nahatuup\/#breadcrumb","itemListElement":[{"@type":"ListItem","position":1,"name":"Home","item":"https:\/\/tilk.bio\/et\/"},{"@type":"ListItem","position":2,"name":"Sinu nahat\u00fc\u00fcp"}]},{"@type":"WebSite","@id":"https:\/\/tilk.bio\/et\/#website","url":"https:\/\/tilk.bio\/et\/","name":"Tilk!","description":"Keskkonnas\u00f5bralik ja j\u00e4tkusuutlik looduskosmeetika Saaremaalt.","potentialAction":[{"@type":"SearchAction","target":{"@type":"EntryPoint","urlTemplate":"https:\/\/tilk.bio\/et\/?s={search_term_string}"},"query-input":{"@type":"PropertyValueSpecification","valueRequired":true,"valueName":"search_term_string"}}],"inLanguage":"et"}]}},"_links":{"self":[{"href":"https:\/\/tilk.bio\/et\/wp-json\/wp\/v2\/pages\/17623","targetHints":{"allow":["GET"]}}],"collection":[{"href":"https:\/\/tilk.bio\/et\/wp-json\/wp\/v2\/pages"}],"about":[{"href":"https:\/\/tilk.bio\/et\/wp-json\/wp\/v2\/types\/page"}],"author":[{"embeddable":true,"href":"https:\/\/tilk.bio\/et\/wp-json\/wp\/v2\/users\/47"}],"replies":[{"embeddable":true,"href":"https:\/\/tilk.bio\/et\/wp-json\/wp\/v2\/comments?post=17623"}],"version-history":[{"count":0,"href":"https:\/\/tilk.bio\/et\/wp-json\/wp\/v2\/pages\/17623\/revisions"}],"wp:featuredmedia":[{"embeddable":true,"href":"https:\/\/tilk.bio\/et\/wp-json\/wp\/v2\/media\/57329"}],"wp:attachment":[{"href":"https:\/\/tilk.bio\/et\/wp-json\/wp\/v2\/media?parent=17623"}],"curies":[{"name":"wp","href":"https:\/\/api.w.org\/{rel}","templated":true}]}}