{"id":17626,"date":"2017-01-25T19:43:15","date_gmt":"2017-01-25T19:43:15","guid":{"rendered":"https:\/\/tilk.bio\/ostuinfo\/"},"modified":"2024-01-03T19:54:04","modified_gmt":"2024-01-03T17:54:04","slug":"ostuinfo","status":"publish","type":"page","link":"https:\/\/tilk.bio\/et\/ostuinfo\/","title":{"rendered":"Ostuinfo"},"content":{"rendered":"<section class=\"l-section wpb_row height_medium\"><div class=\"l-section-h i-cf\"><div class=\"g-cols vc_row via_flex valign_top type_default stacking_default\"><div class=\"vc_col-sm-12 wpb_column vc_column_container\"><div class=\"vc_column-inner\"><div class=\"wpb_wrapper\"><div class=\"w-tabs layout_ver navwidth_auto navpos_left style_default switch_click has_scrolling\" style=\"--sections-title-size:1em\"><div class=\"w-tabs-list items_4 align_none\"><div class=\"w-tabs-list-h\"><button class=\"w-tabs-item active\" aria-controls=\"content-p854\" aria-expanded=\"false\"><span class=\"w-tabs-item-title\">Tarne<\/span><\/button><button class=\"w-tabs-item\" aria-controls=\"content-f935\" aria-expanded=\"false\"><span class=\"w-tabs-item-title\">Maksed<\/span><\/button><button class=\"w-tabs-item\" aria-controls=\"content-i9fb\" aria-expanded=\"false\"><span class=\"w-tabs-item-title\">Tagastamine<\/span><\/button><button class=\"w-tabs-item\" aria-controls=\"content-gb05\" aria-expanded=\"false\"><span class=\"w-tabs-item-title\">Privaatsuspoliitika<\/span><\/button><\/div><\/div><div class=\"w-tabs-sections titles-align_none icon_chevron cpos_right\"><div class=\"w-tabs-section active\" id=\"p854\"><button class=\"w-tabs-section-header active\" aria-controls=\"content-p854\" aria-expanded=\"true\"><div class=\"w-tabs-section-title\">Tarne<\/div><div class=\"w-tabs-section-control\"><\/div><\/button><div  class=\"w-tabs-section-content\" id=\"content-p854\"><div class=\"w-tabs-section-content-h i-cf\"><div class=\"wpb_text_column\"><div class=\"wpb_wrapper\"><h1>Tarne<\/h1>\n<p>Toodete kohaletoimetamiseks Eestis kasutame Smartposti pakiautomaate ja pakk j\u00f5uab sinuni 3-5 t\u00f6\u00f6p\u00e4eva jooksul peale tellimuse esitamist.<\/p>\n<p>Rahvusvaheliste tellimuste kohalej\u00f5udmine s\u00f5ltub sinu asukohast. Euroopas j\u00f5uab pakk enamasti 5-10 p\u00e4eva jooksul, kaugemale v\u00f5ib kuluda 5-20 p\u00e4eva.<\/p>\n<p>Anname parima, et tellimus v\u00f5imalikult kiiresti sinuni j\u00f5uaks \u2013 Tilk! tooted on ootamist v\u00e4\u00e4rt!<\/p>\n<p>Kui Sa asud Eestis ja sinu tellimus on \u00fcle 50\u20ac, tuleb pakk kohale tasuta. Eestis tehtud alla 50\u20ac tellimustele lisandub transporditasu 2,99\u20ac, rahvusvahelistele ja alla 70\u20ac Soome saadetistele 9\u20ac paki kohta.<\/p>\n<\/div><\/div><\/div><\/div><\/div><div class=\"w-tabs-section\" id=\"f935\"><button class=\"w-tabs-section-header\" aria-controls=\"content-f935\" aria-expanded=\"false\"><div class=\"w-tabs-section-title\">Maksed<\/div><div class=\"w-tabs-section-control\"><\/div><\/button><div  class=\"w-tabs-section-content\" id=\"content-f935\"><div class=\"w-tabs-section-content-h i-cf\"><div class=\"wpb_text_column\"><div class=\"wpb_wrapper\"><p>Oma tellimuse eest saad tasuda endale sobival viisil:<\/p>\n<ul>\n<li>Pangalingiga Nordea, LHV, SEB v\u00f5i Swedpangast;<\/li>\n<li>Mastercard v\u00f5i VISA krediitkaardiga;<\/li>\n<li>Paypal abil.<\/li>\n<\/ul>\n<\/div><\/div><\/div><\/div><\/div><div class=\"w-tabs-section\" id=\"i9fb\"><button class=\"w-tabs-section-header\" aria-controls=\"content-i9fb\" aria-expanded=\"false\"><div class=\"w-tabs-section-title\">Tagastamine<\/div><div class=\"w-tabs-section-control\"><\/div><\/button><div  class=\"w-tabs-section-content\" id=\"content-i9fb\"><div class=\"w-tabs-section-content-h i-cf\"><div class=\"wpb_text_column\"><div class=\"wpb_wrapper\"><p>Tellisid vale toote? \u00c4ra muretse \u2013 meile on oluline, et sinu ostukogemus oleks meeldiv. Seet\u00f5ttu saad valesti tellitud toote 14 p\u00e4eva jooksul peale k\u00e4ttesaamist meile tagasi saata ning asendame selle uue tootega v\u00f5i tagastame ostusumma. Tagastatav toode peab olema avamata originaalpakendis ja tagastamise postikulu tasub ostja.<\/p>\n<p>Kirjuta meile fresh@tilk.bio ja anname sulle t\u00e4psed juhised toote tagastamiseks.<\/p>\n<p>Juhime sinu t\u00e4helepanu sellele, et me ei v\u00e4ljasta pakkidele j\u00e4lgimisnumbreid. Kui ootad oma pakki Euroopas juba \u00fcle 10 p\u00e4eva v\u00f5i mujal maailmas \u00fcle 20 p\u00e4eva, siis kirjuta palun meile fresh@tilk.bio.<\/p>\n<\/div><\/div><\/div><\/div><\/div><div class=\"w-tabs-section\" id=\"gb05\"><button class=\"w-tabs-section-header\" aria-controls=\"content-gb05\" aria-expanded=\"false\"><div class=\"w-tabs-section-title\">Privaatsuspoliitika<\/div><div class=\"w-tabs-section-control\"><\/div><\/button><div  class=\"w-tabs-section-content\" id=\"content-gb05\"><div class=\"w-tabs-section-content-h i-cf\"><div class=\"wpb_text_column\"><div class=\"wpb_wrapper\"><h2>Mida me sinu andmetega teeme?<\/h2>\n<p>Kui ostad midagi meie e-poest, k\u00fcsime tehingu vormistamiseks sinu andmeid, nagu nimi, aadress ja e-posti aadress jm. Kasutame kogutud infot ainult eesm\u00e4rgip\u00e4raselt ning kinnitame, et ei v\u00e4ljasta sinu andmeid kunagi kolmandatele isikutele ega ettev\u00f5tetele.<\/p>\n<h2>Luba andmete kasutamiseks<\/h2>\n<p>Kui edastad meile tellimust esitades, ostu vormistamisel, tasumisel, transpordi tellimisel v\u00f5i toote tagastamisel oma isiklikke andmeid, annad sellega meile n\u00f5usoleku nende andmete vastaval eesm\u00e4rgil kasutamiseks.<\/p>\n<h2>Andmete v\u00e4ljastamine<\/h2>\n<p>Sinu isiklikke andmeid v\u00f5ime v\u00e4ljastada vaid riigi- ja kohaliku omavalitsuse ametnikele seadusest tulenevate n\u00f5uete puhul.<\/p>\n<h2>Kolmandate osapoolte teenused<\/h2>\n<p>\u00dcldiselt kasutavad meie partneriteks olevad kolmandatest osapooltest teenusepakkujad enda poolt kogutud andmeid ainult oma teenuste pakkumiseks vajalikus ulatuses. Samas juhime su t\u00e4helepanu sellele, et m\u00f5nedel teenusepakkujatel, nagu pankadel ja teised maksetehingute vahendajatel, on oma privaatsustingimused, mis puudutavad nende poolt tehingute teostamiseks kogutavaid andmeid. M\u00f5ni teenusepakkuja v\u00f5ib asuda meist v\u00f5i sinust erinevas \u00f5igusruumis ja sellisel juhul alluvad selle teenusepakkujaga seotud tegevused vastava \u00f5igusruumi seadusandlusele. N\u00e4iteks juhul, kui sina oled Euroopas, aga tasud USA-s asuva maksetehingute vahendusteenuse abil.<\/p>\n<p>Kui lahkud Tilk! kodulehelt v\u00f5i sind suunatakse kolmanda osapoole veebilehele v\u00f5i rakendust kasutama, siis ei kehti enam siin kirjeldatud privaatsus- ja m\u00fc\u00fcgitingimused. Meie ei vastuta teiste veebilehtede privaatsustingimuste eest ja soovitame teil nendega tutvuda.<\/p>\n<h2>Turvalisus<\/h2>\n<p>Teeme k\u00f5ik endast oleneva, et kaitsta sinu isiklikke andmeid kadumise, varguse, soovimatu juurdep\u00e4\u00e4su, v\u00e4\u00e4rkasutuse, muutmise, avaldamise ja kahjustamise eest.<\/p>\n<h2>Teov\u00f5imelisus<\/h2>\n<p>Tilk! veebilehte kasutades ja veebipoest ostes kinnitad, et oled kehtiva seadusandluse m\u00f5istes teov\u00f5imeline. Teov\u00f5imetu v\u00f5i osalise teov\u00f5imega isiku tegevuse eest Tilk! veebilehel vastutab tema seaduslik esindaja (n\u00e4iteks alaealise eest lapsevanem).<\/p>\n<h2>Muutused privaatsustingimustes<\/h2>\n<p>J\u00e4tame endale \u00f5iguse vajadusel kirjeldatud privaatsustingimusi muuta, nii et palume sul need aeg-ajalt \u00fcle vaadata. Oluliste muudatuste ja uuenduste kohta anname siin eraldi teada. Muudatused hakkavad kehtima veebilehel avalikustamise hetkest.<\/p>\n<h2>K\u00fcsimused ja kontaktinfo<\/h2>\n<p>Kui soovid lisateavet meie poolt kogutud andmete kohta v\u00f5i enda andmeid muuta v\u00f5i kustutada, siis v\u00f5ta meiega palun \u00fchendust fresh@tilk.bio<\/p>\n<\/div><\/div><\/div><\/div><\/div><\/div><\/div><\/div><\/div><\/div><\/div><\/div><\/section>\n","protected":false},"excerpt":{"rendered":"TarneMaksedTagastaminePrivaatsuspoliitikaTarneTarne Toodete kohaletoimetamiseks Eestis kasutame Smartposti pakiautomaate ja pakk j\u00f5uab sinuni 3-5 t\u00f6\u00f6p\u00e4eva jooksul peale tellimuse esitamist. Rahvusvaheliste tellimuste kohalej\u00f5udmine s\u00f5ltub sinu asukohast. Euroopas j\u00f5uab pakk enamasti 5-10 p\u00e4eva jooksul, kaugemale v\u00f5ib kuluda 5-20 p\u00e4eva. Anname parima, et tellimus v\u00f5imalikult kiiresti sinuni j\u00f5uaks \u2013 Tilk! tooted on ootamist v\u00e4\u00e4rt! Kui Sa asud Eestis ja sinu...","protected":false},"author":1192,"featured_media":0,"parent":0,"menu_order":0,"comment_status":"closed","ping_status":"closed","template":"","meta":{"_acf_changed":false,"footnotes":""},"class_list":["post-17626","page","type-page","status-publish","hentry"],"acf":[],"yoast_head":"<!-- This site is optimized with the Yoast SEO plugin v27.4 - https:\/\/yoast.com\/product\/yoast-seo-wordpress\/ -->\n<title>Tilk! toodete tasuta tarne<\/title>\n<meta name=\"description\" content=\"Tasuta tarne!!! Kui Sinu tellimus on \u00fcle 45\u20ac, siis toome paki kohale tasuta. Tilk! toodete tarne vaid 2-3 t\u00f6\u00f6p\u00e4eva!\" \/>\n<meta name=\"robots\" content=\"index, follow, max-snippet:-1, max-image-preview:large, max-video-preview:-1\" \/>\n<link rel=\"canonical\" href=\"https:\/\/tilk.bio\/et\/ostuinfo\/\" \/>\n<meta property=\"og:locale\" content=\"et_EE\" \/>\n<meta property=\"og:type\" content=\"article\" \/>\n<meta property=\"og:title\" content=\"Tilk! toodete tasuta tarne\" \/>\n<meta property=\"og:description\" content=\"Tasuta tarne!!! Kui Sinu tellimus on \u00fcle 45\u20ac, siis toome paki kohale tasuta. Tilk! toodete tarne vaid 2-3 t\u00f6\u00f6p\u00e4eva!\" \/>\n<meta property=\"og:url\" content=\"https:\/\/tilk.bio\/et\/ostuinfo\/\" \/>\n<meta property=\"og:site_name\" content=\"Tilk!\" \/>\n<meta property=\"article:publisher\" content=\"https:\/\/www.facebook.com\/tilk.bio\/\" \/>\n<meta property=\"article:modified_time\" content=\"2024-01-03T17:54:04+00:00\" \/>\n<meta name=\"twitter:card\" content=\"summary_large_image\" \/>\n<meta name=\"twitter:label1\" content=\"Est. reading time\" \/>\n\t<meta name=\"twitter:data1\" content=\"3 minutit\" \/>\n<script type=\"application\/ld+json\" class=\"yoast-schema-graph\">{\"@context\":\"https:\\\/\\\/schema.org\",\"@graph\":[{\"@type\":\"WebPage\",\"@id\":\"https:\\\/\\\/tilk.bio\\\/et\\\/ostuinfo\\\/\",\"url\":\"https:\\\/\\\/tilk.bio\\\/et\\\/ostuinfo\\\/\",\"name\":\"Tilk! toodete tasuta tarne\",\"isPartOf\":{\"@id\":\"https:\\\/\\\/tilk.bio\\\/et\\\/#website\"},\"datePublished\":\"2017-01-25T19:43:15+00:00\",\"dateModified\":\"2024-01-03T17:54:04+00:00\",\"description\":\"Tasuta tarne!!! Kui Sinu tellimus on \u00fcle 45\u20ac, siis toome paki kohale tasuta. Tilk! toodete tarne vaid 2-3 t\u00f6\u00f6p\u00e4eva!\",\"breadcrumb\":{\"@id\":\"https:\\\/\\\/tilk.bio\\\/et\\\/ostuinfo\\\/#breadcrumb\"},\"inLanguage\":\"et\",\"potentialAction\":[{\"@type\":\"ReadAction\",\"target\":[\"https:\\\/\\\/tilk.bio\\\/et\\\/ostuinfo\\\/\"]}]},{\"@type\":\"BreadcrumbList\",\"@id\":\"https:\\\/\\\/tilk.bio\\\/et\\\/ostuinfo\\\/#breadcrumb\",\"itemListElement\":[{\"@type\":\"ListItem\",\"position\":1,\"name\":\"Home\",\"item\":\"https:\\\/\\\/tilk.bio\\\/et\\\/\"},{\"@type\":\"ListItem\",\"position\":2,\"name\":\"Ostuinfo\"}]},{\"@type\":\"WebSite\",\"@id\":\"https:\\\/\\\/tilk.bio\\\/et\\\/#website\",\"url\":\"https:\\\/\\\/tilk.bio\\\/et\\\/\",\"name\":\"Tilk!\",\"description\":\"Keskkonnas\u00f5bralik ja j\u00e4tkusuutlik looduskosmeetika Saaremaalt.\",\"potentialAction\":[{\"@type\":\"SearchAction\",\"target\":{\"@type\":\"EntryPoint\",\"urlTemplate\":\"https:\\\/\\\/tilk.bio\\\/et\\\/?s={search_term_string}\"},\"query-input\":{\"@type\":\"PropertyValueSpecification\",\"valueRequired\":true,\"valueName\":\"search_term_string\"}}],\"inLanguage\":\"et\"}]}<\/script>\n<!-- \/ Yoast SEO plugin. -->","yoast_head_json":{"title":"Tilk! toodete tasuta tarne","description":"Tasuta tarne!!! Kui Sinu tellimus on \u00fcle 45\u20ac, siis toome paki kohale tasuta. Tilk! toodete tarne vaid 2-3 t\u00f6\u00f6p\u00e4eva!","robots":{"index":"index","follow":"follow","max-snippet":"max-snippet:-1","max-image-preview":"max-image-preview:large","max-video-preview":"max-video-preview:-1"},"canonical":"https:\/\/tilk.bio\/et\/ostuinfo\/","og_locale":"et_EE","og_type":"article","og_title":"Tilk! toodete tasuta tarne","og_description":"Tasuta tarne!!! Kui Sinu tellimus on \u00fcle 45\u20ac, siis toome paki kohale tasuta. Tilk! toodete tarne vaid 2-3 t\u00f6\u00f6p\u00e4eva!","og_url":"https:\/\/tilk.bio\/et\/ostuinfo\/","og_site_name":"Tilk!","article_publisher":"https:\/\/www.facebook.com\/tilk.bio\/","article_modified_time":"2024-01-03T17:54:04+00:00","twitter_card":"summary_large_image","twitter_misc":{"Est. reading time":"3 minutit"},"schema":{"@context":"https:\/\/schema.org","@graph":[{"@type":"WebPage","@id":"https:\/\/tilk.bio\/et\/ostuinfo\/","url":"https:\/\/tilk.bio\/et\/ostuinfo\/","name":"Tilk! toodete tasuta tarne","isPartOf":{"@id":"https:\/\/tilk.bio\/et\/#website"},"datePublished":"2017-01-25T19:43:15+00:00","dateModified":"2024-01-03T17:54:04+00:00","description":"Tasuta tarne!!! Kui Sinu tellimus on \u00fcle 45\u20ac, siis toome paki kohale tasuta. Tilk! toodete tarne vaid 2-3 t\u00f6\u00f6p\u00e4eva!","breadcrumb":{"@id":"https:\/\/tilk.bio\/et\/ostuinfo\/#breadcrumb"},"inLanguage":"et","potentialAction":[{"@type":"ReadAction","target":["https:\/\/tilk.bio\/et\/ostuinfo\/"]}]},{"@type":"BreadcrumbList","@id":"https:\/\/tilk.bio\/et\/ostuinfo\/#breadcrumb","itemListElement":[{"@type":"ListItem","position":1,"name":"Home","item":"https:\/\/tilk.bio\/et\/"},{"@type":"ListItem","position":2,"name":"Ostuinfo"}]},{"@type":"WebSite","@id":"https:\/\/tilk.bio\/et\/#website","url":"https:\/\/tilk.bio\/et\/","name":"Tilk!","description":"Keskkonnas\u00f5bralik ja j\u00e4tkusuutlik looduskosmeetika Saaremaalt.","potentialAction":[{"@type":"SearchAction","target":{"@type":"EntryPoint","urlTemplate":"https:\/\/tilk.bio\/et\/?s={search_term_string}"},"query-input":{"@type":"PropertyValueSpecification","valueRequired":true,"valueName":"search_term_string"}}],"inLanguage":"et"}]}},"_links":{"self":[{"href":"https:\/\/tilk.bio\/et\/wp-json\/wp\/v2\/pages\/17626","targetHints":{"allow":["GET"]}}],"collection":[{"href":"https:\/\/tilk.bio\/et\/wp-json\/wp\/v2\/pages"}],"about":[{"href":"https:\/\/tilk.bio\/et\/wp-json\/wp\/v2\/types\/page"}],"author":[{"embeddable":true,"href":"https:\/\/tilk.bio\/et\/wp-json\/wp\/v2\/users\/1192"}],"replies":[{"embeddable":true,"href":"https:\/\/tilk.bio\/et\/wp-json\/wp\/v2\/comments?post=17626"}],"version-history":[{"count":0,"href":"https:\/\/tilk.bio\/et\/wp-json\/wp\/v2\/pages\/17626\/revisions"}],"wp:attachment":[{"href":"https:\/\/tilk.bio\/et\/wp-json\/wp\/v2\/media?parent=17626"}],"curies":[{"name":"wp","href":"https:\/\/api.w.org\/{rel}","templated":true}]}}