{"id":18105,"date":"2017-03-29T14:58:29","date_gmt":"2017-03-29T14:58:29","guid":{"rendered":"https:\/\/tilk.bio\/kontakt\/"},"modified":"2025-05-09T13:39:50","modified_gmt":"2025-05-09T10:39:50","slug":"kontakt","status":"publish","type":"page","link":"https:\/\/tilk.bio\/et\/kontakt\/","title":{"rendered":"Kontakt"},"content":{"rendered":"<section class=\"l-section wpb_row text-center height_medium\"><div class=\"l-section-h i-cf\"><div class=\"g-cols vc_row via_flex valign_top type_default stacking_default\"><div class=\"vc_col-sm-6 wpb_column vc_column_container\"><div class=\"vc_column-inner\"><div class=\"wpb_wrapper\"><div class=\"wpb_text_column\"><div class=\"wpb_wrapper\"><h2>Aitame Sul leida uued lemmikud nahahooldustooted.<\/h2>\n<p>Green Valley Ventures O\u00dc<\/p>\n<p>Reg. kood: 12431290<\/p>\n<p>KMKR: EE101723008<\/p>\n<p>A. Kitzbergi 10, 93814,<\/p>\n<p>Kuressaare, Eesti<\/p>\n<p>E-mail: fresh(at)tilk.bio<\/p>\n<p>Tel: +372 5255927<\/p>\n<\/div><\/div><\/div><\/div><\/div><div class=\"vc_col-sm-6 wpb_column vc_column_container\"><div class=\"vc_column-inner\"><div class=\"wpb_wrapper\"><div class=\"wpb_text_column\"><div class=\"wpb_wrapper\"><h2>Kirjuta meile<\/h2>\n<\/div><\/div><div class=\"wpb_text_column\"><div class=\"wpb_wrapper\">\n<div class=\"wpcf7 no-js\" id=\"wpcf7-f55788-o1\" lang=\"et\" dir=\"ltr\" data-wpcf7-id=\"55788\">\n<div class=\"screen-reader-response\"><p role=\"status\" aria-live=\"polite\" aria-atomic=\"true\"><\/p> <ul><\/ul><\/div>\n<form action=\"\/et\/wp-json\/wp\/v2\/pages\/18105#wpcf7-f55788-o1\" method=\"post\" class=\"wpcf7-form init\" aria-label=\"Contact form\" novalidate=\"novalidate\" data-status=\"init\">\n<fieldset class=\"hidden-fields-container\"><input type=\"hidden\" name=\"_wpcf7\" value=\"55788\" \/><input type=\"hidden\" name=\"_wpcf7_version\" value=\"6.1.5\" \/><input type=\"hidden\" name=\"_wpcf7_locale\" value=\"et\" \/><input type=\"hidden\" name=\"_wpcf7_unit_tag\" value=\"wpcf7-f55788-o1\" \/><input type=\"hidden\" name=\"_wpcf7_container_post\" value=\"0\" \/><input type=\"hidden\" name=\"_wpcf7_posted_data_hash\" value=\"\" \/>\n<\/fieldset>\n<p><label>Nimi*<br \/>\n<span class=\"wpcf7-form-control-wrap\" data-name=\"your-name\"><input size=\"40\" maxlength=\"400\" class=\"wpcf7-form-control wpcf7-text wpcf7-validates-as-required\" aria-required=\"true\" aria-invalid=\"false\" value=\"\" type=\"text\" name=\"your-name\" \/><\/span> <\/label>\n<\/p>\n<p><label>E-mail*<br \/>\n<span class=\"wpcf7-form-control-wrap\" data-name=\"your-email\"><input size=\"40\" maxlength=\"400\" class=\"wpcf7-form-control wpcf7-email wpcf7-validates-as-required wpcf7-text wpcf7-validates-as-email\" aria-required=\"true\" aria-invalid=\"false\" value=\"\" type=\"email\" name=\"your-email\" \/><\/span> <\/label>\n<\/p>\n<p><label>S\u00f5num*<br \/>\n<span class=\"wpcf7-form-control-wrap\" data-name=\"your-message\"><textarea cols=\"40\" rows=\"10\" maxlength=\"2000\" class=\"wpcf7-form-control wpcf7-textarea wpcf7-validates-as-required\" aria-required=\"true\" aria-invalid=\"false\" name=\"your-message\"><\/textarea><\/span> <\/label><br \/>\n<div class=\"cf7-cf-turnstile\" style=\"margin-top: 0px; margin-bottom: -15px;\"> <div id=\"cf-turnstile-cf7-4049052384\" class=\"cf-turnstile\" data-sitekey=\"0x4AAAAAACOcPnZ4v81xvfRo\" data-theme=\"light\" data-language=\"auto\" data-size=\"normal\" data-retry=\"auto\" data-retry-interval=\"1000\" data-refresh-expired=\"auto\" data-action=\"contact-form-7\" data-appearance=\"always\"><\/div> <script>document.addEventListener(\"DOMContentLoaded\", function() { setTimeout(function(){ var e=document.getElementById(\"cf-turnstile-cf7-4049052384\"); e&&!e.innerHTML.trim()&&(turnstile.remove(\"#cf-turnstile-cf7-4049052384\"), turnstile.render(\"#cf-turnstile-cf7-4049052384\", {sitekey:\"0x4AAAAAACOcPnZ4v81xvfRo\"})); }, 100); });<\/script> <br class=\"cf-turnstile-br cf-turnstile-br-cf7-4049052384\"> <style>#cf-turnstile-cf7-4049052384 { margin-left: -15px; }<\/style> <script>document.addEventListener(\"DOMContentLoaded\",function(){document.querySelectorAll('.wpcf7-form').forEach(function(e){e.addEventListener('submit',function(){if(document.getElementById('cf-turnstile-cf7-4049052384')){setTimeout(function(){turnstile.reset('#cf-turnstile-cf7-4049052384');},1000)}})})});<\/script> <\/div><br \/>\n<input class=\"wpcf7-form-control wpcf7-submit has-spinner\" type=\"submit\" value=\"Saada\" \/>\n<\/p><div class=\"wpcf7-response-output\" aria-hidden=\"true\"><\/div>\n<\/form>\n<\/div>\n\n<\/div><\/div><\/div><\/div><\/div><\/div><\/div><\/section><section class=\"l-section wpb_row height_medium\"><div class=\"l-section-h i-cf\"><div class=\"g-cols vc_row via_flex valign_top type_default stacking_default\"><div class=\"vc_col-sm-4 wpb_column vc_column_container\"><div class=\"vc_column-inner\"><div class=\"wpb_wrapper\"><div class=\"w-image align_none\"><div class=\"w-image-h\"><img decoding=\"async\" width=\"300\" height=\"174\" src=\"https:\/\/tilk.bio\/wp-content\/uploads\/2025\/05\/kaasrahastanud-el-kaksiklogod-est_hor_color-300x174.jpg\" class=\"attachment-medium size-medium\" alt=\"\" loading=\"lazy\" srcset=\"https:\/\/tilk.bio\/wp-content\/uploads\/2025\/05\/kaasrahastanud-el-kaksiklogod-est_hor_color-300x174.jpg 300w, https:\/\/tilk.bio\/wp-content\/uploads\/2025\/05\/kaasrahastanud-el-kaksiklogod-est_hor_color-1000x581.jpg 1000w, https:\/\/tilk.bio\/wp-content\/uploads\/2025\/05\/kaasrahastanud-el-kaksiklogod-est_hor_color.jpg 1022w\" sizes=\"auto, (max-width: 300px) 100vw, 300px\" \/><\/div><\/div><\/div><\/div><\/div><div class=\"vc_col-sm-4 wpb_column vc_column_container\"><div class=\"vc_column-inner\"><div class=\"wpb_wrapper\"><div class=\"wpb_text_column\"><div class=\"wpb_wrapper\"><p>Green Valley Ventures O\u00dc tegevust toetab Euroopa Regionaalarengu Fond 7 498,40 euroga, mille raames kaitstakse looduskosmeetika intellektuaalomand.<\/p>\n<\/div><\/div><\/div><\/div><\/div><div class=\"vc_col-sm-4 wpb_column vc_column_container\"><div class=\"vc_column-inner\"><div class=\"wpb_wrapper\"><\/div><\/div><\/div><\/div><\/div><\/section>\n","protected":false},"excerpt":{"rendered":"Aitame Sul leida uued lemmikud nahahooldustooted. Green Valley Ventures O\u00dc Reg. kood: 12431290 KMKR: EE101723008 A. Kitzbergi 10, 93814, Kuressaare, Eesti E-mail: fresh(at)tilk.bio Tel: +372 5255927 Kirjuta meile Nimi* E-mail* S\u00f5num* Green Valley Ventures O\u00dc tegevust toetab Euroopa Regionaalarengu Fond 7 498,40 euroga, mille raames kaitstakse looduskosmeetika intellektuaalomand.","protected":false},"author":1192,"featured_media":0,"parent":0,"menu_order":0,"comment_status":"closed","ping_status":"closed","template":"","meta":{"_acf_changed":false,"footnotes":""},"class_list":["post-18105","page","type-page","status-publish","hentry"],"acf":[],"yoast_head":"<!-- This site is optimized with the Yoast SEO plugin v27.4 - https:\/\/yoast.com\/product\/yoast-seo-wordpress\/ -->\n<title>V\u00f5ta meiega \u00fchendust - Tilk! bioaktiivsed nahahooldustooted<\/title>\n<meta name=\"description\" content=\"Tilk! juured on maailma serval, kohas, kuhu p\u00e4ike puhkama l\u00e4heb ja kust k\u00f5ik elav saab oma energia. Legendid kinnitavad, et see maagiline koht maailma serval \u2013 Ultima Thule \u2013 on Saaremaa. Siin on s\u00fcndinud ka meie naturaalsed ja v\u00e4rsked nahahooldustooted.\" \/>\n<meta name=\"robots\" content=\"index, follow, max-snippet:-1, max-image-preview:large, max-video-preview:-1\" \/>\n<link rel=\"canonical\" href=\"https:\/\/tilk.bio\/et\/kontakt\/\" \/>\n<meta property=\"og:locale\" content=\"et_EE\" \/>\n<meta property=\"og:type\" content=\"article\" \/>\n<meta property=\"og:title\" content=\"V\u00f5ta meiega \u00fchendust - Tilk! bioaktiivsed nahahooldustooted\" \/>\n<meta property=\"og:description\" content=\"Tilk! juured on maailma serval, kohas, kuhu p\u00e4ike puhkama l\u00e4heb ja kust k\u00f5ik elav saab oma energia. Legendid kinnitavad, et see maagiline koht maailma serval \u2013 Ultima Thule \u2013 on Saaremaa. Siin on s\u00fcndinud ka meie naturaalsed ja v\u00e4rsked nahahooldustooted.\" \/>\n<meta property=\"og:url\" content=\"https:\/\/tilk.bio\/et\/kontakt\/\" \/>\n<meta property=\"og:site_name\" content=\"Tilk!\" \/>\n<meta property=\"article:publisher\" content=\"https:\/\/www.facebook.com\/tilk.bio\/\" \/>\n<meta property=\"article:modified_time\" content=\"2025-05-09T10:39:50+00:00\" \/>\n<meta name=\"twitter:card\" content=\"summary_large_image\" \/>\n<meta name=\"twitter:description\" content=\"Tilk! juured on maailma serval, kohas, kuhu p\u00e4ike puhkama l\u00e4heb ja kust k\u00f5ik elav saab oma energia. Legendid kinnitavad, et see maagiline koht maailma serval \u2013 Ultima Thule \u2013 on Saaremaa. Siin on s\u00fcndinud ka meie naturaalsed ja v\u00e4rsked nahahooldustooted.\" \/>\n<meta name=\"twitter:label1\" content=\"Est. reading time\" \/>\n\t<meta name=\"twitter:data1\" content=\"1 minut\" \/>\n<script type=\"application\/ld+json\" class=\"yoast-schema-graph\">{\"@context\":\"https:\\\/\\\/schema.org\",\"@graph\":[{\"@type\":\"WebPage\",\"@id\":\"https:\\\/\\\/tilk.bio\\\/et\\\/kontakt\\\/\",\"url\":\"https:\\\/\\\/tilk.bio\\\/et\\\/kontakt\\\/\",\"name\":\"V\u00f5ta meiega \u00fchendust - Tilk! bioaktiivsed nahahooldustooted\",\"isPartOf\":{\"@id\":\"https:\\\/\\\/tilk.bio\\\/et\\\/#website\"},\"datePublished\":\"2017-03-29T14:58:29+00:00\",\"dateModified\":\"2025-05-09T10:39:50+00:00\",\"description\":\"Tilk! juured on maailma serval, kohas, kuhu p\u00e4ike puhkama l\u00e4heb ja kust k\u00f5ik elav saab oma energia. Legendid kinnitavad, et see maagiline koht maailma serval \u2013 Ultima Thule \u2013 on Saaremaa. Siin on s\u00fcndinud ka meie naturaalsed ja v\u00e4rsked nahahooldustooted.\",\"breadcrumb\":{\"@id\":\"https:\\\/\\\/tilk.bio\\\/et\\\/kontakt\\\/#breadcrumb\"},\"inLanguage\":\"et\",\"potentialAction\":[{\"@type\":\"ReadAction\",\"target\":[\"https:\\\/\\\/tilk.bio\\\/et\\\/kontakt\\\/\"]}]},{\"@type\":\"BreadcrumbList\",\"@id\":\"https:\\\/\\\/tilk.bio\\\/et\\\/kontakt\\\/#breadcrumb\",\"itemListElement\":[{\"@type\":\"ListItem\",\"position\":1,\"name\":\"Home\",\"item\":\"https:\\\/\\\/tilk.bio\\\/et\\\/\"},{\"@type\":\"ListItem\",\"position\":2,\"name\":\"Kontakt\"}]},{\"@type\":\"WebSite\",\"@id\":\"https:\\\/\\\/tilk.bio\\\/et\\\/#website\",\"url\":\"https:\\\/\\\/tilk.bio\\\/et\\\/\",\"name\":\"Tilk!\",\"description\":\"Keskkonnas\u00f5bralik ja j\u00e4tkusuutlik looduskosmeetika Saaremaalt.\",\"potentialAction\":[{\"@type\":\"SearchAction\",\"target\":{\"@type\":\"EntryPoint\",\"urlTemplate\":\"https:\\\/\\\/tilk.bio\\\/et\\\/?s={search_term_string}\"},\"query-input\":{\"@type\":\"PropertyValueSpecification\",\"valueRequired\":true,\"valueName\":\"search_term_string\"}}],\"inLanguage\":\"et\"}]}<\/script>\n<!-- \/ Yoast SEO plugin. -->","yoast_head_json":{"title":"V\u00f5ta meiega \u00fchendust - Tilk! bioaktiivsed nahahooldustooted","description":"Tilk! juured on maailma serval, kohas, kuhu p\u00e4ike puhkama l\u00e4heb ja kust k\u00f5ik elav saab oma energia. Legendid kinnitavad, et see maagiline koht maailma serval \u2013 Ultima Thule \u2013 on Saaremaa. Siin on s\u00fcndinud ka meie naturaalsed ja v\u00e4rsked nahahooldustooted.","robots":{"index":"index","follow":"follow","max-snippet":"max-snippet:-1","max-image-preview":"max-image-preview:large","max-video-preview":"max-video-preview:-1"},"canonical":"https:\/\/tilk.bio\/et\/kontakt\/","og_locale":"et_EE","og_type":"article","og_title":"V\u00f5ta meiega \u00fchendust - Tilk! bioaktiivsed nahahooldustooted","og_description":"Tilk! juured on maailma serval, kohas, kuhu p\u00e4ike puhkama l\u00e4heb ja kust k\u00f5ik elav saab oma energia. Legendid kinnitavad, et see maagiline koht maailma serval \u2013 Ultima Thule \u2013 on Saaremaa. Siin on s\u00fcndinud ka meie naturaalsed ja v\u00e4rsked nahahooldustooted.","og_url":"https:\/\/tilk.bio\/et\/kontakt\/","og_site_name":"Tilk!","article_publisher":"https:\/\/www.facebook.com\/tilk.bio\/","article_modified_time":"2025-05-09T10:39:50+00:00","twitter_card":"summary_large_image","twitter_description":"Tilk! juured on maailma serval, kohas, kuhu p\u00e4ike puhkama l\u00e4heb ja kust k\u00f5ik elav saab oma energia. Legendid kinnitavad, et see maagiline koht maailma serval \u2013 Ultima Thule \u2013 on Saaremaa. Siin on s\u00fcndinud ka meie naturaalsed ja v\u00e4rsked nahahooldustooted.","twitter_misc":{"Est. reading time":"1 minut"},"schema":{"@context":"https:\/\/schema.org","@graph":[{"@type":"WebPage","@id":"https:\/\/tilk.bio\/et\/kontakt\/","url":"https:\/\/tilk.bio\/et\/kontakt\/","name":"V\u00f5ta meiega \u00fchendust - Tilk! bioaktiivsed nahahooldustooted","isPartOf":{"@id":"https:\/\/tilk.bio\/et\/#website"},"datePublished":"2017-03-29T14:58:29+00:00","dateModified":"2025-05-09T10:39:50+00:00","description":"Tilk! juured on maailma serval, kohas, kuhu p\u00e4ike puhkama l\u00e4heb ja kust k\u00f5ik elav saab oma energia. Legendid kinnitavad, et see maagiline koht maailma serval \u2013 Ultima Thule \u2013 on Saaremaa. Siin on s\u00fcndinud ka meie naturaalsed ja v\u00e4rsked nahahooldustooted.","breadcrumb":{"@id":"https:\/\/tilk.bio\/et\/kontakt\/#breadcrumb"},"inLanguage":"et","potentialAction":[{"@type":"ReadAction","target":["https:\/\/tilk.bio\/et\/kontakt\/"]}]},{"@type":"BreadcrumbList","@id":"https:\/\/tilk.bio\/et\/kontakt\/#breadcrumb","itemListElement":[{"@type":"ListItem","position":1,"name":"Home","item":"https:\/\/tilk.bio\/et\/"},{"@type":"ListItem","position":2,"name":"Kontakt"}]},{"@type":"WebSite","@id":"https:\/\/tilk.bio\/et\/#website","url":"https:\/\/tilk.bio\/et\/","name":"Tilk!","description":"Keskkonnas\u00f5bralik ja j\u00e4tkusuutlik looduskosmeetika Saaremaalt.","potentialAction":[{"@type":"SearchAction","target":{"@type":"EntryPoint","urlTemplate":"https:\/\/tilk.bio\/et\/?s={search_term_string}"},"query-input":{"@type":"PropertyValueSpecification","valueRequired":true,"valueName":"search_term_string"}}],"inLanguage":"et"}]}},"_links":{"self":[{"href":"https:\/\/tilk.bio\/et\/wp-json\/wp\/v2\/pages\/18105","targetHints":{"allow":["GET"]}}],"collection":[{"href":"https:\/\/tilk.bio\/et\/wp-json\/wp\/v2\/pages"}],"about":[{"href":"https:\/\/tilk.bio\/et\/wp-json\/wp\/v2\/types\/page"}],"author":[{"embeddable":true,"href":"https:\/\/tilk.bio\/et\/wp-json\/wp\/v2\/users\/1192"}],"replies":[{"embeddable":true,"href":"https:\/\/tilk.bio\/et\/wp-json\/wp\/v2\/comments?post=18105"}],"version-history":[{"count":0,"href":"https:\/\/tilk.bio\/et\/wp-json\/wp\/v2\/pages\/18105\/revisions"}],"wp:attachment":[{"href":"https:\/\/tilk.bio\/et\/wp-json\/wp\/v2\/media?parent=18105"}],"curies":[{"name":"wp","href":"https:\/\/api.w.org\/{rel}","templated":true}]}}