{"id":18142,"date":"2017-03-31T00:43:30","date_gmt":"2017-03-31T00:43:30","guid":{"rendered":"https:\/\/tilk.bio\/meie-lugu\/"},"modified":"2025-04-23T20:52:06","modified_gmt":"2025-04-23T17:52:06","slug":"pille-lengi-lugu","status":"publish","type":"page","link":"https:\/\/tilk.bio\/et\/pille-lengi-lugu\/","title":{"rendered":"Minu lugu"},"content":{"rendered":"<section class=\"l-section wpb_row us_custom_19737bc8 text-content height_medium\"><div class=\"l-section-h i-cf\"><div class=\"g-cols vc_row via_flex valign_top type_default stacking_default\"><div class=\"vc_col-sm-6 wpb_column vc_column_container\"><div class=\"vc_column-inner\"><div class=\"wpb_wrapper\"><div class=\"wpb_text_column\"><div class=\"wpb_wrapper\"><h1>tilk! looduskosmeetika lugu<\/h1>\n<p>tilk! on Eesti looduskosmeetika br\u00e4nd, mis sai alguse reisimisest. Olen mitmek\u00fclgne maailmaavastaja, kes armastab matkata m\u00e4gedes, veeta aega rannas ning avastada suurlinnu. Ajapikku hakkasin m\u00e4rkama, et kiire elutempo suurlinnades, saastunud \u00f5hk, j\u00e4rsud kliimamuutused, ajavahe ja lennuki konditsioneeritud \u00f5hk m\u00f5juvad halvasti minu kehale ning nahale. Lahendust pakkus looduskosmeetika.<\/p>\n<p>Aastatel 2011-2013 Pekingis elades puutusin kokku Hiina meditsiiniga ja 100% looduslike \u00f5lidega. Sellest kogemusest ja isiklikust vajadusest inspireerituna l\u00f5in looduskosmeetika ja nahahooldussarja tilk!, et v\u00f5iksin ennast igal reisil h\u00e4sti tunda. N\u00fc\u00fcd saan olla muretu oma naha seisukorra suhtes, kus iganes ma ka ei viibiks, sest mul on iga kliima jaoks sobiv kreem. Ja tuleb kasuks, et tooted on esteetilises disainpakendis, mida on mugav k\u00f5ikjale kaasa v\u00f5tta, sh lennukisse.<\/p>\n<p>Need v\u00e4rsked ja vahused kreemid sisaldavad endas parimaid looduslikke koostisosasid nii laiast maailmast kui ka kodusaarelt Saaremaalt. Pereliikmete ja s\u00f5prade abiga korjame kevadel ning suvel Saaremaal v\u00e4ekaid taimi, mida kreemide valmistamisel kasutame. K\u00f5ik kreemid on valmistatud 100% looduslikest koostisosadest ning need on parabeeni- ja mineraal\u00f5lidevabad ning neid ei ole katsetatud loomade peal. tilk! looduskosmeetika on minu viis eksportida Eestimaa puhast loodust ja \u00f6koriigi mainet laia maailma. Avasta Eesti looduskosmeetika v\u00f5lud!<\/p>\n<p>Pille Lengi<br \/>\ntilk! br\u00e4ndi asutaja &amp; skincoach<\/p>\n<p>Vajad abi sobiva toote valimisel? Kasuta meie skincoach\u2019i teenust ja <a href=\"https:\/\/tilk.bio\/et\/skincoach\/\"><strong>v\u00f5ta \u00fchendust.<\/strong><\/a><\/p>\n<\/div><\/div><\/div><\/div><\/div><div class=\"vc_col-sm-6 wpb_column vc_column_container\"><div class=\"vc_column-inner\"><div class=\"wpb_wrapper\"><div class=\"w-separator size_small\"><\/div><div class=\"w-image has_ratio align_none\"><div class=\"w-image-h\"><div style=\"padding-bottom:133.3333%\"><\/div><img decoding=\"async\" width=\"683\" height=\"1024\" src=\"https:\/\/tilk.bio\/wp-content\/uploads\/2024\/09\/20240829-_E4R6809-683x1024.jpg\" class=\"attachment-large size-large\" alt=\"\" loading=\"lazy\" \/><\/div><\/div><div class=\"w-separator size_medium\"><\/div><div class=\"w-image has_ratio align_none\"><div class=\"w-image-h\"><div style=\"padding-bottom:133.3333%\"><\/div><img decoding=\"async\" width=\"683\" height=\"1024\" src=\"https:\/\/tilk.bio\/wp-content\/uploads\/2024\/09\/20240829-_E4R6801-683x1024.jpg\" class=\"attachment-large size-large\" alt=\"\" loading=\"lazy\" \/><\/div><\/div><\/div><\/div><\/div><\/div><\/div><\/section><section class=\"l-section wpb_row height_medium\"><div class=\"l-section-h i-cf\"><div class=\"g-cols vc_row via_flex valign_top type_default stacking_default\"><div class=\"vc_col-sm-12 wpb_column vc_column_container\"><div class=\"vc_column-inner\"><div class=\"wpb_wrapper\"><\/div><\/div><\/div><\/div><\/div><\/section>\n","protected":false},"excerpt":{"rendered":"tilk! looduskosmeetika lugu tilk! on Eesti looduskosmeetika br\u00e4nd, mis sai alguse reisimisest. Olen mitmek\u00fclgne maailmaavastaja, kes armastab matkata m\u00e4gedes, veeta aega rannas ning avastada suurlinnu. Ajapikku hakkasin m\u00e4rkama, et kiire elutempo suurlinnades, saastunud \u00f5hk, j\u00e4rsud kliimamuutused, ajavahe ja lennuki konditsioneeritud \u00f5hk m\u00f5juvad halvasti minu kehale ning nahale. Lahendust pakkus looduskosmeetika. Aastatel 2011-2013 Pekingis elades puutusin...","protected":false},"author":2,"featured_media":0,"parent":0,"menu_order":0,"comment_status":"closed","ping_status":"closed","template":"","meta":{"_acf_changed":false,"footnotes":""},"class_list":["post-18142","page","type-page","status-publish","hentry"],"acf":[],"yoast_head":"<!-- This site is optimized with the Yoast SEO plugin v27.3 - https:\/\/yoast.com\/product\/yoast-seo-wordpress\/ -->\n<title>Miks Pille Lengi alustas Eesti kosmeetika br\u00e4ndiga?<\/title>\n<meta name=\"description\" content=\"Tilk! on Eesti looduskosmeetika br\u00e4nd, mis sai alguse reisimisest. Pille Lengi maailmaavastaja, kes armastab matkata m\u00e4gedes, veeta aega...\" \/>\n<meta name=\"robots\" content=\"index, follow, max-snippet:-1, max-image-preview:large, max-video-preview:-1\" \/>\n<link rel=\"canonical\" href=\"https:\/\/tilk.bio\/et\/pille-lengi-lugu\/\" \/>\n<meta property=\"og:locale\" content=\"et_EE\" \/>\n<meta property=\"og:type\" content=\"article\" \/>\n<meta property=\"og:title\" content=\"Tilk! looduskosmeetika lugu\" \/>\n<meta property=\"og:description\" content=\"Tilk! brand was born from travelling. I am a world-loving wanderluster who loves hiking in mountains, spend time at beaches and explore metropolises. Over the time I started to notice that fast pace lifestyle in big cities, polluted air, rapid climate changes, time difference and airplanes\u2019 overconditioned air affect my skin and body horribly.\" \/>\n<meta property=\"og:url\" content=\"https:\/\/tilk.bio\/et\/pille-lengi-lugu\/\" \/>\n<meta property=\"og:site_name\" content=\"Tilk!\" \/>\n<meta property=\"article:publisher\" content=\"https:\/\/www.facebook.com\/tilk.bio\/\" \/>\n<meta property=\"article:modified_time\" content=\"2025-04-23T17:52:06+00:00\" \/>\n<meta property=\"og:image\" content=\"https:\/\/tilk.bio\/wp-content\/uploads\/2022\/01\/Pille-Leng-1.jpg\" \/>\n\t<meta property=\"og:image:width\" content=\"750\" \/>\n\t<meta property=\"og:image:height\" content=\"798\" \/>\n\t<meta property=\"og:image:type\" content=\"image\/jpeg\" \/>\n<meta name=\"twitter:card\" content=\"summary_large_image\" \/>\n<meta name=\"twitter:label1\" content=\"Est. reading time\" \/>\n\t<meta name=\"twitter:data1\" content=\"1 minut\" \/>\n<script type=\"application\/ld+json\" class=\"yoast-schema-graph\">{\"@context\":\"https:\\\/\\\/schema.org\",\"@graph\":[{\"@type\":\"WebPage\",\"@id\":\"https:\\\/\\\/tilk.bio\\\/et\\\/pille-lengi-lugu\\\/\",\"url\":\"https:\\\/\\\/tilk.bio\\\/et\\\/pille-lengi-lugu\\\/\",\"name\":\"Miks Pille Lengi alustas Eesti kosmeetika br\u00e4ndiga?\",\"isPartOf\":{\"@id\":\"https:\\\/\\\/tilk.bio\\\/et\\\/#website\"},\"datePublished\":\"2017-03-31T00:43:30+00:00\",\"dateModified\":\"2025-04-23T17:52:06+00:00\",\"description\":\"Tilk! on Eesti looduskosmeetika br\u00e4nd, mis sai alguse reisimisest. Pille Lengi maailmaavastaja, kes armastab matkata m\u00e4gedes, veeta aega...\",\"breadcrumb\":{\"@id\":\"https:\\\/\\\/tilk.bio\\\/et\\\/pille-lengi-lugu\\\/#breadcrumb\"},\"inLanguage\":\"et\",\"potentialAction\":[{\"@type\":\"ReadAction\",\"target\":[\"https:\\\/\\\/tilk.bio\\\/et\\\/pille-lengi-lugu\\\/\"]}]},{\"@type\":\"BreadcrumbList\",\"@id\":\"https:\\\/\\\/tilk.bio\\\/et\\\/pille-lengi-lugu\\\/#breadcrumb\",\"itemListElement\":[{\"@type\":\"ListItem\",\"position\":1,\"name\":\"Home\",\"item\":\"https:\\\/\\\/tilk.bio\\\/et\\\/\"},{\"@type\":\"ListItem\",\"position\":2,\"name\":\"Minu lugu\"}]},{\"@type\":\"WebSite\",\"@id\":\"https:\\\/\\\/tilk.bio\\\/et\\\/#website\",\"url\":\"https:\\\/\\\/tilk.bio\\\/et\\\/\",\"name\":\"Tilk!\",\"description\":\"Keskkonnas\u00f5bralik ja j\u00e4tkusuutlik looduskosmeetika Saaremaalt.\",\"potentialAction\":[{\"@type\":\"SearchAction\",\"target\":{\"@type\":\"EntryPoint\",\"urlTemplate\":\"https:\\\/\\\/tilk.bio\\\/et\\\/?s={search_term_string}\"},\"query-input\":{\"@type\":\"PropertyValueSpecification\",\"valueRequired\":true,\"valueName\":\"search_term_string\"}}],\"inLanguage\":\"et\"}]}<\/script>\n<!-- \/ Yoast SEO plugin. -->","yoast_head_json":{"title":"Miks Pille Lengi alustas Eesti kosmeetika br\u00e4ndiga?","description":"Tilk! on Eesti looduskosmeetika br\u00e4nd, mis sai alguse reisimisest. Pille Lengi maailmaavastaja, kes armastab matkata m\u00e4gedes, veeta aega...","robots":{"index":"index","follow":"follow","max-snippet":"max-snippet:-1","max-image-preview":"max-image-preview:large","max-video-preview":"max-video-preview:-1"},"canonical":"https:\/\/tilk.bio\/et\/pille-lengi-lugu\/","og_locale":"et_EE","og_type":"article","og_title":"Tilk! looduskosmeetika lugu","og_description":"Tilk! brand was born from travelling. I am a world-loving wanderluster who loves hiking in mountains, spend time at beaches and explore metropolises. Over the time I started to notice that fast pace lifestyle in big cities, polluted air, rapid climate changes, time difference and airplanes\u2019 overconditioned air affect my skin and body horribly.","og_url":"https:\/\/tilk.bio\/et\/pille-lengi-lugu\/","og_site_name":"Tilk!","article_publisher":"https:\/\/www.facebook.com\/tilk.bio\/","article_modified_time":"2025-04-23T17:52:06+00:00","og_image":[{"width":750,"height":798,"url":"https:\/\/tilk.bio\/wp-content\/uploads\/2022\/01\/Pille-Leng-1.jpg","type":"image\/jpeg"}],"twitter_card":"summary_large_image","twitter_misc":{"Est. reading time":"1 minut"},"schema":{"@context":"https:\/\/schema.org","@graph":[{"@type":"WebPage","@id":"https:\/\/tilk.bio\/et\/pille-lengi-lugu\/","url":"https:\/\/tilk.bio\/et\/pille-lengi-lugu\/","name":"Miks Pille Lengi alustas Eesti kosmeetika br\u00e4ndiga?","isPartOf":{"@id":"https:\/\/tilk.bio\/et\/#website"},"datePublished":"2017-03-31T00:43:30+00:00","dateModified":"2025-04-23T17:52:06+00:00","description":"Tilk! on Eesti looduskosmeetika br\u00e4nd, mis sai alguse reisimisest. Pille Lengi maailmaavastaja, kes armastab matkata m\u00e4gedes, veeta aega...","breadcrumb":{"@id":"https:\/\/tilk.bio\/et\/pille-lengi-lugu\/#breadcrumb"},"inLanguage":"et","potentialAction":[{"@type":"ReadAction","target":["https:\/\/tilk.bio\/et\/pille-lengi-lugu\/"]}]},{"@type":"BreadcrumbList","@id":"https:\/\/tilk.bio\/et\/pille-lengi-lugu\/#breadcrumb","itemListElement":[{"@type":"ListItem","position":1,"name":"Home","item":"https:\/\/tilk.bio\/et\/"},{"@type":"ListItem","position":2,"name":"Minu lugu"}]},{"@type":"WebSite","@id":"https:\/\/tilk.bio\/et\/#website","url":"https:\/\/tilk.bio\/et\/","name":"Tilk!","description":"Keskkonnas\u00f5bralik ja j\u00e4tkusuutlik looduskosmeetika Saaremaalt.","potentialAction":[{"@type":"SearchAction","target":{"@type":"EntryPoint","urlTemplate":"https:\/\/tilk.bio\/et\/?s={search_term_string}"},"query-input":{"@type":"PropertyValueSpecification","valueRequired":true,"valueName":"search_term_string"}}],"inLanguage":"et"}]}},"_links":{"self":[{"href":"https:\/\/tilk.bio\/et\/wp-json\/wp\/v2\/pages\/18142","targetHints":{"allow":["GET"]}}],"collection":[{"href":"https:\/\/tilk.bio\/et\/wp-json\/wp\/v2\/pages"}],"about":[{"href":"https:\/\/tilk.bio\/et\/wp-json\/wp\/v2\/types\/page"}],"author":[{"embeddable":true,"href":"https:\/\/tilk.bio\/et\/wp-json\/wp\/v2\/users\/2"}],"replies":[{"embeddable":true,"href":"https:\/\/tilk.bio\/et\/wp-json\/wp\/v2\/comments?post=18142"}],"version-history":[{"count":0,"href":"https:\/\/tilk.bio\/et\/wp-json\/wp\/v2\/pages\/18142\/revisions"}],"wp:attachment":[{"href":"https:\/\/tilk.bio\/et\/wp-json\/wp\/v2\/media?parent=18142"}],"curies":[{"name":"wp","href":"https:\/\/api.w.org\/{rel}","templated":true}]}}