{"id":29323,"date":"2019-05-06T11:01:58","date_gmt":"2019-05-06T11:01:58","guid":{"rendered":"https:\/\/tilk.bio\/?page_id=29323"},"modified":"2024-10-27T01:08:22","modified_gmt":"2024-10-26T22:08:22","slug":"edasimuujad","status":"publish","type":"page","link":"https:\/\/tilk.bio\/et\/edasimuujad\/","title":{"rendered":"Edasim\u00fc\u00fcjad"},"content":{"rendered":"<section class=\"l-section wpb_row us_custom_b19512da text-center height_medium\"><div class=\"l-section-h i-cf\"><div class=\"g-cols vc_row via_flex valign_top type_default stacking_default\"><div class=\"vc_col-sm-12 wpb_column vc_column_container\"><div class=\"vc_column-inner us_custom_f5e7b1a1\"><div class=\"wpb_wrapper\"><div class=\"wpb_text_column us_custom_1fbf4479\"><div class=\"wpb_wrapper\"><h1 style=\"text-align: center;\">Edasim\u00fc\u00fcjad<\/h1>\n<\/div><\/div><div class=\"g-cols wpb_row us_custom_4f24afa8 via_flex valign_top type_default stacking_default\"><div class=\"vc_col-sm-3 wpb_column vc_column_container\"><div class=\"vc_column-inner\"><div class=\"wpb_wrapper\"><div class=\"wpb_text_column\"><div class=\"wpb_wrapper\"><p><strong>Tallinna Kaubamaja<\/strong><\/p>\n<p>Gonsiori 2<\/p>\n<\/div><\/div><\/div><\/div><\/div><div class=\"vc_col-sm-3 wpb_column vc_column_container\"><div class=\"vc_column-inner\"><div class=\"wpb_wrapper\"><div class=\"wpb_text_column\"><div class=\"wpb_wrapper\"><p><strong>PARIM VALIK TOOTEID:<\/strong><\/p>\n<p><strong>tilk! kontor<\/strong><\/p>\n<p>P\u00e4rnu maantee 142, Tallinn (eelneval kokkuleppel)<\/p>\n<\/div><\/div><\/div><\/div><\/div><div class=\"vc_col-sm-3 wpb_column vc_column_container\"><div class=\"vc_column-inner\"><div class=\"wpb_wrapper\"><div class=\"wpb_text_column\"><div class=\"wpb_wrapper\"><p><b>ILMA POOD<\/b><\/p>\n<p>Telliskivi<\/p>\n<\/div><\/div><\/div><\/div><\/div><div class=\"vc_col-sm-3 wpb_column vc_column_container\"><div class=\"vc_column-inner\"><div class=\"wpb_wrapper\"><div class=\"wpb_text_column\"><div class=\"wpb_wrapper\"><p><strong>Raeapteek<\/strong><\/p>\n<p>Raekoja plats 11<br \/>\nTallinn<\/p>\n<\/div><\/div><\/div><\/div><\/div><\/div><div class=\"g-cols wpb_row us_custom_70facfb4 via_flex valign_top type_default stacking_default\"><div class=\"vc_col-sm-3 wpb_column vc_column_container\"><div class=\"vc_column-inner\"><div class=\"wpb_wrapper\"><div class=\"wpb_text_column\"><div class=\"wpb_wrapper\"><p><strong>Tradehouse<\/strong><\/p>\n<p>Nautica ja Peterburi tee<br \/>\nTartu Kvartal<\/p>\n<\/div><\/div><\/div><\/div><\/div><div class=\"vc_col-sm-3 wpb_column vc_column_container\"><div class=\"vc_column-inner\"><div class=\"wpb_wrapper\"><div class=\"wpb_text_column\"><div class=\"wpb_wrapper\"><p><a href=\"https:\/\/www.facebook.com\/saaremaakaubamaja\/\"><strong>SAAREMAA KAUBAMAJA<\/strong><\/a><\/p>\n<p>Raekoja 1<br \/>\nKuressaare<\/p>\n<\/div><\/div><\/div><\/div><\/div><\/div><div class=\"g-cols wpb_row us_custom_70facfb4 via_flex valign_top type_default stacking_default\"><div class=\"vc_col-sm-3 wpb_column vc_column_container\"><div class=\"vc_column-inner\"><div class=\"wpb_wrapper\"><\/div><\/div><\/div><div class=\"vc_col-sm-3 wpb_column vc_column_container\"><div class=\"vc_column-inner\"><div class=\"wpb_wrapper\"><div class=\"wpb_text_column\"><div class=\"wpb_wrapper\"><\/div><\/div><\/div><\/div><\/div><div class=\"vc_col-sm-3 wpb_column vc_column_container\"><div class=\"vc_column-inner\"><div class=\"wpb_wrapper\"><div class=\"wpb_text_column\"><div class=\"wpb_wrapper\"><\/div><\/div><\/div><\/div><\/div><\/div><\/div><\/div><\/div><\/div><\/div><\/section>\n","protected":false},"excerpt":{"rendered":"Edasim\u00fc\u00fcjad Tallinna Kaubamaja Gonsiori 2 PARIM VALIK TOOTEID: tilk! kontor P\u00e4rnu maantee 142, Tallinn (eelneval kokkuleppel) ILMA POOD Telliskivi Raeapteek Raekoja plats 11 Tallinn Tradehouse Nautica ja Peterburi tee Tartu Kvartal SAAREMAA KAUBAMAJA Raekoja 1 Kuressaare","protected":false},"author":2,"featured_media":0,"parent":0,"menu_order":0,"comment_status":"closed","ping_status":"closed","template":"","meta":{"_acf_changed":false,"footnotes":""},"class_list":["post-29323","page","type-page","status-publish","hentry"],"acf":[],"yoast_head":"<!-- This site is optimized with the Yoast SEO plugin v27.3 - https:\/\/yoast.com\/product\/yoast-seo-wordpress\/ -->\n<title>Edasim\u00fc\u00fcjad Eestis - Tilk! bioaktiivne looduskosmeetika<\/title>\n<meta name=\"description\" content=\"Kust osta Tilk! looduskosmeetika tooteid ja kes on meie edasim\u00fc\u00fcjad? Vaata, kus asuvad meie edasim\u00fc\u00fcjad ja leia endale l\u00e4him.\" \/>\n<meta name=\"robots\" content=\"index, follow, max-snippet:-1, max-image-preview:large, max-video-preview:-1\" \/>\n<link rel=\"canonical\" href=\"https:\/\/tilk.bio\/et\/edasimuujad\/\" \/>\n<meta property=\"og:locale\" content=\"et_EE\" \/>\n<meta property=\"og:type\" content=\"article\" \/>\n<meta property=\"og:title\" content=\"Edasim\u00fc\u00fcjad Eestis - Tilk! bioaktiivne looduskosmeetika\" \/>\n<meta property=\"og:description\" content=\"Kust osta Tilk! looduskosmeetika tooteid ja kes on meie edasim\u00fc\u00fcjad? Vaata, kus asuvad meie edasim\u00fc\u00fcjad ja leia endale l\u00e4him.\" \/>\n<meta property=\"og:url\" content=\"https:\/\/tilk.bio\/et\/edasimuujad\/\" \/>\n<meta property=\"og:site_name\" content=\"Tilk!\" \/>\n<meta property=\"article:publisher\" content=\"https:\/\/www.facebook.com\/tilk.bio\/\" \/>\n<meta property=\"article:modified_time\" content=\"2024-10-26T22:08:22+00:00\" \/>\n<meta name=\"twitter:card\" content=\"summary_large_image\" \/>\n<meta name=\"twitter:label1\" content=\"Est. reading time\" \/>\n\t<meta name=\"twitter:data1\" content=\"1 minut\" \/>\n<script type=\"application\/ld+json\" class=\"yoast-schema-graph\">{\"@context\":\"https:\\\/\\\/schema.org\",\"@graph\":[{\"@type\":\"WebPage\",\"@id\":\"https:\\\/\\\/tilk.bio\\\/et\\\/edasimuujad\\\/\",\"url\":\"https:\\\/\\\/tilk.bio\\\/et\\\/edasimuujad\\\/\",\"name\":\"Edasim\u00fc\u00fcjad Eestis - Tilk! bioaktiivne looduskosmeetika\",\"isPartOf\":{\"@id\":\"https:\\\/\\\/tilk.bio\\\/et\\\/#website\"},\"datePublished\":\"2019-05-06T11:01:58+00:00\",\"dateModified\":\"2024-10-26T22:08:22+00:00\",\"description\":\"Kust osta Tilk! looduskosmeetika tooteid ja kes on meie edasim\u00fc\u00fcjad? Vaata, kus asuvad meie edasim\u00fc\u00fcjad ja leia endale l\u00e4him.\",\"breadcrumb\":{\"@id\":\"https:\\\/\\\/tilk.bio\\\/et\\\/edasimuujad\\\/#breadcrumb\"},\"inLanguage\":\"et\",\"potentialAction\":[{\"@type\":\"ReadAction\",\"target\":[\"https:\\\/\\\/tilk.bio\\\/et\\\/edasimuujad\\\/\"]}]},{\"@type\":\"BreadcrumbList\",\"@id\":\"https:\\\/\\\/tilk.bio\\\/et\\\/edasimuujad\\\/#breadcrumb\",\"itemListElement\":[{\"@type\":\"ListItem\",\"position\":1,\"name\":\"Home\",\"item\":\"https:\\\/\\\/tilk.bio\\\/et\\\/\"},{\"@type\":\"ListItem\",\"position\":2,\"name\":\"Edasim\u00fc\u00fcjad\"}]},{\"@type\":\"WebSite\",\"@id\":\"https:\\\/\\\/tilk.bio\\\/et\\\/#website\",\"url\":\"https:\\\/\\\/tilk.bio\\\/et\\\/\",\"name\":\"Tilk!\",\"description\":\"Keskkonnas\u00f5bralik ja j\u00e4tkusuutlik looduskosmeetika Saaremaalt.\",\"potentialAction\":[{\"@type\":\"SearchAction\",\"target\":{\"@type\":\"EntryPoint\",\"urlTemplate\":\"https:\\\/\\\/tilk.bio\\\/et\\\/?s={search_term_string}\"},\"query-input\":{\"@type\":\"PropertyValueSpecification\",\"valueRequired\":true,\"valueName\":\"search_term_string\"}}],\"inLanguage\":\"et\"}]}<\/script>\n<!-- \/ Yoast SEO plugin. -->","yoast_head_json":{"title":"Edasim\u00fc\u00fcjad Eestis - Tilk! bioaktiivne looduskosmeetika","description":"Kust osta Tilk! looduskosmeetika tooteid ja kes on meie edasim\u00fc\u00fcjad? Vaata, kus asuvad meie edasim\u00fc\u00fcjad ja leia endale l\u00e4him.","robots":{"index":"index","follow":"follow","max-snippet":"max-snippet:-1","max-image-preview":"max-image-preview:large","max-video-preview":"max-video-preview:-1"},"canonical":"https:\/\/tilk.bio\/et\/edasimuujad\/","og_locale":"et_EE","og_type":"article","og_title":"Edasim\u00fc\u00fcjad Eestis - Tilk! bioaktiivne looduskosmeetika","og_description":"Kust osta Tilk! looduskosmeetika tooteid ja kes on meie edasim\u00fc\u00fcjad? Vaata, kus asuvad meie edasim\u00fc\u00fcjad ja leia endale l\u00e4him.","og_url":"https:\/\/tilk.bio\/et\/edasimuujad\/","og_site_name":"Tilk!","article_publisher":"https:\/\/www.facebook.com\/tilk.bio\/","article_modified_time":"2024-10-26T22:08:22+00:00","twitter_card":"summary_large_image","twitter_misc":{"Est. reading time":"1 minut"},"schema":{"@context":"https:\/\/schema.org","@graph":[{"@type":"WebPage","@id":"https:\/\/tilk.bio\/et\/edasimuujad\/","url":"https:\/\/tilk.bio\/et\/edasimuujad\/","name":"Edasim\u00fc\u00fcjad Eestis - Tilk! bioaktiivne looduskosmeetika","isPartOf":{"@id":"https:\/\/tilk.bio\/et\/#website"},"datePublished":"2019-05-06T11:01:58+00:00","dateModified":"2024-10-26T22:08:22+00:00","description":"Kust osta Tilk! looduskosmeetika tooteid ja kes on meie edasim\u00fc\u00fcjad? Vaata, kus asuvad meie edasim\u00fc\u00fcjad ja leia endale l\u00e4him.","breadcrumb":{"@id":"https:\/\/tilk.bio\/et\/edasimuujad\/#breadcrumb"},"inLanguage":"et","potentialAction":[{"@type":"ReadAction","target":["https:\/\/tilk.bio\/et\/edasimuujad\/"]}]},{"@type":"BreadcrumbList","@id":"https:\/\/tilk.bio\/et\/edasimuujad\/#breadcrumb","itemListElement":[{"@type":"ListItem","position":1,"name":"Home","item":"https:\/\/tilk.bio\/et\/"},{"@type":"ListItem","position":2,"name":"Edasim\u00fc\u00fcjad"}]},{"@type":"WebSite","@id":"https:\/\/tilk.bio\/et\/#website","url":"https:\/\/tilk.bio\/et\/","name":"Tilk!","description":"Keskkonnas\u00f5bralik ja j\u00e4tkusuutlik looduskosmeetika Saaremaalt.","potentialAction":[{"@type":"SearchAction","target":{"@type":"EntryPoint","urlTemplate":"https:\/\/tilk.bio\/et\/?s={search_term_string}"},"query-input":{"@type":"PropertyValueSpecification","valueRequired":true,"valueName":"search_term_string"}}],"inLanguage":"et"}]}},"_links":{"self":[{"href":"https:\/\/tilk.bio\/et\/wp-json\/wp\/v2\/pages\/29323","targetHints":{"allow":["GET"]}}],"collection":[{"href":"https:\/\/tilk.bio\/et\/wp-json\/wp\/v2\/pages"}],"about":[{"href":"https:\/\/tilk.bio\/et\/wp-json\/wp\/v2\/types\/page"}],"author":[{"embeddable":true,"href":"https:\/\/tilk.bio\/et\/wp-json\/wp\/v2\/users\/2"}],"replies":[{"embeddable":true,"href":"https:\/\/tilk.bio\/et\/wp-json\/wp\/v2\/comments?post=29323"}],"version-history":[{"count":0,"href":"https:\/\/tilk.bio\/et\/wp-json\/wp\/v2\/pages\/29323\/revisions"}],"wp:attachment":[{"href":"https:\/\/tilk.bio\/et\/wp-json\/wp\/v2\/media?parent=29323"}],"curies":[{"name":"wp","href":"https:\/\/api.w.org\/{rel}","templated":true}]}}