{"id":55612,"date":"2021-06-06T16:47:01","date_gmt":"2021-06-06T16:47:01","guid":{"rendered":"https:\/\/tilk.bio\/reuse-me\/upcycle-me-2\/"},"modified":"2023-07-30T13:25:10","modified_gmt":"2023-07-30T10:25:10","slug":"upcycle-me-2","status":"publish","type":"page","link":"https:\/\/tilk.bio\/et\/reuse-me\/upcycle-me-2\/","title":{"rendered":"Upcycle Me ehk v\u00e4\u00e4rtustav taaskasutus"},"content":{"rendered":"<section class=\"l-section wpb_row height_medium\"><div class=\"l-section-h i-cf\"><div class=\"g-cols vc_row via_flex valign_top type_default stacking_default\"><div class=\"vc_col-sm-12 wpb_column vc_column_container\"><div class=\"vc_column-inner\"><div class=\"wpb_wrapper\"><div class=\"wpb_text_column\"><div class=\"wpb_wrapper\"><h1>Upcycle Me ehk v\u00e4\u00e4rtustav taaskasutus<\/h1>\n<figure id=\"attachment_55469\" aria-describedby=\"caption-attachment-55469\" style=\"width: 550px\" class=\"wp-caption alignright\"><a ref=\"magnificPopup\" href=\"https:\/\/tilk.bio\/wp-content\/uploads\/2021\/05\/Upcycle-me.jpg\"><img loading=\"lazy\" decoding=\"async\" class=\"wp-image-55469\" src=\"https:\/\/tilk.bio\/wp-content\/uploads\/2021\/05\/Upcycle-me-300x200.jpg\" alt=\"Upcycle Me \" width=\"550\" height=\"366\" srcset=\"https:\/\/tilk.bio\/wp-content\/uploads\/2021\/05\/Upcycle-me-300x200.jpg 300w, https:\/\/tilk.bio\/wp-content\/uploads\/2021\/05\/Upcycle-me-1000x667.jpg 1000w, https:\/\/tilk.bio\/wp-content\/uploads\/2021\/05\/Upcycle-me-1024x683.jpg 1024w, https:\/\/tilk.bio\/wp-content\/uploads\/2021\/05\/Upcycle-me.jpg 1200w\" sizes=\"auto, (max-width: 550px) 100vw, 550px\" \/><\/a><figcaption id=\"caption-attachment-55469\" class=\"wp-caption-text\">Upcycle Me<\/figcaption><\/figure>\n<p>On ammu teada, et planeet Maa ressursid on piiratud, kuid kahjuks ei hoia me olemasolevaid siiski h\u00e4sti ringluses. Palju materjale r\u00e4ndab p\u00e4rast esimest kasutusperioodi lihtsalt pr\u00fcgikastidesse\u2026 Siinkohal peaks iga kaasaegne ettev\u00f5te anal\u00fc\u00fcsima v\u00f5imalusi, kuidas anda endast parim, et kasutuses olevaid ressursse v\u00f5imalikult kaua ning korduvalt kasutada.<\/p>\n<p>\u00dcks oluline l\u00e4henemisviis on toote eluts\u00fckli ja selle erinevate tootmisahelate \u00fclevaatamine ning optimeerimine. On mitmeid v\u00f5imalusi, kuidas toota keskkonnas\u00f5bralikumalt ja luua lisav\u00e4\u00e4rtust tooraine taaskasutamisel ning siinkohal on v\u00e4ga oluline sektorite vaheline koost\u00f6\u00f6.<\/p>\n<p>Meie UPCYCLE ME Me programmi esimene toode on <a href=\"https:\/\/tilk.bio\/et\/pood\/coffee-break-kehakoorija\/\">kehakoorija Coffee Break<\/a>, milles on kasutatud Eestis r\u00f6stitud ja jahvatatud KOKOMO kohvipuru. See kohvipuru on osaliselt kaotanud oma v\u00e4\u00e4rtuse ning ei sobi joogi valmistamiseks, kuid saab endale uue t\u00e4isv\u00e4\u00e4rtusliku rolli looduslikus ja bioaktiivsete ainete rikkas kehakoorijas. Kohv sisaldab rohkelt antioks\u00fcdante ja ergutab vereringet, toniseerib ning puhastab nahka.<\/p>\n<p>V\u00e4\u00e4rtustava taaskasutuse (ingl. upcycling) eesm\u00e4rk on anda uus elu ja kasutusviis teise ringi materjalile, toorainele v\u00f5i \u00fclej\u00e4\u00e4kidele. UPCYCLE ME on t\u00e4na veel uuenduslik l\u00e4henemine, ja selle k\u00e4igus leiame me erinevate valdkondade ettev\u00f5tetega viise tooraine uuesti kasutamiseks.<\/p>\n<p>N\u00f5nda v\u00e4hendame me koos m\u00f5ju keskkonnale ja hoiame loodust!<\/p>\n<\/div><\/div><\/div><\/div><\/div><\/div><\/div><\/section>\n","protected":false},"excerpt":{"rendered":"Upcycle Me ehk v\u00e4\u00e4rtustav taaskasutus Upcycle Me On ammu teada, et planeet Maa ressursid on piiratud, kuid kahjuks ei hoia me olemasolevaid siiski h\u00e4sti ringluses. Palju materjale r\u00e4ndab p\u00e4rast esimest kasutusperioodi lihtsalt pr\u00fcgikastidesse\u2026 Siinkohal peaks iga kaasaegne ettev\u00f5te anal\u00fc\u00fcsima v\u00f5imalusi, kuidas anda endast parim, et kasutuses olevaid ressursse v\u00f5imalikult kaua ning korduvalt kasutada. \u00dcks oluline...","protected":false},"author":2,"featured_media":0,"parent":29126,"menu_order":0,"comment_status":"closed","ping_status":"closed","template":"","meta":{"_acf_changed":false,"footnotes":""},"class_list":["post-55612","page","type-page","status-publish","hentry"],"acf":[],"yoast_head":"<!-- This site is optimized with the Yoast SEO plugin v27.4 - https:\/\/yoast.com\/product\/yoast-seo-wordpress\/ -->\n<title>Upcycle Me - KOKOMO kohvipurust kehakoorija<\/title>\n<meta name=\"description\" content=\"Upcycle Me programmi esimese tootena oleme loonud kehakoorija Coffee Break, milles on kasutatud Eestis r\u00f6stitud ja jahvatatud KOKOMO kohvipuru\" \/>\n<meta name=\"robots\" content=\"index, follow, max-snippet:-1, max-image-preview:large, max-video-preview:-1\" \/>\n<link rel=\"canonical\" href=\"https:\/\/tilk.bio\/et\/reuse-me\/upcycle-me-2\/\" \/>\n<meta property=\"og:locale\" content=\"et_EE\" \/>\n<meta property=\"og:type\" content=\"article\" \/>\n<meta property=\"og:title\" content=\"Upcycle Me - KOKOMO kohvipurust kehakoorija\" \/>\n<meta property=\"og:description\" content=\"Upcycle Me programmi esimese tootena oleme loonud kehakoorija Coffee Break, milles on kasutatud Eestis r\u00f6stitud ja jahvatatud KOKOMO kohvipuru\" \/>\n<meta property=\"og:url\" content=\"https:\/\/tilk.bio\/et\/reuse-me\/upcycle-me-2\/\" \/>\n<meta property=\"og:site_name\" content=\"Tilk!\" \/>\n<meta property=\"article:publisher\" content=\"https:\/\/www.facebook.com\/tilk.bio\/\" \/>\n<meta property=\"article:modified_time\" content=\"2023-07-30T10:25:10+00:00\" \/>\n<meta property=\"og:image\" content=\"https:\/\/tilk.bio\/wp-content\/uploads\/2021\/05\/Upcycle-me-300x200.jpg\" \/>\n<meta name=\"twitter:card\" content=\"summary_large_image\" \/>\n<meta name=\"twitter:label1\" content=\"Est. reading time\" \/>\n\t<meta name=\"twitter:data1\" content=\"2 minutit\" \/>\n<script type=\"application\/ld+json\" class=\"yoast-schema-graph\">{\"@context\":\"https:\\\/\\\/schema.org\",\"@graph\":[{\"@type\":\"WebPage\",\"@id\":\"https:\\\/\\\/tilk.bio\\\/et\\\/reuse-me\\\/upcycle-me-2\\\/\",\"url\":\"https:\\\/\\\/tilk.bio\\\/et\\\/reuse-me\\\/upcycle-me-2\\\/\",\"name\":\"Upcycle Me - KOKOMO kohvipurust kehakoorija\",\"isPartOf\":{\"@id\":\"https:\\\/\\\/tilk.bio\\\/et\\\/#website\"},\"primaryImageOfPage\":{\"@id\":\"https:\\\/\\\/tilk.bio\\\/et\\\/reuse-me\\\/upcycle-me-2\\\/#primaryimage\"},\"image\":{\"@id\":\"https:\\\/\\\/tilk.bio\\\/et\\\/reuse-me\\\/upcycle-me-2\\\/#primaryimage\"},\"thumbnailUrl\":\"https:\\\/\\\/tilk.bio\\\/wp-content\\\/uploads\\\/2021\\\/05\\\/Upcycle-me-300x200.jpg\",\"datePublished\":\"2021-06-06T16:47:01+00:00\",\"dateModified\":\"2023-07-30T10:25:10+00:00\",\"description\":\"Upcycle Me programmi esimese tootena oleme loonud kehakoorija Coffee Break, milles on kasutatud Eestis r\u00f6stitud ja jahvatatud KOKOMO kohvipuru\",\"breadcrumb\":{\"@id\":\"https:\\\/\\\/tilk.bio\\\/et\\\/reuse-me\\\/upcycle-me-2\\\/#breadcrumb\"},\"inLanguage\":\"et\",\"potentialAction\":[{\"@type\":\"ReadAction\",\"target\":[\"https:\\\/\\\/tilk.bio\\\/et\\\/reuse-me\\\/upcycle-me-2\\\/\"]}]},{\"@type\":\"ImageObject\",\"inLanguage\":\"et\",\"@id\":\"https:\\\/\\\/tilk.bio\\\/et\\\/reuse-me\\\/upcycle-me-2\\\/#primaryimage\",\"url\":\"https:\\\/\\\/tilk.bio\\\/wp-content\\\/uploads\\\/2021\\\/05\\\/Upcycle-me-300x200.jpg\",\"contentUrl\":\"https:\\\/\\\/tilk.bio\\\/wp-content\\\/uploads\\\/2021\\\/05\\\/Upcycle-me-300x200.jpg\"},{\"@type\":\"BreadcrumbList\",\"@id\":\"https:\\\/\\\/tilk.bio\\\/et\\\/reuse-me\\\/upcycle-me-2\\\/#breadcrumb\",\"itemListElement\":[{\"@type\":\"ListItem\",\"position\":1,\"name\":\"Home\",\"item\":\"https:\\\/\\\/tilk.bio\\\/et\\\/\"},{\"@type\":\"ListItem\",\"position\":2,\"name\":\"J\u00e4tkusuutlikkus\",\"item\":\"https:\\\/\\\/tilk.bio\\\/et\\\/reuse-me\\\/\"},{\"@type\":\"ListItem\",\"position\":3,\"name\":\"Upcycle Me ehk v\u00e4\u00e4rtustav taaskasutus\"}]},{\"@type\":\"WebSite\",\"@id\":\"https:\\\/\\\/tilk.bio\\\/et\\\/#website\",\"url\":\"https:\\\/\\\/tilk.bio\\\/et\\\/\",\"name\":\"Tilk!\",\"description\":\"Keskkonnas\u00f5bralik ja j\u00e4tkusuutlik looduskosmeetika Saaremaalt.\",\"potentialAction\":[{\"@type\":\"SearchAction\",\"target\":{\"@type\":\"EntryPoint\",\"urlTemplate\":\"https:\\\/\\\/tilk.bio\\\/et\\\/?s={search_term_string}\"},\"query-input\":{\"@type\":\"PropertyValueSpecification\",\"valueRequired\":true,\"valueName\":\"search_term_string\"}}],\"inLanguage\":\"et\"}]}<\/script>\n<!-- \/ Yoast SEO plugin. -->","yoast_head_json":{"title":"Upcycle Me - KOKOMO kohvipurust kehakoorija","description":"Upcycle Me programmi esimese tootena oleme loonud kehakoorija Coffee Break, milles on kasutatud Eestis r\u00f6stitud ja jahvatatud KOKOMO kohvipuru","robots":{"index":"index","follow":"follow","max-snippet":"max-snippet:-1","max-image-preview":"max-image-preview:large","max-video-preview":"max-video-preview:-1"},"canonical":"https:\/\/tilk.bio\/et\/reuse-me\/upcycle-me-2\/","og_locale":"et_EE","og_type":"article","og_title":"Upcycle Me - KOKOMO kohvipurust kehakoorija","og_description":"Upcycle Me programmi esimese tootena oleme loonud kehakoorija Coffee Break, milles on kasutatud Eestis r\u00f6stitud ja jahvatatud KOKOMO kohvipuru","og_url":"https:\/\/tilk.bio\/et\/reuse-me\/upcycle-me-2\/","og_site_name":"Tilk!","article_publisher":"https:\/\/www.facebook.com\/tilk.bio\/","article_modified_time":"2023-07-30T10:25:10+00:00","og_image":[{"url":"https:\/\/tilk.bio\/wp-content\/uploads\/2021\/05\/Upcycle-me-300x200.jpg","type":"","width":"","height":""}],"twitter_card":"summary_large_image","twitter_misc":{"Est. reading time":"2 minutit"},"schema":{"@context":"https:\/\/schema.org","@graph":[{"@type":"WebPage","@id":"https:\/\/tilk.bio\/et\/reuse-me\/upcycle-me-2\/","url":"https:\/\/tilk.bio\/et\/reuse-me\/upcycle-me-2\/","name":"Upcycle Me - KOKOMO kohvipurust kehakoorija","isPartOf":{"@id":"https:\/\/tilk.bio\/et\/#website"},"primaryImageOfPage":{"@id":"https:\/\/tilk.bio\/et\/reuse-me\/upcycle-me-2\/#primaryimage"},"image":{"@id":"https:\/\/tilk.bio\/et\/reuse-me\/upcycle-me-2\/#primaryimage"},"thumbnailUrl":"https:\/\/tilk.bio\/wp-content\/uploads\/2021\/05\/Upcycle-me-300x200.jpg","datePublished":"2021-06-06T16:47:01+00:00","dateModified":"2023-07-30T10:25:10+00:00","description":"Upcycle Me programmi esimese tootena oleme loonud kehakoorija Coffee Break, milles on kasutatud Eestis r\u00f6stitud ja jahvatatud KOKOMO kohvipuru","breadcrumb":{"@id":"https:\/\/tilk.bio\/et\/reuse-me\/upcycle-me-2\/#breadcrumb"},"inLanguage":"et","potentialAction":[{"@type":"ReadAction","target":["https:\/\/tilk.bio\/et\/reuse-me\/upcycle-me-2\/"]}]},{"@type":"ImageObject","inLanguage":"et","@id":"https:\/\/tilk.bio\/et\/reuse-me\/upcycle-me-2\/#primaryimage","url":"https:\/\/tilk.bio\/wp-content\/uploads\/2021\/05\/Upcycle-me-300x200.jpg","contentUrl":"https:\/\/tilk.bio\/wp-content\/uploads\/2021\/05\/Upcycle-me-300x200.jpg"},{"@type":"BreadcrumbList","@id":"https:\/\/tilk.bio\/et\/reuse-me\/upcycle-me-2\/#breadcrumb","itemListElement":[{"@type":"ListItem","position":1,"name":"Home","item":"https:\/\/tilk.bio\/et\/"},{"@type":"ListItem","position":2,"name":"J\u00e4tkusuutlikkus","item":"https:\/\/tilk.bio\/et\/reuse-me\/"},{"@type":"ListItem","position":3,"name":"Upcycle Me ehk v\u00e4\u00e4rtustav taaskasutus"}]},{"@type":"WebSite","@id":"https:\/\/tilk.bio\/et\/#website","url":"https:\/\/tilk.bio\/et\/","name":"Tilk!","description":"Keskkonnas\u00f5bralik ja j\u00e4tkusuutlik looduskosmeetika Saaremaalt.","potentialAction":[{"@type":"SearchAction","target":{"@type":"EntryPoint","urlTemplate":"https:\/\/tilk.bio\/et\/?s={search_term_string}"},"query-input":{"@type":"PropertyValueSpecification","valueRequired":true,"valueName":"search_term_string"}}],"inLanguage":"et"}]}},"_links":{"self":[{"href":"https:\/\/tilk.bio\/et\/wp-json\/wp\/v2\/pages\/55612","targetHints":{"allow":["GET"]}}],"collection":[{"href":"https:\/\/tilk.bio\/et\/wp-json\/wp\/v2\/pages"}],"about":[{"href":"https:\/\/tilk.bio\/et\/wp-json\/wp\/v2\/types\/page"}],"author":[{"embeddable":true,"href":"https:\/\/tilk.bio\/et\/wp-json\/wp\/v2\/users\/2"}],"replies":[{"embeddable":true,"href":"https:\/\/tilk.bio\/et\/wp-json\/wp\/v2\/comments?post=55612"}],"version-history":[{"count":0,"href":"https:\/\/tilk.bio\/et\/wp-json\/wp\/v2\/pages\/55612\/revisions"}],"up":[{"embeddable":true,"href":"https:\/\/tilk.bio\/et\/wp-json\/wp\/v2\/pages\/29126"}],"wp:attachment":[{"href":"https:\/\/tilk.bio\/et\/wp-json\/wp\/v2\/media?parent=55612"}],"curies":[{"name":"wp","href":"https:\/\/api.w.org\/{rel}","templated":true}]}}