{"id":73931,"date":"2025-02-11T01:35:26","date_gmt":"2025-02-10T23:35:26","guid":{"rendered":"https:\/\/tilk.bio\/tootoad\/"},"modified":"2026-03-22T22:18:02","modified_gmt":"2026-03-22T20:18:02","slug":"tootoad","status":"publish","type":"page","link":"https:\/\/tilk.bio\/et\/tootoad\/","title":{"rendered":"T\u00f6\u00f6toad"},"content":{"rendered":"<section class=\"l-section wpb_row height_medium\"><div class=\"l-section-h i-cf\"><div class=\"g-cols vc_row via_flex valign_top type_default stacking_default\"><div class=\"vc_col-sm-12 wpb_column vc_column_container\"><div class=\"vc_column-inner\"><div class=\"wpb_wrapper\"><div class=\"wpb_text_column\"><div class=\"wpb_wrapper\"><p><strong>J\u00e4rgmine t\u00f6\u00f6tuba 9.4.2026 kell 18.00 Tallinnas. Rohkem infot <a href=\"https:\/\/fb.me\/e\/jyAKIFaqH\">SIIN.<\/a><\/strong><\/p>\n<\/div><\/div><div class=\"wpb_text_column\"><div class=\"wpb_wrapper\"><p><strong>tilk! t\u00f6\u00f6tuba:<\/strong> tule ja loo ise oma toitev ja noorendav n\u00e4oseerum, mis aitab taastada ja hellitada keskkonna poolt koormatud nahka!<\/p>\n<p>Nahk vajab pidevat niisutust ja hoolt, ning meie t\u00f6\u00f6tuba \u00f5petab, kuidas oma nahka selleks ette valmistada.<\/p>\n<p><strong>Mida t\u00f6\u00f6toas teeme:<\/strong><\/p>\n<p><strong>Nahahoolduse p\u00f5hit\u00f5ed:<\/strong> \u00d5pid tundma naha struktuuri ja funktsioone, et m\u00f5ista, kuidas erinevad koostisosad nahka m\u00f5jutavad.<br \/>\n<strong>Sinu nahahooldusrutiin:<\/strong> Avastad, millist nahahooldusrutiini j\u00e4rgida, et hoida nahk terve ja s\u00e4ravana.<br \/>\n<strong>Personaalne n\u00e4oseerum:<\/strong> Valmistad iseenda \u00f5lip\u00f5hise n\u00e4oseerumi, kasutades looduslikke taime- ja eeterlikke \u00f5lisid, sealhulgas Saaremaa loodusest k\u00e4sitsi korjatud taimi. Seerum kohandatakse vastavalt sinu nahat\u00fc\u00fcbile ja vajadustele.<br \/>\n<strong>Looduslik nahahooldus:<\/strong> Saad kasulikke n\u00e4pun\u00e4iteid, kuidas luua t\u00f5hus ja looduslik igap\u00e4evane nahahooldusrutiin.<br \/>\n<strong>\u00d5lide omadused:<\/strong> Tutvud erinevate taime- ja eeterlike \u00f5lide omadustega ning nende m\u00f5juga eri nahat\u00fc\u00fcpidele.<\/p>\n<p>Iga osaleja lahkub t\u00f6\u00f6toast enda valmistatud n\u00e4oseerumiga!<\/p>\n<p><strong>T\u00f6\u00f6toa toimumiskoht:<\/strong> Amante majas, Kuressaare, tilk! ilupesa, P\u00e4rnu maantee 142, Tallinn, v\u00f5i sinu juures.<\/p>\n<p><strong>Juhendaja:<\/strong> Pille Lengi, looduskosmeetika br\u00e4ndi tilk.bio asutaja, kellel on rikkalik kogemus nahahoolduses ja looduskosmeetikas.<\/p>\n<p>N\u00e4oseerumi t\u00f6\u00f6tuba on v\u00f5imalik korraldada koos <a href=\"https:\/\/champagnelife.ee\/sampanjaohtud\">Champagne Life \u0161ampanja <span>degusteerimisega<\/span>.<\/a><\/p>\n<p>Liitu meie t\u00f6\u00f6toaga ja hoolitse oma naha eest looduslikul ning t\u00f5husal viisil!<\/p>\n<p>K\u00fcsi pakkumist t\u00f6\u00f6toa korraldamiseks pille@tilk.bio<\/p>\n<p>T\u00f6\u00f6tuba &#8211; k\u00fcsi pakkumist\n<div class=\"wpcf7 no-js\" id=\"wpcf7-f73289-o1\" lang=\"en-US\" dir=\"ltr\" data-wpcf7-id=\"73289\">\n<div class=\"screen-reader-response\"><p role=\"status\" aria-live=\"polite\" aria-atomic=\"true\"><\/p> <ul><\/ul><\/div>\n<form action=\"\/et\/wp-json\/wp\/v2\/pages\/73931#wpcf7-f73289-o1\" method=\"post\" class=\"wpcf7-form init\" aria-label=\"Contact form\" novalidate=\"novalidate\" data-status=\"init\">\n<fieldset class=\"hidden-fields-container\"><input type=\"hidden\" name=\"_wpcf7\" value=\"73289\" \/><input type=\"hidden\" name=\"_wpcf7_version\" value=\"6.1.5\" \/><input type=\"hidden\" name=\"_wpcf7_locale\" value=\"en_US\" \/><input type=\"hidden\" name=\"_wpcf7_unit_tag\" value=\"wpcf7-f73289-o1\" \/><input type=\"hidden\" name=\"_wpcf7_container_post\" value=\"0\" \/><input type=\"hidden\" name=\"_wpcf7_posted_data_hash\" value=\"\" \/>\n<\/fieldset>\n<p><label>Nimi*<br \/>\n<span class=\"wpcf7-form-control-wrap\" data-name=\"your-name\"><input size=\"40\" maxlength=\"400\" class=\"wpcf7-form-control wpcf7-text wpcf7-validates-as-required\" aria-required=\"true\" aria-invalid=\"false\" value=\"\" type=\"text\" name=\"your-name\" \/><\/span> <\/label>\n<\/p>\n<p><label>E-mail*<br \/>\n<span class=\"wpcf7-form-control-wrap\" data-name=\"your-email\"><input size=\"40\" maxlength=\"400\" class=\"wpcf7-form-control wpcf7-email wpcf7-validates-as-required wpcf7-text wpcf7-validates-as-email\" aria-required=\"true\" aria-invalid=\"false\" value=\"\" type=\"email\" name=\"your-email\" \/><\/span> <\/label>\n<\/p>\n<p><label>K\u00fcsi pakkumist*<br \/>\n<span class=\"wpcf7-form-control-wrap\" data-name=\"your-message\"><textarea cols=\"40\" rows=\"10\" maxlength=\"2000\" class=\"wpcf7-form-control wpcf7-textarea wpcf7-validates-as-required\" aria-required=\"true\" aria-invalid=\"false\" name=\"your-message\"><\/textarea><\/span> <\/label><br \/>\n<div class=\"cf7-cf-turnstile\" style=\"margin-top: 0px; margin-bottom: -15px;\"> <div id=\"cf-turnstile-cf7-2101045895\" class=\"cf-turnstile\" data-sitekey=\"0x4AAAAAACOcPnZ4v81xvfRo\" data-theme=\"light\" data-language=\"auto\" data-size=\"normal\" data-retry=\"auto\" data-retry-interval=\"1000\" data-refresh-expired=\"auto\" data-action=\"contact-form-7\" data-appearance=\"always\"><\/div> <script>document.addEventListener(\"DOMContentLoaded\", function() { setTimeout(function(){ var e=document.getElementById(\"cf-turnstile-cf7-2101045895\"); e&&!e.innerHTML.trim()&&(turnstile.remove(\"#cf-turnstile-cf7-2101045895\"), turnstile.render(\"#cf-turnstile-cf7-2101045895\", {sitekey:\"0x4AAAAAACOcPnZ4v81xvfRo\"})); }, 100); });<\/script> <br class=\"cf-turnstile-br cf-turnstile-br-cf7-2101045895\"> <style>#cf-turnstile-cf7-2101045895 { margin-left: -15px; }<\/style> <script>document.addEventListener(\"DOMContentLoaded\",function(){document.querySelectorAll('.wpcf7-form').forEach(function(e){e.addEventListener('submit',function(){if(document.getElementById('cf-turnstile-cf7-2101045895')){setTimeout(function(){turnstile.reset('#cf-turnstile-cf7-2101045895');},1000)}})})});<\/script> <\/div><br \/>\n<input class=\"wpcf7-form-control wpcf7-submit has-spinner\" type=\"submit\" value=\"Saada\" \/>\n<\/p><div class=\"wpcf7-response-output\" aria-hidden=\"true\"><\/div>\n<\/form>\n<\/div>\n<\/div><\/div><div class=\"wpb_text_column\"><div class=\"wpb_wrapper\"><\/div><\/div><\/div><\/div><\/div><\/div><\/div><\/section><section class=\"l-section wpb_row height_medium\"><div class=\"l-section-h i-cf\"><div class=\"g-cols vc_row via_flex valign_top type_default stacking_default\"><div class=\"vc_col-sm-12 wpb_column vc_column_container\"><div class=\"vc_column-inner\"><div class=\"wpb_wrapper\"><div class=\"w-gallery fit_cover type_grid ratio_1x1 count_15\" style=\"--columns:4;--items-gap:10px;\"><div class=\"w-gallery-list\"><div class=\"w-gallery-item\"><div class=\"w-gallery-item-img\"><img loading=\"lazy\" decoding=\"async\" width=\"1024\" height=\"1024\" src=\"https:\/\/tilk.bio\/wp-content\/uploads\/2025\/04\/1-1-1024x1024.jpg\" class=\"attachment-large size-large\" alt=\"Hands creating a natural serum in facial serum workshop\" srcset=\"https:\/\/tilk.bio\/wp-content\/uploads\/2025\/04\/1-1-1024x1024.jpg 1024w, https:\/\/tilk.bio\/wp-content\/uploads\/2025\/04\/1-1-300x300.jpg 300w, https:\/\/tilk.bio\/wp-content\/uploads\/2025\/04\/1-1-150x150.jpg 150w, https:\/\/tilk.bio\/wp-content\/uploads\/2025\/04\/1-1-1000x1000.jpg 1000w, https:\/\/tilk.bio\/wp-content\/uploads\/2025\/04\/1-1.jpg 1200w\" sizes=\"auto, (max-width: 1024px) 100vw, 1024px\" \/><\/div><\/div><div class=\"w-gallery-item\"><div class=\"w-gallery-item-img\"><img loading=\"lazy\" decoding=\"async\" width=\"1024\" height=\"1024\" src=\"https:\/\/tilk.bio\/wp-content\/uploads\/2025\/04\/2-1-1024x1024.jpg\" class=\"attachment-large size-large\" alt=\"kosmeetikat\u00f6\u00f6tuba\" srcset=\"https:\/\/tilk.bio\/wp-content\/uploads\/2025\/04\/2-1-1024x1024.jpg 1024w, https:\/\/tilk.bio\/wp-content\/uploads\/2025\/04\/2-1-300x300.jpg 300w, https:\/\/tilk.bio\/wp-content\/uploads\/2025\/04\/2-1-150x150.jpg 150w, https:\/\/tilk.bio\/wp-content\/uploads\/2025\/04\/2-1-1000x1000.jpg 1000w, https:\/\/tilk.bio\/wp-content\/uploads\/2025\/04\/2-1.jpg 1200w\" sizes=\"auto, (max-width: 1024px) 100vw, 1024px\" \/><\/div><\/div><div class=\"w-gallery-item\"><div class=\"w-gallery-item-img\"><img loading=\"lazy\" decoding=\"async\" width=\"1024\" height=\"768\" src=\"https:\/\/tilk.bio\/wp-content\/uploads\/2025\/04\/IMG_0236-1024x768.jpg\" class=\"attachment-large size-large\" alt=\"K\u00e4sit\u00f6\u00f6 n\u00e4oseerumi t\u00f6\u00f6tuba\" srcset=\"https:\/\/tilk.bio\/wp-content\/uploads\/2025\/04\/IMG_0236-1024x768.jpg 1024w, https:\/\/tilk.bio\/wp-content\/uploads\/2025\/04\/IMG_0236-300x225.jpg 300w, https:\/\/tilk.bio\/wp-content\/uploads\/2025\/04\/IMG_0236-1000x750.jpg 1000w\" sizes=\"auto, (max-width: 1024px) 100vw, 1024px\" \/><\/div><\/div><div class=\"w-gallery-item\"><div class=\"w-gallery-item-img\"><img loading=\"lazy\" decoding=\"async\" width=\"1024\" height=\"768\" src=\"https:\/\/tilk.bio\/wp-content\/uploads\/2025\/04\/IMG_0244-1024x768.jpg\" class=\"attachment-large size-large\" alt=\"kosmeetika t\u00f6\u00f6tuba\" srcset=\"https:\/\/tilk.bio\/wp-content\/uploads\/2025\/04\/IMG_0244-1024x768.jpg 1024w, https:\/\/tilk.bio\/wp-content\/uploads\/2025\/04\/IMG_0244-300x225.jpg 300w, https:\/\/tilk.bio\/wp-content\/uploads\/2025\/04\/IMG_0244-1000x750.jpg 1000w\" sizes=\"auto, (max-width: 1024px) 100vw, 1024px\" \/><\/div><\/div><div class=\"w-gallery-item\"><div class=\"w-gallery-item-img\"><img loading=\"lazy\" decoding=\"async\" width=\"768\" height=\"1024\" src=\"https:\/\/tilk.bio\/wp-content\/uploads\/2025\/04\/IMG_0275-768x1024.jpg\" class=\"attachment-large size-large\" alt=\"Personaalne n\u00e4oseerum: Valmistad iseenda \u00f5lip\u00f5hise n\u00e4oseerumi\" srcset=\"https:\/\/tilk.bio\/wp-content\/uploads\/2025\/04\/IMG_0275-768x1024.jpg 768w, https:\/\/tilk.bio\/wp-content\/uploads\/2025\/04\/IMG_0275-225x300.jpg 225w, https:\/\/tilk.bio\/wp-content\/uploads\/2025\/04\/IMG_0275.jpg 960w\" sizes=\"auto, (max-width: 768px) 100vw, 768px\" \/><\/div><\/div><div class=\"w-gallery-item\"><div class=\"w-gallery-item-img\"><img loading=\"lazy\" decoding=\"async\" width=\"1024\" height=\"683\" src=\"https:\/\/tilk.bio\/wp-content\/uploads\/2025\/04\/60fotograafJaneVogt20240217CF2A6432-1024x683.jpg\" class=\"attachment-large size-large\" alt=\"tilk! kosmeetika t\u00f6\u00f6tuba\" srcset=\"https:\/\/tilk.bio\/wp-content\/uploads\/2025\/04\/60fotograafJaneVogt20240217CF2A6432-1024x683.jpg 1024w, https:\/\/tilk.bio\/wp-content\/uploads\/2025\/04\/60fotograafJaneVogt20240217CF2A6432-300x200.jpg 300w, https:\/\/tilk.bio\/wp-content\/uploads\/2025\/04\/60fotograafJaneVogt20240217CF2A6432-1000x667.jpg 1000w\" sizes=\"auto, (max-width: 1024px) 100vw, 1024px\" \/><\/div><\/div><div class=\"w-gallery-item\"><div class=\"w-gallery-item-img\"><img loading=\"lazy\" decoding=\"async\" width=\"1024\" height=\"683\" src=\"https:\/\/tilk.bio\/wp-content\/uploads\/2025\/04\/109fotograafJaneVogt20240217CF2A6539-1024x683.jpg\" class=\"attachment-large size-large\" alt=\"looduskosmeetika t\u00f6\u00f6tuba Tallinns\" srcset=\"https:\/\/tilk.bio\/wp-content\/uploads\/2025\/04\/109fotograafJaneVogt20240217CF2A6539-1024x683.jpg 1024w, https:\/\/tilk.bio\/wp-content\/uploads\/2025\/04\/109fotograafJaneVogt20240217CF2A6539-300x200.jpg 300w, https:\/\/tilk.bio\/wp-content\/uploads\/2025\/04\/109fotograafJaneVogt20240217CF2A6539-1000x667.jpg 1000w\" sizes=\"auto, (max-width: 1024px) 100vw, 1024px\" \/><\/div><\/div><div class=\"w-gallery-item\"><div class=\"w-gallery-item-img\"><img loading=\"lazy\" decoding=\"async\" width=\"1024\" height=\"683\" src=\"https:\/\/tilk.bio\/wp-content\/uploads\/2025\/04\/139fotograafJaneVogt20240217CF2A6612-1024x683.jpg\" class=\"attachment-large size-large\" alt=\"t\u00f6\u00f6tuba Tallinnas\" srcset=\"https:\/\/tilk.bio\/wp-content\/uploads\/2025\/04\/139fotograafJaneVogt20240217CF2A6612-1024x683.jpg 1024w, https:\/\/tilk.bio\/wp-content\/uploads\/2025\/04\/139fotograafJaneVogt20240217CF2A6612-300x200.jpg 300w, https:\/\/tilk.bio\/wp-content\/uploads\/2025\/04\/139fotograafJaneVogt20240217CF2A6612-1000x667.jpg 1000w\" sizes=\"auto, (max-width: 1024px) 100vw, 1024px\" \/><\/div><\/div><div class=\"w-gallery-item\"><div class=\"w-gallery-item-img\"><img loading=\"lazy\" decoding=\"async\" width=\"768\" height=\"1024\" src=\"https:\/\/tilk.bio\/wp-content\/uploads\/2025\/04\/IMG_0681-768x1024.jpg\" class=\"attachment-large size-large\" alt=\"Looduslik N\u00e4oseerum\" srcset=\"https:\/\/tilk.bio\/wp-content\/uploads\/2025\/04\/IMG_0681-768x1024.jpg 768w, https:\/\/tilk.bio\/wp-content\/uploads\/2025\/04\/IMG_0681-225x300.jpg 225w, https:\/\/tilk.bio\/wp-content\/uploads\/2025\/04\/IMG_0681-1000x1333.jpg 1000w, https:\/\/tilk.bio\/wp-content\/uploads\/2025\/04\/IMG_0681-scaled.jpg 1920w\" sizes=\"auto, (max-width: 768px) 100vw, 768px\" \/><\/div><\/div><div class=\"w-gallery-item\"><div class=\"w-gallery-item-img\"><img loading=\"lazy\" decoding=\"async\" width=\"683\" height=\"1024\" src=\"https:\/\/tilk.bio\/wp-content\/uploads\/2025\/04\/71fotograafJaneVogt20240217CF2A6450-683x1024.jpg\" class=\"attachment-large size-large\" alt=\"Kosmeetika valmistamise t\u00f6\u00f6tuba\" srcset=\"https:\/\/tilk.bio\/wp-content\/uploads\/2025\/04\/71fotograafJaneVogt20240217CF2A6450-683x1024.jpg 683w, https:\/\/tilk.bio\/wp-content\/uploads\/2025\/04\/71fotograafJaneVogt20240217CF2A6450-200x300.jpg 200w, https:\/\/tilk.bio\/wp-content\/uploads\/2025\/04\/71fotograafJaneVogt20240217CF2A6450-1000x1500.jpg 1000w, https:\/\/tilk.bio\/wp-content\/uploads\/2025\/04\/71fotograafJaneVogt20240217CF2A6450.jpg 1707w\" sizes=\"auto, (max-width: 683px) 100vw, 683px\" \/><\/div><\/div><div class=\"w-gallery-item\"><div class=\"w-gallery-item-img\"><img loading=\"lazy\" decoding=\"async\" width=\"683\" height=\"1024\" src=\"https:\/\/tilk.bio\/wp-content\/uploads\/2025\/04\/70fotograafJaneVogt20240217CF2A6449-683x1024.jpg\" class=\"attachment-large size-large\" alt=\"Mida t\u00f6\u00f6toas teeme: \u00d5pime nahahoolduse p\u00f5hit\u00f5ed\" srcset=\"https:\/\/tilk.bio\/wp-content\/uploads\/2025\/04\/70fotograafJaneVogt20240217CF2A6449-683x1024.jpg 683w, https:\/\/tilk.bio\/wp-content\/uploads\/2025\/04\/70fotograafJaneVogt20240217CF2A6449-200x300.jpg 200w, https:\/\/tilk.bio\/wp-content\/uploads\/2025\/04\/70fotograafJaneVogt20240217CF2A6449-1000x1500.jpg 1000w, https:\/\/tilk.bio\/wp-content\/uploads\/2025\/04\/70fotograafJaneVogt20240217CF2A6449.jpg 1707w\" sizes=\"auto, (max-width: 683px) 100vw, 683px\" \/><\/div><\/div><div class=\"w-gallery-item\"><div class=\"w-gallery-item-img\"><img loading=\"lazy\" decoding=\"async\" width=\"768\" height=\"1024\" src=\"https:\/\/tilk.bio\/wp-content\/uploads\/2025\/04\/IMG_0230-768x1024.jpg\" class=\"attachment-large size-large\" alt=\"N\u00e4oseerumi t\u00f6\u00f6toa koostisosad valmis seerumi valmistamiseks\" srcset=\"https:\/\/tilk.bio\/wp-content\/uploads\/2025\/04\/IMG_0230-768x1024.jpg 768w, https:\/\/tilk.bio\/wp-content\/uploads\/2025\/04\/IMG_0230-225x300.jpg 225w, https:\/\/tilk.bio\/wp-content\/uploads\/2025\/04\/IMG_0230-1000x1333.jpg 1000w, https:\/\/tilk.bio\/wp-content\/uploads\/2025\/04\/IMG_0230-scaled.jpg 1920w\" sizes=\"auto, (max-width: 768px) 100vw, 768px\" \/><\/div><\/div><\/div><\/div><\/div><\/div><\/div><\/div><\/div><\/section><section class=\"l-section wpb_row height_medium\"><div class=\"l-section-h i-cf\"><div class=\"g-cols vc_row via_flex valign_top type_default stacking_default\"><div class=\"vc_col-sm-6 wpb_column vc_column_container\"><div class=\"vc_column-inner\"><div class=\"wpb_wrapper\"><div class=\"wpb_text_column\"><div class=\"wpb_wrapper\"><p><strong>T\u00f6\u00f6tuba &#8211; k\u00fcsi pakkumist<\/strong><br \/>\n\n<div class=\"wpcf7 no-js\" id=\"wpcf7-f73289-o2\" lang=\"en-US\" dir=\"ltr\" data-wpcf7-id=\"73289\">\n<div class=\"screen-reader-response\"><p role=\"status\" aria-live=\"polite\" aria-atomic=\"true\"><\/p> <ul><\/ul><\/div>\n<form action=\"\/et\/wp-json\/wp\/v2\/pages\/73931#wpcf7-f73289-o2\" method=\"post\" class=\"wpcf7-form init\" aria-label=\"Contact form\" novalidate=\"novalidate\" data-status=\"init\">\n<fieldset class=\"hidden-fields-container\"><input type=\"hidden\" name=\"_wpcf7\" value=\"73289\" \/><input type=\"hidden\" name=\"_wpcf7_version\" value=\"6.1.5\" \/><input type=\"hidden\" name=\"_wpcf7_locale\" value=\"en_US\" \/><input type=\"hidden\" name=\"_wpcf7_unit_tag\" value=\"wpcf7-f73289-o2\" \/><input type=\"hidden\" name=\"_wpcf7_container_post\" value=\"0\" \/><input type=\"hidden\" name=\"_wpcf7_posted_data_hash\" value=\"\" \/>\n<\/fieldset>\n<p><label>Nimi*<br \/>\n<span class=\"wpcf7-form-control-wrap\" data-name=\"your-name\"><input size=\"40\" maxlength=\"400\" class=\"wpcf7-form-control wpcf7-text wpcf7-validates-as-required\" aria-required=\"true\" aria-invalid=\"false\" value=\"\" type=\"text\" name=\"your-name\" \/><\/span> <\/label>\n<\/p>\n<p><label>E-mail*<br \/>\n<span class=\"wpcf7-form-control-wrap\" data-name=\"your-email\"><input size=\"40\" maxlength=\"400\" class=\"wpcf7-form-control wpcf7-email wpcf7-validates-as-required wpcf7-text wpcf7-validates-as-email\" aria-required=\"true\" aria-invalid=\"false\" value=\"\" type=\"email\" name=\"your-email\" \/><\/span> <\/label>\n<\/p>\n<p><label>K\u00fcsi pakkumist*<br \/>\n<span class=\"wpcf7-form-control-wrap\" data-name=\"your-message\"><textarea cols=\"40\" rows=\"10\" maxlength=\"2000\" class=\"wpcf7-form-control wpcf7-textarea wpcf7-validates-as-required\" aria-required=\"true\" aria-invalid=\"false\" name=\"your-message\"><\/textarea><\/span> <\/label><br \/>\n<div class=\"cf7-cf-turnstile\" style=\"margin-top: 0px; margin-bottom: -15px;\"> <div id=\"cf-turnstile-cf7-982553984\" class=\"cf-turnstile\" data-sitekey=\"0x4AAAAAACOcPnZ4v81xvfRo\" data-theme=\"light\" data-language=\"auto\" data-size=\"normal\" data-retry=\"auto\" data-retry-interval=\"1000\" data-refresh-expired=\"auto\" data-action=\"contact-form-7\" data-appearance=\"always\"><\/div> <script>document.addEventListener(\"DOMContentLoaded\", function() { setTimeout(function(){ var e=document.getElementById(\"cf-turnstile-cf7-982553984\"); e&&!e.innerHTML.trim()&&(turnstile.remove(\"#cf-turnstile-cf7-982553984\"), turnstile.render(\"#cf-turnstile-cf7-982553984\", {sitekey:\"0x4AAAAAACOcPnZ4v81xvfRo\"})); }, 100); });<\/script> <br class=\"cf-turnstile-br cf-turnstile-br-cf7-982553984\"> <style>#cf-turnstile-cf7-982553984 { margin-left: -15px; }<\/style> <script>document.addEventListener(\"DOMContentLoaded\",function(){document.querySelectorAll('.wpcf7-form').forEach(function(e){e.addEventListener('submit',function(){if(document.getElementById('cf-turnstile-cf7-982553984')){setTimeout(function(){turnstile.reset('#cf-turnstile-cf7-982553984');},1000)}})})});<\/script> <\/div><br \/>\n<input class=\"wpcf7-form-control wpcf7-submit has-spinner\" type=\"submit\" value=\"Saada\" \/>\n<\/p><div class=\"wpcf7-response-output\" aria-hidden=\"true\"><\/div>\n<\/form>\n<\/div>\n<\/div><\/div><\/div><\/div><\/div><\/div><\/div><\/section>\n","protected":false},"excerpt":{"rendered":"J\u00e4rgmine t\u00f6\u00f6tuba 9.4.2026 kell 18.00 Tallinnas. Rohkem infot SIIN. tilk! t\u00f6\u00f6tuba: tule ja loo ise oma toitev ja noorendav n\u00e4oseerum, mis aitab taastada ja hellitada keskkonna poolt koormatud nahka! Nahk vajab pidevat niisutust ja hoolt, ning meie t\u00f6\u00f6tuba \u00f5petab, kuidas oma nahka selleks ette valmistada. Mida t\u00f6\u00f6toas teeme: Nahahoolduse p\u00f5hit\u00f5ed: \u00d5pid tundma naha struktuuri ja...","protected":false},"author":2,"featured_media":0,"parent":0,"menu_order":0,"comment_status":"closed","ping_status":"closed","template":"","meta":{"_acf_changed":false,"footnotes":""},"class_list":["post-73931","page","type-page","status-publish","hentry"],"acf":[],"yoast_head":"<!-- This site is optimized with the Yoast SEO plugin v27.4 - https:\/\/yoast.com\/product\/yoast-seo-wordpress\/ -->\n<title>K\u00e4sit\u00f6\u00f6kosmeetika t\u00f6\u00f6tuba<\/title>\n<meta name=\"description\" content=\"tilk! k\u00e4sit\u00f6\u00f6kosmeetika t\u00f6\u00f6tuba: tule ja loo ise oma toitev ja noorendav n\u00e4oseerum, mis aitab taastada ja hellitada keskkonna poolt koormatud nahka!\" \/>\n<meta name=\"robots\" content=\"index, follow, max-snippet:-1, max-image-preview:large, max-video-preview:-1\" \/>\n<link rel=\"canonical\" href=\"https:\/\/tilk.bio\/et\/tootoad\/\" \/>\n<meta property=\"og:locale\" content=\"et_EE\" \/>\n<meta property=\"og:type\" content=\"article\" \/>\n<meta property=\"og:title\" content=\"K\u00e4sit\u00f6\u00f6kosmeetika t\u00f6\u00f6tuba\" \/>\n<meta property=\"og:description\" content=\"tilk! k\u00e4sit\u00f6\u00f6kosmeetika t\u00f6\u00f6tuba: tule ja loo ise oma toitev ja noorendav n\u00e4oseerum, mis aitab taastada ja hellitada keskkonna poolt koormatud nahka!\" \/>\n<meta property=\"og:url\" content=\"https:\/\/tilk.bio\/et\/tootoad\/\" \/>\n<meta property=\"og:site_name\" content=\"Tilk!\" \/>\n<meta property=\"article:publisher\" content=\"https:\/\/www.facebook.com\/tilk.bio\/\" \/>\n<meta property=\"article:modified_time\" content=\"2026-03-22T20:18:02+00:00\" \/>\n<meta name=\"twitter:card\" content=\"summary_large_image\" \/>\n<meta name=\"twitter:label1\" content=\"Est. reading time\" \/>\n\t<meta name=\"twitter:data1\" content=\"1 minut\" \/>\n<script type=\"application\/ld+json\" class=\"yoast-schema-graph\">{\"@context\":\"https:\\\/\\\/schema.org\",\"@graph\":[{\"@type\":\"WebPage\",\"@id\":\"https:\\\/\\\/tilk.bio\\\/et\\\/tootoad\\\/\",\"url\":\"https:\\\/\\\/tilk.bio\\\/et\\\/tootoad\\\/\",\"name\":\"K\u00e4sit\u00f6\u00f6kosmeetika t\u00f6\u00f6tuba\",\"isPartOf\":{\"@id\":\"https:\\\/\\\/tilk.bio\\\/et\\\/#website\"},\"datePublished\":\"2025-02-10T23:35:26+00:00\",\"dateModified\":\"2026-03-22T20:18:02+00:00\",\"description\":\"tilk! k\u00e4sit\u00f6\u00f6kosmeetika t\u00f6\u00f6tuba: tule ja loo ise oma toitev ja noorendav n\u00e4oseerum, mis aitab taastada ja hellitada keskkonna poolt koormatud nahka!\",\"breadcrumb\":{\"@id\":\"https:\\\/\\\/tilk.bio\\\/et\\\/tootoad\\\/#breadcrumb\"},\"inLanguage\":\"et\",\"potentialAction\":[{\"@type\":\"ReadAction\",\"target\":[\"https:\\\/\\\/tilk.bio\\\/et\\\/tootoad\\\/\"]}]},{\"@type\":\"BreadcrumbList\",\"@id\":\"https:\\\/\\\/tilk.bio\\\/et\\\/tootoad\\\/#breadcrumb\",\"itemListElement\":[{\"@type\":\"ListItem\",\"position\":1,\"name\":\"Home\",\"item\":\"https:\\\/\\\/tilk.bio\\\/et\\\/\"},{\"@type\":\"ListItem\",\"position\":2,\"name\":\"T\u00f6\u00f6toad\"}]},{\"@type\":\"WebSite\",\"@id\":\"https:\\\/\\\/tilk.bio\\\/et\\\/#website\",\"url\":\"https:\\\/\\\/tilk.bio\\\/et\\\/\",\"name\":\"Tilk!\",\"description\":\"Keskkonnas\u00f5bralik ja j\u00e4tkusuutlik looduskosmeetika Saaremaalt.\",\"potentialAction\":[{\"@type\":\"SearchAction\",\"target\":{\"@type\":\"EntryPoint\",\"urlTemplate\":\"https:\\\/\\\/tilk.bio\\\/et\\\/?s={search_term_string}\"},\"query-input\":{\"@type\":\"PropertyValueSpecification\",\"valueRequired\":true,\"valueName\":\"search_term_string\"}}],\"inLanguage\":\"et\"}]}<\/script>\n<!-- \/ Yoast SEO plugin. -->","yoast_head_json":{"title":"K\u00e4sit\u00f6\u00f6kosmeetika t\u00f6\u00f6tuba","description":"tilk! k\u00e4sit\u00f6\u00f6kosmeetika t\u00f6\u00f6tuba: tule ja loo ise oma toitev ja noorendav n\u00e4oseerum, mis aitab taastada ja hellitada keskkonna poolt koormatud nahka!","robots":{"index":"index","follow":"follow","max-snippet":"max-snippet:-1","max-image-preview":"max-image-preview:large","max-video-preview":"max-video-preview:-1"},"canonical":"https:\/\/tilk.bio\/et\/tootoad\/","og_locale":"et_EE","og_type":"article","og_title":"K\u00e4sit\u00f6\u00f6kosmeetika t\u00f6\u00f6tuba","og_description":"tilk! k\u00e4sit\u00f6\u00f6kosmeetika t\u00f6\u00f6tuba: tule ja loo ise oma toitev ja noorendav n\u00e4oseerum, mis aitab taastada ja hellitada keskkonna poolt koormatud nahka!","og_url":"https:\/\/tilk.bio\/et\/tootoad\/","og_site_name":"Tilk!","article_publisher":"https:\/\/www.facebook.com\/tilk.bio\/","article_modified_time":"2026-03-22T20:18:02+00:00","twitter_card":"summary_large_image","twitter_misc":{"Est. reading time":"1 minut"},"schema":{"@context":"https:\/\/schema.org","@graph":[{"@type":"WebPage","@id":"https:\/\/tilk.bio\/et\/tootoad\/","url":"https:\/\/tilk.bio\/et\/tootoad\/","name":"K\u00e4sit\u00f6\u00f6kosmeetika t\u00f6\u00f6tuba","isPartOf":{"@id":"https:\/\/tilk.bio\/et\/#website"},"datePublished":"2025-02-10T23:35:26+00:00","dateModified":"2026-03-22T20:18:02+00:00","description":"tilk! k\u00e4sit\u00f6\u00f6kosmeetika t\u00f6\u00f6tuba: tule ja loo ise oma toitev ja noorendav n\u00e4oseerum, mis aitab taastada ja hellitada keskkonna poolt koormatud nahka!","breadcrumb":{"@id":"https:\/\/tilk.bio\/et\/tootoad\/#breadcrumb"},"inLanguage":"et","potentialAction":[{"@type":"ReadAction","target":["https:\/\/tilk.bio\/et\/tootoad\/"]}]},{"@type":"BreadcrumbList","@id":"https:\/\/tilk.bio\/et\/tootoad\/#breadcrumb","itemListElement":[{"@type":"ListItem","position":1,"name":"Home","item":"https:\/\/tilk.bio\/et\/"},{"@type":"ListItem","position":2,"name":"T\u00f6\u00f6toad"}]},{"@type":"WebSite","@id":"https:\/\/tilk.bio\/et\/#website","url":"https:\/\/tilk.bio\/et\/","name":"Tilk!","description":"Keskkonnas\u00f5bralik ja j\u00e4tkusuutlik looduskosmeetika Saaremaalt.","potentialAction":[{"@type":"SearchAction","target":{"@type":"EntryPoint","urlTemplate":"https:\/\/tilk.bio\/et\/?s={search_term_string}"},"query-input":{"@type":"PropertyValueSpecification","valueRequired":true,"valueName":"search_term_string"}}],"inLanguage":"et"}]}},"_links":{"self":[{"href":"https:\/\/tilk.bio\/et\/wp-json\/wp\/v2\/pages\/73931","targetHints":{"allow":["GET"]}}],"collection":[{"href":"https:\/\/tilk.bio\/et\/wp-json\/wp\/v2\/pages"}],"about":[{"href":"https:\/\/tilk.bio\/et\/wp-json\/wp\/v2\/types\/page"}],"author":[{"embeddable":true,"href":"https:\/\/tilk.bio\/et\/wp-json\/wp\/v2\/users\/2"}],"replies":[{"embeddable":true,"href":"https:\/\/tilk.bio\/et\/wp-json\/wp\/v2\/comments?post=73931"}],"version-history":[{"count":0,"href":"https:\/\/tilk.bio\/et\/wp-json\/wp\/v2\/pages\/73931\/revisions"}],"wp:attachment":[{"href":"https:\/\/tilk.bio\/et\/wp-json\/wp\/v2\/media?parent=73931"}],"curies":[{"name":"wp","href":"https:\/\/api.w.org\/{rel}","templated":true}]}}