{"id":74519,"date":"2025-04-23T20:21:41","date_gmt":"2025-04-23T17:21:41","guid":{"rendered":"https:\/\/tilk.bio\/skincoach\/"},"modified":"2025-04-23T20:58:11","modified_gmt":"2025-04-23T17:58:11","slug":"skincoach","status":"publish","type":"page","link":"https:\/\/tilk.bio\/et\/skincoach\/","title":{"rendered":"Skincoach"},"content":{"rendered":"<section class=\"l-section wpb_row height_medium\"><div class=\"l-section-h i-cf\"><div class=\"g-cols vc_row via_flex valign_top type_default stacking_default\"><div class=\"vc_col-sm-12 wpb_column vc_column_container\"><div class=\"vc_column-inner\"><div class=\"wpb_wrapper\"><div class=\"wpb_text_column\"><div class=\"wpb_wrapper\"><h2 data-start=\"173\" data-end=\"216\"><span>Vajad abi nahahooldustoodete valimisel? &#8211; tilk! Skincoach aitab<\/span><\/h2>\n<p data-start=\"218\" data-end=\"444\">Kas tunned, et turul on liiga palju tooteid ja nahahooldus on muutunud segaseks? Proovid \u00fcht ja teist, aga tulemused j\u00e4\u00e4vad n\u00f5rgaks? Siin tulebki appi Pille Lengi \u2013 sertifitseeritud tilk! skincoach, kes aitab sul ehitada \u00fcles nahahooldusrutiini, mis\u00a0<strong data-start=\"424\" data-end=\"443\">p\u00e4riselt toimib<\/strong>.<\/p>\n<p data-start=\"446\" data-end=\"707\">Pille ei paku lihtsalt soovitusi toodete kohta \u2013 ta \u00f5petab sind\u00a0<strong data-start=\"510\" data-end=\"539\">m\u00f5istma oma naha vajadusi<\/strong>\u00a0ja\u00a0<strong data-start=\"566\" data-end=\"595\">tegema teadlikke valikuid<\/strong>. Tema l\u00e4henemine p\u00f5hineb haridusel, pikajalisel kogemusel, ja praktilisel toetusel.<\/p>\n<h3 data-start=\"709\" data-end=\"737\"><span>Kuidas Pille sind aitab?<\/span><\/h3>\n<ul data-start=\"739\" data-end=\"1097\">\n<li data-start=\"739\" data-end=\"785\">\n<p data-start=\"741\" data-end=\"785\">Hindab sinu naha seisukorda ja vajadusi<\/p>\n<\/li>\n<li data-start=\"786\" data-end=\"847\">\n<p data-start=\"788\" data-end=\"847\">Kasutusel olevate toodete AUDIT: aitab sul m\u00f5ista, miks m\u00f5ni toode t\u00f6\u00f6tab ja m\u00f5ni mitte<\/p>\n<\/li>\n<li data-start=\"848\" data-end=\"921\">\n<p data-start=\"850\" data-end=\"921\">Koostab just sinu nahat\u00fc\u00fcbile ja elustiilile sobiva hooldusrutiini<\/p>\n<\/li>\n<li data-start=\"922\" data-end=\"1029\">\n<p data-start=\"924\" data-end=\"1029\">Toetab sind muutuste k\u00e4igus \u2013 olgu eesm\u00e4rgiks klaar nahk, v\u00e4hem tundlikkust v\u00f5i lihtsalt rohkem s\u00e4ra<\/p>\n<\/li>\n<li data-start=\"1030\" data-end=\"1097\">\n<p data-start=\"1032\" data-end=\"1097\">P\u00f5hjalikud soovitused s\u00fcnnivad teadlikust valikust ja praktilisest kogemusest<\/p>\n<\/li>\n<\/ul>\n<\/div><\/div><\/div><\/div><\/div><\/div><\/div><\/section><section class=\"l-section wpb_row height_medium\"><div class=\"l-section-h i-cf\"><div class=\"g-cols vc_row via_flex valign_top type_default stacking_default\"><div class=\"vc_col-sm-6 wpb_column vc_column_container\"><div class=\"vc_column-inner\"><div class=\"wpb_wrapper\"><div class=\"wpb_text_column\"><div class=\"wpb_wrapper\"><h3 data-start=\"1099\" data-end=\"1111\"><span>Tulemus?<\/span><\/h3>\n<p data-start=\"1113\" data-end=\"1213\">Sa saad endale rutiini, mis on\u00a0<strong data-start=\"1144\" data-end=\"1187\">lihtne, t\u00f5hus ja sobib just sinu nahale<\/strong>. Ei rohkemat, ei v\u00e4hemat.<\/p>\n<p data-start=\"1220\" data-end=\"1366\">\ud83d\uddb1\ufe0f Kirjuta Pillele, kui soovid n\u00f5u pidada \ud83d\udc8c\u00a0 pille@tilk.bio<\/p>\n<\/div><\/div>\n<div class=\"wpcf7 no-js\" id=\"wpcf7-f74429-o1\" lang=\"et\" dir=\"ltr\" data-wpcf7-id=\"74429\">\n<div class=\"screen-reader-response\"><p role=\"status\" aria-live=\"polite\" aria-atomic=\"true\"><\/p> <ul><\/ul><\/div>\n<form action=\"\/et\/wp-json\/wp\/v2\/pages\/74519#wpcf7-f74429-o1\" method=\"post\" class=\"wpcf7-form init\" aria-label=\"Contact form\" novalidate=\"novalidate\" data-status=\"init\">\n<fieldset class=\"hidden-fields-container\"><input type=\"hidden\" name=\"_wpcf7\" value=\"74429\" \/><input type=\"hidden\" name=\"_wpcf7_version\" value=\"6.1.5\" \/><input type=\"hidden\" name=\"_wpcf7_locale\" value=\"et\" \/><input type=\"hidden\" name=\"_wpcf7_unit_tag\" value=\"wpcf7-f74429-o1\" \/><input type=\"hidden\" name=\"_wpcf7_container_post\" value=\"0\" \/><input type=\"hidden\" name=\"_wpcf7_posted_data_hash\" value=\"\" \/>\n<\/fieldset>\n<p><label>Nimi*<br \/>\n<span class=\"wpcf7-form-control-wrap\" data-name=\"your-name\"><input size=\"40\" maxlength=\"400\" class=\"wpcf7-form-control wpcf7-text wpcf7-validates-as-required\" aria-required=\"true\" aria-invalid=\"false\" value=\"\" type=\"text\" name=\"your-name\" \/><\/span> <\/label>\n<\/p>\n<p><label>E-mail*<br \/>\n<span class=\"wpcf7-form-control-wrap\" data-name=\"your-email\"><input size=\"40\" maxlength=\"400\" class=\"wpcf7-form-control wpcf7-email wpcf7-validates-as-required wpcf7-text wpcf7-validates-as-email\" aria-required=\"true\" aria-invalid=\"false\" value=\"\" type=\"email\" name=\"your-email\" \/><\/span> <\/label>\n<\/p>\n<p><label>S\u00f5num*<br \/>\n<span class=\"wpcf7-form-control-wrap\" data-name=\"your-message\"><textarea cols=\"40\" rows=\"10\" maxlength=\"2000\" class=\"wpcf7-form-control wpcf7-textarea wpcf7-validates-as-required\" aria-required=\"true\" aria-invalid=\"false\" name=\"your-message\"><\/textarea><\/span> <\/label><br \/>\n[recaptcha]<br \/>\n<div class=\"cf7-cf-turnstile\" style=\"margin-top: 0px; margin-bottom: -15px;\"> <div id=\"cf-turnstile-cf7-2638037509\" class=\"cf-turnstile\" data-sitekey=\"0x4AAAAAACOcPnZ4v81xvfRo\" data-theme=\"light\" data-language=\"auto\" data-size=\"normal\" data-retry=\"auto\" data-retry-interval=\"1000\" data-refresh-expired=\"auto\" data-action=\"contact-form-7\" data-appearance=\"always\"><\/div> <script>document.addEventListener(\"DOMContentLoaded\", function() { setTimeout(function(){ var e=document.getElementById(\"cf-turnstile-cf7-2638037509\"); e&&!e.innerHTML.trim()&&(turnstile.remove(\"#cf-turnstile-cf7-2638037509\"), turnstile.render(\"#cf-turnstile-cf7-2638037509\", {sitekey:\"0x4AAAAAACOcPnZ4v81xvfRo\"})); }, 100); });<\/script> <br class=\"cf-turnstile-br cf-turnstile-br-cf7-2638037509\"> <style>#cf-turnstile-cf7-2638037509 { margin-left: -15px; }<\/style> <script>document.addEventListener(\"DOMContentLoaded\",function(){document.querySelectorAll('.wpcf7-form').forEach(function(e){e.addEventListener('submit',function(){if(document.getElementById('cf-turnstile-cf7-2638037509')){setTimeout(function(){turnstile.reset('#cf-turnstile-cf7-2638037509');},1000)}})})});<\/script> <\/div><br\/><input class=\"wpcf7-form-control wpcf7-submit has-spinner\" type=\"submit\" value=\"Saada\" \/>\n<\/p><div class=\"wpcf7-response-output\" aria-hidden=\"true\"><\/div>\n<\/form>\n<\/div>\n<\/div><\/div><\/div><div class=\"vc_col-sm-6 wpb_column vc_column_container\"><div class=\"vc_column-inner\"><div class=\"wpb_wrapper\"><div class=\"w-image align_none\"><div class=\"w-image-h\"><img decoding=\"async\" width=\"1024\" height=\"1024\" src=\"https:\/\/tilk.bio\/wp-content\/uploads\/2025\/04\/1-1024x1024.jpg\" class=\"attachment-large size-large\" alt=\"Pille Lengi n\u00e4oseerumi t\u00f6\u00f6tuba\" loading=\"lazy\" srcset=\"https:\/\/tilk.bio\/wp-content\/uploads\/2025\/04\/1-1024x1024.jpg 1024w, https:\/\/tilk.bio\/wp-content\/uploads\/2025\/04\/1-300x300.jpg 300w, https:\/\/tilk.bio\/wp-content\/uploads\/2025\/04\/1-150x150.jpg 150w, https:\/\/tilk.bio\/wp-content\/uploads\/2025\/04\/1-1000x1000.jpg 1000w, https:\/\/tilk.bio\/wp-content\/uploads\/2025\/04\/1.jpg 1200w\" sizes=\"auto, (max-width: 1024px) 100vw, 1024px\" \/><\/div><\/div><\/div><\/div><\/div><\/div><\/div><\/section>\n","protected":false},"excerpt":{"rendered":"Vajad abi nahahooldustoodete valimisel? &#8211; tilk! Skincoach aitab Kas tunned, et turul on liiga palju tooteid ja nahahooldus on muutunud segaseks? Proovid \u00fcht ja teist, aga tulemused j\u00e4\u00e4vad n\u00f5rgaks? Siin tulebki appi Pille Lengi \u2013 sertifitseeritud tilk! skincoach, kes aitab sul ehitada \u00fcles nahahooldusrutiini, mis\u00a0p\u00e4riselt toimib. Pille ei paku lihtsalt soovitusi toodete kohta \u2013 ta...","protected":false},"author":2,"featured_media":0,"parent":0,"menu_order":0,"comment_status":"closed","ping_status":"closed","template":"","meta":{"_acf_changed":false,"footnotes":""},"class_list":["post-74519","page","type-page","status-publish","hentry"],"acf":[],"yoast_head":"<!-- This site is optimized with the Yoast SEO plugin v27.4 - https:\/\/yoast.com\/product\/yoast-seo-wordpress\/ -->\n<title>Skincoach - Tilk!<\/title>\n<meta name=\"robots\" content=\"index, follow, max-snippet:-1, max-image-preview:large, max-video-preview:-1\" \/>\n<link rel=\"canonical\" href=\"https:\/\/tilk.bio\/et\/skincoach\/\" \/>\n<meta property=\"og:locale\" content=\"et_EE\" \/>\n<meta property=\"og:type\" content=\"article\" \/>\n<meta property=\"og:title\" content=\"Skincoach - Tilk!\" \/>\n<meta property=\"og:url\" content=\"https:\/\/tilk.bio\/et\/skincoach\/\" \/>\n<meta property=\"og:site_name\" content=\"Tilk!\" \/>\n<meta property=\"article:publisher\" content=\"https:\/\/www.facebook.com\/tilk.bio\/\" \/>\n<meta property=\"article:modified_time\" content=\"2025-04-23T17:58:11+00:00\" \/>\n<meta name=\"twitter:card\" content=\"summary_large_image\" \/>\n<meta name=\"twitter:label1\" content=\"Est. reading time\" \/>\n\t<meta name=\"twitter:data1\" content=\"1 minut\" \/>\n<script type=\"application\/ld+json\" class=\"yoast-schema-graph\">{\"@context\":\"https:\\\/\\\/schema.org\",\"@graph\":[{\"@type\":\"WebPage\",\"@id\":\"https:\\\/\\\/tilk.bio\\\/et\\\/skincoach\\\/\",\"url\":\"https:\\\/\\\/tilk.bio\\\/et\\\/skincoach\\\/\",\"name\":\"Skincoach - Tilk!\",\"isPartOf\":{\"@id\":\"https:\\\/\\\/tilk.bio\\\/et\\\/#website\"},\"datePublished\":\"2025-04-23T17:21:41+00:00\",\"dateModified\":\"2025-04-23T17:58:11+00:00\",\"breadcrumb\":{\"@id\":\"https:\\\/\\\/tilk.bio\\\/et\\\/skincoach\\\/#breadcrumb\"},\"inLanguage\":\"et\",\"potentialAction\":[{\"@type\":\"ReadAction\",\"target\":[\"https:\\\/\\\/tilk.bio\\\/et\\\/skincoach\\\/\"]}]},{\"@type\":\"BreadcrumbList\",\"@id\":\"https:\\\/\\\/tilk.bio\\\/et\\\/skincoach\\\/#breadcrumb\",\"itemListElement\":[{\"@type\":\"ListItem\",\"position\":1,\"name\":\"Home\",\"item\":\"https:\\\/\\\/tilk.bio\\\/et\\\/\"},{\"@type\":\"ListItem\",\"position\":2,\"name\":\"Skincoach\"}]},{\"@type\":\"WebSite\",\"@id\":\"https:\\\/\\\/tilk.bio\\\/et\\\/#website\",\"url\":\"https:\\\/\\\/tilk.bio\\\/et\\\/\",\"name\":\"Tilk!\",\"description\":\"Keskkonnas\u00f5bralik ja j\u00e4tkusuutlik looduskosmeetika Saaremaalt.\",\"potentialAction\":[{\"@type\":\"SearchAction\",\"target\":{\"@type\":\"EntryPoint\",\"urlTemplate\":\"https:\\\/\\\/tilk.bio\\\/et\\\/?s={search_term_string}\"},\"query-input\":{\"@type\":\"PropertyValueSpecification\",\"valueRequired\":true,\"valueName\":\"search_term_string\"}}],\"inLanguage\":\"et\"}]}<\/script>\n<!-- \/ Yoast SEO plugin. -->","yoast_head_json":{"title":"Skincoach - Tilk!","robots":{"index":"index","follow":"follow","max-snippet":"max-snippet:-1","max-image-preview":"max-image-preview:large","max-video-preview":"max-video-preview:-1"},"canonical":"https:\/\/tilk.bio\/et\/skincoach\/","og_locale":"et_EE","og_type":"article","og_title":"Skincoach - Tilk!","og_url":"https:\/\/tilk.bio\/et\/skincoach\/","og_site_name":"Tilk!","article_publisher":"https:\/\/www.facebook.com\/tilk.bio\/","article_modified_time":"2025-04-23T17:58:11+00:00","twitter_card":"summary_large_image","twitter_misc":{"Est. reading time":"1 minut"},"schema":{"@context":"https:\/\/schema.org","@graph":[{"@type":"WebPage","@id":"https:\/\/tilk.bio\/et\/skincoach\/","url":"https:\/\/tilk.bio\/et\/skincoach\/","name":"Skincoach - Tilk!","isPartOf":{"@id":"https:\/\/tilk.bio\/et\/#website"},"datePublished":"2025-04-23T17:21:41+00:00","dateModified":"2025-04-23T17:58:11+00:00","breadcrumb":{"@id":"https:\/\/tilk.bio\/et\/skincoach\/#breadcrumb"},"inLanguage":"et","potentialAction":[{"@type":"ReadAction","target":["https:\/\/tilk.bio\/et\/skincoach\/"]}]},{"@type":"BreadcrumbList","@id":"https:\/\/tilk.bio\/et\/skincoach\/#breadcrumb","itemListElement":[{"@type":"ListItem","position":1,"name":"Home","item":"https:\/\/tilk.bio\/et\/"},{"@type":"ListItem","position":2,"name":"Skincoach"}]},{"@type":"WebSite","@id":"https:\/\/tilk.bio\/et\/#website","url":"https:\/\/tilk.bio\/et\/","name":"Tilk!","description":"Keskkonnas\u00f5bralik ja j\u00e4tkusuutlik looduskosmeetika Saaremaalt.","potentialAction":[{"@type":"SearchAction","target":{"@type":"EntryPoint","urlTemplate":"https:\/\/tilk.bio\/et\/?s={search_term_string}"},"query-input":{"@type":"PropertyValueSpecification","valueRequired":true,"valueName":"search_term_string"}}],"inLanguage":"et"}]}},"_links":{"self":[{"href":"https:\/\/tilk.bio\/et\/wp-json\/wp\/v2\/pages\/74519","targetHints":{"allow":["GET"]}}],"collection":[{"href":"https:\/\/tilk.bio\/et\/wp-json\/wp\/v2\/pages"}],"about":[{"href":"https:\/\/tilk.bio\/et\/wp-json\/wp\/v2\/types\/page"}],"author":[{"embeddable":true,"href":"https:\/\/tilk.bio\/et\/wp-json\/wp\/v2\/users\/2"}],"replies":[{"embeddable":true,"href":"https:\/\/tilk.bio\/et\/wp-json\/wp\/v2\/comments?post=74519"}],"version-history":[{"count":0,"href":"https:\/\/tilk.bio\/et\/wp-json\/wp\/v2\/pages\/74519\/revisions"}],"wp:attachment":[{"href":"https:\/\/tilk.bio\/et\/wp-json\/wp\/v2\/media?parent=74519"}],"curies":[{"name":"wp","href":"https:\/\/api.w.org\/{rel}","templated":true}]}}