{"id":17598,"date":"2020-05-06T23:29:15","date_gmt":"2020-05-06T20:29:15","guid":{"rendered":"https:\/\/tilk.bio\/shop\/scrub-me-naokoorija-koikidele-nahatuupidele\/"},"modified":"2026-04-14T16:45:26","modified_gmt":"2026-04-14T13:45:26","slug":"scrub-me-naokoorija-koikidele-nahatuupidele","status":"publish","type":"product","link":"https:\/\/tilk.bio\/et\/pood\/scrub-me-naokoorija-koikidele-nahatuupidele\/","title":{"rendered":"Scrub Me nahka niisutav ja toitev n\u00e4okoorija mandariiniga"},"content":{"rendered":"<p>AUHINNATUD<\/p>\n<p><span style=\"font-weight: 400;\">Scrub Me \u00f5rn <a href=\"https:\/\/tilk.bio\/et\/tootekategooria\/naohooldus\/naokoorijad\/\">n\u00e4okoorija<\/a> aitab rakkudel uueneda ja pakub nahale s\u00fcgavniisutavat kosutust. Koorija kasutamine aitab ennetada nahaaluste ummistuste teket ning puhastada juba ummistunud poore. Samaaegselt surnud naharakkude eemaldamisega annab koorija v\u00e4rskust ja niisutust, sobides k\u00f5ikidele nahat\u00fc\u00fcpidele.<\/span><\/p>\n<p><span style=\"font-weight: 400;\">Koorija rikkalikus koostises sisalduvad saialill ja kastoor\u00f5li tagavad terve ja pehme naha ning leevendavad v\u00f5imalikku \u00e4rritust. Aprikoosituumapulber ja p\u00f5ldosjaekstrakt stimuleerivad vereringet ning aitavad surnud naharakke eemaldada. P\u00f5ldosja bioaktiivsed koostisosad puhastavad nahka j\u00e4\u00e4kainetest ja pooridesse kogunenud mustusest. Kookos- ja kastoor\u00f5li aitavad s\u00e4ilitada naha niiskustasakaalu. N\u00e4okoorijat kasutades saab nautida v\u00e4rsket mandariinil\u00f5hna.<\/span><\/p>\n<p><span style=\"font-weight: 400;\">Kasutamine: N\u00e4okoorija looduslikud toimeained on naha vastu \u00f5rnad ja seet\u00f5ttu v\u00f5ib seda vastavalt vajadusele kasutada mitu korda n\u00e4dalas. Kanna see \u00f5rnalt niiskele nahale, masseerides nahka ringjate liigutustega ning loputa leige veega. Peale koorimist v\u00f5ib nahka poputada ka niisutava n\u00e4omaskiga, proovi n\u00e4iteks maski <\/span><a href=\"https:\/\/tilk.bio\/et\/pood\/turba-naomask-probleemse-naha-ja-akne-jaoks\/\"><span style=\"font-weight: 400;\">Detox Me<\/span><\/a><span style=\"font-weight: 400;\">.<\/span><\/p>\n<p><span style=\"font-weight: 400;\">K\u00f5ik koorija koostisosad on looduslikku p\u00e4ritolu ning vegan. Koorija loomisel on kasutatud Saaremaalt k\u00e4sitsi korjatud taimede \u00f5lisid.<\/span><\/p>\n<p><span style=\"font-weight: 400;\">Hoiustamine: Hoiusta n\u00e4okoorijat toatemperatuuril.<\/span><\/p>\n<p><span style=\"font-weight: 400;\">Kogus: 10ml\/50ml<\/span><\/p>\n","protected":false},"excerpt":{"rendered":"<p>AUHINNATUD Scrub Me \u00f5rn n\u00e4okoorija aitab rakkudel uueneda ja pakub nahale s\u00fcgavniisutavat kosutust. Koorija kasutamine aitab ennetada nahaaluste ummistuste teket ning puhastada juba ummistunud poore. Samaaegselt surnud naharakkude eemaldamisega annab koorija v\u00e4rskust ja niisutust, sobides k\u00f5ikidele nahat\u00fc\u00fcpidele. Koorija rikkalikus koostises sisalduvad saialill ja kastoor\u00f5li tagavad terve ja pehme naha ning leevendavad v\u00f5imalikku \u00e4rritust. Aprikoosituumapulber ja&#8230;<\/p>\n","protected":false},"featured_media":67353,"comment_status":"open","ping_status":"closed","template":"","meta":{"_acf_changed":false},"product_brand":[],"product_cat":[604,389,689,511,692,533,691,713,690],"product_tag":[221,215,216],"class_list":{"0":"post-17598","1":"product","2":"type-product","3":"status-publish","4":"has-post-thumbnail","6":"product_cat-naokoorijad","7":"product_cat-koik-tooted","8":"product_cat-kuiv-nahk","9":"product_cat-naohooldus","10":"product_cat-normaalne-ja-kombineeritud-nahk","11":"product_cat-spaatli-voimalus","12":"product_cat-tekstuuri-ja-tooniprobleemidega-nahk","13":"product_cat-tilk-herbal-et","14":"product_cat-tundlik-nahk","15":"product_tag-koik-nahatuubid","16":"product_tag-seganahk","17":"product_tag-normaalne-nahk","19":"first","20":"instock","21":"taxable","22":"shipping-taxable","23":"purchasable","24":"product-type-variable"},"acf":[],"yoast_head":"<!-- This site is optimized with the Yoast SEO plugin v27.4 - https:\/\/yoast.com\/product\/yoast-seo-wordpress\/ -->\n<title>Scrub Me n\u00e4okoorija mandariiniga<\/title>\n<meta name=\"description\" content=\"Scrub me \u00f5rn niisutab ja pehmendab nahka. See n\u00e4okoorija aitab naharakkudel uueneda ja niisutab nahka s\u00fcgavuti muutes naha elastseks.\" \/>\n<meta name=\"robots\" content=\"index, follow, max-snippet:-1, max-image-preview:large, max-video-preview:-1\" \/>\n<link rel=\"canonical\" href=\"https:\/\/tilk.bio\/et\/pood\/scrub-me-naokoorija-koikidele-nahatuupidele\/\" \/>\n<meta property=\"og:locale\" content=\"et_EE\" \/>\n<meta property=\"og:type\" content=\"article\" \/>\n<meta property=\"og:title\" content=\"Scrub Me n\u00e4okoorija\" \/>\n<meta property=\"og:description\" content=\"Scrub me \u00f5rn n\u00e4okoorija aitab naharakkudel uueneda ja niisutab nahka s\u00fcgavuti. Saialill koorija rikkalikus koostises parandab naha tervist leevendades v\u00f5imalikku \u00e4rritust. P\u00f5ldosi bioaktiivsed koostisosad puhastavad nahka j\u00e4\u00e4kainetest ja pooridesse kogunenud mustusest ning kastoor-ja kookos\u00f5lid pehmendavad ja niisutavad nahka. Mandariinil\u00f5hnaline koorija sobib k\u00f5igile nahat\u00fc\u00fcpidele. K\u00f5ik kreemi koostisosad on looduslikku p\u00e4ritolu ja vegan. Kreemis kasutame Saaremaalt korjatud taimede \u00f5lisid.\" \/>\n<meta property=\"og:url\" content=\"https:\/\/tilk.bio\/et\/pood\/scrub-me-naokoorija-koikidele-nahatuupidele\/\" \/>\n<meta property=\"og:site_name\" content=\"Tilk!\" \/>\n<meta property=\"article:publisher\" content=\"https:\/\/www.facebook.com\/tilk.bio\/\" \/>\n<meta property=\"article:modified_time\" content=\"2026-04-14T13:45:26+00:00\" \/>\n<meta property=\"og:image\" content=\"https:\/\/tilk.bio\/wp-content\/uploads\/2020\/05\/1.jpg\" \/>\n\t<meta property=\"og:image:width\" content=\"1200\" \/>\n\t<meta property=\"og:image:height\" content=\"1200\" \/>\n\t<meta property=\"og:image:type\" content=\"image\/jpeg\" \/>\n<meta name=\"twitter:card\" content=\"summary_large_image\" \/>\n<meta name=\"twitter:label1\" content=\"Est. reading time\" \/>\n\t<meta name=\"twitter:data1\" content=\"1 minut\" \/>\n<script type=\"application\/ld+json\" class=\"yoast-schema-graph\">{\"@context\":\"https:\\\/\\\/schema.org\",\"@graph\":[{\"@type\":\"WebPage\",\"@id\":\"https:\\\/\\\/tilk.bio\\\/et\\\/pood\\\/scrub-me-naokoorija-koikidele-nahatuupidele\\\/\",\"url\":\"https:\\\/\\\/tilk.bio\\\/et\\\/pood\\\/scrub-me-naokoorija-koikidele-nahatuupidele\\\/\",\"name\":\"Scrub Me n\u00e4okoorija mandariiniga\",\"isPartOf\":{\"@id\":\"https:\\\/\\\/tilk.bio\\\/et\\\/#website\"},\"primaryImageOfPage\":{\"@id\":\"https:\\\/\\\/tilk.bio\\\/et\\\/pood\\\/scrub-me-naokoorija-koikidele-nahatuupidele\\\/#primaryimage\"},\"image\":{\"@id\":\"https:\\\/\\\/tilk.bio\\\/et\\\/pood\\\/scrub-me-naokoorija-koikidele-nahatuupidele\\\/#primaryimage\"},\"thumbnailUrl\":\"https:\\\/\\\/tilk.bio\\\/wp-content\\\/uploads\\\/2020\\\/05\\\/1.jpg\",\"datePublished\":\"2020-05-06T20:29:15+00:00\",\"dateModified\":\"2026-04-14T13:45:26+00:00\",\"description\":\"Scrub me \u00f5rn niisutab ja pehmendab nahka. See n\u00e4okoorija aitab naharakkudel uueneda ja niisutab nahka s\u00fcgavuti muutes naha elastseks.\",\"breadcrumb\":{\"@id\":\"https:\\\/\\\/tilk.bio\\\/et\\\/pood\\\/scrub-me-naokoorija-koikidele-nahatuupidele\\\/#breadcrumb\"},\"inLanguage\":\"et\",\"potentialAction\":[{\"@type\":\"ReadAction\",\"target\":[\"https:\\\/\\\/tilk.bio\\\/et\\\/pood\\\/scrub-me-naokoorija-koikidele-nahatuupidele\\\/\"]}]},{\"@type\":\"ImageObject\",\"inLanguage\":\"et\",\"@id\":\"https:\\\/\\\/tilk.bio\\\/et\\\/pood\\\/scrub-me-naokoorija-koikidele-nahatuupidele\\\/#primaryimage\",\"url\":\"https:\\\/\\\/tilk.bio\\\/wp-content\\\/uploads\\\/2020\\\/05\\\/1.jpg\",\"contentUrl\":\"https:\\\/\\\/tilk.bio\\\/wp-content\\\/uploads\\\/2020\\\/05\\\/1.jpg\",\"width\":1200,\"height\":1200},{\"@type\":\"BreadcrumbList\",\"@id\":\"https:\\\/\\\/tilk.bio\\\/et\\\/pood\\\/scrub-me-naokoorija-koikidele-nahatuupidele\\\/#breadcrumb\",\"itemListElement\":[{\"@type\":\"ListItem\",\"position\":1,\"name\":\"Home\",\"item\":\"https:\\\/\\\/tilk.bio\\\/et\\\/\"},{\"@type\":\"ListItem\",\"position\":2,\"name\":\"Pood\",\"item\":\"https:\\\/\\\/tilk.bio\\\/et\\\/pood\\\/\"},{\"@type\":\"ListItem\",\"position\":3,\"name\":\"Scrub Me nahka niisutav ja toitev n\u00e4okoorija mandariiniga\"}]},{\"@type\":\"WebSite\",\"@id\":\"https:\\\/\\\/tilk.bio\\\/et\\\/#website\",\"url\":\"https:\\\/\\\/tilk.bio\\\/et\\\/\",\"name\":\"Tilk!\",\"description\":\"Keskkonnas\u00f5bralik ja j\u00e4tkusuutlik looduskosmeetika Saaremaalt.\",\"potentialAction\":[{\"@type\":\"SearchAction\",\"target\":{\"@type\":\"EntryPoint\",\"urlTemplate\":\"https:\\\/\\\/tilk.bio\\\/et\\\/?s={search_term_string}\"},\"query-input\":{\"@type\":\"PropertyValueSpecification\",\"valueRequired\":true,\"valueName\":\"search_term_string\"}}],\"inLanguage\":\"et\"}]}<\/script>\n<!-- \/ Yoast SEO plugin. -->","yoast_head_json":{"title":"Scrub Me n\u00e4okoorija mandariiniga","description":"Scrub me \u00f5rn niisutab ja pehmendab nahka. See n\u00e4okoorija aitab naharakkudel uueneda ja niisutab nahka s\u00fcgavuti muutes naha elastseks.","robots":{"index":"index","follow":"follow","max-snippet":"max-snippet:-1","max-image-preview":"max-image-preview:large","max-video-preview":"max-video-preview:-1"},"canonical":"https:\/\/tilk.bio\/et\/pood\/scrub-me-naokoorija-koikidele-nahatuupidele\/","og_locale":"et_EE","og_type":"article","og_title":"Scrub Me n\u00e4okoorija","og_description":"Scrub me \u00f5rn n\u00e4okoorija aitab naharakkudel uueneda ja niisutab nahka s\u00fcgavuti. Saialill koorija rikkalikus koostises parandab naha tervist leevendades v\u00f5imalikku \u00e4rritust. P\u00f5ldosi bioaktiivsed koostisosad puhastavad nahka j\u00e4\u00e4kainetest ja pooridesse kogunenud mustusest ning kastoor-ja kookos\u00f5lid pehmendavad ja niisutavad nahka. Mandariinil\u00f5hnaline koorija sobib k\u00f5igile nahat\u00fc\u00fcpidele. K\u00f5ik kreemi koostisosad on looduslikku p\u00e4ritolu ja vegan. Kreemis kasutame Saaremaalt korjatud taimede \u00f5lisid.","og_url":"https:\/\/tilk.bio\/et\/pood\/scrub-me-naokoorija-koikidele-nahatuupidele\/","og_site_name":"Tilk!","article_publisher":"https:\/\/www.facebook.com\/tilk.bio\/","article_modified_time":"2026-04-14T13:45:26+00:00","og_image":[{"width":1200,"height":1200,"url":"https:\/\/tilk.bio\/wp-content\/uploads\/2020\/05\/1.jpg","type":"image\/jpeg"}],"twitter_card":"summary_large_image","twitter_misc":{"Est. reading time":"1 minut"},"schema":{"@context":"https:\/\/schema.org","@graph":[{"@type":"WebPage","@id":"https:\/\/tilk.bio\/et\/pood\/scrub-me-naokoorija-koikidele-nahatuupidele\/","url":"https:\/\/tilk.bio\/et\/pood\/scrub-me-naokoorija-koikidele-nahatuupidele\/","name":"Scrub Me n\u00e4okoorija mandariiniga","isPartOf":{"@id":"https:\/\/tilk.bio\/et\/#website"},"primaryImageOfPage":{"@id":"https:\/\/tilk.bio\/et\/pood\/scrub-me-naokoorija-koikidele-nahatuupidele\/#primaryimage"},"image":{"@id":"https:\/\/tilk.bio\/et\/pood\/scrub-me-naokoorija-koikidele-nahatuupidele\/#primaryimage"},"thumbnailUrl":"https:\/\/tilk.bio\/wp-content\/uploads\/2020\/05\/1.jpg","datePublished":"2020-05-06T20:29:15+00:00","dateModified":"2026-04-14T13:45:26+00:00","description":"Scrub me \u00f5rn niisutab ja pehmendab nahka. See n\u00e4okoorija aitab naharakkudel uueneda ja niisutab nahka s\u00fcgavuti muutes naha elastseks.","breadcrumb":{"@id":"https:\/\/tilk.bio\/et\/pood\/scrub-me-naokoorija-koikidele-nahatuupidele\/#breadcrumb"},"inLanguage":"et","potentialAction":[{"@type":"ReadAction","target":["https:\/\/tilk.bio\/et\/pood\/scrub-me-naokoorija-koikidele-nahatuupidele\/"]}]},{"@type":"ImageObject","inLanguage":"et","@id":"https:\/\/tilk.bio\/et\/pood\/scrub-me-naokoorija-koikidele-nahatuupidele\/#primaryimage","url":"https:\/\/tilk.bio\/wp-content\/uploads\/2020\/05\/1.jpg","contentUrl":"https:\/\/tilk.bio\/wp-content\/uploads\/2020\/05\/1.jpg","width":1200,"height":1200},{"@type":"BreadcrumbList","@id":"https:\/\/tilk.bio\/et\/pood\/scrub-me-naokoorija-koikidele-nahatuupidele\/#breadcrumb","itemListElement":[{"@type":"ListItem","position":1,"name":"Home","item":"https:\/\/tilk.bio\/et\/"},{"@type":"ListItem","position":2,"name":"Pood","item":"https:\/\/tilk.bio\/et\/pood\/"},{"@type":"ListItem","position":3,"name":"Scrub Me nahka niisutav ja toitev n\u00e4okoorija mandariiniga"}]},{"@type":"WebSite","@id":"https:\/\/tilk.bio\/et\/#website","url":"https:\/\/tilk.bio\/et\/","name":"Tilk!","description":"Keskkonnas\u00f5bralik ja j\u00e4tkusuutlik looduskosmeetika Saaremaalt.","potentialAction":[{"@type":"SearchAction","target":{"@type":"EntryPoint","urlTemplate":"https:\/\/tilk.bio\/et\/?s={search_term_string}"},"query-input":{"@type":"PropertyValueSpecification","valueRequired":true,"valueName":"search_term_string"}}],"inLanguage":"et"}]}},"_links":{"self":[{"href":"https:\/\/tilk.bio\/et\/wp-json\/wp\/v2\/product\/17598","targetHints":{"allow":["GET"]}}],"collection":[{"href":"https:\/\/tilk.bio\/et\/wp-json\/wp\/v2\/product"}],"about":[{"href":"https:\/\/tilk.bio\/et\/wp-json\/wp\/v2\/types\/product"}],"replies":[{"embeddable":true,"href":"https:\/\/tilk.bio\/et\/wp-json\/wp\/v2\/comments?post=17598"}],"wp:featuredmedia":[{"embeddable":true,"href":"https:\/\/tilk.bio\/et\/wp-json\/wp\/v2\/media\/67353"}],"wp:attachment":[{"href":"https:\/\/tilk.bio\/et\/wp-json\/wp\/v2\/media?parent=17598"}],"wp:term":[{"taxonomy":"product_brand","embeddable":true,"href":"https:\/\/tilk.bio\/et\/wp-json\/wp\/v2\/product_brand?post=17598"},{"taxonomy":"product_cat","embeddable":true,"href":"https:\/\/tilk.bio\/et\/wp-json\/wp\/v2\/product_cat?post=17598"},{"taxonomy":"product_tag","embeddable":true,"href":"https:\/\/tilk.bio\/et\/wp-json\/wp\/v2\/product_tag?post=17598"}],"curies":[{"name":"wp","href":"https:\/\/api.w.org\/{rel}","templated":true}]}}