{"id":17606,"date":"2016-09-23T20:29:09","date_gmt":"2016-09-23T20:29:09","guid":{"rendered":"https:\/\/tilk.bio\/shop\/tilk-travel-kit-komplekt\/"},"modified":"2026-02-04T13:36:01","modified_gmt":"2026-02-04T11:36:01","slug":"komplekt-rannak","status":"publish","type":"product","link":"https:\/\/tilk.bio\/et\/pood\/komplekt-rannak\/","title":{"rendered":"Reisikomplekt \u201cR\u00e4nnak\u201d kolme kreemiga"},"content":{"rendered":"","protected":false},"excerpt":{"rendered":"<p>Reisitoodetest koosnev kreemide komplekt \u201cR\u00e4nnak\u201d on ideaalne reisikaaslane, sisaldades k\u00e4ep\u00e4raseid k\u00e4sipagasisse sobivaid tooteid. Reisikomplekt on ka suurep\u00e4rane v\u00f5imalus proovida erinevaid tooteid, et leida oma lemmikud ja muuta oma nahahooldus r\u00e4nnakuks. Komplekti saad ise kokku panna just oma naha vajadustest l\u00e4htuvalt.<\/p>\n<p>Sa saad endale valida meelep\u00e4rase p\u00e4evakreemi (10 ml), \u00f6\u00f6kreemi (10 ml) ja Love Me k\u00e4tekreemi (10 ml).<\/p>\n<p>Leia oma lemmik p\u00e4evakreem <a href=\"https:\/\/tilk.bio\/et\/tootekategooria\/naohooldus\/naokreem\/\"><strong>SIIT<\/strong><\/a>.<br \/>\nLeia oma lemmik \u00f6\u00f6kreem <a href=\"https:\/\/tilk.bio\/et\/tootekategooria\/naohooldus\/naokreem\/\"><strong>SIIT<\/strong><\/a>.<\/p>\n<p>Kui vajad abi toodete valimisel, vaata ka meie <a href=\"https:\/\/tilk.bio\/et\/nahatuup\/\">soovitusi erinevatele nahat\u00fc\u00fcpidele.<\/a><\/p>\n","protected":false},"featured_media":67655,"comment_status":"open","ping_status":"closed","template":"","meta":{"_acf_changed":false},"product_brand":[],"product_cat":[389,499,511,500,713],"product_tag":[215,218,212,211,219,216,220,213,217,214],"class_list":{"0":"post-17606","1":"product","2":"type-product","3":"status-publish","4":"has-post-thumbnail","6":"product_cat-koik-tooted","7":"product_cat-komplektid","8":"product_cat-naohooldus","9":"product_cat-reisitooted","10":"product_cat-tilk-herbal-et","11":"product_tag-seganahk","12":"product_tag-kreem","13":"product_tag-kuiv-nahk","14":"product_tag-moisture-me-et-2","15":"product_tag-nahahooldus","16":"product_tag-normaalne-nahk","17":"product_tag-pakk","18":"product_tag-rasune-nahk","19":"product_tag-naokreem","20":"product_tag-tundlik-nahk","22":"first","23":"instock","24":"sale","25":"taxable","26":"shipping-taxable","27":"purchasable","28":"product-type-variable"},"acf":[],"yoast_head":"<!-- This site is optimized with the Yoast SEO plugin v27.4 - https:\/\/yoast.com\/product\/yoast-seo-wordpress\/ -->\n<title>Reisikomplekt \u201cR\u00e4nnak\u201d kolme kreemiga - Tilk!<\/title>\n<meta name=\"description\" content=\"This Tilk! gift bag contains of great choice of fresh and natural face creams that make you feel gorgeous. It is an ideal option for those who would like to receive a selection of our creams at once! Among this set you will find a day cream (10ml) at your own choice, night cream Spoon Me (10ml) and a hand cream (10ml). Please specify your face cream choice in the comments.\" \/>\n<meta name=\"robots\" content=\"index, follow, max-snippet:-1, max-image-preview:large, max-video-preview:-1\" \/>\n<link rel=\"canonical\" href=\"https:\/\/tilk.bio\/et\/pood\/komplekt-rannak\/\" \/>\n<meta property=\"og:locale\" content=\"et_EE\" \/>\n<meta property=\"og:type\" content=\"article\" \/>\n<meta property=\"og:title\" content=\"Reisikomplekt \u201cR\u00e4nnak\u201d kolme kreemiga - Tilk!\" \/>\n<meta property=\"og:description\" content=\"This Tilk! gift bag contains of great choice of fresh and natural face creams that make you feel gorgeous. It is an ideal option for those who would like to receive a selection of our creams at once! Among this set you will find a day cream (10ml) at your own choice, night cream Spoon Me (10ml) and a hand cream (10ml). Please specify your face cream choice in the comments.\" \/>\n<meta property=\"og:url\" content=\"https:\/\/tilk.bio\/et\/pood\/komplekt-rannak\/\" \/>\n<meta property=\"og:site_name\" content=\"Tilk!\" \/>\n<meta property=\"article:publisher\" content=\"https:\/\/www.facebook.com\/tilk.bio\/\" \/>\n<meta property=\"article:modified_time\" content=\"2026-02-04T11:36:01+00:00\" \/>\n<meta property=\"og:image\" content=\"https:\/\/tilk.bio\/wp-content\/uploads\/2010\/05\/11.jpg\" \/>\n\t<meta property=\"og:image:width\" content=\"1200\" \/>\n\t<meta property=\"og:image:height\" content=\"1200\" \/>\n\t<meta property=\"og:image:type\" content=\"image\/jpeg\" \/>\n<meta name=\"twitter:card\" content=\"summary_large_image\" \/>\n<meta name=\"twitter:description\" content=\"This Tilk! gift bag contains of great choice of fresh and natural face creams that make you feel gorgeous. It is an ideal option for those who would like to receive a selection of our creams at once! Among this set you will find a day cream (10ml) at your own choice, night cream Spoon Me (10ml) and a hand cream (10ml). Please specify your face cream choice in the comments.\" \/>\n<meta name=\"twitter:image\" content=\"https:\/\/tilk.bio\/wp-content\/uploads\/2016\/01\/naturaln-hand-cream-love-me.jpg\" \/>\n<script type=\"application\/ld+json\" class=\"yoast-schema-graph\">{\"@context\":\"https:\\\/\\\/schema.org\",\"@graph\":[{\"@type\":\"WebPage\",\"@id\":\"https:\\\/\\\/tilk.bio\\\/et\\\/pood\\\/komplekt-rannak\\\/\",\"url\":\"https:\\\/\\\/tilk.bio\\\/et\\\/pood\\\/komplekt-rannak\\\/\",\"name\":\"Reisikomplekt \u201cR\u00e4nnak\u201d kolme kreemiga - Tilk!\",\"isPartOf\":{\"@id\":\"https:\\\/\\\/tilk.bio\\\/et\\\/#website\"},\"primaryImageOfPage\":{\"@id\":\"https:\\\/\\\/tilk.bio\\\/et\\\/pood\\\/komplekt-rannak\\\/#primaryimage\"},\"image\":{\"@id\":\"https:\\\/\\\/tilk.bio\\\/et\\\/pood\\\/komplekt-rannak\\\/#primaryimage\"},\"thumbnailUrl\":\"https:\\\/\\\/tilk.bio\\\/wp-content\\\/uploads\\\/2010\\\/05\\\/11.jpg\",\"datePublished\":\"2016-09-23T20:29:09+00:00\",\"dateModified\":\"2026-02-04T11:36:01+00:00\",\"description\":\"This Tilk! gift bag contains of great choice of fresh and natural face creams that make you feel gorgeous. It is an ideal option for those who would like to receive a selection of our creams at once! Among this set you will find a day cream (10ml) at your own choice, night cream Spoon Me (10ml) and a hand cream (10ml). Please specify your face cream choice in the comments.\",\"breadcrumb\":{\"@id\":\"https:\\\/\\\/tilk.bio\\\/et\\\/pood\\\/komplekt-rannak\\\/#breadcrumb\"},\"inLanguage\":\"et\",\"potentialAction\":[{\"@type\":\"ReadAction\",\"target\":[\"https:\\\/\\\/tilk.bio\\\/et\\\/pood\\\/komplekt-rannak\\\/\"]}]},{\"@type\":\"ImageObject\",\"inLanguage\":\"et\",\"@id\":\"https:\\\/\\\/tilk.bio\\\/et\\\/pood\\\/komplekt-rannak\\\/#primaryimage\",\"url\":\"https:\\\/\\\/tilk.bio\\\/wp-content\\\/uploads\\\/2010\\\/05\\\/11.jpg\",\"contentUrl\":\"https:\\\/\\\/tilk.bio\\\/wp-content\\\/uploads\\\/2010\\\/05\\\/11.jpg\",\"width\":1200,\"height\":1200},{\"@type\":\"BreadcrumbList\",\"@id\":\"https:\\\/\\\/tilk.bio\\\/et\\\/pood\\\/komplekt-rannak\\\/#breadcrumb\",\"itemListElement\":[{\"@type\":\"ListItem\",\"position\":1,\"name\":\"Home\",\"item\":\"https:\\\/\\\/tilk.bio\\\/et\\\/\"},{\"@type\":\"ListItem\",\"position\":2,\"name\":\"Pood\",\"item\":\"https:\\\/\\\/tilk.bio\\\/et\\\/pood\\\/\"},{\"@type\":\"ListItem\",\"position\":3,\"name\":\"Reisikomplekt \u201cR\u00e4nnak\u201d kolme kreemiga\"}]},{\"@type\":\"WebSite\",\"@id\":\"https:\\\/\\\/tilk.bio\\\/et\\\/#website\",\"url\":\"https:\\\/\\\/tilk.bio\\\/et\\\/\",\"name\":\"Tilk!\",\"description\":\"Keskkonnas\u00f5bralik ja j\u00e4tkusuutlik looduskosmeetika Saaremaalt.\",\"potentialAction\":[{\"@type\":\"SearchAction\",\"target\":{\"@type\":\"EntryPoint\",\"urlTemplate\":\"https:\\\/\\\/tilk.bio\\\/et\\\/?s={search_term_string}\"},\"query-input\":{\"@type\":\"PropertyValueSpecification\",\"valueRequired\":true,\"valueName\":\"search_term_string\"}}],\"inLanguage\":\"et\"}]}<\/script>\n<!-- \/ Yoast SEO plugin. -->","yoast_head_json":{"title":"Reisikomplekt \u201cR\u00e4nnak\u201d kolme kreemiga - Tilk!","description":"This Tilk! gift bag contains of great choice of fresh and natural face creams that make you feel gorgeous. It is an ideal option for those who would like to receive a selection of our creams at once! Among this set you will find a day cream (10ml) at your own choice, night cream Spoon Me (10ml) and a hand cream (10ml). Please specify your face cream choice in the comments.","robots":{"index":"index","follow":"follow","max-snippet":"max-snippet:-1","max-image-preview":"max-image-preview:large","max-video-preview":"max-video-preview:-1"},"canonical":"https:\/\/tilk.bio\/et\/pood\/komplekt-rannak\/","og_locale":"et_EE","og_type":"article","og_title":"Reisikomplekt \u201cR\u00e4nnak\u201d kolme kreemiga - Tilk!","og_description":"This Tilk! gift bag contains of great choice of fresh and natural face creams that make you feel gorgeous. It is an ideal option for those who would like to receive a selection of our creams at once! Among this set you will find a day cream (10ml) at your own choice, night cream Spoon Me (10ml) and a hand cream (10ml). Please specify your face cream choice in the comments.","og_url":"https:\/\/tilk.bio\/et\/pood\/komplekt-rannak\/","og_site_name":"Tilk!","article_publisher":"https:\/\/www.facebook.com\/tilk.bio\/","article_modified_time":"2026-02-04T11:36:01+00:00","og_image":[{"width":1200,"height":1200,"url":"https:\/\/tilk.bio\/wp-content\/uploads\/2010\/05\/11.jpg","type":"image\/jpeg"}],"twitter_card":"summary_large_image","twitter_description":"This Tilk! gift bag contains of great choice of fresh and natural face creams that make you feel gorgeous. It is an ideal option for those who would like to receive a selection of our creams at once! Among this set you will find a day cream (10ml) at your own choice, night cream Spoon Me (10ml) and a hand cream (10ml). Please specify your face cream choice in the comments.","twitter_image":"https:\/\/tilk.bio\/wp-content\/uploads\/2016\/01\/naturaln-hand-cream-love-me.jpg","schema":{"@context":"https:\/\/schema.org","@graph":[{"@type":"WebPage","@id":"https:\/\/tilk.bio\/et\/pood\/komplekt-rannak\/","url":"https:\/\/tilk.bio\/et\/pood\/komplekt-rannak\/","name":"Reisikomplekt \u201cR\u00e4nnak\u201d kolme kreemiga - Tilk!","isPartOf":{"@id":"https:\/\/tilk.bio\/et\/#website"},"primaryImageOfPage":{"@id":"https:\/\/tilk.bio\/et\/pood\/komplekt-rannak\/#primaryimage"},"image":{"@id":"https:\/\/tilk.bio\/et\/pood\/komplekt-rannak\/#primaryimage"},"thumbnailUrl":"https:\/\/tilk.bio\/wp-content\/uploads\/2010\/05\/11.jpg","datePublished":"2016-09-23T20:29:09+00:00","dateModified":"2026-02-04T11:36:01+00:00","description":"This Tilk! gift bag contains of great choice of fresh and natural face creams that make you feel gorgeous. It is an ideal option for those who would like to receive a selection of our creams at once! Among this set you will find a day cream (10ml) at your own choice, night cream Spoon Me (10ml) and a hand cream (10ml). Please specify your face cream choice in the comments.","breadcrumb":{"@id":"https:\/\/tilk.bio\/et\/pood\/komplekt-rannak\/#breadcrumb"},"inLanguage":"et","potentialAction":[{"@type":"ReadAction","target":["https:\/\/tilk.bio\/et\/pood\/komplekt-rannak\/"]}]},{"@type":"ImageObject","inLanguage":"et","@id":"https:\/\/tilk.bio\/et\/pood\/komplekt-rannak\/#primaryimage","url":"https:\/\/tilk.bio\/wp-content\/uploads\/2010\/05\/11.jpg","contentUrl":"https:\/\/tilk.bio\/wp-content\/uploads\/2010\/05\/11.jpg","width":1200,"height":1200},{"@type":"BreadcrumbList","@id":"https:\/\/tilk.bio\/et\/pood\/komplekt-rannak\/#breadcrumb","itemListElement":[{"@type":"ListItem","position":1,"name":"Home","item":"https:\/\/tilk.bio\/et\/"},{"@type":"ListItem","position":2,"name":"Pood","item":"https:\/\/tilk.bio\/et\/pood\/"},{"@type":"ListItem","position":3,"name":"Reisikomplekt \u201cR\u00e4nnak\u201d kolme kreemiga"}]},{"@type":"WebSite","@id":"https:\/\/tilk.bio\/et\/#website","url":"https:\/\/tilk.bio\/et\/","name":"Tilk!","description":"Keskkonnas\u00f5bralik ja j\u00e4tkusuutlik looduskosmeetika Saaremaalt.","potentialAction":[{"@type":"SearchAction","target":{"@type":"EntryPoint","urlTemplate":"https:\/\/tilk.bio\/et\/?s={search_term_string}"},"query-input":{"@type":"PropertyValueSpecification","valueRequired":true,"valueName":"search_term_string"}}],"inLanguage":"et"}]}},"_links":{"self":[{"href":"https:\/\/tilk.bio\/et\/wp-json\/wp\/v2\/product\/17606","targetHints":{"allow":["GET"]}}],"collection":[{"href":"https:\/\/tilk.bio\/et\/wp-json\/wp\/v2\/product"}],"about":[{"href":"https:\/\/tilk.bio\/et\/wp-json\/wp\/v2\/types\/product"}],"replies":[{"embeddable":true,"href":"https:\/\/tilk.bio\/et\/wp-json\/wp\/v2\/comments?post=17606"}],"wp:featuredmedia":[{"embeddable":true,"href":"https:\/\/tilk.bio\/et\/wp-json\/wp\/v2\/media\/67655"}],"wp:attachment":[{"href":"https:\/\/tilk.bio\/et\/wp-json\/wp\/v2\/media?parent=17606"}],"wp:term":[{"taxonomy":"product_brand","embeddable":true,"href":"https:\/\/tilk.bio\/et\/wp-json\/wp\/v2\/product_brand?post=17606"},{"taxonomy":"product_cat","embeddable":true,"href":"https:\/\/tilk.bio\/et\/wp-json\/wp\/v2\/product_cat?post=17606"},{"taxonomy":"product_tag","embeddable":true,"href":"https:\/\/tilk.bio\/et\/wp-json\/wp\/v2\/product_tag?post=17606"}],"curies":[{"name":"wp","href":"https:\/\/api.w.org\/{rel}","templated":true}]}}