{"id":17610,"date":"2017-03-17T06:23:00","date_gmt":"2017-03-17T04:23:00","guid":{"rendered":"https:\/\/tilk.bio\/shop\/spoon-me-ookreem\/"},"modified":"2026-04-18T17:00:10","modified_gmt":"2026-04-18T14:00:10","slug":"spoon-me-ookreem","status":"publish","type":"product","link":"https:\/\/tilk.bio\/et\/pood\/spoon-me-ookreem\/","title":{"rendered":"Spoon Me vananemisvastane \u00f6\u00f6kreem avokaado\u00f5liga"},"content":{"rendered":"<p>Spoon Me on rikkaliku koostisega toitev \u00f6\u00f6kreem. K\u00fcpse ja v\u00e4ga kuiva naha puhul sobib Spoon Me suurep\u00e4raselt ka p\u00e4evakreemiks. \u00d6\u00f6kreeme soovitame kasutada vanuses 35+ ning kui nahk on kuiv ja elutu. Spoon Me on rikkalik ja toitev kreem, mis annab nahale j\u00f5udu ja niisutust.<\/p>\n<p>Kanepiseemne\u00f5list p\u00e4rinevad antioks\u00fcdandid ja vitamiinid aitavad siluda peeneid kortse ja kaitsta nahka vananemise eest. Need on parimad vitamiinid nahale. Vahuse kreemi bioaktiivsed koostisosad kibuvitsaseemne-, nisuidu- ja avokaado\u00f5list niisutavad, elustavad, toniseerivad ning taastavad nahka, muutes selle elastselt pehmeks. Avokaado\u00f5li stimuleerib kollageeni tootmist ja tagab nahale suurep\u00e4rase kaitse. Asendamatud rasvhapped ning A-vitamiin kibuvitsaseemne\u00f5list on olulised naha tekstuuri ja jume parandamisel, aga ka naharakkude uuenemisel. Mesilasvaha ja kookos\u00f5li toidab ja kaitseb nahka. L\u00f5hnabuketis on segunenud lavendel, viiruk ja apelsin.<\/p>\n<p>Kasutamine: Kanna puhastatud nahale enne \u00f6\u00f6und. V\u00e4ga kuiva naha puhul v\u00f5ib toodet kasutada ka p\u00e4evakreemina. \u00d6\u00f6kreemi Spoon Me kasutust v\u00f5ite kombineerida k\u00f5igi meie n\u00e4okreemidega.<\/p>\n<p>K\u00f5ik kreemi koostisosad on looduslikku p\u00e4ritolu. Kreemi loomisel on kasutatud Saaremaalt k\u00e4sitsi korjatud taimede \u00f5lisid.<\/p>\n<p>Hoiustamine: Hoiusta n\u00e4okreemi toatemperatuuril.<\/p>\n<p>Kogus: 10ml\/50ml<\/p>\n<p dir=\"ltr\"><a ref=\"magnificPopup\" href=\"https:\/\/tilk.bio\/wp-content\/uploads\/2018\/04\/wooden_spatula_included_anim.gif\"><img loading=\"lazy\" decoding=\"async\" class=\"alignnone size-full wp-image-23487 alignleft\" src=\"https:\/\/tilk.bio\/wp-content\/uploads\/2018\/04\/wooden_spatula_included_anim.gif\" alt=\"\" width=\"115\" height=\"100\" \/><\/a><a ref=\"magnificPopup\" href=\"https:\/\/tilk.bio\/wp-content\/uploads\/2018\/08\/package_anim_ENG.gif\"><img loading=\"lazy\" decoding=\"async\" class=\"size-full wp-image-23961 alignleft\" src=\"https:\/\/tilk.bio\/wp-content\/uploads\/2018\/08\/package_anim_ENG.gif\" alt=\"\" width=\"125\" height=\"100\" \/><\/a><\/p>\n","protected":false},"excerpt":{"rendered":"<p>Spoon Me on rikkaliku koostisega toitev \u00f6\u00f6kreem. K\u00fcpse ja v\u00e4ga kuiva naha puhul sobib Spoon Me suurep\u00e4raselt ka p\u00e4evakreemiks. \u00d6\u00f6kreeme soovitame kasutada vanuses 35+ ning kui nahk on kuiv ja elutu. Spoon Me on rikkalik ja toitev kreem, mis annab nahale j\u00f5udu ja niisutust. Kanepiseemne\u00f5list p\u00e4rinevad antioks\u00fcdandid ja vitamiinid aitavad siluda peeneid kortse ja kaitsta&#8230;<\/p>\n","protected":false},"featured_media":64995,"comment_status":"open","ping_status":"closed","template":"","meta":{"_acf_changed":false},"product_brand":[],"product_cat":[585,389,689,511,912,533,691,713,690,688],"product_tag":[571,305],"class_list":{"0":"post-17610","1":"product","2":"type-product","3":"status-publish","4":"has-post-thumbnail","6":"product_cat-naokreem","7":"product_cat-koik-tooted","8":"product_cat-kuiv-nahk","9":"product_cat-naohooldus","10":"product_cat-sheavoi","11":"product_cat-spaatli-voimalus","12":"product_cat-tekstuuri-ja-tooniprobleemidega-nahk","13":"product_cat-tilk-herbal-et","14":"product_cat-tundlik-nahk","15":"product_cat-vananemisilmingutega-nahk","16":"product_tag-julmusevaba-et","17":"product_tag-ookreem","19":"first","20":"instock","21":"taxable","22":"shipping-taxable","23":"purchasable","24":"product-type-variable"},"acf":[],"yoast_head":"<!-- This site is optimized with the Yoast SEO plugin v27.4 - https:\/\/yoast.com\/product\/yoast-seo-wordpress\/ -->\n<title>Spoon Me \u00f6\u00f6kreem - v\u00f5imsad vitamiinid nahale<\/title>\n<meta name=\"description\" content=\"Parimad vitamiinid nahale on looduslikud k\u00f5rvitsaseemne\u00f5list p\u00e4rinevad antioks\u00fcdandid, mis aitavad siluda peeneid kortse ja kaitsta nahka vananemise eest.\u00a0\" \/>\n<meta name=\"robots\" content=\"index, follow, max-snippet:-1, max-image-preview:large, max-video-preview:-1\" \/>\n<link rel=\"canonical\" href=\"https:\/\/tilk.bio\/et\/pood\/spoon-me-ookreem\/\" \/>\n<meta property=\"og:locale\" content=\"et_EE\" \/>\n<meta property=\"og:type\" content=\"article\" \/>\n<meta property=\"og:title\" content=\"Spoon Me \u00f6\u00f6kreem - v\u00f5imsad vitamiinid nahale\" \/>\n<meta property=\"og:description\" content=\"Spoon me on rikkaliku koostisega toitev \u00f6\u00f6kreem. Vahuse kreemi bioaktiivsed koostisosad kibuvitsa-, nisuidu- ja avokaado\u00f5lidest niisutavad, elustavad, toniseerivad ning taastavad nahka, siludes peenikesi kortse. Antioks\u00fcdandid ning vitamiinid kanepi\u00f5list aitavad kaitsta nahka vananemise eest. Aroomis on segunenud lavendel, viiruk ja petitgrain. K\u00fcpse ja v\u00e4ga kuiva naha puhul sobib Spoon me suurep\u00e4raselt ka p\u00e4evakreemiks. K\u00f5ik kreemi koostisosad on loodusliku p\u00e4ritolu. Kreemis kasutame Saaremaalt korjatud taimede \u00f5lisid.\" \/>\n<meta property=\"og:url\" content=\"https:\/\/tilk.bio\/et\/pood\/spoon-me-ookreem\/\" \/>\n<meta property=\"og:site_name\" content=\"Tilk!\" \/>\n<meta property=\"article:publisher\" content=\"https:\/\/www.facebook.com\/tilk.bio\/\" \/>\n<meta property=\"article:modified_time\" content=\"2026-04-18T14:00:10+00:00\" \/>\n<meta property=\"og:image\" content=\"https:\/\/tilk.bio\/wp-content\/uploads\/2017\/03\/spoonmekarp.jpg\" \/>\n\t<meta property=\"og:image:width\" content=\"1200\" \/>\n\t<meta property=\"og:image:height\" content=\"1200\" \/>\n\t<meta property=\"og:image:type\" content=\"image\/jpeg\" \/>\n<meta name=\"twitter:card\" content=\"summary_large_image\" \/>\n<meta name=\"twitter:description\" content=\"Spoon me on rikkaliku koostisega toitev \u00f6\u00f6kreem. Vahuse kreemi bioaktiivsed koostisosad kibuvitsa-, nisuidu- ja avokaado\u00f5lidest niisutavad, elustavad, toniseerivad ning taastavad nahka, siludes peenikesi kortse. Antioks\u00fcdandid ning vitamiinid kanepi\u00f5list aitavad kaitsta nahka vananemise eest. Aroomis on segunenud lavendel, viiruk ja petitgrain. K\u00fcpse ja v\u00e4ga kuiva naha puhul sobib Spoon me suurep\u00e4raselt ka p\u00e4evakreemiks. K\u00f5ik kreemi koostisosad on loodusliku p\u00e4ritolu. Kreemis kasutame Saaremaalt korjatud taimede \u00f5lisid.\" \/>\n<meta name=\"twitter:label1\" content=\"Est. reading time\" \/>\n\t<meta name=\"twitter:data1\" content=\"2 minutit\" \/>\n<script type=\"application\/ld+json\" class=\"yoast-schema-graph\">{\"@context\":\"https:\\\/\\\/schema.org\",\"@graph\":[{\"@type\":\"WebPage\",\"@id\":\"https:\\\/\\\/tilk.bio\\\/et\\\/pood\\\/spoon-me-ookreem\\\/\",\"url\":\"https:\\\/\\\/tilk.bio\\\/et\\\/pood\\\/spoon-me-ookreem\\\/\",\"name\":\"Spoon Me \u00f6\u00f6kreem - v\u00f5imsad vitamiinid nahale\",\"isPartOf\":{\"@id\":\"https:\\\/\\\/tilk.bio\\\/et\\\/#website\"},\"primaryImageOfPage\":{\"@id\":\"https:\\\/\\\/tilk.bio\\\/et\\\/pood\\\/spoon-me-ookreem\\\/#primaryimage\"},\"image\":{\"@id\":\"https:\\\/\\\/tilk.bio\\\/et\\\/pood\\\/spoon-me-ookreem\\\/#primaryimage\"},\"thumbnailUrl\":\"https:\\\/\\\/tilk.bio\\\/wp-content\\\/uploads\\\/2017\\\/03\\\/spoonmekarp.jpg\",\"datePublished\":\"2017-03-17T04:23:00+00:00\",\"dateModified\":\"2026-04-18T14:00:10+00:00\",\"description\":\"Parimad vitamiinid nahale on looduslikud k\u00f5rvitsaseemne\u00f5list p\u00e4rinevad antioks\u00fcdandid, mis aitavad siluda peeneid kortse ja kaitsta nahka vananemise eest.\u00a0\",\"breadcrumb\":{\"@id\":\"https:\\\/\\\/tilk.bio\\\/et\\\/pood\\\/spoon-me-ookreem\\\/#breadcrumb\"},\"inLanguage\":\"et\",\"potentialAction\":[{\"@type\":\"ReadAction\",\"target\":[\"https:\\\/\\\/tilk.bio\\\/et\\\/pood\\\/spoon-me-ookreem\\\/\"]}]},{\"@type\":\"ImageObject\",\"inLanguage\":\"et\",\"@id\":\"https:\\\/\\\/tilk.bio\\\/et\\\/pood\\\/spoon-me-ookreem\\\/#primaryimage\",\"url\":\"https:\\\/\\\/tilk.bio\\\/wp-content\\\/uploads\\\/2017\\\/03\\\/spoonmekarp.jpg\",\"contentUrl\":\"https:\\\/\\\/tilk.bio\\\/wp-content\\\/uploads\\\/2017\\\/03\\\/spoonmekarp.jpg\",\"width\":1200,\"height\":1200,\"caption\":\"tilk night cream spoon me\"},{\"@type\":\"BreadcrumbList\",\"@id\":\"https:\\\/\\\/tilk.bio\\\/et\\\/pood\\\/spoon-me-ookreem\\\/#breadcrumb\",\"itemListElement\":[{\"@type\":\"ListItem\",\"position\":1,\"name\":\"Home\",\"item\":\"https:\\\/\\\/tilk.bio\\\/et\\\/\"},{\"@type\":\"ListItem\",\"position\":2,\"name\":\"Pood\",\"item\":\"https:\\\/\\\/tilk.bio\\\/et\\\/pood\\\/\"},{\"@type\":\"ListItem\",\"position\":3,\"name\":\"Spoon Me vananemisvastane \u00f6\u00f6kreem avokaado\u00f5liga\"}]},{\"@type\":\"WebSite\",\"@id\":\"https:\\\/\\\/tilk.bio\\\/et\\\/#website\",\"url\":\"https:\\\/\\\/tilk.bio\\\/et\\\/\",\"name\":\"Tilk!\",\"description\":\"Keskkonnas\u00f5bralik ja j\u00e4tkusuutlik looduskosmeetika Saaremaalt.\",\"potentialAction\":[{\"@type\":\"SearchAction\",\"target\":{\"@type\":\"EntryPoint\",\"urlTemplate\":\"https:\\\/\\\/tilk.bio\\\/et\\\/?s={search_term_string}\"},\"query-input\":{\"@type\":\"PropertyValueSpecification\",\"valueRequired\":true,\"valueName\":\"search_term_string\"}}],\"inLanguage\":\"et\"}]}<\/script>\n<!-- \/ Yoast SEO plugin. -->","yoast_head_json":{"title":"Spoon Me \u00f6\u00f6kreem - v\u00f5imsad vitamiinid nahale","description":"Parimad vitamiinid nahale on looduslikud k\u00f5rvitsaseemne\u00f5list p\u00e4rinevad antioks\u00fcdandid, mis aitavad siluda peeneid kortse ja kaitsta nahka vananemise eest.\u00a0","robots":{"index":"index","follow":"follow","max-snippet":"max-snippet:-1","max-image-preview":"max-image-preview:large","max-video-preview":"max-video-preview:-1"},"canonical":"https:\/\/tilk.bio\/et\/pood\/spoon-me-ookreem\/","og_locale":"et_EE","og_type":"article","og_title":"Spoon Me \u00f6\u00f6kreem - v\u00f5imsad vitamiinid nahale","og_description":"Spoon me on rikkaliku koostisega toitev \u00f6\u00f6kreem. Vahuse kreemi bioaktiivsed koostisosad kibuvitsa-, nisuidu- ja avokaado\u00f5lidest niisutavad, elustavad, toniseerivad ning taastavad nahka, siludes peenikesi kortse. Antioks\u00fcdandid ning vitamiinid kanepi\u00f5list aitavad kaitsta nahka vananemise eest. Aroomis on segunenud lavendel, viiruk ja petitgrain. K\u00fcpse ja v\u00e4ga kuiva naha puhul sobib Spoon me suurep\u00e4raselt ka p\u00e4evakreemiks. K\u00f5ik kreemi koostisosad on loodusliku p\u00e4ritolu. Kreemis kasutame Saaremaalt korjatud taimede \u00f5lisid.","og_url":"https:\/\/tilk.bio\/et\/pood\/spoon-me-ookreem\/","og_site_name":"Tilk!","article_publisher":"https:\/\/www.facebook.com\/tilk.bio\/","article_modified_time":"2026-04-18T14:00:10+00:00","og_image":[{"width":1200,"height":1200,"url":"https:\/\/tilk.bio\/wp-content\/uploads\/2017\/03\/spoonmekarp.jpg","type":"image\/jpeg"}],"twitter_card":"summary_large_image","twitter_description":"Spoon me on rikkaliku koostisega toitev \u00f6\u00f6kreem. Vahuse kreemi bioaktiivsed koostisosad kibuvitsa-, nisuidu- ja avokaado\u00f5lidest niisutavad, elustavad, toniseerivad ning taastavad nahka, siludes peenikesi kortse. Antioks\u00fcdandid ning vitamiinid kanepi\u00f5list aitavad kaitsta nahka vananemise eest. Aroomis on segunenud lavendel, viiruk ja petitgrain. K\u00fcpse ja v\u00e4ga kuiva naha puhul sobib Spoon me suurep\u00e4raselt ka p\u00e4evakreemiks. K\u00f5ik kreemi koostisosad on loodusliku p\u00e4ritolu. Kreemis kasutame Saaremaalt korjatud taimede \u00f5lisid.","twitter_misc":{"Est. reading time":"2 minutit"},"schema":{"@context":"https:\/\/schema.org","@graph":[{"@type":"WebPage","@id":"https:\/\/tilk.bio\/et\/pood\/spoon-me-ookreem\/","url":"https:\/\/tilk.bio\/et\/pood\/spoon-me-ookreem\/","name":"Spoon Me \u00f6\u00f6kreem - v\u00f5imsad vitamiinid nahale","isPartOf":{"@id":"https:\/\/tilk.bio\/et\/#website"},"primaryImageOfPage":{"@id":"https:\/\/tilk.bio\/et\/pood\/spoon-me-ookreem\/#primaryimage"},"image":{"@id":"https:\/\/tilk.bio\/et\/pood\/spoon-me-ookreem\/#primaryimage"},"thumbnailUrl":"https:\/\/tilk.bio\/wp-content\/uploads\/2017\/03\/spoonmekarp.jpg","datePublished":"2017-03-17T04:23:00+00:00","dateModified":"2026-04-18T14:00:10+00:00","description":"Parimad vitamiinid nahale on looduslikud k\u00f5rvitsaseemne\u00f5list p\u00e4rinevad antioks\u00fcdandid, mis aitavad siluda peeneid kortse ja kaitsta nahka vananemise eest.\u00a0","breadcrumb":{"@id":"https:\/\/tilk.bio\/et\/pood\/spoon-me-ookreem\/#breadcrumb"},"inLanguage":"et","potentialAction":[{"@type":"ReadAction","target":["https:\/\/tilk.bio\/et\/pood\/spoon-me-ookreem\/"]}]},{"@type":"ImageObject","inLanguage":"et","@id":"https:\/\/tilk.bio\/et\/pood\/spoon-me-ookreem\/#primaryimage","url":"https:\/\/tilk.bio\/wp-content\/uploads\/2017\/03\/spoonmekarp.jpg","contentUrl":"https:\/\/tilk.bio\/wp-content\/uploads\/2017\/03\/spoonmekarp.jpg","width":1200,"height":1200,"caption":"tilk night cream spoon me"},{"@type":"BreadcrumbList","@id":"https:\/\/tilk.bio\/et\/pood\/spoon-me-ookreem\/#breadcrumb","itemListElement":[{"@type":"ListItem","position":1,"name":"Home","item":"https:\/\/tilk.bio\/et\/"},{"@type":"ListItem","position":2,"name":"Pood","item":"https:\/\/tilk.bio\/et\/pood\/"},{"@type":"ListItem","position":3,"name":"Spoon Me vananemisvastane \u00f6\u00f6kreem avokaado\u00f5liga"}]},{"@type":"WebSite","@id":"https:\/\/tilk.bio\/et\/#website","url":"https:\/\/tilk.bio\/et\/","name":"Tilk!","description":"Keskkonnas\u00f5bralik ja j\u00e4tkusuutlik looduskosmeetika Saaremaalt.","potentialAction":[{"@type":"SearchAction","target":{"@type":"EntryPoint","urlTemplate":"https:\/\/tilk.bio\/et\/?s={search_term_string}"},"query-input":{"@type":"PropertyValueSpecification","valueRequired":true,"valueName":"search_term_string"}}],"inLanguage":"et"}]}},"_links":{"self":[{"href":"https:\/\/tilk.bio\/et\/wp-json\/wp\/v2\/product\/17610","targetHints":{"allow":["GET"]}}],"collection":[{"href":"https:\/\/tilk.bio\/et\/wp-json\/wp\/v2\/product"}],"about":[{"href":"https:\/\/tilk.bio\/et\/wp-json\/wp\/v2\/types\/product"}],"replies":[{"embeddable":true,"href":"https:\/\/tilk.bio\/et\/wp-json\/wp\/v2\/comments?post=17610"}],"wp:featuredmedia":[{"embeddable":true,"href":"https:\/\/tilk.bio\/et\/wp-json\/wp\/v2\/media\/64995"}],"wp:attachment":[{"href":"https:\/\/tilk.bio\/et\/wp-json\/wp\/v2\/media?parent=17610"}],"wp:term":[{"taxonomy":"product_brand","embeddable":true,"href":"https:\/\/tilk.bio\/et\/wp-json\/wp\/v2\/product_brand?post=17610"},{"taxonomy":"product_cat","embeddable":true,"href":"https:\/\/tilk.bio\/et\/wp-json\/wp\/v2\/product_cat?post=17610"},{"taxonomy":"product_tag","embeddable":true,"href":"https:\/\/tilk.bio\/et\/wp-json\/wp\/v2\/product_tag?post=17610"}],"curies":[{"name":"wp","href":"https:\/\/api.w.org\/{rel}","templated":true}]}}