{"id":17611,"date":"2017-01-27T17:00:47","date_gmt":"2017-01-27T17:00:47","guid":{"rendered":"https:\/\/tilk.bio\/shop\/love-me-katekreem\/"},"modified":"2026-04-06T01:45:03","modified_gmt":"2026-04-05T22:45:03","slug":"love-me-katekreem","status":"publish","type":"product","link":"https:\/\/tilk.bio\/et\/pood\/love-me-katekreem\/","title":{"rendered":"Love Me niisutav k\u00e4tekreem mango ja sidrunheinaga"},"content":{"rendered":"<p>AUHINNATUD<\/p>\n<p>Love Me k\u00e4tekreem mango ja sidrunheinaga on ideaalne niisutus <a href=\"https:\/\/tilk.bio\/et\/nahatuup\/sinu-kaed\/\">k\u00e4tele<\/a> \u2013 see muudab k\u00e4ed siidiseks, pehmendab kuiva nahka ja sisaldab ohtralt vitamiine. Kuna lisaks meie n\u00e4ole peegeldavad meie vanust ka meie k\u00e4ed, aitab Love Me k\u00e4tekreem mangoga toniseerida k\u00e4te \u00f5rna nahka ning ennetada kortsude teket.<\/p>\n<p>Kreemis sisalduv astelpaju\u00f5li viib nahakihtidesse C-, E-, K- ja P-vitamiinid, muutes k\u00e4ed siidpehmeks. Astelpalju\u00f5li aitab kiirendada mikrohaavade paranemisprotsessi. A- ja C-vitamiin looduslikus n\u00f5geseekstraktis stimuleerivad k\u00e4te vereringet. N\u00f5ges on suurep\u00e4rane naha struktuuri tugevdaja ning lisaks aitab see hooldada \u00e4rritunud nahka.\u00a0 Antioks\u00fcdantidest pungil olev mangov\u00f5i suurendab k\u00e4te naha loomulikku kaitsev\u00f5imet ning niisutab s\u00fcgavuti. P\u00f5ldosja bioaktiivsed koostisosad taastavad naha h\u00fcdrolipiidkihi ning hooldavad ka pindmiseid kortse, et k\u00e4te nahk n\u00e4eks v\u00e4lja toniseeritud ja pingul. See on m\u00f5nus tsitrusel\u00f5hnaline hellitus kuivadele k\u00e4tele.<\/p>\n<p>K\u00f5ik kreemi koostisosad on looduslikku p\u00e4ritolu ning vegan. Kreemi loomisel on kasutatud Saaremaalt k\u00e4sitsi korjatud taimede \u00f5lisid.<\/p>\n<p>Hoiustamine: Hoiusta k\u00e4tekreemi toatemperatuuril.<\/p>\n<p>Kogus: 10ml\/50ml<\/p>\n<p><img loading=\"lazy\" decoding=\"async\" class=\"wp-image-17806 alignleft\" src=\"https:\/\/tilk.bio\/wp-content\/uploads\/2016\/01\/Vegan_sign-07.png\" width=\"100\" height=\"100\" srcset=\"https:\/\/tilk.bio\/wp-content\/uploads\/2016\/01\/Vegan_sign-07.png 165w, https:\/\/tilk.bio\/wp-content\/uploads\/2016\/01\/Vegan_sign-07-150x150.png 150w\" sizes=\"auto, (max-width: 100px) 100vw, 100px\" \/><a ref=\"magnificPopup\" href=\"https:\/\/tilk.bio\/wp-content\/uploads\/2018\/08\/package_anim_2.gif\"><img loading=\"lazy\" decoding=\"async\" class=\"alignnone size-full wp-image-23968 alignleft\" src=\"https:\/\/tilk.bio\/wp-content\/uploads\/2018\/08\/package_anim_2.gif\" alt=\"\" width=\"125\" height=\"100\" \/><\/a><\/p>\n","protected":false},"excerpt":{"rendered":"<p>AUHINNATUD Love Me k\u00e4tekreem mango ja sidrunheinaga on ideaalne niisutus k\u00e4tele \u2013 see muudab k\u00e4ed siidiseks, pehmendab kuiva nahka ja sisaldab ohtralt vitamiine. Kuna lisaks meie n\u00e4ole peegeldavad meie vanust ka meie k\u00e4ed, aitab Love Me k\u00e4tekreem mangoga toniseerida k\u00e4te \u00f5rna nahka ning ennetada kortsude teket. Kreemis sisalduv astelpaju\u00f5li viib nahakihtidesse C-, E-, K- ja&#8230;<\/p>\n","protected":false},"featured_media":67419,"comment_status":"open","ping_status":"closed","template":"","meta":{"_acf_changed":false},"product_brand":[],"product_cat":[494,497,495,389,689,713],"product_tag":[228],"class_list":{"0":"post-17611","1":"product","2":"type-product","3":"status-publish","4":"has-post-thumbnail","6":"product_cat-klientide-lemmikud","7":"product_cat-katele","8":"product_cat-kehale","9":"product_cat-koik-tooted","10":"product_cat-kuiv-nahk","11":"product_cat-tilk-herbal-et","12":"product_tag-katekreem","14":"first","15":"instock","16":"taxable","17":"shipping-taxable","18":"purchasable","19":"product-type-variable"},"acf":[],"yoast_head":"<!-- This site is optimized with the Yoast SEO plugin v27.4 - https:\/\/yoast.com\/product\/yoast-seo-wordpress\/ -->\n<title>Love Me k\u00e4tekreem mango ja sidrunheinaga<\/title>\n<meta name=\"description\" content=\"Love Me k\u00e4tekreem on ideaalne niisutus k\u00e4tele \u2013 see muudab k\u00e4ed siidiseks, pehmendab kuiva nahka ja sisaldab ohtralt vitamiine. Love Me k\u00e4tekreem hooldab.\" \/>\n<meta name=\"robots\" content=\"index, follow, max-snippet:-1, max-image-preview:large, max-video-preview:-1\" \/>\n<link rel=\"canonical\" href=\"https:\/\/tilk.bio\/et\/pood\/love-me-katekreem\/\" \/>\n<meta property=\"og:locale\" content=\"et_EE\" \/>\n<meta property=\"og:type\" content=\"article\" \/>\n<meta property=\"og:title\" content=\"Love Me k\u00e4tekreem mango ja sidrunheinaga\" \/>\n<meta property=\"og:description\" content=\"Love me v\u00e4rske sidrunil\u00f5hnaline k\u00e4tekreem. Bioaktiivsed koostisosad taastavad su naha h\u00fcdrolipiidkihi, niisutavad seda s\u00fcgavuti ja pakuvad kaitset keskkonnam\u00f5jude eest. Kreem muudab su k\u00e4ed siidpehmeks.\" \/>\n<meta property=\"og:url\" content=\"https:\/\/tilk.bio\/et\/pood\/love-me-katekreem\/\" \/>\n<meta property=\"og:site_name\" content=\"Tilk!\" \/>\n<meta property=\"article:publisher\" content=\"https:\/\/www.facebook.com\/tilk.bio\/\" \/>\n<meta property=\"article:modified_time\" content=\"2026-04-05T22:45:03+00:00\" \/>\n<meta property=\"og:image\" content=\"https:\/\/tilk.bio\/wp-content\/uploads\/2018\/08\/2.jpg\" \/>\n\t<meta property=\"og:image:width\" content=\"1200\" \/>\n\t<meta property=\"og:image:height\" content=\"1200\" \/>\n\t<meta property=\"og:image:type\" content=\"image\/jpeg\" \/>\n<meta name=\"twitter:card\" content=\"summary_large_image\" \/>\n<meta name=\"twitter:description\" content=\"Love me v\u00e4rske sidrunil\u00f5hnaline k\u00e4tekreem on eriline kingitus Valentinip\u00e4evaks. Saadaval sinu armsate jaoks piiratud koguses \u2013 jaga armastust! Bioaktiivsed koostisosad taastavad su naha h\u00fcdrolipiidkihi, niisutavad seda s\u00fcgavuti ja pakuvad kaitset keskkonnam\u00f5jude eest. Kreem muudab su k\u00e4ed siidpehmeks.\" \/>\n<meta name=\"twitter:image\" content=\"https:\/\/tilk.bio\/wp-content\/uploads\/2016\/01\/naturaln-hand-cream-love-me.jpg\" \/>\n<meta name=\"twitter:label1\" content=\"Est. reading time\" \/>\n\t<meta name=\"twitter:data1\" content=\"2 minutit\" \/>\n<script type=\"application\/ld+json\" class=\"yoast-schema-graph\">{\"@context\":\"https:\\\/\\\/schema.org\",\"@graph\":[{\"@type\":\"WebPage\",\"@id\":\"https:\\\/\\\/tilk.bio\\\/et\\\/pood\\\/love-me-katekreem\\\/\",\"url\":\"https:\\\/\\\/tilk.bio\\\/et\\\/pood\\\/love-me-katekreem\\\/\",\"name\":\"Love Me k\u00e4tekreem mango ja sidrunheinaga\",\"isPartOf\":{\"@id\":\"https:\\\/\\\/tilk.bio\\\/et\\\/#website\"},\"primaryImageOfPage\":{\"@id\":\"https:\\\/\\\/tilk.bio\\\/et\\\/pood\\\/love-me-katekreem\\\/#primaryimage\"},\"image\":{\"@id\":\"https:\\\/\\\/tilk.bio\\\/et\\\/pood\\\/love-me-katekreem\\\/#primaryimage\"},\"thumbnailUrl\":\"https:\\\/\\\/tilk.bio\\\/wp-content\\\/uploads\\\/2018\\\/08\\\/2.jpg\",\"datePublished\":\"2017-01-27T17:00:47+00:00\",\"dateModified\":\"2026-04-05T22:45:03+00:00\",\"description\":\"Love Me k\u00e4tekreem on ideaalne niisutus k\u00e4tele \u2013 see muudab k\u00e4ed siidiseks, pehmendab kuiva nahka ja sisaldab ohtralt vitamiine. Love Me k\u00e4tekreem hooldab.\",\"breadcrumb\":{\"@id\":\"https:\\\/\\\/tilk.bio\\\/et\\\/pood\\\/love-me-katekreem\\\/#breadcrumb\"},\"inLanguage\":\"et\",\"potentialAction\":[{\"@type\":\"ReadAction\",\"target\":[\"https:\\\/\\\/tilk.bio\\\/et\\\/pood\\\/love-me-katekreem\\\/\"]}]},{\"@type\":\"ImageObject\",\"inLanguage\":\"et\",\"@id\":\"https:\\\/\\\/tilk.bio\\\/et\\\/pood\\\/love-me-katekreem\\\/#primaryimage\",\"url\":\"https:\\\/\\\/tilk.bio\\\/wp-content\\\/uploads\\\/2018\\\/08\\\/2.jpg\",\"contentUrl\":\"https:\\\/\\\/tilk.bio\\\/wp-content\\\/uploads\\\/2018\\\/08\\\/2.jpg\",\"width\":1200,\"height\":1200},{\"@type\":\"BreadcrumbList\",\"@id\":\"https:\\\/\\\/tilk.bio\\\/et\\\/pood\\\/love-me-katekreem\\\/#breadcrumb\",\"itemListElement\":[{\"@type\":\"ListItem\",\"position\":1,\"name\":\"Home\",\"item\":\"https:\\\/\\\/tilk.bio\\\/et\\\/\"},{\"@type\":\"ListItem\",\"position\":2,\"name\":\"Pood\",\"item\":\"https:\\\/\\\/tilk.bio\\\/et\\\/pood\\\/\"},{\"@type\":\"ListItem\",\"position\":3,\"name\":\"Love Me niisutav k\u00e4tekreem mango ja sidrunheinaga\"}]},{\"@type\":\"WebSite\",\"@id\":\"https:\\\/\\\/tilk.bio\\\/et\\\/#website\",\"url\":\"https:\\\/\\\/tilk.bio\\\/et\\\/\",\"name\":\"Tilk!\",\"description\":\"Keskkonnas\u00f5bralik ja j\u00e4tkusuutlik looduskosmeetika Saaremaalt.\",\"potentialAction\":[{\"@type\":\"SearchAction\",\"target\":{\"@type\":\"EntryPoint\",\"urlTemplate\":\"https:\\\/\\\/tilk.bio\\\/et\\\/?s={search_term_string}\"},\"query-input\":{\"@type\":\"PropertyValueSpecification\",\"valueRequired\":true,\"valueName\":\"search_term_string\"}}],\"inLanguage\":\"et\"}]}<\/script>\n<!-- \/ Yoast SEO plugin. -->","yoast_head_json":{"title":"Love Me k\u00e4tekreem mango ja sidrunheinaga","description":"Love Me k\u00e4tekreem on ideaalne niisutus k\u00e4tele \u2013 see muudab k\u00e4ed siidiseks, pehmendab kuiva nahka ja sisaldab ohtralt vitamiine. Love Me k\u00e4tekreem hooldab.","robots":{"index":"index","follow":"follow","max-snippet":"max-snippet:-1","max-image-preview":"max-image-preview:large","max-video-preview":"max-video-preview:-1"},"canonical":"https:\/\/tilk.bio\/et\/pood\/love-me-katekreem\/","og_locale":"et_EE","og_type":"article","og_title":"Love Me k\u00e4tekreem mango ja sidrunheinaga","og_description":"Love me v\u00e4rske sidrunil\u00f5hnaline k\u00e4tekreem. Bioaktiivsed koostisosad taastavad su naha h\u00fcdrolipiidkihi, niisutavad seda s\u00fcgavuti ja pakuvad kaitset keskkonnam\u00f5jude eest. Kreem muudab su k\u00e4ed siidpehmeks.","og_url":"https:\/\/tilk.bio\/et\/pood\/love-me-katekreem\/","og_site_name":"Tilk!","article_publisher":"https:\/\/www.facebook.com\/tilk.bio\/","article_modified_time":"2026-04-05T22:45:03+00:00","og_image":[{"width":1200,"height":1200,"url":"https:\/\/tilk.bio\/wp-content\/uploads\/2018\/08\/2.jpg","type":"image\/jpeg"}],"twitter_card":"summary_large_image","twitter_description":"Love me v\u00e4rske sidrunil\u00f5hnaline k\u00e4tekreem on eriline kingitus Valentinip\u00e4evaks. Saadaval sinu armsate jaoks piiratud koguses \u2013 jaga armastust! Bioaktiivsed koostisosad taastavad su naha h\u00fcdrolipiidkihi, niisutavad seda s\u00fcgavuti ja pakuvad kaitset keskkonnam\u00f5jude eest. Kreem muudab su k\u00e4ed siidpehmeks.","twitter_image":"https:\/\/tilk.bio\/wp-content\/uploads\/2016\/01\/naturaln-hand-cream-love-me.jpg","twitter_misc":{"Est. reading time":"2 minutit"},"schema":{"@context":"https:\/\/schema.org","@graph":[{"@type":"WebPage","@id":"https:\/\/tilk.bio\/et\/pood\/love-me-katekreem\/","url":"https:\/\/tilk.bio\/et\/pood\/love-me-katekreem\/","name":"Love Me k\u00e4tekreem mango ja sidrunheinaga","isPartOf":{"@id":"https:\/\/tilk.bio\/et\/#website"},"primaryImageOfPage":{"@id":"https:\/\/tilk.bio\/et\/pood\/love-me-katekreem\/#primaryimage"},"image":{"@id":"https:\/\/tilk.bio\/et\/pood\/love-me-katekreem\/#primaryimage"},"thumbnailUrl":"https:\/\/tilk.bio\/wp-content\/uploads\/2018\/08\/2.jpg","datePublished":"2017-01-27T17:00:47+00:00","dateModified":"2026-04-05T22:45:03+00:00","description":"Love Me k\u00e4tekreem on ideaalne niisutus k\u00e4tele \u2013 see muudab k\u00e4ed siidiseks, pehmendab kuiva nahka ja sisaldab ohtralt vitamiine. Love Me k\u00e4tekreem hooldab.","breadcrumb":{"@id":"https:\/\/tilk.bio\/et\/pood\/love-me-katekreem\/#breadcrumb"},"inLanguage":"et","potentialAction":[{"@type":"ReadAction","target":["https:\/\/tilk.bio\/et\/pood\/love-me-katekreem\/"]}]},{"@type":"ImageObject","inLanguage":"et","@id":"https:\/\/tilk.bio\/et\/pood\/love-me-katekreem\/#primaryimage","url":"https:\/\/tilk.bio\/wp-content\/uploads\/2018\/08\/2.jpg","contentUrl":"https:\/\/tilk.bio\/wp-content\/uploads\/2018\/08\/2.jpg","width":1200,"height":1200},{"@type":"BreadcrumbList","@id":"https:\/\/tilk.bio\/et\/pood\/love-me-katekreem\/#breadcrumb","itemListElement":[{"@type":"ListItem","position":1,"name":"Home","item":"https:\/\/tilk.bio\/et\/"},{"@type":"ListItem","position":2,"name":"Pood","item":"https:\/\/tilk.bio\/et\/pood\/"},{"@type":"ListItem","position":3,"name":"Love Me niisutav k\u00e4tekreem mango ja sidrunheinaga"}]},{"@type":"WebSite","@id":"https:\/\/tilk.bio\/et\/#website","url":"https:\/\/tilk.bio\/et\/","name":"Tilk!","description":"Keskkonnas\u00f5bralik ja j\u00e4tkusuutlik looduskosmeetika Saaremaalt.","potentialAction":[{"@type":"SearchAction","target":{"@type":"EntryPoint","urlTemplate":"https:\/\/tilk.bio\/et\/?s={search_term_string}"},"query-input":{"@type":"PropertyValueSpecification","valueRequired":true,"valueName":"search_term_string"}}],"inLanguage":"et"}]}},"_links":{"self":[{"href":"https:\/\/tilk.bio\/et\/wp-json\/wp\/v2\/product\/17611","targetHints":{"allow":["GET"]}}],"collection":[{"href":"https:\/\/tilk.bio\/et\/wp-json\/wp\/v2\/product"}],"about":[{"href":"https:\/\/tilk.bio\/et\/wp-json\/wp\/v2\/types\/product"}],"replies":[{"embeddable":true,"href":"https:\/\/tilk.bio\/et\/wp-json\/wp\/v2\/comments?post=17611"}],"wp:featuredmedia":[{"embeddable":true,"href":"https:\/\/tilk.bio\/et\/wp-json\/wp\/v2\/media\/67419"}],"wp:attachment":[{"href":"https:\/\/tilk.bio\/et\/wp-json\/wp\/v2\/media?parent=17611"}],"wp:term":[{"taxonomy":"product_brand","embeddable":true,"href":"https:\/\/tilk.bio\/et\/wp-json\/wp\/v2\/product_brand?post=17611"},{"taxonomy":"product_cat","embeddable":true,"href":"https:\/\/tilk.bio\/et\/wp-json\/wp\/v2\/product_cat?post=17611"},{"taxonomy":"product_tag","embeddable":true,"href":"https:\/\/tilk.bio\/et\/wp-json\/wp\/v2\/product_tag?post=17611"}],"curies":[{"name":"wp","href":"https:\/\/api.w.org\/{rel}","templated":true}]}}