{"id":17612,"date":"2017-01-27T16:49:10","date_gmt":"2017-01-27T14:49:10","guid":{"rendered":"https:\/\/tilk.bio\/shop\/taimne-huulepalsam-kiss-me\/"},"modified":"2026-04-14T16:45:04","modified_gmt":"2026-04-14T13:45:04","slug":"taimne-huulepalsam-kiss-me","status":"publish","type":"product","link":"https:\/\/tilk.bio\/et\/pood\/taimne-huulepalsam-kiss-me\/","title":{"rendered":"Kiss Me niisutav huulepalsam saialille ja kakaov\u00f5iga"},"content":{"rendered":"<p><span style=\"font-weight: 400;\">Kiss Me huulepalsam niisutab <a href=\"https:\/\/tilk.bio\/et\/tootekategooria\/naohooldus\/huuletooted\/\">huuli<\/a> ja annab neile kerge l\u00e4ike. Huulepalsam on hea abiline aastaringi, kuid eriti h\u00e4davajalik kaaslane k\u00fclmal ajal \u2013 see pakub kaitset tuule ja miinuskraadide eest ning aitab taastada juba kahjustunud nahka. See on nii imeline, et lihtsalt kutsub \u2013 Kiss Me!<\/span><\/p>\n<p><span style=\"font-weight: 400;\">Mee ja saialille bioaktiivsed koostisosad teevad huuled m\u00f5nusaks ning pehmeks. Mesi silub, pehmendab, tervendab ja tugevdab nahka. Saialillel on p\u00f5letikuvastased ja antibakteriaalsed omadused. Huulepalsamis sisalduval mesilasvahal on ka p\u00f5letikuvastane toime, see aitab nahka rahustada. Sheav\u00f5i toidab huuli s\u00fcvitsi ning kaitseb kuivuse eest ning muudab naha elastseks. Niisutav kakaov\u00f5i hoiab \u00f5rna nahka kuivamast.\u00a0<\/span><\/p>\n<p><span style=\"font-weight: 400;\">K\u00f5ik huulepalsami koostisosad on looduslikku p\u00e4ritolu. Huulepalsami loomisel on kasutatud Saaremaalt k\u00e4sitsi korjatud taimede \u00f5lisid.<\/span><\/p>\n<p><span style=\"font-weight: 400;\">Hoiustamine: Soovitame hoida huulepalsamit kaitstuna otsese p\u00e4ikesevalguse eest ja temperatuuril alla +25 kraadi.<\/span><\/p>\n<p><span style=\"font-weight: 400;\">Kogus: 4.8ml<\/span><\/p>\n","protected":false},"excerpt":{"rendered":"<p>Kiss Me huulepalsam niisutab huuli ja annab neile kerge l\u00e4ike. Huulepalsam on hea abiline aastaringi, kuid eriti h\u00e4davajalik kaaslane k\u00fclmal ajal \u2013 see pakub kaitset tuule ja miinuskraadide eest ning aitab taastada juba kahjustunud nahka. See on nii imeline, et lihtsalt kutsub \u2013 Kiss Me! Mee ja saialille bioaktiivsed koostisosad teevad huuled m\u00f5nusaks ning pehmeks&#8230;.<\/p>\n","protected":false},"featured_media":67415,"comment_status":"open","ping_status":"closed","template":"","meta":{"_acf_changed":false},"product_brand":[],"product_cat":[498,389,689,912,713],"product_tag":[303,304,302],"class_list":{"0":"post-17612","1":"product","2":"type-product","3":"status-publish","4":"has-post-thumbnail","6":"product_cat-huuletooted","7":"product_cat-koik-tooted","8":"product_cat-kuiv-nahk","9":"product_cat-sheavoi","10":"product_cat-tilk-herbal-et","11":"product_tag-huulepalsam","12":"product_tag-huulepulk","13":"product_tag-taimne","15":"first","16":"instock","17":"taxable","18":"shipping-taxable","19":"purchasable","20":"product-type-simple"},"acf":[],"yoast_head":"<!-- This site is optimized with the Yoast SEO plugin v27.4 - https:\/\/yoast.com\/product\/yoast-seo-wordpress\/ -->\n<title>Kiss Me niisutav huulepalsam saialille ja kakaov\u00f5iga - Tilk!<\/title>\n<meta name=\"description\" content=\"Taimne huulepalsam Kiss me niisutab su huuli ja lisab kerge l\u00e4ike. Mesi ja bioaktiivsed koostisosad muudavad su huuled pehmeks ja m\u00f5nusaks.\" \/>\n<meta name=\"robots\" content=\"index, follow, max-snippet:-1, max-image-preview:large, max-video-preview:-1\" \/>\n<link rel=\"canonical\" href=\"https:\/\/tilk.bio\/et\/pood\/taimne-huulepalsam-kiss-me\/\" \/>\n<meta property=\"og:locale\" content=\"et_EE\" \/>\n<meta property=\"og:type\" content=\"article\" \/>\n<meta property=\"og:title\" content=\"Kiss Me niisutav huulepalsam saialille ja kakaov\u00f5iga - Tilk!\" \/>\n<meta property=\"og:description\" content=\"Taimne huulepalsam Kiss me niisutab su huuli ja lisab kerge l\u00e4ike. Mesi ja bioaktiivsed koostisosad muudavad su huuled pehmeks ja m\u00f5nusaks. See on imeline \u2013 Kiss me!\" \/>\n<meta property=\"og:url\" content=\"https:\/\/tilk.bio\/et\/pood\/taimne-huulepalsam-kiss-me\/\" \/>\n<meta property=\"og:site_name\" content=\"Tilk!\" \/>\n<meta property=\"article:publisher\" content=\"https:\/\/www.facebook.com\/tilk.bio\/\" \/>\n<meta property=\"article:modified_time\" content=\"2026-04-14T13:45:04+00:00\" \/>\n<meta property=\"og:image\" content=\"https:\/\/tilk.bio\/wp-content\/uploads\/2016\/01\/natural-lip-balm.jpg\" \/>\n\t<meta property=\"og:image:width\" content=\"1000\" \/>\n\t<meta property=\"og:image:height\" content=\"1000\" \/>\n\t<meta property=\"og:image:type\" content=\"image\/jpeg\" \/>\n<meta name=\"twitter:card\" content=\"summary_large_image\" \/>\n<meta name=\"twitter:description\" content=\"Taimne huulepalsam Kiss me niisutab su huuli ja lisab kerge l\u00e4ike. Mesi ja bioaktiivsed koostisosad muudavad su huuled pehmeks ja m\u00f5nusaks. See on imeline \u2013 Kiss me!\" \/>\n<meta name=\"twitter:image\" content=\"https:\/\/tilk.bio\/wp-content\/uploads\/2016\/01\/natural-lip-balm.jpg\" \/>\n<meta name=\"twitter:label1\" content=\"Est. reading time\" \/>\n\t<meta name=\"twitter:data1\" content=\"1 minut\" \/>\n<script type=\"application\/ld+json\" class=\"yoast-schema-graph\">{\"@context\":\"https:\\\/\\\/schema.org\",\"@graph\":[{\"@type\":\"WebPage\",\"@id\":\"https:\\\/\\\/tilk.bio\\\/et\\\/pood\\\/taimne-huulepalsam-kiss-me\\\/\",\"url\":\"https:\\\/\\\/tilk.bio\\\/et\\\/pood\\\/taimne-huulepalsam-kiss-me\\\/\",\"name\":\"Kiss Me niisutav huulepalsam saialille ja kakaov\u00f5iga - Tilk!\",\"isPartOf\":{\"@id\":\"https:\\\/\\\/tilk.bio\\\/et\\\/#website\"},\"primaryImageOfPage\":{\"@id\":\"https:\\\/\\\/tilk.bio\\\/et\\\/pood\\\/taimne-huulepalsam-kiss-me\\\/#primaryimage\"},\"image\":{\"@id\":\"https:\\\/\\\/tilk.bio\\\/et\\\/pood\\\/taimne-huulepalsam-kiss-me\\\/#primaryimage\"},\"thumbnailUrl\":\"https:\\\/\\\/tilk.bio\\\/wp-content\\\/uploads\\\/2018\\\/08\\\/1.jpg\",\"datePublished\":\"2017-01-27T14:49:10+00:00\",\"dateModified\":\"2026-04-14T13:45:04+00:00\",\"description\":\"Taimne huulepalsam Kiss me niisutab su huuli ja lisab kerge l\u00e4ike. Mesi ja bioaktiivsed koostisosad muudavad su huuled pehmeks ja m\u00f5nusaks.\",\"breadcrumb\":{\"@id\":\"https:\\\/\\\/tilk.bio\\\/et\\\/pood\\\/taimne-huulepalsam-kiss-me\\\/#breadcrumb\"},\"inLanguage\":\"et\",\"potentialAction\":[{\"@type\":\"ReadAction\",\"target\":[\"https:\\\/\\\/tilk.bio\\\/et\\\/pood\\\/taimne-huulepalsam-kiss-me\\\/\"]}]},{\"@type\":\"ImageObject\",\"inLanguage\":\"et\",\"@id\":\"https:\\\/\\\/tilk.bio\\\/et\\\/pood\\\/taimne-huulepalsam-kiss-me\\\/#primaryimage\",\"url\":\"https:\\\/\\\/tilk.bio\\\/wp-content\\\/uploads\\\/2018\\\/08\\\/1.jpg\",\"contentUrl\":\"https:\\\/\\\/tilk.bio\\\/wp-content\\\/uploads\\\/2018\\\/08\\\/1.jpg\",\"width\":1200,\"height\":1200},{\"@type\":\"BreadcrumbList\",\"@id\":\"https:\\\/\\\/tilk.bio\\\/et\\\/pood\\\/taimne-huulepalsam-kiss-me\\\/#breadcrumb\",\"itemListElement\":[{\"@type\":\"ListItem\",\"position\":1,\"name\":\"Home\",\"item\":\"https:\\\/\\\/tilk.bio\\\/et\\\/\"},{\"@type\":\"ListItem\",\"position\":2,\"name\":\"Pood\",\"item\":\"https:\\\/\\\/tilk.bio\\\/et\\\/pood\\\/\"},{\"@type\":\"ListItem\",\"position\":3,\"name\":\"Kiss Me niisutav huulepalsam saialille ja kakaov\u00f5iga\"}]},{\"@type\":\"WebSite\",\"@id\":\"https:\\\/\\\/tilk.bio\\\/et\\\/#website\",\"url\":\"https:\\\/\\\/tilk.bio\\\/et\\\/\",\"name\":\"Tilk!\",\"description\":\"Keskkonnas\u00f5bralik ja j\u00e4tkusuutlik looduskosmeetika Saaremaalt.\",\"potentialAction\":[{\"@type\":\"SearchAction\",\"target\":{\"@type\":\"EntryPoint\",\"urlTemplate\":\"https:\\\/\\\/tilk.bio\\\/et\\\/?s={search_term_string}\"},\"query-input\":{\"@type\":\"PropertyValueSpecification\",\"valueRequired\":true,\"valueName\":\"search_term_string\"}}],\"inLanguage\":\"et\"}]}<\/script>\n<!-- \/ Yoast SEO plugin. -->","yoast_head_json":{"title":"Kiss Me niisutav huulepalsam saialille ja kakaov\u00f5iga - Tilk!","description":"Taimne huulepalsam Kiss me niisutab su huuli ja lisab kerge l\u00e4ike. Mesi ja bioaktiivsed koostisosad muudavad su huuled pehmeks ja m\u00f5nusaks.","robots":{"index":"index","follow":"follow","max-snippet":"max-snippet:-1","max-image-preview":"max-image-preview:large","max-video-preview":"max-video-preview:-1"},"canonical":"https:\/\/tilk.bio\/et\/pood\/taimne-huulepalsam-kiss-me\/","og_locale":"et_EE","og_type":"article","og_title":"Kiss Me niisutav huulepalsam saialille ja kakaov\u00f5iga - Tilk!","og_description":"Taimne huulepalsam Kiss me niisutab su huuli ja lisab kerge l\u00e4ike. Mesi ja bioaktiivsed koostisosad muudavad su huuled pehmeks ja m\u00f5nusaks. See on imeline \u2013 Kiss me!","og_url":"https:\/\/tilk.bio\/et\/pood\/taimne-huulepalsam-kiss-me\/","og_site_name":"Tilk!","article_publisher":"https:\/\/www.facebook.com\/tilk.bio\/","article_modified_time":"2026-04-14T13:45:04+00:00","og_image":[{"width":1000,"height":1000,"url":"https:\/\/tilk.bio\/wp-content\/uploads\/2016\/01\/natural-lip-balm.jpg","type":"image\/jpeg"}],"twitter_card":"summary_large_image","twitter_description":"Taimne huulepalsam Kiss me niisutab su huuli ja lisab kerge l\u00e4ike. Mesi ja bioaktiivsed koostisosad muudavad su huuled pehmeks ja m\u00f5nusaks. See on imeline \u2013 Kiss me!","twitter_image":"https:\/\/tilk.bio\/wp-content\/uploads\/2016\/01\/natural-lip-balm.jpg","twitter_misc":{"Est. reading time":"1 minut"},"schema":{"@context":"https:\/\/schema.org","@graph":[{"@type":"WebPage","@id":"https:\/\/tilk.bio\/et\/pood\/taimne-huulepalsam-kiss-me\/","url":"https:\/\/tilk.bio\/et\/pood\/taimne-huulepalsam-kiss-me\/","name":"Kiss Me niisutav huulepalsam saialille ja kakaov\u00f5iga - Tilk!","isPartOf":{"@id":"https:\/\/tilk.bio\/et\/#website"},"primaryImageOfPage":{"@id":"https:\/\/tilk.bio\/et\/pood\/taimne-huulepalsam-kiss-me\/#primaryimage"},"image":{"@id":"https:\/\/tilk.bio\/et\/pood\/taimne-huulepalsam-kiss-me\/#primaryimage"},"thumbnailUrl":"https:\/\/tilk.bio\/wp-content\/uploads\/2018\/08\/1.jpg","datePublished":"2017-01-27T14:49:10+00:00","dateModified":"2026-04-14T13:45:04+00:00","description":"Taimne huulepalsam Kiss me niisutab su huuli ja lisab kerge l\u00e4ike. Mesi ja bioaktiivsed koostisosad muudavad su huuled pehmeks ja m\u00f5nusaks.","breadcrumb":{"@id":"https:\/\/tilk.bio\/et\/pood\/taimne-huulepalsam-kiss-me\/#breadcrumb"},"inLanguage":"et","potentialAction":[{"@type":"ReadAction","target":["https:\/\/tilk.bio\/et\/pood\/taimne-huulepalsam-kiss-me\/"]}]},{"@type":"ImageObject","inLanguage":"et","@id":"https:\/\/tilk.bio\/et\/pood\/taimne-huulepalsam-kiss-me\/#primaryimage","url":"https:\/\/tilk.bio\/wp-content\/uploads\/2018\/08\/1.jpg","contentUrl":"https:\/\/tilk.bio\/wp-content\/uploads\/2018\/08\/1.jpg","width":1200,"height":1200},{"@type":"BreadcrumbList","@id":"https:\/\/tilk.bio\/et\/pood\/taimne-huulepalsam-kiss-me\/#breadcrumb","itemListElement":[{"@type":"ListItem","position":1,"name":"Home","item":"https:\/\/tilk.bio\/et\/"},{"@type":"ListItem","position":2,"name":"Pood","item":"https:\/\/tilk.bio\/et\/pood\/"},{"@type":"ListItem","position":3,"name":"Kiss Me niisutav huulepalsam saialille ja kakaov\u00f5iga"}]},{"@type":"WebSite","@id":"https:\/\/tilk.bio\/et\/#website","url":"https:\/\/tilk.bio\/et\/","name":"Tilk!","description":"Keskkonnas\u00f5bralik ja j\u00e4tkusuutlik looduskosmeetika Saaremaalt.","potentialAction":[{"@type":"SearchAction","target":{"@type":"EntryPoint","urlTemplate":"https:\/\/tilk.bio\/et\/?s={search_term_string}"},"query-input":{"@type":"PropertyValueSpecification","valueRequired":true,"valueName":"search_term_string"}}],"inLanguage":"et"}]}},"_links":{"self":[{"href":"https:\/\/tilk.bio\/et\/wp-json\/wp\/v2\/product\/17612","targetHints":{"allow":["GET"]}}],"collection":[{"href":"https:\/\/tilk.bio\/et\/wp-json\/wp\/v2\/product"}],"about":[{"href":"https:\/\/tilk.bio\/et\/wp-json\/wp\/v2\/types\/product"}],"replies":[{"embeddable":true,"href":"https:\/\/tilk.bio\/et\/wp-json\/wp\/v2\/comments?post=17612"}],"wp:featuredmedia":[{"embeddable":true,"href":"https:\/\/tilk.bio\/et\/wp-json\/wp\/v2\/media\/67415"}],"wp:attachment":[{"href":"https:\/\/tilk.bio\/et\/wp-json\/wp\/v2\/media?parent=17612"}],"wp:term":[{"taxonomy":"product_brand","embeddable":true,"href":"https:\/\/tilk.bio\/et\/wp-json\/wp\/v2\/product_brand?post=17612"},{"taxonomy":"product_cat","embeddable":true,"href":"https:\/\/tilk.bio\/et\/wp-json\/wp\/v2\/product_cat?post=17612"},{"taxonomy":"product_tag","embeddable":true,"href":"https:\/\/tilk.bio\/et\/wp-json\/wp\/v2\/product_tag?post=17612"}],"curies":[{"name":"wp","href":"https:\/\/api.w.org\/{rel}","templated":true}]}}