{"id":17613,"date":"2017-12-15T16:31:07","date_gmt":"2017-12-15T14:31:07","guid":{"rendered":"https:\/\/tilk.bio\/shop\/regenerate-me-naokreem\/"},"modified":"2026-04-19T10:45:08","modified_gmt":"2026-04-19T07:45:08","slug":"regenerate-me-naokreem","status":"publish","type":"product","link":"https:\/\/tilk.bio\/et\/pood\/regenerate-me-naokreem\/","title":{"rendered":"Regenerate Me n\u00e4okreem porgandi\u00f5liga normaalsele ja kombineeritud nahale"},"content":{"rendered":"<p><span style=\"font-weight: 400;\">AUHINNATUD<\/span><\/p>\n<p><span style=\"font-weight: 400;\">Regenerate Me on niisutav ja nahka uuendav <a href=\"https:\/\/tilk.bio\/et\/tootekategooria\/naohooldus\/naokreem\/\">n\u00e4okreem<\/a>. Kreemi luues on m\u00f5eldud <a href=\"https:\/\/tilk.bio\/et\/nahatuup\/kombineeritud-ja-normaalne-nahk\/\">normaalse ja kombineeritud naha<\/a> igap\u00e4evasele toitmisele ja pehmendamisele, kasutades selleks looduslikke koostisosi. Tasakaalustatud kreem imendub kergesti naha s\u00fcgavatesse kihtidesse ning ei j\u00e4ta seda rasvaseks ega l\u00e4ikivaks ja ei m\u00f5ju raskelt.<\/span><\/p>\n<p><span style=\"font-weight: 400;\">Kreemis sisalduvad porgandi- ja mandli\u00f5li toidavad ja pehmendavad nahka ning kaitsevad v\u00e4listegurite eest nagu kuum v\u00f5i k\u00fclm temperatuur, \u00f5husaaste ja UV-kiirgus. Sheav\u00f5i muudab naha elastseks, seda niisutades ja kaitstes. Lisaks sisaldab kibuvitsaseemne\u00f5li rikkalikult A-vitamiini ja antioks\u00fcdante, mis toetavad naha uuenemist ja parandavad jumet. See nahale m\u00f5eldud taevalik nauding on v\u00e4rske lavendli l\u00f5hnaga.<\/span><\/p>\n<p><span style=\"font-weight: 400;\">Kasutamine: Regenerate Me niisutav n\u00e4okreem sobib igap\u00e4evaseks naha hoolitsuseks ja naha niisutamiseks peale puhastamist.<\/span><\/p>\n<p><span style=\"font-weight: 400;\">K\u00f5ik kreemi koostisosad on looduslikku p\u00e4ritolu ning vegan. Kreemi loomisel on kasutatud Saaremaalt k\u00e4sitsi korjatud taimede \u00f5lisid.<\/span><\/p>\n<p><span style=\"font-weight: 400;\">Hoiustamine: Hoiusta kreemi toatemperatuuril.<\/span><\/p>\n<p><span style=\"font-weight: 400;\">Kogus: 10ml\/50ml<\/span><\/p>\n","protected":false},"excerpt":{"rendered":"<p>AUHINNATUD Regenerate Me on niisutav ja nahka uuendav n\u00e4okreem. Kreemi luues on m\u00f5eldud normaalse ja kombineeritud naha igap\u00e4evasele toitmisele ja pehmendamisele, kasutades selleks looduslikke koostisosi. Tasakaalustatud kreem imendub kergesti naha s\u00fcgavatesse kihtidesse ning ei j\u00e4ta seda rasvaseks ega l\u00e4ikivaks ja ei m\u00f5ju raskelt. Kreemis sisalduvad porgandi- ja mandli\u00f5li toidavad ja pehmendavad nahka ning kaitsevad v\u00e4listegurite&#8230;<\/p>\n","protected":false},"featured_media":67439,"comment_status":"open","ping_status":"closed","template":"","meta":{"_acf_changed":false},"product_brand":[],"product_cat":[585,494,389,511,692,912,533,691,713,690],"product_tag":[215,216],"class_list":{"0":"post-17613","1":"product","2":"type-product","3":"status-publish","4":"has-post-thumbnail","6":"product_cat-naokreem","7":"product_cat-klientide-lemmikud","8":"product_cat-koik-tooted","9":"product_cat-naohooldus","10":"product_cat-normaalne-ja-kombineeritud-nahk","11":"product_cat-sheavoi","12":"product_cat-spaatli-voimalus","13":"product_cat-tekstuuri-ja-tooniprobleemidega-nahk","14":"product_cat-tilk-herbal-et","15":"product_cat-tundlik-nahk","16":"product_tag-seganahk","17":"product_tag-normaalne-nahk","19":"first","20":"instock","21":"taxable","22":"shipping-taxable","23":"purchasable","24":"product-type-variable"},"acf":[],"yoast_head":"<!-- This site is optimized with the Yoast SEO plugin v27.4 - https:\/\/yoast.com\/product\/yoast-seo-wordpress\/ -->\n<title>Regenerate Me n\u00e4okreem porgandi\u00f5liga kombineeritud nahale<\/title>\n<meta name=\"description\" content=\"Regenerate Me on niisutav ja nahka uuendav n\u00e4okreem. Kreemi luues on m\u00f5eldud normaalse ja kombineeritud naha igap\u00e4evasele toitmisele ja pehmendamisele.\" \/>\n<meta name=\"robots\" content=\"index, follow, max-snippet:-1, max-image-preview:large, max-video-preview:-1\" \/>\n<link rel=\"canonical\" href=\"https:\/\/tilk.bio\/et\/pood\/regenerate-me-naokreem\/\" \/>\n<meta property=\"og:locale\" content=\"et_EE\" \/>\n<meta property=\"og:type\" content=\"article\" \/>\n<meta property=\"og:title\" content=\"Regenerate Me n\u00e4okreem porgandi\u00f5liga kombineeritud nahale\" \/>\n<meta property=\"og:description\" content=\"Regenerate Me on niisutav ja nahka uuendav n\u00e4okreem. Kreemi luues on m\u00f5eldud normaalse ja kombineeritud naha igap\u00e4evasele toitmisele ja pehmendamisele.\" \/>\n<meta property=\"og:url\" content=\"https:\/\/tilk.bio\/et\/pood\/regenerate-me-naokreem\/\" \/>\n<meta property=\"og:site_name\" content=\"Tilk!\" \/>\n<meta property=\"article:publisher\" content=\"https:\/\/www.facebook.com\/tilk.bio\/\" \/>\n<meta property=\"article:modified_time\" content=\"2026-04-19T07:45:08+00:00\" \/>\n<meta name=\"twitter:card\" content=\"summary_large_image\" \/>\n<meta name=\"twitter:image\" content=\"https:\/\/tilk.bio\/wp-content\/uploads\/2018\/08\/7.jpg\" \/>\n<meta name=\"twitter:label1\" content=\"Est. reading time\" \/>\n\t<meta name=\"twitter:data1\" content=\"1 minut\" \/>\n<script type=\"application\/ld+json\" class=\"yoast-schema-graph\">{\"@context\":\"https:\\\/\\\/schema.org\",\"@graph\":[{\"@type\":\"WebPage\",\"@id\":\"https:\\\/\\\/tilk.bio\\\/et\\\/pood\\\/regenerate-me-naokreem\\\/\",\"url\":\"https:\\\/\\\/tilk.bio\\\/et\\\/pood\\\/regenerate-me-naokreem\\\/\",\"name\":\"Regenerate Me n\u00e4okreem porgandi\u00f5liga kombineeritud nahale\",\"isPartOf\":{\"@id\":\"https:\\\/\\\/tilk.bio\\\/et\\\/#website\"},\"primaryImageOfPage\":{\"@id\":\"https:\\\/\\\/tilk.bio\\\/et\\\/pood\\\/regenerate-me-naokreem\\\/#primaryimage\"},\"image\":{\"@id\":\"https:\\\/\\\/tilk.bio\\\/et\\\/pood\\\/regenerate-me-naokreem\\\/#primaryimage\"},\"thumbnailUrl\":\"https:\\\/\\\/tilk.bio\\\/wp-content\\\/uploads\\\/2018\\\/08\\\/7.jpg\",\"datePublished\":\"2017-12-15T14:31:07+00:00\",\"dateModified\":\"2026-04-19T07:45:08+00:00\",\"description\":\"Regenerate Me on niisutav ja nahka uuendav n\u00e4okreem. Kreemi luues on m\u00f5eldud normaalse ja kombineeritud naha igap\u00e4evasele toitmisele ja pehmendamisele.\",\"breadcrumb\":{\"@id\":\"https:\\\/\\\/tilk.bio\\\/et\\\/pood\\\/regenerate-me-naokreem\\\/#breadcrumb\"},\"inLanguage\":\"et\",\"potentialAction\":[{\"@type\":\"ReadAction\",\"target\":[\"https:\\\/\\\/tilk.bio\\\/et\\\/pood\\\/regenerate-me-naokreem\\\/\"]}]},{\"@type\":\"ImageObject\",\"inLanguage\":\"et\",\"@id\":\"https:\\\/\\\/tilk.bio\\\/et\\\/pood\\\/regenerate-me-naokreem\\\/#primaryimage\",\"url\":\"https:\\\/\\\/tilk.bio\\\/wp-content\\\/uploads\\\/2018\\\/08\\\/7.jpg\",\"contentUrl\":\"https:\\\/\\\/tilk.bio\\\/wp-content\\\/uploads\\\/2018\\\/08\\\/7.jpg\",\"width\":1200,\"height\":1200},{\"@type\":\"BreadcrumbList\",\"@id\":\"https:\\\/\\\/tilk.bio\\\/et\\\/pood\\\/regenerate-me-naokreem\\\/#breadcrumb\",\"itemListElement\":[{\"@type\":\"ListItem\",\"position\":1,\"name\":\"Home\",\"item\":\"https:\\\/\\\/tilk.bio\\\/et\\\/\"},{\"@type\":\"ListItem\",\"position\":2,\"name\":\"Pood\",\"item\":\"https:\\\/\\\/tilk.bio\\\/et\\\/pood\\\/\"},{\"@type\":\"ListItem\",\"position\":3,\"name\":\"Regenerate Me n\u00e4okreem porgandi\u00f5liga normaalsele ja kombineeritud nahale\"}]},{\"@type\":\"WebSite\",\"@id\":\"https:\\\/\\\/tilk.bio\\\/et\\\/#website\",\"url\":\"https:\\\/\\\/tilk.bio\\\/et\\\/\",\"name\":\"Tilk!\",\"description\":\"Keskkonnas\u00f5bralik ja j\u00e4tkusuutlik looduskosmeetika Saaremaalt.\",\"potentialAction\":[{\"@type\":\"SearchAction\",\"target\":{\"@type\":\"EntryPoint\",\"urlTemplate\":\"https:\\\/\\\/tilk.bio\\\/et\\\/?s={search_term_string}\"},\"query-input\":{\"@type\":\"PropertyValueSpecification\",\"valueRequired\":true,\"valueName\":\"search_term_string\"}}],\"inLanguage\":\"et\"}]}<\/script>\n<!-- \/ Yoast SEO plugin. -->","yoast_head_json":{"title":"Regenerate Me n\u00e4okreem porgandi\u00f5liga kombineeritud nahale","description":"Regenerate Me on niisutav ja nahka uuendav n\u00e4okreem. Kreemi luues on m\u00f5eldud normaalse ja kombineeritud naha igap\u00e4evasele toitmisele ja pehmendamisele.","robots":{"index":"index","follow":"follow","max-snippet":"max-snippet:-1","max-image-preview":"max-image-preview:large","max-video-preview":"max-video-preview:-1"},"canonical":"https:\/\/tilk.bio\/et\/pood\/regenerate-me-naokreem\/","og_locale":"et_EE","og_type":"article","og_title":"Regenerate Me n\u00e4okreem porgandi\u00f5liga kombineeritud nahale","og_description":"Regenerate Me on niisutav ja nahka uuendav n\u00e4okreem. Kreemi luues on m\u00f5eldud normaalse ja kombineeritud naha igap\u00e4evasele toitmisele ja pehmendamisele.","og_url":"https:\/\/tilk.bio\/et\/pood\/regenerate-me-naokreem\/","og_site_name":"Tilk!","article_publisher":"https:\/\/www.facebook.com\/tilk.bio\/","article_modified_time":"2026-04-19T07:45:08+00:00","twitter_card":"summary_large_image","twitter_image":"https:\/\/tilk.bio\/wp-content\/uploads\/2018\/08\/7.jpg","twitter_misc":{"Est. reading time":"1 minut"},"schema":{"@context":"https:\/\/schema.org","@graph":[{"@type":"WebPage","@id":"https:\/\/tilk.bio\/et\/pood\/regenerate-me-naokreem\/","url":"https:\/\/tilk.bio\/et\/pood\/regenerate-me-naokreem\/","name":"Regenerate Me n\u00e4okreem porgandi\u00f5liga kombineeritud nahale","isPartOf":{"@id":"https:\/\/tilk.bio\/et\/#website"},"primaryImageOfPage":{"@id":"https:\/\/tilk.bio\/et\/pood\/regenerate-me-naokreem\/#primaryimage"},"image":{"@id":"https:\/\/tilk.bio\/et\/pood\/regenerate-me-naokreem\/#primaryimage"},"thumbnailUrl":"https:\/\/tilk.bio\/wp-content\/uploads\/2018\/08\/7.jpg","datePublished":"2017-12-15T14:31:07+00:00","dateModified":"2026-04-19T07:45:08+00:00","description":"Regenerate Me on niisutav ja nahka uuendav n\u00e4okreem. Kreemi luues on m\u00f5eldud normaalse ja kombineeritud naha igap\u00e4evasele toitmisele ja pehmendamisele.","breadcrumb":{"@id":"https:\/\/tilk.bio\/et\/pood\/regenerate-me-naokreem\/#breadcrumb"},"inLanguage":"et","potentialAction":[{"@type":"ReadAction","target":["https:\/\/tilk.bio\/et\/pood\/regenerate-me-naokreem\/"]}]},{"@type":"ImageObject","inLanguage":"et","@id":"https:\/\/tilk.bio\/et\/pood\/regenerate-me-naokreem\/#primaryimage","url":"https:\/\/tilk.bio\/wp-content\/uploads\/2018\/08\/7.jpg","contentUrl":"https:\/\/tilk.bio\/wp-content\/uploads\/2018\/08\/7.jpg","width":1200,"height":1200},{"@type":"BreadcrumbList","@id":"https:\/\/tilk.bio\/et\/pood\/regenerate-me-naokreem\/#breadcrumb","itemListElement":[{"@type":"ListItem","position":1,"name":"Home","item":"https:\/\/tilk.bio\/et\/"},{"@type":"ListItem","position":2,"name":"Pood","item":"https:\/\/tilk.bio\/et\/pood\/"},{"@type":"ListItem","position":3,"name":"Regenerate Me n\u00e4okreem porgandi\u00f5liga normaalsele ja kombineeritud nahale"}]},{"@type":"WebSite","@id":"https:\/\/tilk.bio\/et\/#website","url":"https:\/\/tilk.bio\/et\/","name":"Tilk!","description":"Keskkonnas\u00f5bralik ja j\u00e4tkusuutlik looduskosmeetika Saaremaalt.","potentialAction":[{"@type":"SearchAction","target":{"@type":"EntryPoint","urlTemplate":"https:\/\/tilk.bio\/et\/?s={search_term_string}"},"query-input":{"@type":"PropertyValueSpecification","valueRequired":true,"valueName":"search_term_string"}}],"inLanguage":"et"}]}},"_links":{"self":[{"href":"https:\/\/tilk.bio\/et\/wp-json\/wp\/v2\/product\/17613","targetHints":{"allow":["GET"]}}],"collection":[{"href":"https:\/\/tilk.bio\/et\/wp-json\/wp\/v2\/product"}],"about":[{"href":"https:\/\/tilk.bio\/et\/wp-json\/wp\/v2\/types\/product"}],"replies":[{"embeddable":true,"href":"https:\/\/tilk.bio\/et\/wp-json\/wp\/v2\/comments?post=17613"}],"wp:featuredmedia":[{"embeddable":true,"href":"https:\/\/tilk.bio\/et\/wp-json\/wp\/v2\/media\/67439"}],"wp:attachment":[{"href":"https:\/\/tilk.bio\/et\/wp-json\/wp\/v2\/media?parent=17613"}],"wp:term":[{"taxonomy":"product_brand","embeddable":true,"href":"https:\/\/tilk.bio\/et\/wp-json\/wp\/v2\/product_brand?post=17613"},{"taxonomy":"product_cat","embeddable":true,"href":"https:\/\/tilk.bio\/et\/wp-json\/wp\/v2\/product_cat?post=17613"},{"taxonomy":"product_tag","embeddable":true,"href":"https:\/\/tilk.bio\/et\/wp-json\/wp\/v2\/product_tag?post=17613"}],"curies":[{"name":"wp","href":"https:\/\/api.w.org\/{rel}","templated":true}]}}