{"id":17616,"date":"2021-11-07T18:56:18","date_gmt":"2015-11-07T18:56:18","guid":{"rendered":"https:\/\/tilk.bio\/shop\/cleanse-me-naokreem-rasusele-nahale\/"},"modified":"2026-03-27T14:15:07","modified_gmt":"2026-03-27T12:15:07","slug":"cleanse-me-naokreem-rasusele-nahale","status":"publish","type":"product","link":"https:\/\/tilk.bio\/et\/pood\/cleanse-me-naokreem-rasusele-nahale\/","title":{"rendered":"Cleanse Me n\u00e4okreem v\u00e4rskendava piparm\u00fcndiga"},"content":{"rendered":"<p>Cleanse Me n\u00e4okreem hooldab ja rahustab rasust, akne ning\u00a0<a href=\"https:\/\/web.archive.org\/web\/20231130214944\/https:\/\/tilk.bio\/et\/nahatuup\/rasune-akne-nahk\/\">probleemset nahka.<\/a>\u00a0Tasakaalustav akne kreem on k\u00f5rge vitamiinide ja mineraalide sisaldusega. Cleanse Me-d kasutades aitab kreem \u00fchtlustada nahatooni, v\u00e4hendada punetust ja nahka rahustada. Pooride ummistamise ennetamiseks on kreem kerge koostisega.<\/p>\n<p>Pune ja kanepiseemne\u00f5li bioaktiivsed koostisosad ravivad p\u00f5letikulist nahka ning suurendavad naha kaitsev\u00f5imet. Aprikoosi- ja porgandiseemne\u00f5li rahustavad, pehmendavad ning niisutavad, aidates nahal kiirelt taastuda. Kreem ergutab mikrovereringet ning aitab nahal puhastuda. Lisaks ahendab raudrohu \u00f5ites peituv hamasuleen poore. Aroomis on tunda ergastavat piparm\u00fcndi ja troopilise mandariini kooslust.<\/p>\n<p><strong>Kasutamine:<\/strong>\u00a0Kanna kreemi nahale peale selle puhastamist hommikul ja \u00f5htul. Selle kreemiga koos soovitame nahahooldusrutiini tuua ka n\u00e4omaski\u00a0<a href=\"https:\/\/web.archive.org\/web\/20231130214944\/https:\/\/tilk.bio\/et\/pood\/turba-naomask-probleemse-naha-ja-akne-jaoks\/\">Detox Me,<\/a>\u00a0teepuuga n\u00e4okoorija\u00a0<a href=\"https:\/\/web.archive.org\/web\/20231130214944\/https:\/\/tilk.bio\/et\/pood\/ergutav-scrub-me-naokoorija-teepuuga\/\">Scrub Me<\/a>\u00a0ning kadakat sisaldava n\u00e4o\u00f5li\u00a0<a href=\"https:\/\/web.archive.org\/web\/20231130214944\/https:\/\/tilk.bio\/et\/pood\/smooth-me-naooli\/\">Smooth Me<\/a>.<\/p>\n<p>N\u00e4okreemi koostisosad on looduslikku p\u00e4ritolu ja vegan. Kreemi loomisel on kasutatud Saaremaalt k\u00e4sitsi korjatud taimede \u00f5lisid.<\/p>\n<p>Hoiustamine: Hoiusta n\u00e4okreemi toatemperatuuril.<\/p>\n<p>Kogus: 10ml\/50ml<\/p>\n","protected":false},"excerpt":{"rendered":"<p>Cleanse Me n\u00e4okreem hooldab ja rahustab rasust, akne ning\u00a0probleemset nahka.\u00a0Tasakaalustav akne kreem on k\u00f5rge vitamiinide ja mineraalide sisaldusega. Cleanse Me-d kasutades aitab kreem \u00fchtlustada nahatooni, v\u00e4hendada punetust ja nahka rahustada. Pooride ummistamise ennetamiseks on kreem kerge koostisega. Pune ja kanepiseemne\u00f5li bioaktiivsed koostisosad ravivad p\u00f5letikulist nahka ning suurendavad naha kaitsev\u00f5imet. Aprikoosi- ja porgandiseemne\u00f5li rahustavad, pehmendavad ning&#8230;<\/p>\n","protected":false},"featured_media":65039,"comment_status":"open","ping_status":"closed","template":"","meta":{"_acf_changed":false},"product_brand":[],"product_cat":[585,687,389,511,533,691,713],"product_tag":[520,213,217],"class_list":{"0":"post-17616","1":"product","2":"type-product","3":"status-publish","4":"has-post-thumbnail","6":"product_cat-naokreem","7":"product_cat-akne-ja-rasune-nahk","8":"product_cat-koik-tooted","9":"product_cat-naohooldus","10":"product_cat-spaatli-voimalus","11":"product_cat-tekstuuri-ja-tooniprobleemidega-nahk","12":"product_cat-tilk-herbal-et","13":"product_tag-nagu","14":"product_tag-rasune-nahk","15":"product_tag-naokreem","17":"first","18":"instock","19":"taxable","20":"shipping-taxable","21":"purchasable","22":"product-type-variable"},"acf":[],"yoast_head":"<!-- This site is optimized with the Yoast SEO plugin v27.4 - https:\/\/yoast.com\/product\/yoast-seo-wordpress\/ -->\n<title>Cleanse Me n\u00e4okreem v\u00e4rskendava piparm\u00fcndiga akne nahale<\/title>\n<meta name=\"description\" content=\"Cleanse Me akne n\u00e4okreem hooldab ja rahustab rasust, akne ning probleemset nahka. Tasakaalustav kreem on k\u00f5rge vitamiinide ja mineraalide sisaldusega.\" \/>\n<meta name=\"robots\" content=\"index, follow, max-snippet:-1, max-image-preview:large, max-video-preview:-1\" \/>\n<link rel=\"canonical\" href=\"https:\/\/tilk.bio\/et\/pood\/cleanse-me-naokreem-rasusele-nahale\/\" \/>\n<meta property=\"og:locale\" content=\"et_EE\" \/>\n<meta property=\"og:type\" content=\"article\" \/>\n<meta property=\"og:title\" content=\"Cleanse Me n\u00e4okreem rasusele nahale - Tilk! bioaktiivne looduskosmeetika\" \/>\n<meta property=\"og:description\" content=\"Cleanse Me on perfektne valik rasusele nahale. Selle bioaktiivsed koostisosad rahustavad, pehmendavad ja ravivad p\u00f5letikulisi kohti nahal. M\u00f5nusa l\u00f5hna annab energeetiline segu mandariinist ja piparm\u00fcndist.\" \/>\n<meta property=\"og:url\" content=\"https:\/\/tilk.bio\/et\/pood\/cleanse-me-naokreem-rasusele-nahale\/\" \/>\n<meta property=\"og:site_name\" content=\"Tilk!\" \/>\n<meta property=\"article:publisher\" content=\"https:\/\/www.facebook.com\/tilk.bio\/\" \/>\n<meta property=\"article:modified_time\" content=\"2026-03-27T12:15:07+00:00\" \/>\n<meta property=\"og:image\" content=\"https:\/\/tilk.bio\/wp-content\/uploads\/2017\/11\/cleansemekarp.jpg\" \/>\n\t<meta property=\"og:image:width\" content=\"1200\" \/>\n\t<meta property=\"og:image:height\" content=\"1200\" \/>\n\t<meta property=\"og:image:type\" content=\"image\/jpeg\" \/>\n<meta name=\"twitter:card\" content=\"summary_large_image\" \/>\n<meta name=\"twitter:label1\" content=\"Est. reading time\" \/>\n\t<meta name=\"twitter:data1\" content=\"1 minut\" \/>\n<script type=\"application\/ld+json\" class=\"yoast-schema-graph\">{\"@context\":\"https:\\\/\\\/schema.org\",\"@graph\":[{\"@type\":\"WebPage\",\"@id\":\"https:\\\/\\\/tilk.bio\\\/et\\\/pood\\\/cleanse-me-naokreem-rasusele-nahale\\\/\",\"url\":\"https:\\\/\\\/tilk.bio\\\/et\\\/pood\\\/cleanse-me-naokreem-rasusele-nahale\\\/\",\"name\":\"Cleanse Me n\u00e4okreem v\u00e4rskendava piparm\u00fcndiga akne nahale\",\"isPartOf\":{\"@id\":\"https:\\\/\\\/tilk.bio\\\/et\\\/#website\"},\"primaryImageOfPage\":{\"@id\":\"https:\\\/\\\/tilk.bio\\\/et\\\/pood\\\/cleanse-me-naokreem-rasusele-nahale\\\/#primaryimage\"},\"image\":{\"@id\":\"https:\\\/\\\/tilk.bio\\\/et\\\/pood\\\/cleanse-me-naokreem-rasusele-nahale\\\/#primaryimage\"},\"thumbnailUrl\":\"https:\\\/\\\/tilk.bio\\\/wp-content\\\/uploads\\\/2017\\\/11\\\/cleansemekarp.jpg\",\"datePublished\":\"2015-11-07T18:56:18+00:00\",\"dateModified\":\"2026-03-27T12:15:07+00:00\",\"description\":\"Cleanse Me akne n\u00e4okreem hooldab ja rahustab rasust, akne ning probleemset nahka. Tasakaalustav kreem on k\u00f5rge vitamiinide ja mineraalide sisaldusega.\",\"breadcrumb\":{\"@id\":\"https:\\\/\\\/tilk.bio\\\/et\\\/pood\\\/cleanse-me-naokreem-rasusele-nahale\\\/#breadcrumb\"},\"inLanguage\":\"et\",\"potentialAction\":[{\"@type\":\"ReadAction\",\"target\":[\"https:\\\/\\\/tilk.bio\\\/et\\\/pood\\\/cleanse-me-naokreem-rasusele-nahale\\\/\"]}]},{\"@type\":\"ImageObject\",\"inLanguage\":\"et\",\"@id\":\"https:\\\/\\\/tilk.bio\\\/et\\\/pood\\\/cleanse-me-naokreem-rasusele-nahale\\\/#primaryimage\",\"url\":\"https:\\\/\\\/tilk.bio\\\/wp-content\\\/uploads\\\/2017\\\/11\\\/cleansemekarp.jpg\",\"contentUrl\":\"https:\\\/\\\/tilk.bio\\\/wp-content\\\/uploads\\\/2017\\\/11\\\/cleansemekarp.jpg\",\"width\":1200,\"height\":1200,\"caption\":\"akne tilk cleanse me\"},{\"@type\":\"BreadcrumbList\",\"@id\":\"https:\\\/\\\/tilk.bio\\\/et\\\/pood\\\/cleanse-me-naokreem-rasusele-nahale\\\/#breadcrumb\",\"itemListElement\":[{\"@type\":\"ListItem\",\"position\":1,\"name\":\"Home\",\"item\":\"https:\\\/\\\/tilk.bio\\\/et\\\/\"},{\"@type\":\"ListItem\",\"position\":2,\"name\":\"Pood\",\"item\":\"https:\\\/\\\/tilk.bio\\\/et\\\/pood\\\/\"},{\"@type\":\"ListItem\",\"position\":3,\"name\":\"Cleanse Me n\u00e4okreem v\u00e4rskendava piparm\u00fcndiga\"}]},{\"@type\":\"WebSite\",\"@id\":\"https:\\\/\\\/tilk.bio\\\/et\\\/#website\",\"url\":\"https:\\\/\\\/tilk.bio\\\/et\\\/\",\"name\":\"Tilk!\",\"description\":\"Keskkonnas\u00f5bralik ja j\u00e4tkusuutlik looduskosmeetika Saaremaalt.\",\"potentialAction\":[{\"@type\":\"SearchAction\",\"target\":{\"@type\":\"EntryPoint\",\"urlTemplate\":\"https:\\\/\\\/tilk.bio\\\/et\\\/?s={search_term_string}\"},\"query-input\":{\"@type\":\"PropertyValueSpecification\",\"valueRequired\":true,\"valueName\":\"search_term_string\"}}],\"inLanguage\":\"et\"}]}<\/script>\n<!-- \/ Yoast SEO plugin. -->","yoast_head_json":{"title":"Cleanse Me n\u00e4okreem v\u00e4rskendava piparm\u00fcndiga akne nahale","description":"Cleanse Me akne n\u00e4okreem hooldab ja rahustab rasust, akne ning probleemset nahka. Tasakaalustav kreem on k\u00f5rge vitamiinide ja mineraalide sisaldusega.","robots":{"index":"index","follow":"follow","max-snippet":"max-snippet:-1","max-image-preview":"max-image-preview:large","max-video-preview":"max-video-preview:-1"},"canonical":"https:\/\/tilk.bio\/et\/pood\/cleanse-me-naokreem-rasusele-nahale\/","og_locale":"et_EE","og_type":"article","og_title":"Cleanse Me n\u00e4okreem rasusele nahale - Tilk! bioaktiivne looduskosmeetika","og_description":"Cleanse Me on perfektne valik rasusele nahale. Selle bioaktiivsed koostisosad rahustavad, pehmendavad ja ravivad p\u00f5letikulisi kohti nahal. M\u00f5nusa l\u00f5hna annab energeetiline segu mandariinist ja piparm\u00fcndist.","og_url":"https:\/\/tilk.bio\/et\/pood\/cleanse-me-naokreem-rasusele-nahale\/","og_site_name":"Tilk!","article_publisher":"https:\/\/www.facebook.com\/tilk.bio\/","article_modified_time":"2026-03-27T12:15:07+00:00","og_image":[{"width":1200,"height":1200,"url":"https:\/\/tilk.bio\/wp-content\/uploads\/2017\/11\/cleansemekarp.jpg","type":"image\/jpeg"}],"twitter_card":"summary_large_image","twitter_misc":{"Est. reading time":"1 minut"},"schema":{"@context":"https:\/\/schema.org","@graph":[{"@type":"WebPage","@id":"https:\/\/tilk.bio\/et\/pood\/cleanse-me-naokreem-rasusele-nahale\/","url":"https:\/\/tilk.bio\/et\/pood\/cleanse-me-naokreem-rasusele-nahale\/","name":"Cleanse Me n\u00e4okreem v\u00e4rskendava piparm\u00fcndiga akne nahale","isPartOf":{"@id":"https:\/\/tilk.bio\/et\/#website"},"primaryImageOfPage":{"@id":"https:\/\/tilk.bio\/et\/pood\/cleanse-me-naokreem-rasusele-nahale\/#primaryimage"},"image":{"@id":"https:\/\/tilk.bio\/et\/pood\/cleanse-me-naokreem-rasusele-nahale\/#primaryimage"},"thumbnailUrl":"https:\/\/tilk.bio\/wp-content\/uploads\/2017\/11\/cleansemekarp.jpg","datePublished":"2015-11-07T18:56:18+00:00","dateModified":"2026-03-27T12:15:07+00:00","description":"Cleanse Me akne n\u00e4okreem hooldab ja rahustab rasust, akne ning probleemset nahka. Tasakaalustav kreem on k\u00f5rge vitamiinide ja mineraalide sisaldusega.","breadcrumb":{"@id":"https:\/\/tilk.bio\/et\/pood\/cleanse-me-naokreem-rasusele-nahale\/#breadcrumb"},"inLanguage":"et","potentialAction":[{"@type":"ReadAction","target":["https:\/\/tilk.bio\/et\/pood\/cleanse-me-naokreem-rasusele-nahale\/"]}]},{"@type":"ImageObject","inLanguage":"et","@id":"https:\/\/tilk.bio\/et\/pood\/cleanse-me-naokreem-rasusele-nahale\/#primaryimage","url":"https:\/\/tilk.bio\/wp-content\/uploads\/2017\/11\/cleansemekarp.jpg","contentUrl":"https:\/\/tilk.bio\/wp-content\/uploads\/2017\/11\/cleansemekarp.jpg","width":1200,"height":1200,"caption":"akne tilk cleanse me"},{"@type":"BreadcrumbList","@id":"https:\/\/tilk.bio\/et\/pood\/cleanse-me-naokreem-rasusele-nahale\/#breadcrumb","itemListElement":[{"@type":"ListItem","position":1,"name":"Home","item":"https:\/\/tilk.bio\/et\/"},{"@type":"ListItem","position":2,"name":"Pood","item":"https:\/\/tilk.bio\/et\/pood\/"},{"@type":"ListItem","position":3,"name":"Cleanse Me n\u00e4okreem v\u00e4rskendava piparm\u00fcndiga"}]},{"@type":"WebSite","@id":"https:\/\/tilk.bio\/et\/#website","url":"https:\/\/tilk.bio\/et\/","name":"Tilk!","description":"Keskkonnas\u00f5bralik ja j\u00e4tkusuutlik looduskosmeetika Saaremaalt.","potentialAction":[{"@type":"SearchAction","target":{"@type":"EntryPoint","urlTemplate":"https:\/\/tilk.bio\/et\/?s={search_term_string}"},"query-input":{"@type":"PropertyValueSpecification","valueRequired":true,"valueName":"search_term_string"}}],"inLanguage":"et"}]}},"_links":{"self":[{"href":"https:\/\/tilk.bio\/et\/wp-json\/wp\/v2\/product\/17616","targetHints":{"allow":["GET"]}}],"collection":[{"href":"https:\/\/tilk.bio\/et\/wp-json\/wp\/v2\/product"}],"about":[{"href":"https:\/\/tilk.bio\/et\/wp-json\/wp\/v2\/types\/product"}],"replies":[{"embeddable":true,"href":"https:\/\/tilk.bio\/et\/wp-json\/wp\/v2\/comments?post=17616"}],"wp:featuredmedia":[{"embeddable":true,"href":"https:\/\/tilk.bio\/et\/wp-json\/wp\/v2\/media\/65039"}],"wp:attachment":[{"href":"https:\/\/tilk.bio\/et\/wp-json\/wp\/v2\/media?parent=17616"}],"wp:term":[{"taxonomy":"product_brand","embeddable":true,"href":"https:\/\/tilk.bio\/et\/wp-json\/wp\/v2\/product_brand?post=17616"},{"taxonomy":"product_cat","embeddable":true,"href":"https:\/\/tilk.bio\/et\/wp-json\/wp\/v2\/product_cat?post=17616"},{"taxonomy":"product_tag","embeddable":true,"href":"https:\/\/tilk.bio\/et\/wp-json\/wp\/v2\/product_tag?post=17616"}],"curies":[{"name":"wp","href":"https:\/\/api.w.org\/{rel}","templated":true}]}}