{"id":17617,"date":"2017-11-21T18:52:29","date_gmt":"2017-11-21T16:52:29","guid":{"rendered":"https:\/\/tilk.bio\/shop\/moisture-me-naokreem-kuivale-nahale\/"},"modified":"2026-04-22T21:15:10","modified_gmt":"2026-04-22T18:15:10","slug":"moisture-me-naokreem-kuivale-nahale","status":"publish","type":"product","link":"https:\/\/tilk.bio\/et\/pood\/moisture-me-naokreem-kuivale-nahale\/","title":{"rendered":"Moisturise Me n\u00e4okreem sheav\u00f5iga kuivale nahale"},"content":{"rendered":"<p>Moisturise Me <a href=\"https:\/\/tilk.bio\/et\/tootekategooria\/naohooldus\/naokreem\/\">n\u00e4okreemi<\/a> niisutab nahka, t\u00f5stab selle elastsust ning kreemis sisalduvad kookos\u00f5li ja sheav\u00f5i kaitsevad \u00e4rrituse ja p\u00f5letike eest. Kreem on m\u00f5eldud \u00f5rnale ja kuivale nahale, et anda sellele niiskust ning kaitset kuivamise eest.<\/p>\n<p>Kui <a href=\"https:\/\/tilk.bio\/et\/nahatuup\/kuiv-nahk\/\">kuiv nahk<\/a> hakkab ketendama ja on \u00e4rritunud, siis aitab kummelis olev hamasuleen, mis rahustab nahka ning taastab kudesid. Lisaks taastavad kummeli bioaktiivsed koostisosad naha loomulikku tasakaalu ning s\u00e4ra. Kreemi koostises olev jojoba\u00f5li toidab nahka vajalike vitamiinide ja mineraalidega ning v\u00f5itleb ka vabade radikaalide vastu. Kakaov\u00f5i tagab t\u00e4iendava niisutuse ning muudab naha siidiseks ja pehmeks. L\u00f5hnanootideks on v\u00e4rske segu lavendlist ja kummelist.<\/p>\n<p><strong>Kasutamine:<\/strong> Moisturise Me n\u00e4okreem sobib igap\u00e4evaseks naha hoolitsuseks ja naha niisutamiseks peale puhastamist. See on ideaalne igap\u00e4evane abivahend kuiva ja \u00f5rna naha niisutamiseks ja kaitsmiseks.<\/p>\n<p>K\u00f5ik kreemi koostisosad on looduslikku p\u00e4ritolu ning vegan. Kreemi loomisel on kasutatud Saaremaalt k\u00e4sitsi korjatud taimede \u00f5lisid.<\/p>\n<p>Hoiustamine: Hoiusta n\u00e4okreemi toatemperatuuril.<\/p>\n<p>Kogus: 10 ml\/50 ml<\/p>\n<p><img loading=\"lazy\" decoding=\"async\" class=\"wp-image-17806\" src=\"https:\/\/tilk.bio\/wp-content\/uploads\/2016\/01\/Vegan_sign-07.png\" width=\"72\" height=\"72\" srcset=\"https:\/\/tilk.bio\/wp-content\/uploads\/2016\/01\/Vegan_sign-07.png 165w, https:\/\/tilk.bio\/wp-content\/uploads\/2016\/01\/Vegan_sign-07-150x150.png 150w\" sizes=\"auto, (max-width: 72px) 100vw, 72px\" \/>\u00a0\u00a0<a ref=\"magnificPopup\" href=\"https:\/\/tilk.bio\/wp-content\/uploads\/2015\/11\/kaasa_kadakast_spaatel_anim.gif\"><img loading=\"lazy\" decoding=\"async\" class=\"alignnone wp-image-23766\" src=\"https:\/\/tilk.bio\/wp-content\/uploads\/2015\/11\/kaasa_kadakast_spaatel_anim.gif\" alt=\"\" width=\"89\" height=\"77\" \/><\/a><a ref=\"magnificPopup\" href=\"https:\/\/tilk.bio\/wp-content\/uploads\/2018\/08\/package_anim_2.gif\"><img loading=\"lazy\" decoding=\"async\" class=\"alignnone wp-image-23968\" src=\"https:\/\/tilk.bio\/wp-content\/uploads\/2018\/08\/package_anim_2.gif\" alt=\"\" width=\"110\" height=\"88\" \/><\/a><\/p>\n","protected":false},"excerpt":{"rendered":"<p>Moisturise Me n\u00e4okreemi niisutab nahka, t\u00f5stab selle elastsust ning kreemis sisalduvad kookos\u00f5li ja sheav\u00f5i kaitsevad \u00e4rrituse ja p\u00f5letike eest. Kreem on m\u00f5eldud \u00f5rnale ja kuivale nahale, et anda sellele niiskust ning kaitset kuivamise eest. Kui kuiv nahk hakkab ketendama ja on \u00e4rritunud, siis aitab kummelis olev hamasuleen, mis rahustab nahka ning taastab kudesid. Lisaks taastavad&#8230;<\/p>\n","protected":false},"featured_media":67435,"comment_status":"open","ping_status":"closed","template":"","meta":{"_acf_changed":false},"product_brand":[],"product_cat":[585,389,689,511,912,533],"product_tag":[],"class_list":{"0":"post-17617","1":"product","2":"type-product","3":"status-publish","4":"has-post-thumbnail","6":"product_cat-naokreem","7":"product_cat-koik-tooted","8":"product_cat-kuiv-nahk","9":"product_cat-naohooldus","10":"product_cat-sheavoi","11":"product_cat-spaatli-voimalus","13":"first","14":"instock","15":"taxable","16":"shipping-taxable","17":"purchasable","18":"product-type-variable"},"acf":[],"yoast_head":"<!-- This site is optimized with the Yoast SEO plugin v27.4 - https:\/\/yoast.com\/product\/yoast-seo-wordpress\/ -->\n<title>Moisturise Me n\u00e4okreem sheav\u00f5iga kuivale nahale - Tilk!<\/title>\n<meta name=\"description\" content=\"Moisturise Me n\u00e4okreem niisutavab nahka, t\u00f5stab selle elastsust ning taimsed koostisosad kaitsevad \u00e4rrituse ja p\u00f5letike eest.\" \/>\n<meta name=\"robots\" content=\"index, follow, max-snippet:-1, max-image-preview:large, max-video-preview:-1\" \/>\n<link rel=\"canonical\" href=\"https:\/\/tilk.bio\/et\/pood\/moisture-me-naokreem-kuivale-nahale\/\" \/>\n<meta property=\"og:locale\" content=\"et_EE\" \/>\n<meta property=\"og:type\" content=\"article\" \/>\n<meta property=\"og:title\" content=\"Moisturise Me n\u00e4okreem kuivale nahale\" \/>\n<meta property=\"og:description\" content=\"Moisturise me n\u00e4okreem niisutab ja kaitseb kuiva nahka. Kummeli bioaktiivsed koostisosad aitavad taastada naha loomulikku tasakaalu ning s\u00e4ra, jojoba\u00f5li ning kakaov\u00f5i niisutavad s\u00fcgavuti ning pakuvad kaitset kuivamise eest. L\u00f5hnanootideks on v\u00e4rske segu lavendlist ja kummelist. K\u00f5ik kreemi koostisosad on looduslikku p\u00e4ritolu ja vegan. Kreemis kasutame Saaremaalt korjatud taimede \u00f5lisid.\" \/>\n<meta property=\"og:url\" content=\"https:\/\/tilk.bio\/et\/pood\/moisture-me-naokreem-kuivale-nahale\/\" \/>\n<meta property=\"og:site_name\" content=\"Tilk!\" \/>\n<meta property=\"article:publisher\" content=\"https:\/\/www.facebook.com\/tilk.bio\/\" \/>\n<meta property=\"article:modified_time\" content=\"2026-04-22T18:15:10+00:00\" \/>\n<meta property=\"og:image\" content=\"https:\/\/tilk.bio\/wp-content\/uploads\/2017\/03\/1.2-scaled.jpg\" \/>\n\t<meta property=\"og:image:width\" content=\"2061\" \/>\n\t<meta property=\"og:image:height\" content=\"2560\" \/>\n\t<meta property=\"og:image:type\" content=\"image\/jpeg\" \/>\n<meta name=\"twitter:card\" content=\"summary_large_image\" \/>\n<meta name=\"twitter:description\" content=\"Moisture me n\u00e4okreem niisutab ja kaitseb kuiva nahka. Kummeli bioaktiivsed koostisosad aitavad taastada naha loomulikku tasakaalu ning s\u00e4ra, jojoba\u00f5li ning kakaov\u00f5i niisutavad s\u00fcgavuti ning pakuvad kaitset kuivamise eest. L\u00f5hnanootideks on v\u00e4rske segu lavendlist ja kummelist. K\u00f5ik kreemi koostisosad on looduslikku p\u00e4ritolu ja vegan. Kreemis kasutame Saaremaalt korjatud taimede \u00f5lisid.\" \/>\n<meta name=\"twitter:label1\" content=\"Est. reading time\" \/>\n\t<meta name=\"twitter:data1\" content=\"2 minutit\" \/>\n<script type=\"application\/ld+json\" class=\"yoast-schema-graph\">{\"@context\":\"https:\\\/\\\/schema.org\",\"@graph\":[{\"@type\":\"WebPage\",\"@id\":\"https:\\\/\\\/tilk.bio\\\/et\\\/pood\\\/moisture-me-naokreem-kuivale-nahale\\\/\",\"url\":\"https:\\\/\\\/tilk.bio\\\/et\\\/pood\\\/moisture-me-naokreem-kuivale-nahale\\\/\",\"name\":\"Moisturise Me n\u00e4okreem sheav\u00f5iga kuivale nahale - Tilk!\",\"isPartOf\":{\"@id\":\"https:\\\/\\\/tilk.bio\\\/et\\\/#website\"},\"primaryImageOfPage\":{\"@id\":\"https:\\\/\\\/tilk.bio\\\/et\\\/pood\\\/moisture-me-naokreem-kuivale-nahale\\\/#primaryimage\"},\"image\":{\"@id\":\"https:\\\/\\\/tilk.bio\\\/et\\\/pood\\\/moisture-me-naokreem-kuivale-nahale\\\/#primaryimage\"},\"thumbnailUrl\":\"https:\\\/\\\/tilk.bio\\\/wp-content\\\/uploads\\\/2018\\\/08\\\/6.jpg\",\"datePublished\":\"2017-11-21T16:52:29+00:00\",\"dateModified\":\"2026-04-22T18:15:10+00:00\",\"description\":\"Moisturise Me n\u00e4okreem niisutavab nahka, t\u00f5stab selle elastsust ning taimsed koostisosad kaitsevad \u00e4rrituse ja p\u00f5letike eest.\",\"breadcrumb\":{\"@id\":\"https:\\\/\\\/tilk.bio\\\/et\\\/pood\\\/moisture-me-naokreem-kuivale-nahale\\\/#breadcrumb\"},\"inLanguage\":\"et\",\"potentialAction\":[{\"@type\":\"ReadAction\",\"target\":[\"https:\\\/\\\/tilk.bio\\\/et\\\/pood\\\/moisture-me-naokreem-kuivale-nahale\\\/\"]}]},{\"@type\":\"ImageObject\",\"inLanguage\":\"et\",\"@id\":\"https:\\\/\\\/tilk.bio\\\/et\\\/pood\\\/moisture-me-naokreem-kuivale-nahale\\\/#primaryimage\",\"url\":\"https:\\\/\\\/tilk.bio\\\/wp-content\\\/uploads\\\/2018\\\/08\\\/6.jpg\",\"contentUrl\":\"https:\\\/\\\/tilk.bio\\\/wp-content\\\/uploads\\\/2018\\\/08\\\/6.jpg\",\"width\":1200,\"height\":1200},{\"@type\":\"BreadcrumbList\",\"@id\":\"https:\\\/\\\/tilk.bio\\\/et\\\/pood\\\/moisture-me-naokreem-kuivale-nahale\\\/#breadcrumb\",\"itemListElement\":[{\"@type\":\"ListItem\",\"position\":1,\"name\":\"Home\",\"item\":\"https:\\\/\\\/tilk.bio\\\/et\\\/\"},{\"@type\":\"ListItem\",\"position\":2,\"name\":\"Pood\",\"item\":\"https:\\\/\\\/tilk.bio\\\/et\\\/pood\\\/\"},{\"@type\":\"ListItem\",\"position\":3,\"name\":\"Moisturise Me n\u00e4okreem sheav\u00f5iga kuivale nahale\"}]},{\"@type\":\"WebSite\",\"@id\":\"https:\\\/\\\/tilk.bio\\\/et\\\/#website\",\"url\":\"https:\\\/\\\/tilk.bio\\\/et\\\/\",\"name\":\"Tilk!\",\"description\":\"Keskkonnas\u00f5bralik ja j\u00e4tkusuutlik looduskosmeetika Saaremaalt.\",\"potentialAction\":[{\"@type\":\"SearchAction\",\"target\":{\"@type\":\"EntryPoint\",\"urlTemplate\":\"https:\\\/\\\/tilk.bio\\\/et\\\/?s={search_term_string}\"},\"query-input\":{\"@type\":\"PropertyValueSpecification\",\"valueRequired\":true,\"valueName\":\"search_term_string\"}}],\"inLanguage\":\"et\"}]}<\/script>\n<!-- \/ Yoast SEO plugin. -->","yoast_head_json":{"title":"Moisturise Me n\u00e4okreem sheav\u00f5iga kuivale nahale - Tilk!","description":"Moisturise Me n\u00e4okreem niisutavab nahka, t\u00f5stab selle elastsust ning taimsed koostisosad kaitsevad \u00e4rrituse ja p\u00f5letike eest.","robots":{"index":"index","follow":"follow","max-snippet":"max-snippet:-1","max-image-preview":"max-image-preview:large","max-video-preview":"max-video-preview:-1"},"canonical":"https:\/\/tilk.bio\/et\/pood\/moisture-me-naokreem-kuivale-nahale\/","og_locale":"et_EE","og_type":"article","og_title":"Moisturise Me n\u00e4okreem kuivale nahale","og_description":"Moisturise me n\u00e4okreem niisutab ja kaitseb kuiva nahka. Kummeli bioaktiivsed koostisosad aitavad taastada naha loomulikku tasakaalu ning s\u00e4ra, jojoba\u00f5li ning kakaov\u00f5i niisutavad s\u00fcgavuti ning pakuvad kaitset kuivamise eest. L\u00f5hnanootideks on v\u00e4rske segu lavendlist ja kummelist. K\u00f5ik kreemi koostisosad on looduslikku p\u00e4ritolu ja vegan. Kreemis kasutame Saaremaalt korjatud taimede \u00f5lisid.","og_url":"https:\/\/tilk.bio\/et\/pood\/moisture-me-naokreem-kuivale-nahale\/","og_site_name":"Tilk!","article_publisher":"https:\/\/www.facebook.com\/tilk.bio\/","article_modified_time":"2026-04-22T18:15:10+00:00","og_image":[{"width":2061,"height":2560,"url":"https:\/\/tilk.bio\/wp-content\/uploads\/2017\/03\/1.2-scaled.jpg","type":"image\/jpeg"}],"twitter_card":"summary_large_image","twitter_description":"Moisture me n\u00e4okreem niisutab ja kaitseb kuiva nahka. Kummeli bioaktiivsed koostisosad aitavad taastada naha loomulikku tasakaalu ning s\u00e4ra, jojoba\u00f5li ning kakaov\u00f5i niisutavad s\u00fcgavuti ning pakuvad kaitset kuivamise eest. L\u00f5hnanootideks on v\u00e4rske segu lavendlist ja kummelist. K\u00f5ik kreemi koostisosad on looduslikku p\u00e4ritolu ja vegan. Kreemis kasutame Saaremaalt korjatud taimede \u00f5lisid.","twitter_misc":{"Est. reading time":"2 minutit"},"schema":{"@context":"https:\/\/schema.org","@graph":[{"@type":"WebPage","@id":"https:\/\/tilk.bio\/et\/pood\/moisture-me-naokreem-kuivale-nahale\/","url":"https:\/\/tilk.bio\/et\/pood\/moisture-me-naokreem-kuivale-nahale\/","name":"Moisturise Me n\u00e4okreem sheav\u00f5iga kuivale nahale - Tilk!","isPartOf":{"@id":"https:\/\/tilk.bio\/et\/#website"},"primaryImageOfPage":{"@id":"https:\/\/tilk.bio\/et\/pood\/moisture-me-naokreem-kuivale-nahale\/#primaryimage"},"image":{"@id":"https:\/\/tilk.bio\/et\/pood\/moisture-me-naokreem-kuivale-nahale\/#primaryimage"},"thumbnailUrl":"https:\/\/tilk.bio\/wp-content\/uploads\/2018\/08\/6.jpg","datePublished":"2017-11-21T16:52:29+00:00","dateModified":"2026-04-22T18:15:10+00:00","description":"Moisturise Me n\u00e4okreem niisutavab nahka, t\u00f5stab selle elastsust ning taimsed koostisosad kaitsevad \u00e4rrituse ja p\u00f5letike eest.","breadcrumb":{"@id":"https:\/\/tilk.bio\/et\/pood\/moisture-me-naokreem-kuivale-nahale\/#breadcrumb"},"inLanguage":"et","potentialAction":[{"@type":"ReadAction","target":["https:\/\/tilk.bio\/et\/pood\/moisture-me-naokreem-kuivale-nahale\/"]}]},{"@type":"ImageObject","inLanguage":"et","@id":"https:\/\/tilk.bio\/et\/pood\/moisture-me-naokreem-kuivale-nahale\/#primaryimage","url":"https:\/\/tilk.bio\/wp-content\/uploads\/2018\/08\/6.jpg","contentUrl":"https:\/\/tilk.bio\/wp-content\/uploads\/2018\/08\/6.jpg","width":1200,"height":1200},{"@type":"BreadcrumbList","@id":"https:\/\/tilk.bio\/et\/pood\/moisture-me-naokreem-kuivale-nahale\/#breadcrumb","itemListElement":[{"@type":"ListItem","position":1,"name":"Home","item":"https:\/\/tilk.bio\/et\/"},{"@type":"ListItem","position":2,"name":"Pood","item":"https:\/\/tilk.bio\/et\/pood\/"},{"@type":"ListItem","position":3,"name":"Moisturise Me n\u00e4okreem sheav\u00f5iga kuivale nahale"}]},{"@type":"WebSite","@id":"https:\/\/tilk.bio\/et\/#website","url":"https:\/\/tilk.bio\/et\/","name":"Tilk!","description":"Keskkonnas\u00f5bralik ja j\u00e4tkusuutlik looduskosmeetika Saaremaalt.","potentialAction":[{"@type":"SearchAction","target":{"@type":"EntryPoint","urlTemplate":"https:\/\/tilk.bio\/et\/?s={search_term_string}"},"query-input":{"@type":"PropertyValueSpecification","valueRequired":true,"valueName":"search_term_string"}}],"inLanguage":"et"}]}},"_links":{"self":[{"href":"https:\/\/tilk.bio\/et\/wp-json\/wp\/v2\/product\/17617","targetHints":{"allow":["GET"]}}],"collection":[{"href":"https:\/\/tilk.bio\/et\/wp-json\/wp\/v2\/product"}],"about":[{"href":"https:\/\/tilk.bio\/et\/wp-json\/wp\/v2\/types\/product"}],"replies":[{"embeddable":true,"href":"https:\/\/tilk.bio\/et\/wp-json\/wp\/v2\/comments?post=17617"}],"wp:featuredmedia":[{"embeddable":true,"href":"https:\/\/tilk.bio\/et\/wp-json\/wp\/v2\/media\/67435"}],"wp:attachment":[{"href":"https:\/\/tilk.bio\/et\/wp-json\/wp\/v2\/media?parent=17617"}],"wp:term":[{"taxonomy":"product_brand","embeddable":true,"href":"https:\/\/tilk.bio\/et\/wp-json\/wp\/v2\/product_brand?post=17617"},{"taxonomy":"product_cat","embeddable":true,"href":"https:\/\/tilk.bio\/et\/wp-json\/wp\/v2\/product_cat?post=17617"},{"taxonomy":"product_tag","embeddable":true,"href":"https:\/\/tilk.bio\/et\/wp-json\/wp\/v2\/product_tag?post=17617"}],"curies":[{"name":"wp","href":"https:\/\/api.w.org\/{rel}","templated":true}]}}