{"id":17618,"date":"2017-11-10T18:00:12","date_gmt":"2017-11-10T18:00:12","guid":{"rendered":"https:\/\/tilk.bio\/shop\/protect-me-naokreem-tundlikule-nahale\/"},"modified":"2026-04-24T16:30:35","modified_gmt":"2026-04-24T13:30:35","slug":"protect-me-naokreem-tundlikule-nahale","status":"publish","type":"product","link":"https:\/\/tilk.bio\/et\/pood\/protect-me-naokreem-tundlikule-nahale\/","title":{"rendered":"Protect Me n\u00e4okreem saialillega tundlikule nahale"},"content":{"rendered":"<p><span style=\"font-weight: 400\">Protect Me <a href=\"https:\/\/tilk.bio\/et\/tootekategooria\/naohooldus\/naokreem\/\">n\u00e4okreem<\/a> on rahustava ja kaitsva toimega. N\u00e4okreem sobib h\u00e4sti <a href=\"https:\/\/tilk.bio\/et\/nahatuup\/kuiv-nahk\/\">kuiva<\/a> ja <a href=\"https:\/\/tilk.bio\/et\/nahatuup\/tundlik-nahk\/\">tundliku<\/a> naha igap\u00e4evaseks hoolduseks. Kreem v\u00e4hendab naha punetust ja rahustab seda.<\/span><\/p>\n<p><span style=\"font-weight: 400\">Niistava kreemi bioaktiivsed koostisosad saialill, kummel, nurmenukk ja Aloe vera tasakaalustavad \u00e4rritunud ja punetavat nahka. Lisaks pakub Aloe vera kaitset ka p\u00e4ikese kahjulike m\u00f5jude eest. Nurmenukk soodustab kollageeni moodustumist, aitab pigmendilaike heledamaks muuta ning koos E-vitamiiniga aitab see pidurdada rakkude vananemist. Mandli\u00f5lis leiduv E-vitamiin uuendab, toidab, pehmendab ja silub nahka ning vitamiinirikas kookos\u00f5li ja orgaaniline mesilasvaha kaitsevad v\u00e4liste \u00e4rritajate eest. Kreemile ei ole lisatud eeterlikke \u00f5lisid \u2013 mahe aroom tuleneb vaid naturaalsetest koostisosadest.<\/span><\/p>\n<p><span style=\"font-weight: 400\">Kasutamine: Protect Me n\u00e4okreem sobib igap\u00e4evaseks naha hoolitsuseks ja naha niisutamiseks peale puhastamist.<\/span><\/p>\n<p><span style=\"font-weight: 400\">K\u00f5ik kreemi koostisosad on looduslikku p\u00e4ritolu. Kreemi loomisel on kasutatud Saaremaalt k\u00e4sitsi korjatud taimede \u00f5lisid.<\/span><\/p>\n<p><span style=\"font-weight: 400\">Hoiustamine: Hoiusta n\u00e4okreemi toatemperatuuril.<\/span><\/p>\n<p><span style=\"font-weight: 400\">Kogus: 10ml\/50ml<\/span><\/p>\n","protected":false},"excerpt":{"rendered":"<p>Protect Me n\u00e4okreem on rahustava ja kaitsva toimega. N\u00e4okreem sobib h\u00e4sti kuiva ja tundliku naha igap\u00e4evaseks hoolduseks. Kreem v\u00e4hendab naha punetust ja rahustab seda. Niistava kreemi bioaktiivsed koostisosad saialill, kummel, nurmenukk ja Aloe vera tasakaalustavad \u00e4rritunud ja punetavat nahka. Lisaks pakub Aloe vera kaitset ka p\u00e4ikese kahjulike m\u00f5jude eest. Nurmenukk soodustab kollageeni moodustumist, aitab pigmendilaike&#8230;<\/p>\n","protected":false},"featured_media":67427,"comment_status":"open","ping_status":"closed","template":"","meta":{"_acf_changed":false},"product_brand":[],"product_cat":[585,389,511,533,713,690],"product_tag":[520,219,521,214],"class_list":{"0":"post-17618","1":"product","2":"type-product","3":"status-publish","4":"has-post-thumbnail","6":"product_cat-naokreem","7":"product_cat-koik-tooted","8":"product_cat-naohooldus","9":"product_cat-spaatli-voimalus","10":"product_cat-tilk-herbal-et","11":"product_cat-tundlik-nahk","12":"product_tag-nagu","13":"product_tag-nahahooldus","14":"product_tag-naokreem-et","15":"product_tag-tundlik-nahk","17":"first","18":"instock","19":"taxable","20":"shipping-taxable","21":"purchasable","22":"product-type-variable"},"acf":[],"yoast_head":"<!-- This site is optimized with the Yoast SEO plugin v27.4 - https:\/\/yoast.com\/product\/yoast-seo-wordpress\/ -->\n<title>Protect Me n\u00e4okreem saialillega tundlikule nahale - Tilk!<\/title>\n<meta name=\"description\" content=\"Protect Me n\u00e4okreem on rahustava ja kaitsva toimega. N\u00e4okreem sobib h\u00e4sti kuiva ja tundliku naha igap\u00e4evaseks hoolduseks. Kreem v\u00e4hendab naha punetust.\" \/>\n<meta name=\"robots\" content=\"index, follow, max-snippet:-1, max-image-preview:large, max-video-preview:-1\" \/>\n<link rel=\"canonical\" href=\"https:\/\/tilk.bio\/et\/pood\/protect-me-naokreem-tundlikule-nahale\/\" \/>\n<meta property=\"og:locale\" content=\"et_EE\" \/>\n<meta property=\"og:type\" content=\"article\" \/>\n<meta property=\"og:title\" content=\"Protect Me n\u00e4okreem tundlikule nahale - Tilk! bioaktiivne looduskosmeetika\" \/>\n<meta property=\"og:description\" content=\"Protect Me on perfektne valik tundlikule nahale. Selle bioaktiivsed koostisosad rahustavad Sinu nahka ja loovad nahka kaitsva kihi. M\u00f5nus pehme aroom tuleb naturaalsetest koostisosadest nagu mesilasvaha ja mandli\u00f5li.\" \/>\n<meta property=\"og:url\" content=\"https:\/\/tilk.bio\/et\/pood\/protect-me-naokreem-tundlikule-nahale\/\" \/>\n<meta property=\"og:site_name\" content=\"Tilk!\" \/>\n<meta property=\"article:publisher\" content=\"https:\/\/www.facebook.com\/tilk.bio\/\" \/>\n<meta property=\"article:modified_time\" content=\"2026-04-24T13:30:35+00:00\" \/>\n<meta property=\"og:image\" content=\"https:\/\/tilk.bio\/wp-content\/uploads\/2015\/11\/tilk_1.jpg\" \/>\n\t<meta property=\"og:image:width\" content=\"1000\" \/>\n\t<meta property=\"og:image:height\" content=\"1000\" \/>\n\t<meta property=\"og:image:type\" content=\"image\/jpeg\" \/>\n<meta name=\"twitter:card\" content=\"summary_large_image\" \/>\n<meta name=\"twitter:description\" content=\"Protect Me on perfektne valik tundlikule nahale. Selle bioaktiivsed koostisosad rahustavad Sinu nahka ja loovad nahka kaitsva kihi. M\u00f5nus pehme aroom tuleb naturaalsetest koostisosadest nagu mesilasvaha ja mandli\u00f5li.\" \/>\n<meta name=\"twitter:label1\" content=\"Est. reading time\" \/>\n\t<meta name=\"twitter:data1\" content=\"1 minut\" \/>\n<script type=\"application\/ld+json\" class=\"yoast-schema-graph\">{\"@context\":\"https:\\\/\\\/schema.org\",\"@graph\":[{\"@type\":\"WebPage\",\"@id\":\"https:\\\/\\\/tilk.bio\\\/et\\\/pood\\\/protect-me-naokreem-tundlikule-nahale\\\/\",\"url\":\"https:\\\/\\\/tilk.bio\\\/et\\\/pood\\\/protect-me-naokreem-tundlikule-nahale\\\/\",\"name\":\"Protect Me n\u00e4okreem saialillega tundlikule nahale - Tilk!\",\"isPartOf\":{\"@id\":\"https:\\\/\\\/tilk.bio\\\/et\\\/#website\"},\"primaryImageOfPage\":{\"@id\":\"https:\\\/\\\/tilk.bio\\\/et\\\/pood\\\/protect-me-naokreem-tundlikule-nahale\\\/#primaryimage\"},\"image\":{\"@id\":\"https:\\\/\\\/tilk.bio\\\/et\\\/pood\\\/protect-me-naokreem-tundlikule-nahale\\\/#primaryimage\"},\"thumbnailUrl\":\"https:\\\/\\\/tilk.bio\\\/wp-content\\\/uploads\\\/2018\\\/08\\\/4.jpg\",\"datePublished\":\"2017-11-10T18:00:12+00:00\",\"dateModified\":\"2026-04-24T13:30:35+00:00\",\"description\":\"Protect Me n\u00e4okreem on rahustava ja kaitsva toimega. N\u00e4okreem sobib h\u00e4sti kuiva ja tundliku naha igap\u00e4evaseks hoolduseks. Kreem v\u00e4hendab naha punetust.\",\"breadcrumb\":{\"@id\":\"https:\\\/\\\/tilk.bio\\\/et\\\/pood\\\/protect-me-naokreem-tundlikule-nahale\\\/#breadcrumb\"},\"inLanguage\":\"et\",\"potentialAction\":[{\"@type\":\"ReadAction\",\"target\":[\"https:\\\/\\\/tilk.bio\\\/et\\\/pood\\\/protect-me-naokreem-tundlikule-nahale\\\/\"]}]},{\"@type\":\"ImageObject\",\"inLanguage\":\"et\",\"@id\":\"https:\\\/\\\/tilk.bio\\\/et\\\/pood\\\/protect-me-naokreem-tundlikule-nahale\\\/#primaryimage\",\"url\":\"https:\\\/\\\/tilk.bio\\\/wp-content\\\/uploads\\\/2018\\\/08\\\/4.jpg\",\"contentUrl\":\"https:\\\/\\\/tilk.bio\\\/wp-content\\\/uploads\\\/2018\\\/08\\\/4.jpg\",\"width\":1200,\"height\":1200},{\"@type\":\"BreadcrumbList\",\"@id\":\"https:\\\/\\\/tilk.bio\\\/et\\\/pood\\\/protect-me-naokreem-tundlikule-nahale\\\/#breadcrumb\",\"itemListElement\":[{\"@type\":\"ListItem\",\"position\":1,\"name\":\"Home\",\"item\":\"https:\\\/\\\/tilk.bio\\\/et\\\/\"},{\"@type\":\"ListItem\",\"position\":2,\"name\":\"Pood\",\"item\":\"https:\\\/\\\/tilk.bio\\\/et\\\/pood\\\/\"},{\"@type\":\"ListItem\",\"position\":3,\"name\":\"Protect Me n\u00e4okreem saialillega tundlikule nahale\"}]},{\"@type\":\"WebSite\",\"@id\":\"https:\\\/\\\/tilk.bio\\\/et\\\/#website\",\"url\":\"https:\\\/\\\/tilk.bio\\\/et\\\/\",\"name\":\"Tilk!\",\"description\":\"Keskkonnas\u00f5bralik ja j\u00e4tkusuutlik looduskosmeetika Saaremaalt.\",\"potentialAction\":[{\"@type\":\"SearchAction\",\"target\":{\"@type\":\"EntryPoint\",\"urlTemplate\":\"https:\\\/\\\/tilk.bio\\\/et\\\/?s={search_term_string}\"},\"query-input\":{\"@type\":\"PropertyValueSpecification\",\"valueRequired\":true,\"valueName\":\"search_term_string\"}}],\"inLanguage\":\"et\"}]}<\/script>\n<!-- \/ Yoast SEO plugin. -->","yoast_head_json":{"title":"Protect Me n\u00e4okreem saialillega tundlikule nahale - Tilk!","description":"Protect Me n\u00e4okreem on rahustava ja kaitsva toimega. N\u00e4okreem sobib h\u00e4sti kuiva ja tundliku naha igap\u00e4evaseks hoolduseks. Kreem v\u00e4hendab naha punetust.","robots":{"index":"index","follow":"follow","max-snippet":"max-snippet:-1","max-image-preview":"max-image-preview:large","max-video-preview":"max-video-preview:-1"},"canonical":"https:\/\/tilk.bio\/et\/pood\/protect-me-naokreem-tundlikule-nahale\/","og_locale":"et_EE","og_type":"article","og_title":"Protect Me n\u00e4okreem tundlikule nahale - Tilk! bioaktiivne looduskosmeetika","og_description":"Protect Me on perfektne valik tundlikule nahale. Selle bioaktiivsed koostisosad rahustavad Sinu nahka ja loovad nahka kaitsva kihi. M\u00f5nus pehme aroom tuleb naturaalsetest koostisosadest nagu mesilasvaha ja mandli\u00f5li.","og_url":"https:\/\/tilk.bio\/et\/pood\/protect-me-naokreem-tundlikule-nahale\/","og_site_name":"Tilk!","article_publisher":"https:\/\/www.facebook.com\/tilk.bio\/","article_modified_time":"2026-04-24T13:30:35+00:00","og_image":[{"width":1000,"height":1000,"url":"https:\/\/tilk.bio\/wp-content\/uploads\/2015\/11\/tilk_1.jpg","type":"image\/jpeg"}],"twitter_card":"summary_large_image","twitter_description":"Protect Me on perfektne valik tundlikule nahale. Selle bioaktiivsed koostisosad rahustavad Sinu nahka ja loovad nahka kaitsva kihi. M\u00f5nus pehme aroom tuleb naturaalsetest koostisosadest nagu mesilasvaha ja mandli\u00f5li.","twitter_misc":{"Est. reading time":"1 minut"},"schema":{"@context":"https:\/\/schema.org","@graph":[{"@type":"WebPage","@id":"https:\/\/tilk.bio\/et\/pood\/protect-me-naokreem-tundlikule-nahale\/","url":"https:\/\/tilk.bio\/et\/pood\/protect-me-naokreem-tundlikule-nahale\/","name":"Protect Me n\u00e4okreem saialillega tundlikule nahale - Tilk!","isPartOf":{"@id":"https:\/\/tilk.bio\/et\/#website"},"primaryImageOfPage":{"@id":"https:\/\/tilk.bio\/et\/pood\/protect-me-naokreem-tundlikule-nahale\/#primaryimage"},"image":{"@id":"https:\/\/tilk.bio\/et\/pood\/protect-me-naokreem-tundlikule-nahale\/#primaryimage"},"thumbnailUrl":"https:\/\/tilk.bio\/wp-content\/uploads\/2018\/08\/4.jpg","datePublished":"2017-11-10T18:00:12+00:00","dateModified":"2026-04-24T13:30:35+00:00","description":"Protect Me n\u00e4okreem on rahustava ja kaitsva toimega. N\u00e4okreem sobib h\u00e4sti kuiva ja tundliku naha igap\u00e4evaseks hoolduseks. Kreem v\u00e4hendab naha punetust.","breadcrumb":{"@id":"https:\/\/tilk.bio\/et\/pood\/protect-me-naokreem-tundlikule-nahale\/#breadcrumb"},"inLanguage":"et","potentialAction":[{"@type":"ReadAction","target":["https:\/\/tilk.bio\/et\/pood\/protect-me-naokreem-tundlikule-nahale\/"]}]},{"@type":"ImageObject","inLanguage":"et","@id":"https:\/\/tilk.bio\/et\/pood\/protect-me-naokreem-tundlikule-nahale\/#primaryimage","url":"https:\/\/tilk.bio\/wp-content\/uploads\/2018\/08\/4.jpg","contentUrl":"https:\/\/tilk.bio\/wp-content\/uploads\/2018\/08\/4.jpg","width":1200,"height":1200},{"@type":"BreadcrumbList","@id":"https:\/\/tilk.bio\/et\/pood\/protect-me-naokreem-tundlikule-nahale\/#breadcrumb","itemListElement":[{"@type":"ListItem","position":1,"name":"Home","item":"https:\/\/tilk.bio\/et\/"},{"@type":"ListItem","position":2,"name":"Pood","item":"https:\/\/tilk.bio\/et\/pood\/"},{"@type":"ListItem","position":3,"name":"Protect Me n\u00e4okreem saialillega tundlikule nahale"}]},{"@type":"WebSite","@id":"https:\/\/tilk.bio\/et\/#website","url":"https:\/\/tilk.bio\/et\/","name":"Tilk!","description":"Keskkonnas\u00f5bralik ja j\u00e4tkusuutlik looduskosmeetika Saaremaalt.","potentialAction":[{"@type":"SearchAction","target":{"@type":"EntryPoint","urlTemplate":"https:\/\/tilk.bio\/et\/?s={search_term_string}"},"query-input":{"@type":"PropertyValueSpecification","valueRequired":true,"valueName":"search_term_string"}}],"inLanguage":"et"}]}},"_links":{"self":[{"href":"https:\/\/tilk.bio\/et\/wp-json\/wp\/v2\/product\/17618","targetHints":{"allow":["GET"]}}],"collection":[{"href":"https:\/\/tilk.bio\/et\/wp-json\/wp\/v2\/product"}],"about":[{"href":"https:\/\/tilk.bio\/et\/wp-json\/wp\/v2\/types\/product"}],"replies":[{"embeddable":true,"href":"https:\/\/tilk.bio\/et\/wp-json\/wp\/v2\/comments?post=17618"}],"wp:featuredmedia":[{"embeddable":true,"href":"https:\/\/tilk.bio\/et\/wp-json\/wp\/v2\/media\/67427"}],"wp:attachment":[{"href":"https:\/\/tilk.bio\/et\/wp-json\/wp\/v2\/media?parent=17618"}],"wp:term":[{"taxonomy":"product_brand","embeddable":true,"href":"https:\/\/tilk.bio\/et\/wp-json\/wp\/v2\/product_brand?post=17618"},{"taxonomy":"product_cat","embeddable":true,"href":"https:\/\/tilk.bio\/et\/wp-json\/wp\/v2\/product_cat?post=17618"},{"taxonomy":"product_tag","embeddable":true,"href":"https:\/\/tilk.bio\/et\/wp-json\/wp\/v2\/product_tag?post=17618"}],"curies":[{"name":"wp","href":"https:\/\/api.w.org\/{rel}","templated":true}]}}