{"id":17619,"date":"2010-11-29T01:13:14","date_gmt":"2010-11-28T23:13:14","guid":{"rendered":"https:\/\/tilk.bio\/shop\/tilk-nordica-kit-komplekt\/"},"modified":"2026-02-04T13:38:15","modified_gmt":"2026-02-04T11:38:15","slug":"fantaasia-komplekt","status":"publish","type":"product","link":"https:\/\/tilk.bio\/et\/pood\/fantaasia-komplekt\/","title":{"rendered":"Reisikomplekt \u201cFantaasia\u201d p\u00e4evakreemi, n\u00e4okoorija ja huuletootega"},"content":{"rendered":"","protected":false},"excerpt":{"rendered":"<p>See komplekt on ideaalne reisikaaslane, sest koosneb reisis\u00f5bralikest toodetest. Reisikomplekt on ka suurep\u00e4rane v\u00f5imalus proovida erinevaid tooteid, et leida oma lemmikud! Komplekti saad ise kokku panna just oma naha vajadustest l\u00e4htuvalt.<\/p>\n<p>Sa saad endale valida meelep\u00e4rase n\u00e4okoorija (10 ml), huuletoote (5 ml) ja n\u00e4okreemi (10 ml).<\/p>\n<p>Leia oma lemmik p\u00e4evakreem <a href=\"https:\/\/tilk.bio\/et\/tootekategooria\/naohooldus\/naokreem\/\"><b>SIIT<\/b><\/a>.<br \/>\nLeia oma lemmik n\u00e4okoorija <a href=\"https:\/\/tilk.bio\/et\/tootekategooria\/naohooldus\/naokoorijad\/\"><b>SIIT<\/b><\/a>.<br \/>\nLeia oma lemmik huuletoode <a href=\"https:\/\/tilk.bio\/et\/tootekategooria\/naohooldus\/huuletooted\/\"><b>SIIT<\/b><\/a>.<\/p>\n<p>Kui vajad abi toodete valimisel, vaata ka meie <a href=\"https:\/\/tilk.bio\/et\/nahatuup\/\">soovitusi erinevatele nahat\u00fc\u00fcpidele.<\/a><\/p>\n","protected":false},"featured_media":23649,"comment_status":"open","ping_status":"closed","template":"","meta":{"_acf_changed":false},"product_brand":[],"product_cat":[389,499,511,500,713],"product_tag":[215,218,212,211,219,216,220,213,217,214],"class_list":{"0":"post-17619","1":"product","2":"type-product","3":"status-publish","4":"has-post-thumbnail","6":"product_cat-koik-tooted","7":"product_cat-komplektid","8":"product_cat-naohooldus","9":"product_cat-reisitooted","10":"product_cat-tilk-herbal-et","11":"product_tag-seganahk","12":"product_tag-kreem","13":"product_tag-kuiv-nahk","14":"product_tag-moisture-me-et-2","15":"product_tag-nahahooldus","16":"product_tag-normaalne-nahk","17":"product_tag-pakk","18":"product_tag-rasune-nahk","19":"product_tag-naokreem","20":"product_tag-tundlik-nahk","22":"first","23":"instock","24":"taxable","25":"shipping-taxable","26":"purchasable","27":"product-type-variable"},"acf":[],"yoast_head":"<!-- This site is optimized with the Yoast SEO plugin v27.4 - https:\/\/yoast.com\/product\/yoast-seo-wordpress\/ -->\n<title>Reisikomplekt \u201cFantaasia\u201d p\u00e4evakreemi, n\u00e4okoorija ja huuletootega - Tilk!<\/title>\n<meta name=\"description\" content=\"This Tilk! gift bag contains of great choice of fresh and natural face creams that make you feel gorgeous. It is an ideal option for those who would like to receive a selection of our creams at once!\" \/>\n<meta name=\"robots\" content=\"index, follow, max-snippet:-1, max-image-preview:large, max-video-preview:-1\" \/>\n<link rel=\"canonical\" href=\"https:\/\/tilk.bio\/et\/pood\/fantaasia-komplekt\/\" \/>\n<meta property=\"og:locale\" content=\"et_EE\" \/>\n<meta property=\"og:type\" content=\"article\" \/>\n<meta property=\"og:title\" content=\"Reisikomplekt \u201cFantaasia\u201d p\u00e4evakreemi, n\u00e4okoorija ja huuletootega - Tilk!\" \/>\n<meta property=\"og:description\" content=\"This Tilk! gift bag contains of great choice of fresh and natural face creams that make you feel gorgeous. It is an ideal option for those who would like to receive a selection of our creams at once!\" \/>\n<meta property=\"og:url\" content=\"https:\/\/tilk.bio\/et\/pood\/fantaasia-komplekt\/\" \/>\n<meta property=\"og:site_name\" content=\"Tilk!\" \/>\n<meta property=\"article:publisher\" content=\"https:\/\/www.facebook.com\/tilk.bio\/\" \/>\n<meta property=\"article:modified_time\" content=\"2026-02-04T11:38:15+00:00\" \/>\n<meta property=\"og:image\" content=\"https:\/\/tilk.bio\/wp-content\/uploads\/2018\/11\/IMG_9869-2-PS-scaled.jpg\" \/>\n\t<meta property=\"og:image:width\" content=\"2560\" \/>\n\t<meta property=\"og:image:height\" content=\"1707\" \/>\n\t<meta property=\"og:image:type\" content=\"image\/jpeg\" \/>\n<meta name=\"twitter:card\" content=\"summary_large_image\" \/>\n<meta name=\"twitter:description\" content=\"Love Me fresh and pure hand cream is a special gift for the Valentine\u2019s Day. Comes in limited series for the loved ones;) Gimme some love! The bioactive ingredients recover your skin\u2019s hydrolipidic layer, moisturise it deeply, and provide protection from the environment. The cream makes your hands silky smooth. It smells of fresh lemon.\" \/>\n<meta name=\"twitter:image\" content=\"https:\/\/tilk.bio\/wp-content\/uploads\/2016\/01\/naturaln-hand-cream-love-me.jpg\" \/>\n<script type=\"application\/ld+json\" class=\"yoast-schema-graph\">{\"@context\":\"https:\\\/\\\/schema.org\",\"@graph\":[{\"@type\":\"WebPage\",\"@id\":\"https:\\\/\\\/tilk.bio\\\/et\\\/pood\\\/fantaasia-komplekt\\\/\",\"url\":\"https:\\\/\\\/tilk.bio\\\/et\\\/pood\\\/fantaasia-komplekt\\\/\",\"name\":\"Reisikomplekt \u201cFantaasia\u201d p\u00e4evakreemi, n\u00e4okoorija ja huuletootega - Tilk!\",\"isPartOf\":{\"@id\":\"https:\\\/\\\/tilk.bio\\\/et\\\/#website\"},\"primaryImageOfPage\":{\"@id\":\"https:\\\/\\\/tilk.bio\\\/et\\\/pood\\\/fantaasia-komplekt\\\/#primaryimage\"},\"image\":{\"@id\":\"https:\\\/\\\/tilk.bio\\\/et\\\/pood\\\/fantaasia-komplekt\\\/#primaryimage\"},\"thumbnailUrl\":\"https:\\\/\\\/tilk.bio\\\/wp-content\\\/uploads\\\/2018\\\/07\\\/nordica2.png\",\"datePublished\":\"2010-11-28T23:13:14+00:00\",\"dateModified\":\"2026-02-04T11:38:15+00:00\",\"description\":\"This Tilk! gift bag contains of great choice of fresh and natural face creams that make you feel gorgeous. It is an ideal option for those who would like to receive a selection of our creams at once!\",\"breadcrumb\":{\"@id\":\"https:\\\/\\\/tilk.bio\\\/et\\\/pood\\\/fantaasia-komplekt\\\/#breadcrumb\"},\"inLanguage\":\"et\",\"potentialAction\":[{\"@type\":\"ReadAction\",\"target\":[\"https:\\\/\\\/tilk.bio\\\/et\\\/pood\\\/fantaasia-komplekt\\\/\"]}]},{\"@type\":\"ImageObject\",\"inLanguage\":\"et\",\"@id\":\"https:\\\/\\\/tilk.bio\\\/et\\\/pood\\\/fantaasia-komplekt\\\/#primaryimage\",\"url\":\"https:\\\/\\\/tilk.bio\\\/wp-content\\\/uploads\\\/2018\\\/07\\\/nordica2.png\",\"contentUrl\":\"https:\\\/\\\/tilk.bio\\\/wp-content\\\/uploads\\\/2018\\\/07\\\/nordica2.png\",\"width\":920,\"height\":1100,\"caption\":\"nahahoolduse reisikomplekt\"},{\"@type\":\"BreadcrumbList\",\"@id\":\"https:\\\/\\\/tilk.bio\\\/et\\\/pood\\\/fantaasia-komplekt\\\/#breadcrumb\",\"itemListElement\":[{\"@type\":\"ListItem\",\"position\":1,\"name\":\"Home\",\"item\":\"https:\\\/\\\/tilk.bio\\\/et\\\/\"},{\"@type\":\"ListItem\",\"position\":2,\"name\":\"Pood\",\"item\":\"https:\\\/\\\/tilk.bio\\\/et\\\/pood\\\/\"},{\"@type\":\"ListItem\",\"position\":3,\"name\":\"Reisikomplekt \u201cFantaasia\u201d p\u00e4evakreemi, n\u00e4okoorija ja huuletootega\"}]},{\"@type\":\"WebSite\",\"@id\":\"https:\\\/\\\/tilk.bio\\\/et\\\/#website\",\"url\":\"https:\\\/\\\/tilk.bio\\\/et\\\/\",\"name\":\"Tilk!\",\"description\":\"Keskkonnas\u00f5bralik ja j\u00e4tkusuutlik looduskosmeetika Saaremaalt.\",\"potentialAction\":[{\"@type\":\"SearchAction\",\"target\":{\"@type\":\"EntryPoint\",\"urlTemplate\":\"https:\\\/\\\/tilk.bio\\\/et\\\/?s={search_term_string}\"},\"query-input\":{\"@type\":\"PropertyValueSpecification\",\"valueRequired\":true,\"valueName\":\"search_term_string\"}}],\"inLanguage\":\"et\"}]}<\/script>\n<!-- \/ Yoast SEO plugin. -->","yoast_head_json":{"title":"Reisikomplekt \u201cFantaasia\u201d p\u00e4evakreemi, n\u00e4okoorija ja huuletootega - Tilk!","description":"This Tilk! gift bag contains of great choice of fresh and natural face creams that make you feel gorgeous. It is an ideal option for those who would like to receive a selection of our creams at once!","robots":{"index":"index","follow":"follow","max-snippet":"max-snippet:-1","max-image-preview":"max-image-preview:large","max-video-preview":"max-video-preview:-1"},"canonical":"https:\/\/tilk.bio\/et\/pood\/fantaasia-komplekt\/","og_locale":"et_EE","og_type":"article","og_title":"Reisikomplekt \u201cFantaasia\u201d p\u00e4evakreemi, n\u00e4okoorija ja huuletootega - Tilk!","og_description":"This Tilk! gift bag contains of great choice of fresh and natural face creams that make you feel gorgeous. It is an ideal option for those who would like to receive a selection of our creams at once!","og_url":"https:\/\/tilk.bio\/et\/pood\/fantaasia-komplekt\/","og_site_name":"Tilk!","article_publisher":"https:\/\/www.facebook.com\/tilk.bio\/","article_modified_time":"2026-02-04T11:38:15+00:00","og_image":[{"width":2560,"height":1707,"url":"https:\/\/tilk.bio\/wp-content\/uploads\/2018\/11\/IMG_9869-2-PS-scaled.jpg","type":"image\/jpeg"}],"twitter_card":"summary_large_image","twitter_description":"Love Me fresh and pure hand cream is a special gift for the Valentine\u2019s Day. Comes in limited series for the loved ones;) Gimme some love! The bioactive ingredients recover your skin\u2019s hydrolipidic layer, moisturise it deeply, and provide protection from the environment. The cream makes your hands silky smooth. It smells of fresh lemon.","twitter_image":"https:\/\/tilk.bio\/wp-content\/uploads\/2016\/01\/naturaln-hand-cream-love-me.jpg","schema":{"@context":"https:\/\/schema.org","@graph":[{"@type":"WebPage","@id":"https:\/\/tilk.bio\/et\/pood\/fantaasia-komplekt\/","url":"https:\/\/tilk.bio\/et\/pood\/fantaasia-komplekt\/","name":"Reisikomplekt \u201cFantaasia\u201d p\u00e4evakreemi, n\u00e4okoorija ja huuletootega - Tilk!","isPartOf":{"@id":"https:\/\/tilk.bio\/et\/#website"},"primaryImageOfPage":{"@id":"https:\/\/tilk.bio\/et\/pood\/fantaasia-komplekt\/#primaryimage"},"image":{"@id":"https:\/\/tilk.bio\/et\/pood\/fantaasia-komplekt\/#primaryimage"},"thumbnailUrl":"https:\/\/tilk.bio\/wp-content\/uploads\/2018\/07\/nordica2.png","datePublished":"2010-11-28T23:13:14+00:00","dateModified":"2026-02-04T11:38:15+00:00","description":"This Tilk! gift bag contains of great choice of fresh and natural face creams that make you feel gorgeous. It is an ideal option for those who would like to receive a selection of our creams at once!","breadcrumb":{"@id":"https:\/\/tilk.bio\/et\/pood\/fantaasia-komplekt\/#breadcrumb"},"inLanguage":"et","potentialAction":[{"@type":"ReadAction","target":["https:\/\/tilk.bio\/et\/pood\/fantaasia-komplekt\/"]}]},{"@type":"ImageObject","inLanguage":"et","@id":"https:\/\/tilk.bio\/et\/pood\/fantaasia-komplekt\/#primaryimage","url":"https:\/\/tilk.bio\/wp-content\/uploads\/2018\/07\/nordica2.png","contentUrl":"https:\/\/tilk.bio\/wp-content\/uploads\/2018\/07\/nordica2.png","width":920,"height":1100,"caption":"nahahoolduse reisikomplekt"},{"@type":"BreadcrumbList","@id":"https:\/\/tilk.bio\/et\/pood\/fantaasia-komplekt\/#breadcrumb","itemListElement":[{"@type":"ListItem","position":1,"name":"Home","item":"https:\/\/tilk.bio\/et\/"},{"@type":"ListItem","position":2,"name":"Pood","item":"https:\/\/tilk.bio\/et\/pood\/"},{"@type":"ListItem","position":3,"name":"Reisikomplekt \u201cFantaasia\u201d p\u00e4evakreemi, n\u00e4okoorija ja huuletootega"}]},{"@type":"WebSite","@id":"https:\/\/tilk.bio\/et\/#website","url":"https:\/\/tilk.bio\/et\/","name":"Tilk!","description":"Keskkonnas\u00f5bralik ja j\u00e4tkusuutlik looduskosmeetika Saaremaalt.","potentialAction":[{"@type":"SearchAction","target":{"@type":"EntryPoint","urlTemplate":"https:\/\/tilk.bio\/et\/?s={search_term_string}"},"query-input":{"@type":"PropertyValueSpecification","valueRequired":true,"valueName":"search_term_string"}}],"inLanguage":"et"}]}},"_links":{"self":[{"href":"https:\/\/tilk.bio\/et\/wp-json\/wp\/v2\/product\/17619","targetHints":{"allow":["GET"]}}],"collection":[{"href":"https:\/\/tilk.bio\/et\/wp-json\/wp\/v2\/product"}],"about":[{"href":"https:\/\/tilk.bio\/et\/wp-json\/wp\/v2\/types\/product"}],"replies":[{"embeddable":true,"href":"https:\/\/tilk.bio\/et\/wp-json\/wp\/v2\/comments?post=17619"}],"wp:featuredmedia":[{"embeddable":true,"href":"https:\/\/tilk.bio\/et\/wp-json\/wp\/v2\/media\/23649"}],"wp:attachment":[{"href":"https:\/\/tilk.bio\/et\/wp-json\/wp\/v2\/media?parent=17619"}],"wp:term":[{"taxonomy":"product_brand","embeddable":true,"href":"https:\/\/tilk.bio\/et\/wp-json\/wp\/v2\/product_brand?post=17619"},{"taxonomy":"product_cat","embeddable":true,"href":"https:\/\/tilk.bio\/et\/wp-json\/wp\/v2\/product_cat?post=17619"},{"taxonomy":"product_tag","embeddable":true,"href":"https:\/\/tilk.bio\/et\/wp-json\/wp\/v2\/product_tag?post=17619"}],"curies":[{"name":"wp","href":"https:\/\/api.w.org\/{rel}","templated":true}]}}