{"id":19909,"date":"2019-09-12T00:00:21","date_gmt":"2019-09-12T00:00:21","guid":{"rendered":"https:\/\/tilk.bio\/?post_type=product&#038;p=19909\/"},"modified":"2026-04-10T14:00:19","modified_gmt":"2026-04-10T11:00:19","slug":"smooth-me-naooli","status":"publish","type":"product","link":"https:\/\/tilk.bio\/et\/pood\/smooth-me-naooli\/","title":{"rendered":"Smooth Me n\u00e4o\u00f5li kadakamarja ekstraktiga"},"content":{"rendered":"<p>AUHINNATUD &#8211; PARIM N\u00c4O\u00d5LI<\/p>\n<p>Smooth Me on kerge koostisega n\u00e4o\u00f5li, mis annab m\u00f5nusalt pehme naha ja loomulikult <a href=\"https:\/\/tilk.bio\/et\/tootekategooria\/naohooldus\/naooli\/\">s\u00e4rava jume<\/a>. See on parim n\u00e4o\u00f5li kasutamiseks nii meestele kui naistele, normaalsele ja ka probleemsele nahale. \u00d5li hooldab nahka ja ei ummista poore.<\/p>\n<p>Kadakas stimuleerib vereringet, eemaldab toksiine ning on p\u00f5letikuvastase toimega. Jojoba- ja kookos\u00f5lis sisalduv E-vitamiin silub ja pinguldab nahka, m\u00f5jub nahka uuendavalt ning toob esile loomuliku jume. Need \u00f5lid tasakaalustavad rasu poore ummistamata. Samuti kaitsevad nad nahka p\u00f5letike eest ning on abiks erinevate probleemide korral, sest alandavad naha tundlikkust, punetust ning v\u00e4hendavad armide teket. Kookos\u00f5lis sisalduvad trigl\u00fctseriidid on suurep\u00e4rased niisutajad ja m\u00f5juvad nahka pehmendavalt. N\u00e4o\u00f5lil on m\u00f5nus \u00f5rn kadakaaroom.<\/p>\n<p>N\u00e4o\u00f5li koostisosad on looduslikku p\u00e4ritolu ja vegan. \u00d5li loomisel on kasutatud Saaremaalt k\u00e4sitsi korjatud taimede \u00f5lisid.<\/p>\n<p class=\"p1\"><b>Kasutamine:<\/b><b><\/b><\/p>\n<p class=\"p1\">N\u00e4o\u00f5li saab kasutada mitmel viisil s\u00f5ltuvalt nahat\u00fc\u00fcbist ja eelistustest. Siin on m\u00f5ned peamised soovitused, kuidas n\u00e4o\u00f5li n\u00e4ohooldusesse lisada:<\/p>\n<ol class=\"ol1\">\n<li class=\"li1\"><b>Kreemi j\u00e4rel<\/b>: P\u00e4rast <a href=\"https:\/\/tilk.bio\/et\/tootekategooria\/naohooldus\/naokreem\/\"><span class=\"s1\">n\u00e4okreemi<\/span><\/a> pealekandmist v\u00f5ib lisada \u00f5hukese kihi n\u00e4o\u00f5li, mis aitab niiskust nahas lukustada. See sobib h\u00e4sti kuivale ja normaalsele nahale.<\/li>\n<li class=\"li1\"><b>N\u00e4okreemiga segamine<\/b>: Kui soovid \u00f5rna s\u00e4ra ja pehmendavat toimet, v\u00f5id lisada paar tilka n\u00e4o\u00f5li oma n\u00e4okreemi hulka ja kanda m\u00f5lemad korraga nahale.<\/li>\n<li class=\"li1\"><b><b><b>\u00d6iseks kasutamiseks:<\/b><\/b><\/b>N\u00e4o\u00f5li v\u00f5ib kasutada \u00f6\u00f6sel niisutajana, eriti talvisel ajal ja kuivale nahale. See aitab hommikuks naha siledamaks ja elastsemaks muuta.<b><b><br \/>\n<\/b><\/b>\u00a0See aitab hommikuks naha siledamaks ja elastsemaks muuta.<\/li>\n<li class=\"li1\"><b>Massaa\u017eiks<\/b>: N\u00e4o\u00f5li on suurep\u00e4rane n\u00e4omassaa\u017ei tegemiseks, kuna see v\u00e4hendab h\u00f5\u00f5rdumist ja aitab vereringet parandada.<\/li>\n<li class=\"li1\"><b>Ainult kuivematele piirkondadele<\/b>: Kui sul on kombineeritud nahk, v\u00f5id \u00f5li kanda ainult kuivematele aladele (n\u00e4iteks p\u00f5sed), j\u00e4ttes rasusemad alad puutumata.<\/li>\n<\/ol>\n<p class=\"p1\">Paar \u00fcldist nippi:<\/p>\n<ul class=\"ul1\">\n<li class=\"li1\">Kasuta \u00f5li alati p\u00e4rast vee baasil seerumeid ja niisutajaid, sest \u00f5li toimib t\u00f5kkena, mis takistab vee aurustumist nahast.<\/li>\n<li class=\"li1\">Alusta 2-3 tilgast ja kohanda kogust vastavalt vajadusele.<\/li>\n<\/ul>\n<p>Hoiustamine: Hoiusta n\u00e4o\u00f5li kaitstult otsese p\u00e4ikesevalguse eest.<\/p>\n<p>Kogus: 5ml\/30ml<\/p>\n<p class=\"p1\"><a ref=\"magnificPopup\" href=\"https:\/\/tilk.bio\/wp-content\/uploads\/2016\/01\/Vegan_sign-07-150x150.png\"><img loading=\"lazy\" decoding=\"async\" class=\"wp-image-17806 alignleft\" src=\"https:\/\/tilk.bio\/wp-content\/uploads\/2016\/01\/Vegan_sign-07-150x150.png\" width=\"62\" height=\"62\" srcset=\"https:\/\/tilk.bio\/wp-content\/uploads\/2016\/01\/Vegan_sign-07-150x150.png 150w, https:\/\/tilk.bio\/wp-content\/uploads\/2016\/01\/Vegan_sign-07.png 165w\" sizes=\"auto, (max-width: 62px) 100vw, 62px\" \/><\/a><\/p>\n","protected":false},"excerpt":{"rendered":"<p>AUHINNATUD &#8211; PARIM N\u00c4O\u00d5LI Smooth Me on kerge koostisega n\u00e4o\u00f5li, mis annab m\u00f5nusalt pehme naha ja loomulikult s\u00e4rava jume. See on parim n\u00e4o\u00f5li kasutamiseks nii meestele kui naistele, normaalsele ja ka probleemsele nahale. \u00d5li hooldab nahka ja ei ummista poore. Kadakas stimuleerib vereringet, eemaldab toksiine ning on p\u00f5letikuvastase toimega. Jojoba- ja kookos\u00f5lis sisalduv E-vitamiin silub&#8230;<\/p>\n","protected":false},"featured_media":70902,"comment_status":"open","ping_status":"closed","template":"","meta":{"_acf_changed":false},"product_brand":[],"product_cat":[532,687,494,389,628,511,692,691,713],"product_tag":[221,341],"class_list":{"0":"post-19909","1":"product","2":"type-product","3":"status-publish","4":"has-post-thumbnail","6":"product_cat-naooli","7":"product_cat-akne-ja-rasune-nahk","8":"product_cat-klientide-lemmikud","9":"product_cat-koik-tooted","10":"product_cat-meestele","11":"product_cat-naohooldus","12":"product_cat-normaalne-ja-kombineeritud-nahk","13":"product_cat-tekstuuri-ja-tooniprobleemidega-nahk","14":"product_cat-tilk-herbal-et","15":"product_tag-koik-nahatuubid","16":"product_tag-unisex-et","18":"first","19":"instock","20":"taxable","21":"shipping-taxable","22":"purchasable","23":"product-type-variable"},"acf":[],"yoast_head":"<!-- This site is optimized with the Yoast SEO plugin v27.3 - https:\/\/yoast.com\/product\/yoast-seo-wordpress\/ -->\n<title>Parim n\u00e4o\u00f5li - Smooth Me n\u00e4o\u00f5li kadakamarja ekstraktiga<\/title>\n<meta name=\"description\" content=\"Smooth Me on kerge koostisega parim n\u00e4o\u00f5li. N\u00e4o\u00f5li koostises on kadakamarja ekstrakti bioaktiivsed toimeained, mis ergutavad vereringet.\" \/>\n<meta name=\"robots\" content=\"index, follow, max-snippet:-1, max-image-preview:large, max-video-preview:-1\" \/>\n<link rel=\"canonical\" href=\"https:\/\/tilk.bio\/et\/pood\/smooth-me-naooli\/\" \/>\n<meta property=\"og:locale\" content=\"et_EE\" \/>\n<meta property=\"og:type\" content=\"article\" \/>\n<meta property=\"og:title\" content=\"Parim n\u00e4o\u00f5li - Smooth Me n\u00e4o\u00f5li kadakamarja ekstraktiga\" \/>\n<meta property=\"og:description\" content=\"Smooth Me on kerge koostisega parim n\u00e4o\u00f5li. N\u00e4o\u00f5li koostises on kadakamarja ekstrakti bioaktiivsed toimeained, mis ergutavad vereringet.\" \/>\n<meta property=\"og:url\" content=\"https:\/\/tilk.bio\/et\/pood\/smooth-me-naooli\/\" \/>\n<meta property=\"og:site_name\" content=\"Tilk!\" \/>\n<meta property=\"article:publisher\" content=\"https:\/\/www.facebook.com\/tilk.bio\/\" \/>\n<meta property=\"article:modified_time\" content=\"2026-04-10T11:00:19+00:00\" \/>\n<meta property=\"og:image\" content=\"https:\/\/tilk.bio\/wp-content\/uploads\/2017\/09\/smoothuusSUUR.png\" \/>\n<meta name=\"twitter:card\" content=\"summary_large_image\" \/>\n<meta name=\"twitter:title\" content=\"Smooth Me n\u00e4o\u00f5li\" \/>\n<meta name=\"twitter:description\" content=\"Smooth Me on kerge koostisega unisex n\u00e4o\u00f5li, mis aitab Sul saada m\u00f5nusalt pehme naha ja loomulikult s\u00e4rava jume. Kadakas stimuleerib ja aitab parandada vereringet, eemaldab toksiine ning on p\u00f5letikuvastase toimega. Jojoba- ja kookos\u00f5lis sisalduv E-vitamiin m\u00f5jub noorendavalt siludes ja pinguldades nahka tuues esile loomuliku jume. Kookos\u00f5lis sisalduvad trigl\u00fctseriidid on suurep\u00e4rastsed niisutajad ja m\u00f5juvad nahka pehmendavalt. K\u00f5ik kreemi koostisosad on looduslikku p\u00e4ritolu ja vegan. Kreemis kasutame Saaremaalt korjatud taimede \u00f5lisid.\" \/>\n<meta name=\"twitter:image\" content=\"https:\/\/tilk.bio\/wp-content\/uploads\/2017\/09\/Smooth-Me-face-oil.jpg\" \/>\n<meta name=\"twitter:label1\" content=\"Est. reading time\" \/>\n\t<meta name=\"twitter:data1\" content=\"2 minutit\" \/>\n<script type=\"application\/ld+json\" class=\"yoast-schema-graph\">{\"@context\":\"https:\\\/\\\/schema.org\",\"@graph\":[{\"@type\":\"WebPage\",\"@id\":\"https:\\\/\\\/tilk.bio\\\/et\\\/pood\\\/smooth-me-naooli\\\/\",\"url\":\"https:\\\/\\\/tilk.bio\\\/et\\\/pood\\\/smooth-me-naooli\\\/\",\"name\":\"Parim n\u00e4o\u00f5li - Smooth Me n\u00e4o\u00f5li kadakamarja ekstraktiga\",\"isPartOf\":{\"@id\":\"https:\\\/\\\/tilk.bio\\\/et\\\/#website\"},\"primaryImageOfPage\":{\"@id\":\"https:\\\/\\\/tilk.bio\\\/et\\\/pood\\\/smooth-me-naooli\\\/#primaryimage\"},\"image\":{\"@id\":\"https:\\\/\\\/tilk.bio\\\/et\\\/pood\\\/smooth-me-naooli\\\/#primaryimage\"},\"thumbnailUrl\":\"https:\\\/\\\/tilk.bio\\\/wp-content\\\/uploads\\\/2019\\\/09\\\/Untitled-design-41.jpg\",\"datePublished\":\"2019-09-12T00:00:21+00:00\",\"dateModified\":\"2026-04-10T11:00:19+00:00\",\"description\":\"Smooth Me on kerge koostisega parim n\u00e4o\u00f5li. N\u00e4o\u00f5li koostises on kadakamarja ekstrakti bioaktiivsed toimeained, mis ergutavad vereringet.\",\"breadcrumb\":{\"@id\":\"https:\\\/\\\/tilk.bio\\\/et\\\/pood\\\/smooth-me-naooli\\\/#breadcrumb\"},\"inLanguage\":\"et\",\"potentialAction\":[{\"@type\":\"ReadAction\",\"target\":[\"https:\\\/\\\/tilk.bio\\\/et\\\/pood\\\/smooth-me-naooli\\\/\"]}]},{\"@type\":\"ImageObject\",\"inLanguage\":\"et\",\"@id\":\"https:\\\/\\\/tilk.bio\\\/et\\\/pood\\\/smooth-me-naooli\\\/#primaryimage\",\"url\":\"https:\\\/\\\/tilk.bio\\\/wp-content\\\/uploads\\\/2019\\\/09\\\/Untitled-design-41.jpg\",\"contentUrl\":\"https:\\\/\\\/tilk.bio\\\/wp-content\\\/uploads\\\/2019\\\/09\\\/Untitled-design-41.jpg\",\"width\":1200,\"height\":1200,\"caption\":\"smooth-me-naooli\"},{\"@type\":\"BreadcrumbList\",\"@id\":\"https:\\\/\\\/tilk.bio\\\/et\\\/pood\\\/smooth-me-naooli\\\/#breadcrumb\",\"itemListElement\":[{\"@type\":\"ListItem\",\"position\":1,\"name\":\"Home\",\"item\":\"https:\\\/\\\/tilk.bio\\\/et\\\/\"},{\"@type\":\"ListItem\",\"position\":2,\"name\":\"Pood\",\"item\":\"https:\\\/\\\/tilk.bio\\\/et\\\/pood\\\/\"},{\"@type\":\"ListItem\",\"position\":3,\"name\":\"Smooth Me n\u00e4o\u00f5li kadakamarja ekstraktiga\"}]},{\"@type\":\"WebSite\",\"@id\":\"https:\\\/\\\/tilk.bio\\\/et\\\/#website\",\"url\":\"https:\\\/\\\/tilk.bio\\\/et\\\/\",\"name\":\"Tilk!\",\"description\":\"Keskkonnas\u00f5bralik ja j\u00e4tkusuutlik looduskosmeetika Saaremaalt.\",\"potentialAction\":[{\"@type\":\"SearchAction\",\"target\":{\"@type\":\"EntryPoint\",\"urlTemplate\":\"https:\\\/\\\/tilk.bio\\\/et\\\/?s={search_term_string}\"},\"query-input\":{\"@type\":\"PropertyValueSpecification\",\"valueRequired\":true,\"valueName\":\"search_term_string\"}}],\"inLanguage\":\"et\"}]}<\/script>\n<!-- \/ Yoast SEO plugin. -->","yoast_head_json":{"title":"Parim n\u00e4o\u00f5li - Smooth Me n\u00e4o\u00f5li kadakamarja ekstraktiga","description":"Smooth Me on kerge koostisega parim n\u00e4o\u00f5li. N\u00e4o\u00f5li koostises on kadakamarja ekstrakti bioaktiivsed toimeained, mis ergutavad vereringet.","robots":{"index":"index","follow":"follow","max-snippet":"max-snippet:-1","max-image-preview":"max-image-preview:large","max-video-preview":"max-video-preview:-1"},"canonical":"https:\/\/tilk.bio\/et\/pood\/smooth-me-naooli\/","og_locale":"et_EE","og_type":"article","og_title":"Parim n\u00e4o\u00f5li - Smooth Me n\u00e4o\u00f5li kadakamarja ekstraktiga","og_description":"Smooth Me on kerge koostisega parim n\u00e4o\u00f5li. N\u00e4o\u00f5li koostises on kadakamarja ekstrakti bioaktiivsed toimeained, mis ergutavad vereringet.","og_url":"https:\/\/tilk.bio\/et\/pood\/smooth-me-naooli\/","og_site_name":"Tilk!","article_publisher":"https:\/\/www.facebook.com\/tilk.bio\/","article_modified_time":"2026-04-10T11:00:19+00:00","og_image":[{"url":"https:\/\/tilk.bio\/wp-content\/uploads\/2017\/09\/smoothuusSUUR.png","type":"","width":"","height":""}],"twitter_card":"summary_large_image","twitter_title":"Smooth Me n\u00e4o\u00f5li","twitter_description":"Smooth Me on kerge koostisega unisex n\u00e4o\u00f5li, mis aitab Sul saada m\u00f5nusalt pehme naha ja loomulikult s\u00e4rava jume. Kadakas stimuleerib ja aitab parandada vereringet, eemaldab toksiine ning on p\u00f5letikuvastase toimega. Jojoba- ja kookos\u00f5lis sisalduv E-vitamiin m\u00f5jub noorendavalt siludes ja pinguldades nahka tuues esile loomuliku jume. Kookos\u00f5lis sisalduvad trigl\u00fctseriidid on suurep\u00e4rastsed niisutajad ja m\u00f5juvad nahka pehmendavalt. K\u00f5ik kreemi koostisosad on looduslikku p\u00e4ritolu ja vegan. Kreemis kasutame Saaremaalt korjatud taimede \u00f5lisid.","twitter_image":"https:\/\/tilk.bio\/wp-content\/uploads\/2017\/09\/Smooth-Me-face-oil.jpg","twitter_misc":{"Est. reading time":"2 minutit"},"schema":{"@context":"https:\/\/schema.org","@graph":[{"@type":"WebPage","@id":"https:\/\/tilk.bio\/et\/pood\/smooth-me-naooli\/","url":"https:\/\/tilk.bio\/et\/pood\/smooth-me-naooli\/","name":"Parim n\u00e4o\u00f5li - Smooth Me n\u00e4o\u00f5li kadakamarja ekstraktiga","isPartOf":{"@id":"https:\/\/tilk.bio\/et\/#website"},"primaryImageOfPage":{"@id":"https:\/\/tilk.bio\/et\/pood\/smooth-me-naooli\/#primaryimage"},"image":{"@id":"https:\/\/tilk.bio\/et\/pood\/smooth-me-naooli\/#primaryimage"},"thumbnailUrl":"https:\/\/tilk.bio\/wp-content\/uploads\/2019\/09\/Untitled-design-41.jpg","datePublished":"2019-09-12T00:00:21+00:00","dateModified":"2026-04-10T11:00:19+00:00","description":"Smooth Me on kerge koostisega parim n\u00e4o\u00f5li. N\u00e4o\u00f5li koostises on kadakamarja ekstrakti bioaktiivsed toimeained, mis ergutavad vereringet.","breadcrumb":{"@id":"https:\/\/tilk.bio\/et\/pood\/smooth-me-naooli\/#breadcrumb"},"inLanguage":"et","potentialAction":[{"@type":"ReadAction","target":["https:\/\/tilk.bio\/et\/pood\/smooth-me-naooli\/"]}]},{"@type":"ImageObject","inLanguage":"et","@id":"https:\/\/tilk.bio\/et\/pood\/smooth-me-naooli\/#primaryimage","url":"https:\/\/tilk.bio\/wp-content\/uploads\/2019\/09\/Untitled-design-41.jpg","contentUrl":"https:\/\/tilk.bio\/wp-content\/uploads\/2019\/09\/Untitled-design-41.jpg","width":1200,"height":1200,"caption":"smooth-me-naooli"},{"@type":"BreadcrumbList","@id":"https:\/\/tilk.bio\/et\/pood\/smooth-me-naooli\/#breadcrumb","itemListElement":[{"@type":"ListItem","position":1,"name":"Home","item":"https:\/\/tilk.bio\/et\/"},{"@type":"ListItem","position":2,"name":"Pood","item":"https:\/\/tilk.bio\/et\/pood\/"},{"@type":"ListItem","position":3,"name":"Smooth Me n\u00e4o\u00f5li kadakamarja ekstraktiga"}]},{"@type":"WebSite","@id":"https:\/\/tilk.bio\/et\/#website","url":"https:\/\/tilk.bio\/et\/","name":"Tilk!","description":"Keskkonnas\u00f5bralik ja j\u00e4tkusuutlik looduskosmeetika Saaremaalt.","potentialAction":[{"@type":"SearchAction","target":{"@type":"EntryPoint","urlTemplate":"https:\/\/tilk.bio\/et\/?s={search_term_string}"},"query-input":{"@type":"PropertyValueSpecification","valueRequired":true,"valueName":"search_term_string"}}],"inLanguage":"et"}]}},"_links":{"self":[{"href":"https:\/\/tilk.bio\/et\/wp-json\/wp\/v2\/product\/19909","targetHints":{"allow":["GET"]}}],"collection":[{"href":"https:\/\/tilk.bio\/et\/wp-json\/wp\/v2\/product"}],"about":[{"href":"https:\/\/tilk.bio\/et\/wp-json\/wp\/v2\/types\/product"}],"replies":[{"embeddable":true,"href":"https:\/\/tilk.bio\/et\/wp-json\/wp\/v2\/comments?post=19909"}],"wp:featuredmedia":[{"embeddable":true,"href":"https:\/\/tilk.bio\/et\/wp-json\/wp\/v2\/media\/70902"}],"wp:attachment":[{"href":"https:\/\/tilk.bio\/et\/wp-json\/wp\/v2\/media?parent=19909"}],"wp:term":[{"taxonomy":"product_brand","embeddable":true,"href":"https:\/\/tilk.bio\/et\/wp-json\/wp\/v2\/product_brand?post=19909"},{"taxonomy":"product_cat","embeddable":true,"href":"https:\/\/tilk.bio\/et\/wp-json\/wp\/v2\/product_cat?post=19909"},{"taxonomy":"product_tag","embeddable":true,"href":"https:\/\/tilk.bio\/et\/wp-json\/wp\/v2\/product_tag?post=19909"}],"curies":[{"name":"wp","href":"https:\/\/api.w.org\/{rel}","templated":true}]}}