{"id":20385,"date":"2017-12-06T17:46:22","date_gmt":"2017-12-06T17:46:22","guid":{"rendered":"https:\/\/tilk.bio\/?post_type=product&#038;p=20385\/"},"modified":"2026-02-08T10:15:05","modified_gmt":"2026-02-08T08:15:05","slug":"katekreem-5-pakk-reisitoode","status":"publish","type":"product","link":"https:\/\/tilk.bio\/et\/pood\/katekreem-5-pakk-reisitoode\/","title":{"rendered":"Love Me niisutav k\u00e4tekreem: 5-pakk (reisitoode)"},"content":{"rendered":"<p><span style=\"font-weight: 400;\">AUHINNATUD<\/span><\/p>\n<p><span style=\"font-weight: 400;\">Meie klientide lemmiku ja auhinnatud niisutava k\u00e4tekreemi Love Me reisiversiooni on n\u00fc\u00fcd v\u00f5imalik tellida ka 5 kaupa. \u00dche sellise komplekti tellimisega saad lahendada kogu s\u00f5pruskonna kuivade k\u00e4te mure. See armastatud k\u00e4tekreem meeldib k\u00f5igile!<\/span><\/p>\n<p><span style=\"font-weight: 400;\">Love Me on ideaalne k\u00e4tekreem \u2013 see muudab k\u00e4ed siidiseks, pehmendab kuiva nahka ja sisaldab ohtralt vitamiine. Kuna lisaks meie n\u00e4ole peegeldavad meie vanust ka meie k\u00e4ed, aitab k\u00e4tekreemi kasutamine toniseerida k\u00e4te \u00f5rna nahka ning ennetada kortsude teket.<\/span><\/p>\n<p><span style=\"font-weight: 400;\">Kreemis sisalduv astelpaju\u00f5li viib nahakihtidesse C-, E-, K- ja P-vitamiinid, muutes k\u00e4ed siidpehmeks. Astelpalju\u00f5li aitab kiirendada mikrohaavade paranemisprotsessi. A- ja C-vitamiin looduslikus n\u00f5geseekstraktis stimuleerivad k\u00e4te vereringet. N\u00f5ges on suurep\u00e4rane naha struktuuri tugevdaja ning lisaks aitab see hooldada \u00e4rritunud nahka.\u00a0 Antioks\u00fcdantidest pungil olev mangov\u00f5i suurendab k\u00e4te naha loomulikku kaitsev\u00f5imet ning niisutab s\u00fcgavuti. P\u00f5ldosja bioaktiivsed koostisosad taastavad naha h\u00fcdrolipiidkihi ning hooldavad ka pindmiseid kortse, et k\u00e4te nahk n\u00e4eks v\u00e4lja toniseeritud ja pingul. See on m\u00f5nus tsitrusel\u00f5hnaline hellitus kuivadele k\u00e4tele.<\/span><\/p>\n<p><span style=\"font-weight: 400;\">K\u00f5ik kreemi koostisosad on looduslikku p\u00e4ritolu ning vegan. Kreemi loomisel on kasutatud Saaremaalt k\u00e4sitsi korjatud taimede \u00f5lisid.<\/span><\/p>\n<p><span style=\"font-weight: 400;\">Hoiustamine: Hoiusta k\u00e4tekreemi toatemperatuuril.<\/span><\/p>\n<p><span style=\"font-weight: 400;\">Kogus: 5*10ml<\/span><\/p>\n","protected":false},"excerpt":{"rendered":"<p>AUHINNATUD Meie klientide lemmiku ja auhinnatud niisutava k\u00e4tekreemi Love Me reisiversiooni on n\u00fc\u00fcd v\u00f5imalik tellida ka 5 kaupa. \u00dche sellise komplekti tellimisega saad lahendada kogu s\u00f5pruskonna kuivade k\u00e4te mure. See armastatud k\u00e4tekreem meeldib k\u00f5igile! Love Me on ideaalne k\u00e4tekreem \u2013 see muudab k\u00e4ed siidiseks, pehmendab kuiva nahka ja sisaldab ohtralt vitamiine. Kuna lisaks meie n\u00e4ole&#8230;<\/p>\n","protected":false},"featured_media":67431,"comment_status":"open","ping_status":"closed","template":"","meta":{"_acf_changed":false},"product_brand":[],"product_cat":[497,495,389,499,689,500,713],"product_tag":[228],"class_list":{"0":"post-20385","1":"product","2":"type-product","3":"status-publish","4":"has-post-thumbnail","6":"product_cat-katele","7":"product_cat-kehale","8":"product_cat-koik-tooted","9":"product_cat-komplektid","10":"product_cat-kuiv-nahk","11":"product_cat-reisitooted","12":"product_cat-tilk-herbal-et","13":"product_tag-katekreem","15":"first","16":"onbackorder","17":"sale","18":"taxable","19":"shipping-taxable","20":"purchasable","21":"product-type-simple"},"acf":[],"yoast_head":"<!-- This site is optimized with the Yoast SEO plugin v27.3 - https:\/\/yoast.com\/product\/yoast-seo-wordpress\/ -->\n<title>Love Me niisutav k\u00e4tekreem: 5-pakk (reisitoode) - Tilk! Moisturizing hand cream<\/title>\n<meta name=\"description\" content=\"Love me v\u00e4rske sidrunil\u00f5hnaline k\u00e4tekreem. Jaga armastust! Bioaktiivsed koostisosad taastavad su naha h\u00fcdrolipiidkihi, niisutavad seda s\u00fcgavuti ja pakuvad kaitset keskkonnam\u00f5jude eest. Kreem muudab su k\u00e4ed siidpehmeks.\" \/>\n<meta name=\"robots\" content=\"index, follow, max-snippet:-1, max-image-preview:large, max-video-preview:-1\" \/>\n<link rel=\"canonical\" href=\"https:\/\/tilk.bio\/pood\/love-me-hand-cream-5-pack-travel-size\/\" \/>\n<meta property=\"og:locale\" content=\"et_EE\" \/>\n<meta property=\"og:type\" content=\"article\" \/>\n<meta property=\"og:title\" content=\"reisitoode Love Me katekreem 5-pakk\" \/>\n<meta property=\"og:description\" content=\"Love me v\u00e4rske sidrunil\u00f5hnaline k\u00e4tekreem. Bioaktiivsed koostisosad taastavad su naha h\u00fcdrolipiidkihi, niisutavad seda s\u00fcgavuti ja pakuvad kaitset keskkonnam\u00f5jude eest. Kreem muudab su k\u00e4ed siidpehmeks.\" \/>\n<meta property=\"og:url\" content=\"https:\/\/tilk.bio\/pood\/love-me-hand-cream-5-pack-travel-size\/\" \/>\n<meta property=\"og:site_name\" content=\"Tilk!\" \/>\n<meta property=\"article:publisher\" content=\"https:\/\/www.facebook.com\/tilk.bio\/\" \/>\n<meta property=\"article:modified_time\" content=\"2026-02-08T08:15:05+00:00\" \/>\n<meta property=\"og:image\" content=\"https:\/\/tilk.bio\/wp-content\/uploads\/2017\/12\/DSC3014-e1512480197625.jpg\" \/>\n\t<meta property=\"og:image:width\" content=\"1200\" \/>\n\t<meta property=\"og:image:height\" content=\"1200\" \/>\n\t<meta property=\"og:image:type\" content=\"image\/jpeg\" \/>\n<meta name=\"twitter:card\" content=\"summary_large_image\" \/>\n<meta name=\"twitter:description\" content=\"Love me v\u00e4rske sidrunil\u00f5hnaline k\u00e4tekreem on eriline kingitus Valentinip\u00e4evaks. Saadaval sinu armsate jaoks piiratud koguses \u2013 jaga armastust! Bioaktiivsed koostisosad taastavad su naha h\u00fcdrolipiidkihi, niisutavad seda s\u00fcgavuti ja pakuvad kaitset keskkonnam\u00f5jude eest. Kreem muudab su k\u00e4ed siidpehmeks.\" \/>\n<meta name=\"twitter:image\" content=\"https:\/\/tilk.bio\/wp-content\/uploads\/2016\/01\/naturaln-hand-cream-love-me.jpg\" \/>\n<meta name=\"twitter:label1\" content=\"Est. reading time\" \/>\n\t<meta name=\"twitter:data1\" content=\"1 minut\" \/>\n<script type=\"application\/ld+json\" class=\"yoast-schema-graph\">{\"@context\":\"https:\\\/\\\/schema.org\",\"@graph\":[{\"@type\":\"WebPage\",\"@id\":\"https:\\\/\\\/tilk.bio\\\/pood\\\/love-me-hand-cream-5-pack-travel-size\\\/\",\"url\":\"https:\\\/\\\/tilk.bio\\\/pood\\\/love-me-hand-cream-5-pack-travel-size\\\/\",\"name\":\"Love Me niisutav k\u00e4tekreem: 5-pakk (reisitoode) - Tilk! Moisturizing hand cream\",\"isPartOf\":{\"@id\":\"https:\\\/\\\/tilk.bio\\\/et\\\/#website\"},\"primaryImageOfPage\":{\"@id\":\"https:\\\/\\\/tilk.bio\\\/pood\\\/love-me-hand-cream-5-pack-travel-size\\\/#primaryimage\"},\"image\":{\"@id\":\"https:\\\/\\\/tilk.bio\\\/pood\\\/love-me-hand-cream-5-pack-travel-size\\\/#primaryimage\"},\"thumbnailUrl\":\"https:\\\/\\\/tilk.bio\\\/wp-content\\\/uploads\\\/2018\\\/08\\\/5.jpg\",\"datePublished\":\"2017-12-06T17:46:22+00:00\",\"dateModified\":\"2026-02-08T08:15:05+00:00\",\"description\":\"Love me v\u00e4rske sidrunil\u00f5hnaline k\u00e4tekreem. Jaga armastust! Bioaktiivsed koostisosad taastavad su naha h\u00fcdrolipiidkihi, niisutavad seda s\u00fcgavuti ja pakuvad kaitset keskkonnam\u00f5jude eest. Kreem muudab su k\u00e4ed siidpehmeks.\",\"breadcrumb\":{\"@id\":\"https:\\\/\\\/tilk.bio\\\/pood\\\/love-me-hand-cream-5-pack-travel-size\\\/#breadcrumb\"},\"inLanguage\":\"et\",\"potentialAction\":[{\"@type\":\"ReadAction\",\"target\":[\"https:\\\/\\\/tilk.bio\\\/pood\\\/love-me-hand-cream-5-pack-travel-size\\\/\"]}]},{\"@type\":\"ImageObject\",\"inLanguage\":\"et\",\"@id\":\"https:\\\/\\\/tilk.bio\\\/pood\\\/love-me-hand-cream-5-pack-travel-size\\\/#primaryimage\",\"url\":\"https:\\\/\\\/tilk.bio\\\/wp-content\\\/uploads\\\/2018\\\/08\\\/5.jpg\",\"contentUrl\":\"https:\\\/\\\/tilk.bio\\\/wp-content\\\/uploads\\\/2018\\\/08\\\/5.jpg\",\"width\":1200,\"height\":1200},{\"@type\":\"BreadcrumbList\",\"@id\":\"https:\\\/\\\/tilk.bio\\\/pood\\\/love-me-hand-cream-5-pack-travel-size\\\/#breadcrumb\",\"itemListElement\":[{\"@type\":\"ListItem\",\"position\":1,\"name\":\"Home\",\"item\":\"https:\\\/\\\/tilk.bio\\\/et\\\/\"},{\"@type\":\"ListItem\",\"position\":2,\"name\":\"Pood\",\"item\":\"https:\\\/\\\/tilk.bio\\\/et\\\/pood\\\/\"},{\"@type\":\"ListItem\",\"position\":3,\"name\":\"Love Me niisutav k\u00e4tekreem: 5-pakk (reisitoode)\"}]},{\"@type\":\"WebSite\",\"@id\":\"https:\\\/\\\/tilk.bio\\\/et\\\/#website\",\"url\":\"https:\\\/\\\/tilk.bio\\\/et\\\/\",\"name\":\"Tilk!\",\"description\":\"Keskkonnas\u00f5bralik ja j\u00e4tkusuutlik looduskosmeetika Saaremaalt.\",\"potentialAction\":[{\"@type\":\"SearchAction\",\"target\":{\"@type\":\"EntryPoint\",\"urlTemplate\":\"https:\\\/\\\/tilk.bio\\\/et\\\/?s={search_term_string}\"},\"query-input\":{\"@type\":\"PropertyValueSpecification\",\"valueRequired\":true,\"valueName\":\"search_term_string\"}}],\"inLanguage\":\"et\"}]}<\/script>\n<!-- \/ Yoast SEO plugin. -->","yoast_head_json":{"title":"Love Me niisutav k\u00e4tekreem: 5-pakk (reisitoode) - Tilk! Moisturizing hand cream","description":"Love me v\u00e4rske sidrunil\u00f5hnaline k\u00e4tekreem. Jaga armastust! Bioaktiivsed koostisosad taastavad su naha h\u00fcdrolipiidkihi, niisutavad seda s\u00fcgavuti ja pakuvad kaitset keskkonnam\u00f5jude eest. Kreem muudab su k\u00e4ed siidpehmeks.","robots":{"index":"index","follow":"follow","max-snippet":"max-snippet:-1","max-image-preview":"max-image-preview:large","max-video-preview":"max-video-preview:-1"},"canonical":"https:\/\/tilk.bio\/pood\/love-me-hand-cream-5-pack-travel-size\/","og_locale":"et_EE","og_type":"article","og_title":"reisitoode Love Me katekreem 5-pakk","og_description":"Love me v\u00e4rske sidrunil\u00f5hnaline k\u00e4tekreem. Bioaktiivsed koostisosad taastavad su naha h\u00fcdrolipiidkihi, niisutavad seda s\u00fcgavuti ja pakuvad kaitset keskkonnam\u00f5jude eest. Kreem muudab su k\u00e4ed siidpehmeks.","og_url":"https:\/\/tilk.bio\/pood\/love-me-hand-cream-5-pack-travel-size\/","og_site_name":"Tilk!","article_publisher":"https:\/\/www.facebook.com\/tilk.bio\/","article_modified_time":"2026-02-08T08:15:05+00:00","og_image":[{"width":1200,"height":1200,"url":"https:\/\/tilk.bio\/wp-content\/uploads\/2017\/12\/DSC3014-e1512480197625.jpg","type":"image\/jpeg"}],"twitter_card":"summary_large_image","twitter_description":"Love me v\u00e4rske sidrunil\u00f5hnaline k\u00e4tekreem on eriline kingitus Valentinip\u00e4evaks. Saadaval sinu armsate jaoks piiratud koguses \u2013 jaga armastust! Bioaktiivsed koostisosad taastavad su naha h\u00fcdrolipiidkihi, niisutavad seda s\u00fcgavuti ja pakuvad kaitset keskkonnam\u00f5jude eest. Kreem muudab su k\u00e4ed siidpehmeks.","twitter_image":"https:\/\/tilk.bio\/wp-content\/uploads\/2016\/01\/naturaln-hand-cream-love-me.jpg","twitter_misc":{"Est. reading time":"1 minut"},"schema":{"@context":"https:\/\/schema.org","@graph":[{"@type":"WebPage","@id":"https:\/\/tilk.bio\/pood\/love-me-hand-cream-5-pack-travel-size\/","url":"https:\/\/tilk.bio\/pood\/love-me-hand-cream-5-pack-travel-size\/","name":"Love Me niisutav k\u00e4tekreem: 5-pakk (reisitoode) - Tilk! Moisturizing hand cream","isPartOf":{"@id":"https:\/\/tilk.bio\/et\/#website"},"primaryImageOfPage":{"@id":"https:\/\/tilk.bio\/pood\/love-me-hand-cream-5-pack-travel-size\/#primaryimage"},"image":{"@id":"https:\/\/tilk.bio\/pood\/love-me-hand-cream-5-pack-travel-size\/#primaryimage"},"thumbnailUrl":"https:\/\/tilk.bio\/wp-content\/uploads\/2018\/08\/5.jpg","datePublished":"2017-12-06T17:46:22+00:00","dateModified":"2026-02-08T08:15:05+00:00","description":"Love me v\u00e4rske sidrunil\u00f5hnaline k\u00e4tekreem. Jaga armastust! Bioaktiivsed koostisosad taastavad su naha h\u00fcdrolipiidkihi, niisutavad seda s\u00fcgavuti ja pakuvad kaitset keskkonnam\u00f5jude eest. Kreem muudab su k\u00e4ed siidpehmeks.","breadcrumb":{"@id":"https:\/\/tilk.bio\/pood\/love-me-hand-cream-5-pack-travel-size\/#breadcrumb"},"inLanguage":"et","potentialAction":[{"@type":"ReadAction","target":["https:\/\/tilk.bio\/pood\/love-me-hand-cream-5-pack-travel-size\/"]}]},{"@type":"ImageObject","inLanguage":"et","@id":"https:\/\/tilk.bio\/pood\/love-me-hand-cream-5-pack-travel-size\/#primaryimage","url":"https:\/\/tilk.bio\/wp-content\/uploads\/2018\/08\/5.jpg","contentUrl":"https:\/\/tilk.bio\/wp-content\/uploads\/2018\/08\/5.jpg","width":1200,"height":1200},{"@type":"BreadcrumbList","@id":"https:\/\/tilk.bio\/pood\/love-me-hand-cream-5-pack-travel-size\/#breadcrumb","itemListElement":[{"@type":"ListItem","position":1,"name":"Home","item":"https:\/\/tilk.bio\/et\/"},{"@type":"ListItem","position":2,"name":"Pood","item":"https:\/\/tilk.bio\/et\/pood\/"},{"@type":"ListItem","position":3,"name":"Love Me niisutav k\u00e4tekreem: 5-pakk (reisitoode)"}]},{"@type":"WebSite","@id":"https:\/\/tilk.bio\/et\/#website","url":"https:\/\/tilk.bio\/et\/","name":"Tilk!","description":"Keskkonnas\u00f5bralik ja j\u00e4tkusuutlik looduskosmeetika Saaremaalt.","potentialAction":[{"@type":"SearchAction","target":{"@type":"EntryPoint","urlTemplate":"https:\/\/tilk.bio\/et\/?s={search_term_string}"},"query-input":{"@type":"PropertyValueSpecification","valueRequired":true,"valueName":"search_term_string"}}],"inLanguage":"et"}]}},"_links":{"self":[{"href":"https:\/\/tilk.bio\/et\/wp-json\/wp\/v2\/product\/20385","targetHints":{"allow":["GET"]}}],"collection":[{"href":"https:\/\/tilk.bio\/et\/wp-json\/wp\/v2\/product"}],"about":[{"href":"https:\/\/tilk.bio\/et\/wp-json\/wp\/v2\/types\/product"}],"replies":[{"embeddable":true,"href":"https:\/\/tilk.bio\/et\/wp-json\/wp\/v2\/comments?post=20385"}],"wp:featuredmedia":[{"embeddable":true,"href":"https:\/\/tilk.bio\/et\/wp-json\/wp\/v2\/media\/67431"}],"wp:attachment":[{"href":"https:\/\/tilk.bio\/et\/wp-json\/wp\/v2\/media?parent=20385"}],"wp:term":[{"taxonomy":"product_brand","embeddable":true,"href":"https:\/\/tilk.bio\/et\/wp-json\/wp\/v2\/product_brand?post=20385"},{"taxonomy":"product_cat","embeddable":true,"href":"https:\/\/tilk.bio\/et\/wp-json\/wp\/v2\/product_cat?post=20385"},{"taxonomy":"product_tag","embeddable":true,"href":"https:\/\/tilk.bio\/et\/wp-json\/wp\/v2\/product_tag?post=20385"}],"curies":[{"name":"wp","href":"https:\/\/api.w.org\/{rel}","templated":true}]}}