{"id":20392,"date":"2010-11-01T18:18:10","date_gmt":"2010-11-01T16:18:10","guid":{"rendered":"https:\/\/tilk.bio\/?post_type=product&#038;p=20392\/"},"modified":"2026-02-04T13:36:02","modified_gmt":"2026-02-04T11:36:02","slug":"tilk-christmas-travel-kit","status":"publish","type":"product","link":"https:\/\/tilk.bio\/et\/pood\/tilk-christmas-travel-kit\/","title":{"rendered":"Komplekt p\u00e4eva- ja \u00f6\u00f6kreemiga"},"content":{"rendered":"","protected":false},"excerpt":{"rendered":"<p><span data-sheets-value=\"{&quot;1&quot;:2,&quot;2&quot;:&quot;Tilk! Travel kit komplekt on ideaalne reisikaaslane, sisaldades ku00e4epu00e4raseid ku00e4sipagasisse sobivaid tooteid. Travel kit komplekt on suurepu00e4rane vu00f5imalus proovida Tilk! erinevaid tooteid, et leida oma lemmikud!Komplekti kuulub sinu poolt vabalt valitud nu00e4okreem, u00f6u00f6kreem ja ku00e4tekreem. Ku00f5ik tooted on 10ml pakendites. Oma nu00e4okreemi valik palun mu00e4rgi kommentaaridesse. Juhul, kui kreemi eelistust ei ole mu00e4rgitud, sisaldab komplekt Regenerate me nu00e4okreemi.&quot;}\" data-sheets-userformat=\"{&quot;2&quot;:15105,&quot;3&quot;:[null,0],&quot;11&quot;:4,&quot;12&quot;:0,&quot;14&quot;:[null,2,0],&quot;15&quot;:&quot;Calibri&quot;,&quot;16&quot;:11}\">Komplekt p\u00e4eva- ja \u00f6\u00f6kreemiga kolmnurkses pakendis<\/span> on ideaalne kingitus armsale s\u00f5brale. Komplekt koosneb reisis\u00f5bralikest toodetest ning samas on see suurep\u00e4rane v\u00f5imalus proovida erinevaid tilk! tooteid, et leida oma lemmikud! Komplektist leiad m\u00f5nusad nahaniisutajad nii n\u00e4ole kui ka k\u00e4tele.<\/p>\n<div class=\"w-post-elm post_content\">\n<p>Iga inimese juures on midagi erilist, seega selles komplektis saab valida just oma erilisele inimesele sobiva n\u00e4okreemi. Komplekti kuuluvad sinu poolt vabalt valitud n\u00e4okreem (10 ml), \u00f6\u00f6kreem (10 ml) ja k\u00e4tekreem (10 ml).<\/p>\n<p><a href=\"https:\/\/tilk.bio\/et\/pood\/love-me-katekreem\/\"><b>Love Me (10 ml)<\/b><\/a> on ideaalne niisutav k\u00e4tekreem \u2013 see muudab k\u00e4ed siidiseks, pehmendab kuiva nahka ja sisaldab ohtralt vitamiine. Kuna lisaks meie n\u00e4ole peegeldavad meie vanust ka meie k\u00e4ed, aitab k\u00e4tekreemi kasutamine toniseerida k\u00e4te \u00f5rna nahka ning ennetada kortsude teket.<\/p>\n<p><a href=\"https:\/\/tilk.bio\/shop\/spoon-me-anti-aging-night-cream\/\"><b>Spoon Me vananemisvastane \u00f6\u00f6kreem avokaado\u00f5liga (10 ml)<\/b><\/a> toidab ja niisutab nahka. K\u00fcpse ja v\u00e4ga kuiva naha puhul sobib Spoon Me suurep\u00e4raselt ka p\u00e4evakreemiks. \u00d6\u00f6kreeme soovitame kasutada vanuses 35+ ning kui nahk on kuiv ja elutu. Spoon Me on rikkalik ja toitev kreem, mis annab nahale j\u00f5udu ja niisutust.<\/p>\n<p>Meie <a href=\"https:\/\/tilk.bio\/et\/tootekategooria\/naohooldus\/naokreem\/\"><b>mitmek\u00fclgsest n\u00e4okreemi valikust<\/b><\/a> leiad just nahat\u00fc\u00fcbile sobiva niisutaja, mis sobib k\u00f5ige paremini naha vajadustega. Erinevate nahat\u00fc\u00fcpide ja nende vajadustega saad tutvuda <a href=\"https:\/\/tilk.bio\/find-your-skin-type\/\"><b>nahat\u00fc\u00fcpide lehel<\/b>.<\/a><\/p>\n<p>Loe l\u00e4hemalt iga toote kohta, klikkides toote nimele.<\/p>\n<\/div>\n","protected":false},"featured_media":23676,"comment_status":"open","ping_status":"closed","template":"","meta":{"_acf_changed":false},"product_brand":[],"product_cat":[389,499,500,713],"product_tag":[215,218,212,219,216,220,213,217,214],"class_list":{"0":"post-20392","1":"product","2":"type-product","3":"status-publish","4":"has-post-thumbnail","6":"product_cat-koik-tooted","7":"product_cat-komplektid","8":"product_cat-reisitooted","9":"product_cat-tilk-herbal-et","10":"product_tag-seganahk","11":"product_tag-kreem","12":"product_tag-kuiv-nahk","13":"product_tag-nahahooldus","14":"product_tag-normaalne-nahk","15":"product_tag-pakk","16":"product_tag-rasune-nahk","17":"product_tag-naokreem","18":"product_tag-tundlik-nahk","20":"first","21":"instock","22":"taxable","23":"shipping-taxable","24":"purchasable","25":"product-type-variable"},"acf":[],"yoast_head":"<!-- This site is optimized with the Yoast SEO plugin v27.4 - https:\/\/yoast.com\/product\/yoast-seo-wordpress\/ -->\n<title>Komplekt p\u00e4eva- ja \u00f6\u00f6kreemiga - Tilk!<\/title>\n<meta name=\"description\" content=\"This Tilk! golden travel kit contains of great choice of fresh and natural face creams that make you feel gorgeous. It is an ideal option for those who would like to receive a selection of our creams at once! Among this set you will find a day cream (10ml) at your own choice, night cream Spoon Me (10ml) and a hand cream (10ml). Please specify your face cream choice in the comments.\" \/>\n<meta name=\"robots\" content=\"index, follow, max-snippet:-1, max-image-preview:large, max-video-preview:-1\" \/>\n<link rel=\"canonical\" href=\"https:\/\/tilk.bio\/et\/pood\/tilk-christmas-travel-kit\/\" \/>\n<meta property=\"og:locale\" content=\"et_EE\" \/>\n<meta property=\"og:type\" content=\"article\" \/>\n<meta property=\"og:title\" content=\"Komplekt p\u00e4eva- ja \u00f6\u00f6kreemiga - Tilk!\" \/>\n<meta property=\"og:description\" content=\"Special edition Tilk! Golden Travel Kit on meie s\u00fcnnip\u00e4evaks valminud eriline pakend, mis on ideaalne kingitus Sinule enda v\u00f5i s\u00f5brannale. See komplekt on ideaalne reisikaaslane, sisaldades k\u00e4ep\u00e4raseid k\u00e4sipagasisse sobivaid tooteid. Golden Travel Kit komplekt on suurep\u00e4rane v\u00f5imalus proovida Tilk! erinevaid tooteid, et leida oma lemmikud! Komplekti kuulub sinu poolt vabalt valitud n\u00e4okreem, \u00f6\u00f6kreem ja k\u00e4tekreem. K\u00f5ik tooted on 10ml pakendites.\u00a0\" \/>\n<meta property=\"og:url\" content=\"https:\/\/tilk.bio\/et\/pood\/tilk-christmas-travel-kit\/\" \/>\n<meta property=\"og:site_name\" content=\"Tilk!\" \/>\n<meta property=\"article:publisher\" content=\"https:\/\/www.facebook.com\/tilk.bio\/\" \/>\n<meta property=\"article:modified_time\" content=\"2026-02-04T11:36:02+00:00\" \/>\n<meta property=\"og:image\" content=\"https:\/\/tilk.bio\/wp-content\/uploads\/2010\/11\/Untitled-design-72.jpg\" \/>\n\t<meta property=\"og:image:width\" content=\"1200\" \/>\n\t<meta property=\"og:image:height\" content=\"1200\" \/>\n\t<meta property=\"og:image:type\" content=\"image\/jpeg\" \/>\n<meta name=\"twitter:card\" content=\"summary_large_image\" \/>\n<script type=\"application\/ld+json\" class=\"yoast-schema-graph\">{\"@context\":\"https:\\\/\\\/schema.org\",\"@graph\":[{\"@type\":\"WebPage\",\"@id\":\"https:\\\/\\\/tilk.bio\\\/et\\\/pood\\\/tilk-christmas-travel-kit\\\/\",\"url\":\"https:\\\/\\\/tilk.bio\\\/et\\\/pood\\\/tilk-christmas-travel-kit\\\/\",\"name\":\"Komplekt p\u00e4eva- ja \u00f6\u00f6kreemiga - Tilk!\",\"isPartOf\":{\"@id\":\"https:\\\/\\\/tilk.bio\\\/et\\\/#website\"},\"primaryImageOfPage\":{\"@id\":\"https:\\\/\\\/tilk.bio\\\/et\\\/pood\\\/tilk-christmas-travel-kit\\\/#primaryimage\"},\"image\":{\"@id\":\"https:\\\/\\\/tilk.bio\\\/et\\\/pood\\\/tilk-christmas-travel-kit\\\/#primaryimage\"},\"thumbnailUrl\":\"https:\\\/\\\/tilk.bio\\\/wp-content\\\/uploads\\\/2018\\\/07\\\/travelkit2.png\",\"datePublished\":\"2010-11-01T16:18:10+00:00\",\"dateModified\":\"2026-02-04T11:36:02+00:00\",\"description\":\"This Tilk! golden travel kit contains of great choice of fresh and natural face creams that make you feel gorgeous. It is an ideal option for those who would like to receive a selection of our creams at once! Among this set you will find a day cream (10ml) at your own choice, night cream Spoon Me (10ml) and a hand cream (10ml). Please specify your face cream choice in the comments.\",\"breadcrumb\":{\"@id\":\"https:\\\/\\\/tilk.bio\\\/et\\\/pood\\\/tilk-christmas-travel-kit\\\/#breadcrumb\"},\"inLanguage\":\"et\",\"potentialAction\":[{\"@type\":\"ReadAction\",\"target\":[\"https:\\\/\\\/tilk.bio\\\/et\\\/pood\\\/tilk-christmas-travel-kit\\\/\"]}]},{\"@type\":\"ImageObject\",\"inLanguage\":\"et\",\"@id\":\"https:\\\/\\\/tilk.bio\\\/et\\\/pood\\\/tilk-christmas-travel-kit\\\/#primaryimage\",\"url\":\"https:\\\/\\\/tilk.bio\\\/wp-content\\\/uploads\\\/2018\\\/07\\\/travelkit2.png\",\"contentUrl\":\"https:\\\/\\\/tilk.bio\\\/wp-content\\\/uploads\\\/2018\\\/07\\\/travelkit2.png\",\"width\":920,\"height\":1100,\"caption\":\"nahahoolduse reisikomplekt\"},{\"@type\":\"BreadcrumbList\",\"@id\":\"https:\\\/\\\/tilk.bio\\\/et\\\/pood\\\/tilk-christmas-travel-kit\\\/#breadcrumb\",\"itemListElement\":[{\"@type\":\"ListItem\",\"position\":1,\"name\":\"Home\",\"item\":\"https:\\\/\\\/tilk.bio\\\/et\\\/\"},{\"@type\":\"ListItem\",\"position\":2,\"name\":\"Pood\",\"item\":\"https:\\\/\\\/tilk.bio\\\/et\\\/pood\\\/\"},{\"@type\":\"ListItem\",\"position\":3,\"name\":\"Komplekt p\u00e4eva- ja \u00f6\u00f6kreemiga\"}]},{\"@type\":\"WebSite\",\"@id\":\"https:\\\/\\\/tilk.bio\\\/et\\\/#website\",\"url\":\"https:\\\/\\\/tilk.bio\\\/et\\\/\",\"name\":\"Tilk!\",\"description\":\"Keskkonnas\u00f5bralik ja j\u00e4tkusuutlik looduskosmeetika Saaremaalt.\",\"potentialAction\":[{\"@type\":\"SearchAction\",\"target\":{\"@type\":\"EntryPoint\",\"urlTemplate\":\"https:\\\/\\\/tilk.bio\\\/et\\\/?s={search_term_string}\"},\"query-input\":{\"@type\":\"PropertyValueSpecification\",\"valueRequired\":true,\"valueName\":\"search_term_string\"}}],\"inLanguage\":\"et\"}]}<\/script>\n<!-- \/ Yoast SEO plugin. -->","yoast_head_json":{"title":"Komplekt p\u00e4eva- ja \u00f6\u00f6kreemiga - Tilk!","description":"This Tilk! golden travel kit contains of great choice of fresh and natural face creams that make you feel gorgeous. It is an ideal option for those who would like to receive a selection of our creams at once! Among this set you will find a day cream (10ml) at your own choice, night cream Spoon Me (10ml) and a hand cream (10ml). Please specify your face cream choice in the comments.","robots":{"index":"index","follow":"follow","max-snippet":"max-snippet:-1","max-image-preview":"max-image-preview:large","max-video-preview":"max-video-preview:-1"},"canonical":"https:\/\/tilk.bio\/et\/pood\/tilk-christmas-travel-kit\/","og_locale":"et_EE","og_type":"article","og_title":"Komplekt p\u00e4eva- ja \u00f6\u00f6kreemiga - Tilk!","og_description":"Special edition Tilk! Golden Travel Kit on meie s\u00fcnnip\u00e4evaks valminud eriline pakend, mis on ideaalne kingitus Sinule enda v\u00f5i s\u00f5brannale. See komplekt on ideaalne reisikaaslane, sisaldades k\u00e4ep\u00e4raseid k\u00e4sipagasisse sobivaid tooteid. Golden Travel Kit komplekt on suurep\u00e4rane v\u00f5imalus proovida Tilk! erinevaid tooteid, et leida oma lemmikud! Komplekti kuulub sinu poolt vabalt valitud n\u00e4okreem, \u00f6\u00f6kreem ja k\u00e4tekreem. K\u00f5ik tooted on 10ml pakendites.\u00a0","og_url":"https:\/\/tilk.bio\/et\/pood\/tilk-christmas-travel-kit\/","og_site_name":"Tilk!","article_publisher":"https:\/\/www.facebook.com\/tilk.bio\/","article_modified_time":"2026-02-04T11:36:02+00:00","og_image":[{"width":1200,"height":1200,"url":"https:\/\/tilk.bio\/wp-content\/uploads\/2010\/11\/Untitled-design-72.jpg","type":"image\/jpeg"}],"twitter_card":"summary_large_image","schema":{"@context":"https:\/\/schema.org","@graph":[{"@type":"WebPage","@id":"https:\/\/tilk.bio\/et\/pood\/tilk-christmas-travel-kit\/","url":"https:\/\/tilk.bio\/et\/pood\/tilk-christmas-travel-kit\/","name":"Komplekt p\u00e4eva- ja \u00f6\u00f6kreemiga - Tilk!","isPartOf":{"@id":"https:\/\/tilk.bio\/et\/#website"},"primaryImageOfPage":{"@id":"https:\/\/tilk.bio\/et\/pood\/tilk-christmas-travel-kit\/#primaryimage"},"image":{"@id":"https:\/\/tilk.bio\/et\/pood\/tilk-christmas-travel-kit\/#primaryimage"},"thumbnailUrl":"https:\/\/tilk.bio\/wp-content\/uploads\/2018\/07\/travelkit2.png","datePublished":"2010-11-01T16:18:10+00:00","dateModified":"2026-02-04T11:36:02+00:00","description":"This Tilk! golden travel kit contains of great choice of fresh and natural face creams that make you feel gorgeous. It is an ideal option for those who would like to receive a selection of our creams at once! Among this set you will find a day cream (10ml) at your own choice, night cream Spoon Me (10ml) and a hand cream (10ml). Please specify your face cream choice in the comments.","breadcrumb":{"@id":"https:\/\/tilk.bio\/et\/pood\/tilk-christmas-travel-kit\/#breadcrumb"},"inLanguage":"et","potentialAction":[{"@type":"ReadAction","target":["https:\/\/tilk.bio\/et\/pood\/tilk-christmas-travel-kit\/"]}]},{"@type":"ImageObject","inLanguage":"et","@id":"https:\/\/tilk.bio\/et\/pood\/tilk-christmas-travel-kit\/#primaryimage","url":"https:\/\/tilk.bio\/wp-content\/uploads\/2018\/07\/travelkit2.png","contentUrl":"https:\/\/tilk.bio\/wp-content\/uploads\/2018\/07\/travelkit2.png","width":920,"height":1100,"caption":"nahahoolduse reisikomplekt"},{"@type":"BreadcrumbList","@id":"https:\/\/tilk.bio\/et\/pood\/tilk-christmas-travel-kit\/#breadcrumb","itemListElement":[{"@type":"ListItem","position":1,"name":"Home","item":"https:\/\/tilk.bio\/et\/"},{"@type":"ListItem","position":2,"name":"Pood","item":"https:\/\/tilk.bio\/et\/pood\/"},{"@type":"ListItem","position":3,"name":"Komplekt p\u00e4eva- ja \u00f6\u00f6kreemiga"}]},{"@type":"WebSite","@id":"https:\/\/tilk.bio\/et\/#website","url":"https:\/\/tilk.bio\/et\/","name":"Tilk!","description":"Keskkonnas\u00f5bralik ja j\u00e4tkusuutlik looduskosmeetika Saaremaalt.","potentialAction":[{"@type":"SearchAction","target":{"@type":"EntryPoint","urlTemplate":"https:\/\/tilk.bio\/et\/?s={search_term_string}"},"query-input":{"@type":"PropertyValueSpecification","valueRequired":true,"valueName":"search_term_string"}}],"inLanguage":"et"}]}},"_links":{"self":[{"href":"https:\/\/tilk.bio\/et\/wp-json\/wp\/v2\/product\/20392","targetHints":{"allow":["GET"]}}],"collection":[{"href":"https:\/\/tilk.bio\/et\/wp-json\/wp\/v2\/product"}],"about":[{"href":"https:\/\/tilk.bio\/et\/wp-json\/wp\/v2\/types\/product"}],"replies":[{"embeddable":true,"href":"https:\/\/tilk.bio\/et\/wp-json\/wp\/v2\/comments?post=20392"}],"wp:featuredmedia":[{"embeddable":true,"href":"https:\/\/tilk.bio\/et\/wp-json\/wp\/v2\/media\/23676"}],"wp:attachment":[{"href":"https:\/\/tilk.bio\/et\/wp-json\/wp\/v2\/media?parent=20392"}],"wp:term":[{"taxonomy":"product_brand","embeddable":true,"href":"https:\/\/tilk.bio\/et\/wp-json\/wp\/v2\/product_brand?post=20392"},{"taxonomy":"product_cat","embeddable":true,"href":"https:\/\/tilk.bio\/et\/wp-json\/wp\/v2\/product_cat?post=20392"},{"taxonomy":"product_tag","embeddable":true,"href":"https:\/\/tilk.bio\/et\/wp-json\/wp\/v2\/product_tag?post=20392"}],"curies":[{"name":"wp","href":"https:\/\/api.w.org\/{rel}","templated":true}]}}