{"id":20535,"date":"2011-12-14T22:32:29","date_gmt":"2011-12-14T20:32:29","guid":{"rendered":"https:\/\/tilk.bio\/?post_type=product&#038;p=20535\/"},"modified":"2026-03-04T11:56:11","modified_gmt":"2026-03-04T09:56:11","slug":"tilk-kinkekaart","status":"publish","type":"product","link":"https:\/\/tilk.bio\/et\/pood\/tilk-kinkekaart\/","title":{"rendered":"Tilk! kinkekaart"},"content":{"rendered":"<p class=\"p1\"><span class=\"s1\">Tegime kingituse valimise veelgi lihtsamaks! Osta kinkekaart ja Sa ei pea enda pead rohkem vaevama, sest kingisaaja valib omale sobiva kreemi ise. See kinkekaart p\u00e4\u00e4stab ka viimasel hetkel shoppajad ja sobib ideaalselt kallimale, s\u00f5brannale, emale.<\/span><\/p>\n<p class=\"p1\"><span class=\"s1\"><strong>Kinkekaardi saadame Sulle e-mailile, kust saad selle vajadusel mugavalt v\u00e4lja printida.\u00a0<\/strong><\/span><\/p>\n<p>Kinkekaart saadetakse e-maili peale \u00fche t\u00f6\u00f6p\u00e4eva jooksul.<\/p>\n","protected":false},"excerpt":{"rendered":"<p class=\"p1\"><span class=\"s1\">Tegime kingituse valimise veelgi lihtsamaks! Osta kinkekaart ja Sa ei pea enda pead rohkem vaevama, sest kingisaaja valib omale sobiva kreemi ise. See kinkekaart p\u00e4\u00e4stab ka viimasel hetkel shoppajad ja sobib ideaalselt kallimale, s\u00f5brannale, emale. <\/span><\/p>\n<p class=\"p1\"><span class=\"s1\"><strong>Kinkekaardi saadame Sulle e-mailile, kust saad selle vajadusel mugavalt v\u00e4lja printida.\u00a0<\/strong><\/span><\/p>\n<p>Kinkekaart saadetakse e-maili peale \u00fche t\u00f6\u00f6p\u00e4eva jooksul.<\/p>\n","protected":false},"featured_media":44423,"comment_status":"closed","ping_status":"closed","template":"","meta":{"_acf_changed":false},"product_brand":[],"product_cat":[371,389,713],"product_tag":[],"class_list":{"0":"post-20535","1":"product","2":"type-product","3":"status-publish","4":"has-post-thumbnail","6":"product_cat-kinkekaart","7":"product_cat-koik-tooted","8":"product_cat-tilk-herbal-et","10":"first","11":"instock","12":"taxable","13":"shipping-taxable","14":"purchasable","15":"product-type-variable","16":"has-default-attributes"},"acf":[],"yoast_head":"<!-- This site is optimized with the Yoast SEO plugin v27.3 - https:\/\/yoast.com\/product\/yoast-seo-wordpress\/ -->\n<title>Tilk! kinkekaart - Tilk!<\/title>\n<meta name=\"description\" content=\"Tilk! kinkekaart on ideaalne kingitus nii j\u00f5uluks, s\u00fcnnip\u00e4evaks kui ka t\u00e4htp\u00e4evaks. Kinekaart annab v\u00f5imaluse endale ise lemmikkreem valida.\" \/>\n<meta name=\"robots\" content=\"index, follow, max-snippet:-1, max-image-preview:large, max-video-preview:-1\" \/>\n<link rel=\"canonical\" href=\"https:\/\/tilk.bio\/pood\/gift-card-someone-special\/\" \/>\n<meta property=\"og:locale\" content=\"et_EE\" \/>\n<meta property=\"og:type\" content=\"article\" \/>\n<meta property=\"og:title\" content=\"Tilk! kinkekaart\" \/>\n<meta property=\"og:description\" content=\"Kingi oma kallile s\u00f5brannale, emale, naisele v\u00f5i mehele Tilk! nahamaiuseid!\" \/>\n<meta property=\"og:url\" content=\"https:\/\/tilk.bio\/pood\/gift-card-someone-special\/\" \/>\n<meta property=\"og:site_name\" content=\"Tilk!\" \/>\n<meta property=\"article:publisher\" content=\"https:\/\/www.facebook.com\/tilk.bio\/\" \/>\n<meta property=\"article:modified_time\" content=\"2026-03-04T09:56:11+00:00\" \/>\n<meta property=\"og:image\" content=\"https:\/\/tilk.bio\/wp-content\/uploads\/2017\/12\/Tilk_kinkekaart-1-1.jpg\" \/>\n\t<meta property=\"og:image:width\" content=\"1406\" \/>\n\t<meta property=\"og:image:height\" content=\"768\" \/>\n\t<meta property=\"og:image:type\" content=\"image\/jpeg\" \/>\n<meta name=\"twitter:card\" content=\"summary_large_image\" \/>\n<meta name=\"twitter:label1\" content=\"Est. reading time\" \/>\n\t<meta name=\"twitter:data1\" content=\"1 minut\" \/>\n<script type=\"application\/ld+json\" class=\"yoast-schema-graph\">{\"@context\":\"https:\\\/\\\/schema.org\",\"@graph\":[{\"@type\":\"WebPage\",\"@id\":\"https:\\\/\\\/tilk.bio\\\/pood\\\/gift-card-someone-special\\\/\",\"url\":\"https:\\\/\\\/tilk.bio\\\/pood\\\/gift-card-someone-special\\\/\",\"name\":\"Tilk! kinkekaart - Tilk!\",\"isPartOf\":{\"@id\":\"https:\\\/\\\/tilk.bio\\\/et\\\/#website\"},\"primaryImageOfPage\":{\"@id\":\"https:\\\/\\\/tilk.bio\\\/pood\\\/gift-card-someone-special\\\/#primaryimage\"},\"image\":{\"@id\":\"https:\\\/\\\/tilk.bio\\\/pood\\\/gift-card-someone-special\\\/#primaryimage\"},\"thumbnailUrl\":\"https:\\\/\\\/tilk.bio\\\/wp-content\\\/uploads\\\/2017\\\/12\\\/Tilk_kinkekaart-1.jpg\",\"datePublished\":\"2011-12-14T20:32:29+00:00\",\"dateModified\":\"2026-03-04T09:56:11+00:00\",\"description\":\"Tilk! kinkekaart on ideaalne kingitus nii j\u00f5uluks, s\u00fcnnip\u00e4evaks kui ka t\u00e4htp\u00e4evaks. Kinekaart annab v\u00f5imaluse endale ise lemmikkreem valida.\",\"breadcrumb\":{\"@id\":\"https:\\\/\\\/tilk.bio\\\/pood\\\/gift-card-someone-special\\\/#breadcrumb\"},\"inLanguage\":\"et\",\"potentialAction\":[{\"@type\":\"ReadAction\",\"target\":[\"https:\\\/\\\/tilk.bio\\\/pood\\\/gift-card-someone-special\\\/\"]}]},{\"@type\":\"ImageObject\",\"inLanguage\":\"et\",\"@id\":\"https:\\\/\\\/tilk.bio\\\/pood\\\/gift-card-someone-special\\\/#primaryimage\",\"url\":\"https:\\\/\\\/tilk.bio\\\/wp-content\\\/uploads\\\/2017\\\/12\\\/Tilk_kinkekaart-1.jpg\",\"contentUrl\":\"https:\\\/\\\/tilk.bio\\\/wp-content\\\/uploads\\\/2017\\\/12\\\/Tilk_kinkekaart-1.jpg\",\"width\":1753,\"height\":1240,\"caption\":\"kinkekaart\"},{\"@type\":\"BreadcrumbList\",\"@id\":\"https:\\\/\\\/tilk.bio\\\/pood\\\/gift-card-someone-special\\\/#breadcrumb\",\"itemListElement\":[{\"@type\":\"ListItem\",\"position\":1,\"name\":\"Home\",\"item\":\"https:\\\/\\\/tilk.bio\\\/et\\\/\"},{\"@type\":\"ListItem\",\"position\":2,\"name\":\"Pood\",\"item\":\"https:\\\/\\\/tilk.bio\\\/et\\\/pood\\\/\"},{\"@type\":\"ListItem\",\"position\":3,\"name\":\"Tilk! kinkekaart\"}]},{\"@type\":\"WebSite\",\"@id\":\"https:\\\/\\\/tilk.bio\\\/et\\\/#website\",\"url\":\"https:\\\/\\\/tilk.bio\\\/et\\\/\",\"name\":\"Tilk!\",\"description\":\"Keskkonnas\u00f5bralik ja j\u00e4tkusuutlik looduskosmeetika Saaremaalt.\",\"potentialAction\":[{\"@type\":\"SearchAction\",\"target\":{\"@type\":\"EntryPoint\",\"urlTemplate\":\"https:\\\/\\\/tilk.bio\\\/et\\\/?s={search_term_string}\"},\"query-input\":{\"@type\":\"PropertyValueSpecification\",\"valueRequired\":true,\"valueName\":\"search_term_string\"}}],\"inLanguage\":\"et\"}]}<\/script>\n<!-- \/ Yoast SEO plugin. -->","yoast_head_json":{"title":"Tilk! kinkekaart - Tilk!","description":"Tilk! kinkekaart on ideaalne kingitus nii j\u00f5uluks, s\u00fcnnip\u00e4evaks kui ka t\u00e4htp\u00e4evaks. Kinekaart annab v\u00f5imaluse endale ise lemmikkreem valida.","robots":{"index":"index","follow":"follow","max-snippet":"max-snippet:-1","max-image-preview":"max-image-preview:large","max-video-preview":"max-video-preview:-1"},"canonical":"https:\/\/tilk.bio\/pood\/gift-card-someone-special\/","og_locale":"et_EE","og_type":"article","og_title":"Tilk! kinkekaart","og_description":"Kingi oma kallile s\u00f5brannale, emale, naisele v\u00f5i mehele Tilk! nahamaiuseid!","og_url":"https:\/\/tilk.bio\/pood\/gift-card-someone-special\/","og_site_name":"Tilk!","article_publisher":"https:\/\/www.facebook.com\/tilk.bio\/","article_modified_time":"2026-03-04T09:56:11+00:00","og_image":[{"width":1406,"height":768,"url":"https:\/\/tilk.bio\/wp-content\/uploads\/2017\/12\/Tilk_kinkekaart-1-1.jpg","type":"image\/jpeg"}],"twitter_card":"summary_large_image","twitter_misc":{"Est. reading time":"1 minut"},"schema":{"@context":"https:\/\/schema.org","@graph":[{"@type":"WebPage","@id":"https:\/\/tilk.bio\/pood\/gift-card-someone-special\/","url":"https:\/\/tilk.bio\/pood\/gift-card-someone-special\/","name":"Tilk! kinkekaart - Tilk!","isPartOf":{"@id":"https:\/\/tilk.bio\/et\/#website"},"primaryImageOfPage":{"@id":"https:\/\/tilk.bio\/pood\/gift-card-someone-special\/#primaryimage"},"image":{"@id":"https:\/\/tilk.bio\/pood\/gift-card-someone-special\/#primaryimage"},"thumbnailUrl":"https:\/\/tilk.bio\/wp-content\/uploads\/2017\/12\/Tilk_kinkekaart-1.jpg","datePublished":"2011-12-14T20:32:29+00:00","dateModified":"2026-03-04T09:56:11+00:00","description":"Tilk! kinkekaart on ideaalne kingitus nii j\u00f5uluks, s\u00fcnnip\u00e4evaks kui ka t\u00e4htp\u00e4evaks. Kinekaart annab v\u00f5imaluse endale ise lemmikkreem valida.","breadcrumb":{"@id":"https:\/\/tilk.bio\/pood\/gift-card-someone-special\/#breadcrumb"},"inLanguage":"et","potentialAction":[{"@type":"ReadAction","target":["https:\/\/tilk.bio\/pood\/gift-card-someone-special\/"]}]},{"@type":"ImageObject","inLanguage":"et","@id":"https:\/\/tilk.bio\/pood\/gift-card-someone-special\/#primaryimage","url":"https:\/\/tilk.bio\/wp-content\/uploads\/2017\/12\/Tilk_kinkekaart-1.jpg","contentUrl":"https:\/\/tilk.bio\/wp-content\/uploads\/2017\/12\/Tilk_kinkekaart-1.jpg","width":1753,"height":1240,"caption":"kinkekaart"},{"@type":"BreadcrumbList","@id":"https:\/\/tilk.bio\/pood\/gift-card-someone-special\/#breadcrumb","itemListElement":[{"@type":"ListItem","position":1,"name":"Home","item":"https:\/\/tilk.bio\/et\/"},{"@type":"ListItem","position":2,"name":"Pood","item":"https:\/\/tilk.bio\/et\/pood\/"},{"@type":"ListItem","position":3,"name":"Tilk! kinkekaart"}]},{"@type":"WebSite","@id":"https:\/\/tilk.bio\/et\/#website","url":"https:\/\/tilk.bio\/et\/","name":"Tilk!","description":"Keskkonnas\u00f5bralik ja j\u00e4tkusuutlik looduskosmeetika Saaremaalt.","potentialAction":[{"@type":"SearchAction","target":{"@type":"EntryPoint","urlTemplate":"https:\/\/tilk.bio\/et\/?s={search_term_string}"},"query-input":{"@type":"PropertyValueSpecification","valueRequired":true,"valueName":"search_term_string"}}],"inLanguage":"et"}]}},"_links":{"self":[{"href":"https:\/\/tilk.bio\/et\/wp-json\/wp\/v2\/product\/20535","targetHints":{"allow":["GET"]}}],"collection":[{"href":"https:\/\/tilk.bio\/et\/wp-json\/wp\/v2\/product"}],"about":[{"href":"https:\/\/tilk.bio\/et\/wp-json\/wp\/v2\/types\/product"}],"replies":[{"embeddable":true,"href":"https:\/\/tilk.bio\/et\/wp-json\/wp\/v2\/comments?post=20535"}],"wp:featuredmedia":[{"embeddable":true,"href":"https:\/\/tilk.bio\/et\/wp-json\/wp\/v2\/media\/44423"}],"wp:attachment":[{"href":"https:\/\/tilk.bio\/et\/wp-json\/wp\/v2\/media?parent=20535"}],"wp:term":[{"taxonomy":"product_brand","embeddable":true,"href":"https:\/\/tilk.bio\/et\/wp-json\/wp\/v2\/product_brand?post=20535"},{"taxonomy":"product_cat","embeddable":true,"href":"https:\/\/tilk.bio\/et\/wp-json\/wp\/v2\/product_cat?post=20535"},{"taxonomy":"product_tag","embeddable":true,"href":"https:\/\/tilk.bio\/et\/wp-json\/wp\/v2\/product_tag?post=20535"}],"curies":[{"name":"wp","href":"https:\/\/api.w.org\/{rel}","templated":true}]}}