{"id":21477,"date":"2018-04-25T08:52:04","date_gmt":"2018-04-25T05:52:04","guid":{"rendered":"https:\/\/tilk.bio\/?post_type=product&#038;p=21477"},"modified":"2026-04-20T16:30:08","modified_gmt":"2026-04-20T13:30:08","slug":"tinted-me-tooniv-naokreem","status":"publish","type":"product","link":"https:\/\/tilk.bio\/et\/pood\/tinted-me-tooniv-naokreem\/","title":{"rendered":"Tinted Me tooniv BB kreem nurmenuku ja mandli\u00f5liga"},"content":{"rendered":"<p>AUHINNATUD BB KREEM<\/p>\n<p><span style=\"font-weight: 400;\">Tinted Me BB kreem on v\u00e4rske tooniv <a href=\"https:\/\/tilk.bio\/et\/tootekategooria\/naohooldus\/naokreem\/\">n\u00e4okreem<\/a>, mis niisutab nahka ja annab \u00fchtlase jume. Kreem on m\u00f5eldud normaalsele ja kombineeritud nahale, heledale ja keskmisele nahatoonile. Kuiva naha puhul soovitame kasutada koos niisutava kreemiga. Kreem on kerge ja ei ummista poore. See \u00fchtlustab nahatooni ja m\u00f5jub nahal kergelt.<\/span><\/p>\n<p><span style=\"font-weight: 400;\">Kreemis sisalduvad porgandi- ja mandli\u00f5li toidavad ja pehmendavad nahka ning kaitsevad v\u00e4listegurite eest nagu kuum v\u00f5i k\u00fclm temperatuur, \u00f5husaaste ja UV-kiirgus. Lisaks sisaldab kibuvitsaseemne\u00f5li rikkalikult A-vitamiini ja antioks\u00fcdante, mis toetavad naha uuenemist ja parandavad jumet. Porgandi\u00f5li on suurep\u00e4rane niisutaja, sisaldab rohkelt beetakaroteeni, A-, B-, C-, D-, E- ja F-vitamiine ning muudab jume kauniks ja s\u00e4ravaks. T\u00e4nu naturaalsete mineraalpulbrite sisaldusele on kreemil ka kerge looduslik p\u00e4ikesekaitsefaktor. Kookos- ja sheav\u00f5i toetavad niiskustasakaalu ilma samas poore ummistamata. Sheav\u00f5i v\u00e4hendab ka kortse, uuendab naharakke ning muudab naha elastseks. N\u00e4okreemi l\u00f5hnas segunevad lavendel ja nurmenukk.<\/span><\/p>\n<p><b>Kasutamine:<\/b><span style=\"font-weight: 400;\"> Kanna kreem nahale peale selle puhastamist. Kuivema naha puhul soovitame naha pesemise j\u00e4rel nahka niisutada tavap\u00e4rase n\u00e4okreemiga ning peale selle imendumist saate nahatooni \u00fchtlustamiseks kanda peale Tinted Me toonivat kreemi.<\/span><\/p>\n<p><span style=\"font-weight: 400;\">K\u00f5ik kreemi koostisosad on looduslikku p\u00e4ritolu ning vegan. Kreemi loomisel on kasutatud Saaremaalt k\u00e4sitsi korjatud taimede \u00f5lisid.<\/span><\/p>\n<p><span style=\"font-weight: 400;\">Hoiustamine: Hoiusta n\u00e4okreemi toatemperatuuril.<\/span><\/p>\n<p><span style=\"font-weight: 400;\">Kogus: 10ml\/50ml<\/span><\/p>\n","protected":false},"excerpt":{"rendered":"<p>AUHINNATUD BB KREEM Tinted Me BB kreem on v\u00e4rske tooniv n\u00e4okreem, mis niisutab nahka ja annab \u00fchtlase jume. Kreem on m\u00f5eldud normaalsele ja kombineeritud nahale, heledale ja keskmisele nahatoonile. Kuiva naha puhul soovitame kasutada koos niisutava kreemiga. Kreem on kerge ja ei ummista poore. See \u00fchtlustab nahatooni ja m\u00f5jub nahal kergelt. Kreemis sisalduvad porgandi- ja&#8230;<\/p>\n","protected":false},"featured_media":67443,"comment_status":"open","ping_status":"closed","template":"","meta":{"_acf_changed":false},"product_brand":[],"product_cat":[585,687,494,389,678,511,692,912,533,691,713],"product_tag":[215,216],"class_list":{"0":"post-21477","1":"product","2":"type-product","3":"status-publish","4":"has-post-thumbnail","6":"product_cat-naokreem","7":"product_cat-akne-ja-rasune-nahk","8":"product_cat-klientide-lemmikud","9":"product_cat-koik-tooted","10":"product_cat-makeup-et","11":"product_cat-naohooldus","12":"product_cat-normaalne-ja-kombineeritud-nahk","13":"product_cat-sheavoi","14":"product_cat-spaatli-voimalus","15":"product_cat-tekstuuri-ja-tooniprobleemidega-nahk","16":"product_cat-tilk-herbal-et","17":"product_tag-seganahk","18":"product_tag-normaalne-nahk","20":"first","21":"instock","22":"taxable","23":"shipping-taxable","24":"purchasable","25":"product-type-variable"},"acf":[],"yoast_head":"<!-- This site is optimized with the Yoast SEO plugin v27.4 - https:\/\/yoast.com\/product\/yoast-seo-wordpress\/ -->\n<title>BB kreem nurmenuku ja mandli\u00f5liga<\/title>\n<meta name=\"description\" content=\"Tinted Me BB kreem on v\u00e4rske tooniv n\u00e4okreem, mis niisutab nahka ja annab \u00fchtlase jume. Kreem on m\u00f5eldud normaalsele ja kombineeritud nahale.\" \/>\n<meta name=\"robots\" content=\"index, follow, max-snippet:-1, max-image-preview:large, max-video-preview:-1\" \/>\n<link rel=\"canonical\" href=\"https:\/\/tilk.bio\/et\/pood\/tinted-me-tooniv-naokreem\/\" \/>\n<meta property=\"og:locale\" content=\"et_EE\" \/>\n<meta property=\"og:type\" content=\"article\" \/>\n<meta property=\"og:title\" content=\"BB kreem nurmenuku ja mandli\u00f5liga\" \/>\n<meta property=\"og:description\" content=\"Tinted Me BB kreem on v\u00e4rske tooniv n\u00e4okreem, mis niisutab nahka ja annab \u00fchtlase jume. Kreem on m\u00f5eldud normaalsele ja kombineeritud nahale.\" \/>\n<meta property=\"og:url\" content=\"https:\/\/tilk.bio\/et\/pood\/tinted-me-tooniv-naokreem\/\" \/>\n<meta property=\"og:site_name\" content=\"Tilk!\" \/>\n<meta property=\"article:publisher\" content=\"https:\/\/www.facebook.com\/tilk.bio\/\" \/>\n<meta property=\"article:modified_time\" content=\"2026-04-20T13:30:08+00:00\" \/>\n<meta property=\"og:image\" content=\"https:\/\/tilk.bio\/wp-content\/uploads\/2018\/08\/IMG_7017.png\" \/>\n\t<meta property=\"og:image:width\" content=\"900\" \/>\n\t<meta property=\"og:image:height\" content=\"900\" \/>\n\t<meta property=\"og:image:type\" content=\"image\/png\" \/>\n<meta name=\"twitter:card\" content=\"summary_large_image\" \/>\n<meta name=\"twitter:label1\" content=\"Est. reading time\" \/>\n\t<meta name=\"twitter:data1\" content=\"2 minutit\" \/>\n<script type=\"application\/ld+json\" class=\"yoast-schema-graph\">{\"@context\":\"https:\\\/\\\/schema.org\",\"@graph\":[{\"@type\":\"WebPage\",\"@id\":\"https:\\\/\\\/tilk.bio\\\/et\\\/pood\\\/tinted-me-tooniv-naokreem\\\/\",\"url\":\"https:\\\/\\\/tilk.bio\\\/et\\\/pood\\\/tinted-me-tooniv-naokreem\\\/\",\"name\":\"BB kreem nurmenuku ja mandli\u00f5liga\",\"isPartOf\":{\"@id\":\"https:\\\/\\\/tilk.bio\\\/et\\\/#website\"},\"primaryImageOfPage\":{\"@id\":\"https:\\\/\\\/tilk.bio\\\/et\\\/pood\\\/tinted-me-tooniv-naokreem\\\/#primaryimage\"},\"image\":{\"@id\":\"https:\\\/\\\/tilk.bio\\\/et\\\/pood\\\/tinted-me-tooniv-naokreem\\\/#primaryimage\"},\"thumbnailUrl\":\"https:\\\/\\\/tilk.bio\\\/wp-content\\\/uploads\\\/2018\\\/08\\\/8.jpg\",\"datePublished\":\"2018-04-25T05:52:04+00:00\",\"dateModified\":\"2026-04-20T13:30:08+00:00\",\"description\":\"Tinted Me BB kreem on v\u00e4rske tooniv n\u00e4okreem, mis niisutab nahka ja annab \u00fchtlase jume. Kreem on m\u00f5eldud normaalsele ja kombineeritud nahale.\",\"breadcrumb\":{\"@id\":\"https:\\\/\\\/tilk.bio\\\/et\\\/pood\\\/tinted-me-tooniv-naokreem\\\/#breadcrumb\"},\"inLanguage\":\"et\",\"potentialAction\":[{\"@type\":\"ReadAction\",\"target\":[\"https:\\\/\\\/tilk.bio\\\/et\\\/pood\\\/tinted-me-tooniv-naokreem\\\/\"]}]},{\"@type\":\"ImageObject\",\"inLanguage\":\"et\",\"@id\":\"https:\\\/\\\/tilk.bio\\\/et\\\/pood\\\/tinted-me-tooniv-naokreem\\\/#primaryimage\",\"url\":\"https:\\\/\\\/tilk.bio\\\/wp-content\\\/uploads\\\/2018\\\/08\\\/8.jpg\",\"contentUrl\":\"https:\\\/\\\/tilk.bio\\\/wp-content\\\/uploads\\\/2018\\\/08\\\/8.jpg\",\"width\":1200,\"height\":1200},{\"@type\":\"BreadcrumbList\",\"@id\":\"https:\\\/\\\/tilk.bio\\\/et\\\/pood\\\/tinted-me-tooniv-naokreem\\\/#breadcrumb\",\"itemListElement\":[{\"@type\":\"ListItem\",\"position\":1,\"name\":\"Home\",\"item\":\"https:\\\/\\\/tilk.bio\\\/et\\\/\"},{\"@type\":\"ListItem\",\"position\":2,\"name\":\"Pood\",\"item\":\"https:\\\/\\\/tilk.bio\\\/et\\\/pood\\\/\"},{\"@type\":\"ListItem\",\"position\":3,\"name\":\"Tinted Me tooniv BB kreem nurmenuku ja mandli\u00f5liga\"}]},{\"@type\":\"WebSite\",\"@id\":\"https:\\\/\\\/tilk.bio\\\/et\\\/#website\",\"url\":\"https:\\\/\\\/tilk.bio\\\/et\\\/\",\"name\":\"Tilk!\",\"description\":\"Keskkonnas\u00f5bralik ja j\u00e4tkusuutlik looduskosmeetika Saaremaalt.\",\"potentialAction\":[{\"@type\":\"SearchAction\",\"target\":{\"@type\":\"EntryPoint\",\"urlTemplate\":\"https:\\\/\\\/tilk.bio\\\/et\\\/?s={search_term_string}\"},\"query-input\":{\"@type\":\"PropertyValueSpecification\",\"valueRequired\":true,\"valueName\":\"search_term_string\"}}],\"inLanguage\":\"et\"}]}<\/script>\n<!-- \/ Yoast SEO plugin. -->","yoast_head_json":{"title":"BB kreem nurmenuku ja mandli\u00f5liga","description":"Tinted Me BB kreem on v\u00e4rske tooniv n\u00e4okreem, mis niisutab nahka ja annab \u00fchtlase jume. Kreem on m\u00f5eldud normaalsele ja kombineeritud nahale.","robots":{"index":"index","follow":"follow","max-snippet":"max-snippet:-1","max-image-preview":"max-image-preview:large","max-video-preview":"max-video-preview:-1"},"canonical":"https:\/\/tilk.bio\/et\/pood\/tinted-me-tooniv-naokreem\/","og_locale":"et_EE","og_type":"article","og_title":"BB kreem nurmenuku ja mandli\u00f5liga","og_description":"Tinted Me BB kreem on v\u00e4rske tooniv n\u00e4okreem, mis niisutab nahka ja annab \u00fchtlase jume. Kreem on m\u00f5eldud normaalsele ja kombineeritud nahale.","og_url":"https:\/\/tilk.bio\/et\/pood\/tinted-me-tooniv-naokreem\/","og_site_name":"Tilk!","article_publisher":"https:\/\/www.facebook.com\/tilk.bio\/","article_modified_time":"2026-04-20T13:30:08+00:00","og_image":[{"width":900,"height":900,"url":"https:\/\/tilk.bio\/wp-content\/uploads\/2018\/08\/IMG_7017.png","type":"image\/png"}],"twitter_card":"summary_large_image","twitter_misc":{"Est. reading time":"2 minutit"},"schema":{"@context":"https:\/\/schema.org","@graph":[{"@type":"WebPage","@id":"https:\/\/tilk.bio\/et\/pood\/tinted-me-tooniv-naokreem\/","url":"https:\/\/tilk.bio\/et\/pood\/tinted-me-tooniv-naokreem\/","name":"BB kreem nurmenuku ja mandli\u00f5liga","isPartOf":{"@id":"https:\/\/tilk.bio\/et\/#website"},"primaryImageOfPage":{"@id":"https:\/\/tilk.bio\/et\/pood\/tinted-me-tooniv-naokreem\/#primaryimage"},"image":{"@id":"https:\/\/tilk.bio\/et\/pood\/tinted-me-tooniv-naokreem\/#primaryimage"},"thumbnailUrl":"https:\/\/tilk.bio\/wp-content\/uploads\/2018\/08\/8.jpg","datePublished":"2018-04-25T05:52:04+00:00","dateModified":"2026-04-20T13:30:08+00:00","description":"Tinted Me BB kreem on v\u00e4rske tooniv n\u00e4okreem, mis niisutab nahka ja annab \u00fchtlase jume. Kreem on m\u00f5eldud normaalsele ja kombineeritud nahale.","breadcrumb":{"@id":"https:\/\/tilk.bio\/et\/pood\/tinted-me-tooniv-naokreem\/#breadcrumb"},"inLanguage":"et","potentialAction":[{"@type":"ReadAction","target":["https:\/\/tilk.bio\/et\/pood\/tinted-me-tooniv-naokreem\/"]}]},{"@type":"ImageObject","inLanguage":"et","@id":"https:\/\/tilk.bio\/et\/pood\/tinted-me-tooniv-naokreem\/#primaryimage","url":"https:\/\/tilk.bio\/wp-content\/uploads\/2018\/08\/8.jpg","contentUrl":"https:\/\/tilk.bio\/wp-content\/uploads\/2018\/08\/8.jpg","width":1200,"height":1200},{"@type":"BreadcrumbList","@id":"https:\/\/tilk.bio\/et\/pood\/tinted-me-tooniv-naokreem\/#breadcrumb","itemListElement":[{"@type":"ListItem","position":1,"name":"Home","item":"https:\/\/tilk.bio\/et\/"},{"@type":"ListItem","position":2,"name":"Pood","item":"https:\/\/tilk.bio\/et\/pood\/"},{"@type":"ListItem","position":3,"name":"Tinted Me tooniv BB kreem nurmenuku ja mandli\u00f5liga"}]},{"@type":"WebSite","@id":"https:\/\/tilk.bio\/et\/#website","url":"https:\/\/tilk.bio\/et\/","name":"Tilk!","description":"Keskkonnas\u00f5bralik ja j\u00e4tkusuutlik looduskosmeetika Saaremaalt.","potentialAction":[{"@type":"SearchAction","target":{"@type":"EntryPoint","urlTemplate":"https:\/\/tilk.bio\/et\/?s={search_term_string}"},"query-input":{"@type":"PropertyValueSpecification","valueRequired":true,"valueName":"search_term_string"}}],"inLanguage":"et"}]}},"_links":{"self":[{"href":"https:\/\/tilk.bio\/et\/wp-json\/wp\/v2\/product\/21477","targetHints":{"allow":["GET"]}}],"collection":[{"href":"https:\/\/tilk.bio\/et\/wp-json\/wp\/v2\/product"}],"about":[{"href":"https:\/\/tilk.bio\/et\/wp-json\/wp\/v2\/types\/product"}],"replies":[{"embeddable":true,"href":"https:\/\/tilk.bio\/et\/wp-json\/wp\/v2\/comments?post=21477"}],"wp:featuredmedia":[{"embeddable":true,"href":"https:\/\/tilk.bio\/et\/wp-json\/wp\/v2\/media\/67443"}],"wp:attachment":[{"href":"https:\/\/tilk.bio\/et\/wp-json\/wp\/v2\/media?parent=21477"}],"wp:term":[{"taxonomy":"product_brand","embeddable":true,"href":"https:\/\/tilk.bio\/et\/wp-json\/wp\/v2\/product_brand?post=21477"},{"taxonomy":"product_cat","embeddable":true,"href":"https:\/\/tilk.bio\/et\/wp-json\/wp\/v2\/product_cat?post=21477"},{"taxonomy":"product_tag","embeddable":true,"href":"https:\/\/tilk.bio\/et\/wp-json\/wp\/v2\/product_tag?post=21477"}],"curies":[{"name":"wp","href":"https:\/\/api.w.org\/{rel}","templated":true}]}}