{"id":22374,"date":"2019-02-05T15:28:06","date_gmt":"2018-07-13T15:28:06","guid":{"rendered":"https:\/\/tilk.bio\/?post_type=product&#038;p=22374"},"modified":"2026-04-23T15:30:10","modified_gmt":"2026-04-23T12:30:10","slug":"reisitooted","status":"publish","type":"product","link":"https:\/\/tilk.bio\/et\/pood\/reisitooted\/","title":{"rendered":"Reisitooted"},"content":{"rendered":"","protected":false},"excerpt":{"rendered":"<p>Meie reisitooted pakuvad suurep\u00e4rase v\u00f5imaluse uute toodete proovimiseks v\u00f5i lemmikute reisile kaasa v\u00f5tmiseks. Need minitooted muudavad reisi veelgi m\u00f5nusamaks \u2013 enam ei pea m\u00f5tlema kreemi v\u00e4iksemasse topsi pakendamisele v\u00f5i t\u00e4issuuruses kreemi kaasa v\u00f5tmisele. Olgu sul ees pikk n\u00e4dalavahetus v\u00f5i pikem puhkus &#8211; naudi oma j\u00e4rgmist reisi muretult!<\/p>\n<p>Kogus: 10ml<\/p>\n","protected":false},"featured_media":67680,"comment_status":"open","ping_status":"closed","template":"","meta":{"_acf_changed":false},"product_brand":[],"product_cat":[585,687,494,497,495,389,689,511,692,500,691,713,583,690,688],"product_tag":[215,218,212,211,219,216,220,213,217,214],"class_list":{"0":"post-22374","1":"product","2":"type-product","3":"status-publish","4":"has-post-thumbnail","6":"product_cat-naokreem","7":"product_cat-akne-ja-rasune-nahk","8":"product_cat-klientide-lemmikud","9":"product_cat-katele","10":"product_cat-kehale","11":"product_cat-koik-tooted","12":"product_cat-kuiv-nahk","13":"product_cat-naohooldus","14":"product_cat-normaalne-ja-kombineeritud-nahk","15":"product_cat-reisitooted","16":"product_cat-tekstuuri-ja-tooniprobleemidega-nahk","17":"product_cat-tilk-herbal-et","18":"product_cat-pure-luxury-et","19":"product_cat-tundlik-nahk","20":"product_cat-vananemisilmingutega-nahk","21":"product_tag-seganahk","22":"product_tag-kreem","23":"product_tag-kuiv-nahk","24":"product_tag-moisture-me-et-2","25":"product_tag-nahahooldus","26":"product_tag-normaalne-nahk","27":"product_tag-pakk","28":"product_tag-rasune-nahk","29":"product_tag-naokreem","30":"product_tag-tundlik-nahk","32":"first","33":"instock","34":"taxable","35":"shipping-taxable","36":"purchasable","37":"product-type-variable"},"acf":[],"yoast_head":"<!-- This site is optimized with the Yoast SEO plugin v27.4 - https:\/\/yoast.com\/product\/yoast-seo-wordpress\/ -->\n<title>Reisitooted - Tilk!<\/title>\n<meta name=\"description\" content=\"Tilk! reisitooted on ideaalsed reisikaaslased. Reisitooted on suurep\u00e4rane v\u00f5imalus proovida erinevaid tooteid, et leida oma lemmikud...\" \/>\n<meta name=\"robots\" content=\"index, follow, max-snippet:-1, max-image-preview:large, max-video-preview:-1\" \/>\n<link rel=\"canonical\" href=\"https:\/\/tilk.bio\/et\/pood\/reisitooted\/\" \/>\n<meta property=\"og:locale\" content=\"et_EE\" \/>\n<meta property=\"og:type\" content=\"article\" \/>\n<meta property=\"og:title\" content=\"Reisitooted - Tilk!\" \/>\n<meta property=\"og:description\" content=\"Tilk! reisitooted on ideaalsed reisikaaslased. Reisitooted on suurep\u00e4rane v\u00f5imalus proovida erinevaid tooteid, et leida oma lemmikud v\u00f5i\u00a0lemmikkreemi reisile kaasa v\u00f5tmiseks.\u00a0K\u00f5ik kreemi\u00a0koostisosad on\u00a0looduslikku p\u00e4ritolu.\u00a0Kreemis kasutame\u00a0Saaremaalt korjatud taimede \u00f5lisid. K\u00f5ik tooted on 10ml pakendites.\u00a0\" \/>\n<meta property=\"og:url\" content=\"https:\/\/tilk.bio\/et\/pood\/reisitooted\/\" \/>\n<meta property=\"og:site_name\" content=\"Tilk!\" \/>\n<meta property=\"article:publisher\" content=\"https:\/\/www.facebook.com\/tilk.bio\/\" \/>\n<meta property=\"article:modified_time\" content=\"2026-04-23T12:30:10+00:00\" \/>\n<meta property=\"og:image\" content=\"https:\/\/tilk.bio\/wp-content\/uploads\/2018\/06\/IMG_4468-e1528735941852.jpg\" \/>\n\t<meta property=\"og:image:width\" content=\"900\" \/>\n\t<meta property=\"og:image:height\" content=\"1200\" \/>\n\t<meta property=\"og:image:type\" content=\"image\/jpeg\" \/>\n<meta name=\"twitter:card\" content=\"summary_large_image\" \/>\n<meta name=\"twitter:description\" content=\"Tilk! reisitooted on ideaalsed reisikaaslased. Reisitooted on suurep\u00e4rane v\u00f5imalus proovida erinevaid tooteid, et leida oma lemmikud v\u00f5i\u00a0lemmikkreemi reisile kaasa v\u00f5tmiseks.\u00a0K\u00f5ik kreemi\u00a0koostisosad on\u00a0looduslikku p\u00e4ritolu.\u00a0Kreemis kasutame\u00a0Saaremaalt korjatud taimede \u00f5lisid. K\u00f5ik tooted on 10ml pakendites.\u00a0\" \/>\n<meta name=\"twitter:image\" content=\"https:\/\/tilk.bio\/wp-content\/uploads\/2016\/01\/naturaln-hand-cream-love-me.jpg\" \/>\n<script type=\"application\/ld+json\" class=\"yoast-schema-graph\">{\"@context\":\"https:\\\/\\\/schema.org\",\"@graph\":[{\"@type\":\"WebPage\",\"@id\":\"https:\\\/\\\/tilk.bio\\\/et\\\/pood\\\/reisitooted\\\/\",\"url\":\"https:\\\/\\\/tilk.bio\\\/et\\\/pood\\\/reisitooted\\\/\",\"name\":\"Reisitooted - Tilk!\",\"isPartOf\":{\"@id\":\"https:\\\/\\\/tilk.bio\\\/et\\\/#website\"},\"primaryImageOfPage\":{\"@id\":\"https:\\\/\\\/tilk.bio\\\/et\\\/pood\\\/reisitooted\\\/#primaryimage\"},\"image\":{\"@id\":\"https:\\\/\\\/tilk.bio\\\/et\\\/pood\\\/reisitooted\\\/#primaryimage\"},\"thumbnailUrl\":\"https:\\\/\\\/tilk.bio\\\/wp-content\\\/uploads\\\/2019\\\/02\\\/Untitled-design-80.jpg\",\"datePublished\":\"2018-07-13T15:28:06+00:00\",\"dateModified\":\"2026-04-23T12:30:10+00:00\",\"description\":\"Tilk! reisitooted on ideaalsed reisikaaslased. Reisitooted on suurep\u00e4rane v\u00f5imalus proovida erinevaid tooteid, et leida oma lemmikud...\",\"breadcrumb\":{\"@id\":\"https:\\\/\\\/tilk.bio\\\/et\\\/pood\\\/reisitooted\\\/#breadcrumb\"},\"inLanguage\":\"et\",\"potentialAction\":[{\"@type\":\"ReadAction\",\"target\":[\"https:\\\/\\\/tilk.bio\\\/et\\\/pood\\\/reisitooted\\\/\"]}]},{\"@type\":\"ImageObject\",\"inLanguage\":\"et\",\"@id\":\"https:\\\/\\\/tilk.bio\\\/et\\\/pood\\\/reisitooted\\\/#primaryimage\",\"url\":\"https:\\\/\\\/tilk.bio\\\/wp-content\\\/uploads\\\/2019\\\/02\\\/Untitled-design-80.jpg\",\"contentUrl\":\"https:\\\/\\\/tilk.bio\\\/wp-content\\\/uploads\\\/2019\\\/02\\\/Untitled-design-80.jpg\",\"width\":1200,\"height\":1200,\"caption\":\"Travel-size products\"},{\"@type\":\"BreadcrumbList\",\"@id\":\"https:\\\/\\\/tilk.bio\\\/et\\\/pood\\\/reisitooted\\\/#breadcrumb\",\"itemListElement\":[{\"@type\":\"ListItem\",\"position\":1,\"name\":\"Home\",\"item\":\"https:\\\/\\\/tilk.bio\\\/et\\\/\"},{\"@type\":\"ListItem\",\"position\":2,\"name\":\"Pood\",\"item\":\"https:\\\/\\\/tilk.bio\\\/et\\\/pood\\\/\"},{\"@type\":\"ListItem\",\"position\":3,\"name\":\"Reisitooted\"}]},{\"@type\":\"WebSite\",\"@id\":\"https:\\\/\\\/tilk.bio\\\/et\\\/#website\",\"url\":\"https:\\\/\\\/tilk.bio\\\/et\\\/\",\"name\":\"Tilk!\",\"description\":\"Keskkonnas\u00f5bralik ja j\u00e4tkusuutlik looduskosmeetika Saaremaalt.\",\"potentialAction\":[{\"@type\":\"SearchAction\",\"target\":{\"@type\":\"EntryPoint\",\"urlTemplate\":\"https:\\\/\\\/tilk.bio\\\/et\\\/?s={search_term_string}\"},\"query-input\":{\"@type\":\"PropertyValueSpecification\",\"valueRequired\":true,\"valueName\":\"search_term_string\"}}],\"inLanguage\":\"et\"}]}<\/script>\n<!-- \/ Yoast SEO plugin. -->","yoast_head_json":{"title":"Reisitooted - Tilk!","description":"Tilk! reisitooted on ideaalsed reisikaaslased. Reisitooted on suurep\u00e4rane v\u00f5imalus proovida erinevaid tooteid, et leida oma lemmikud...","robots":{"index":"index","follow":"follow","max-snippet":"max-snippet:-1","max-image-preview":"max-image-preview:large","max-video-preview":"max-video-preview:-1"},"canonical":"https:\/\/tilk.bio\/et\/pood\/reisitooted\/","og_locale":"et_EE","og_type":"article","og_title":"Reisitooted - Tilk!","og_description":"Tilk! reisitooted on ideaalsed reisikaaslased. Reisitooted on suurep\u00e4rane v\u00f5imalus proovida erinevaid tooteid, et leida oma lemmikud v\u00f5i\u00a0lemmikkreemi reisile kaasa v\u00f5tmiseks.\u00a0K\u00f5ik kreemi\u00a0koostisosad on\u00a0looduslikku p\u00e4ritolu.\u00a0Kreemis kasutame\u00a0Saaremaalt korjatud taimede \u00f5lisid. K\u00f5ik tooted on 10ml pakendites.\u00a0","og_url":"https:\/\/tilk.bio\/et\/pood\/reisitooted\/","og_site_name":"Tilk!","article_publisher":"https:\/\/www.facebook.com\/tilk.bio\/","article_modified_time":"2026-04-23T12:30:10+00:00","og_image":[{"width":900,"height":1200,"url":"https:\/\/tilk.bio\/wp-content\/uploads\/2018\/06\/IMG_4468-e1528735941852.jpg","type":"image\/jpeg"}],"twitter_card":"summary_large_image","twitter_description":"Tilk! reisitooted on ideaalsed reisikaaslased. Reisitooted on suurep\u00e4rane v\u00f5imalus proovida erinevaid tooteid, et leida oma lemmikud v\u00f5i\u00a0lemmikkreemi reisile kaasa v\u00f5tmiseks.\u00a0K\u00f5ik kreemi\u00a0koostisosad on\u00a0looduslikku p\u00e4ritolu.\u00a0Kreemis kasutame\u00a0Saaremaalt korjatud taimede \u00f5lisid. K\u00f5ik tooted on 10ml pakendites.\u00a0","twitter_image":"https:\/\/tilk.bio\/wp-content\/uploads\/2016\/01\/naturaln-hand-cream-love-me.jpg","schema":{"@context":"https:\/\/schema.org","@graph":[{"@type":"WebPage","@id":"https:\/\/tilk.bio\/et\/pood\/reisitooted\/","url":"https:\/\/tilk.bio\/et\/pood\/reisitooted\/","name":"Reisitooted - Tilk!","isPartOf":{"@id":"https:\/\/tilk.bio\/et\/#website"},"primaryImageOfPage":{"@id":"https:\/\/tilk.bio\/et\/pood\/reisitooted\/#primaryimage"},"image":{"@id":"https:\/\/tilk.bio\/et\/pood\/reisitooted\/#primaryimage"},"thumbnailUrl":"https:\/\/tilk.bio\/wp-content\/uploads\/2019\/02\/Untitled-design-80.jpg","datePublished":"2018-07-13T15:28:06+00:00","dateModified":"2026-04-23T12:30:10+00:00","description":"Tilk! reisitooted on ideaalsed reisikaaslased. Reisitooted on suurep\u00e4rane v\u00f5imalus proovida erinevaid tooteid, et leida oma lemmikud...","breadcrumb":{"@id":"https:\/\/tilk.bio\/et\/pood\/reisitooted\/#breadcrumb"},"inLanguage":"et","potentialAction":[{"@type":"ReadAction","target":["https:\/\/tilk.bio\/et\/pood\/reisitooted\/"]}]},{"@type":"ImageObject","inLanguage":"et","@id":"https:\/\/tilk.bio\/et\/pood\/reisitooted\/#primaryimage","url":"https:\/\/tilk.bio\/wp-content\/uploads\/2019\/02\/Untitled-design-80.jpg","contentUrl":"https:\/\/tilk.bio\/wp-content\/uploads\/2019\/02\/Untitled-design-80.jpg","width":1200,"height":1200,"caption":"Travel-size products"},{"@type":"BreadcrumbList","@id":"https:\/\/tilk.bio\/et\/pood\/reisitooted\/#breadcrumb","itemListElement":[{"@type":"ListItem","position":1,"name":"Home","item":"https:\/\/tilk.bio\/et\/"},{"@type":"ListItem","position":2,"name":"Pood","item":"https:\/\/tilk.bio\/et\/pood\/"},{"@type":"ListItem","position":3,"name":"Reisitooted"}]},{"@type":"WebSite","@id":"https:\/\/tilk.bio\/et\/#website","url":"https:\/\/tilk.bio\/et\/","name":"Tilk!","description":"Keskkonnas\u00f5bralik ja j\u00e4tkusuutlik looduskosmeetika Saaremaalt.","potentialAction":[{"@type":"SearchAction","target":{"@type":"EntryPoint","urlTemplate":"https:\/\/tilk.bio\/et\/?s={search_term_string}"},"query-input":{"@type":"PropertyValueSpecification","valueRequired":true,"valueName":"search_term_string"}}],"inLanguage":"et"}]}},"_links":{"self":[{"href":"https:\/\/tilk.bio\/et\/wp-json\/wp\/v2\/product\/22374","targetHints":{"allow":["GET"]}}],"collection":[{"href":"https:\/\/tilk.bio\/et\/wp-json\/wp\/v2\/product"}],"about":[{"href":"https:\/\/tilk.bio\/et\/wp-json\/wp\/v2\/types\/product"}],"replies":[{"embeddable":true,"href":"https:\/\/tilk.bio\/et\/wp-json\/wp\/v2\/comments?post=22374"}],"wp:featuredmedia":[{"embeddable":true,"href":"https:\/\/tilk.bio\/et\/wp-json\/wp\/v2\/media\/67680"}],"wp:attachment":[{"href":"https:\/\/tilk.bio\/et\/wp-json\/wp\/v2\/media?parent=22374"}],"wp:term":[{"taxonomy":"product_brand","embeddable":true,"href":"https:\/\/tilk.bio\/et\/wp-json\/wp\/v2\/product_brand?post=22374"},{"taxonomy":"product_cat","embeddable":true,"href":"https:\/\/tilk.bio\/et\/wp-json\/wp\/v2\/product_cat?post=22374"},{"taxonomy":"product_tag","embeddable":true,"href":"https:\/\/tilk.bio\/et\/wp-json\/wp\/v2\/product_tag?post=22374"}],"curies":[{"name":"wp","href":"https:\/\/api.w.org\/{rel}","templated":true}]}}