{"id":22821,"date":"2018-08-06T18:26:24","date_gmt":"2018-08-06T18:26:26","guid":{"rendered":"https:\/\/tilk.bio\/?post_type=product&#038;p=22821"},"modified":"2026-03-12T10:15:13","modified_gmt":"2026-03-12T08:15:13","slug":"smooch-me-kaitsev-ja-pehmendav-urdipalsam-huultele","status":"publish","type":"product","link":"https:\/\/tilk.bio\/et\/pood\/smooch-me-kaitsev-ja-pehmendav-urdipalsam-huultele\/","title":{"rendered":"Smooch Me kaitsev ja pehmendav palsam huultele"},"content":{"rendered":"<p><span style=\"font-weight: 400;\">Smooch Me <a href=\"https:\/\/tilk.bio\/et\/tootekategooria\/naohooldus\/huuletooted\/\">huulepalsam<\/a> kaitseb ja pehmendab huuli ning annab neile kerge loomuliku l\u00e4ike. H\u00fcgieeniline huulepulk hoiab huuli ka tuule ja k\u00fclma kahjulike m\u00f5jude eest ning aitab taastada \u00f5rna juba kahjustunud nahka.<\/span><\/p>\n<p><span style=\"font-weight: 400;\">H\u00fcgieeniline huulepulk sisaldab mesilasvaha ja nurmenuku bioaktiivseid toimeained, mis rahustavad ja toniseerivad huuli ning muudavad need siidpehmeks. Sheav\u00f5i ja mesi toidavad huuli s\u00fcgavuti ning kaitsevad kuivuse eest, muutes naha elastsemaks. Saialillel on p\u00f5letikuvastased ja antibakteriaalsed omadused. Huulepalsamis sisalduval mesilasvahal on ka p\u00f5letikuvastane toime, see aitab nahka rahustada.\u00a0<\/span><\/p>\n<p><span style=\"font-weight: 400;\">K\u00f5ik palsami koostisosad on looduslikku p\u00e4ritolu. Palsami loomisel on kasutatud Saaremaalt k\u00e4sitsi korjatud taimede \u00f5lisid.<\/span><\/p>\n<p><span style=\"font-weight: 400;\">Hoiustamine: Soovitame hoida huulepalsamit kaitstuna otsese p\u00e4ikesevalguse eest ja temperatuuril alla +25 kraadi.<\/span><\/p>\n<p><span style=\"font-weight: 400;\">Kogus: 4.8ml<\/span><\/p>\n","protected":false},"excerpt":{"rendered":"<p>Smooch Me huulepalsam kaitseb ja pehmendab huuli ning annab neile kerge loomuliku l\u00e4ike. H\u00fcgieeniline huulepulk hoiab huuli ka tuule ja k\u00fclma kahjulike m\u00f5jude eest ning aitab taastada \u00f5rna juba kahjustunud nahka. H\u00fcgieeniline huulepulk sisaldab mesilasvaha ja nurmenuku bioaktiivseid toimeained, mis rahustavad ja toniseerivad huuli ning muudavad need siidpehmeks. Sheav\u00f5i ja mesi toidavad huuli s\u00fcgavuti ning&#8230;<\/p>\n","protected":false},"featured_media":67447,"comment_status":"open","ping_status":"closed","template":"","meta":{"_acf_changed":false},"product_brand":[],"product_cat":[498,389,689,912,713],"product_tag":[303,304,636,302],"class_list":{"0":"post-22821","1":"product","2":"type-product","3":"status-publish","4":"has-post-thumbnail","6":"product_cat-huuletooted","7":"product_cat-koik-tooted","8":"product_cat-kuiv-nahk","9":"product_cat-sheavoi","10":"product_cat-tilk-herbal-et","11":"product_tag-huulepalsam","12":"product_tag-huulepulk","13":"product_tag-looduskosmeetika-et-2","14":"product_tag-taimne","16":"first","17":"instock","18":"taxable","19":"shipping-taxable","20":"purchasable","21":"product-type-simple"},"acf":[],"yoast_head":"<!-- This site is optimized with the Yoast SEO plugin v27.3 - https:\/\/yoast.com\/product\/yoast-seo-wordpress\/ -->\n<title>H\u00fcgieeniline huulepulk Smooch Me kaitseb ja pehmendab huuli<\/title>\n<meta name=\"description\" content=\"Nurmenukuga h\u00fcgieeniline huulepulk Smooch Me kaitseb ja pehmendab huuli, andes neile samal ajal kerge loomuliku l\u00e4ike. H\u00fcgieeniline huulepalsam kaitseb.\" \/>\n<meta name=\"robots\" content=\"index, follow, max-snippet:-1, max-image-preview:large, max-video-preview:-1\" \/>\n<link rel=\"canonical\" href=\"https:\/\/tilk.bio\/et\/pood\/smooch-me-kaitsev-ja-pehmendav-urdipalsam-huultele\/\" \/>\n<meta property=\"og:locale\" content=\"et_EE\" \/>\n<meta property=\"og:type\" content=\"article\" \/>\n<meta property=\"og:title\" content=\"H\u00fcgieeniline huulepulk Smooch Me kaitseb ja pehmendab huuli\" \/>\n<meta property=\"og:description\" content=\"Nurmenukuga \u00fcrdipalsam Smooch Me kaitseb ja pehmendab huuli, andes neile samal ajal kerge loomuliku l\u00e4ike.\" \/>\n<meta property=\"og:url\" content=\"https:\/\/tilk.bio\/et\/pood\/smooch-me-kaitsev-ja-pehmendav-urdipalsam-huultele\/\" \/>\n<meta property=\"og:site_name\" content=\"Tilk!\" \/>\n<meta property=\"article:publisher\" content=\"https:\/\/www.facebook.com\/tilk.bio\/\" \/>\n<meta property=\"article:modified_time\" content=\"2026-03-12T08:15:13+00:00\" \/>\n<meta property=\"og:image\" content=\"https:\/\/tilk.bio\/wp-content\/uploads\/2018\/08\/Smooch1.png\" \/>\n\t<meta property=\"og:image:width\" content=\"4721\" \/>\n\t<meta property=\"og:image:height\" content=\"4721\" \/>\n\t<meta property=\"og:image:type\" content=\"image\/png\" \/>\n<meta name=\"twitter:card\" content=\"summary_large_image\" \/>\n<meta name=\"twitter:description\" content=\"Nurmenukuga \u00fcrdipalsam Smooch Me kaitseb ja pehmendab huuli, andes neile samal ajal kerge loomuliku l\u00e4ike.\" \/>\n<meta name=\"twitter:image\" content=\"https:\/\/tilk.bio\/wp-content\/uploads\/2016\/01\/natural-lip-balm.jpg\" \/>\n<meta name=\"twitter:label1\" content=\"Est. reading time\" \/>\n\t<meta name=\"twitter:data1\" content=\"1 minut\" \/>\n<script type=\"application\/ld+json\" class=\"yoast-schema-graph\">{\"@context\":\"https:\\\/\\\/schema.org\",\"@graph\":[{\"@type\":\"WebPage\",\"@id\":\"https:\\\/\\\/tilk.bio\\\/et\\\/pood\\\/smooch-me-kaitsev-ja-pehmendav-urdipalsam-huultele\\\/\",\"url\":\"https:\\\/\\\/tilk.bio\\\/et\\\/pood\\\/smooch-me-kaitsev-ja-pehmendav-urdipalsam-huultele\\\/\",\"name\":\"H\u00fcgieeniline huulepulk Smooch Me kaitseb ja pehmendab huuli\",\"isPartOf\":{\"@id\":\"https:\\\/\\\/tilk.bio\\\/et\\\/#website\"},\"primaryImageOfPage\":{\"@id\":\"https:\\\/\\\/tilk.bio\\\/et\\\/pood\\\/smooch-me-kaitsev-ja-pehmendav-urdipalsam-huultele\\\/#primaryimage\"},\"image\":{\"@id\":\"https:\\\/\\\/tilk.bio\\\/et\\\/pood\\\/smooch-me-kaitsev-ja-pehmendav-urdipalsam-huultele\\\/#primaryimage\"},\"thumbnailUrl\":\"https:\\\/\\\/tilk.bio\\\/wp-content\\\/uploads\\\/2018\\\/08\\\/9.jpg\",\"datePublished\":\"2018-08-06T18:26:26+00:00\",\"dateModified\":\"2026-03-12T08:15:13+00:00\",\"description\":\"Nurmenukuga h\u00fcgieeniline huulepulk Smooch Me kaitseb ja pehmendab huuli, andes neile samal ajal kerge loomuliku l\u00e4ike. H\u00fcgieeniline huulepalsam kaitseb.\",\"breadcrumb\":{\"@id\":\"https:\\\/\\\/tilk.bio\\\/et\\\/pood\\\/smooch-me-kaitsev-ja-pehmendav-urdipalsam-huultele\\\/#breadcrumb\"},\"inLanguage\":\"et\",\"potentialAction\":[{\"@type\":\"ReadAction\",\"target\":[\"https:\\\/\\\/tilk.bio\\\/et\\\/pood\\\/smooch-me-kaitsev-ja-pehmendav-urdipalsam-huultele\\\/\"]}]},{\"@type\":\"ImageObject\",\"inLanguage\":\"et\",\"@id\":\"https:\\\/\\\/tilk.bio\\\/et\\\/pood\\\/smooch-me-kaitsev-ja-pehmendav-urdipalsam-huultele\\\/#primaryimage\",\"url\":\"https:\\\/\\\/tilk.bio\\\/wp-content\\\/uploads\\\/2018\\\/08\\\/9.jpg\",\"contentUrl\":\"https:\\\/\\\/tilk.bio\\\/wp-content\\\/uploads\\\/2018\\\/08\\\/9.jpg\",\"width\":1200,\"height\":1200},{\"@type\":\"BreadcrumbList\",\"@id\":\"https:\\\/\\\/tilk.bio\\\/et\\\/pood\\\/smooch-me-kaitsev-ja-pehmendav-urdipalsam-huultele\\\/#breadcrumb\",\"itemListElement\":[{\"@type\":\"ListItem\",\"position\":1,\"name\":\"Home\",\"item\":\"https:\\\/\\\/tilk.bio\\\/et\\\/\"},{\"@type\":\"ListItem\",\"position\":2,\"name\":\"Pood\",\"item\":\"https:\\\/\\\/tilk.bio\\\/et\\\/pood\\\/\"},{\"@type\":\"ListItem\",\"position\":3,\"name\":\"Smooch Me kaitsev ja pehmendav palsam huultele\"}]},{\"@type\":\"WebSite\",\"@id\":\"https:\\\/\\\/tilk.bio\\\/et\\\/#website\",\"url\":\"https:\\\/\\\/tilk.bio\\\/et\\\/\",\"name\":\"Tilk!\",\"description\":\"Keskkonnas\u00f5bralik ja j\u00e4tkusuutlik looduskosmeetika Saaremaalt.\",\"potentialAction\":[{\"@type\":\"SearchAction\",\"target\":{\"@type\":\"EntryPoint\",\"urlTemplate\":\"https:\\\/\\\/tilk.bio\\\/et\\\/?s={search_term_string}\"},\"query-input\":{\"@type\":\"PropertyValueSpecification\",\"valueRequired\":true,\"valueName\":\"search_term_string\"}}],\"inLanguage\":\"et\"}]}<\/script>\n<!-- \/ Yoast SEO plugin. -->","yoast_head_json":{"title":"H\u00fcgieeniline huulepulk Smooch Me kaitseb ja pehmendab huuli","description":"Nurmenukuga h\u00fcgieeniline huulepulk Smooch Me kaitseb ja pehmendab huuli, andes neile samal ajal kerge loomuliku l\u00e4ike. H\u00fcgieeniline huulepalsam kaitseb.","robots":{"index":"index","follow":"follow","max-snippet":"max-snippet:-1","max-image-preview":"max-image-preview:large","max-video-preview":"max-video-preview:-1"},"canonical":"https:\/\/tilk.bio\/et\/pood\/smooch-me-kaitsev-ja-pehmendav-urdipalsam-huultele\/","og_locale":"et_EE","og_type":"article","og_title":"H\u00fcgieeniline huulepulk Smooch Me kaitseb ja pehmendab huuli","og_description":"Nurmenukuga \u00fcrdipalsam Smooch Me kaitseb ja pehmendab huuli, andes neile samal ajal kerge loomuliku l\u00e4ike.","og_url":"https:\/\/tilk.bio\/et\/pood\/smooch-me-kaitsev-ja-pehmendav-urdipalsam-huultele\/","og_site_name":"Tilk!","article_publisher":"https:\/\/www.facebook.com\/tilk.bio\/","article_modified_time":"2026-03-12T08:15:13+00:00","og_image":[{"width":4721,"height":4721,"url":"https:\/\/tilk.bio\/wp-content\/uploads\/2018\/08\/Smooch1.png","type":"image\/png"}],"twitter_card":"summary_large_image","twitter_description":"Nurmenukuga \u00fcrdipalsam Smooch Me kaitseb ja pehmendab huuli, andes neile samal ajal kerge loomuliku l\u00e4ike.","twitter_image":"https:\/\/tilk.bio\/wp-content\/uploads\/2016\/01\/natural-lip-balm.jpg","twitter_misc":{"Est. reading time":"1 minut"},"schema":{"@context":"https:\/\/schema.org","@graph":[{"@type":"WebPage","@id":"https:\/\/tilk.bio\/et\/pood\/smooch-me-kaitsev-ja-pehmendav-urdipalsam-huultele\/","url":"https:\/\/tilk.bio\/et\/pood\/smooch-me-kaitsev-ja-pehmendav-urdipalsam-huultele\/","name":"H\u00fcgieeniline huulepulk Smooch Me kaitseb ja pehmendab huuli","isPartOf":{"@id":"https:\/\/tilk.bio\/et\/#website"},"primaryImageOfPage":{"@id":"https:\/\/tilk.bio\/et\/pood\/smooch-me-kaitsev-ja-pehmendav-urdipalsam-huultele\/#primaryimage"},"image":{"@id":"https:\/\/tilk.bio\/et\/pood\/smooch-me-kaitsev-ja-pehmendav-urdipalsam-huultele\/#primaryimage"},"thumbnailUrl":"https:\/\/tilk.bio\/wp-content\/uploads\/2018\/08\/9.jpg","datePublished":"2018-08-06T18:26:26+00:00","dateModified":"2026-03-12T08:15:13+00:00","description":"Nurmenukuga h\u00fcgieeniline huulepulk Smooch Me kaitseb ja pehmendab huuli, andes neile samal ajal kerge loomuliku l\u00e4ike. H\u00fcgieeniline huulepalsam kaitseb.","breadcrumb":{"@id":"https:\/\/tilk.bio\/et\/pood\/smooch-me-kaitsev-ja-pehmendav-urdipalsam-huultele\/#breadcrumb"},"inLanguage":"et","potentialAction":[{"@type":"ReadAction","target":["https:\/\/tilk.bio\/et\/pood\/smooch-me-kaitsev-ja-pehmendav-urdipalsam-huultele\/"]}]},{"@type":"ImageObject","inLanguage":"et","@id":"https:\/\/tilk.bio\/et\/pood\/smooch-me-kaitsev-ja-pehmendav-urdipalsam-huultele\/#primaryimage","url":"https:\/\/tilk.bio\/wp-content\/uploads\/2018\/08\/9.jpg","contentUrl":"https:\/\/tilk.bio\/wp-content\/uploads\/2018\/08\/9.jpg","width":1200,"height":1200},{"@type":"BreadcrumbList","@id":"https:\/\/tilk.bio\/et\/pood\/smooch-me-kaitsev-ja-pehmendav-urdipalsam-huultele\/#breadcrumb","itemListElement":[{"@type":"ListItem","position":1,"name":"Home","item":"https:\/\/tilk.bio\/et\/"},{"@type":"ListItem","position":2,"name":"Pood","item":"https:\/\/tilk.bio\/et\/pood\/"},{"@type":"ListItem","position":3,"name":"Smooch Me kaitsev ja pehmendav palsam huultele"}]},{"@type":"WebSite","@id":"https:\/\/tilk.bio\/et\/#website","url":"https:\/\/tilk.bio\/et\/","name":"Tilk!","description":"Keskkonnas\u00f5bralik ja j\u00e4tkusuutlik looduskosmeetika Saaremaalt.","potentialAction":[{"@type":"SearchAction","target":{"@type":"EntryPoint","urlTemplate":"https:\/\/tilk.bio\/et\/?s={search_term_string}"},"query-input":{"@type":"PropertyValueSpecification","valueRequired":true,"valueName":"search_term_string"}}],"inLanguage":"et"}]}},"_links":{"self":[{"href":"https:\/\/tilk.bio\/et\/wp-json\/wp\/v2\/product\/22821","targetHints":{"allow":["GET"]}}],"collection":[{"href":"https:\/\/tilk.bio\/et\/wp-json\/wp\/v2\/product"}],"about":[{"href":"https:\/\/tilk.bio\/et\/wp-json\/wp\/v2\/types\/product"}],"replies":[{"embeddable":true,"href":"https:\/\/tilk.bio\/et\/wp-json\/wp\/v2\/comments?post=22821"}],"wp:featuredmedia":[{"embeddable":true,"href":"https:\/\/tilk.bio\/et\/wp-json\/wp\/v2\/media\/67447"}],"wp:attachment":[{"href":"https:\/\/tilk.bio\/et\/wp-json\/wp\/v2\/media?parent=22821"}],"wp:term":[{"taxonomy":"product_brand","embeddable":true,"href":"https:\/\/tilk.bio\/et\/wp-json\/wp\/v2\/product_brand?post=22821"},{"taxonomy":"product_cat","embeddable":true,"href":"https:\/\/tilk.bio\/et\/wp-json\/wp\/v2\/product_cat?post=22821"},{"taxonomy":"product_tag","embeddable":true,"href":"https:\/\/tilk.bio\/et\/wp-json\/wp\/v2\/product_tag?post=22821"}],"curies":[{"name":"wp","href":"https:\/\/api.w.org\/{rel}","templated":true}]}}