{"id":22969,"date":"2017-04-15T20:04:53","date_gmt":"2016-04-15T20:04:53","guid":{"rendered":"https:\/\/tilk.bio\/shop\/power-me-meestekreem\/"},"modified":"2026-04-19T10:45:08","modified_gmt":"2026-04-19T07:45:08","slug":"power-me-meestekreem","status":"publish","type":"product","link":"https:\/\/tilk.bio\/et\/pood\/power-me-meestekreem\/","title":{"rendered":"Power Me niisutav ja rahustav Aloe veraga n\u00e4okreem meestele"},"content":{"rendered":"<p>AUHINNATUD<\/p>\n<p>Power Me on ideaalne n\u00e4okreem meestele. See on loodud <a href=\"https:\/\/tilk.bio\/et\/nahatuup\/meeste-kreem\/\">mehe n\u00e4onaha<\/a> igap\u00e4evaseks niisutamiseks, hoolduseks ning rahustamiseks, suutes suurep\u00e4raselt toita nahka ka siis, kui ta on kuiv v\u00f5i ketendav. Kuna tihtipeale v\u00f5ib n\u00e4onahk olla eriti kuiv v\u00f5i kahjustatud just peale habemeajamistoodete kasutust, sobib see n\u00e4okreem meestele v\u00e4ga h\u00e4sti ka naha kasutamiseks kohe peale habemeajamist &#8211; selle koostisosad rahustavad, taastavad ning tugevdavad nahka.<\/p>\n<p>Selles meestele m\u00f5eldud n\u00e4okreemis sisalduvad t\u00f5husad p\u00f5letikuvastased komponendid kummel, Aloe vera ja saialill, mis aitavad parandada v\u00e4ikseid haavu ja rahustavad nahka. Kookos- ja mandli\u00f5li tagavad nahale tasakaalustatud niiskustaseme. V\u00e4rske kreemi mandli\u00f5list ja mesilasvahast p\u00e4rinevad bioaktiivsed koostisosad toidavad ja niisutavad nahka, siluvad peeneid kortse ning moodustavad nahale kaitsekihi. Kreemile ei ole lisatud l\u00f5hnaaineid, naturaalne aroom tuleneb v\u00e4rsketest koostisosadest.<\/p>\n<p><b>Kasutamine:<\/b> Kanna see n\u00e4onahale p\u00e4rast n\u00e4o pesemist p\u00e4evakreemina v\u00f5i p\u00e4rast habemeajamist n\u00e4iteks <a href=\"https:\/\/tilk.bio\/et\/pood\/shave-me-raseerimiskreem-aloe-vera-ja-saialillega\/\"><b>Shave Me raseerimiskreemiga<\/b><\/a>.<\/p>\n<p>K\u00f5ik kreemi koostisosad on looduslikku p\u00e4ritolu. Kreemi loomisel on kasutatud Saaremaalt k\u00e4sitsi korjatud taimede \u00f5lisid.<\/p>\n<p>Hoiustamine: Hoiusta n\u00e4okreemi toatemperatuuril.<\/p>\n<p>Kogus: 10ml\/50ml<\/p>\n<p><a ref=\"magnificPopup\" href=\"https:\/\/tilk.bio\/wp-content\/uploads\/2015\/11\/kaasa_kadakast_spaatel_anim.gif\"><img loading=\"lazy\" decoding=\"async\" class=\"alignnone size-full wp-image-23766\" src=\"https:\/\/tilk.bio\/wp-content\/uploads\/2015\/11\/kaasa_kadakast_spaatel_anim.gif\" alt=\"\" width=\"115\" height=\"100\" \/><\/a><a ref=\"magnificPopup\" href=\"https:\/\/tilk.bio\/wp-content\/uploads\/2018\/08\/package_anim_2.gif\"><img loading=\"lazy\" decoding=\"async\" class=\"alignnone size-full wp-image-23968\" src=\"https:\/\/tilk.bio\/wp-content\/uploads\/2018\/08\/package_anim_2.gif\" alt=\"\" width=\"125\" height=\"100\" \/><\/a><\/p>\n","protected":false},"excerpt":{"rendered":"<p>AUHINNATUD Power Me on ideaalne n\u00e4okreem meestele. See on loodud mehe n\u00e4onaha igap\u00e4evaseks niisutamiseks, hoolduseks ning rahustamiseks, suutes suurep\u00e4raselt toita nahka ka siis, kui ta on kuiv v\u00f5i ketendav. Kuna tihtipeale v\u00f5ib n\u00e4onahk olla eriti kuiv v\u00f5i kahjustatud just peale habemeajamistoodete kasutust, sobib see n\u00e4okreem meestele v\u00e4ga h\u00e4sti ka naha kasutamiseks kohe peale habemeajamist &#8211;&#8230;<\/p>\n","protected":false},"featured_media":67423,"comment_status":"open","ping_status":"closed","template":"","meta":{"_acf_changed":false},"product_brand":[],"product_cat":[585,389,689,628,511,692,533,713],"product_tag":[215,649,217],"class_list":{"0":"post-22969","1":"product","2":"type-product","3":"status-publish","4":"has-post-thumbnail","6":"product_cat-naokreem","7":"product_cat-koik-tooted","8":"product_cat-kuiv-nahk","9":"product_cat-meestele","10":"product_cat-naohooldus","11":"product_cat-normaalne-ja-kombineeritud-nahk","12":"product_cat-spaatli-voimalus","13":"product_cat-tilk-herbal-et","14":"product_tag-seganahk","15":"product_tag-meestele-et","16":"product_tag-naokreem","18":"first","19":"instock","20":"taxable","21":"shipping-taxable","22":"purchasable","23":"product-type-variable"},"acf":[],"yoast_head":"<!-- This site is optimized with the Yoast SEO plugin v27.4 - https:\/\/yoast.com\/product\/yoast-seo-wordpress\/ -->\n<title>Power Me niisutav ja rahustav Aloe veraga n\u00e4okreem meestele<\/title>\n<meta name=\"description\" content=\"Power Me on ideaalne n\u00e4okreem meestele. See on loodud mehe n\u00e4onaha igap\u00e4evaseks niisutamiseks, hoolduseks ning rahustamiseks.\" \/>\n<meta name=\"robots\" content=\"index, follow, max-snippet:-1, max-image-preview:large, max-video-preview:-1\" \/>\n<link rel=\"canonical\" href=\"https:\/\/tilk.bio\/et\/pood\/power-me-meestekreem\/\" \/>\n<meta property=\"og:locale\" content=\"et_EE\" \/>\n<meta property=\"og:type\" content=\"article\" \/>\n<meta property=\"og:title\" content=\"Power Me niisutav ja rahustav Aloe veraga n\u00e4okreem meestele\" \/>\n<meta property=\"og:description\" content=\"Power Me is a perfect choice for men. The bioactive ingredients moisturise and protect the skin. Power Me cream is perfect after shaving \u2013 aloe vera and coconut oil calm and nourish the skin. This natural cream has no fragrances added. The natural scent is from fresh ingredients.\" \/>\n<meta property=\"og:url\" content=\"https:\/\/tilk.bio\/et\/pood\/power-me-meestekreem\/\" \/>\n<meta property=\"og:site_name\" content=\"Tilk!\" \/>\n<meta property=\"article:publisher\" content=\"https:\/\/www.facebook.com\/tilk.bio\/\" \/>\n<meta property=\"article:modified_time\" content=\"2026-04-19T07:45:08+00:00\" \/>\n<meta property=\"og:image\" content=\"https:\/\/tilk.bio\/wp-content\/uploads\/2017\/04\/powerkarpkleeps.jpg\" \/>\n\t<meta property=\"og:image:width\" content=\"920\" \/>\n\t<meta property=\"og:image:height\" content=\"1100\" \/>\n\t<meta property=\"og:image:type\" content=\"image\/jpeg\" \/>\n<meta name=\"twitter:card\" content=\"summary_large_image\" \/>\n<meta name=\"twitter:label1\" content=\"Est. reading time\" \/>\n\t<meta name=\"twitter:data1\" content=\"2 minutit\" \/>\n<script type=\"application\/ld+json\" class=\"yoast-schema-graph\">{\"@context\":\"https:\\\/\\\/schema.org\",\"@graph\":[{\"@type\":\"WebPage\",\"@id\":\"https:\\\/\\\/tilk.bio\\\/et\\\/pood\\\/power-me-meestekreem\\\/\",\"url\":\"https:\\\/\\\/tilk.bio\\\/et\\\/pood\\\/power-me-meestekreem\\\/\",\"name\":\"Power Me niisutav ja rahustav Aloe veraga n\u00e4okreem meestele\",\"isPartOf\":{\"@id\":\"https:\\\/\\\/tilk.bio\\\/et\\\/#website\"},\"primaryImageOfPage\":{\"@id\":\"https:\\\/\\\/tilk.bio\\\/et\\\/pood\\\/power-me-meestekreem\\\/#primaryimage\"},\"image\":{\"@id\":\"https:\\\/\\\/tilk.bio\\\/et\\\/pood\\\/power-me-meestekreem\\\/#primaryimage\"},\"thumbnailUrl\":\"https:\\\/\\\/tilk.bio\\\/wp-content\\\/uploads\\\/2018\\\/08\\\/3.jpg\",\"datePublished\":\"2016-04-15T20:04:53+00:00\",\"dateModified\":\"2026-04-19T07:45:08+00:00\",\"description\":\"Power Me on ideaalne n\u00e4okreem meestele. See on loodud mehe n\u00e4onaha igap\u00e4evaseks niisutamiseks, hoolduseks ning rahustamiseks.\",\"breadcrumb\":{\"@id\":\"https:\\\/\\\/tilk.bio\\\/et\\\/pood\\\/power-me-meestekreem\\\/#breadcrumb\"},\"inLanguage\":\"et\",\"potentialAction\":[{\"@type\":\"ReadAction\",\"target\":[\"https:\\\/\\\/tilk.bio\\\/et\\\/pood\\\/power-me-meestekreem\\\/\"]}]},{\"@type\":\"ImageObject\",\"inLanguage\":\"et\",\"@id\":\"https:\\\/\\\/tilk.bio\\\/et\\\/pood\\\/power-me-meestekreem\\\/#primaryimage\",\"url\":\"https:\\\/\\\/tilk.bio\\\/wp-content\\\/uploads\\\/2018\\\/08\\\/3.jpg\",\"contentUrl\":\"https:\\\/\\\/tilk.bio\\\/wp-content\\\/uploads\\\/2018\\\/08\\\/3.jpg\",\"width\":1200,\"height\":1200},{\"@type\":\"BreadcrumbList\",\"@id\":\"https:\\\/\\\/tilk.bio\\\/et\\\/pood\\\/power-me-meestekreem\\\/#breadcrumb\",\"itemListElement\":[{\"@type\":\"ListItem\",\"position\":1,\"name\":\"Home\",\"item\":\"https:\\\/\\\/tilk.bio\\\/et\\\/\"},{\"@type\":\"ListItem\",\"position\":2,\"name\":\"Pood\",\"item\":\"https:\\\/\\\/tilk.bio\\\/et\\\/pood\\\/\"},{\"@type\":\"ListItem\",\"position\":3,\"name\":\"Power Me niisutav ja rahustav Aloe veraga n\u00e4okreem meestele\"}]},{\"@type\":\"WebSite\",\"@id\":\"https:\\\/\\\/tilk.bio\\\/et\\\/#website\",\"url\":\"https:\\\/\\\/tilk.bio\\\/et\\\/\",\"name\":\"Tilk!\",\"description\":\"Keskkonnas\u00f5bralik ja j\u00e4tkusuutlik looduskosmeetika Saaremaalt.\",\"potentialAction\":[{\"@type\":\"SearchAction\",\"target\":{\"@type\":\"EntryPoint\",\"urlTemplate\":\"https:\\\/\\\/tilk.bio\\\/et\\\/?s={search_term_string}\"},\"query-input\":{\"@type\":\"PropertyValueSpecification\",\"valueRequired\":true,\"valueName\":\"search_term_string\"}}],\"inLanguage\":\"et\"}]}<\/script>\n<!-- \/ Yoast SEO plugin. -->","yoast_head_json":{"title":"Power Me niisutav ja rahustav Aloe veraga n\u00e4okreem meestele","description":"Power Me on ideaalne n\u00e4okreem meestele. See on loodud mehe n\u00e4onaha igap\u00e4evaseks niisutamiseks, hoolduseks ning rahustamiseks.","robots":{"index":"index","follow":"follow","max-snippet":"max-snippet:-1","max-image-preview":"max-image-preview:large","max-video-preview":"max-video-preview:-1"},"canonical":"https:\/\/tilk.bio\/et\/pood\/power-me-meestekreem\/","og_locale":"et_EE","og_type":"article","og_title":"Power Me niisutav ja rahustav Aloe veraga n\u00e4okreem meestele","og_description":"Power Me is a perfect choice for men. The bioactive ingredients moisturise and protect the skin. Power Me cream is perfect after shaving \u2013 aloe vera and coconut oil calm and nourish the skin. This natural cream has no fragrances added. The natural scent is from fresh ingredients.","og_url":"https:\/\/tilk.bio\/et\/pood\/power-me-meestekreem\/","og_site_name":"Tilk!","article_publisher":"https:\/\/www.facebook.com\/tilk.bio\/","article_modified_time":"2026-04-19T07:45:08+00:00","og_image":[{"width":920,"height":1100,"url":"https:\/\/tilk.bio\/wp-content\/uploads\/2017\/04\/powerkarpkleeps.jpg","type":"image\/jpeg"}],"twitter_card":"summary_large_image","twitter_misc":{"Est. reading time":"2 minutit"},"schema":{"@context":"https:\/\/schema.org","@graph":[{"@type":"WebPage","@id":"https:\/\/tilk.bio\/et\/pood\/power-me-meestekreem\/","url":"https:\/\/tilk.bio\/et\/pood\/power-me-meestekreem\/","name":"Power Me niisutav ja rahustav Aloe veraga n\u00e4okreem meestele","isPartOf":{"@id":"https:\/\/tilk.bio\/et\/#website"},"primaryImageOfPage":{"@id":"https:\/\/tilk.bio\/et\/pood\/power-me-meestekreem\/#primaryimage"},"image":{"@id":"https:\/\/tilk.bio\/et\/pood\/power-me-meestekreem\/#primaryimage"},"thumbnailUrl":"https:\/\/tilk.bio\/wp-content\/uploads\/2018\/08\/3.jpg","datePublished":"2016-04-15T20:04:53+00:00","dateModified":"2026-04-19T07:45:08+00:00","description":"Power Me on ideaalne n\u00e4okreem meestele. See on loodud mehe n\u00e4onaha igap\u00e4evaseks niisutamiseks, hoolduseks ning rahustamiseks.","breadcrumb":{"@id":"https:\/\/tilk.bio\/et\/pood\/power-me-meestekreem\/#breadcrumb"},"inLanguage":"et","potentialAction":[{"@type":"ReadAction","target":["https:\/\/tilk.bio\/et\/pood\/power-me-meestekreem\/"]}]},{"@type":"ImageObject","inLanguage":"et","@id":"https:\/\/tilk.bio\/et\/pood\/power-me-meestekreem\/#primaryimage","url":"https:\/\/tilk.bio\/wp-content\/uploads\/2018\/08\/3.jpg","contentUrl":"https:\/\/tilk.bio\/wp-content\/uploads\/2018\/08\/3.jpg","width":1200,"height":1200},{"@type":"BreadcrumbList","@id":"https:\/\/tilk.bio\/et\/pood\/power-me-meestekreem\/#breadcrumb","itemListElement":[{"@type":"ListItem","position":1,"name":"Home","item":"https:\/\/tilk.bio\/et\/"},{"@type":"ListItem","position":2,"name":"Pood","item":"https:\/\/tilk.bio\/et\/pood\/"},{"@type":"ListItem","position":3,"name":"Power Me niisutav ja rahustav Aloe veraga n\u00e4okreem meestele"}]},{"@type":"WebSite","@id":"https:\/\/tilk.bio\/et\/#website","url":"https:\/\/tilk.bio\/et\/","name":"Tilk!","description":"Keskkonnas\u00f5bralik ja j\u00e4tkusuutlik looduskosmeetika Saaremaalt.","potentialAction":[{"@type":"SearchAction","target":{"@type":"EntryPoint","urlTemplate":"https:\/\/tilk.bio\/et\/?s={search_term_string}"},"query-input":{"@type":"PropertyValueSpecification","valueRequired":true,"valueName":"search_term_string"}}],"inLanguage":"et"}]}},"_links":{"self":[{"href":"https:\/\/tilk.bio\/et\/wp-json\/wp\/v2\/product\/22969","targetHints":{"allow":["GET"]}}],"collection":[{"href":"https:\/\/tilk.bio\/et\/wp-json\/wp\/v2\/product"}],"about":[{"href":"https:\/\/tilk.bio\/et\/wp-json\/wp\/v2\/types\/product"}],"replies":[{"embeddable":true,"href":"https:\/\/tilk.bio\/et\/wp-json\/wp\/v2\/comments?post=22969"}],"wp:featuredmedia":[{"embeddable":true,"href":"https:\/\/tilk.bio\/et\/wp-json\/wp\/v2\/media\/67423"}],"wp:attachment":[{"href":"https:\/\/tilk.bio\/et\/wp-json\/wp\/v2\/media?parent=22969"}],"wp:term":[{"taxonomy":"product_brand","embeddable":true,"href":"https:\/\/tilk.bio\/et\/wp-json\/wp\/v2\/product_brand?post=22969"},{"taxonomy":"product_cat","embeddable":true,"href":"https:\/\/tilk.bio\/et\/wp-json\/wp\/v2\/product_cat?post=22969"},{"taxonomy":"product_tag","embeddable":true,"href":"https:\/\/tilk.bio\/et\/wp-json\/wp\/v2\/product_tag?post=22969"}],"curies":[{"name":"wp","href":"https:\/\/api.w.org\/{rel}","templated":true}]}}