{"id":23249,"date":"2018-08-27T14:18:48","date_gmt":"2018-08-27T14:18:48","guid":{"rendered":"https:\/\/tilk.bio\/shop\/spoil-me-naoseerum\/"},"modified":"2026-04-14T16:45:26","modified_gmt":"2026-04-14T13:45:26","slug":"spoil-me-naoseerum","status":"publish","type":"product","link":"https:\/\/tilk.bio\/et\/pood\/spoil-me-naoseerum\/","title":{"rendered":"Spoil Me vananemisvastane n\u00e4oseerum Q10-ga"},"content":{"rendered":"<p>AUHINNATUD N\u00c4OSEERUM<\/p>\n<p>Spoil Me on eriliselt luksusliku koostisega vananemisvastane n\u00e4oseerum, mis sisaldab v\u00f5imsat antioks\u00fcdanti koens\u00fc\u00fcm Q10, toidab nahka ja m\u00f5jub noorendavalt. Seerumi looduslikud koostisosad t\u00f6\u00f6tavad koos naha <a href=\"https:\/\/tilk.bio\/et\/nahatuup\/kups-nahk\/\">vananemise vastu<\/a> &#8211; aitavad uuendada naharakke, moodustada kollageeni, toidavad nahka vitamiinidega ja v\u00f5itlevad vabade radikaalidega.<\/p>\n<p>Nurmenuku-, saialille-, kummeli- ja kibuvitsa\u00f5li bioaktiivsed toimeained puhastavad, rahustavad ja niisutavad nahka. Jojoba-, nisuidu- ja kookos\u00f5lis sisalduv E-vitamiin m\u00f5jub noorendavalt, siludes, taastades ja pinguldades nahka. Nahakahjustuste parandamisel ning kortsude tekke ennetamisel on oluline roll nisuidu- ja jojoba\u00f5lil.<\/p>\n<p>Nurmenukk soodustab kollageeni moodustumist, toetades E-vitamiini m\u00f5ju, mis aitab pidurdada rakkude vananemist. Lisaks aitab nurmenukk pigmendilaike heledamaks muuta. V\u00f5imas antioks\u00fcdant koens\u00fc\u00fcm Q10 seob vabu radikaale, aitab naharakkudel uueneda ja hoiab naha tervena. Kuningkepi\u00f5li on rikas unikaalse gamma-linoleenhappe poolest, mis aitab nahal noorem v\u00e4lja n\u00e4ha ning v\u00e4hendab kortse. N\u00e4oseerumi taimne aroom tuleb viiruki ja petitgraini m\u00f5nusast kooslusest.<\/p>\n<p><strong>Vananemisvastane n\u00e4oseerum &#8211; kasutamine<\/strong><\/p>\n<p>N\u00e4o\u00f5li saab kasutada mitmel viisil s\u00f5ltuvalt nahat\u00fc\u00fcbist ja eelistustest. Siin on m\u00f5ned peamised soovitused, kuidas n\u00e4o\u00f5li n\u00e4ohooldusesse lisada:<\/p>\n<ol>\n<li><strong>Kreemi j\u00e4rel<\/strong>: P\u00e4rast n\u00e4okreemi pealekandmist v\u00f5ib lisada \u00f5hukese kihi n\u00e4o\u00f5li, mis aitab niiskust nahas lukustada. See sobib h\u00e4sti kuivale ja normaalsele nahale.<\/li>\n<li><strong>N\u00e4okreemiga segamine<\/strong>: Kui soovid \u00f5rna s\u00e4ra ja pehmendavat toimet, v\u00f5id lisada paar tilka n\u00e4o\u00f5li oma n\u00e4okreemi hulka ja kanda m\u00f5lemad korraga nahale.<\/li>\n<li><b>\u00d6iseks kasutamiseks:<\/b>\u00a0N\u00e4o\u00f5li v\u00f5ib kasutada \u00f6\u00f6sel niisutajana, eriti talvisel ajal ja kuivale nahale. See aitab hommikuks naha siledamaks ja elastsemaks muuta.<\/li>\n<li><strong>Massaa\u017eiks<\/strong>: N\u00e4o\u00f5li on suurep\u00e4rane n\u00e4omassaa\u017ei tegemiseks, kuna see v\u00e4hendab h\u00f5\u00f5rdumist ja aitab vereringet parandada.<\/li>\n<li><strong>Ainult kuivematele piirkondadele<\/strong>: Kui sul on kombineeritud nahk, v\u00f5id \u00f5li kanda ainult kuivematele aladele (n\u00e4iteks p\u00f5sed), j\u00e4ttes rasusemad alad puutumata.<\/li>\n<\/ol>\n<p>Paar \u00fcldist nippi:<\/p>\n<ul>\n<li>Kasuta \u00f5li alati p\u00e4rast vee baasil seerumeid ja niisutajaid, sest \u00f5li toimib t\u00f5kkena, mis takistab vee aurustumist nahast.<\/li>\n<li>Alusta 2-3 tilgast ja kohanda kogust vastavalt vajadusele.<\/li>\n<\/ul>\n<p>K\u00f5ik n\u00e4oseerumi koostisosad on looduslikku p\u00e4ritolu ja vegan. Seerumi loomisel oleme kasutanud Saaremaalt k\u00e4sitsi korjatud taimede \u00f5lisid.<\/p>\n<p>Hoiustamine: Hoiusta toatemperatuuril ja kaitstuna otsese p\u00e4ikesevalguse eest.<\/p>\n<p>Kogus: 15ml<\/p>\n<p><a ref=\"magnificPopup\" href=\"https:\/\/tilk.bio\/wp-content\/uploads\/2016\/01\/Vegan_sign-07.png\"><img loading=\"lazy\" decoding=\"async\" class=\"alignnone wp-image-17806\" src=\"https:\/\/tilk.bio\/wp-content\/uploads\/2016\/01\/Vegan_sign-07.png\" alt=\"\" width=\"85\" height=\"85\" srcset=\"https:\/\/tilk.bio\/wp-content\/uploads\/2016\/01\/Vegan_sign-07.png 165w, https:\/\/tilk.bio\/wp-content\/uploads\/2016\/01\/Vegan_sign-07-150x150.png 150w\" sizes=\"auto, (max-width: 85px) 100vw, 85px\" \/><\/a><a ref=\"magnificPopup\" href=\"https:\/\/tilk.bio\/wp-content\/uploads\/2018\/08\/package_anim_2.gif\"><img loading=\"lazy\" decoding=\"async\" class=\"alignnone size-full wp-image-23968\" src=\"https:\/\/tilk.bio\/wp-content\/uploads\/2018\/08\/package_anim_2.gif\" alt=\"keskkonnas\u00e4\u00e4stlik\" width=\"125\" height=\"100\" \/><\/a><\/p>\n","protected":false},"excerpt":{"rendered":"<p>AUHINNATUD N\u00c4OSEERUM Spoil Me on eriliselt luksusliku koostisega vananemisvastane n\u00e4oseerum, mis sisaldab v\u00f5imsat antioks\u00fcdanti koens\u00fc\u00fcm Q10, toidab nahka ja m\u00f5jub noorendavalt. Seerumi looduslikud koostisosad t\u00f6\u00f6tavad koos naha vananemise vastu &#8211; aitavad uuendada naharakke, moodustada kollageeni, toidavad nahka vitamiinidega ja v\u00f5itlevad vabade radikaalidega. Nurmenuku-, saialille-, kummeli- ja kibuvitsa\u00f5li bioaktiivsed toimeained puhastavad, rahustavad ja niisutavad nahka. Jojoba-,&#8230;<\/p>\n","protected":false},"featured_media":67451,"comment_status":"open","ping_status":"closed","template":"","meta":{"_acf_changed":false},"product_brand":[],"product_cat":[532,494,389,689,511,692,893,691,713,688],"product_tag":[571,619,556,465,558],"class_list":{"0":"post-23249","1":"product","2":"type-product","3":"status-publish","4":"has-post-thumbnail","6":"product_cat-naooli","7":"product_cat-klientide-lemmikud","8":"product_cat-koik-tooted","9":"product_cat-kuiv-nahk","10":"product_cat-naohooldus","11":"product_cat-normaalne-ja-kombineeritud-nahk","12":"product_cat-q10-et","13":"product_cat-tekstuuri-ja-tooniprobleemidega-nahk","14":"product_cat-tilk-herbal-et","15":"product_cat-vananemisilmingutega-nahk","16":"product_tag-julmusevaba-et","17":"product_tag-klaaspakend","18":"product_tag-palmiolivaba","19":"product_tag-vananemisvastane","20":"product_tag-vegan-et","22":"first","23":"instock","24":"taxable","25":"shipping-taxable","26":"purchasable","27":"product-type-variable"},"acf":[],"yoast_head":"<!-- This site is optimized with the Yoast SEO plugin v27.4 - https:\/\/yoast.com\/product\/yoast-seo-wordpress\/ -->\n<title>n\u00e4oseerum Q10-ga Spoil Me<\/title>\n<meta name=\"description\" content=\"Spoil Me on eriliselt luksusliku koostisega vananemisvastane n\u00e4oseerum, mis sisaldab v\u00f5imsat antioks\u00fcdanti koens\u00fc\u00fcm Q10, toidab nahka ja m\u00f5jub noorendavalt.\" \/>\n<meta name=\"robots\" content=\"index, follow, max-snippet:-1, max-image-preview:large, max-video-preview:-1\" \/>\n<link rel=\"canonical\" href=\"https:\/\/tilk.bio\/et\/pood\/spoil-me-naoseerum\/\" \/>\n<meta property=\"og:locale\" content=\"et_EE\" \/>\n<meta property=\"og:type\" content=\"article\" \/>\n<meta property=\"og:title\" content=\"n\u00e4oseerum Q10-ga Spoil Me\" \/>\n<meta property=\"og:description\" content=\"Spoil Me on eriliselt luksusliku koostisega vananemisvastane n\u00e4oseerum, mis sisaldab v\u00f5imsat antioks\u00fcdanti koens\u00fc\u00fcm Q10, toidab nahka ja m\u00f5jub noorendavalt.\" \/>\n<meta property=\"og:url\" content=\"https:\/\/tilk.bio\/et\/pood\/spoil-me-naoseerum\/\" \/>\n<meta property=\"og:site_name\" content=\"Tilk!\" \/>\n<meta property=\"article:publisher\" content=\"https:\/\/www.facebook.com\/tilk.bio\/\" \/>\n<meta property=\"article:modified_time\" content=\"2026-04-14T13:45:26+00:00\" \/>\n<meta property=\"og:image\" content=\"https:\/\/tilk.bio\/wp-content\/uploads\/2018\/08\/10.jpg\" \/>\n\t<meta property=\"og:image:width\" content=\"1200\" \/>\n\t<meta property=\"og:image:height\" content=\"1200\" \/>\n\t<meta property=\"og:image:type\" content=\"image\/jpeg\" \/>\n<meta name=\"twitter:card\" content=\"summary_large_image\" \/>\n<meta name=\"twitter:label1\" content=\"Est. reading time\" \/>\n\t<meta name=\"twitter:data1\" content=\"2 minutit\" \/>\n<script type=\"application\/ld+json\" class=\"yoast-schema-graph\">{\"@context\":\"https:\\\/\\\/schema.org\",\"@graph\":[{\"@type\":\"WebPage\",\"@id\":\"https:\\\/\\\/tilk.bio\\\/et\\\/pood\\\/spoil-me-naoseerum\\\/\",\"url\":\"https:\\\/\\\/tilk.bio\\\/et\\\/pood\\\/spoil-me-naoseerum\\\/\",\"name\":\"n\u00e4oseerum Q10-ga Spoil Me\",\"isPartOf\":{\"@id\":\"https:\\\/\\\/tilk.bio\\\/et\\\/#website\"},\"primaryImageOfPage\":{\"@id\":\"https:\\\/\\\/tilk.bio\\\/et\\\/pood\\\/spoil-me-naoseerum\\\/#primaryimage\"},\"image\":{\"@id\":\"https:\\\/\\\/tilk.bio\\\/et\\\/pood\\\/spoil-me-naoseerum\\\/#primaryimage\"},\"thumbnailUrl\":\"https:\\\/\\\/tilk.bio\\\/wp-content\\\/uploads\\\/2018\\\/08\\\/10.jpg\",\"datePublished\":\"2018-08-27T14:18:48+00:00\",\"dateModified\":\"2026-04-14T13:45:26+00:00\",\"description\":\"Spoil Me on eriliselt luksusliku koostisega vananemisvastane n\u00e4oseerum, mis sisaldab v\u00f5imsat antioks\u00fcdanti koens\u00fc\u00fcm Q10, toidab nahka ja m\u00f5jub noorendavalt.\",\"breadcrumb\":{\"@id\":\"https:\\\/\\\/tilk.bio\\\/et\\\/pood\\\/spoil-me-naoseerum\\\/#breadcrumb\"},\"inLanguage\":\"et\",\"potentialAction\":[{\"@type\":\"ReadAction\",\"target\":[\"https:\\\/\\\/tilk.bio\\\/et\\\/pood\\\/spoil-me-naoseerum\\\/\"]}]},{\"@type\":\"ImageObject\",\"inLanguage\":\"et\",\"@id\":\"https:\\\/\\\/tilk.bio\\\/et\\\/pood\\\/spoil-me-naoseerum\\\/#primaryimage\",\"url\":\"https:\\\/\\\/tilk.bio\\\/wp-content\\\/uploads\\\/2018\\\/08\\\/10.jpg\",\"contentUrl\":\"https:\\\/\\\/tilk.bio\\\/wp-content\\\/uploads\\\/2018\\\/08\\\/10.jpg\",\"width\":1200,\"height\":1200},{\"@type\":\"BreadcrumbList\",\"@id\":\"https:\\\/\\\/tilk.bio\\\/et\\\/pood\\\/spoil-me-naoseerum\\\/#breadcrumb\",\"itemListElement\":[{\"@type\":\"ListItem\",\"position\":1,\"name\":\"Home\",\"item\":\"https:\\\/\\\/tilk.bio\\\/et\\\/\"},{\"@type\":\"ListItem\",\"position\":2,\"name\":\"Pood\",\"item\":\"https:\\\/\\\/tilk.bio\\\/et\\\/pood\\\/\"},{\"@type\":\"ListItem\",\"position\":3,\"name\":\"Spoil Me vananemisvastane n\u00e4oseerum Q10-ga\"}]},{\"@type\":\"WebSite\",\"@id\":\"https:\\\/\\\/tilk.bio\\\/et\\\/#website\",\"url\":\"https:\\\/\\\/tilk.bio\\\/et\\\/\",\"name\":\"Tilk!\",\"description\":\"Keskkonnas\u00f5bralik ja j\u00e4tkusuutlik looduskosmeetika Saaremaalt.\",\"potentialAction\":[{\"@type\":\"SearchAction\",\"target\":{\"@type\":\"EntryPoint\",\"urlTemplate\":\"https:\\\/\\\/tilk.bio\\\/et\\\/?s={search_term_string}\"},\"query-input\":{\"@type\":\"PropertyValueSpecification\",\"valueRequired\":true,\"valueName\":\"search_term_string\"}}],\"inLanguage\":\"et\"}]}<\/script>\n<!-- \/ Yoast SEO plugin. -->","yoast_head_json":{"title":"n\u00e4oseerum Q10-ga Spoil Me","description":"Spoil Me on eriliselt luksusliku koostisega vananemisvastane n\u00e4oseerum, mis sisaldab v\u00f5imsat antioks\u00fcdanti koens\u00fc\u00fcm Q10, toidab nahka ja m\u00f5jub noorendavalt.","robots":{"index":"index","follow":"follow","max-snippet":"max-snippet:-1","max-image-preview":"max-image-preview:large","max-video-preview":"max-video-preview:-1"},"canonical":"https:\/\/tilk.bio\/et\/pood\/spoil-me-naoseerum\/","og_locale":"et_EE","og_type":"article","og_title":"n\u00e4oseerum Q10-ga Spoil Me","og_description":"Spoil Me on eriliselt luksusliku koostisega vananemisvastane n\u00e4oseerum, mis sisaldab v\u00f5imsat antioks\u00fcdanti koens\u00fc\u00fcm Q10, toidab nahka ja m\u00f5jub noorendavalt.","og_url":"https:\/\/tilk.bio\/et\/pood\/spoil-me-naoseerum\/","og_site_name":"Tilk!","article_publisher":"https:\/\/www.facebook.com\/tilk.bio\/","article_modified_time":"2026-04-14T13:45:26+00:00","og_image":[{"width":1200,"height":1200,"url":"https:\/\/tilk.bio\/wp-content\/uploads\/2018\/08\/10.jpg","type":"image\/jpeg"}],"twitter_card":"summary_large_image","twitter_misc":{"Est. reading time":"2 minutit"},"schema":{"@context":"https:\/\/schema.org","@graph":[{"@type":"WebPage","@id":"https:\/\/tilk.bio\/et\/pood\/spoil-me-naoseerum\/","url":"https:\/\/tilk.bio\/et\/pood\/spoil-me-naoseerum\/","name":"n\u00e4oseerum Q10-ga Spoil Me","isPartOf":{"@id":"https:\/\/tilk.bio\/et\/#website"},"primaryImageOfPage":{"@id":"https:\/\/tilk.bio\/et\/pood\/spoil-me-naoseerum\/#primaryimage"},"image":{"@id":"https:\/\/tilk.bio\/et\/pood\/spoil-me-naoseerum\/#primaryimage"},"thumbnailUrl":"https:\/\/tilk.bio\/wp-content\/uploads\/2018\/08\/10.jpg","datePublished":"2018-08-27T14:18:48+00:00","dateModified":"2026-04-14T13:45:26+00:00","description":"Spoil Me on eriliselt luksusliku koostisega vananemisvastane n\u00e4oseerum, mis sisaldab v\u00f5imsat antioks\u00fcdanti koens\u00fc\u00fcm Q10, toidab nahka ja m\u00f5jub noorendavalt.","breadcrumb":{"@id":"https:\/\/tilk.bio\/et\/pood\/spoil-me-naoseerum\/#breadcrumb"},"inLanguage":"et","potentialAction":[{"@type":"ReadAction","target":["https:\/\/tilk.bio\/et\/pood\/spoil-me-naoseerum\/"]}]},{"@type":"ImageObject","inLanguage":"et","@id":"https:\/\/tilk.bio\/et\/pood\/spoil-me-naoseerum\/#primaryimage","url":"https:\/\/tilk.bio\/wp-content\/uploads\/2018\/08\/10.jpg","contentUrl":"https:\/\/tilk.bio\/wp-content\/uploads\/2018\/08\/10.jpg","width":1200,"height":1200},{"@type":"BreadcrumbList","@id":"https:\/\/tilk.bio\/et\/pood\/spoil-me-naoseerum\/#breadcrumb","itemListElement":[{"@type":"ListItem","position":1,"name":"Home","item":"https:\/\/tilk.bio\/et\/"},{"@type":"ListItem","position":2,"name":"Pood","item":"https:\/\/tilk.bio\/et\/pood\/"},{"@type":"ListItem","position":3,"name":"Spoil Me vananemisvastane n\u00e4oseerum Q10-ga"}]},{"@type":"WebSite","@id":"https:\/\/tilk.bio\/et\/#website","url":"https:\/\/tilk.bio\/et\/","name":"Tilk!","description":"Keskkonnas\u00f5bralik ja j\u00e4tkusuutlik looduskosmeetika Saaremaalt.","potentialAction":[{"@type":"SearchAction","target":{"@type":"EntryPoint","urlTemplate":"https:\/\/tilk.bio\/et\/?s={search_term_string}"},"query-input":{"@type":"PropertyValueSpecification","valueRequired":true,"valueName":"search_term_string"}}],"inLanguage":"et"}]}},"_links":{"self":[{"href":"https:\/\/tilk.bio\/et\/wp-json\/wp\/v2\/product\/23249","targetHints":{"allow":["GET"]}}],"collection":[{"href":"https:\/\/tilk.bio\/et\/wp-json\/wp\/v2\/product"}],"about":[{"href":"https:\/\/tilk.bio\/et\/wp-json\/wp\/v2\/types\/product"}],"replies":[{"embeddable":true,"href":"https:\/\/tilk.bio\/et\/wp-json\/wp\/v2\/comments?post=23249"}],"wp:featuredmedia":[{"embeddable":true,"href":"https:\/\/tilk.bio\/et\/wp-json\/wp\/v2\/media\/67451"}],"wp:attachment":[{"href":"https:\/\/tilk.bio\/et\/wp-json\/wp\/v2\/media?parent=23249"}],"wp:term":[{"taxonomy":"product_brand","embeddable":true,"href":"https:\/\/tilk.bio\/et\/wp-json\/wp\/v2\/product_brand?post=23249"},{"taxonomy":"product_cat","embeddable":true,"href":"https:\/\/tilk.bio\/et\/wp-json\/wp\/v2\/product_cat?post=23249"},{"taxonomy":"product_tag","embeddable":true,"href":"https:\/\/tilk.bio\/et\/wp-json\/wp\/v2\/product_tag?post=23249"}],"curies":[{"name":"wp","href":"https:\/\/api.w.org\/{rel}","templated":true}]}}