{"id":24004,"date":"2010-11-01T13:56:05","date_gmt":"2010-11-01T11:56:05","guid":{"rendered":"https:\/\/tilk.bio\/?post_type=product&#038;p=24004"},"modified":"2026-02-04T13:28:59","modified_gmt":"2026-02-04T11:28:59","slug":"tilk-christmas-scrubber-kit","status":"publish","type":"product","link":"https:\/\/tilk.bio\/et\/pood\/tilk-christmas-scrubber-kit\/","title":{"rendered":"Komplekt n\u00e4okoorijaga"},"content":{"rendered":"","protected":false},"excerpt":{"rendered":"<p>Erilises pakendis komplekt koorijaga on ideaalne kingitus armsale s\u00f5brale. See komplekt on ideaalne reisikaaslane, sest koosneb reisis\u00f5bralikest toodetest ja annab samas ka suurep\u00e4rase v\u00f5imaluse proovida erinevaid meie tooteid, et leida oma lemmikud! Komplekti kuuluvad n\u00e4okoorija (10 ml), huulepalsam (4,8 ml) ja k\u00e4tekreem (10 ml).<\/p>\n<div class=\"w-post-elm post_content\">\n<p><strong><a href=\"https:\/\/tilk.bio\/et\/pood\/scrub-me-naokoorija-koikidele-nahatuupidele\/\">Scrub Me (10 ml)<\/a><\/strong> \u00f5rn n\u00e4okoorija aitab rakkudel uueneda ja pakub nahale s\u00fcgavniisutavat kosutust. Koorija kasutamine aitab ennetada nahaaluste ummistuste teket ning puhastada juba ummistunud poore. Samaaegselt surnud naharakkude eemaldamisega annab koorija v\u00e4rskust ja niisutust, sobides k\u00f5ikidele nahat\u00fc\u00fcpidele.<\/p>\n<p><strong><a href=\"https:\/\/tilk.bio\/et\/pood\/taimne-huulepalsam-kiss-me\/\">Huulepalsam (4,8 ml)<\/a><\/strong> kaitseb ja pehmendab huuli ning annab neile kerge loomuliku l\u00e4ike. Huulepalsam hoiab huuli ka tuule ja k\u00fclma kahjulike m\u00f5jude eest ning aitab taastada \u00f5rna juba kahjustunud nahka.<\/p>\n<p><strong><a href=\"https:\/\/tilk.bio\/et\/pood\/love-me-katekreem\/\">Love Me (10 ml)<\/a> <\/strong>on ideaalne niisutav k\u00e4tekreem \u2013 see muudab k\u00e4ed siidiseks, pehmendab kuiva nahka ja sisaldab ohtralt vitamiine. Kuna lisaks meie n\u00e4ole peegeldavad meie vanust ka meie k\u00e4ed, aitab k\u00e4tekreemi kasutamine toniseerida k\u00e4te \u00f5rna nahka ning ennetada kortsude teket.<\/p>\n<p>Loe l\u00e4hemalt iga toote kohta, klikkides toote nimele.<\/p>\n<\/div>\n","protected":false},"featured_media":67538,"comment_status":"open","ping_status":"closed","template":"","meta":{"_acf_changed":false},"product_brand":[],"product_cat":[389,499,511,500,713],"product_tag":[215,218,212,211,219,216,220,213,217,214],"class_list":{"0":"post-24004","1":"product","2":"type-product","3":"status-publish","4":"has-post-thumbnail","6":"product_cat-koik-tooted","7":"product_cat-komplektid","8":"product_cat-naohooldus","9":"product_cat-reisitooted","10":"product_cat-tilk-herbal-et","11":"product_tag-seganahk","12":"product_tag-kreem","13":"product_tag-kuiv-nahk","14":"product_tag-moisture-me-et-2","15":"product_tag-nahahooldus","16":"product_tag-normaalne-nahk","17":"product_tag-pakk","18":"product_tag-rasune-nahk","19":"product_tag-naokreem","20":"product_tag-tundlik-nahk","22":"first","23":"instock","24":"taxable","25":"shipping-taxable","26":"purchasable","27":"product-type-variable"},"acf":[],"yoast_head":"<!-- This site is optimized with the Yoast SEO plugin v27.4 - https:\/\/yoast.com\/product\/yoast-seo-wordpress\/ -->\n<title>Komplekt n\u00e4okoorijaga - Tilk!<\/title>\n<meta name=\"description\" content=\"Eriseeriana valminud Tilk! Christmas Scrubber Kit on j\u00f5uludeks valminud spetsiaalne komplekt, mis on ideaalne kingitus Sinule endale v\u00f5i s\u00f5brannale. See komplekt on ideaalne reisikaaslane, mis koosneb reisis\u00f5bralikest toodetest. Christmas Scrubber Kit on suurep\u00e4rane v\u00f5imalus proovida Tilk! erinevaid tooteid, et leida oma lemmikud! Komplekti kuulub n\u00e4okoorija (10ml), taimne huulepalsam (4,8ml) ja k\u00e4tekreem (10ml).\" \/>\n<meta name=\"robots\" content=\"index, follow, max-snippet:-1, max-image-preview:large, max-video-preview:-1\" \/>\n<link rel=\"canonical\" href=\"https:\/\/tilk.bio\/et\/pood\/tilk-christmas-scrubber-kit\/\" \/>\n<meta property=\"og:locale\" content=\"et_EE\" \/>\n<meta property=\"og:type\" content=\"article\" \/>\n<meta property=\"og:title\" content=\"Komplekt n\u00e4okoorijaga - Tilk!\" \/>\n<meta property=\"og:description\" content=\"Eriseeriana valminud Tilk! Christmas Scrubber Kit on j\u00f5uludeks valminud spetsiaalne komplekt, mis on ideaalne kingitus Sinule endale v\u00f5i s\u00f5brannale. See komplekt on ideaalne reisikaaslane, mis koosneb reisis\u00f5bralikest toodetest. Christmas Scrubber Kit on suurep\u00e4rane v\u00f5imalus proovida Tilk! erinevaid tooteid, et leida oma lemmikud! Komplekti kuulub n\u00e4okoorija (10ml), taimne huulepalsam (4,8ml) ja k\u00e4tekreem (10ml).\" \/>\n<meta property=\"og:url\" content=\"https:\/\/tilk.bio\/et\/pood\/tilk-christmas-scrubber-kit\/\" \/>\n<meta property=\"og:site_name\" content=\"Tilk!\" \/>\n<meta property=\"article:publisher\" content=\"https:\/\/www.facebook.com\/tilk.bio\/\" \/>\n<meta property=\"article:modified_time\" content=\"2026-02-04T11:28:59+00:00\" \/>\n<meta property=\"og:image\" content=\"https:\/\/tilk.bio\/wp-content\/uploads\/2010\/11\/Untitled-design-73.jpg\" \/>\n\t<meta property=\"og:image:width\" content=\"1200\" \/>\n\t<meta property=\"og:image:height\" content=\"1200\" \/>\n\t<meta property=\"og:image:type\" content=\"image\/jpeg\" \/>\n<meta name=\"twitter:card\" content=\"summary_large_image\" \/>\n<script type=\"application\/ld+json\" class=\"yoast-schema-graph\">{\"@context\":\"https:\\\/\\\/schema.org\",\"@graph\":[{\"@type\":\"WebPage\",\"@id\":\"https:\\\/\\\/tilk.bio\\\/et\\\/pood\\\/tilk-christmas-scrubber-kit\\\/\",\"url\":\"https:\\\/\\\/tilk.bio\\\/et\\\/pood\\\/tilk-christmas-scrubber-kit\\\/\",\"name\":\"Komplekt n\u00e4okoorijaga - Tilk!\",\"isPartOf\":{\"@id\":\"https:\\\/\\\/tilk.bio\\\/et\\\/#website\"},\"primaryImageOfPage\":{\"@id\":\"https:\\\/\\\/tilk.bio\\\/et\\\/pood\\\/tilk-christmas-scrubber-kit\\\/#primaryimage\"},\"image\":{\"@id\":\"https:\\\/\\\/tilk.bio\\\/et\\\/pood\\\/tilk-christmas-scrubber-kit\\\/#primaryimage\"},\"thumbnailUrl\":\"https:\\\/\\\/tilk.bio\\\/wp-content\\\/uploads\\\/2010\\\/11\\\/Untitled-design-73.jpg\",\"datePublished\":\"2010-11-01T11:56:05+00:00\",\"dateModified\":\"2026-02-04T11:28:59+00:00\",\"description\":\"Eriseeriana valminud Tilk! Christmas Scrubber Kit on j\u00f5uludeks valminud spetsiaalne komplekt, mis on ideaalne kingitus Sinule endale v\u00f5i s\u00f5brannale. See komplekt on ideaalne reisikaaslane, mis koosneb reisis\u00f5bralikest toodetest. Christmas Scrubber Kit on suurep\u00e4rane v\u00f5imalus proovida Tilk! erinevaid tooteid, et leida oma lemmikud! Komplekti kuulub n\u00e4okoorija (10ml), taimne huulepalsam (4,8ml) ja k\u00e4tekreem (10ml).\",\"breadcrumb\":{\"@id\":\"https:\\\/\\\/tilk.bio\\\/et\\\/pood\\\/tilk-christmas-scrubber-kit\\\/#breadcrumb\"},\"inLanguage\":\"et\",\"potentialAction\":[{\"@type\":\"ReadAction\",\"target\":[\"https:\\\/\\\/tilk.bio\\\/et\\\/pood\\\/tilk-christmas-scrubber-kit\\\/\"]}]},{\"@type\":\"ImageObject\",\"inLanguage\":\"et\",\"@id\":\"https:\\\/\\\/tilk.bio\\\/et\\\/pood\\\/tilk-christmas-scrubber-kit\\\/#primaryimage\",\"url\":\"https:\\\/\\\/tilk.bio\\\/wp-content\\\/uploads\\\/2010\\\/11\\\/Untitled-design-73.jpg\",\"contentUrl\":\"https:\\\/\\\/tilk.bio\\\/wp-content\\\/uploads\\\/2010\\\/11\\\/Untitled-design-73.jpg\",\"width\":1200,\"height\":1200},{\"@type\":\"BreadcrumbList\",\"@id\":\"https:\\\/\\\/tilk.bio\\\/et\\\/pood\\\/tilk-christmas-scrubber-kit\\\/#breadcrumb\",\"itemListElement\":[{\"@type\":\"ListItem\",\"position\":1,\"name\":\"Home\",\"item\":\"https:\\\/\\\/tilk.bio\\\/et\\\/\"},{\"@type\":\"ListItem\",\"position\":2,\"name\":\"Pood\",\"item\":\"https:\\\/\\\/tilk.bio\\\/et\\\/pood\\\/\"},{\"@type\":\"ListItem\",\"position\":3,\"name\":\"Komplekt n\u00e4okoorijaga\"}]},{\"@type\":\"WebSite\",\"@id\":\"https:\\\/\\\/tilk.bio\\\/et\\\/#website\",\"url\":\"https:\\\/\\\/tilk.bio\\\/et\\\/\",\"name\":\"Tilk!\",\"description\":\"Keskkonnas\u00f5bralik ja j\u00e4tkusuutlik looduskosmeetika Saaremaalt.\",\"potentialAction\":[{\"@type\":\"SearchAction\",\"target\":{\"@type\":\"EntryPoint\",\"urlTemplate\":\"https:\\\/\\\/tilk.bio\\\/et\\\/?s={search_term_string}\"},\"query-input\":{\"@type\":\"PropertyValueSpecification\",\"valueRequired\":true,\"valueName\":\"search_term_string\"}}],\"inLanguage\":\"et\"}]}<\/script>\n<!-- \/ Yoast SEO plugin. -->","yoast_head_json":{"title":"Komplekt n\u00e4okoorijaga - Tilk!","description":"Eriseeriana valminud Tilk! Christmas Scrubber Kit on j\u00f5uludeks valminud spetsiaalne komplekt, mis on ideaalne kingitus Sinule endale v\u00f5i s\u00f5brannale. See komplekt on ideaalne reisikaaslane, mis koosneb reisis\u00f5bralikest toodetest. Christmas Scrubber Kit on suurep\u00e4rane v\u00f5imalus proovida Tilk! erinevaid tooteid, et leida oma lemmikud! Komplekti kuulub n\u00e4okoorija (10ml), taimne huulepalsam (4,8ml) ja k\u00e4tekreem (10ml).","robots":{"index":"index","follow":"follow","max-snippet":"max-snippet:-1","max-image-preview":"max-image-preview:large","max-video-preview":"max-video-preview:-1"},"canonical":"https:\/\/tilk.bio\/et\/pood\/tilk-christmas-scrubber-kit\/","og_locale":"et_EE","og_type":"article","og_title":"Komplekt n\u00e4okoorijaga - Tilk!","og_description":"Eriseeriana valminud Tilk! Christmas Scrubber Kit on j\u00f5uludeks valminud spetsiaalne komplekt, mis on ideaalne kingitus Sinule endale v\u00f5i s\u00f5brannale. See komplekt on ideaalne reisikaaslane, mis koosneb reisis\u00f5bralikest toodetest. Christmas Scrubber Kit on suurep\u00e4rane v\u00f5imalus proovida Tilk! erinevaid tooteid, et leida oma lemmikud! Komplekti kuulub n\u00e4okoorija (10ml), taimne huulepalsam (4,8ml) ja k\u00e4tekreem (10ml).","og_url":"https:\/\/tilk.bio\/et\/pood\/tilk-christmas-scrubber-kit\/","og_site_name":"Tilk!","article_publisher":"https:\/\/www.facebook.com\/tilk.bio\/","article_modified_time":"2026-02-04T11:28:59+00:00","og_image":[{"width":1200,"height":1200,"url":"https:\/\/tilk.bio\/wp-content\/uploads\/2010\/11\/Untitled-design-73.jpg","type":"image\/jpeg"}],"twitter_card":"summary_large_image","schema":{"@context":"https:\/\/schema.org","@graph":[{"@type":"WebPage","@id":"https:\/\/tilk.bio\/et\/pood\/tilk-christmas-scrubber-kit\/","url":"https:\/\/tilk.bio\/et\/pood\/tilk-christmas-scrubber-kit\/","name":"Komplekt n\u00e4okoorijaga - Tilk!","isPartOf":{"@id":"https:\/\/tilk.bio\/et\/#website"},"primaryImageOfPage":{"@id":"https:\/\/tilk.bio\/et\/pood\/tilk-christmas-scrubber-kit\/#primaryimage"},"image":{"@id":"https:\/\/tilk.bio\/et\/pood\/tilk-christmas-scrubber-kit\/#primaryimage"},"thumbnailUrl":"https:\/\/tilk.bio\/wp-content\/uploads\/2010\/11\/Untitled-design-73.jpg","datePublished":"2010-11-01T11:56:05+00:00","dateModified":"2026-02-04T11:28:59+00:00","description":"Eriseeriana valminud Tilk! Christmas Scrubber Kit on j\u00f5uludeks valminud spetsiaalne komplekt, mis on ideaalne kingitus Sinule endale v\u00f5i s\u00f5brannale. See komplekt on ideaalne reisikaaslane, mis koosneb reisis\u00f5bralikest toodetest. Christmas Scrubber Kit on suurep\u00e4rane v\u00f5imalus proovida Tilk! erinevaid tooteid, et leida oma lemmikud! Komplekti kuulub n\u00e4okoorija (10ml), taimne huulepalsam (4,8ml) ja k\u00e4tekreem (10ml).","breadcrumb":{"@id":"https:\/\/tilk.bio\/et\/pood\/tilk-christmas-scrubber-kit\/#breadcrumb"},"inLanguage":"et","potentialAction":[{"@type":"ReadAction","target":["https:\/\/tilk.bio\/et\/pood\/tilk-christmas-scrubber-kit\/"]}]},{"@type":"ImageObject","inLanguage":"et","@id":"https:\/\/tilk.bio\/et\/pood\/tilk-christmas-scrubber-kit\/#primaryimage","url":"https:\/\/tilk.bio\/wp-content\/uploads\/2010\/11\/Untitled-design-73.jpg","contentUrl":"https:\/\/tilk.bio\/wp-content\/uploads\/2010\/11\/Untitled-design-73.jpg","width":1200,"height":1200},{"@type":"BreadcrumbList","@id":"https:\/\/tilk.bio\/et\/pood\/tilk-christmas-scrubber-kit\/#breadcrumb","itemListElement":[{"@type":"ListItem","position":1,"name":"Home","item":"https:\/\/tilk.bio\/et\/"},{"@type":"ListItem","position":2,"name":"Pood","item":"https:\/\/tilk.bio\/et\/pood\/"},{"@type":"ListItem","position":3,"name":"Komplekt n\u00e4okoorijaga"}]},{"@type":"WebSite","@id":"https:\/\/tilk.bio\/et\/#website","url":"https:\/\/tilk.bio\/et\/","name":"Tilk!","description":"Keskkonnas\u00f5bralik ja j\u00e4tkusuutlik looduskosmeetika Saaremaalt.","potentialAction":[{"@type":"SearchAction","target":{"@type":"EntryPoint","urlTemplate":"https:\/\/tilk.bio\/et\/?s={search_term_string}"},"query-input":{"@type":"PropertyValueSpecification","valueRequired":true,"valueName":"search_term_string"}}],"inLanguage":"et"}]}},"_links":{"self":[{"href":"https:\/\/tilk.bio\/et\/wp-json\/wp\/v2\/product\/24004","targetHints":{"allow":["GET"]}}],"collection":[{"href":"https:\/\/tilk.bio\/et\/wp-json\/wp\/v2\/product"}],"about":[{"href":"https:\/\/tilk.bio\/et\/wp-json\/wp\/v2\/types\/product"}],"replies":[{"embeddable":true,"href":"https:\/\/tilk.bio\/et\/wp-json\/wp\/v2\/comments?post=24004"}],"wp:featuredmedia":[{"embeddable":true,"href":"https:\/\/tilk.bio\/et\/wp-json\/wp\/v2\/media\/67538"}],"wp:attachment":[{"href":"https:\/\/tilk.bio\/et\/wp-json\/wp\/v2\/media?parent=24004"}],"wp:term":[{"taxonomy":"product_brand","embeddable":true,"href":"https:\/\/tilk.bio\/et\/wp-json\/wp\/v2\/product_brand?post=24004"},{"taxonomy":"product_cat","embeddable":true,"href":"https:\/\/tilk.bio\/et\/wp-json\/wp\/v2\/product_cat?post=24004"},{"taxonomy":"product_tag","embeddable":true,"href":"https:\/\/tilk.bio\/et\/wp-json\/wp\/v2\/product_tag?post=24004"}],"curies":[{"name":"wp","href":"https:\/\/api.w.org\/{rel}","templated":true}]}}