{"id":24026,"date":"2010-11-01T14:22:52","date_gmt":"2018-11-08T14:22:56","guid":{"rendered":"https:\/\/tilk.bio\/?post_type=product&#038;p=24026"},"modified":"2025-10-21T09:46:15","modified_gmt":"2025-10-21T06:46:15","slug":"tilk-christmas-nordica-kit","status":"publish","type":"product","link":"https:\/\/tilk.bio\/et\/pood\/tilk-christmas-nordica-kit\/","title":{"rendered":"Komplekt n\u00e4okreemiga"},"content":{"rendered":"","protected":false},"excerpt":{"rendered":"<div class=\"w-post-elm post_content\">\n<p>Komplekt v\u00e4ikeses pakendis on ideaalne kingitus oma armsale s\u00f5brale. See komplekt on ideaalne reisikaaslane, sest koosneb reisis\u00f5bralikest toodetest ning samas on see suurep\u00e4rane v\u00f5imalus proovida erinevaid meie tooteid, et leida oma lemmikud! Komplektist leiad m\u00f5nusad nahaniisutajad nii n\u00e4ole kui ka k\u00e4tele.<\/p>\n<p>Iga inimese juures on midagi erilist, seega selles komplektis saab valida just oma erilisele inimesele sobiva n\u00e4okreemi. Komplekti kuuluvad sinu poolt vabalt valitud n\u00e4okreem (10 ml), huulepalsam (4.8 ml) ja k\u00e4tekreem (10 ml).<\/p>\n<p><a href=\"https:\/\/tilk.bio\/et\/pood\/love-me-katekreem\/\"><strong>Love Me (10 ml)<\/strong><\/a> on ideaalne niisutav k\u00e4tekreem \u2013 see muudab k\u00e4ed siidiseks, pehmendab kuiva nahka ja sisaldab ohtralt vitamiine. Kuna lisaks meie n\u00e4ole peegeldavad meie vanust ka meie k\u00e4ed, aitab k\u00e4tekreemi kasutamine toniseerida k\u00e4te \u00f5rna nahka ning ennetada kortsude teket.<\/p>\n<p><a href=\"https:\/\/tilk.bio\/et\/pood\/smooch-me-kaitsev-ja-pehmendav-urdipalsam-huultele\/\"><strong>Huulepalsam (4,8 ml)<\/strong><\/a> kaitseb ja pehmendab huuli ning annab neile kerge loomuliku l\u00e4ike. Huulepalsam hoiab huuli ka tuule ja k\u00fclma kahjulike m\u00f5jude eest ning aitab taastada \u00f5rna juba kahjustunud nahka.<\/p>\n<p>Meie <a href=\"https:\/\/tilk.bio\/et\/tootekategooria\/naohooldus\/naokreem\/\"><strong>mitmek\u00fclgsest n\u00e4okreemi valikust<\/strong><\/a> leiad just nahat\u00fc\u00fcbile sobiva niisutaja, mis sobib k\u00f5ige paremini naha vajadustega. Erinevate nahat\u00fc\u00fcpide ja nende vajadustega saad tutvuda <a href=\"https:\/\/tilk.bio\/find-your-skin-type\/\"><strong>nahat\u00fc\u00fcpide lehel<\/strong>.<\/a><\/p>\n<p>Loe l\u00e4hemalt iga toote kohta, klikkides toote nimele.<\/p>\n<\/div>\n<p><span data-sheets-value=\"{&quot;1&quot;:2,&quot;2&quot;:&quot;Tilk! Nordica kit komplekt on kokku pandud spetsiaalselt Nordica lennufirma jaoks. See on ideaalne reisikaaslane, mis koosneb reisisu00f5bralikest toodetest. Nordica kit on suurepu00e4rane vu00f5imalus proovida Tilk! erinevaid tooteid, et leida oma lemmikud! Komplekti kuulub sinu poolt vabalt valitud nu00e4okreem (10ml), taimne huulepalsam Kiss me (4,8ml) ja ku00e4tekreem (10ml). Oma nu00e4okreemi valik palun mu00e4rgi kommentaaridesse. Juhul, kui nu00e4okreemi eelistust ei ole mu00e4rgitud, sisaldab komplekt Regenerate me nu00e4okreemi.&quot;}\" data-sheets-userformat=\"{&quot;2&quot;:15105,&quot;3&quot;:{&quot;1&quot;:0},&quot;11&quot;:4,&quot;12&quot;:0,&quot;14&quot;:{&quot;1&quot;:2,&quot;2&quot;:0},&quot;15&quot;:&quot;Calibri&quot;,&quot;16&quot;:11}\">\u00a0<\/span><\/p>\n","protected":false},"featured_media":67519,"comment_status":"open","ping_status":"closed","template":"","meta":{"_acf_changed":false},"product_brand":[],"product_cat":[389,499,511,500,713],"product_tag":[215,218,212,211,219,216,220,213,217,214],"class_list":{"0":"post-24026","1":"product","2":"type-product","3":"status-publish","4":"has-post-thumbnail","6":"product_cat-koik-tooted","7":"product_cat-komplektid","8":"product_cat-naohooldus","9":"product_cat-reisitooted","10":"product_cat-tilk-herbal-et","11":"product_tag-seganahk","12":"product_tag-kreem","13":"product_tag-kuiv-nahk","14":"product_tag-moisture-me-et-2","15":"product_tag-nahahooldus","16":"product_tag-normaalne-nahk","17":"product_tag-pakk","18":"product_tag-rasune-nahk","19":"product_tag-naokreem","20":"product_tag-tundlik-nahk","22":"first","23":"instock","24":"taxable","25":"shipping-taxable","26":"purchasable","27":"product-type-variable"},"acf":[],"yoast_head":"<!-- This site is optimized with the Yoast SEO plugin v27.4 - https:\/\/yoast.com\/product\/yoast-seo-wordpress\/ -->\n<title>Komplekt n\u00e4okreemiga - Tilk!<\/title>\n<meta name=\"description\" content=\"This Tilk! gift bag contains of great choice of fresh and natural face creams that make you feel gorgeous. It is an ideal option for those who would like to receive a selection of our creams at once!\" \/>\n<meta name=\"robots\" content=\"index, follow, max-snippet:-1, max-image-preview:large, max-video-preview:-1\" \/>\n<link rel=\"canonical\" href=\"https:\/\/tilk.bio\/et\/pood\/tilk-christmas-nordica-kit\/\" \/>\n<meta property=\"og:locale\" content=\"et_EE\" \/>\n<meta property=\"og:type\" content=\"article\" \/>\n<meta property=\"og:title\" content=\"Komplekt n\u00e4okreemiga - Tilk!\" \/>\n<meta property=\"og:description\" content=\"This Tilk! gift bag contains of great choice of fresh and natural face creams that make you feel gorgeous. It is an ideal option for those who would like to receive a selection of our creams at once!\" \/>\n<meta property=\"og:url\" content=\"https:\/\/tilk.bio\/et\/pood\/tilk-christmas-nordica-kit\/\" \/>\n<meta property=\"og:site_name\" content=\"Tilk!\" \/>\n<meta property=\"article:publisher\" content=\"https:\/\/www.facebook.com\/tilk.bio\/\" \/>\n<meta property=\"article:modified_time\" content=\"2025-10-21T06:46:15+00:00\" \/>\n<meta property=\"og:image\" content=\"https:\/\/tilk.bio\/wp-content\/uploads\/2010\/12\/1-1.jpg\" \/>\n\t<meta property=\"og:image:width\" content=\"1200\" \/>\n\t<meta property=\"og:image:height\" content=\"1200\" \/>\n\t<meta property=\"og:image:type\" content=\"image\/jpeg\" \/>\n<meta name=\"twitter:card\" content=\"summary_large_image\" \/>\n<meta name=\"twitter:image\" content=\"https:\/\/tilk.bio\/wp-content\/uploads\/2016\/01\/naturaln-hand-cream-love-me.jpg\" \/>\n<script type=\"application\/ld+json\" class=\"yoast-schema-graph\">{\"@context\":\"https:\\\/\\\/schema.org\",\"@graph\":[{\"@type\":\"WebPage\",\"@id\":\"https:\\\/\\\/tilk.bio\\\/et\\\/pood\\\/tilk-christmas-nordica-kit\\\/\",\"url\":\"https:\\\/\\\/tilk.bio\\\/et\\\/pood\\\/tilk-christmas-nordica-kit\\\/\",\"name\":\"Komplekt n\u00e4okreemiga - Tilk!\",\"isPartOf\":{\"@id\":\"https:\\\/\\\/tilk.bio\\\/et\\\/#website\"},\"primaryImageOfPage\":{\"@id\":\"https:\\\/\\\/tilk.bio\\\/et\\\/pood\\\/tilk-christmas-nordica-kit\\\/#primaryimage\"},\"image\":{\"@id\":\"https:\\\/\\\/tilk.bio\\\/et\\\/pood\\\/tilk-christmas-nordica-kit\\\/#primaryimage\"},\"thumbnailUrl\":\"https:\\\/\\\/tilk.bio\\\/wp-content\\\/uploads\\\/2010\\\/12\\\/1-1.jpg\",\"datePublished\":\"2018-11-08T14:22:56+00:00\",\"dateModified\":\"2025-10-21T06:46:15+00:00\",\"description\":\"This Tilk! gift bag contains of great choice of fresh and natural face creams that make you feel gorgeous. It is an ideal option for those who would like to receive a selection of our creams at once!\",\"breadcrumb\":{\"@id\":\"https:\\\/\\\/tilk.bio\\\/et\\\/pood\\\/tilk-christmas-nordica-kit\\\/#breadcrumb\"},\"inLanguage\":\"et\",\"potentialAction\":[{\"@type\":\"ReadAction\",\"target\":[\"https:\\\/\\\/tilk.bio\\\/et\\\/pood\\\/tilk-christmas-nordica-kit\\\/\"]}]},{\"@type\":\"ImageObject\",\"inLanguage\":\"et\",\"@id\":\"https:\\\/\\\/tilk.bio\\\/et\\\/pood\\\/tilk-christmas-nordica-kit\\\/#primaryimage\",\"url\":\"https:\\\/\\\/tilk.bio\\\/wp-content\\\/uploads\\\/2010\\\/12\\\/1-1.jpg\",\"contentUrl\":\"https:\\\/\\\/tilk.bio\\\/wp-content\\\/uploads\\\/2010\\\/12\\\/1-1.jpg\",\"width\":1200,\"height\":1200},{\"@type\":\"BreadcrumbList\",\"@id\":\"https:\\\/\\\/tilk.bio\\\/et\\\/pood\\\/tilk-christmas-nordica-kit\\\/#breadcrumb\",\"itemListElement\":[{\"@type\":\"ListItem\",\"position\":1,\"name\":\"Home\",\"item\":\"https:\\\/\\\/tilk.bio\\\/et\\\/\"},{\"@type\":\"ListItem\",\"position\":2,\"name\":\"Pood\",\"item\":\"https:\\\/\\\/tilk.bio\\\/et\\\/pood\\\/\"},{\"@type\":\"ListItem\",\"position\":3,\"name\":\"Komplekt n\u00e4okreemiga\"}]},{\"@type\":\"WebSite\",\"@id\":\"https:\\\/\\\/tilk.bio\\\/et\\\/#website\",\"url\":\"https:\\\/\\\/tilk.bio\\\/et\\\/\",\"name\":\"Tilk!\",\"description\":\"Keskkonnas\u00f5bralik ja j\u00e4tkusuutlik looduskosmeetika Saaremaalt.\",\"potentialAction\":[{\"@type\":\"SearchAction\",\"target\":{\"@type\":\"EntryPoint\",\"urlTemplate\":\"https:\\\/\\\/tilk.bio\\\/et\\\/?s={search_term_string}\"},\"query-input\":{\"@type\":\"PropertyValueSpecification\",\"valueRequired\":true,\"valueName\":\"search_term_string\"}}],\"inLanguage\":\"et\"}]}<\/script>\n<!-- \/ Yoast SEO plugin. -->","yoast_head_json":{"title":"Komplekt n\u00e4okreemiga - Tilk!","description":"This Tilk! gift bag contains of great choice of fresh and natural face creams that make you feel gorgeous. It is an ideal option for those who would like to receive a selection of our creams at once!","robots":{"index":"index","follow":"follow","max-snippet":"max-snippet:-1","max-image-preview":"max-image-preview:large","max-video-preview":"max-video-preview:-1"},"canonical":"https:\/\/tilk.bio\/et\/pood\/tilk-christmas-nordica-kit\/","og_locale":"et_EE","og_type":"article","og_title":"Komplekt n\u00e4okreemiga - Tilk!","og_description":"This Tilk! gift bag contains of great choice of fresh and natural face creams that make you feel gorgeous. It is an ideal option for those who would like to receive a selection of our creams at once!","og_url":"https:\/\/tilk.bio\/et\/pood\/tilk-christmas-nordica-kit\/","og_site_name":"Tilk!","article_publisher":"https:\/\/www.facebook.com\/tilk.bio\/","article_modified_time":"2025-10-21T06:46:15+00:00","og_image":[{"width":1200,"height":1200,"url":"https:\/\/tilk.bio\/wp-content\/uploads\/2010\/12\/1-1.jpg","type":"image\/jpeg"}],"twitter_card":"summary_large_image","twitter_image":"https:\/\/tilk.bio\/wp-content\/uploads\/2016\/01\/naturaln-hand-cream-love-me.jpg","schema":{"@context":"https:\/\/schema.org","@graph":[{"@type":"WebPage","@id":"https:\/\/tilk.bio\/et\/pood\/tilk-christmas-nordica-kit\/","url":"https:\/\/tilk.bio\/et\/pood\/tilk-christmas-nordica-kit\/","name":"Komplekt n\u00e4okreemiga - Tilk!","isPartOf":{"@id":"https:\/\/tilk.bio\/et\/#website"},"primaryImageOfPage":{"@id":"https:\/\/tilk.bio\/et\/pood\/tilk-christmas-nordica-kit\/#primaryimage"},"image":{"@id":"https:\/\/tilk.bio\/et\/pood\/tilk-christmas-nordica-kit\/#primaryimage"},"thumbnailUrl":"https:\/\/tilk.bio\/wp-content\/uploads\/2010\/12\/1-1.jpg","datePublished":"2018-11-08T14:22:56+00:00","dateModified":"2025-10-21T06:46:15+00:00","description":"This Tilk! gift bag contains of great choice of fresh and natural face creams that make you feel gorgeous. It is an ideal option for those who would like to receive a selection of our creams at once!","breadcrumb":{"@id":"https:\/\/tilk.bio\/et\/pood\/tilk-christmas-nordica-kit\/#breadcrumb"},"inLanguage":"et","potentialAction":[{"@type":"ReadAction","target":["https:\/\/tilk.bio\/et\/pood\/tilk-christmas-nordica-kit\/"]}]},{"@type":"ImageObject","inLanguage":"et","@id":"https:\/\/tilk.bio\/et\/pood\/tilk-christmas-nordica-kit\/#primaryimage","url":"https:\/\/tilk.bio\/wp-content\/uploads\/2010\/12\/1-1.jpg","contentUrl":"https:\/\/tilk.bio\/wp-content\/uploads\/2010\/12\/1-1.jpg","width":1200,"height":1200},{"@type":"BreadcrumbList","@id":"https:\/\/tilk.bio\/et\/pood\/tilk-christmas-nordica-kit\/#breadcrumb","itemListElement":[{"@type":"ListItem","position":1,"name":"Home","item":"https:\/\/tilk.bio\/et\/"},{"@type":"ListItem","position":2,"name":"Pood","item":"https:\/\/tilk.bio\/et\/pood\/"},{"@type":"ListItem","position":3,"name":"Komplekt n\u00e4okreemiga"}]},{"@type":"WebSite","@id":"https:\/\/tilk.bio\/et\/#website","url":"https:\/\/tilk.bio\/et\/","name":"Tilk!","description":"Keskkonnas\u00f5bralik ja j\u00e4tkusuutlik looduskosmeetika Saaremaalt.","potentialAction":[{"@type":"SearchAction","target":{"@type":"EntryPoint","urlTemplate":"https:\/\/tilk.bio\/et\/?s={search_term_string}"},"query-input":{"@type":"PropertyValueSpecification","valueRequired":true,"valueName":"search_term_string"}}],"inLanguage":"et"}]}},"_links":{"self":[{"href":"https:\/\/tilk.bio\/et\/wp-json\/wp\/v2\/product\/24026","targetHints":{"allow":["GET"]}}],"collection":[{"href":"https:\/\/tilk.bio\/et\/wp-json\/wp\/v2\/product"}],"about":[{"href":"https:\/\/tilk.bio\/et\/wp-json\/wp\/v2\/types\/product"}],"replies":[{"embeddable":true,"href":"https:\/\/tilk.bio\/et\/wp-json\/wp\/v2\/comments?post=24026"}],"wp:featuredmedia":[{"embeddable":true,"href":"https:\/\/tilk.bio\/et\/wp-json\/wp\/v2\/media\/67519"}],"wp:attachment":[{"href":"https:\/\/tilk.bio\/et\/wp-json\/wp\/v2\/media?parent=24026"}],"wp:term":[{"taxonomy":"product_brand","embeddable":true,"href":"https:\/\/tilk.bio\/et\/wp-json\/wp\/v2\/product_brand?post=24026"},{"taxonomy":"product_cat","embeddable":true,"href":"https:\/\/tilk.bio\/et\/wp-json\/wp\/v2\/product_cat?post=24026"},{"taxonomy":"product_tag","embeddable":true,"href":"https:\/\/tilk.bio\/et\/wp-json\/wp\/v2\/product_tag?post=24026"}],"curies":[{"name":"wp","href":"https:\/\/api.w.org\/{rel}","templated":true}]}}