{"id":24114,"date":"2019-11-13T00:38:40","date_gmt":"2019-11-12T22:38:40","guid":{"rendered":"https:\/\/tilk.bio\/?post_type=product&#038;p=24114"},"modified":"2026-04-13T11:45:32","modified_gmt":"2026-04-13T08:45:32","slug":"brighten-me-silmakreem","status":"publish","type":"product","link":"https:\/\/tilk.bio\/et\/pood\/brighten-me-silmakreem\/","title":{"rendered":"Brighten Me niisutav ja toitev silmakreem h\u00fcaluroonhappega"},"content":{"rendered":"<p><span style=\"font-weight: 400;\">Brighten Me on \u00f5rna koostisega niisutav ja toniseeriv <a href=\"\/?product_cat=silmakreemid\">silmakreem<\/a>, mis taastab silma\u00fcmbruse nahka ning silub kortsukesi. Koostises oleval <a href=\"https:\/\/tilk.bio\/et\/tootekategooria\/koostisosad\/hualuroonhape\/\">h\u00fcaluroonhappel<\/a> on suurep\u00e4rane omadus siduda nahas niiskust ning transportida naharakkudele hapnikku ja toitaineid.\u00a0 Soovitame silmakreemi oma ilurutiinis kasutusele v\u00f5tta alates 35. eluaastast, et et ennetada kortsude teket. H\u00fcaluroonhape aitab siluda juba tekkinud kortsukesi, osaleb nahale elastsuse andva kollageeni moodustamisel ning on piisavalt \u00f5rn, et mitte silmi \u00e4rritada.<\/span><\/p>\n<p><span style=\"font-weight: 400;\">Orgaaniline roosivesi niisutab ja v\u00e4rskendab nahka. Kurgiseemne\u00f5lil on \u00f5rnale silma\u00fcmbrusnahale jahutav ja rahustav toime. See parandab ka nahaalust ainevahetust ning toniseerib ja toidab. Kreemi rahustav ja p\u00f5letikuvastane toime tuleb saialille, kortslehe ning p\u00f5ldosja bioaktiivsetest toimeainetest. Need puhastavad ka nahka, trimmivad kortsukesi, v\u00e4hendavad turseid ja stimuleerivad hormonaalset tasakaalu. Silmakreemi taimne aroom tuleb viiruki ja geraaniumi m\u00f5nusast kooslusest.<\/span><\/p>\n<p><strong>Silmakreem &#8211; kasutamine: <\/strong><\/p>\n<p><span style=\"font-weight: 400;\">Kasuta silmakreemi igap\u00e4evaselt koos n\u00e4okreemiga peale naha puhastamist.<\/span><\/p>\n<p><span style=\"font-weight: 400;\">Silmakreemi koostisosad on looduslikku p\u00e4ritolu ja vegan. Silmakreemi loomisel on kasutatud Saaremaalt k\u00e4sitsi korjatud taimede \u00f5lisid.<\/span><\/p>\n<p><span style=\"font-weight: 400;\">Hoiustamine: Hoiusta silmakreemi toatemperatuuril.<\/span><\/p>\n<p><span style=\"font-weight: 400;\">Kogus: 15ml<\/span><\/p>\n<p><a ref=\"magnificPopup\" href=\"https:\/\/tilk.bio\/wp-content\/uploads\/2016\/01\/Vegan_sign-07.png\"><img loading=\"lazy\" decoding=\"async\" class=\"alignnone wp-image-17805\" src=\"https:\/\/tilk.bio\/wp-content\/uploads\/2016\/01\/Vegan_sign-07.png\" alt=\"\" width=\"79\" height=\"79\" srcset=\"https:\/\/tilk.bio\/wp-content\/uploads\/2016\/01\/Vegan_sign-07.png 165w, https:\/\/tilk.bio\/wp-content\/uploads\/2016\/01\/Vegan_sign-07-150x150.png 150w\" sizes=\"auto, (max-width: 79px) 100vw, 79px\" \/><\/a><a ref=\"magnificPopup\" href=\"https:\/\/tilk.bio\/wp-content\/uploads\/2018\/04\/wooden_spatula_included_anim.gif\"><img loading=\"lazy\" decoding=\"async\" class=\"alignnone wp-image-23487\" src=\"https:\/\/tilk.bio\/wp-content\/uploads\/2018\/04\/wooden_spatula_included_anim.gif\" alt=\"\" width=\"92\" height=\"80\" \/><\/a><a ref=\"magnificPopup\" href=\"https:\/\/tilk.bio\/wp-content\/uploads\/2018\/08\/package_anim_ENG.gif\"><img loading=\"lazy\" decoding=\"async\" class=\"alignnone wp-image-23961\" src=\"https:\/\/tilk.bio\/wp-content\/uploads\/2018\/08\/package_anim_ENG.gif\" alt=\"\" width=\"103\" height=\"82\" \/><\/a><\/p>\n","protected":false},"excerpt":{"rendered":"<p>Brighten Me on \u00f5rna koostisega niisutav ja toniseeriv silmakreem, mis taastab silma\u00fcmbruse nahka ning silub kortsukesi. Koostises oleval h\u00fcaluroonhappel on suurep\u00e4rane omadus siduda nahas niiskust ning transportida naharakkudele hapnikku ja toitaineid.\u00a0 Soovitame silmakreemi oma ilurutiinis kasutusele v\u00f5tta alates 35. eluaastast, et et ennetada kortsude teket. H\u00fcaluroonhape aitab siluda juba tekkinud kortsukesi, osaleb nahale elastsuse andva&#8230;<\/p>\n","protected":false},"featured_media":69592,"comment_status":"open","ping_status":"closed","template":"","meta":{"_acf_changed":false},"product_brand":[],"product_cat":[609,871,389,689,511,692,533,691,583,690,688],"product_tag":[466,610,465],"class_list":{"0":"post-24114","1":"product","2":"type-product","3":"status-publish","4":"has-post-thumbnail","6":"product_cat-silmatooted","7":"product_cat-hualuroonhape","8":"product_cat-koik-tooted","9":"product_cat-kuiv-nahk","10":"product_cat-naohooldus","11":"product_cat-normaalne-ja-kombineeritud-nahk","12":"product_cat-spaatli-voimalus","13":"product_cat-tekstuuri-ja-tooniprobleemidega-nahk","14":"product_cat-pure-luxury-et","15":"product_cat-tundlik-nahk","16":"product_cat-vananemisilmingutega-nahk","17":"product_tag-looduskosmeetika-et","18":"product_tag-seerum","19":"product_tag-vananemisvastane","21":"first","22":"instock","23":"taxable","24":"shipping-taxable","25":"purchasable","26":"product-type-variable"},"acf":[],"yoast_head":"<!-- This site is optimized with the Yoast SEO plugin v27.4 - https:\/\/yoast.com\/product\/yoast-seo-wordpress\/ -->\n<title>Brighten Me niisutav ja toitev silmakreem h\u00fcaluroonhappega<\/title>\n<meta name=\"description\" content=\"Brighten Me on \u00f5rna koostisega niisutav ja toniseeriv h\u00fcaluroonhappe silmakreem, mis taastab silma\u00fcmbruse nahka ning silub kortsukesi.\" \/>\n<meta name=\"robots\" content=\"index, follow, max-snippet:-1, max-image-preview:large, max-video-preview:-1\" \/>\n<link rel=\"canonical\" href=\"https:\/\/tilk.bio\/et\/pood\/brighten-me-silmakreem\/\" \/>\n<meta property=\"og:locale\" content=\"et_EE\" \/>\n<meta property=\"og:type\" content=\"article\" \/>\n<meta property=\"og:title\" content=\"Brighten Me niisutav ja toitev silmakreem h\u00fcaluroonhappega\" \/>\n<meta property=\"og:description\" content=\"Brighten Me on \u00f5rna koostisega niisutav ja toniseeriv h\u00fcaluroonhappe silmakreem, mis taastab silma\u00fcmbruse nahka ning silub kortsukesi.\" \/>\n<meta property=\"og:url\" content=\"https:\/\/tilk.bio\/et\/pood\/brighten-me-silmakreem\/\" \/>\n<meta property=\"og:site_name\" content=\"Tilk!\" \/>\n<meta property=\"article:publisher\" content=\"https:\/\/www.facebook.com\/tilk.bio\/\" \/>\n<meta property=\"article:modified_time\" content=\"2026-04-13T08:45:32+00:00\" \/>\n<meta property=\"og:image\" content=\"https:\/\/tilk.bio\/wp-content\/uploads\/2019\/11\/3-1.jpg\" \/>\n\t<meta property=\"og:image:width\" content=\"1200\" \/>\n\t<meta property=\"og:image:height\" content=\"1200\" \/>\n\t<meta property=\"og:image:type\" content=\"image\/jpeg\" \/>\n<meta name=\"twitter:card\" content=\"summary_large_image\" \/>\n<meta name=\"twitter:label1\" content=\"Est. reading time\" \/>\n\t<meta name=\"twitter:data1\" content=\"2 minutit\" \/>\n<script type=\"application\/ld+json\" class=\"yoast-schema-graph\">{\"@context\":\"https:\\\/\\\/schema.org\",\"@graph\":[{\"@type\":\"WebPage\",\"@id\":\"https:\\\/\\\/tilk.bio\\\/et\\\/pood\\\/brighten-me-silmakreem\\\/\",\"url\":\"https:\\\/\\\/tilk.bio\\\/et\\\/pood\\\/brighten-me-silmakreem\\\/\",\"name\":\"Brighten Me niisutav ja toitev silmakreem h\u00fcaluroonhappega\",\"isPartOf\":{\"@id\":\"https:\\\/\\\/tilk.bio\\\/et\\\/#website\"},\"primaryImageOfPage\":{\"@id\":\"https:\\\/\\\/tilk.bio\\\/et\\\/pood\\\/brighten-me-silmakreem\\\/#primaryimage\"},\"image\":{\"@id\":\"https:\\\/\\\/tilk.bio\\\/et\\\/pood\\\/brighten-me-silmakreem\\\/#primaryimage\"},\"thumbnailUrl\":\"https:\\\/\\\/tilk.bio\\\/wp-content\\\/uploads\\\/2019\\\/11\\\/3-1.jpg\",\"datePublished\":\"2019-11-12T22:38:40+00:00\",\"dateModified\":\"2026-04-13T08:45:32+00:00\",\"description\":\"Brighten Me on \u00f5rna koostisega niisutav ja toniseeriv h\u00fcaluroonhappe silmakreem, mis taastab silma\u00fcmbruse nahka ning silub kortsukesi.\",\"breadcrumb\":{\"@id\":\"https:\\\/\\\/tilk.bio\\\/et\\\/pood\\\/brighten-me-silmakreem\\\/#breadcrumb\"},\"inLanguage\":\"et\",\"potentialAction\":[{\"@type\":\"ReadAction\",\"target\":[\"https:\\\/\\\/tilk.bio\\\/et\\\/pood\\\/brighten-me-silmakreem\\\/\"]}]},{\"@type\":\"ImageObject\",\"inLanguage\":\"et\",\"@id\":\"https:\\\/\\\/tilk.bio\\\/et\\\/pood\\\/brighten-me-silmakreem\\\/#primaryimage\",\"url\":\"https:\\\/\\\/tilk.bio\\\/wp-content\\\/uploads\\\/2019\\\/11\\\/3-1.jpg\",\"contentUrl\":\"https:\\\/\\\/tilk.bio\\\/wp-content\\\/uploads\\\/2019\\\/11\\\/3-1.jpg\",\"width\":1200,\"height\":1200},{\"@type\":\"BreadcrumbList\",\"@id\":\"https:\\\/\\\/tilk.bio\\\/et\\\/pood\\\/brighten-me-silmakreem\\\/#breadcrumb\",\"itemListElement\":[{\"@type\":\"ListItem\",\"position\":1,\"name\":\"Home\",\"item\":\"https:\\\/\\\/tilk.bio\\\/et\\\/\"},{\"@type\":\"ListItem\",\"position\":2,\"name\":\"Pood\",\"item\":\"https:\\\/\\\/tilk.bio\\\/et\\\/pood\\\/\"},{\"@type\":\"ListItem\",\"position\":3,\"name\":\"Brighten Me niisutav ja toitev silmakreem h\u00fcaluroonhappega\"}]},{\"@type\":\"WebSite\",\"@id\":\"https:\\\/\\\/tilk.bio\\\/et\\\/#website\",\"url\":\"https:\\\/\\\/tilk.bio\\\/et\\\/\",\"name\":\"Tilk!\",\"description\":\"Keskkonnas\u00f5bralik ja j\u00e4tkusuutlik looduskosmeetika Saaremaalt.\",\"potentialAction\":[{\"@type\":\"SearchAction\",\"target\":{\"@type\":\"EntryPoint\",\"urlTemplate\":\"https:\\\/\\\/tilk.bio\\\/et\\\/?s={search_term_string}\"},\"query-input\":{\"@type\":\"PropertyValueSpecification\",\"valueRequired\":true,\"valueName\":\"search_term_string\"}}],\"inLanguage\":\"et\"}]}<\/script>\n<!-- \/ Yoast SEO plugin. -->","yoast_head_json":{"title":"Brighten Me niisutav ja toitev silmakreem h\u00fcaluroonhappega","description":"Brighten Me on \u00f5rna koostisega niisutav ja toniseeriv h\u00fcaluroonhappe silmakreem, mis taastab silma\u00fcmbruse nahka ning silub kortsukesi.","robots":{"index":"index","follow":"follow","max-snippet":"max-snippet:-1","max-image-preview":"max-image-preview:large","max-video-preview":"max-video-preview:-1"},"canonical":"https:\/\/tilk.bio\/et\/pood\/brighten-me-silmakreem\/","og_locale":"et_EE","og_type":"article","og_title":"Brighten Me niisutav ja toitev silmakreem h\u00fcaluroonhappega","og_description":"Brighten Me on \u00f5rna koostisega niisutav ja toniseeriv h\u00fcaluroonhappe silmakreem, mis taastab silma\u00fcmbruse nahka ning silub kortsukesi.","og_url":"https:\/\/tilk.bio\/et\/pood\/brighten-me-silmakreem\/","og_site_name":"Tilk!","article_publisher":"https:\/\/www.facebook.com\/tilk.bio\/","article_modified_time":"2026-04-13T08:45:32+00:00","og_image":[{"width":1200,"height":1200,"url":"https:\/\/tilk.bio\/wp-content\/uploads\/2019\/11\/3-1.jpg","type":"image\/jpeg"}],"twitter_card":"summary_large_image","twitter_misc":{"Est. reading time":"2 minutit"},"schema":{"@context":"https:\/\/schema.org","@graph":[{"@type":"WebPage","@id":"https:\/\/tilk.bio\/et\/pood\/brighten-me-silmakreem\/","url":"https:\/\/tilk.bio\/et\/pood\/brighten-me-silmakreem\/","name":"Brighten Me niisutav ja toitev silmakreem h\u00fcaluroonhappega","isPartOf":{"@id":"https:\/\/tilk.bio\/et\/#website"},"primaryImageOfPage":{"@id":"https:\/\/tilk.bio\/et\/pood\/brighten-me-silmakreem\/#primaryimage"},"image":{"@id":"https:\/\/tilk.bio\/et\/pood\/brighten-me-silmakreem\/#primaryimage"},"thumbnailUrl":"https:\/\/tilk.bio\/wp-content\/uploads\/2019\/11\/3-1.jpg","datePublished":"2019-11-12T22:38:40+00:00","dateModified":"2026-04-13T08:45:32+00:00","description":"Brighten Me on \u00f5rna koostisega niisutav ja toniseeriv h\u00fcaluroonhappe silmakreem, mis taastab silma\u00fcmbruse nahka ning silub kortsukesi.","breadcrumb":{"@id":"https:\/\/tilk.bio\/et\/pood\/brighten-me-silmakreem\/#breadcrumb"},"inLanguage":"et","potentialAction":[{"@type":"ReadAction","target":["https:\/\/tilk.bio\/et\/pood\/brighten-me-silmakreem\/"]}]},{"@type":"ImageObject","inLanguage":"et","@id":"https:\/\/tilk.bio\/et\/pood\/brighten-me-silmakreem\/#primaryimage","url":"https:\/\/tilk.bio\/wp-content\/uploads\/2019\/11\/3-1.jpg","contentUrl":"https:\/\/tilk.bio\/wp-content\/uploads\/2019\/11\/3-1.jpg","width":1200,"height":1200},{"@type":"BreadcrumbList","@id":"https:\/\/tilk.bio\/et\/pood\/brighten-me-silmakreem\/#breadcrumb","itemListElement":[{"@type":"ListItem","position":1,"name":"Home","item":"https:\/\/tilk.bio\/et\/"},{"@type":"ListItem","position":2,"name":"Pood","item":"https:\/\/tilk.bio\/et\/pood\/"},{"@type":"ListItem","position":3,"name":"Brighten Me niisutav ja toitev silmakreem h\u00fcaluroonhappega"}]},{"@type":"WebSite","@id":"https:\/\/tilk.bio\/et\/#website","url":"https:\/\/tilk.bio\/et\/","name":"Tilk!","description":"Keskkonnas\u00f5bralik ja j\u00e4tkusuutlik looduskosmeetika Saaremaalt.","potentialAction":[{"@type":"SearchAction","target":{"@type":"EntryPoint","urlTemplate":"https:\/\/tilk.bio\/et\/?s={search_term_string}"},"query-input":{"@type":"PropertyValueSpecification","valueRequired":true,"valueName":"search_term_string"}}],"inLanguage":"et"}]}},"_links":{"self":[{"href":"https:\/\/tilk.bio\/et\/wp-json\/wp\/v2\/product\/24114","targetHints":{"allow":["GET"]}}],"collection":[{"href":"https:\/\/tilk.bio\/et\/wp-json\/wp\/v2\/product"}],"about":[{"href":"https:\/\/tilk.bio\/et\/wp-json\/wp\/v2\/types\/product"}],"replies":[{"embeddable":true,"href":"https:\/\/tilk.bio\/et\/wp-json\/wp\/v2\/comments?post=24114"}],"wp:featuredmedia":[{"embeddable":true,"href":"https:\/\/tilk.bio\/et\/wp-json\/wp\/v2\/media\/69592"}],"wp:attachment":[{"href":"https:\/\/tilk.bio\/et\/wp-json\/wp\/v2\/media?parent=24114"}],"wp:term":[{"taxonomy":"product_brand","embeddable":true,"href":"https:\/\/tilk.bio\/et\/wp-json\/wp\/v2\/product_brand?post=24114"},{"taxonomy":"product_cat","embeddable":true,"href":"https:\/\/tilk.bio\/et\/wp-json\/wp\/v2\/product_cat?post=24114"},{"taxonomy":"product_tag","embeddable":true,"href":"https:\/\/tilk.bio\/et\/wp-json\/wp\/v2\/product_tag?post=24114"}],"curies":[{"name":"wp","href":"https:\/\/api.w.org\/{rel}","templated":true}]}}