{"id":25564,"date":"2020-05-18T16:49:36","date_gmt":"2020-05-18T16:49:36","guid":{"rendered":"https:\/\/tilk.bio\/shop\/refresh-me-probiootikumide-ja-orgaanilise-roosiveega-naovesi\/"},"modified":"2026-03-26T15:00:10","modified_gmt":"2026-03-26T13:00:10","slug":"refresh-me-probiootiline-naovesi-orgaanilise-roosiveega","status":"publish","type":"product","link":"https:\/\/tilk.bio\/et\/pood\/refresh-me-probiootiline-naovesi-orgaanilise-roosiveega\/","title":{"rendered":"Refresh Me probiootiline n\u00e4otoonik orgaanilise roosiveega"},"content":{"rendered":"<p><span style=\"font-weight: 400;\">Refresh Me on innovaatiline probiootiline <a href=\"https:\/\/tilk.bio\/et\/tootekategooria\/naohooldus\/naoveed\/\">n\u00e4otoonik<\/a>, mis sisaldab orgaanilist roosivett. Kerge koostise ja tagasihoidliku v\u00e4rske roosi l\u00f5hnaga tooniku regulaarne kasutamine aitab saavutada ilusa jume ja puhta naha. N\u00e4otoonik sisaldab <a href=\"https:\/\/tilk.bio\/et\/tootekategooria\/koostisosad\/probiootikumid\/\">probiootilisi<\/a> toimeaineid,<\/span><\/p>\n<p><span style=\"font-weight: 400;\">mis aitavad s\u00e4ilitada naha loomulikku niiskustaset, tasakaalustavad mikrofloorat ja aeglustavad naha enneaegset vananemist. Samal ajal niisutab ja v\u00e4rskendab orgaaniline roosivesi t\u00f5husalt nahka.<\/span><\/p>\n<p><span style=\"font-weight: 400;\">Refresh Me n\u00e4otoonik sobib nii naha puhastamiseks kui ka v\u00e4rskendamiseks p\u00e4eva jooksul ja ei sisalda eeterlikke \u00f5lisid, l\u00f5hna annab sellele orgaaniline roosivesi.<\/span><\/p>\n<p><span style=\"font-weight: 400;\">Kasutamine: N\u00e4o puhastamiseks pihusta n\u00e4otoonikut (korduvkasutatavale) meigieemalduspadjakesele ja puhasta n\u00e4gu mustusest. N\u00e4onaha v\u00e4rskendamiseks piserda toode n\u00e4ole ja lase ise kuivada.\u00a0<\/span><\/p>\n<p><span style=\"font-weight: 400;\">K\u00f5ik tooniku koostisosad on looduslikku p\u00e4ritolu ja vegan.\u00a0<\/span><\/p>\n<p><span style=\"font-weight: 400;\">Hoiustamine: Hoiusta toodet toatemperatuuril.<\/span><\/p>\n<p>Kogus: 50ml<\/p>\n","protected":false},"excerpt":{"rendered":"<p>Refresh Me on innovaatiline probiootiline n\u00e4otoonik, mis sisaldab orgaanilist roosivett. Kerge koostise ja tagasihoidliku v\u00e4rske roosi l\u00f5hnaga tooniku regulaarne kasutamine aitab saavutada ilusa jume ja puhta naha. N\u00e4otoonik sisaldab probiootilisi toimeaineid, mis aitavad s\u00e4ilitada naha loomulikku niiskustaset, tasakaalustavad mikrofloorat ja aeglustavad naha enneaegset vananemist. Samal ajal niisutab ja v\u00e4rskendab orgaaniline roosivesi t\u00f5husalt nahka. Refresh Me&#8230;<\/p>\n","protected":false},"featured_media":66410,"comment_status":"open","ping_status":"closed","template":"","meta":{"_acf_changed":false},"product_brand":[],"product_cat":[611,494,389,689,511,692,903,691,891,690,688],"product_tag":[],"class_list":{"0":"post-25564","1":"product","2":"type-product","3":"status-publish","4":"has-post-thumbnail","6":"product_cat-naoveed","7":"product_cat-klientide-lemmikud","8":"product_cat-koik-tooted","9":"product_cat-kuiv-nahk","10":"product_cat-naohooldus","11":"product_cat-normaalne-ja-kombineeritud-nahk","12":"product_cat-probiootikumid","13":"product_cat-tekstuuri-ja-tooniprobleemidega-nahk","14":"product_cat-tilk-biotic-et","15":"product_cat-tundlik-nahk","16":"product_cat-vananemisilmingutega-nahk","18":"first","19":"instock","20":"taxable","21":"shipping-taxable","22":"purchasable","23":"product-type-variable"},"acf":[],"yoast_head":"<!-- This site is optimized with the Yoast SEO plugin v27.3 - https:\/\/yoast.com\/product\/yoast-seo-wordpress\/ -->\n<title>n\u00e4otoonik proobiootikumide &amp; orgaanilise roosiveega Refresh Me<\/title>\n<meta name=\"description\" content=\"Refresh Me on innovaatiline probiootikumide ja orgaanilise roosiveega n\u00e4otoonik, mis aitab Sul saada ilusa jume ja puhta naha.\" \/>\n<meta name=\"robots\" content=\"index, follow, max-snippet:-1, max-image-preview:large, max-video-preview:-1\" \/>\n<link rel=\"canonical\" href=\"https:\/\/tilk.bio\/et\/pood\/refresh-me-probiootiline-naovesi-orgaanilise-roosiveega\/\" \/>\n<meta property=\"og:locale\" content=\"et_EE\" \/>\n<meta property=\"og:type\" content=\"article\" \/>\n<meta property=\"og:title\" content=\"n\u00e4otoonik proobiootikumide &amp; orgaanilise roosiveega Refresh Me\" \/>\n<meta property=\"og:description\" content=\"Refresh Me on innovaatiline probiootikumide ja orgaanilise roosiveega n\u00e4otoonik, mis aitab Sul saada ilusa jume ja puhta naha.\" \/>\n<meta property=\"og:url\" content=\"https:\/\/tilk.bio\/et\/pood\/refresh-me-probiootiline-naovesi-orgaanilise-roosiveega\/\" \/>\n<meta property=\"og:site_name\" content=\"Tilk!\" \/>\n<meta property=\"article:publisher\" content=\"https:\/\/www.facebook.com\/tilk.bio\/\" \/>\n<meta property=\"article:modified_time\" content=\"2026-03-26T13:00:10+00:00\" \/>\n<meta property=\"og:image\" content=\"https:\/\/tilk.bio\/wp-content\/uploads\/2020\/05\/refreshklaas1200x628.png\" \/>\n<meta name=\"twitter:card\" content=\"summary_large_image\" \/>\n<meta name=\"twitter:label1\" content=\"Est. reading time\" \/>\n\t<meta name=\"twitter:data1\" content=\"1 minut\" \/>\n<script type=\"application\/ld+json\" class=\"yoast-schema-graph\">{\"@context\":\"https:\\\/\\\/schema.org\",\"@graph\":[{\"@type\":\"WebPage\",\"@id\":\"https:\\\/\\\/tilk.bio\\\/et\\\/pood\\\/refresh-me-probiootiline-naovesi-orgaanilise-roosiveega\\\/\",\"url\":\"https:\\\/\\\/tilk.bio\\\/et\\\/pood\\\/refresh-me-probiootiline-naovesi-orgaanilise-roosiveega\\\/\",\"name\":\"n\u00e4otoonik proobiootikumide & orgaanilise roosiveega Refresh Me\",\"isPartOf\":{\"@id\":\"https:\\\/\\\/tilk.bio\\\/et\\\/#website\"},\"primaryImageOfPage\":{\"@id\":\"https:\\\/\\\/tilk.bio\\\/et\\\/pood\\\/refresh-me-probiootiline-naovesi-orgaanilise-roosiveega\\\/#primaryimage\"},\"image\":{\"@id\":\"https:\\\/\\\/tilk.bio\\\/et\\\/pood\\\/refresh-me-probiootiline-naovesi-orgaanilise-roosiveega\\\/#primaryimage\"},\"thumbnailUrl\":\"https:\\\/\\\/tilk.bio\\\/wp-content\\\/uploads\\\/2020\\\/05\\\/refreshbuduaar-1.jpg\",\"datePublished\":\"2020-05-18T16:49:36+00:00\",\"dateModified\":\"2026-03-26T13:00:10+00:00\",\"description\":\"Refresh Me on innovaatiline probiootikumide ja orgaanilise roosiveega n\u00e4otoonik, mis aitab Sul saada ilusa jume ja puhta naha.\",\"breadcrumb\":{\"@id\":\"https:\\\/\\\/tilk.bio\\\/et\\\/pood\\\/refresh-me-probiootiline-naovesi-orgaanilise-roosiveega\\\/#breadcrumb\"},\"inLanguage\":\"et\",\"potentialAction\":[{\"@type\":\"ReadAction\",\"target\":[\"https:\\\/\\\/tilk.bio\\\/et\\\/pood\\\/refresh-me-probiootiline-naovesi-orgaanilise-roosiveega\\\/\"]}]},{\"@type\":\"ImageObject\",\"inLanguage\":\"et\",\"@id\":\"https:\\\/\\\/tilk.bio\\\/et\\\/pood\\\/refresh-me-probiootiline-naovesi-orgaanilise-roosiveega\\\/#primaryimage\",\"url\":\"https:\\\/\\\/tilk.bio\\\/wp-content\\\/uploads\\\/2020\\\/05\\\/refreshbuduaar-1.jpg\",\"contentUrl\":\"https:\\\/\\\/tilk.bio\\\/wp-content\\\/uploads\\\/2020\\\/05\\\/refreshbuduaar-1.jpg\",\"width\":1200,\"height\":1200,\"caption\":\"n\u00e4otoonik\"},{\"@type\":\"BreadcrumbList\",\"@id\":\"https:\\\/\\\/tilk.bio\\\/et\\\/pood\\\/refresh-me-probiootiline-naovesi-orgaanilise-roosiveega\\\/#breadcrumb\",\"itemListElement\":[{\"@type\":\"ListItem\",\"position\":1,\"name\":\"Home\",\"item\":\"https:\\\/\\\/tilk.bio\\\/et\\\/\"},{\"@type\":\"ListItem\",\"position\":2,\"name\":\"Pood\",\"item\":\"https:\\\/\\\/tilk.bio\\\/et\\\/pood\\\/\"},{\"@type\":\"ListItem\",\"position\":3,\"name\":\"Refresh Me probiootiline n\u00e4otoonik orgaanilise roosiveega\"}]},{\"@type\":\"WebSite\",\"@id\":\"https:\\\/\\\/tilk.bio\\\/et\\\/#website\",\"url\":\"https:\\\/\\\/tilk.bio\\\/et\\\/\",\"name\":\"Tilk!\",\"description\":\"Keskkonnas\u00f5bralik ja j\u00e4tkusuutlik looduskosmeetika Saaremaalt.\",\"potentialAction\":[{\"@type\":\"SearchAction\",\"target\":{\"@type\":\"EntryPoint\",\"urlTemplate\":\"https:\\\/\\\/tilk.bio\\\/et\\\/?s={search_term_string}\"},\"query-input\":{\"@type\":\"PropertyValueSpecification\",\"valueRequired\":true,\"valueName\":\"search_term_string\"}}],\"inLanguage\":\"et\"}]}<\/script>\n<!-- \/ Yoast SEO plugin. -->","yoast_head_json":{"title":"n\u00e4otoonik proobiootikumide & orgaanilise roosiveega Refresh Me","description":"Refresh Me on innovaatiline probiootikumide ja orgaanilise roosiveega n\u00e4otoonik, mis aitab Sul saada ilusa jume ja puhta naha.","robots":{"index":"index","follow":"follow","max-snippet":"max-snippet:-1","max-image-preview":"max-image-preview:large","max-video-preview":"max-video-preview:-1"},"canonical":"https:\/\/tilk.bio\/et\/pood\/refresh-me-probiootiline-naovesi-orgaanilise-roosiveega\/","og_locale":"et_EE","og_type":"article","og_title":"n\u00e4otoonik proobiootikumide & orgaanilise roosiveega Refresh Me","og_description":"Refresh Me on innovaatiline probiootikumide ja orgaanilise roosiveega n\u00e4otoonik, mis aitab Sul saada ilusa jume ja puhta naha.","og_url":"https:\/\/tilk.bio\/et\/pood\/refresh-me-probiootiline-naovesi-orgaanilise-roosiveega\/","og_site_name":"Tilk!","article_publisher":"https:\/\/www.facebook.com\/tilk.bio\/","article_modified_time":"2026-03-26T13:00:10+00:00","og_image":[{"url":"https:\/\/tilk.bio\/wp-content\/uploads\/2020\/05\/refreshklaas1200x628.png","type":"","width":"","height":""}],"twitter_card":"summary_large_image","twitter_misc":{"Est. reading time":"1 minut"},"schema":{"@context":"https:\/\/schema.org","@graph":[{"@type":"WebPage","@id":"https:\/\/tilk.bio\/et\/pood\/refresh-me-probiootiline-naovesi-orgaanilise-roosiveega\/","url":"https:\/\/tilk.bio\/et\/pood\/refresh-me-probiootiline-naovesi-orgaanilise-roosiveega\/","name":"n\u00e4otoonik proobiootikumide & orgaanilise roosiveega Refresh Me","isPartOf":{"@id":"https:\/\/tilk.bio\/et\/#website"},"primaryImageOfPage":{"@id":"https:\/\/tilk.bio\/et\/pood\/refresh-me-probiootiline-naovesi-orgaanilise-roosiveega\/#primaryimage"},"image":{"@id":"https:\/\/tilk.bio\/et\/pood\/refresh-me-probiootiline-naovesi-orgaanilise-roosiveega\/#primaryimage"},"thumbnailUrl":"https:\/\/tilk.bio\/wp-content\/uploads\/2020\/05\/refreshbuduaar-1.jpg","datePublished":"2020-05-18T16:49:36+00:00","dateModified":"2026-03-26T13:00:10+00:00","description":"Refresh Me on innovaatiline probiootikumide ja orgaanilise roosiveega n\u00e4otoonik, mis aitab Sul saada ilusa jume ja puhta naha.","breadcrumb":{"@id":"https:\/\/tilk.bio\/et\/pood\/refresh-me-probiootiline-naovesi-orgaanilise-roosiveega\/#breadcrumb"},"inLanguage":"et","potentialAction":[{"@type":"ReadAction","target":["https:\/\/tilk.bio\/et\/pood\/refresh-me-probiootiline-naovesi-orgaanilise-roosiveega\/"]}]},{"@type":"ImageObject","inLanguage":"et","@id":"https:\/\/tilk.bio\/et\/pood\/refresh-me-probiootiline-naovesi-orgaanilise-roosiveega\/#primaryimage","url":"https:\/\/tilk.bio\/wp-content\/uploads\/2020\/05\/refreshbuduaar-1.jpg","contentUrl":"https:\/\/tilk.bio\/wp-content\/uploads\/2020\/05\/refreshbuduaar-1.jpg","width":1200,"height":1200,"caption":"n\u00e4otoonik"},{"@type":"BreadcrumbList","@id":"https:\/\/tilk.bio\/et\/pood\/refresh-me-probiootiline-naovesi-orgaanilise-roosiveega\/#breadcrumb","itemListElement":[{"@type":"ListItem","position":1,"name":"Home","item":"https:\/\/tilk.bio\/et\/"},{"@type":"ListItem","position":2,"name":"Pood","item":"https:\/\/tilk.bio\/et\/pood\/"},{"@type":"ListItem","position":3,"name":"Refresh Me probiootiline n\u00e4otoonik orgaanilise roosiveega"}]},{"@type":"WebSite","@id":"https:\/\/tilk.bio\/et\/#website","url":"https:\/\/tilk.bio\/et\/","name":"Tilk!","description":"Keskkonnas\u00f5bralik ja j\u00e4tkusuutlik looduskosmeetika Saaremaalt.","potentialAction":[{"@type":"SearchAction","target":{"@type":"EntryPoint","urlTemplate":"https:\/\/tilk.bio\/et\/?s={search_term_string}"},"query-input":{"@type":"PropertyValueSpecification","valueRequired":true,"valueName":"search_term_string"}}],"inLanguage":"et"}]}},"_links":{"self":[{"href":"https:\/\/tilk.bio\/et\/wp-json\/wp\/v2\/product\/25564","targetHints":{"allow":["GET"]}}],"collection":[{"href":"https:\/\/tilk.bio\/et\/wp-json\/wp\/v2\/product"}],"about":[{"href":"https:\/\/tilk.bio\/et\/wp-json\/wp\/v2\/types\/product"}],"replies":[{"embeddable":true,"href":"https:\/\/tilk.bio\/et\/wp-json\/wp\/v2\/comments?post=25564"}],"wp:featuredmedia":[{"embeddable":true,"href":"https:\/\/tilk.bio\/et\/wp-json\/wp\/v2\/media\/66410"}],"wp:attachment":[{"href":"https:\/\/tilk.bio\/et\/wp-json\/wp\/v2\/media?parent=25564"}],"wp:term":[{"taxonomy":"product_brand","embeddable":true,"href":"https:\/\/tilk.bio\/et\/wp-json\/wp\/v2\/product_brand?post=25564"},{"taxonomy":"product_cat","embeddable":true,"href":"https:\/\/tilk.bio\/et\/wp-json\/wp\/v2\/product_cat?post=25564"},{"taxonomy":"product_tag","embeddable":true,"href":"https:\/\/tilk.bio\/et\/wp-json\/wp\/v2\/product_tag?post=25564"}],"curies":[{"name":"wp","href":"https:\/\/api.w.org\/{rel}","templated":true}]}}