{"id":25631,"date":"2022-12-15T22:10:32","date_gmt":"2022-12-15T20:10:32","guid":{"rendered":"https:\/\/tilk.bio\/shop\/hold-me-deodorantkreem\/"},"modified":"2026-04-23T17:00:14","modified_gmt":"2026-04-23T14:00:14","slug":"hold-me-deodorantkreem","status":"publish","type":"product","link":"https:\/\/tilk.bio\/et\/pood\/hold-me-deodorantkreem\/","title":{"rendered":"Hold Me alumiiniumivaba deodorant pat\u0161uli &amp; lavendliga"},"content":{"rendered":"<p>AUHINNATUD<\/p>\n<p>Hold Me on alumiiniumivaba naturaalne\u00a0<a href=\"https:\/\/tilk.bio\/et\/tootekategooria\/deodorandid\/\">deodorant<\/a>, mis on sobilik liigse higistamise tasakaalustamiseks ning ebameeldiva l\u00f5hna neutraliseerimiseks. T\u00e4iesti looduslikest komponentidest valmistatud deodorant annab v\u00e4rske tunde terveks p\u00e4evaks.<\/p>\n<p>Ebameeldivate l\u00f5hnade neutraliseerimise ning j\u00e4\u00e4kainete eemaldamise jaoks on deodorandis t\u00e4htis koht soodal. See h\u00e4vitab baktereid ja imab niiskust. Nahka niisutavad sheav\u00f5i ja kookos\u00f5li, mis aitavad oma antibakteriaalsete toimeainetega ka h\u00e4vitada kahjulikke mikroobe ja baktereid. Nooljuure jahu \u00f5rn koostis tagab liigse niiskuse imamise. Saialille, kortslehe ja p\u00f5ldosja bioaktiivsed toimeained puhastavad nahka ning m\u00f5juvad p\u00f5letikuvastaselt. Pat\u0161uli eeterlik \u00f5li aitab kehal higistamist tasakaalustada, andes koos lavendliga ka deodorandile selle l\u00f5hna.<\/p>\n<p><b>Kasutamine:<\/b>\u00a0Kanna v\u00e4ike kogus naturaalset deodorantkreemi n\u00e4puotsa v\u00f5i peopesaga kaenla alla ja masseeri \u00f5rnalt naha sisse. Hold Me on looduslik deodorant, mis tagab v\u00e4rske tunde terveks p\u00e4evaks.<\/p>\n<p>Deodorandi koostisosad on looduslikku p\u00e4ritolu ja vegan. Deodorandi loomisel on kasutatud Saaremaalt k\u00e4sitsi korjatud taimede \u00f5lisid.<\/p>\n<p>Hoiustamine: Soovitame hoida deodoranti kaitstuna otsese p\u00e4ikesevalguse eest ja temperatuuril alla +25 kraadi.<\/p>\n<p>Kogus: 30ml<\/p>\n","protected":false},"excerpt":{"rendered":"<p>AUHINNATUD Hold Me on alumiiniumivaba naturaalne\u00a0deodorant, mis on sobilik liigse higistamise tasakaalustamiseks ning ebameeldiva l\u00f5hna neutraliseerimiseks. T\u00e4iesti looduslikest komponentidest valmistatud deodorant annab v\u00e4rske tunde terveks p\u00e4evaks. Ebameeldivate l\u00f5hnade neutraliseerimise ning j\u00e4\u00e4kainete eemaldamise jaoks on deodorandis t\u00e4htis koht soodal. See h\u00e4vitab baktereid ja imab niiskust. Nahka niisutavad sheav\u00f5i ja kookos\u00f5li, mis aitavad oma antibakteriaalsete toimeainetega ka&#8230;<\/p>\n","protected":false},"featured_media":71848,"comment_status":"open","ping_status":"closed","template":"","meta":{"_acf_changed":false},"product_brand":[],"product_cat":[494,607,495,389,912,533,713],"product_tag":[480,219,481],"class_list":{"0":"post-25631","1":"product","2":"type-product","3":"status-publish","4":"has-post-thumbnail","6":"product_cat-klientide-lemmikud","7":"product_cat-deodorandid","8":"product_cat-kehale","9":"product_cat-koik-tooted","10":"product_cat-sheavoi","11":"product_cat-spaatli-voimalus","12":"product_cat-tilk-herbal-et","13":"product_tag-deodorant-et","14":"product_tag-nahahooldus","15":"product_tag-natural-et","17":"first","18":"instock","19":"sale","20":"taxable","21":"shipping-taxable","22":"purchasable","23":"product-type-variable"},"acf":[],"yoast_head":"<!-- This site is optimized with the Yoast SEO plugin v27.4 - https:\/\/yoast.com\/product\/yoast-seo-wordpress\/ -->\n<title>Hold Me alumiiniumivaba deodorant pat\u0161uli &amp; lavendliga<\/title>\n<meta name=\"description\" content=\"Parim looduslik deodorant on alumiiniumivaba ja puhta koostisega. Looduslik deodorant neutraliseerib higil\u00f4hna ja tagab v\u00e4rske tunde.\" \/>\n<meta name=\"robots\" content=\"index, follow, max-snippet:-1, max-image-preview:large, max-video-preview:-1\" \/>\n<link rel=\"canonical\" href=\"https:\/\/tilk.bio\/et\/pood\/hold-me-deodorantkreem\/\" \/>\n<meta property=\"og:locale\" content=\"et_EE\" \/>\n<meta property=\"og:type\" content=\"article\" \/>\n<meta property=\"og:title\" content=\"Hold Me alumiiniumivaba deodorant pat\u0161uli &amp; lavendliga\" \/>\n<meta property=\"og:description\" content=\"Parim looduslik deodorant on alumiiniumivaba ja puhta koostisega. Looduslik deodorant neutraliseerib higil\u00f4hna ja tagab v\u00e4rske tunde.\" \/>\n<meta property=\"og:url\" content=\"https:\/\/tilk.bio\/et\/pood\/hold-me-deodorantkreem\/\" \/>\n<meta property=\"og:site_name\" content=\"Tilk!\" \/>\n<meta property=\"article:publisher\" content=\"https:\/\/www.facebook.com\/tilk.bio\/\" \/>\n<meta property=\"article:modified_time\" content=\"2026-04-23T14:00:14+00:00\" \/>\n<meta property=\"og:image\" content=\"https:\/\/tilk.bio\/wp-content\/uploads\/2022\/12\/Untitled-design-13.jpg\" \/>\n\t<meta property=\"og:image:width\" content=\"1200\" \/>\n\t<meta property=\"og:image:height\" content=\"1200\" \/>\n\t<meta property=\"og:image:type\" content=\"image\/jpeg\" \/>\n<meta name=\"twitter:card\" content=\"summary_large_image\" \/>\n<meta name=\"twitter:label1\" content=\"Est. reading time\" \/>\n\t<meta name=\"twitter:data1\" content=\"1 minut\" \/>\n<script type=\"application\/ld+json\" class=\"yoast-schema-graph\">{\"@context\":\"https:\\\/\\\/schema.org\",\"@graph\":[{\"@type\":\"WebPage\",\"@id\":\"https:\\\/\\\/tilk.bio\\\/et\\\/pood\\\/hold-me-deodorantkreem\\\/\",\"url\":\"https:\\\/\\\/tilk.bio\\\/et\\\/pood\\\/hold-me-deodorantkreem\\\/\",\"name\":\"Hold Me alumiiniumivaba deodorant pat\u0161uli & lavendliga\",\"isPartOf\":{\"@id\":\"https:\\\/\\\/tilk.bio\\\/et\\\/#website\"},\"primaryImageOfPage\":{\"@id\":\"https:\\\/\\\/tilk.bio\\\/et\\\/pood\\\/hold-me-deodorantkreem\\\/#primaryimage\"},\"image\":{\"@id\":\"https:\\\/\\\/tilk.bio\\\/et\\\/pood\\\/hold-me-deodorantkreem\\\/#primaryimage\"},\"thumbnailUrl\":\"https:\\\/\\\/tilk.bio\\\/wp-content\\\/uploads\\\/2022\\\/12\\\/Untitled-design-13.jpg\",\"datePublished\":\"2022-12-15T20:10:32+00:00\",\"dateModified\":\"2026-04-23T14:00:14+00:00\",\"description\":\"Parim looduslik deodorant on alumiiniumivaba ja puhta koostisega. Looduslik deodorant neutraliseerib higil\u00f4hna ja tagab v\u00e4rske tunde.\",\"breadcrumb\":{\"@id\":\"https:\\\/\\\/tilk.bio\\\/et\\\/pood\\\/hold-me-deodorantkreem\\\/#breadcrumb\"},\"inLanguage\":\"et\",\"potentialAction\":[{\"@type\":\"ReadAction\",\"target\":[\"https:\\\/\\\/tilk.bio\\\/et\\\/pood\\\/hold-me-deodorantkreem\\\/\"]}]},{\"@type\":\"ImageObject\",\"inLanguage\":\"et\",\"@id\":\"https:\\\/\\\/tilk.bio\\\/et\\\/pood\\\/hold-me-deodorantkreem\\\/#primaryimage\",\"url\":\"https:\\\/\\\/tilk.bio\\\/wp-content\\\/uploads\\\/2022\\\/12\\\/Untitled-design-13.jpg\",\"contentUrl\":\"https:\\\/\\\/tilk.bio\\\/wp-content\\\/uploads\\\/2022\\\/12\\\/Untitled-design-13.jpg\",\"width\":1200,\"height\":1200},{\"@type\":\"BreadcrumbList\",\"@id\":\"https:\\\/\\\/tilk.bio\\\/et\\\/pood\\\/hold-me-deodorantkreem\\\/#breadcrumb\",\"itemListElement\":[{\"@type\":\"ListItem\",\"position\":1,\"name\":\"Home\",\"item\":\"https:\\\/\\\/tilk.bio\\\/et\\\/\"},{\"@type\":\"ListItem\",\"position\":2,\"name\":\"Pood\",\"item\":\"https:\\\/\\\/tilk.bio\\\/et\\\/pood\\\/\"},{\"@type\":\"ListItem\",\"position\":3,\"name\":\"Hold Me alumiiniumivaba deodorant pat\u0161uli &amp; lavendliga\"}]},{\"@type\":\"WebSite\",\"@id\":\"https:\\\/\\\/tilk.bio\\\/et\\\/#website\",\"url\":\"https:\\\/\\\/tilk.bio\\\/et\\\/\",\"name\":\"Tilk!\",\"description\":\"Keskkonnas\u00f5bralik ja j\u00e4tkusuutlik looduskosmeetika Saaremaalt.\",\"potentialAction\":[{\"@type\":\"SearchAction\",\"target\":{\"@type\":\"EntryPoint\",\"urlTemplate\":\"https:\\\/\\\/tilk.bio\\\/et\\\/?s={search_term_string}\"},\"query-input\":{\"@type\":\"PropertyValueSpecification\",\"valueRequired\":true,\"valueName\":\"search_term_string\"}}],\"inLanguage\":\"et\"}]}<\/script>\n<!-- \/ Yoast SEO plugin. -->","yoast_head_json":{"title":"Hold Me alumiiniumivaba deodorant pat\u0161uli & lavendliga","description":"Parim looduslik deodorant on alumiiniumivaba ja puhta koostisega. Looduslik deodorant neutraliseerib higil\u00f4hna ja tagab v\u00e4rske tunde.","robots":{"index":"index","follow":"follow","max-snippet":"max-snippet:-1","max-image-preview":"max-image-preview:large","max-video-preview":"max-video-preview:-1"},"canonical":"https:\/\/tilk.bio\/et\/pood\/hold-me-deodorantkreem\/","og_locale":"et_EE","og_type":"article","og_title":"Hold Me alumiiniumivaba deodorant pat\u0161uli & lavendliga","og_description":"Parim looduslik deodorant on alumiiniumivaba ja puhta koostisega. Looduslik deodorant neutraliseerib higil\u00f4hna ja tagab v\u00e4rske tunde.","og_url":"https:\/\/tilk.bio\/et\/pood\/hold-me-deodorantkreem\/","og_site_name":"Tilk!","article_publisher":"https:\/\/www.facebook.com\/tilk.bio\/","article_modified_time":"2026-04-23T14:00:14+00:00","og_image":[{"width":1200,"height":1200,"url":"https:\/\/tilk.bio\/wp-content\/uploads\/2022\/12\/Untitled-design-13.jpg","type":"image\/jpeg"}],"twitter_card":"summary_large_image","twitter_misc":{"Est. reading time":"1 minut"},"schema":{"@context":"https:\/\/schema.org","@graph":[{"@type":"WebPage","@id":"https:\/\/tilk.bio\/et\/pood\/hold-me-deodorantkreem\/","url":"https:\/\/tilk.bio\/et\/pood\/hold-me-deodorantkreem\/","name":"Hold Me alumiiniumivaba deodorant pat\u0161uli & lavendliga","isPartOf":{"@id":"https:\/\/tilk.bio\/et\/#website"},"primaryImageOfPage":{"@id":"https:\/\/tilk.bio\/et\/pood\/hold-me-deodorantkreem\/#primaryimage"},"image":{"@id":"https:\/\/tilk.bio\/et\/pood\/hold-me-deodorantkreem\/#primaryimage"},"thumbnailUrl":"https:\/\/tilk.bio\/wp-content\/uploads\/2022\/12\/Untitled-design-13.jpg","datePublished":"2022-12-15T20:10:32+00:00","dateModified":"2026-04-23T14:00:14+00:00","description":"Parim looduslik deodorant on alumiiniumivaba ja puhta koostisega. Looduslik deodorant neutraliseerib higil\u00f4hna ja tagab v\u00e4rske tunde.","breadcrumb":{"@id":"https:\/\/tilk.bio\/et\/pood\/hold-me-deodorantkreem\/#breadcrumb"},"inLanguage":"et","potentialAction":[{"@type":"ReadAction","target":["https:\/\/tilk.bio\/et\/pood\/hold-me-deodorantkreem\/"]}]},{"@type":"ImageObject","inLanguage":"et","@id":"https:\/\/tilk.bio\/et\/pood\/hold-me-deodorantkreem\/#primaryimage","url":"https:\/\/tilk.bio\/wp-content\/uploads\/2022\/12\/Untitled-design-13.jpg","contentUrl":"https:\/\/tilk.bio\/wp-content\/uploads\/2022\/12\/Untitled-design-13.jpg","width":1200,"height":1200},{"@type":"BreadcrumbList","@id":"https:\/\/tilk.bio\/et\/pood\/hold-me-deodorantkreem\/#breadcrumb","itemListElement":[{"@type":"ListItem","position":1,"name":"Home","item":"https:\/\/tilk.bio\/et\/"},{"@type":"ListItem","position":2,"name":"Pood","item":"https:\/\/tilk.bio\/et\/pood\/"},{"@type":"ListItem","position":3,"name":"Hold Me alumiiniumivaba deodorant pat\u0161uli &amp; lavendliga"}]},{"@type":"WebSite","@id":"https:\/\/tilk.bio\/et\/#website","url":"https:\/\/tilk.bio\/et\/","name":"Tilk!","description":"Keskkonnas\u00f5bralik ja j\u00e4tkusuutlik looduskosmeetika Saaremaalt.","potentialAction":[{"@type":"SearchAction","target":{"@type":"EntryPoint","urlTemplate":"https:\/\/tilk.bio\/et\/?s={search_term_string}"},"query-input":{"@type":"PropertyValueSpecification","valueRequired":true,"valueName":"search_term_string"}}],"inLanguage":"et"}]}},"_links":{"self":[{"href":"https:\/\/tilk.bio\/et\/wp-json\/wp\/v2\/product\/25631","targetHints":{"allow":["GET"]}}],"collection":[{"href":"https:\/\/tilk.bio\/et\/wp-json\/wp\/v2\/product"}],"about":[{"href":"https:\/\/tilk.bio\/et\/wp-json\/wp\/v2\/types\/product"}],"replies":[{"embeddable":true,"href":"https:\/\/tilk.bio\/et\/wp-json\/wp\/v2\/comments?post=25631"}],"wp:featuredmedia":[{"embeddable":true,"href":"https:\/\/tilk.bio\/et\/wp-json\/wp\/v2\/media\/71848"}],"wp:attachment":[{"href":"https:\/\/tilk.bio\/et\/wp-json\/wp\/v2\/media?parent=25631"}],"wp:term":[{"taxonomy":"product_brand","embeddable":true,"href":"https:\/\/tilk.bio\/et\/wp-json\/wp\/v2\/product_brand?post=25631"},{"taxonomy":"product_cat","embeddable":true,"href":"https:\/\/tilk.bio\/et\/wp-json\/wp\/v2\/product_cat?post=25631"},{"taxonomy":"product_tag","embeddable":true,"href":"https:\/\/tilk.bio\/et\/wp-json\/wp\/v2\/product_tag?post=25631"}],"curies":[{"name":"wp","href":"https:\/\/api.w.org\/{rel}","templated":true}]}}