{"id":27261,"date":"2021-01-30T21:55:14","date_gmt":"2021-01-30T19:55:14","guid":{"rendered":"https:\/\/tilk.bio\/shop\/hug-me-kehakreem\/"},"modified":"2026-04-20T09:45:06","modified_gmt":"2026-04-20T06:45:06","slug":"hug-me-kehakreem","status":"publish","type":"product","link":"https:\/\/tilk.bio\/et\/pood\/hug-me-kehakreem\/","title":{"rendered":"Hug Me niisutav ja siluv kehakreem porgandi\u00f5liga"},"content":{"rendered":"<p><span style=\"font-weight: 400;\">Hug Me vahuse koostisega <a href=\"https:\/\/tilk.bio\/et\/tootekategooria\/kehale\/kehakreemid-ja-voided\/\">kehakreem<\/a> niisutab ja muudab naha m\u00f5nusalt elastseks. See m\u00f5nus tsitrusel\u00f5hnaline kehakreem on nagu pehme kallistus kogu kehale ning suudab ideaalselt hoolitseda ka kuiva naha v\u00e4rskendamise eest. Kreem on kerge ja ei j\u00e4ta nahka rasvaseks.<\/span><\/p>\n<p><span style=\"font-weight: 400;\">Porgandi\u00f5li koostises olev beetakaroteen annab s\u00e4ravalt kauni jume ning koost\u00f6\u00f6s kookos\u00f5liga on neil ka pehmendav ning kaitsev m\u00f5ju. Kookos\u00f5lil on teisigi suurep\u00e4raseid omadusi \u2013 see silub, toniseerib ja niisutab nahka. Kehakreemi koostises olevad n\u00f5gese, p\u00f5ldosja ja raudrohu bioaktiivsed toimeained stimuleerivad vereringet ja tugevdavad naha struktuuri. S\u00fcgavniisutava toimega sheav\u00f5i annab nahale kauni s\u00e4ra ja elastsuse, lisaks omab see p\u00f5letikuvastast toimet.\u00a0<\/span><\/p>\n<p><span style=\"font-weight: 400;\">Kehakreemi koostisosad on looduslikku p\u00e4ritolu ja vegan. Kreemi loomisel on kasutatud Saaremaalt k\u00e4sitsi korjatud taimede \u00f5lisid.<\/span><\/p>\n<p><span style=\"font-weight: 400;\">Hoiustamine: Hoiusta kehakreemi toatemperatuuril.<\/span><\/p>\n<p><span style=\"font-weight: 400;\">Kogus: 200ml<\/span><\/p>\n<p><a ref=\"magnificPopup\" href=\"https:\/\/tilk.bio\/wp-content\/uploads\/2016\/01\/Vegan_sign-07.png\"><img loading=\"lazy\" decoding=\"async\" class=\"wp-image-17805 alignleft\" src=\"https:\/\/tilk.bio\/wp-content\/uploads\/2016\/01\/Vegan_sign-07.png\" alt=\"\" width=\"73\" height=\"73\" srcset=\"https:\/\/tilk.bio\/wp-content\/uploads\/2016\/01\/Vegan_sign-07.png 165w, https:\/\/tilk.bio\/wp-content\/uploads\/2016\/01\/Vegan_sign-07-150x150.png 150w\" sizes=\"auto, (max-width: 73px) 100vw, 73px\" \/> <\/a><\/p>\n","protected":false},"excerpt":{"rendered":"<p>Hug Me vahuse koostisega kehakreem niisutab ja muudab naha m\u00f5nusalt elastseks. See m\u00f5nus tsitrusel\u00f5hnaline kehakreem on nagu pehme kallistus kogu kehale ning suudab ideaalselt hoolitseda ka kuiva naha v\u00e4rskendamise eest. Kreem on kerge ja ei j\u00e4ta nahka rasvaseks. Porgandi\u00f5li koostises olev beetakaroteen annab s\u00e4ravalt kauni jume ning koost\u00f6\u00f6s kookos\u00f5liga on neil ka pehmendav ning kaitsev&#8230;<\/p>\n","protected":false},"featured_media":67301,"comment_status":"open","ping_status":"closed","template":"","meta":{"_acf_changed":false},"product_brand":[],"product_cat":[495,605,389,689,912,713],"product_tag":[571,556,558],"class_list":{"0":"post-27261","1":"product","2":"type-product","3":"status-publish","4":"has-post-thumbnail","6":"product_cat-kehale","7":"product_cat-kehakreemid-ja-voided","8":"product_cat-koik-tooted","9":"product_cat-kuiv-nahk","10":"product_cat-sheavoi","11":"product_cat-tilk-herbal-et","12":"product_tag-julmusevaba-et","13":"product_tag-palmiolivaba","14":"product_tag-vegan-et","16":"first","17":"instock","18":"taxable","19":"shipping-taxable","20":"purchasable","21":"product-type-variable"},"acf":[],"yoast_head":"<!-- This site is optimized with the Yoast SEO plugin v27.4 - https:\/\/yoast.com\/product\/yoast-seo-wordpress\/ -->\n<title>Hug Me niisutav ja siluv kehakreem porgandi\u00f5liga - Tilk!<\/title>\n<meta name=\"description\" content=\"Hug Me vahuse koostisega kehakreem niisutab ja muudab naha m\u00f5nusalt elastseks. See m\u00f5nus tsitrusel\u00f5hnaline kreem on nagu pehme kallistus kogu kehale.\" \/>\n<meta name=\"robots\" content=\"index, follow, max-snippet:-1, max-image-preview:large, max-video-preview:-1\" \/>\n<link rel=\"canonical\" href=\"https:\/\/tilk.bio\/et\/pood\/hug-me-kehakreem\/\" \/>\n<meta property=\"og:locale\" content=\"et_EE\" \/>\n<meta property=\"og:type\" content=\"article\" \/>\n<meta property=\"og:title\" content=\"Hug Me niisutav ja siluv kehakreem porgandi\u00f5liga - Tilk!\" \/>\n<meta property=\"og:description\" content=\"Hug Me vahuse koostisega kehakreem niisutab ja muudab naha m\u00f5nusalt elastseks. See m\u00f5nus tsitrusel\u00f5hnaline kreem on nagu pehme kallistus kogu kehale.\" \/>\n<meta property=\"og:url\" content=\"https:\/\/tilk.bio\/et\/pood\/hug-me-kehakreem\/\" \/>\n<meta property=\"og:site_name\" content=\"Tilk!\" \/>\n<meta property=\"article:publisher\" content=\"https:\/\/www.facebook.com\/tilk.bio\/\" \/>\n<meta property=\"article:modified_time\" content=\"2026-04-20T06:45:06+00:00\" \/>\n<meta property=\"og:image\" content=\"https:\/\/tilk.bio\/wp-content\/uploads\/2019\/01\/hugsuur1200x628.png\" \/>\n\t<meta property=\"og:image:width\" content=\"1200\" \/>\n\t<meta property=\"og:image:height\" content=\"628\" \/>\n\t<meta property=\"og:image:type\" content=\"image\/png\" \/>\n<meta name=\"twitter:card\" content=\"summary_large_image\" \/>\n<meta name=\"twitter:label1\" content=\"Est. reading time\" \/>\n\t<meta name=\"twitter:data1\" content=\"1 minut\" \/>\n<script type=\"application\/ld+json\" class=\"yoast-schema-graph\">{\"@context\":\"https:\\\/\\\/schema.org\",\"@graph\":[{\"@type\":\"WebPage\",\"@id\":\"https:\\\/\\\/tilk.bio\\\/et\\\/pood\\\/hug-me-kehakreem\\\/\",\"url\":\"https:\\\/\\\/tilk.bio\\\/et\\\/pood\\\/hug-me-kehakreem\\\/\",\"name\":\"Hug Me niisutav ja siluv kehakreem porgandi\u00f5liga - Tilk!\",\"isPartOf\":{\"@id\":\"https:\\\/\\\/tilk.bio\\\/et\\\/#website\"},\"primaryImageOfPage\":{\"@id\":\"https:\\\/\\\/tilk.bio\\\/et\\\/pood\\\/hug-me-kehakreem\\\/#primaryimage\"},\"image\":{\"@id\":\"https:\\\/\\\/tilk.bio\\\/et\\\/pood\\\/hug-me-kehakreem\\\/#primaryimage\"},\"thumbnailUrl\":\"https:\\\/\\\/tilk.bio\\\/wp-content\\\/uploads\\\/2021\\\/01\\\/1.jpg\",\"datePublished\":\"2021-01-30T19:55:14+00:00\",\"dateModified\":\"2026-04-20T06:45:06+00:00\",\"description\":\"Hug Me vahuse koostisega kehakreem niisutab ja muudab naha m\u00f5nusalt elastseks. See m\u00f5nus tsitrusel\u00f5hnaline kreem on nagu pehme kallistus kogu kehale.\",\"breadcrumb\":{\"@id\":\"https:\\\/\\\/tilk.bio\\\/et\\\/pood\\\/hug-me-kehakreem\\\/#breadcrumb\"},\"inLanguage\":\"et\",\"potentialAction\":[{\"@type\":\"ReadAction\",\"target\":[\"https:\\\/\\\/tilk.bio\\\/et\\\/pood\\\/hug-me-kehakreem\\\/\"]}]},{\"@type\":\"ImageObject\",\"inLanguage\":\"et\",\"@id\":\"https:\\\/\\\/tilk.bio\\\/et\\\/pood\\\/hug-me-kehakreem\\\/#primaryimage\",\"url\":\"https:\\\/\\\/tilk.bio\\\/wp-content\\\/uploads\\\/2021\\\/01\\\/1.jpg\",\"contentUrl\":\"https:\\\/\\\/tilk.bio\\\/wp-content\\\/uploads\\\/2021\\\/01\\\/1.jpg\",\"width\":1200,\"height\":1200},{\"@type\":\"BreadcrumbList\",\"@id\":\"https:\\\/\\\/tilk.bio\\\/et\\\/pood\\\/hug-me-kehakreem\\\/#breadcrumb\",\"itemListElement\":[{\"@type\":\"ListItem\",\"position\":1,\"name\":\"Home\",\"item\":\"https:\\\/\\\/tilk.bio\\\/et\\\/\"},{\"@type\":\"ListItem\",\"position\":2,\"name\":\"Pood\",\"item\":\"https:\\\/\\\/tilk.bio\\\/et\\\/pood\\\/\"},{\"@type\":\"ListItem\",\"position\":3,\"name\":\"Hug Me niisutav ja siluv kehakreem porgandi\u00f5liga\"}]},{\"@type\":\"WebSite\",\"@id\":\"https:\\\/\\\/tilk.bio\\\/et\\\/#website\",\"url\":\"https:\\\/\\\/tilk.bio\\\/et\\\/\",\"name\":\"Tilk!\",\"description\":\"Keskkonnas\u00f5bralik ja j\u00e4tkusuutlik looduskosmeetika Saaremaalt.\",\"potentialAction\":[{\"@type\":\"SearchAction\",\"target\":{\"@type\":\"EntryPoint\",\"urlTemplate\":\"https:\\\/\\\/tilk.bio\\\/et\\\/?s={search_term_string}\"},\"query-input\":{\"@type\":\"PropertyValueSpecification\",\"valueRequired\":true,\"valueName\":\"search_term_string\"}}],\"inLanguage\":\"et\"}]}<\/script>\n<!-- \/ Yoast SEO plugin. -->","yoast_head_json":{"title":"Hug Me niisutav ja siluv kehakreem porgandi\u00f5liga - Tilk!","description":"Hug Me vahuse koostisega kehakreem niisutab ja muudab naha m\u00f5nusalt elastseks. See m\u00f5nus tsitrusel\u00f5hnaline kreem on nagu pehme kallistus kogu kehale.","robots":{"index":"index","follow":"follow","max-snippet":"max-snippet:-1","max-image-preview":"max-image-preview:large","max-video-preview":"max-video-preview:-1"},"canonical":"https:\/\/tilk.bio\/et\/pood\/hug-me-kehakreem\/","og_locale":"et_EE","og_type":"article","og_title":"Hug Me niisutav ja siluv kehakreem porgandi\u00f5liga - Tilk!","og_description":"Hug Me vahuse koostisega kehakreem niisutab ja muudab naha m\u00f5nusalt elastseks. See m\u00f5nus tsitrusel\u00f5hnaline kreem on nagu pehme kallistus kogu kehale.","og_url":"https:\/\/tilk.bio\/et\/pood\/hug-me-kehakreem\/","og_site_name":"Tilk!","article_publisher":"https:\/\/www.facebook.com\/tilk.bio\/","article_modified_time":"2026-04-20T06:45:06+00:00","og_image":[{"width":1200,"height":628,"url":"https:\/\/tilk.bio\/wp-content\/uploads\/2019\/01\/hugsuur1200x628.png","type":"image\/png"}],"twitter_card":"summary_large_image","twitter_misc":{"Est. reading time":"1 minut"},"schema":{"@context":"https:\/\/schema.org","@graph":[{"@type":"WebPage","@id":"https:\/\/tilk.bio\/et\/pood\/hug-me-kehakreem\/","url":"https:\/\/tilk.bio\/et\/pood\/hug-me-kehakreem\/","name":"Hug Me niisutav ja siluv kehakreem porgandi\u00f5liga - Tilk!","isPartOf":{"@id":"https:\/\/tilk.bio\/et\/#website"},"primaryImageOfPage":{"@id":"https:\/\/tilk.bio\/et\/pood\/hug-me-kehakreem\/#primaryimage"},"image":{"@id":"https:\/\/tilk.bio\/et\/pood\/hug-me-kehakreem\/#primaryimage"},"thumbnailUrl":"https:\/\/tilk.bio\/wp-content\/uploads\/2021\/01\/1.jpg","datePublished":"2021-01-30T19:55:14+00:00","dateModified":"2026-04-20T06:45:06+00:00","description":"Hug Me vahuse koostisega kehakreem niisutab ja muudab naha m\u00f5nusalt elastseks. See m\u00f5nus tsitrusel\u00f5hnaline kreem on nagu pehme kallistus kogu kehale.","breadcrumb":{"@id":"https:\/\/tilk.bio\/et\/pood\/hug-me-kehakreem\/#breadcrumb"},"inLanguage":"et","potentialAction":[{"@type":"ReadAction","target":["https:\/\/tilk.bio\/et\/pood\/hug-me-kehakreem\/"]}]},{"@type":"ImageObject","inLanguage":"et","@id":"https:\/\/tilk.bio\/et\/pood\/hug-me-kehakreem\/#primaryimage","url":"https:\/\/tilk.bio\/wp-content\/uploads\/2021\/01\/1.jpg","contentUrl":"https:\/\/tilk.bio\/wp-content\/uploads\/2021\/01\/1.jpg","width":1200,"height":1200},{"@type":"BreadcrumbList","@id":"https:\/\/tilk.bio\/et\/pood\/hug-me-kehakreem\/#breadcrumb","itemListElement":[{"@type":"ListItem","position":1,"name":"Home","item":"https:\/\/tilk.bio\/et\/"},{"@type":"ListItem","position":2,"name":"Pood","item":"https:\/\/tilk.bio\/et\/pood\/"},{"@type":"ListItem","position":3,"name":"Hug Me niisutav ja siluv kehakreem porgandi\u00f5liga"}]},{"@type":"WebSite","@id":"https:\/\/tilk.bio\/et\/#website","url":"https:\/\/tilk.bio\/et\/","name":"Tilk!","description":"Keskkonnas\u00f5bralik ja j\u00e4tkusuutlik looduskosmeetika Saaremaalt.","potentialAction":[{"@type":"SearchAction","target":{"@type":"EntryPoint","urlTemplate":"https:\/\/tilk.bio\/et\/?s={search_term_string}"},"query-input":{"@type":"PropertyValueSpecification","valueRequired":true,"valueName":"search_term_string"}}],"inLanguage":"et"}]}},"_links":{"self":[{"href":"https:\/\/tilk.bio\/et\/wp-json\/wp\/v2\/product\/27261","targetHints":{"allow":["GET"]}}],"collection":[{"href":"https:\/\/tilk.bio\/et\/wp-json\/wp\/v2\/product"}],"about":[{"href":"https:\/\/tilk.bio\/et\/wp-json\/wp\/v2\/types\/product"}],"replies":[{"embeddable":true,"href":"https:\/\/tilk.bio\/et\/wp-json\/wp\/v2\/comments?post=27261"}],"wp:featuredmedia":[{"embeddable":true,"href":"https:\/\/tilk.bio\/et\/wp-json\/wp\/v2\/media\/67301"}],"wp:attachment":[{"href":"https:\/\/tilk.bio\/et\/wp-json\/wp\/v2\/media?parent=27261"}],"wp:term":[{"taxonomy":"product_brand","embeddable":true,"href":"https:\/\/tilk.bio\/et\/wp-json\/wp\/v2\/product_brand?post=27261"},{"taxonomy":"product_cat","embeddable":true,"href":"https:\/\/tilk.bio\/et\/wp-json\/wp\/v2\/product_cat?post=27261"},{"taxonomy":"product_tag","embeddable":true,"href":"https:\/\/tilk.bio\/et\/wp-json\/wp\/v2\/product_tag?post=27261"}],"curies":[{"name":"wp","href":"https:\/\/api.w.org\/{rel}","templated":true}]}}