{"id":30375,"date":"2021-05-03T21:38:22","date_gmt":"2021-05-03T18:38:22","guid":{"rendered":"https:\/\/tilk.bio\/shop\/bronze-me-on-punavetika-bioaktiivse-ekstraktiga-paevituskreem\/"},"modified":"2026-04-07T12:15:08","modified_gmt":"2026-04-07T09:15:08","slug":"spot-care-tsingikreem-punavetikaekstraktiga","status":"publish","type":"product","link":"https:\/\/tilk.bio\/et\/pood\/spot-care-tsingikreem-punavetikaekstraktiga\/","title":{"rendered":"Spot &amp; Care tsinksalv punavetikaekstraktiga"},"content":{"rendered":"<p>Spot &amp; Care zinc cream contains an abundance of vitamins, minerals, antioxidants and fatty acids that support your <a href=\"https:\/\/tilk.bio\/find-your-skin-type\/your-hands\/\">skin\u2019s natural moisture levels and good complexion<\/a>. Antioxidant rich raspberry seed, wheat germ and coconut oils help to alleviate itchy skin, skin irritations and redness. Red algae extract includes bioactive ingredients that slow down skin\u2019s ageing process. Carrot oil, which is rich in beta carotenoids and vitamins, nourishes tired skin and returns it to the state of vitality and brilliance.<\/p>\n<p>Zinc oxide is a natural mineral that has scientifically proven benefits for the body and skin. Zinc reduces inflammations by destroying acne causing bacteria. It helps to regulate the sebum production and renew the skin. Zinc also has light reflecting properties and it creates a layer of protection against harmful UV radiation. The cream has a nicely fresh and minty scent.<\/p>\n<p><strong>Usage:<\/strong>\u00a0The cream can be applied all over the body or used only on problematic areas. If you are using the cream under the strong sun during summer, please repeat the application every few hours, and also after going into water.<\/p>\n<p>NB! Zinc oxide is white and can leave a light layer on the skin.<\/p>\n<p>All the ingredients are natural and vegan. The cream contains extract from red algae harvested from the coastline of Saaremaa.<\/p>\n<p>Size: 10ml\/50ml<\/p>\n<p><a ref=\"magnificPopup\" href=\"https:\/\/tilk.bio\/wp-content\/uploads\/2016\/01\/Vegan_sign-07-150x150.png\"><img loading=\"lazy\" decoding=\"async\" class=\"wp-image-17805 alignleft\" src=\"https:\/\/tilk.bio\/wp-content\/uploads\/2016\/01\/Vegan_sign-07-150x150.png\" width=\"75\" height=\"75\" srcset=\"https:\/\/tilk.bio\/wp-content\/uploads\/2016\/01\/Vegan_sign-07-150x150.png 150w, https:\/\/tilk.bio\/wp-content\/uploads\/2016\/01\/Vegan_sign-07.png 165w\" sizes=\"auto, (max-width: 75px) 100vw, 75px\" \/><\/a><\/p>\n","protected":false},"excerpt":{"rendered":"<p><span style=\"font-weight: 400;\">Spot &amp; Care kreemi koostises olevad vaarikaseemne-, nisuidu- ja kookos\u00f5li sisaldavad rohkesti kasulikke vitamiine, mineraale, antioks\u00fcdante ja rasvhappeid, mis aitavad hoida naha normaalset niiskust ja head jumet. Punavetikaekstrakti bioaktiivsed koostisosad aitavad pidurdada vananemisprotsessi ning k\u00f5rge beetakaroteenide ja vitamiinide sisaldusega porgandi\u00f5li toidab v\u00e4sinud nahka ja annab nahale kauni s\u00e4ra ning eluj\u00f5u. Kreemi koostises olev tsinkoksiid aitab p\u00e4ikesekiiri peegeldada, luues nahale kaitsekihi UV-kiirguse vastu. Tsink aitab ka reguleerida naha rasueritust, rahustab naha p\u00f5letikulisi koldeid ja h\u00e4vitab aknet p\u00f5hjustavaid baktereid. Kreemi l\u00f5hn on m\u00f5nusalt v\u00e4rske ja m\u00fcndine.\u00a0<\/span><\/p>\n<p><b>Kasutamine:<\/b><span style=\"font-weight: 400;\"> Kreemi v\u00f5ib kasutada kogu kehal v\u00f5i lokaalselt probleemsetel piirkondadel.<\/span><\/p>\n<p><span style=\"font-weight: 400;\">Kui kasutad kreemi suvel p\u00e4ikese k\u00e4es, korda kreemitamist iga paari tunni j\u00e4rel ja p\u00e4rast veega kokkupuutumist.\u00a0<\/span><\/p>\n<p><span style=\"font-weight: 400;\">NB! Tsinkoksiid on valget v\u00e4rvi ja j\u00e4tab nahale kerge valge kihi.<\/span><\/p>\n<p><span style=\"font-weight: 400;\">K\u00f5ik kreemi koostisosad on looduslikku p\u00e4ritolu ja vegan. Kreemis kasutame Saaremaa rannaaladelt korjatud punavetikatest tehtud ekstrakti.<\/span><\/p>\n<p><span style=\"font-weight: 400;\">Kogus: 10ml\/50ml<\/span><\/p>\n","protected":false},"featured_media":67277,"comment_status":"closed","ping_status":"closed","template":"","meta":{"_acf_changed":false},"product_brand":[],"product_cat":[585,687,495,389,511,907,533,616,713],"product_tag":[],"class_list":{"0":"post-30375","1":"product","2":"type-product","3":"status-publish","4":"has-post-thumbnail","6":"product_cat-naokreem","7":"product_cat-akne-ja-rasune-nahk","8":"product_cat-kehale","9":"product_cat-koik-tooted","10":"product_cat-naohooldus","11":"product_cat-punavetikaekstrakt","12":"product_cat-spaatli-voimalus","13":"product_cat-suvetooted","14":"product_cat-tilk-herbal-et","16":"first","17":"instock","18":"sale","19":"taxable","20":"shipping-taxable","21":"purchasable","22":"product-type-variable"},"acf":[],"yoast_head":"<!-- This site is optimized with the Yoast SEO plugin v27.4 - https:\/\/yoast.com\/product\/yoast-seo-wordpress\/ -->\n<title>Tsinksalv punavetikaekstraktiga<\/title>\n<meta name=\"description\" content=\"Tsinksalv Spot &amp; Care koostises olevad vaarikaseemne-, nisuidu- ja kookos\u00f5li sisaldavad rohkesti kasulikke vitamiine, mineraale, antioks\u00fcdante.\" \/>\n<meta name=\"robots\" content=\"index, follow, max-snippet:-1, max-image-preview:large, max-video-preview:-1\" \/>\n<link rel=\"canonical\" href=\"https:\/\/tilk.bio\/et\/pood\/spot-care-tsingikreem-punavetikaekstraktiga\/\" \/>\n<meta property=\"og:locale\" content=\"et_EE\" \/>\n<meta property=\"og:type\" content=\"article\" \/>\n<meta property=\"og:title\" content=\"Tsinksalv punavetikaekstraktiga\" \/>\n<meta property=\"og:description\" content=\"Tsinksalv Spot &amp; Care koostises olevad vaarikaseemne-, nisuidu- ja kookos\u00f5li sisaldavad rohkesti kasulikke vitamiine, mineraale, antioks\u00fcdante.\" \/>\n<meta property=\"og:url\" content=\"https:\/\/tilk.bio\/et\/pood\/spot-care-tsingikreem-punavetikaekstraktiga\/\" \/>\n<meta property=\"og:site_name\" content=\"Tilk!\" \/>\n<meta property=\"article:publisher\" content=\"https:\/\/www.facebook.com\/tilk.bio\/\" \/>\n<meta property=\"article:modified_time\" content=\"2026-04-07T09:15:08+00:00\" \/>\n<meta property=\"og:image\" content=\"https:\/\/tilk.bio\/wp-content\/uploads\/2021\/05\/Untitled-design-63.jpg\" \/>\n\t<meta property=\"og:image:width\" content=\"1200\" \/>\n\t<meta property=\"og:image:height\" content=\"1200\" \/>\n\t<meta property=\"og:image:type\" content=\"image\/jpeg\" \/>\n<meta name=\"twitter:card\" content=\"summary_large_image\" \/>\n<meta name=\"twitter:label1\" content=\"Est. reading time\" \/>\n\t<meta name=\"twitter:data1\" content=\"1 minut\" \/>\n<script type=\"application\/ld+json\" class=\"yoast-schema-graph\">{\"@context\":\"https:\\\/\\\/schema.org\",\"@graph\":[{\"@type\":\"WebPage\",\"@id\":\"https:\\\/\\\/tilk.bio\\\/et\\\/pood\\\/spot-care-tsingikreem-punavetikaekstraktiga\\\/\",\"url\":\"https:\\\/\\\/tilk.bio\\\/et\\\/pood\\\/spot-care-tsingikreem-punavetikaekstraktiga\\\/\",\"name\":\"Tsinksalv punavetikaekstraktiga\",\"isPartOf\":{\"@id\":\"https:\\\/\\\/tilk.bio\\\/et\\\/#website\"},\"primaryImageOfPage\":{\"@id\":\"https:\\\/\\\/tilk.bio\\\/et\\\/pood\\\/spot-care-tsingikreem-punavetikaekstraktiga\\\/#primaryimage\"},\"image\":{\"@id\":\"https:\\\/\\\/tilk.bio\\\/et\\\/pood\\\/spot-care-tsingikreem-punavetikaekstraktiga\\\/#primaryimage\"},\"thumbnailUrl\":\"https:\\\/\\\/tilk.bio\\\/wp-content\\\/uploads\\\/2021\\\/05\\\/Untitled-design-63.jpg\",\"datePublished\":\"2021-05-03T18:38:22+00:00\",\"dateModified\":\"2026-04-07T09:15:08+00:00\",\"description\":\"Tsinksalv Spot & Care koostises olevad vaarikaseemne-, nisuidu- ja kookos\u00f5li sisaldavad rohkesti kasulikke vitamiine, mineraale, antioks\u00fcdante.\",\"breadcrumb\":{\"@id\":\"https:\\\/\\\/tilk.bio\\\/et\\\/pood\\\/spot-care-tsingikreem-punavetikaekstraktiga\\\/#breadcrumb\"},\"inLanguage\":\"et\",\"potentialAction\":[{\"@type\":\"ReadAction\",\"target\":[\"https:\\\/\\\/tilk.bio\\\/et\\\/pood\\\/spot-care-tsingikreem-punavetikaekstraktiga\\\/\"]}]},{\"@type\":\"ImageObject\",\"inLanguage\":\"et\",\"@id\":\"https:\\\/\\\/tilk.bio\\\/et\\\/pood\\\/spot-care-tsingikreem-punavetikaekstraktiga\\\/#primaryimage\",\"url\":\"https:\\\/\\\/tilk.bio\\\/wp-content\\\/uploads\\\/2021\\\/05\\\/Untitled-design-63.jpg\",\"contentUrl\":\"https:\\\/\\\/tilk.bio\\\/wp-content\\\/uploads\\\/2021\\\/05\\\/Untitled-design-63.jpg\",\"width\":1200,\"height\":1200},{\"@type\":\"BreadcrumbList\",\"@id\":\"https:\\\/\\\/tilk.bio\\\/et\\\/pood\\\/spot-care-tsingikreem-punavetikaekstraktiga\\\/#breadcrumb\",\"itemListElement\":[{\"@type\":\"ListItem\",\"position\":1,\"name\":\"Home\",\"item\":\"https:\\\/\\\/tilk.bio\\\/et\\\/\"},{\"@type\":\"ListItem\",\"position\":2,\"name\":\"Pood\",\"item\":\"https:\\\/\\\/tilk.bio\\\/et\\\/pood\\\/\"},{\"@type\":\"ListItem\",\"position\":3,\"name\":\"Spot &amp; Care tsinksalv punavetikaekstraktiga\"}]},{\"@type\":\"WebSite\",\"@id\":\"https:\\\/\\\/tilk.bio\\\/et\\\/#website\",\"url\":\"https:\\\/\\\/tilk.bio\\\/et\\\/\",\"name\":\"Tilk!\",\"description\":\"Keskkonnas\u00f5bralik ja j\u00e4tkusuutlik looduskosmeetika Saaremaalt.\",\"potentialAction\":[{\"@type\":\"SearchAction\",\"target\":{\"@type\":\"EntryPoint\",\"urlTemplate\":\"https:\\\/\\\/tilk.bio\\\/et\\\/?s={search_term_string}\"},\"query-input\":{\"@type\":\"PropertyValueSpecification\",\"valueRequired\":true,\"valueName\":\"search_term_string\"}}],\"inLanguage\":\"et\"}]}<\/script>\n<!-- \/ Yoast SEO plugin. -->","yoast_head_json":{"title":"Tsinksalv punavetikaekstraktiga","description":"Tsinksalv Spot & Care koostises olevad vaarikaseemne-, nisuidu- ja kookos\u00f5li sisaldavad rohkesti kasulikke vitamiine, mineraale, antioks\u00fcdante.","robots":{"index":"index","follow":"follow","max-snippet":"max-snippet:-1","max-image-preview":"max-image-preview:large","max-video-preview":"max-video-preview:-1"},"canonical":"https:\/\/tilk.bio\/et\/pood\/spot-care-tsingikreem-punavetikaekstraktiga\/","og_locale":"et_EE","og_type":"article","og_title":"Tsinksalv punavetikaekstraktiga","og_description":"Tsinksalv Spot & Care koostises olevad vaarikaseemne-, nisuidu- ja kookos\u00f5li sisaldavad rohkesti kasulikke vitamiine, mineraale, antioks\u00fcdante.","og_url":"https:\/\/tilk.bio\/et\/pood\/spot-care-tsingikreem-punavetikaekstraktiga\/","og_site_name":"Tilk!","article_publisher":"https:\/\/www.facebook.com\/tilk.bio\/","article_modified_time":"2026-04-07T09:15:08+00:00","og_image":[{"width":1200,"height":1200,"url":"https:\/\/tilk.bio\/wp-content\/uploads\/2021\/05\/Untitled-design-63.jpg","type":"image\/jpeg"}],"twitter_card":"summary_large_image","twitter_misc":{"Est. reading time":"1 minut"},"schema":{"@context":"https:\/\/schema.org","@graph":[{"@type":"WebPage","@id":"https:\/\/tilk.bio\/et\/pood\/spot-care-tsingikreem-punavetikaekstraktiga\/","url":"https:\/\/tilk.bio\/et\/pood\/spot-care-tsingikreem-punavetikaekstraktiga\/","name":"Tsinksalv punavetikaekstraktiga","isPartOf":{"@id":"https:\/\/tilk.bio\/et\/#website"},"primaryImageOfPage":{"@id":"https:\/\/tilk.bio\/et\/pood\/spot-care-tsingikreem-punavetikaekstraktiga\/#primaryimage"},"image":{"@id":"https:\/\/tilk.bio\/et\/pood\/spot-care-tsingikreem-punavetikaekstraktiga\/#primaryimage"},"thumbnailUrl":"https:\/\/tilk.bio\/wp-content\/uploads\/2021\/05\/Untitled-design-63.jpg","datePublished":"2021-05-03T18:38:22+00:00","dateModified":"2026-04-07T09:15:08+00:00","description":"Tsinksalv Spot & Care koostises olevad vaarikaseemne-, nisuidu- ja kookos\u00f5li sisaldavad rohkesti kasulikke vitamiine, mineraale, antioks\u00fcdante.","breadcrumb":{"@id":"https:\/\/tilk.bio\/et\/pood\/spot-care-tsingikreem-punavetikaekstraktiga\/#breadcrumb"},"inLanguage":"et","potentialAction":[{"@type":"ReadAction","target":["https:\/\/tilk.bio\/et\/pood\/spot-care-tsingikreem-punavetikaekstraktiga\/"]}]},{"@type":"ImageObject","inLanguage":"et","@id":"https:\/\/tilk.bio\/et\/pood\/spot-care-tsingikreem-punavetikaekstraktiga\/#primaryimage","url":"https:\/\/tilk.bio\/wp-content\/uploads\/2021\/05\/Untitled-design-63.jpg","contentUrl":"https:\/\/tilk.bio\/wp-content\/uploads\/2021\/05\/Untitled-design-63.jpg","width":1200,"height":1200},{"@type":"BreadcrumbList","@id":"https:\/\/tilk.bio\/et\/pood\/spot-care-tsingikreem-punavetikaekstraktiga\/#breadcrumb","itemListElement":[{"@type":"ListItem","position":1,"name":"Home","item":"https:\/\/tilk.bio\/et\/"},{"@type":"ListItem","position":2,"name":"Pood","item":"https:\/\/tilk.bio\/et\/pood\/"},{"@type":"ListItem","position":3,"name":"Spot &amp; Care tsinksalv punavetikaekstraktiga"}]},{"@type":"WebSite","@id":"https:\/\/tilk.bio\/et\/#website","url":"https:\/\/tilk.bio\/et\/","name":"Tilk!","description":"Keskkonnas\u00f5bralik ja j\u00e4tkusuutlik looduskosmeetika Saaremaalt.","potentialAction":[{"@type":"SearchAction","target":{"@type":"EntryPoint","urlTemplate":"https:\/\/tilk.bio\/et\/?s={search_term_string}"},"query-input":{"@type":"PropertyValueSpecification","valueRequired":true,"valueName":"search_term_string"}}],"inLanguage":"et"}]}},"_links":{"self":[{"href":"https:\/\/tilk.bio\/et\/wp-json\/wp\/v2\/product\/30375","targetHints":{"allow":["GET"]}}],"collection":[{"href":"https:\/\/tilk.bio\/et\/wp-json\/wp\/v2\/product"}],"about":[{"href":"https:\/\/tilk.bio\/et\/wp-json\/wp\/v2\/types\/product"}],"replies":[{"embeddable":true,"href":"https:\/\/tilk.bio\/et\/wp-json\/wp\/v2\/comments?post=30375"}],"wp:featuredmedia":[{"embeddable":true,"href":"https:\/\/tilk.bio\/et\/wp-json\/wp\/v2\/media\/67277"}],"wp:attachment":[{"href":"https:\/\/tilk.bio\/et\/wp-json\/wp\/v2\/media?parent=30375"}],"wp:term":[{"taxonomy":"product_brand","embeddable":true,"href":"https:\/\/tilk.bio\/et\/wp-json\/wp\/v2\/product_brand?post=30375"},{"taxonomy":"product_cat","embeddable":true,"href":"https:\/\/tilk.bio\/et\/wp-json\/wp\/v2\/product_cat?post=30375"},{"taxonomy":"product_tag","embeddable":true,"href":"https:\/\/tilk.bio\/et\/wp-json\/wp\/v2\/product_tag?post=30375"}],"curies":[{"name":"wp","href":"https:\/\/api.w.org\/{rel}","templated":true}]}}