{"id":30379,"date":"2020-12-02T22:22:43","date_gmt":"2020-12-02T20:22:43","guid":{"rendered":"https:\/\/tilk.bio\/shop\/shimmer-me-on-varske-punavetikaekstraktiga-paevitusoli\/"},"modified":"2026-04-17T17:15:04","modified_gmt":"2026-04-17T14:15:04","slug":"varske-porgandi-vaarika-kehaoli-punavetikaekstraktiga-renew-me","status":"publish","type":"product","link":"https:\/\/tilk.bio\/et\/pood\/varske-porgandi-vaarika-kehaoli-punavetikaekstraktiga-renew-me\/","title":{"rendered":"Renew v\u00e4rske Me porgandi-vaarika p\u00e4evitus\u00f5li punavetikaekstraktiga -20%"},"content":{"rendered":"<p>-20%<\/p>\n<p>Renew Me on v\u00e4rske punavetikaekstraktiga rikastatud porgandi-vaarika keha\u00f5li. \u00d5li kasutades on nahk looduslike toimeainete abil niisutatud, \u00f5rnalt hoitud ja kaitstud.<\/p>\n<p>Unikaalse vetikaekstrakti bioaktiivsed koostisosad ja antioks\u00fcdandid v\u00f5itlevad naha vananemisega. Keha\u00f5li koostises olev porgandi\u00f5li annab kauni ja s\u00e4rava jume ning kookos\u00f5li niisutab, toniseerib ja silub. Nisuidu\u00f5li on s\u00fcgavniisutav E-vitamiini allikas, mille looduslik p\u00e4ikesekaitse efekt aitab v\u00e4hendada naha \u00e4rritust. Lisaks naha niisutamisele sobib keha\u00f5li suurep\u00e4raselt ka p\u00e4evitamiseks, sest vaarikaseemne-, nisuidu- ja kookos\u00f5lil ning vetikaekstrakti bioaktiivsetel koostisosadel on naturaalne p\u00e4ikesekaitse. Nende koostisosade koosm\u00f5jul v\u00e4heneb nahas liigse melaniini tootmine.<\/p>\n<p><strong>Kasutamine:<\/strong>\u00a0Kanna \u00f5li nahale. Niiskele nahale kandes lukustab \u00f5li niiskuse nahka. Lase \u00f5lil enne riietumist imenduda. \u00dcleliigne \u00f5li tupsuta kergelt salvr\u00e4tikuga maha.<\/p>\n<p>K\u00f5ik \u00f5li koostisosad on looduslikku p\u00e4ritolu ja vegan. \u00d5lis kasutame Saaremaa rannaaladelt korjatud punavetikaekstrakti.<\/p>\n<p>Hoiustamine: Hoiusta keha\u00f5li kaitstuna otsese p\u00e4ikesevalguse eest.<\/p>\n<p>Kogus: 50ml<\/p>\n<p><a ref=\"magnificPopup\" href=\"https:\/\/tilk.bio\/wp-content\/uploads\/2016\/01\/Vegan_sign-07-150x150.png\"><img loading=\"lazy\" decoding=\"async\" class=\"wp-image-17805 alignleft\" src=\"https:\/\/tilk.bio\/wp-content\/uploads\/2016\/01\/Vegan_sign-07-150x150.png\" width=\"75\" height=\"75\" srcset=\"https:\/\/tilk.bio\/wp-content\/uploads\/2016\/01\/Vegan_sign-07-150x150.png 150w, https:\/\/tilk.bio\/wp-content\/uploads\/2016\/01\/Vegan_sign-07.png 165w\" sizes=\"auto, (max-width: 75px) 100vw, 75px\" \/><\/a><\/p>\n","protected":false},"excerpt":{"rendered":"<p>-20% Renew Me on v\u00e4rske punavetikaekstraktiga rikastatud porgandi-vaarika keha\u00f5li. \u00d5li kasutades on nahk looduslike toimeainete abil niisutatud, \u00f5rnalt hoitud ja kaitstud. Unikaalse vetikaekstrakti bioaktiivsed koostisosad ja antioks\u00fcdandid v\u00f5itlevad naha vananemisega. Keha\u00f5li koostises olev porgandi\u00f5li annab kauni ja s\u00e4rava jume ning kookos\u00f5li niisutab, toniseerib ja silub. Nisuidu\u00f5li on s\u00fcgavniisutav E-vitamiini allikas, mille looduslik p\u00e4ikesekaitse efekt aitab&#8230;<\/p>\n","protected":false},"featured_media":67313,"comment_status":"open","ping_status":"closed","template":"","meta":{"_acf_changed":false},"product_brand":[],"product_cat":[495,606,389,926,907,616,691,713],"product_tag":[],"class_list":{"0":"post-30379","1":"product","2":"type-product","3":"status-publish","4":"has-post-thumbnail","6":"product_cat-kehale","7":"product_cat-kehaolid","8":"product_cat-koik-tooted","9":"product_cat-lopumuuk","10":"product_cat-punavetikaekstrakt","11":"product_cat-suvetooted","12":"product_cat-tekstuuri-ja-tooniprobleemidega-nahk","13":"product_cat-tilk-herbal-et","15":"first","16":"instock","17":"sale","18":"taxable","19":"shipping-taxable","20":"purchasable","21":"product-type-simple"},"acf":[],"yoast_head":"<!-- This site is optimized with the Yoast SEO plugin v27.4 - https:\/\/yoast.com\/product\/yoast-seo-wordpress\/ -->\n<title>Renew Me v\u00e4rske porgandi-vaarika p\u00e4evitus\u00f5li<\/title>\n<meta name=\"description\" content=\"Renew Me on v\u00e4rske punavetikaekstraktiga rikastatud porgandi-vaarika p\u00e4evitus\u00f5li. P\u00e4evitus\u00f5li kasutades on nahk looduslike toimeainete abil niisutatud.\" \/>\n<meta name=\"robots\" content=\"index, follow, max-snippet:-1, max-image-preview:large, max-video-preview:-1\" \/>\n<link rel=\"canonical\" href=\"https:\/\/tilk.bio\/et\/pood\/varske-porgandi-vaarika-kehaoli-punavetikaekstraktiga-renew-me\/\" \/>\n<meta property=\"og:locale\" content=\"et_EE\" \/>\n<meta property=\"og:type\" content=\"article\" \/>\n<meta property=\"og:title\" content=\"Renew Me v\u00e4rske porgandi-vaarika p\u00e4evitus\u00f5li\" \/>\n<meta property=\"og:description\" content=\"Renew Me on v\u00e4rske punavetikaekstraktiga rikastatud porgandi-vaarika p\u00e4evitus\u00f5li. P\u00e4evitus\u00f5li kasutades on nahk looduslike toimeainete abil niisutatud.\" \/>\n<meta property=\"og:url\" content=\"https:\/\/tilk.bio\/et\/pood\/varske-porgandi-vaarika-kehaoli-punavetikaekstraktiga-renew-me\/\" \/>\n<meta property=\"og:site_name\" content=\"Tilk!\" \/>\n<meta property=\"article:publisher\" content=\"https:\/\/www.facebook.com\/tilk.bio\/\" \/>\n<meta property=\"article:modified_time\" content=\"2026-04-17T14:15:04+00:00\" \/>\n<meta property=\"og:image\" content=\"https:\/\/tilk.bio\/wp-content\/uploads\/2021\/01\/4.jpg\" \/>\n\t<meta property=\"og:image:width\" content=\"1200\" \/>\n\t<meta property=\"og:image:height\" content=\"1200\" \/>\n\t<meta property=\"og:image:type\" content=\"image\/jpeg\" \/>\n<meta name=\"twitter:card\" content=\"summary_large_image\" \/>\n<meta name=\"twitter:label1\" content=\"Est. reading time\" \/>\n\t<meta name=\"twitter:data1\" content=\"1 minut\" \/>\n<script type=\"application\/ld+json\" class=\"yoast-schema-graph\">{\"@context\":\"https:\\\/\\\/schema.org\",\"@graph\":[{\"@type\":\"WebPage\",\"@id\":\"https:\\\/\\\/tilk.bio\\\/et\\\/pood\\\/varske-porgandi-vaarika-kehaoli-punavetikaekstraktiga-renew-me\\\/\",\"url\":\"https:\\\/\\\/tilk.bio\\\/et\\\/pood\\\/varske-porgandi-vaarika-kehaoli-punavetikaekstraktiga-renew-me\\\/\",\"name\":\"Renew Me v\u00e4rske porgandi-vaarika p\u00e4evitus\u00f5li\",\"isPartOf\":{\"@id\":\"https:\\\/\\\/tilk.bio\\\/et\\\/#website\"},\"primaryImageOfPage\":{\"@id\":\"https:\\\/\\\/tilk.bio\\\/et\\\/pood\\\/varske-porgandi-vaarika-kehaoli-punavetikaekstraktiga-renew-me\\\/#primaryimage\"},\"image\":{\"@id\":\"https:\\\/\\\/tilk.bio\\\/et\\\/pood\\\/varske-porgandi-vaarika-kehaoli-punavetikaekstraktiga-renew-me\\\/#primaryimage\"},\"thumbnailUrl\":\"https:\\\/\\\/tilk.bio\\\/wp-content\\\/uploads\\\/2021\\\/01\\\/4.jpg\",\"datePublished\":\"2020-12-02T20:22:43+00:00\",\"dateModified\":\"2026-04-17T14:15:04+00:00\",\"description\":\"Renew Me on v\u00e4rske punavetikaekstraktiga rikastatud porgandi-vaarika p\u00e4evitus\u00f5li. P\u00e4evitus\u00f5li kasutades on nahk looduslike toimeainete abil niisutatud.\",\"breadcrumb\":{\"@id\":\"https:\\\/\\\/tilk.bio\\\/et\\\/pood\\\/varske-porgandi-vaarika-kehaoli-punavetikaekstraktiga-renew-me\\\/#breadcrumb\"},\"inLanguage\":\"et\",\"potentialAction\":[{\"@type\":\"ReadAction\",\"target\":[\"https:\\\/\\\/tilk.bio\\\/et\\\/pood\\\/varske-porgandi-vaarika-kehaoli-punavetikaekstraktiga-renew-me\\\/\"]}]},{\"@type\":\"ImageObject\",\"inLanguage\":\"et\",\"@id\":\"https:\\\/\\\/tilk.bio\\\/et\\\/pood\\\/varske-porgandi-vaarika-kehaoli-punavetikaekstraktiga-renew-me\\\/#primaryimage\",\"url\":\"https:\\\/\\\/tilk.bio\\\/wp-content\\\/uploads\\\/2021\\\/01\\\/4.jpg\",\"contentUrl\":\"https:\\\/\\\/tilk.bio\\\/wp-content\\\/uploads\\\/2021\\\/01\\\/4.jpg\",\"width\":1200,\"height\":1200},{\"@type\":\"BreadcrumbList\",\"@id\":\"https:\\\/\\\/tilk.bio\\\/et\\\/pood\\\/varske-porgandi-vaarika-kehaoli-punavetikaekstraktiga-renew-me\\\/#breadcrumb\",\"itemListElement\":[{\"@type\":\"ListItem\",\"position\":1,\"name\":\"Home\",\"item\":\"https:\\\/\\\/tilk.bio\\\/et\\\/\"},{\"@type\":\"ListItem\",\"position\":2,\"name\":\"Pood\",\"item\":\"https:\\\/\\\/tilk.bio\\\/et\\\/pood\\\/\"},{\"@type\":\"ListItem\",\"position\":3,\"name\":\"Renew v\u00e4rske Me porgandi-vaarika p\u00e4evitus\u00f5li punavetikaekstraktiga -20%\"}]},{\"@type\":\"WebSite\",\"@id\":\"https:\\\/\\\/tilk.bio\\\/et\\\/#website\",\"url\":\"https:\\\/\\\/tilk.bio\\\/et\\\/\",\"name\":\"Tilk!\",\"description\":\"Keskkonnas\u00f5bralik ja j\u00e4tkusuutlik looduskosmeetika Saaremaalt.\",\"potentialAction\":[{\"@type\":\"SearchAction\",\"target\":{\"@type\":\"EntryPoint\",\"urlTemplate\":\"https:\\\/\\\/tilk.bio\\\/et\\\/?s={search_term_string}\"},\"query-input\":{\"@type\":\"PropertyValueSpecification\",\"valueRequired\":true,\"valueName\":\"search_term_string\"}}],\"inLanguage\":\"et\"}]}<\/script>\n<!-- \/ Yoast SEO plugin. -->","yoast_head_json":{"title":"Renew Me v\u00e4rske porgandi-vaarika p\u00e4evitus\u00f5li","description":"Renew Me on v\u00e4rske punavetikaekstraktiga rikastatud porgandi-vaarika p\u00e4evitus\u00f5li. P\u00e4evitus\u00f5li kasutades on nahk looduslike toimeainete abil niisutatud.","robots":{"index":"index","follow":"follow","max-snippet":"max-snippet:-1","max-image-preview":"max-image-preview:large","max-video-preview":"max-video-preview:-1"},"canonical":"https:\/\/tilk.bio\/et\/pood\/varske-porgandi-vaarika-kehaoli-punavetikaekstraktiga-renew-me\/","og_locale":"et_EE","og_type":"article","og_title":"Renew Me v\u00e4rske porgandi-vaarika p\u00e4evitus\u00f5li","og_description":"Renew Me on v\u00e4rske punavetikaekstraktiga rikastatud porgandi-vaarika p\u00e4evitus\u00f5li. P\u00e4evitus\u00f5li kasutades on nahk looduslike toimeainete abil niisutatud.","og_url":"https:\/\/tilk.bio\/et\/pood\/varske-porgandi-vaarika-kehaoli-punavetikaekstraktiga-renew-me\/","og_site_name":"Tilk!","article_publisher":"https:\/\/www.facebook.com\/tilk.bio\/","article_modified_time":"2026-04-17T14:15:04+00:00","og_image":[{"width":1200,"height":1200,"url":"https:\/\/tilk.bio\/wp-content\/uploads\/2021\/01\/4.jpg","type":"image\/jpeg"}],"twitter_card":"summary_large_image","twitter_misc":{"Est. reading time":"1 minut"},"schema":{"@context":"https:\/\/schema.org","@graph":[{"@type":"WebPage","@id":"https:\/\/tilk.bio\/et\/pood\/varske-porgandi-vaarika-kehaoli-punavetikaekstraktiga-renew-me\/","url":"https:\/\/tilk.bio\/et\/pood\/varske-porgandi-vaarika-kehaoli-punavetikaekstraktiga-renew-me\/","name":"Renew Me v\u00e4rske porgandi-vaarika p\u00e4evitus\u00f5li","isPartOf":{"@id":"https:\/\/tilk.bio\/et\/#website"},"primaryImageOfPage":{"@id":"https:\/\/tilk.bio\/et\/pood\/varske-porgandi-vaarika-kehaoli-punavetikaekstraktiga-renew-me\/#primaryimage"},"image":{"@id":"https:\/\/tilk.bio\/et\/pood\/varske-porgandi-vaarika-kehaoli-punavetikaekstraktiga-renew-me\/#primaryimage"},"thumbnailUrl":"https:\/\/tilk.bio\/wp-content\/uploads\/2021\/01\/4.jpg","datePublished":"2020-12-02T20:22:43+00:00","dateModified":"2026-04-17T14:15:04+00:00","description":"Renew Me on v\u00e4rske punavetikaekstraktiga rikastatud porgandi-vaarika p\u00e4evitus\u00f5li. P\u00e4evitus\u00f5li kasutades on nahk looduslike toimeainete abil niisutatud.","breadcrumb":{"@id":"https:\/\/tilk.bio\/et\/pood\/varske-porgandi-vaarika-kehaoli-punavetikaekstraktiga-renew-me\/#breadcrumb"},"inLanguage":"et","potentialAction":[{"@type":"ReadAction","target":["https:\/\/tilk.bio\/et\/pood\/varske-porgandi-vaarika-kehaoli-punavetikaekstraktiga-renew-me\/"]}]},{"@type":"ImageObject","inLanguage":"et","@id":"https:\/\/tilk.bio\/et\/pood\/varske-porgandi-vaarika-kehaoli-punavetikaekstraktiga-renew-me\/#primaryimage","url":"https:\/\/tilk.bio\/wp-content\/uploads\/2021\/01\/4.jpg","contentUrl":"https:\/\/tilk.bio\/wp-content\/uploads\/2021\/01\/4.jpg","width":1200,"height":1200},{"@type":"BreadcrumbList","@id":"https:\/\/tilk.bio\/et\/pood\/varske-porgandi-vaarika-kehaoli-punavetikaekstraktiga-renew-me\/#breadcrumb","itemListElement":[{"@type":"ListItem","position":1,"name":"Home","item":"https:\/\/tilk.bio\/et\/"},{"@type":"ListItem","position":2,"name":"Pood","item":"https:\/\/tilk.bio\/et\/pood\/"},{"@type":"ListItem","position":3,"name":"Renew v\u00e4rske Me porgandi-vaarika p\u00e4evitus\u00f5li punavetikaekstraktiga -20%"}]},{"@type":"WebSite","@id":"https:\/\/tilk.bio\/et\/#website","url":"https:\/\/tilk.bio\/et\/","name":"Tilk!","description":"Keskkonnas\u00f5bralik ja j\u00e4tkusuutlik looduskosmeetika Saaremaalt.","potentialAction":[{"@type":"SearchAction","target":{"@type":"EntryPoint","urlTemplate":"https:\/\/tilk.bio\/et\/?s={search_term_string}"},"query-input":{"@type":"PropertyValueSpecification","valueRequired":true,"valueName":"search_term_string"}}],"inLanguage":"et"}]}},"_links":{"self":[{"href":"https:\/\/tilk.bio\/et\/wp-json\/wp\/v2\/product\/30379","targetHints":{"allow":["GET"]}}],"collection":[{"href":"https:\/\/tilk.bio\/et\/wp-json\/wp\/v2\/product"}],"about":[{"href":"https:\/\/tilk.bio\/et\/wp-json\/wp\/v2\/types\/product"}],"replies":[{"embeddable":true,"href":"https:\/\/tilk.bio\/et\/wp-json\/wp\/v2\/comments?post=30379"}],"wp:featuredmedia":[{"embeddable":true,"href":"https:\/\/tilk.bio\/et\/wp-json\/wp\/v2\/media\/67313"}],"wp:attachment":[{"href":"https:\/\/tilk.bio\/et\/wp-json\/wp\/v2\/media?parent=30379"}],"wp:term":[{"taxonomy":"product_brand","embeddable":true,"href":"https:\/\/tilk.bio\/et\/wp-json\/wp\/v2\/product_brand?post=30379"},{"taxonomy":"product_cat","embeddable":true,"href":"https:\/\/tilk.bio\/et\/wp-json\/wp\/v2\/product_cat?post=30379"},{"taxonomy":"product_tag","embeddable":true,"href":"https:\/\/tilk.bio\/et\/wp-json\/wp\/v2\/product_tag?post=30379"}],"curies":[{"name":"wp","href":"https:\/\/api.w.org\/{rel}","templated":true}]}}