{"id":30426,"date":"2019-06-13T14:52:10","date_gmt":"2019-06-13T14:52:10","guid":{"rendered":"https:\/\/tilk.bio\/shop\/gloss-me-huuleoli\/"},"modified":"2026-02-08T21:45:03","modified_gmt":"2026-02-08T19:45:03","slug":"gloss-me-huuleoli","status":"publish","type":"product","link":"https:\/\/tilk.bio\/et\/pood\/gloss-me-huuleoli\/","title":{"rendered":"Gloss Me huule\u00f5li punavetikaekstraktiga"},"content":{"rendered":"<p>Gloss Me on unikaalse punavetikaekstraktiga rikastatud huule\u00f5li, mis niisutab \u00f5rna <a href=\"https:\/\/tilk.bio\/et\/tootekategooria\/naohooldus\/huuletooted\/\">huulenahka<\/a> ja j\u00e4tab kerge l\u00e4ike. V\u00e4rske m\u00fcndi l\u00f5hnaga huule\u00f5li v\u00f5ib kasutada aastaringselt ning seda kulub v\u00e4he, sest tema koostis annab kiire niisutuse.<\/p>\n<p>Koostises olev porgandi\u00f5li sisaldab rohkelt beetakaroteeni, A-, B-, C-, D-, E- ja F-vitamiini ning on suurep\u00e4rane niisutaja. Porgandi\u00f5li toidab ja kaitseb nahka v\u00e4listegurite eest nagu kuum v\u00f5i k\u00fclm temperatuur, \u00f5husaaste ning UV-kiirgus. Vaarikaseemne- ja kookos\u00f5li niisutavad huulenahka rikkalikult, omades samal ajal ka looduslikku p\u00e4ikesekaitsefaktorit. Jojoba\u00f5li v\u00f5itleb nahka niisutades ja toites vabade radikaalide vastu.<\/p>\n<p>K\u00f5ik \u00f5li koostisosad on looduslikku p\u00e4ritolu ja vegan. \u00d5lis kasutame Saaremaa rannaaladelt korjatud punavetikaekstrakti.<\/p>\n<p>Hoiustamine: Hoiusta huule\u00f5li kaitstult otsese p\u00e4ikesevalguse eest.<\/p>\n<p>Kogus: 5ml<\/p>\n<p><a ref=\"magnificPopup\" href=\"https:\/\/tilk.bio\/wp-content\/uploads\/2016\/01\/Vegan_sign-07.png\"><img loading=\"lazy\" decoding=\"async\" class=\"alignnone wp-image-17806\" src=\"https:\/\/tilk.bio\/wp-content\/uploads\/2016\/01\/Vegan_sign-07.png\" alt=\"\" width=\"62\" height=\"62\" srcset=\"https:\/\/tilk.bio\/wp-content\/uploads\/2016\/01\/Vegan_sign-07.png 165w, https:\/\/tilk.bio\/wp-content\/uploads\/2016\/01\/Vegan_sign-07-150x150.png 150w\" sizes=\"auto, (max-width: 62px) 100vw, 62px\" \/><\/a><\/p>\n","protected":false},"excerpt":{"rendered":"<p>Gloss Me on unikaalse punavetikaekstraktiga rikastatud huule\u00f5li, mis niisutab \u00f5rna huulenahka ja j\u00e4tab kerge l\u00e4ike. V\u00e4rske m\u00fcndi l\u00f5hnaga huule\u00f5li v\u00f5ib kasutada aastaringselt ning seda kulub v\u00e4he, sest tema koostis annab kiire niisutuse. Koostises olev porgandi\u00f5li sisaldab rohkelt beetakaroteeni, A-, B-, C-, D-, E- ja F-vitamiini ning on suurep\u00e4rane niisutaja. Porgandi\u00f5li toidab ja kaitseb nahka v\u00e4listegurite&#8230;<\/p>\n","protected":false},"featured_media":67387,"comment_status":"open","ping_status":"closed","template":"","meta":{"_acf_changed":false},"product_brand":[],"product_cat":[498,389,907,616,713],"product_tag":[],"class_list":{"0":"post-30426","1":"product","2":"type-product","3":"status-publish","4":"has-post-thumbnail","6":"product_cat-huuletooted","7":"product_cat-koik-tooted","8":"product_cat-punavetikaekstrakt","9":"product_cat-suvetooted","10":"product_cat-tilk-herbal-et","12":"first","13":"instock","14":"taxable","15":"shipping-taxable","16":"purchasable","17":"product-type-simple"},"acf":[],"yoast_head":"<!-- This site is optimized with the Yoast SEO plugin v27.5 - https:\/\/yoast.com\/product\/yoast-seo-wordpress\/ -->\n<title>huule\u00f5li punavetikaekstraktiga<\/title>\n<meta name=\"description\" content=\"Gloss Me on unikaalse punavetikaekstraktiga rikastatud huule\u00f5li, mis niisutab \u00f5rna huulenahka ja j\u00e4tab kerge l\u00e4ike. Huule\u00f5li on v\u00e4rske l\u00f5hnaga.\" \/>\n<meta name=\"robots\" content=\"index, follow, max-snippet:-1, max-image-preview:large, max-video-preview:-1\" \/>\n<link rel=\"canonical\" href=\"https:\/\/tilk.bio\/et\/pood\/gloss-me-huuleoli\/\" \/>\n<meta property=\"og:locale\" content=\"et_EE\" \/>\n<meta property=\"og:type\" content=\"article\" \/>\n<meta property=\"og:title\" content=\"huule\u00f5li punavetikaekstraktiga\" \/>\n<meta property=\"og:description\" content=\"Gloss Me on unikaalse punavetikaekstraktiga rikastatud huule\u00f5li, mis niisutab \u00f5rna huulenahka ja j\u00e4tab kerge l\u00e4ike. Huule\u00f5li on v\u00e4rske l\u00f5hnaga.\" \/>\n<meta property=\"og:url\" content=\"https:\/\/tilk.bio\/et\/pood\/gloss-me-huuleoli\/\" \/>\n<meta property=\"og:site_name\" content=\"Tilk!\" \/>\n<meta property=\"article:publisher\" content=\"https:\/\/www.facebook.com\/tilk.bio\/\" \/>\n<meta property=\"article:modified_time\" content=\"2026-02-08T19:45:03+00:00\" \/>\n<meta property=\"og:image\" content=\"https:\/\/tilk.bio\/wp-content\/uploads\/2019\/11\/2.jpg\" \/>\n\t<meta property=\"og:image:width\" content=\"1200\" \/>\n\t<meta property=\"og:image:height\" content=\"1200\" \/>\n\t<meta property=\"og:image:type\" content=\"image\/jpeg\" \/>\n<meta name=\"twitter:card\" content=\"summary_large_image\" \/>\n<meta name=\"twitter:label1\" content=\"Est. reading time\" \/>\n\t<meta name=\"twitter:data1\" content=\"1 minut\" \/>\n<script type=\"application\/ld+json\" class=\"yoast-schema-graph\">{\"@context\":\"https:\\\/\\\/schema.org\",\"@graph\":[{\"@type\":\"WebPage\",\"@id\":\"https:\\\/\\\/tilk.bio\\\/et\\\/pood\\\/gloss-me-huuleoli\\\/\",\"url\":\"https:\\\/\\\/tilk.bio\\\/et\\\/pood\\\/gloss-me-huuleoli\\\/\",\"name\":\"huule\u00f5li punavetikaekstraktiga\",\"isPartOf\":{\"@id\":\"https:\\\/\\\/tilk.bio\\\/et\\\/#website\"},\"primaryImageOfPage\":{\"@id\":\"https:\\\/\\\/tilk.bio\\\/et\\\/pood\\\/gloss-me-huuleoli\\\/#primaryimage\"},\"image\":{\"@id\":\"https:\\\/\\\/tilk.bio\\\/et\\\/pood\\\/gloss-me-huuleoli\\\/#primaryimage\"},\"thumbnailUrl\":\"https:\\\/\\\/tilk.bio\\\/wp-content\\\/uploads\\\/2019\\\/11\\\/2.jpg\",\"datePublished\":\"2019-06-13T14:52:10+00:00\",\"dateModified\":\"2026-02-08T19:45:03+00:00\",\"description\":\"Gloss Me on unikaalse punavetikaekstraktiga rikastatud huule\u00f5li, mis niisutab \u00f5rna huulenahka ja j\u00e4tab kerge l\u00e4ike. Huule\u00f5li on v\u00e4rske l\u00f5hnaga.\",\"breadcrumb\":{\"@id\":\"https:\\\/\\\/tilk.bio\\\/et\\\/pood\\\/gloss-me-huuleoli\\\/#breadcrumb\"},\"inLanguage\":\"et\",\"potentialAction\":[{\"@type\":\"ReadAction\",\"target\":[\"https:\\\/\\\/tilk.bio\\\/et\\\/pood\\\/gloss-me-huuleoli\\\/\"]}]},{\"@type\":\"ImageObject\",\"inLanguage\":\"et\",\"@id\":\"https:\\\/\\\/tilk.bio\\\/et\\\/pood\\\/gloss-me-huuleoli\\\/#primaryimage\",\"url\":\"https:\\\/\\\/tilk.bio\\\/wp-content\\\/uploads\\\/2019\\\/11\\\/2.jpg\",\"contentUrl\":\"https:\\\/\\\/tilk.bio\\\/wp-content\\\/uploads\\\/2019\\\/11\\\/2.jpg\",\"width\":1200,\"height\":1200},{\"@type\":\"BreadcrumbList\",\"@id\":\"https:\\\/\\\/tilk.bio\\\/et\\\/pood\\\/gloss-me-huuleoli\\\/#breadcrumb\",\"itemListElement\":[{\"@type\":\"ListItem\",\"position\":1,\"name\":\"Home\",\"item\":\"https:\\\/\\\/tilk.bio\\\/et\\\/\"},{\"@type\":\"ListItem\",\"position\":2,\"name\":\"Pood\",\"item\":\"https:\\\/\\\/tilk.bio\\\/et\\\/pood\\\/\"},{\"@type\":\"ListItem\",\"position\":3,\"name\":\"Gloss Me huule\u00f5li punavetikaekstraktiga\"}]},{\"@type\":\"WebSite\",\"@id\":\"https:\\\/\\\/tilk.bio\\\/et\\\/#website\",\"url\":\"https:\\\/\\\/tilk.bio\\\/et\\\/\",\"name\":\"Tilk!\",\"description\":\"Keskkonnas\u00f5bralik ja j\u00e4tkusuutlik looduskosmeetika Saaremaalt.\",\"potentialAction\":[{\"@type\":\"SearchAction\",\"target\":{\"@type\":\"EntryPoint\",\"urlTemplate\":\"https:\\\/\\\/tilk.bio\\\/et\\\/?s={search_term_string}\"},\"query-input\":{\"@type\":\"PropertyValueSpecification\",\"valueRequired\":true,\"valueName\":\"search_term_string\"}}],\"inLanguage\":\"et\"}]}<\/script>\n<!-- \/ Yoast SEO plugin. -->","yoast_head_json":{"title":"huule\u00f5li punavetikaekstraktiga","description":"Gloss Me on unikaalse punavetikaekstraktiga rikastatud huule\u00f5li, mis niisutab \u00f5rna huulenahka ja j\u00e4tab kerge l\u00e4ike. Huule\u00f5li on v\u00e4rske l\u00f5hnaga.","robots":{"index":"index","follow":"follow","max-snippet":"max-snippet:-1","max-image-preview":"max-image-preview:large","max-video-preview":"max-video-preview:-1"},"canonical":"https:\/\/tilk.bio\/et\/pood\/gloss-me-huuleoli\/","og_locale":"et_EE","og_type":"article","og_title":"huule\u00f5li punavetikaekstraktiga","og_description":"Gloss Me on unikaalse punavetikaekstraktiga rikastatud huule\u00f5li, mis niisutab \u00f5rna huulenahka ja j\u00e4tab kerge l\u00e4ike. Huule\u00f5li on v\u00e4rske l\u00f5hnaga.","og_url":"https:\/\/tilk.bio\/et\/pood\/gloss-me-huuleoli\/","og_site_name":"Tilk!","article_publisher":"https:\/\/www.facebook.com\/tilk.bio\/","article_modified_time":"2026-02-08T19:45:03+00:00","og_image":[{"width":1200,"height":1200,"url":"https:\/\/tilk.bio\/wp-content\/uploads\/2019\/11\/2.jpg","type":"image\/jpeg"}],"twitter_card":"summary_large_image","twitter_misc":{"Est. reading time":"1 minut"},"schema":{"@context":"https:\/\/schema.org","@graph":[{"@type":"WebPage","@id":"https:\/\/tilk.bio\/et\/pood\/gloss-me-huuleoli\/","url":"https:\/\/tilk.bio\/et\/pood\/gloss-me-huuleoli\/","name":"huule\u00f5li punavetikaekstraktiga","isPartOf":{"@id":"https:\/\/tilk.bio\/et\/#website"},"primaryImageOfPage":{"@id":"https:\/\/tilk.bio\/et\/pood\/gloss-me-huuleoli\/#primaryimage"},"image":{"@id":"https:\/\/tilk.bio\/et\/pood\/gloss-me-huuleoli\/#primaryimage"},"thumbnailUrl":"https:\/\/tilk.bio\/wp-content\/uploads\/2019\/11\/2.jpg","datePublished":"2019-06-13T14:52:10+00:00","dateModified":"2026-02-08T19:45:03+00:00","description":"Gloss Me on unikaalse punavetikaekstraktiga rikastatud huule\u00f5li, mis niisutab \u00f5rna huulenahka ja j\u00e4tab kerge l\u00e4ike. Huule\u00f5li on v\u00e4rske l\u00f5hnaga.","breadcrumb":{"@id":"https:\/\/tilk.bio\/et\/pood\/gloss-me-huuleoli\/#breadcrumb"},"inLanguage":"et","potentialAction":[{"@type":"ReadAction","target":["https:\/\/tilk.bio\/et\/pood\/gloss-me-huuleoli\/"]}]},{"@type":"ImageObject","inLanguage":"et","@id":"https:\/\/tilk.bio\/et\/pood\/gloss-me-huuleoli\/#primaryimage","url":"https:\/\/tilk.bio\/wp-content\/uploads\/2019\/11\/2.jpg","contentUrl":"https:\/\/tilk.bio\/wp-content\/uploads\/2019\/11\/2.jpg","width":1200,"height":1200},{"@type":"BreadcrumbList","@id":"https:\/\/tilk.bio\/et\/pood\/gloss-me-huuleoli\/#breadcrumb","itemListElement":[{"@type":"ListItem","position":1,"name":"Home","item":"https:\/\/tilk.bio\/et\/"},{"@type":"ListItem","position":2,"name":"Pood","item":"https:\/\/tilk.bio\/et\/pood\/"},{"@type":"ListItem","position":3,"name":"Gloss Me huule\u00f5li punavetikaekstraktiga"}]},{"@type":"WebSite","@id":"https:\/\/tilk.bio\/et\/#website","url":"https:\/\/tilk.bio\/et\/","name":"Tilk!","description":"Keskkonnas\u00f5bralik ja j\u00e4tkusuutlik looduskosmeetika Saaremaalt.","potentialAction":[{"@type":"SearchAction","target":{"@type":"EntryPoint","urlTemplate":"https:\/\/tilk.bio\/et\/?s={search_term_string}"},"query-input":{"@type":"PropertyValueSpecification","valueRequired":true,"valueName":"search_term_string"}}],"inLanguage":"et"}]}},"_links":{"self":[{"href":"https:\/\/tilk.bio\/et\/wp-json\/wp\/v2\/product\/30426","targetHints":{"allow":["GET"]}}],"collection":[{"href":"https:\/\/tilk.bio\/et\/wp-json\/wp\/v2\/product"}],"about":[{"href":"https:\/\/tilk.bio\/et\/wp-json\/wp\/v2\/types\/product"}],"replies":[{"embeddable":true,"href":"https:\/\/tilk.bio\/et\/wp-json\/wp\/v2\/comments?post=30426"}],"wp:featuredmedia":[{"embeddable":true,"href":"https:\/\/tilk.bio\/et\/wp-json\/wp\/v2\/media\/67387"}],"wp:attachment":[{"href":"https:\/\/tilk.bio\/et\/wp-json\/wp\/v2\/media?parent=30426"}],"wp:term":[{"taxonomy":"product_brand","embeddable":true,"href":"https:\/\/tilk.bio\/et\/wp-json\/wp\/v2\/product_brand?post=30426"},{"taxonomy":"product_cat","embeddable":true,"href":"https:\/\/tilk.bio\/et\/wp-json\/wp\/v2\/product_cat?post=30426"},{"taxonomy":"product_tag","embeddable":true,"href":"https:\/\/tilk.bio\/et\/wp-json\/wp\/v2\/product_tag?post=30426"}],"curies":[{"name":"wp","href":"https:\/\/api.w.org\/{rel}","templated":true}]}}