{"id":37817,"date":"2021-11-30T13:28:35","date_gmt":"2021-11-30T11:28:35","guid":{"rendered":"https:\/\/tilk.bio\/shop\/sugavpuhastav-ja-niisutav-naomask-detox-me\/"},"modified":"2026-04-14T16:15:07","modified_gmt":"2026-04-14T13:15:07","slug":"turba-naomask-probleemse-naha-ja-akne-jaoks","status":"publish","type":"product","link":"https:\/\/tilk.bio\/et\/pood\/turba-naomask-probleemse-naha-ja-akne-jaoks\/","title":{"rendered":"Detox Me s\u00fcgavpuhastav ja niisutav turbamask"},"content":{"rendered":"<p>AUHINNATUD TURBAMASK<\/p>\n<p><span style=\"font-weight: 400;\">Detox Me on m\u00f5nusa aroomiga s\u00fcgavpuhastav ja niisutav turbamask. Mask tungib naha s\u00fcgavatesse kihtidesse, puhastab naha sinna ladestunud toksiinidest, samaaegselt nahka niisutades ja vereringet ergutades. Mask sobib k\u00f5igi nahat\u00fc\u00fcpide puhul, sealhulgas ideaalselt ka probleemse naha korral.<\/span><\/p>\n<p><span style=\"font-weight: 400;\">Maski koostises olev balneoloogiline turvas sisaldab rikkalikult fulvo-, humiin- ja h\u00fcmatomelaanhappeid. Need bioaktiivsed toimeained toniseerivad, taastavad naha normaalse tasakaalu ja omavad kortsudevastast toimet.\u00a0<\/span><\/p>\n<p><span style=\"font-weight: 400;\">Mask on t\u00f5hus ka erinevate nahaprobleemide korral nagu psoriaas ja akne \u2013 see reguleerib naha loomulikku rasueritust, omades p\u00f5letikuvastast toimet. Maski koostises oleval kadakah\u00fcdrosoolil on suurep\u00e4rased antibakteriaalsed ning toniseerivad omadused. Kastoor\u00f5li niisutab s\u00fcgavuti ja seda toetab kookos\u00f5li rikkalik kooslus, mis on segunenud Saaremaa puhtast loodusest korjatud saialille, kortslehe ja p\u00f5ldosja bioaktiivsete toimeainetega. Maski l\u00f5hnas on \u00f5rnalt tunda looduse puudutust.<\/span><\/p>\n<p><span style=\"font-weight: 400;\">Kasutamine: Kanna mask varasemalt puhastatud n\u00e4ole ja dekolteepiirkonnale 10-15 minutiks. Pese mask maha sooja veega. Maski ei pea jooksvalt niisutama, kuna see ei kuiva \u00e4ra.\u00a0<\/span><\/p>\n<p><span style=\"font-weight: 400;\">Eriti s\u00fcgava puhastuse jaoks v\u00f5ib maski eel kasutada <\/span><a href=\"https:\/\/tilk.bio\/et\/pood\/scrub-me-naokoorija-koikidele-nahatuupidele\/\"><span style=\"font-weight: 400;\">Scrub Me n\u00e4okoorijat<\/span><\/a><span style=\"font-weight: 400;\">, lisaniisutuse jaoks soovitame peale maski maha pesemist kasutada n\u00e4o\u00f5li v\u00f5i kreemi. Maski v\u00f5ib teha 1-2x n\u00e4dalas.\u00a0\u00a0<\/span><\/p>\n<p><span style=\"font-weight: 400;\">N\u00e4omaski koostisosad on looduslikku p\u00e4ritolu ja vegan. Maski loomisel on kasutatud Saaremaalt k\u00e4sitsi korjatud taimede \u00f5lisid.<\/span><\/p>\n<p><span style=\"font-weight: 400;\">Hoiustamine: Hoiusta n\u00e4omaski toatemperatuuril.<\/span><\/p>\n<p><span style=\"font-weight: 400;\">Kogus: 50ml<\/span><\/p>\n<p><em>\u201cMinu lemmikud on Detox Me n\u00e4omask turbaga &#8211; kasutan korra n\u00e4dalas, teeb naha m\u00f5nusaks pehmeks ja toidab rikkalikult. Uus lemmik on n\u00fc\u00fcd Spoil Me seerum koos massaa\u017eirullikuga, mis alandab turseid ja teeb n\u00e4onahaga imet. Ning \u00fcks ammune lemmik on Revitalize Me p\u00e4evakreem nurmenukuga, hea kerge koostis ning m\u00f5nusalt niisutatud saab n\u00e4gu\u201d.<\/em><\/p>\n<p><a ref=\"magnificPopup\" href=\"https:\/\/tilk.bio\/wp-content\/uploads\/2023\/04\/Ingrid-Margus-240x300.jpg\"><img loading=\"lazy\" decoding=\"async\" class=\"alignnone wp-image-66086\" src=\"https:\/\/tilk.bio\/wp-content\/uploads\/2023\/04\/Ingrid-Margus-240x300.jpg\" alt=\"\" width=\"88\" height=\"110\" srcset=\"https:\/\/tilk.bio\/wp-content\/uploads\/2023\/04\/Ingrid-Margus-240x300.jpg 240w, https:\/\/tilk.bio\/wp-content\/uploads\/2023\/04\/Ingrid-Margus-720x900.jpg 720w, https:\/\/tilk.bio\/wp-content\/uploads\/2023\/04\/Ingrid-Margus-819x1024.jpg 819w, https:\/\/tilk.bio\/wp-content\/uploads\/2023\/04\/Ingrid-Margus.jpg 933w\" sizes=\"auto, (max-width: 88px) 100vw, 88px\" \/><\/a><\/p>\n","protected":false},"excerpt":{"rendered":"<p>AUHINNATUD TURBAMASK Detox Me on m\u00f5nusa aroomiga s\u00fcgavpuhastav ja niisutav turbamask. Mask tungib naha s\u00fcgavatesse kihtidesse, puhastab naha sinna ladestunud toksiinidest, samaaegselt nahka niisutades ja vereringet ergutades. Mask sobib k\u00f5igi nahat\u00fc\u00fcpide puhul, sealhulgas ideaalselt ka probleemse naha korral. Maski koostises olev balneoloogiline turvas sisaldab rikkalikult fulvo-, humiin- ja h\u00fcmatomelaanhappeid. Need bioaktiivsed toimeained toniseerivad, taastavad naha&#8230;<\/p>\n","protected":false},"featured_media":65011,"comment_status":"open","ping_status":"closed","template":"","meta":{"_acf_changed":false},"product_brand":[],"product_cat":[623,687,494,389,689,511,692,533,691,583,690],"product_tag":[],"class_list":{"0":"post-37817","1":"product","2":"type-product","3":"status-publish","4":"has-post-thumbnail","6":"product_cat-maskid","7":"product_cat-akne-ja-rasune-nahk","8":"product_cat-klientide-lemmikud","9":"product_cat-koik-tooted","10":"product_cat-kuiv-nahk","11":"product_cat-naohooldus","12":"product_cat-normaalne-ja-kombineeritud-nahk","13":"product_cat-spaatli-voimalus","14":"product_cat-tekstuuri-ja-tooniprobleemidega-nahk","15":"product_cat-pure-luxury-et","16":"product_cat-tundlik-nahk","18":"first","19":"instock","20":"taxable","21":"shipping-taxable","22":"purchasable","23":"product-type-variable"},"acf":[],"yoast_head":"<!-- This site is optimized with the Yoast SEO plugin v27.4 - https:\/\/yoast.com\/product\/yoast-seo-wordpress\/ -->\n<title>Turbamask Detox Me - tilk!<\/title>\n<meta name=\"description\" content=\"Detox Me on m\u00f5nusa aroomiga s\u00fcgavpuhastav ja niisutav turbamask. Mask sobib k\u00f5igi nahat\u00fc\u00fcpide puhul, ka probleemse naha ja akne ravi korral.\" \/>\n<meta name=\"robots\" content=\"index, follow, max-snippet:-1, max-image-preview:large, max-video-preview:-1\" \/>\n<link rel=\"canonical\" href=\"https:\/\/tilk.bio\/et\/pood\/turba-naomask-probleemse-naha-ja-akne-jaoks\/\" \/>\n<meta property=\"og:locale\" content=\"et_EE\" \/>\n<meta property=\"og:type\" content=\"article\" \/>\n<meta property=\"og:title\" content=\"S\u00fcgavpuhastav Detox Me mask muudab naha imeliselt kauniks ja niisutatuks\" \/>\n<meta property=\"og:description\" content=\"Detox Me on innovaatilise koostisega n\u00e4omask, mille koostises on Eestimaa puhtast loodusest p\u00e4rit turvas ja maailma parimad koostisosad.\" \/>\n<meta property=\"og:url\" content=\"https:\/\/tilk.bio\/et\/pood\/turba-naomask-probleemse-naha-ja-akne-jaoks\/\" \/>\n<meta property=\"og:site_name\" content=\"Tilk!\" \/>\n<meta property=\"article:publisher\" content=\"https:\/\/www.facebook.com\/tilk.bio\/\" \/>\n<meta property=\"article:modified_time\" content=\"2026-04-14T13:15:07+00:00\" \/>\n<meta property=\"og:image\" content=\"https:\/\/tilk.bio\/wp-content\/uploads\/2019\/11\/Untitled-1.png\" \/>\n\t<meta property=\"og:image:width\" content=\"1200\" \/>\n\t<meta property=\"og:image:height\" content=\"628\" \/>\n\t<meta property=\"og:image:type\" content=\"image\/png\" \/>\n<meta name=\"twitter:card\" content=\"summary_large_image\" \/>\n<meta name=\"twitter:label1\" content=\"Est. reading time\" \/>\n\t<meta name=\"twitter:data1\" content=\"2 minutit\" \/>\n<script type=\"application\/ld+json\" class=\"yoast-schema-graph\">{\"@context\":\"https:\\\/\\\/schema.org\",\"@graph\":[{\"@type\":\"WebPage\",\"@id\":\"https:\\\/\\\/tilk.bio\\\/et\\\/pood\\\/turba-naomask-probleemse-naha-ja-akne-jaoks\\\/\",\"url\":\"https:\\\/\\\/tilk.bio\\\/et\\\/pood\\\/turba-naomask-probleemse-naha-ja-akne-jaoks\\\/\",\"name\":\"Turbamask Detox Me - tilk!\",\"isPartOf\":{\"@id\":\"https:\\\/\\\/tilk.bio\\\/et\\\/#website\"},\"primaryImageOfPage\":{\"@id\":\"https:\\\/\\\/tilk.bio\\\/et\\\/pood\\\/turba-naomask-probleemse-naha-ja-akne-jaoks\\\/#primaryimage\"},\"image\":{\"@id\":\"https:\\\/\\\/tilk.bio\\\/et\\\/pood\\\/turba-naomask-probleemse-naha-ja-akne-jaoks\\\/#primaryimage\"},\"thumbnailUrl\":\"https:\\\/\\\/tilk.bio\\\/wp-content\\\/uploads\\\/2020\\\/11\\\/detoxme2.jpg\",\"datePublished\":\"2021-11-30T11:28:35+00:00\",\"dateModified\":\"2026-04-14T13:15:07+00:00\",\"description\":\"Detox Me on m\u00f5nusa aroomiga s\u00fcgavpuhastav ja niisutav turbamask. Mask sobib k\u00f5igi nahat\u00fc\u00fcpide puhul, ka probleemse naha ja akne ravi korral.\",\"breadcrumb\":{\"@id\":\"https:\\\/\\\/tilk.bio\\\/et\\\/pood\\\/turba-naomask-probleemse-naha-ja-akne-jaoks\\\/#breadcrumb\"},\"inLanguage\":\"et\",\"potentialAction\":[{\"@type\":\"ReadAction\",\"target\":[\"https:\\\/\\\/tilk.bio\\\/et\\\/pood\\\/turba-naomask-probleemse-naha-ja-akne-jaoks\\\/\"]}]},{\"@type\":\"ImageObject\",\"inLanguage\":\"et\",\"@id\":\"https:\\\/\\\/tilk.bio\\\/et\\\/pood\\\/turba-naomask-probleemse-naha-ja-akne-jaoks\\\/#primaryimage\",\"url\":\"https:\\\/\\\/tilk.bio\\\/wp-content\\\/uploads\\\/2020\\\/11\\\/detoxme2.jpg\",\"contentUrl\":\"https:\\\/\\\/tilk.bio\\\/wp-content\\\/uploads\\\/2020\\\/11\\\/detoxme2.jpg\",\"width\":1200,\"height\":1200,\"caption\":\"tilk! detox me akneravi\"},{\"@type\":\"BreadcrumbList\",\"@id\":\"https:\\\/\\\/tilk.bio\\\/et\\\/pood\\\/turba-naomask-probleemse-naha-ja-akne-jaoks\\\/#breadcrumb\",\"itemListElement\":[{\"@type\":\"ListItem\",\"position\":1,\"name\":\"Home\",\"item\":\"https:\\\/\\\/tilk.bio\\\/et\\\/\"},{\"@type\":\"ListItem\",\"position\":2,\"name\":\"Pood\",\"item\":\"https:\\\/\\\/tilk.bio\\\/et\\\/pood\\\/\"},{\"@type\":\"ListItem\",\"position\":3,\"name\":\"Detox Me s\u00fcgavpuhastav ja niisutav turbamask\"}]},{\"@type\":\"WebSite\",\"@id\":\"https:\\\/\\\/tilk.bio\\\/et\\\/#website\",\"url\":\"https:\\\/\\\/tilk.bio\\\/et\\\/\",\"name\":\"Tilk!\",\"description\":\"Keskkonnas\u00f5bralik ja j\u00e4tkusuutlik looduskosmeetika Saaremaalt.\",\"potentialAction\":[{\"@type\":\"SearchAction\",\"target\":{\"@type\":\"EntryPoint\",\"urlTemplate\":\"https:\\\/\\\/tilk.bio\\\/et\\\/?s={search_term_string}\"},\"query-input\":{\"@type\":\"PropertyValueSpecification\",\"valueRequired\":true,\"valueName\":\"search_term_string\"}}],\"inLanguage\":\"et\"}]}<\/script>\n<!-- \/ Yoast SEO plugin. -->","yoast_head_json":{"title":"Turbamask Detox Me - tilk!","description":"Detox Me on m\u00f5nusa aroomiga s\u00fcgavpuhastav ja niisutav turbamask. Mask sobib k\u00f5igi nahat\u00fc\u00fcpide puhul, ka probleemse naha ja akne ravi korral.","robots":{"index":"index","follow":"follow","max-snippet":"max-snippet:-1","max-image-preview":"max-image-preview:large","max-video-preview":"max-video-preview:-1"},"canonical":"https:\/\/tilk.bio\/et\/pood\/turba-naomask-probleemse-naha-ja-akne-jaoks\/","og_locale":"et_EE","og_type":"article","og_title":"S\u00fcgavpuhastav Detox Me mask muudab naha imeliselt kauniks ja niisutatuks","og_description":"Detox Me on innovaatilise koostisega n\u00e4omask, mille koostises on Eestimaa puhtast loodusest p\u00e4rit turvas ja maailma parimad koostisosad.","og_url":"https:\/\/tilk.bio\/et\/pood\/turba-naomask-probleemse-naha-ja-akne-jaoks\/","og_site_name":"Tilk!","article_publisher":"https:\/\/www.facebook.com\/tilk.bio\/","article_modified_time":"2026-04-14T13:15:07+00:00","og_image":[{"width":1200,"height":628,"url":"https:\/\/tilk.bio\/wp-content\/uploads\/2019\/11\/Untitled-1.png","type":"image\/png"}],"twitter_card":"summary_large_image","twitter_misc":{"Est. reading time":"2 minutit"},"schema":{"@context":"https:\/\/schema.org","@graph":[{"@type":"WebPage","@id":"https:\/\/tilk.bio\/et\/pood\/turba-naomask-probleemse-naha-ja-akne-jaoks\/","url":"https:\/\/tilk.bio\/et\/pood\/turba-naomask-probleemse-naha-ja-akne-jaoks\/","name":"Turbamask Detox Me - tilk!","isPartOf":{"@id":"https:\/\/tilk.bio\/et\/#website"},"primaryImageOfPage":{"@id":"https:\/\/tilk.bio\/et\/pood\/turba-naomask-probleemse-naha-ja-akne-jaoks\/#primaryimage"},"image":{"@id":"https:\/\/tilk.bio\/et\/pood\/turba-naomask-probleemse-naha-ja-akne-jaoks\/#primaryimage"},"thumbnailUrl":"https:\/\/tilk.bio\/wp-content\/uploads\/2020\/11\/detoxme2.jpg","datePublished":"2021-11-30T11:28:35+00:00","dateModified":"2026-04-14T13:15:07+00:00","description":"Detox Me on m\u00f5nusa aroomiga s\u00fcgavpuhastav ja niisutav turbamask. Mask sobib k\u00f5igi nahat\u00fc\u00fcpide puhul, ka probleemse naha ja akne ravi korral.","breadcrumb":{"@id":"https:\/\/tilk.bio\/et\/pood\/turba-naomask-probleemse-naha-ja-akne-jaoks\/#breadcrumb"},"inLanguage":"et","potentialAction":[{"@type":"ReadAction","target":["https:\/\/tilk.bio\/et\/pood\/turba-naomask-probleemse-naha-ja-akne-jaoks\/"]}]},{"@type":"ImageObject","inLanguage":"et","@id":"https:\/\/tilk.bio\/et\/pood\/turba-naomask-probleemse-naha-ja-akne-jaoks\/#primaryimage","url":"https:\/\/tilk.bio\/wp-content\/uploads\/2020\/11\/detoxme2.jpg","contentUrl":"https:\/\/tilk.bio\/wp-content\/uploads\/2020\/11\/detoxme2.jpg","width":1200,"height":1200,"caption":"tilk! detox me akneravi"},{"@type":"BreadcrumbList","@id":"https:\/\/tilk.bio\/et\/pood\/turba-naomask-probleemse-naha-ja-akne-jaoks\/#breadcrumb","itemListElement":[{"@type":"ListItem","position":1,"name":"Home","item":"https:\/\/tilk.bio\/et\/"},{"@type":"ListItem","position":2,"name":"Pood","item":"https:\/\/tilk.bio\/et\/pood\/"},{"@type":"ListItem","position":3,"name":"Detox Me s\u00fcgavpuhastav ja niisutav turbamask"}]},{"@type":"WebSite","@id":"https:\/\/tilk.bio\/et\/#website","url":"https:\/\/tilk.bio\/et\/","name":"Tilk!","description":"Keskkonnas\u00f5bralik ja j\u00e4tkusuutlik looduskosmeetika Saaremaalt.","potentialAction":[{"@type":"SearchAction","target":{"@type":"EntryPoint","urlTemplate":"https:\/\/tilk.bio\/et\/?s={search_term_string}"},"query-input":{"@type":"PropertyValueSpecification","valueRequired":true,"valueName":"search_term_string"}}],"inLanguage":"et"}]}},"_links":{"self":[{"href":"https:\/\/tilk.bio\/et\/wp-json\/wp\/v2\/product\/37817","targetHints":{"allow":["GET"]}}],"collection":[{"href":"https:\/\/tilk.bio\/et\/wp-json\/wp\/v2\/product"}],"about":[{"href":"https:\/\/tilk.bio\/et\/wp-json\/wp\/v2\/types\/product"}],"replies":[{"embeddable":true,"href":"https:\/\/tilk.bio\/et\/wp-json\/wp\/v2\/comments?post=37817"}],"wp:featuredmedia":[{"embeddable":true,"href":"https:\/\/tilk.bio\/et\/wp-json\/wp\/v2\/media\/65011"}],"wp:attachment":[{"href":"https:\/\/tilk.bio\/et\/wp-json\/wp\/v2\/media?parent=37817"}],"wp:term":[{"taxonomy":"product_brand","embeddable":true,"href":"https:\/\/tilk.bio\/et\/wp-json\/wp\/v2\/product_brand?post=37817"},{"taxonomy":"product_cat","embeddable":true,"href":"https:\/\/tilk.bio\/et\/wp-json\/wp\/v2\/product_cat?post=37817"},{"taxonomy":"product_tag","embeddable":true,"href":"https:\/\/tilk.bio\/et\/wp-json\/wp\/v2\/product_tag?post=37817"}],"curies":[{"name":"wp","href":"https:\/\/api.w.org\/{rel}","templated":true}]}}