{"id":37857,"date":"2019-11-30T14:07:21","date_gmt":"2019-11-30T14:07:21","guid":{"rendered":"https:\/\/tilk.bio\/shop\/rikkaliku-ja-toitva-koostisega-naooli-kuivale-nahale-spoon-me\/"},"modified":"2026-04-19T19:30:07","modified_gmt":"2026-04-19T16:30:07","slug":"rikkaliku-ja-toitva-koostisega-naooli-kuivale-nahale-spoon-me","status":"publish","type":"product","link":"https:\/\/tilk.bio\/et\/pood\/rikkaliku-ja-toitva-koostisega-naooli-kuivale-nahale-spoon-me\/","title":{"rendered":"Spoon Me rikkaliku ja toitva koostisega vitamiini\u00f5li kuivale nahale"},"content":{"rendered":"<p>AUHINNATUD<\/p>\n<p>Spoon Me rikkaliku ja toitva koostisega vitamiini\u00f5li sobib ideaalselt kuivale nahale, selle niisutavad ja toitvad looduslikud koostisosad annavad nahale eluj\u00f5udu ja s\u00e4ra. Vitamiini\u00f5li on vananemisvastane toode, mis aitab nahka uuendada, v\u00f5itleb vabade radikaalidega ning aitab saavutada nooruslikuma ja kirkama jume.<\/p>\n<p>N\u00e4o\u00f5lis sisalduv luksuslik jojoba\u00f5li niisutab ning toidab nahka vitamiinidega. Kibuvitsa- ja nisuidu\u00f5li bioaktiivsed koostisosad elustavad, toniseerivad ning taastavad nahka. Neis peituvad antioks\u00fcdandid parandavad naha tekstuuri, muutes selle pehmeks ja elastseks. Kibuvits ennetab ka pigmendilaikude teket.<\/p>\n<p>N\u00e4o\u00f5lis sisalduv avokaado\u00f5li stimuleerib kollageeni tootmist ning tagab nahale suurep\u00e4rase kaitse. Rikkalikus kibuvitsaseemne\u00f5lis sisalduvad asendamatud rasvhapped ning A-vitamiin parandavad naha tekstuuri ja toetavad rakkude uuenemist. Kookos\u00f5li muudab naha siidiselt pehmeks ja kauniks. Saialille, kummeli ja nurmenuku bioaktiivsed toimeained rahustavad kuiva nahka, muutes jume kaunilt s\u00e4ravaks.<\/p>\n<p>Vitamiini\u00f5li koostisosad on looduslikku p\u00e4ritolu ja vegan. Vitamiini\u00f5li loomisel on kasutatud Saaremaalt k\u00e4sitsi korjatud taimede \u00f5lisid.<\/p>\n<p class=\"p1\"><b>Kasutamine:<\/b><b><\/b><\/p>\n<p class=\"p1\">N\u00e4o\u00f5li saab kasutada mitmel viisil s\u00f5ltuvalt nahat\u00fc\u00fcbist ja eelistustest. Siin on m\u00f5ned peamised soovitused, kuidas n\u00e4o\u00f5li n\u00e4ohooldusesse lisada:<\/p>\n<ol class=\"ol1\">\n<li class=\"li1\"><b>Kreemi j\u00e4rel<\/b>: P\u00e4rast <a href=\"https:\/\/tilk.bio\/et\/tootekategooria\/naohooldus\/naokreem\/\"><span class=\"s1\">n\u00e4okreemi<\/span><\/a> pealekandmist v\u00f5ib lisada \u00f5hukese kihi n\u00e4o\u00f5li, mis aitab niiskust nahas lukustada. See sobib h\u00e4sti kuivale ja normaalsele nahale.<\/li>\n<li class=\"li1\"><b>N\u00e4okreemiga segamine<\/b>: Kui soovid \u00f5rna s\u00e4ra ja pehmendavat toimet, v\u00f5id lisada paar tilka n\u00e4o\u00f5li oma n\u00e4okreemi hulka ja kanda m\u00f5lemad korraga nahale.<\/li>\n<li class=\"li1\"><b>\u00d6\u00f6seks kasutamine<\/b>: N\u00e4o\u00f5li v\u00f5ib kasutada \u00f6\u00f6sel niisutajana, eriti talvisel ajal ja kuival nahal. See aitab hommikuks naha siledamaks ja elastsemaks muuta.<\/li>\n<li class=\"li1\"><b>Massaaziks<\/b>: N\u00e4o\u00f5li on suurep\u00e4rane n\u00e4omassaazi tegemiseks, kuna see v\u00e4hendab h\u00f5\u00f5rdumist ja aitab vereringet parandada.<\/li>\n<li class=\"li1\"><b>Ainult kuivematele piirkondadele<\/b>: Kui sul on kombineeritud nahk, v\u00f5id \u00f5li kanda ainult kuivematele aladele (n\u00e4iteks p\u00f5sed), j\u00e4ttes rasusemad alad puutumata.<\/li>\n<\/ol>\n<p class=\"p1\">Paar \u00fcldist nippi:<\/p>\n<ul class=\"ul1\">\n<li class=\"li1\">Kasuta \u00f5li alati p\u00e4rast vee baasil seerumeid ja niisutajaid, sest \u00f5li toimib t\u00f5kkena, mis takistab vee aurustumist nahast.<\/li>\n<li class=\"li1\">Alusta 2-3 tilgast ja kohanda kogust vastavalt vajadusele.<\/li>\n<\/ul>\n<p>Hoiustamine: Hoiusta kaitstuna otsese p\u00e4ikesevalguse eest.<\/p>\n<p>Kogus: 5ml<\/p>\n<p><a ref=\"magnificPopup\" href=\"https:\/\/tilk.bio\/wp-content\/uploads\/2016\/01\/Vegan_sign-07.png\"><img loading=\"lazy\" decoding=\"async\" class=\"alignnone wp-image-17805\" src=\"https:\/\/tilk.bio\/wp-content\/uploads\/2016\/01\/Vegan_sign-07.png\" alt=\"\" width=\"85\" height=\"85\" srcset=\"https:\/\/tilk.bio\/wp-content\/uploads\/2016\/01\/Vegan_sign-07.png 165w, https:\/\/tilk.bio\/wp-content\/uploads\/2016\/01\/Vegan_sign-07-150x150.png 150w\" sizes=\"auto, (max-width: 85px) 100vw, 85px\" \/> <\/a><a ref=\"magnificPopup\" href=\"https:\/\/tilk.bio\/wp-content\/uploads\/2018\/08\/package_anim_ENG.gif\"><img loading=\"lazy\" decoding=\"async\" class=\"alignnone wp-image-23961\" src=\"https:\/\/tilk.bio\/wp-content\/uploads\/2018\/08\/package_anim_ENG.gif\" alt=\"purchase without packaging\" width=\"114\" height=\"91\" \/><\/a><\/p>\n","protected":false},"excerpt":{"rendered":"<p>AUHINNATUD Spoon Me rikkaliku ja toitva koostisega vitamiini\u00f5li sobib ideaalselt kuivale nahale, selle niisutavad ja toitvad looduslikud koostisosad annavad nahale eluj\u00f5udu ja s\u00e4ra. Vitamiini\u00f5li on vananemisvastane toode, mis aitab nahka uuendada, v\u00f5itleb vabade radikaalidega ning aitab saavutada nooruslikuma ja kirkama jume. N\u00e4o\u00f5lis sisalduv luksuslik jojoba\u00f5li niisutab ning toidab nahka vitamiinidega. Kibuvitsa- ja nisuidu\u00f5li bioaktiivsed koostisosad&#8230;<\/p>\n","protected":false},"featured_media":69333,"comment_status":"open","ping_status":"closed","template":"","meta":{"_acf_changed":false},"product_brand":[],"product_cat":[532,494,389,689,926,511,691,583,688],"product_tag":[],"class_list":{"0":"post-37857","1":"product","2":"type-product","3":"status-publish","4":"has-post-thumbnail","6":"product_cat-naooli","7":"product_cat-klientide-lemmikud","8":"product_cat-koik-tooted","9":"product_cat-kuiv-nahk","10":"product_cat-lopumuuk","11":"product_cat-naohooldus","12":"product_cat-tekstuuri-ja-tooniprobleemidega-nahk","13":"product_cat-pure-luxury-et","14":"product_cat-vananemisilmingutega-nahk","16":"first","17":"onbackorder","18":"sale","19":"taxable","20":"shipping-taxable","21":"purchasable","22":"product-type-variable"},"acf":[],"yoast_head":"<!-- This site is optimized with the Yoast SEO plugin v27.4 - https:\/\/yoast.com\/product\/yoast-seo-wordpress\/ -->\n<title>Spoon Me rikkaliku ja toitva koostisega vitamiini\u00f5li kuivale nahale - Tilk!<\/title>\n<meta name=\"robots\" content=\"index, follow, max-snippet:-1, max-image-preview:large, max-video-preview:-1\" \/>\n<link rel=\"canonical\" href=\"https:\/\/tilk.bio\/et\/pood\/rikkaliku-ja-toitva-koostisega-naooli-kuivale-nahale-spoon-me\/\" \/>\n<meta property=\"og:locale\" content=\"et_EE\" \/>\n<meta property=\"og:type\" content=\"article\" \/>\n<meta property=\"og:title\" content=\"Spoon Me luksuslik n\u00e4o\u00f5li - Buduaari Lemmik 2020\" \/>\n<meta property=\"og:description\" content=\"Tilk! looduskosmeetika n\u00e4o\u00f5li kreemid\" \/>\n<meta property=\"og:url\" content=\"https:\/\/tilk.bio\/et\/pood\/rikkaliku-ja-toitva-koostisega-naooli-kuivale-nahale-spoon-me\/\" \/>\n<meta property=\"og:site_name\" content=\"Tilk!\" \/>\n<meta property=\"article:publisher\" content=\"https:\/\/www.facebook.com\/tilk.bio\/\" \/>\n<meta property=\"article:modified_time\" content=\"2026-04-19T16:30:07+00:00\" \/>\n<meta property=\"og:image\" content=\"https:\/\/tilk.bio\/wp-content\/uploads\/2019\/11\/spooon1200.png\" \/>\n\t<meta property=\"og:image:width\" content=\"1200\" \/>\n\t<meta property=\"og:image:height\" content=\"628\" \/>\n\t<meta property=\"og:image:type\" content=\"image\/png\" \/>\n<meta name=\"twitter:card\" content=\"summary_large_image\" \/>\n<meta name=\"twitter:label1\" content=\"Est. reading time\" \/>\n\t<meta name=\"twitter:data1\" content=\"2 minutit\" \/>\n<script type=\"application\/ld+json\" class=\"yoast-schema-graph\">{\"@context\":\"https:\\\/\\\/schema.org\",\"@graph\":[{\"@type\":\"WebPage\",\"@id\":\"https:\\\/\\\/tilk.bio\\\/et\\\/pood\\\/rikkaliku-ja-toitva-koostisega-naooli-kuivale-nahale-spoon-me\\\/\",\"url\":\"https:\\\/\\\/tilk.bio\\\/et\\\/pood\\\/rikkaliku-ja-toitva-koostisega-naooli-kuivale-nahale-spoon-me\\\/\",\"name\":\"Spoon Me rikkaliku ja toitva koostisega vitamiini\u00f5li kuivale nahale - Tilk!\",\"isPartOf\":{\"@id\":\"https:\\\/\\\/tilk.bio\\\/et\\\/#website\"},\"primaryImageOfPage\":{\"@id\":\"https:\\\/\\\/tilk.bio\\\/et\\\/pood\\\/rikkaliku-ja-toitva-koostisega-naooli-kuivale-nahale-spoon-me\\\/#primaryimage\"},\"image\":{\"@id\":\"https:\\\/\\\/tilk.bio\\\/et\\\/pood\\\/rikkaliku-ja-toitva-koostisega-naooli-kuivale-nahale-spoon-me\\\/#primaryimage\"},\"thumbnailUrl\":\"https:\\\/\\\/tilk.bio\\\/wp-content\\\/uploads\\\/2019\\\/11\\\/Untitled-design-2.jpg\",\"datePublished\":\"2019-11-30T14:07:21+00:00\",\"dateModified\":\"2026-04-19T16:30:07+00:00\",\"breadcrumb\":{\"@id\":\"https:\\\/\\\/tilk.bio\\\/et\\\/pood\\\/rikkaliku-ja-toitva-koostisega-naooli-kuivale-nahale-spoon-me\\\/#breadcrumb\"},\"inLanguage\":\"et\",\"potentialAction\":[{\"@type\":\"ReadAction\",\"target\":[\"https:\\\/\\\/tilk.bio\\\/et\\\/pood\\\/rikkaliku-ja-toitva-koostisega-naooli-kuivale-nahale-spoon-me\\\/\"]}]},{\"@type\":\"ImageObject\",\"inLanguage\":\"et\",\"@id\":\"https:\\\/\\\/tilk.bio\\\/et\\\/pood\\\/rikkaliku-ja-toitva-koostisega-naooli-kuivale-nahale-spoon-me\\\/#primaryimage\",\"url\":\"https:\\\/\\\/tilk.bio\\\/wp-content\\\/uploads\\\/2019\\\/11\\\/Untitled-design-2.jpg\",\"contentUrl\":\"https:\\\/\\\/tilk.bio\\\/wp-content\\\/uploads\\\/2019\\\/11\\\/Untitled-design-2.jpg\",\"width\":1200,\"height\":1200,\"caption\":\"n\u00e4o\u00f5li\"},{\"@type\":\"BreadcrumbList\",\"@id\":\"https:\\\/\\\/tilk.bio\\\/et\\\/pood\\\/rikkaliku-ja-toitva-koostisega-naooli-kuivale-nahale-spoon-me\\\/#breadcrumb\",\"itemListElement\":[{\"@type\":\"ListItem\",\"position\":1,\"name\":\"Home\",\"item\":\"https:\\\/\\\/tilk.bio\\\/et\\\/\"},{\"@type\":\"ListItem\",\"position\":2,\"name\":\"Pood\",\"item\":\"https:\\\/\\\/tilk.bio\\\/et\\\/pood\\\/\"},{\"@type\":\"ListItem\",\"position\":3,\"name\":\"Spoon Me rikkaliku ja toitva koostisega vitamiini\u00f5li kuivale nahale\"}]},{\"@type\":\"WebSite\",\"@id\":\"https:\\\/\\\/tilk.bio\\\/et\\\/#website\",\"url\":\"https:\\\/\\\/tilk.bio\\\/et\\\/\",\"name\":\"Tilk!\",\"description\":\"Keskkonnas\u00f5bralik ja j\u00e4tkusuutlik looduskosmeetika Saaremaalt.\",\"potentialAction\":[{\"@type\":\"SearchAction\",\"target\":{\"@type\":\"EntryPoint\",\"urlTemplate\":\"https:\\\/\\\/tilk.bio\\\/et\\\/?s={search_term_string}\"},\"query-input\":{\"@type\":\"PropertyValueSpecification\",\"valueRequired\":true,\"valueName\":\"search_term_string\"}}],\"inLanguage\":\"et\"}]}<\/script>\n<!-- \/ Yoast SEO plugin. -->","yoast_head_json":{"title":"Spoon Me rikkaliku ja toitva koostisega vitamiini\u00f5li kuivale nahale - Tilk!","robots":{"index":"index","follow":"follow","max-snippet":"max-snippet:-1","max-image-preview":"max-image-preview:large","max-video-preview":"max-video-preview:-1"},"canonical":"https:\/\/tilk.bio\/et\/pood\/rikkaliku-ja-toitva-koostisega-naooli-kuivale-nahale-spoon-me\/","og_locale":"et_EE","og_type":"article","og_title":"Spoon Me luksuslik n\u00e4o\u00f5li - Buduaari Lemmik 2020","og_description":"Tilk! looduskosmeetika n\u00e4o\u00f5li kreemid","og_url":"https:\/\/tilk.bio\/et\/pood\/rikkaliku-ja-toitva-koostisega-naooli-kuivale-nahale-spoon-me\/","og_site_name":"Tilk!","article_publisher":"https:\/\/www.facebook.com\/tilk.bio\/","article_modified_time":"2026-04-19T16:30:07+00:00","og_image":[{"width":1200,"height":628,"url":"https:\/\/tilk.bio\/wp-content\/uploads\/2019\/11\/spooon1200.png","type":"image\/png"}],"twitter_card":"summary_large_image","twitter_misc":{"Est. reading time":"2 minutit"},"schema":{"@context":"https:\/\/schema.org","@graph":[{"@type":"WebPage","@id":"https:\/\/tilk.bio\/et\/pood\/rikkaliku-ja-toitva-koostisega-naooli-kuivale-nahale-spoon-me\/","url":"https:\/\/tilk.bio\/et\/pood\/rikkaliku-ja-toitva-koostisega-naooli-kuivale-nahale-spoon-me\/","name":"Spoon Me rikkaliku ja toitva koostisega vitamiini\u00f5li kuivale nahale - Tilk!","isPartOf":{"@id":"https:\/\/tilk.bio\/et\/#website"},"primaryImageOfPage":{"@id":"https:\/\/tilk.bio\/et\/pood\/rikkaliku-ja-toitva-koostisega-naooli-kuivale-nahale-spoon-me\/#primaryimage"},"image":{"@id":"https:\/\/tilk.bio\/et\/pood\/rikkaliku-ja-toitva-koostisega-naooli-kuivale-nahale-spoon-me\/#primaryimage"},"thumbnailUrl":"https:\/\/tilk.bio\/wp-content\/uploads\/2019\/11\/Untitled-design-2.jpg","datePublished":"2019-11-30T14:07:21+00:00","dateModified":"2026-04-19T16:30:07+00:00","breadcrumb":{"@id":"https:\/\/tilk.bio\/et\/pood\/rikkaliku-ja-toitva-koostisega-naooli-kuivale-nahale-spoon-me\/#breadcrumb"},"inLanguage":"et","potentialAction":[{"@type":"ReadAction","target":["https:\/\/tilk.bio\/et\/pood\/rikkaliku-ja-toitva-koostisega-naooli-kuivale-nahale-spoon-me\/"]}]},{"@type":"ImageObject","inLanguage":"et","@id":"https:\/\/tilk.bio\/et\/pood\/rikkaliku-ja-toitva-koostisega-naooli-kuivale-nahale-spoon-me\/#primaryimage","url":"https:\/\/tilk.bio\/wp-content\/uploads\/2019\/11\/Untitled-design-2.jpg","contentUrl":"https:\/\/tilk.bio\/wp-content\/uploads\/2019\/11\/Untitled-design-2.jpg","width":1200,"height":1200,"caption":"n\u00e4o\u00f5li"},{"@type":"BreadcrumbList","@id":"https:\/\/tilk.bio\/et\/pood\/rikkaliku-ja-toitva-koostisega-naooli-kuivale-nahale-spoon-me\/#breadcrumb","itemListElement":[{"@type":"ListItem","position":1,"name":"Home","item":"https:\/\/tilk.bio\/et\/"},{"@type":"ListItem","position":2,"name":"Pood","item":"https:\/\/tilk.bio\/et\/pood\/"},{"@type":"ListItem","position":3,"name":"Spoon Me rikkaliku ja toitva koostisega vitamiini\u00f5li kuivale nahale"}]},{"@type":"WebSite","@id":"https:\/\/tilk.bio\/et\/#website","url":"https:\/\/tilk.bio\/et\/","name":"Tilk!","description":"Keskkonnas\u00f5bralik ja j\u00e4tkusuutlik looduskosmeetika Saaremaalt.","potentialAction":[{"@type":"SearchAction","target":{"@type":"EntryPoint","urlTemplate":"https:\/\/tilk.bio\/et\/?s={search_term_string}"},"query-input":{"@type":"PropertyValueSpecification","valueRequired":true,"valueName":"search_term_string"}}],"inLanguage":"et"}]}},"_links":{"self":[{"href":"https:\/\/tilk.bio\/et\/wp-json\/wp\/v2\/product\/37857","targetHints":{"allow":["GET"]}}],"collection":[{"href":"https:\/\/tilk.bio\/et\/wp-json\/wp\/v2\/product"}],"about":[{"href":"https:\/\/tilk.bio\/et\/wp-json\/wp\/v2\/types\/product"}],"replies":[{"embeddable":true,"href":"https:\/\/tilk.bio\/et\/wp-json\/wp\/v2\/comments?post=37857"}],"wp:featuredmedia":[{"embeddable":true,"href":"https:\/\/tilk.bio\/et\/wp-json\/wp\/v2\/media\/69333"}],"wp:attachment":[{"href":"https:\/\/tilk.bio\/et\/wp-json\/wp\/v2\/media?parent=37857"}],"wp:term":[{"taxonomy":"product_brand","embeddable":true,"href":"https:\/\/tilk.bio\/et\/wp-json\/wp\/v2\/product_brand?post=37857"},{"taxonomy":"product_cat","embeddable":true,"href":"https:\/\/tilk.bio\/et\/wp-json\/wp\/v2\/product_cat?post=37857"},{"taxonomy":"product_tag","embeddable":true,"href":"https:\/\/tilk.bio\/et\/wp-json\/wp\/v2\/product_tag?post=37857"}],"curies":[{"name":"wp","href":"https:\/\/api.w.org\/{rel}","templated":true}]}}