{"id":37879,"date":"2019-11-30T14:30:22","date_gmt":"2019-11-30T14:30:22","guid":{"rendered":"https:\/\/tilk.bio\/shop\/hooldav-ja-rahustav-naooli-rasusele-nahale\/"},"modified":"2026-03-09T10:45:05","modified_gmt":"2026-03-09T08:45:05","slug":"hooldav-ja-rahustav-naooli-rasusele-nahale","status":"publish","type":"product","link":"https:\/\/tilk.bio\/et\/pood\/hooldav-ja-rahustav-naooli-rasusele-nahale\/","title":{"rendered":"Cleanse Me hooldav ja rahustav looduslik n\u00e4o\u00f5li raudrohuga"},"content":{"rendered":"<p>Vitamiinidest ja mineraalidest pungil v\u00e4rskendavalt tasakaalustav n\u00e4o\u00f5li Cleanse Me toidab ja niisutab nahka, andes kauni jume. Lisaks hoiab see antioks\u00fcdantidest pakatav n\u00e4o\u00f5li naha noorena. N\u00e4o\u00f5li on peamiselt m\u00f5eldud probleemsele nahale.<\/p>\n<p>K\u00f5rge E-vitamiini, tsingi, oomega-3 ja oomega-5 rasvhapete sisaldusega kanepi- ja k\u00f5rvitsaseemne\u00f5lid on unikaalsed niisutajad, mis tagavad kauni naha ja v\u00e4rskustunde. Pune bioaktiivsed koostisosad ravivad p\u00f5letikulist nahka ning suurendavad selle kaitsev\u00f5imet. Raudrohu \u00f5ites peituv hamasuleen ahendab poore ja piparm\u00fcnt v\u00e4rskendab nahka. Mandli\u00f5li rahustab, pehmendab ning niisutab ning aitab nahal kiirelt taastuda. N\u00e4o\u00f5li ergutab mikrovereringet ning aitab nahal puhastuda. N\u00e4o\u00f5li sobib ka aknelise naha hoolduseks, kuna koostises oleval teepuu\u00f5lil on p\u00f5letikuvastased ja antibakteriaalsed omadused.<\/p>\n<p>Kasutamine: Peale \u00f5htust n\u00e4o puhastamist kanda n\u00e4o\u00f5li n\u00e4okreemi asemel \u00f6\u00f6seks n\u00e4ole, eemaldada liigne \u00f5li nahka kergelt salvr\u00e4tikuga tupsutades. Soovitame kasutada paar korda n\u00e4dalas ning kombineerida kasutust <a href=\"https:\/\/tilk.bio\/et\/pood\/cleanse-me-naokreem-rasusele-nahale\/\">Cleanse Me <\/a>v\u00f5i <a href=\"https:\/\/tilk.bio\/et\/pood\/rahustav-ja-kerge-koostisega-naokreem-teepuuoliga\/\">Calm Me<\/a> n\u00e4okreemiga.<\/p>\n<p>N\u00e4o\u00f5li koostisosad on looduslikku p\u00e4ritolu ja vegan. N\u00e4o\u00f5li loomisel on kasutatud Saaremaalt k\u00e4sitsi korjatud taimede \u00f5lisid.<\/p>\n<p>Hoiustamine: Hoiusta kaitstuna otsese p\u00e4ikesevalguse eest.<\/p>\n<p>Kogus: 5ml<\/p>\n<p><a ref=\"magnificPopup\" href=\"https:\/\/tilk.bio\/wp-content\/uploads\/2016\/01\/Vegan_sign-07.png\"><img loading=\"lazy\" decoding=\"async\" class=\"alignnone wp-image-17806\" src=\"https:\/\/tilk.bio\/wp-content\/uploads\/2016\/01\/Vegan_sign-07.png\" alt=\"\" width=\"56\" height=\"56\" srcset=\"https:\/\/tilk.bio\/wp-content\/uploads\/2016\/01\/Vegan_sign-07.png 165w, https:\/\/tilk.bio\/wp-content\/uploads\/2016\/01\/Vegan_sign-07-150x150.png 150w\" sizes=\"auto, (max-width: 56px) 100vw, 56px\" \/><\/a><\/p>\n<p>Loe l\u00e4hemalt: <a href=\"https:\/\/tilk.bio\/et\/5-praktilist-sammu-kuidas-teha-spaa-tasemel-loogastavat-naohooldust-enda-kodus\/\" target=\"_blank\" rel=\"noopener noreferrer\"><strong>7 praktilist sammu, kuidas teha Spaa tasemel l\u00f5\u00f5gastavat n\u00e4ohooldust enda kodus<\/strong><\/a><\/p>\n<p><a ref=\"magnificPopup\" href=\"https:\/\/tilk.bio\/wp-content\/uploads\/2020\/03\/Kati20-1024x768.jpg\"><img loading=\"lazy\" decoding=\"async\" class=\"alignnone wp-image-52584 size-large\" src=\"https:\/\/tilk.bio\/wp-content\/uploads\/2020\/03\/Kati20-1024x768.jpg\" alt=\"\" width=\"1024\" height=\"768\" srcset=\"https:\/\/tilk.bio\/wp-content\/uploads\/2020\/03\/Kati20-1024x768.jpg 1024w, https:\/\/tilk.bio\/wp-content\/uploads\/2020\/03\/Kati20-1000x750.jpg 1000w, https:\/\/tilk.bio\/wp-content\/uploads\/2020\/03\/Kati20-300x225.jpg 300w, https:\/\/tilk.bio\/wp-content\/uploads\/2020\/03\/Kati20-768x576.jpg 768w, https:\/\/tilk.bio\/wp-content\/uploads\/2020\/03\/Kati20-430x323.jpg 430w, https:\/\/tilk.bio\/wp-content\/uploads\/2020\/03\/Kati20-860x645.jpg 860w, https:\/\/tilk.bio\/wp-content\/uploads\/2020\/03\/Kati20.jpg 1200w\" sizes=\"auto, (max-width: 1024px) 100vw, 1024px\" \/><\/a><\/p>\n","protected":false},"excerpt":{"rendered":"<p>Vitamiinidest ja mineraalidest pungil v\u00e4rskendavalt tasakaalustav n\u00e4o\u00f5li Cleanse Me toidab ja niisutab nahka, andes kauni jume. Lisaks hoiab see antioks\u00fcdantidest pakatav n\u00e4o\u00f5li naha noorena. N\u00e4o\u00f5li on peamiselt m\u00f5eldud probleemsele nahale. K\u00f5rge E-vitamiini, tsingi, oomega-3 ja oomega-5 rasvhapete sisaldusega kanepi- ja k\u00f5rvitsaseemne\u00f5lid on unikaalsed niisutajad, mis tagavad kauni naha ja v\u00e4rskustunde. Pune bioaktiivsed koostisosad ravivad p\u00f5letikulist&#8230;<\/p>\n","protected":false},"featured_media":72055,"comment_status":"open","ping_status":"closed","template":"","meta":{"_acf_changed":false},"product_brand":[],"product_cat":[532,687,389,511,691,583],"product_tag":[571,556,558],"class_list":{"0":"post-37879","1":"product","2":"type-product","3":"status-publish","4":"has-post-thumbnail","6":"product_cat-naooli","7":"product_cat-akne-ja-rasune-nahk","8":"product_cat-koik-tooted","9":"product_cat-naohooldus","10":"product_cat-tekstuuri-ja-tooniprobleemidega-nahk","11":"product_cat-pure-luxury-et","12":"product_tag-julmusevaba-et","13":"product_tag-palmiolivaba","14":"product_tag-vegan-et","16":"first","17":"instock","18":"taxable","19":"shipping-taxable","20":"purchasable","21":"product-type-simple"},"acf":[],"yoast_head":"<!-- This site is optimized with the Yoast SEO plugin v27.4 - https:\/\/yoast.com\/product\/yoast-seo-wordpress\/ -->\n<title>Cleanse Me hooldav ja rahustav looduslik n\u00e4o\u00f5li raudrohuga - Tilk!<\/title>\n<meta name=\"description\" content=\"Tilk n\u00e4okreemid ja looduslikud n\u00e4o\u00f5lid hooldavad ja rahustavad rasust nahka ning muudavad naha s\u00e4ravalt kauniks. Tilk bio n\u00e4o\u00f5li on looduslik ja puhas.\" \/>\n<meta name=\"robots\" content=\"index, follow, max-snippet:-1, max-image-preview:large, max-video-preview:-1\" \/>\n<link rel=\"canonical\" href=\"https:\/\/tilk.bio\/et\/pood\/hooldav-ja-rahustav-naooli-rasusele-nahale\/\" \/>\n<meta property=\"og:locale\" content=\"et_EE\" \/>\n<meta property=\"og:type\" content=\"article\" \/>\n<meta property=\"og:title\" content=\"rahustav ja hooldav n\u00e4o\u00f5li Cleanse Me\" \/>\n<meta property=\"og:description\" content=\"Rahustav ja hooldav n\u00e4o\u00f5li rasusele ja probleemsele nahale\" \/>\n<meta property=\"og:url\" content=\"https:\/\/tilk.bio\/et\/pood\/hooldav-ja-rahustav-naooli-rasusele-nahale\/\" \/>\n<meta property=\"og:site_name\" content=\"Tilk!\" \/>\n<meta property=\"article:publisher\" content=\"https:\/\/www.facebook.com\/tilk.bio\/\" \/>\n<meta property=\"article:modified_time\" content=\"2026-03-09T08:45:05+00:00\" \/>\n<meta property=\"og:image\" content=\"https:\/\/tilk.bio\/wp-content\/uploads\/2019\/11\/cleanse-o\u0303li.png\" \/>\n\t<meta property=\"og:image:width\" content=\"920\" \/>\n\t<meta property=\"og:image:height\" content=\"1100\" \/>\n\t<meta property=\"og:image:type\" content=\"image\/png\" \/>\n<meta name=\"twitter:card\" content=\"summary_large_image\" \/>\n<meta name=\"twitter:label1\" content=\"Est. reading time\" \/>\n\t<meta name=\"twitter:data1\" content=\"1 minut\" \/>\n<script type=\"application\/ld+json\" class=\"yoast-schema-graph\">{\"@context\":\"https:\\\/\\\/schema.org\",\"@graph\":[{\"@type\":\"WebPage\",\"@id\":\"https:\\\/\\\/tilk.bio\\\/et\\\/pood\\\/hooldav-ja-rahustav-naooli-rasusele-nahale\\\/\",\"url\":\"https:\\\/\\\/tilk.bio\\\/et\\\/pood\\\/hooldav-ja-rahustav-naooli-rasusele-nahale\\\/\",\"name\":\"Cleanse Me hooldav ja rahustav looduslik n\u00e4o\u00f5li raudrohuga - Tilk!\",\"isPartOf\":{\"@id\":\"https:\\\/\\\/tilk.bio\\\/et\\\/#website\"},\"primaryImageOfPage\":{\"@id\":\"https:\\\/\\\/tilk.bio\\\/et\\\/pood\\\/hooldav-ja-rahustav-naooli-rasusele-nahale\\\/#primaryimage\"},\"image\":{\"@id\":\"https:\\\/\\\/tilk.bio\\\/et\\\/pood\\\/hooldav-ja-rahustav-naooli-rasusele-nahale\\\/#primaryimage\"},\"thumbnailUrl\":\"https:\\\/\\\/tilk.bio\\\/wp-content\\\/uploads\\\/2019\\\/11\\\/1-3.jpg\",\"datePublished\":\"2019-11-30T14:30:22+00:00\",\"dateModified\":\"2026-03-09T08:45:05+00:00\",\"description\":\"Tilk n\u00e4okreemid ja looduslikud n\u00e4o\u00f5lid hooldavad ja rahustavad rasust nahka ning muudavad naha s\u00e4ravalt kauniks. Tilk bio n\u00e4o\u00f5li on looduslik ja puhas.\",\"breadcrumb\":{\"@id\":\"https:\\\/\\\/tilk.bio\\\/et\\\/pood\\\/hooldav-ja-rahustav-naooli-rasusele-nahale\\\/#breadcrumb\"},\"inLanguage\":\"et\",\"potentialAction\":[{\"@type\":\"ReadAction\",\"target\":[\"https:\\\/\\\/tilk.bio\\\/et\\\/pood\\\/hooldav-ja-rahustav-naooli-rasusele-nahale\\\/\"]}]},{\"@type\":\"ImageObject\",\"inLanguage\":\"et\",\"@id\":\"https:\\\/\\\/tilk.bio\\\/et\\\/pood\\\/hooldav-ja-rahustav-naooli-rasusele-nahale\\\/#primaryimage\",\"url\":\"https:\\\/\\\/tilk.bio\\\/wp-content\\\/uploads\\\/2019\\\/11\\\/1-3.jpg\",\"contentUrl\":\"https:\\\/\\\/tilk.bio\\\/wp-content\\\/uploads\\\/2019\\\/11\\\/1-3.jpg\",\"width\":1080,\"height\":1080},{\"@type\":\"BreadcrumbList\",\"@id\":\"https:\\\/\\\/tilk.bio\\\/et\\\/pood\\\/hooldav-ja-rahustav-naooli-rasusele-nahale\\\/#breadcrumb\",\"itemListElement\":[{\"@type\":\"ListItem\",\"position\":1,\"name\":\"Home\",\"item\":\"https:\\\/\\\/tilk.bio\\\/et\\\/\"},{\"@type\":\"ListItem\",\"position\":2,\"name\":\"Pood\",\"item\":\"https:\\\/\\\/tilk.bio\\\/et\\\/pood\\\/\"},{\"@type\":\"ListItem\",\"position\":3,\"name\":\"Cleanse Me hooldav ja rahustav looduslik n\u00e4o\u00f5li raudrohuga\"}]},{\"@type\":\"WebSite\",\"@id\":\"https:\\\/\\\/tilk.bio\\\/et\\\/#website\",\"url\":\"https:\\\/\\\/tilk.bio\\\/et\\\/\",\"name\":\"Tilk!\",\"description\":\"Keskkonnas\u00f5bralik ja j\u00e4tkusuutlik looduskosmeetika Saaremaalt.\",\"potentialAction\":[{\"@type\":\"SearchAction\",\"target\":{\"@type\":\"EntryPoint\",\"urlTemplate\":\"https:\\\/\\\/tilk.bio\\\/et\\\/?s={search_term_string}\"},\"query-input\":{\"@type\":\"PropertyValueSpecification\",\"valueRequired\":true,\"valueName\":\"search_term_string\"}}],\"inLanguage\":\"et\"}]}<\/script>\n<!-- \/ Yoast SEO plugin. -->","yoast_head_json":{"title":"Cleanse Me hooldav ja rahustav looduslik n\u00e4o\u00f5li raudrohuga - Tilk!","description":"Tilk n\u00e4okreemid ja looduslikud n\u00e4o\u00f5lid hooldavad ja rahustavad rasust nahka ning muudavad naha s\u00e4ravalt kauniks. Tilk bio n\u00e4o\u00f5li on looduslik ja puhas.","robots":{"index":"index","follow":"follow","max-snippet":"max-snippet:-1","max-image-preview":"max-image-preview:large","max-video-preview":"max-video-preview:-1"},"canonical":"https:\/\/tilk.bio\/et\/pood\/hooldav-ja-rahustav-naooli-rasusele-nahale\/","og_locale":"et_EE","og_type":"article","og_title":"rahustav ja hooldav n\u00e4o\u00f5li Cleanse Me","og_description":"Rahustav ja hooldav n\u00e4o\u00f5li rasusele ja probleemsele nahale","og_url":"https:\/\/tilk.bio\/et\/pood\/hooldav-ja-rahustav-naooli-rasusele-nahale\/","og_site_name":"Tilk!","article_publisher":"https:\/\/www.facebook.com\/tilk.bio\/","article_modified_time":"2026-03-09T08:45:05+00:00","og_image":[{"width":920,"height":1100,"url":"https:\/\/tilk.bio\/wp-content\/uploads\/2019\/11\/cleanse-o\u0303li.png","type":"image\/png"}],"twitter_card":"summary_large_image","twitter_misc":{"Est. reading time":"1 minut"},"schema":{"@context":"https:\/\/schema.org","@graph":[{"@type":"WebPage","@id":"https:\/\/tilk.bio\/et\/pood\/hooldav-ja-rahustav-naooli-rasusele-nahale\/","url":"https:\/\/tilk.bio\/et\/pood\/hooldav-ja-rahustav-naooli-rasusele-nahale\/","name":"Cleanse Me hooldav ja rahustav looduslik n\u00e4o\u00f5li raudrohuga - Tilk!","isPartOf":{"@id":"https:\/\/tilk.bio\/et\/#website"},"primaryImageOfPage":{"@id":"https:\/\/tilk.bio\/et\/pood\/hooldav-ja-rahustav-naooli-rasusele-nahale\/#primaryimage"},"image":{"@id":"https:\/\/tilk.bio\/et\/pood\/hooldav-ja-rahustav-naooli-rasusele-nahale\/#primaryimage"},"thumbnailUrl":"https:\/\/tilk.bio\/wp-content\/uploads\/2019\/11\/1-3.jpg","datePublished":"2019-11-30T14:30:22+00:00","dateModified":"2026-03-09T08:45:05+00:00","description":"Tilk n\u00e4okreemid ja looduslikud n\u00e4o\u00f5lid hooldavad ja rahustavad rasust nahka ning muudavad naha s\u00e4ravalt kauniks. Tilk bio n\u00e4o\u00f5li on looduslik ja puhas.","breadcrumb":{"@id":"https:\/\/tilk.bio\/et\/pood\/hooldav-ja-rahustav-naooli-rasusele-nahale\/#breadcrumb"},"inLanguage":"et","potentialAction":[{"@type":"ReadAction","target":["https:\/\/tilk.bio\/et\/pood\/hooldav-ja-rahustav-naooli-rasusele-nahale\/"]}]},{"@type":"ImageObject","inLanguage":"et","@id":"https:\/\/tilk.bio\/et\/pood\/hooldav-ja-rahustav-naooli-rasusele-nahale\/#primaryimage","url":"https:\/\/tilk.bio\/wp-content\/uploads\/2019\/11\/1-3.jpg","contentUrl":"https:\/\/tilk.bio\/wp-content\/uploads\/2019\/11\/1-3.jpg","width":1080,"height":1080},{"@type":"BreadcrumbList","@id":"https:\/\/tilk.bio\/et\/pood\/hooldav-ja-rahustav-naooli-rasusele-nahale\/#breadcrumb","itemListElement":[{"@type":"ListItem","position":1,"name":"Home","item":"https:\/\/tilk.bio\/et\/"},{"@type":"ListItem","position":2,"name":"Pood","item":"https:\/\/tilk.bio\/et\/pood\/"},{"@type":"ListItem","position":3,"name":"Cleanse Me hooldav ja rahustav looduslik n\u00e4o\u00f5li raudrohuga"}]},{"@type":"WebSite","@id":"https:\/\/tilk.bio\/et\/#website","url":"https:\/\/tilk.bio\/et\/","name":"Tilk!","description":"Keskkonnas\u00f5bralik ja j\u00e4tkusuutlik looduskosmeetika Saaremaalt.","potentialAction":[{"@type":"SearchAction","target":{"@type":"EntryPoint","urlTemplate":"https:\/\/tilk.bio\/et\/?s={search_term_string}"},"query-input":{"@type":"PropertyValueSpecification","valueRequired":true,"valueName":"search_term_string"}}],"inLanguage":"et"}]}},"_links":{"self":[{"href":"https:\/\/tilk.bio\/et\/wp-json\/wp\/v2\/product\/37879","targetHints":{"allow":["GET"]}}],"collection":[{"href":"https:\/\/tilk.bio\/et\/wp-json\/wp\/v2\/product"}],"about":[{"href":"https:\/\/tilk.bio\/et\/wp-json\/wp\/v2\/types\/product"}],"replies":[{"embeddable":true,"href":"https:\/\/tilk.bio\/et\/wp-json\/wp\/v2\/comments?post=37879"}],"wp:featuredmedia":[{"embeddable":true,"href":"https:\/\/tilk.bio\/et\/wp-json\/wp\/v2\/media\/72055"}],"wp:attachment":[{"href":"https:\/\/tilk.bio\/et\/wp-json\/wp\/v2\/media?parent=37879"}],"wp:term":[{"taxonomy":"product_brand","embeddable":true,"href":"https:\/\/tilk.bio\/et\/wp-json\/wp\/v2\/product_brand?post=37879"},{"taxonomy":"product_cat","embeddable":true,"href":"https:\/\/tilk.bio\/et\/wp-json\/wp\/v2\/product_cat?post=37879"},{"taxonomy":"product_tag","embeddable":true,"href":"https:\/\/tilk.bio\/et\/wp-json\/wp\/v2\/product_tag?post=37879"}],"curies":[{"name":"wp","href":"https:\/\/api.w.org\/{rel}","templated":true}]}}