{"id":38566,"date":"2010-11-04T16:11:21","date_gmt":"2019-12-04T16:11:23","guid":{"rendered":"https:\/\/tilk.bio\/?post_type=product&#038;p=38566"},"modified":"2025-12-04T09:43:46","modified_gmt":"2025-12-04T07:43:46","slug":"eriseeria-sa-oled-oluline","status":"publish","type":"product","link":"https:\/\/tilk.bio\/et\/pood\/eriseeria-sa-oled-oluline\/","title":{"rendered":"Komplekt: &#8220;Sa oled oluline!&#8221;"},"content":{"rendered":"","protected":false},"excerpt":{"rendered":"<p>Komplekt \u201cSa oled oluline!\u201d on eriline kooslus, mis on ideaalne kingitus armsale s\u00f5brale. See komplekt on nii ideaalne reisikaaslane, sest koosneb reisis\u00f5bralikest toodetest ning samas on see suurep\u00e4rane v\u00f5imalus proovida erinevaid meie tooteid, et leida oma lemmikud! Komplektist leiad m\u00f5nusad nahaniisutajad nii n\u00e4ole kui ka k\u00e4tele.<\/p>\n<p>Iga inimese juures on midagi erilist, seega selles komplektis saab valida just oma erilisele inimesele sobiva n\u00e4okreemi. Komplekti kuuluvad sinu poolt vabalt valitud n\u00e4okreem (10 ml), \u00f6\u00f6kreem (10 ml) ja k\u00e4tekreem (10 ml).<\/p>\n<p><a href=\"https:\/\/tilk.bio\/et\/pood\/love-me-katekreem\/\"><b>Love Me (10 ml) <\/b><\/a>on ideaalne niisutav k\u00e4tekreem \u2013 see muudab k\u00e4ed siidiseks, pehmendab kuiva nahka ja sisaldab ohtralt vitamiine. Kuna lisaks meie n\u00e4ole peegeldavad meie vanust ka meie k\u00e4ed, aitab k\u00e4tekreemi kasutamine toniseerida k\u00e4te \u00f5rna nahka ning ennetada kortsude teket.<\/p>\n<p><a href=\"https:\/\/tilk.bio\/et\/pood\/spoon-me-ookreem\/\"><b>Spoon Me vananemisvastane \u00f6\u00f6kreem avokaado\u00f5liga (10 ml)<\/b><\/a> toidab ja niisutab nahka. K\u00fcpse ja v\u00e4ga kuiva naha puhul sobib Spoon Me suurep\u00e4raselt ka p\u00e4evakreemiks. \u00d6\u00f6kreeme soovitame kasutada vanuses 35+ ning kui nahk on kuiv ja elutu. Spoon Me on rikkalik ja toitev kreem, mis annab nahale j\u00f5udu ja niisutust.<\/p>\n<p>Meie <a href=\"https:\/\/tilk.bio\/et\/tootekategooria\/naohooldus\/naokreem\/\"><b>mitmek\u00fclgsest n\u00e4okreemi valikust<\/b><\/a> leiad just nahat\u00fc\u00fcbile sobiva niisutaja, mis sobib k\u00f5ige paremini naha vajadustega. Erinevate nahat\u00fc\u00fcpide ja nende vajadustega saad tutvuda <a href=\"https:\/\/tilk.bio\/find-your-skin-type\/\"><b>nahat\u00fc\u00fcpide lehel<\/b>.<\/a><\/p>\n<p>Loe l\u00e4hemalt iga toote kohta, klikkides toote nimele.<\/p>\n","protected":false},"featured_media":38590,"comment_status":"open","ping_status":"closed","template":"","meta":{"_acf_changed":false},"product_brand":[],"product_cat":[389,499,511,500,713],"product_tag":[215,218,212,219,216,220,213,217,214],"class_list":{"0":"post-38566","1":"product","2":"type-product","3":"status-publish","4":"has-post-thumbnail","6":"product_cat-koik-tooted","7":"product_cat-komplektid","8":"product_cat-naohooldus","9":"product_cat-reisitooted","10":"product_cat-tilk-herbal-et","11":"product_tag-seganahk","12":"product_tag-kreem","13":"product_tag-kuiv-nahk","14":"product_tag-nahahooldus","15":"product_tag-normaalne-nahk","16":"product_tag-pakk","17":"product_tag-rasune-nahk","18":"product_tag-naokreem","19":"product_tag-tundlik-nahk","21":"first","22":"instock","23":"taxable","24":"shipping-taxable","25":"purchasable","26":"product-type-variable"},"acf":[],"yoast_head":"<!-- This site is optimized with the Yoast SEO plugin v27.4 - https:\/\/yoast.com\/product\/yoast-seo-wordpress\/ -->\n<title>Komplekt: &quot;Sa oled oluline!&quot; - Tilk!<\/title>\n<meta name=\"description\" content=\"See kinkekomplekt &quot;Sa oled oluline!&quot; muudab iga s\u00f5bra tunde eriliseks! Kingi kallitele s\u00f5pradele armas Tilk! kinkekomplekt.\" \/>\n<meta name=\"robots\" content=\"index, follow, max-snippet:-1, max-image-preview:large, max-video-preview:-1\" \/>\n<link rel=\"canonical\" href=\"https:\/\/tilk.bio\/et\/pood\/eriseeria-sa-oled-oluline\/\" \/>\n<meta property=\"og:locale\" content=\"et_EE\" \/>\n<meta property=\"og:type\" content=\"article\" \/>\n<meta property=\"og:title\" content=\"Komplekt: &quot;Sa oled oluline!&quot; - Tilk!\" \/>\n<meta property=\"og:description\" content=\"Sa oled oluline! kinkekomplekt teeb hea meelt kallile inimesele.\" \/>\n<meta property=\"og:url\" content=\"https:\/\/tilk.bio\/et\/pood\/eriseeria-sa-oled-oluline\/\" \/>\n<meta property=\"og:site_name\" content=\"Tilk!\" \/>\n<meta property=\"article:publisher\" content=\"https:\/\/www.facebook.com\/tilk.bio\/\" \/>\n<meta property=\"article:modified_time\" content=\"2025-12-04T07:43:46+00:00\" \/>\n<meta property=\"og:image\" content=\"https:\/\/tilk.bio\/wp-content\/uploads\/2010\/11\/6.jpg\" \/>\n\t<meta property=\"og:image:width\" content=\"1200\" \/>\n\t<meta property=\"og:image:height\" content=\"1200\" \/>\n\t<meta property=\"og:image:type\" content=\"image\/jpeg\" \/>\n<meta name=\"twitter:card\" content=\"summary_large_image\" \/>\n<meta name=\"twitter:description\" content=\"Love Me fresh and pure hand cream is a special gift for the Valentine\u2019s Day. Comes in limited series for the loved ones;) Gimme some love! The bioactive ingredients recover your skin\u2019s hydrolipidic layer, moisturise it deeply, and provide protection from the environment. The cream makes your hands silky smooth. It smells of fresh lemon.\" \/>\n<meta name=\"twitter:image\" content=\"https:\/\/tilk.bio\/wp-content\/uploads\/2016\/01\/naturaln-hand-cream-love-me.jpg\" \/>\n<script type=\"application\/ld+json\" class=\"yoast-schema-graph\">{\"@context\":\"https:\\\/\\\/schema.org\",\"@graph\":[{\"@type\":\"WebPage\",\"@id\":\"https:\\\/\\\/tilk.bio\\\/et\\\/pood\\\/eriseeria-sa-oled-oluline\\\/\",\"url\":\"https:\\\/\\\/tilk.bio\\\/et\\\/pood\\\/eriseeria-sa-oled-oluline\\\/\",\"name\":\"Komplekt: \\\"Sa oled oluline!\\\" - Tilk!\",\"isPartOf\":{\"@id\":\"https:\\\/\\\/tilk.bio\\\/et\\\/#website\"},\"primaryImageOfPage\":{\"@id\":\"https:\\\/\\\/tilk.bio\\\/et\\\/pood\\\/eriseeria-sa-oled-oluline\\\/#primaryimage\"},\"image\":{\"@id\":\"https:\\\/\\\/tilk.bio\\\/et\\\/pood\\\/eriseeria-sa-oled-oluline\\\/#primaryimage\"},\"thumbnailUrl\":\"https:\\\/\\\/tilk.bio\\\/wp-content\\\/uploads\\\/2019\\\/12\\\/oluline1.png\",\"datePublished\":\"2019-12-04T16:11:23+00:00\",\"dateModified\":\"2025-12-04T07:43:46+00:00\",\"description\":\"See kinkekomplekt \\\"Sa oled oluline!\\\" muudab iga s\u00f5bra tunde eriliseks! Kingi kallitele s\u00f5pradele armas Tilk! kinkekomplekt.\",\"breadcrumb\":{\"@id\":\"https:\\\/\\\/tilk.bio\\\/et\\\/pood\\\/eriseeria-sa-oled-oluline\\\/#breadcrumb\"},\"inLanguage\":\"et\",\"potentialAction\":[{\"@type\":\"ReadAction\",\"target\":[\"https:\\\/\\\/tilk.bio\\\/et\\\/pood\\\/eriseeria-sa-oled-oluline\\\/\"]}]},{\"@type\":\"ImageObject\",\"inLanguage\":\"et\",\"@id\":\"https:\\\/\\\/tilk.bio\\\/et\\\/pood\\\/eriseeria-sa-oled-oluline\\\/#primaryimage\",\"url\":\"https:\\\/\\\/tilk.bio\\\/wp-content\\\/uploads\\\/2019\\\/12\\\/oluline1.png\",\"contentUrl\":\"https:\\\/\\\/tilk.bio\\\/wp-content\\\/uploads\\\/2019\\\/12\\\/oluline1.png\",\"width\":920,\"height\":1100},{\"@type\":\"BreadcrumbList\",\"@id\":\"https:\\\/\\\/tilk.bio\\\/et\\\/pood\\\/eriseeria-sa-oled-oluline\\\/#breadcrumb\",\"itemListElement\":[{\"@type\":\"ListItem\",\"position\":1,\"name\":\"Home\",\"item\":\"https:\\\/\\\/tilk.bio\\\/et\\\/\"},{\"@type\":\"ListItem\",\"position\":2,\"name\":\"Pood\",\"item\":\"https:\\\/\\\/tilk.bio\\\/et\\\/pood\\\/\"},{\"@type\":\"ListItem\",\"position\":3,\"name\":\"Komplekt: &#8220;Sa oled oluline!&#8221;\"}]},{\"@type\":\"WebSite\",\"@id\":\"https:\\\/\\\/tilk.bio\\\/et\\\/#website\",\"url\":\"https:\\\/\\\/tilk.bio\\\/et\\\/\",\"name\":\"Tilk!\",\"description\":\"Keskkonnas\u00f5bralik ja j\u00e4tkusuutlik looduskosmeetika Saaremaalt.\",\"potentialAction\":[{\"@type\":\"SearchAction\",\"target\":{\"@type\":\"EntryPoint\",\"urlTemplate\":\"https:\\\/\\\/tilk.bio\\\/et\\\/?s={search_term_string}\"},\"query-input\":{\"@type\":\"PropertyValueSpecification\",\"valueRequired\":true,\"valueName\":\"search_term_string\"}}],\"inLanguage\":\"et\"}]}<\/script>\n<!-- \/ Yoast SEO plugin. -->","yoast_head_json":{"title":"Komplekt: \"Sa oled oluline!\" - Tilk!","description":"See kinkekomplekt \"Sa oled oluline!\" muudab iga s\u00f5bra tunde eriliseks! Kingi kallitele s\u00f5pradele armas Tilk! kinkekomplekt.","robots":{"index":"index","follow":"follow","max-snippet":"max-snippet:-1","max-image-preview":"max-image-preview:large","max-video-preview":"max-video-preview:-1"},"canonical":"https:\/\/tilk.bio\/et\/pood\/eriseeria-sa-oled-oluline\/","og_locale":"et_EE","og_type":"article","og_title":"Komplekt: \"Sa oled oluline!\" - Tilk!","og_description":"Sa oled oluline! kinkekomplekt teeb hea meelt kallile inimesele.","og_url":"https:\/\/tilk.bio\/et\/pood\/eriseeria-sa-oled-oluline\/","og_site_name":"Tilk!","article_publisher":"https:\/\/www.facebook.com\/tilk.bio\/","article_modified_time":"2025-12-04T07:43:46+00:00","og_image":[{"width":1200,"height":1200,"url":"https:\/\/tilk.bio\/wp-content\/uploads\/2010\/11\/6.jpg","type":"image\/jpeg"}],"twitter_card":"summary_large_image","twitter_description":"Love Me fresh and pure hand cream is a special gift for the Valentine\u2019s Day. Comes in limited series for the loved ones;) Gimme some love! The bioactive ingredients recover your skin\u2019s hydrolipidic layer, moisturise it deeply, and provide protection from the environment. The cream makes your hands silky smooth. It smells of fresh lemon.","twitter_image":"https:\/\/tilk.bio\/wp-content\/uploads\/2016\/01\/naturaln-hand-cream-love-me.jpg","schema":{"@context":"https:\/\/schema.org","@graph":[{"@type":"WebPage","@id":"https:\/\/tilk.bio\/et\/pood\/eriseeria-sa-oled-oluline\/","url":"https:\/\/tilk.bio\/et\/pood\/eriseeria-sa-oled-oluline\/","name":"Komplekt: \"Sa oled oluline!\" - Tilk!","isPartOf":{"@id":"https:\/\/tilk.bio\/et\/#website"},"primaryImageOfPage":{"@id":"https:\/\/tilk.bio\/et\/pood\/eriseeria-sa-oled-oluline\/#primaryimage"},"image":{"@id":"https:\/\/tilk.bio\/et\/pood\/eriseeria-sa-oled-oluline\/#primaryimage"},"thumbnailUrl":"https:\/\/tilk.bio\/wp-content\/uploads\/2019\/12\/oluline1.png","datePublished":"2019-12-04T16:11:23+00:00","dateModified":"2025-12-04T07:43:46+00:00","description":"See kinkekomplekt \"Sa oled oluline!\" muudab iga s\u00f5bra tunde eriliseks! Kingi kallitele s\u00f5pradele armas Tilk! kinkekomplekt.","breadcrumb":{"@id":"https:\/\/tilk.bio\/et\/pood\/eriseeria-sa-oled-oluline\/#breadcrumb"},"inLanguage":"et","potentialAction":[{"@type":"ReadAction","target":["https:\/\/tilk.bio\/et\/pood\/eriseeria-sa-oled-oluline\/"]}]},{"@type":"ImageObject","inLanguage":"et","@id":"https:\/\/tilk.bio\/et\/pood\/eriseeria-sa-oled-oluline\/#primaryimage","url":"https:\/\/tilk.bio\/wp-content\/uploads\/2019\/12\/oluline1.png","contentUrl":"https:\/\/tilk.bio\/wp-content\/uploads\/2019\/12\/oluline1.png","width":920,"height":1100},{"@type":"BreadcrumbList","@id":"https:\/\/tilk.bio\/et\/pood\/eriseeria-sa-oled-oluline\/#breadcrumb","itemListElement":[{"@type":"ListItem","position":1,"name":"Home","item":"https:\/\/tilk.bio\/et\/"},{"@type":"ListItem","position":2,"name":"Pood","item":"https:\/\/tilk.bio\/et\/pood\/"},{"@type":"ListItem","position":3,"name":"Komplekt: &#8220;Sa oled oluline!&#8221;"}]},{"@type":"WebSite","@id":"https:\/\/tilk.bio\/et\/#website","url":"https:\/\/tilk.bio\/et\/","name":"Tilk!","description":"Keskkonnas\u00f5bralik ja j\u00e4tkusuutlik looduskosmeetika Saaremaalt.","potentialAction":[{"@type":"SearchAction","target":{"@type":"EntryPoint","urlTemplate":"https:\/\/tilk.bio\/et\/?s={search_term_string}"},"query-input":{"@type":"PropertyValueSpecification","valueRequired":true,"valueName":"search_term_string"}}],"inLanguage":"et"}]}},"_links":{"self":[{"href":"https:\/\/tilk.bio\/et\/wp-json\/wp\/v2\/product\/38566","targetHints":{"allow":["GET"]}}],"collection":[{"href":"https:\/\/tilk.bio\/et\/wp-json\/wp\/v2\/product"}],"about":[{"href":"https:\/\/tilk.bio\/et\/wp-json\/wp\/v2\/types\/product"}],"replies":[{"embeddable":true,"href":"https:\/\/tilk.bio\/et\/wp-json\/wp\/v2\/comments?post=38566"}],"wp:featuredmedia":[{"embeddable":true,"href":"https:\/\/tilk.bio\/et\/wp-json\/wp\/v2\/media\/38590"}],"wp:attachment":[{"href":"https:\/\/tilk.bio\/et\/wp-json\/wp\/v2\/media?parent=38566"}],"wp:term":[{"taxonomy":"product_brand","embeddable":true,"href":"https:\/\/tilk.bio\/et\/wp-json\/wp\/v2\/product_brand?post=38566"},{"taxonomy":"product_cat","embeddable":true,"href":"https:\/\/tilk.bio\/et\/wp-json\/wp\/v2\/product_cat?post=38566"},{"taxonomy":"product_tag","embeddable":true,"href":"https:\/\/tilk.bio\/et\/wp-json\/wp\/v2\/product_tag?post=38566"}],"curies":[{"name":"wp","href":"https:\/\/api.w.org\/{rel}","templated":true}]}}