{"id":47692,"date":"2019-03-01T14:09:18","date_gmt":"2019-03-01T12:09:18","guid":{"rendered":"https:\/\/tilk.bio\/shop\/detox-love-%e2%9d%a4\/"},"modified":"2026-02-04T13:28:54","modified_gmt":"2026-02-04T11:28:54","slug":"detox-love-kit","status":"publish","type":"product","link":"https:\/\/tilk.bio\/et\/pood\/detox-love-kit\/","title":{"rendered":"Komplekt Detox + Love = \u2764"},"content":{"rendered":"","protected":false},"excerpt":{"rendered":"<p>Muuda oma nahk s\u00e4ravalt kauniks ja pehmeks selle ideaalse komplektiga. See komplekt sisaldab endas meie klientide kahte lemmikut l\u00e4bi aegade &#8211; k\u00e4tekreemi (50 ml) ja s\u00fcgavpuhastavat n\u00e4omaski (50 ml).<\/p>\n<p><b><a href=\"https:\/\/tilk.bio\/et\/pood\/love-me-katekreem\/\">Love Me k\u00e4tekreem (50 ml)<\/a> <\/b>on ideaalne niisutav k\u00e4tekreem \u2013 see muudab k\u00e4ed siidiseks, pehmendab kuiva nahka ja sisaldab ohtralt vitamiine. Kuna lisaks meie n\u00e4ole peegeldavad meie vanust ka meie k\u00e4ed, aitab k\u00e4tekreemi kasutamine toniseerida k\u00e4te \u00f5rna nahka ning ennetada kortsude teket.<\/p>\n<p><a href=\"https:\/\/tilk.bio\/et\/pood\/turba-naomask-probleemse-naha-ja-akne-jaoks\/\"><b>Detox Me turbaga mask (50 ml)<\/b><\/a> on m\u00f5nusa aroomiga s\u00fcgavpuhastav ja niisutav n\u00e4omask. Mask tungib naha s\u00fcgavatesse kihtidesse, puhastab naha sinna ladestunud toksiinidest, samaaegselt nahka niisutades ja vereringet ergutades. Mask sobib k\u00f5igi nahat\u00fc\u00fcpide puhul, sealhulgas ideaalselt ka probleemse naha korral.<\/p>\n<p>Loe l\u00e4hemalt iga toote kohta, klikkides toote nimele.<\/p>\n","protected":false},"featured_media":67383,"comment_status":"open","ping_status":"closed","template":"","meta":{"_acf_changed":false},"product_brand":[],"product_cat":[623,497,495,389,499,511,533,713,583],"product_tag":[557,571,556,558],"class_list":{"0":"post-47692","1":"product","2":"type-product","3":"status-publish","4":"has-post-thumbnail","6":"product_cat-maskid","7":"product_cat-katele","8":"product_cat-kehale","9":"product_cat-koik-tooted","10":"product_cat-komplektid","11":"product_cat-naohooldus","12":"product_cat-spaatli-voimalus","13":"product_cat-tilk-herbal-et","14":"product_cat-pure-luxury-et","15":"product_tag-jatkusuutlik","16":"product_tag-julmusevaba-et","17":"product_tag-palmiolivaba","18":"product_tag-vegan-et","20":"first","21":"instock","22":"sale","23":"taxable","24":"shipping-taxable","25":"purchasable","26":"product-type-simple"},"acf":[],"yoast_head":"<!-- This site is optimized with the Yoast SEO plugin v27.3 - https:\/\/yoast.com\/product\/yoast-seo-wordpress\/ -->\n<title>Komplekt Detox + Love = \u2764 - Tilk!<\/title>\n<meta name=\"robots\" content=\"index, follow, max-snippet:-1, max-image-preview:large, max-video-preview:-1\" \/>\n<link rel=\"canonical\" href=\"https:\/\/tilk.bio\/et\/pood\/detox-love-kit\/\" \/>\n<meta property=\"og:locale\" content=\"et_EE\" \/>\n<meta property=\"og:type\" content=\"article\" \/>\n<meta property=\"og:title\" content=\"Komplekt Detox + Love = \u2764 - Tilk!\" \/>\n<meta property=\"og:description\" content=\"Muuda oma nahk s\u00e4ravalt kauniks ja pehmeks selle ideaalse komplektiga. See komplekt sisaldab endas meie klientide kahte lemmikut l\u00e4bi aegade - k\u00e4tekreemi (50 ml) ja s\u00fcgavpuhastavat n\u00e4omaski (50 ml).  Love Me k\u00e4tekreem (50 ml) on ideaalne niisutav k\u00e4tekreem \u2013 see muudab k\u00e4ed siidiseks, pehmendab kuiva nahka ja sisaldab ohtralt vitamiine. Kuna lisaks meie n\u00e4ole peegeldavad meie vanust ka meie k\u00e4ed, aitab k\u00e4tekreemi kasutamine toniseerida k\u00e4te \u00f5rna nahka ning ennetada kortsude teket.  Detox Me turbaga mask (50 ml) on m\u00f5nusa aroomiga s\u00fcgavpuhastav ja niisutav n\u00e4omask. Mask tungib naha s\u00fcgavatesse kihtidesse, puhastab naha sinna ladestunud toksiinidest, samaaegselt nahka niisutades ja vereringet ergutades. Mask sobib k\u00f5igi nahat\u00fc\u00fcpide puhul, sealhulgas ideaalselt ka probleemse naha korral.  Loe l\u00e4hemalt iga toote kohta, klikkides toote nimele.\" \/>\n<meta property=\"og:url\" content=\"https:\/\/tilk.bio\/et\/pood\/detox-love-kit\/\" \/>\n<meta property=\"og:site_name\" content=\"Tilk!\" \/>\n<meta property=\"article:publisher\" content=\"https:\/\/www.facebook.com\/tilk.bio\/\" \/>\n<meta property=\"article:modified_time\" content=\"2026-02-04T11:28:54+00:00\" \/>\n<meta property=\"og:image\" content=\"https:\/\/tilk.bio\/wp-content\/uploads\/2019\/11\/1.jpg\" \/>\n\t<meta property=\"og:image:width\" content=\"1200\" \/>\n\t<meta property=\"og:image:height\" content=\"1200\" \/>\n\t<meta property=\"og:image:type\" content=\"image\/jpeg\" \/>\n<meta name=\"twitter:card\" content=\"summary_large_image\" \/>\n<script type=\"application\/ld+json\" class=\"yoast-schema-graph\">{\"@context\":\"https:\\\/\\\/schema.org\",\"@graph\":[{\"@type\":\"WebPage\",\"@id\":\"https:\\\/\\\/tilk.bio\\\/et\\\/pood\\\/detox-love-kit\\\/\",\"url\":\"https:\\\/\\\/tilk.bio\\\/et\\\/pood\\\/detox-love-kit\\\/\",\"name\":\"Komplekt Detox + Love = \u2764 - Tilk!\",\"isPartOf\":{\"@id\":\"https:\\\/\\\/tilk.bio\\\/et\\\/#website\"},\"primaryImageOfPage\":{\"@id\":\"https:\\\/\\\/tilk.bio\\\/et\\\/pood\\\/detox-love-kit\\\/#primaryimage\"},\"image\":{\"@id\":\"https:\\\/\\\/tilk.bio\\\/et\\\/pood\\\/detox-love-kit\\\/#primaryimage\"},\"thumbnailUrl\":\"https:\\\/\\\/tilk.bio\\\/wp-content\\\/uploads\\\/2019\\\/11\\\/1.jpg\",\"datePublished\":\"2019-03-01T12:09:18+00:00\",\"dateModified\":\"2026-02-04T11:28:54+00:00\",\"breadcrumb\":{\"@id\":\"https:\\\/\\\/tilk.bio\\\/et\\\/pood\\\/detox-love-kit\\\/#breadcrumb\"},\"inLanguage\":\"et\",\"potentialAction\":[{\"@type\":\"ReadAction\",\"target\":[\"https:\\\/\\\/tilk.bio\\\/et\\\/pood\\\/detox-love-kit\\\/\"]}]},{\"@type\":\"ImageObject\",\"inLanguage\":\"et\",\"@id\":\"https:\\\/\\\/tilk.bio\\\/et\\\/pood\\\/detox-love-kit\\\/#primaryimage\",\"url\":\"https:\\\/\\\/tilk.bio\\\/wp-content\\\/uploads\\\/2019\\\/11\\\/1.jpg\",\"contentUrl\":\"https:\\\/\\\/tilk.bio\\\/wp-content\\\/uploads\\\/2019\\\/11\\\/1.jpg\",\"width\":1200,\"height\":1200},{\"@type\":\"BreadcrumbList\",\"@id\":\"https:\\\/\\\/tilk.bio\\\/et\\\/pood\\\/detox-love-kit\\\/#breadcrumb\",\"itemListElement\":[{\"@type\":\"ListItem\",\"position\":1,\"name\":\"Home\",\"item\":\"https:\\\/\\\/tilk.bio\\\/et\\\/\"},{\"@type\":\"ListItem\",\"position\":2,\"name\":\"Pood\",\"item\":\"https:\\\/\\\/tilk.bio\\\/et\\\/pood\\\/\"},{\"@type\":\"ListItem\",\"position\":3,\"name\":\"Komplekt Detox + Love = \u2764\"}]},{\"@type\":\"WebSite\",\"@id\":\"https:\\\/\\\/tilk.bio\\\/et\\\/#website\",\"url\":\"https:\\\/\\\/tilk.bio\\\/et\\\/\",\"name\":\"Tilk!\",\"description\":\"Keskkonnas\u00f5bralik ja j\u00e4tkusuutlik looduskosmeetika Saaremaalt.\",\"potentialAction\":[{\"@type\":\"SearchAction\",\"target\":{\"@type\":\"EntryPoint\",\"urlTemplate\":\"https:\\\/\\\/tilk.bio\\\/et\\\/?s={search_term_string}\"},\"query-input\":{\"@type\":\"PropertyValueSpecification\",\"valueRequired\":true,\"valueName\":\"search_term_string\"}}],\"inLanguage\":\"et\"}]}<\/script>\n<!-- \/ Yoast SEO plugin. -->","yoast_head_json":{"title":"Komplekt Detox + Love = \u2764 - Tilk!","robots":{"index":"index","follow":"follow","max-snippet":"max-snippet:-1","max-image-preview":"max-image-preview:large","max-video-preview":"max-video-preview:-1"},"canonical":"https:\/\/tilk.bio\/et\/pood\/detox-love-kit\/","og_locale":"et_EE","og_type":"article","og_title":"Komplekt Detox + Love = \u2764 - Tilk!","og_description":"Muuda oma nahk s\u00e4ravalt kauniks ja pehmeks selle ideaalse komplektiga. See komplekt sisaldab endas meie klientide kahte lemmikut l\u00e4bi aegade - k\u00e4tekreemi (50 ml) ja s\u00fcgavpuhastavat n\u00e4omaski (50 ml).  Love Me k\u00e4tekreem (50 ml) on ideaalne niisutav k\u00e4tekreem \u2013 see muudab k\u00e4ed siidiseks, pehmendab kuiva nahka ja sisaldab ohtralt vitamiine. Kuna lisaks meie n\u00e4ole peegeldavad meie vanust ka meie k\u00e4ed, aitab k\u00e4tekreemi kasutamine toniseerida k\u00e4te \u00f5rna nahka ning ennetada kortsude teket.  Detox Me turbaga mask (50 ml) on m\u00f5nusa aroomiga s\u00fcgavpuhastav ja niisutav n\u00e4omask. Mask tungib naha s\u00fcgavatesse kihtidesse, puhastab naha sinna ladestunud toksiinidest, samaaegselt nahka niisutades ja vereringet ergutades. Mask sobib k\u00f5igi nahat\u00fc\u00fcpide puhul, sealhulgas ideaalselt ka probleemse naha korral.  Loe l\u00e4hemalt iga toote kohta, klikkides toote nimele.","og_url":"https:\/\/tilk.bio\/et\/pood\/detox-love-kit\/","og_site_name":"Tilk!","article_publisher":"https:\/\/www.facebook.com\/tilk.bio\/","article_modified_time":"2026-02-04T11:28:54+00:00","og_image":[{"width":1200,"height":1200,"url":"https:\/\/tilk.bio\/wp-content\/uploads\/2019\/11\/1.jpg","type":"image\/jpeg"}],"twitter_card":"summary_large_image","schema":{"@context":"https:\/\/schema.org","@graph":[{"@type":"WebPage","@id":"https:\/\/tilk.bio\/et\/pood\/detox-love-kit\/","url":"https:\/\/tilk.bio\/et\/pood\/detox-love-kit\/","name":"Komplekt Detox + Love = \u2764 - Tilk!","isPartOf":{"@id":"https:\/\/tilk.bio\/et\/#website"},"primaryImageOfPage":{"@id":"https:\/\/tilk.bio\/et\/pood\/detox-love-kit\/#primaryimage"},"image":{"@id":"https:\/\/tilk.bio\/et\/pood\/detox-love-kit\/#primaryimage"},"thumbnailUrl":"https:\/\/tilk.bio\/wp-content\/uploads\/2019\/11\/1.jpg","datePublished":"2019-03-01T12:09:18+00:00","dateModified":"2026-02-04T11:28:54+00:00","breadcrumb":{"@id":"https:\/\/tilk.bio\/et\/pood\/detox-love-kit\/#breadcrumb"},"inLanguage":"et","potentialAction":[{"@type":"ReadAction","target":["https:\/\/tilk.bio\/et\/pood\/detox-love-kit\/"]}]},{"@type":"ImageObject","inLanguage":"et","@id":"https:\/\/tilk.bio\/et\/pood\/detox-love-kit\/#primaryimage","url":"https:\/\/tilk.bio\/wp-content\/uploads\/2019\/11\/1.jpg","contentUrl":"https:\/\/tilk.bio\/wp-content\/uploads\/2019\/11\/1.jpg","width":1200,"height":1200},{"@type":"BreadcrumbList","@id":"https:\/\/tilk.bio\/et\/pood\/detox-love-kit\/#breadcrumb","itemListElement":[{"@type":"ListItem","position":1,"name":"Home","item":"https:\/\/tilk.bio\/et\/"},{"@type":"ListItem","position":2,"name":"Pood","item":"https:\/\/tilk.bio\/et\/pood\/"},{"@type":"ListItem","position":3,"name":"Komplekt Detox + Love = \u2764"}]},{"@type":"WebSite","@id":"https:\/\/tilk.bio\/et\/#website","url":"https:\/\/tilk.bio\/et\/","name":"Tilk!","description":"Keskkonnas\u00f5bralik ja j\u00e4tkusuutlik looduskosmeetika Saaremaalt.","potentialAction":[{"@type":"SearchAction","target":{"@type":"EntryPoint","urlTemplate":"https:\/\/tilk.bio\/et\/?s={search_term_string}"},"query-input":{"@type":"PropertyValueSpecification","valueRequired":true,"valueName":"search_term_string"}}],"inLanguage":"et"}]}},"_links":{"self":[{"href":"https:\/\/tilk.bio\/et\/wp-json\/wp\/v2\/product\/47692","targetHints":{"allow":["GET"]}}],"collection":[{"href":"https:\/\/tilk.bio\/et\/wp-json\/wp\/v2\/product"}],"about":[{"href":"https:\/\/tilk.bio\/et\/wp-json\/wp\/v2\/types\/product"}],"replies":[{"embeddable":true,"href":"https:\/\/tilk.bio\/et\/wp-json\/wp\/v2\/comments?post=47692"}],"wp:featuredmedia":[{"embeddable":true,"href":"https:\/\/tilk.bio\/et\/wp-json\/wp\/v2\/media\/67383"}],"wp:attachment":[{"href":"https:\/\/tilk.bio\/et\/wp-json\/wp\/v2\/media?parent=47692"}],"wp:term":[{"taxonomy":"product_brand","embeddable":true,"href":"https:\/\/tilk.bio\/et\/wp-json\/wp\/v2\/product_brand?post=47692"},{"taxonomy":"product_cat","embeddable":true,"href":"https:\/\/tilk.bio\/et\/wp-json\/wp\/v2\/product_cat?post=47692"},{"taxonomy":"product_tag","embeddable":true,"href":"https:\/\/tilk.bio\/et\/wp-json\/wp\/v2\/product_tag?post=47692"}],"curies":[{"name":"wp","href":"https:\/\/api.w.org\/{rel}","templated":true}]}}