{"id":50732,"date":"2011-04-18T12:10:25","date_gmt":"2011-04-18T09:10:25","guid":{"rendered":"https:\/\/tilk.bio\/shop\/mask-cream-kit\/"},"modified":"2026-02-04T13:38:11","modified_gmt":"2026-02-04T11:38:11","slug":"mask-cream-kit","status":"publish","type":"product","link":"https:\/\/tilk.bio\/et\/pood\/mask-cream-kit\/","title":{"rendered":"Maski ja kreemi komplekt"},"content":{"rendered":"<p>See komplekt sisaldab kahte olulist toodet igap\u00e4evaseks n\u00e4ohoolduseks. Toodete regulaarne kasutamine annab nahale terve ja s\u00e4rava jume ning hoiab \u00e4ra nahaprobleemide teket. Siia komplekti kuuluvad mask (50 ml) ja Sinu lemmik n\u00e4okreem (50 ml).<\/p>\n<p>Siit komplektist leiad:<\/p>\n<p><a href=\"https:\/\/tilk.bio\/et\/pood\/turba-naomask-probleemse-naha-ja-akne-jaoks\/\"><b>Detox Me (50 ml)<\/b><\/a> m\u00f5nusa aroomiga s\u00fcgavpuhastav ja niisutav n\u00e4omask. Mask tungib naha s\u00fcgavatesse kihtidesse, puhastab naha sinna ladestunud toksiinidest, samaaegselt nahka niisutades ja vereringet ergutades. Mask sobib k\u00f5igi nahat\u00fc\u00fcpide puhul, sealhulgas ideaalselt ka probleemse naha korral.<\/p>\n<p><b>N\u00e4okreemi (50 ml)<\/b> omal valikul &#8211; <strong><a href=\"https:\/\/tilk.bio\/et\/pood\/regenerate-me-naokreem\/\">Regenerate Me,<\/a> <a href=\"https:\/\/tilk.bio\/et\/pood\/moisture-me-naokreem-kuivale-nahale\/\">Moisturise Me<\/a>, <a href=\"https:\/\/tilk.bio\/et\/pood\/protect-me-naokreem-tundlikule-nahale\/\">Protect Me,<\/a> <a href=\"https:\/\/tilk.bio\/et\/pood\/cleanse-me-naokreem-rasusele-nahale\/\">Cleanse Me<\/a><\/strong>.<\/p>\n<p><b>Kasutamine:<\/b> Kanna mask varasemalt puhastatud n\u00e4ole ja dekolteepiirkonnale 10-15 minutiks. Pese mask maha sooja veega. Maski ei pea jooksvalt niisutama, kuna see ei kuiva \u00e4ra. Seej\u00e4rel kanna puhastatud nahale n\u00e4okreem.<\/p>\n<p>Kasuta enda valitud n\u00e4okreemi puhastatud nahal igap\u00e4evaselt osana oma nahahooldusrutiinist.<\/p>\n<p>Loe l\u00e4hemalt iga toote kohta, klikkides toote nimele.<\/p>\n<p><a href=\"https:\/\/tilk.bio\/et\/5-praktilist-sammu-kuidas-teha-spaa-tasemel-loogastavat-naohooldust-enda-kodus\/\" target=\"_blank\" rel=\"noopener noreferrer\"><strong>7 praktilist sammu, kuidas teha Spaa tasemel l\u00f5\u00f5gastavat n\u00e4ohooldust enda kodus<\/strong><\/a><\/p>\n<p><a ref=\"magnificPopup\" href=\"https:\/\/tilk.bio\/wp-content\/uploads\/2020\/03\/Kati14-1024x768.jpg\"><img loading=\"lazy\" decoding=\"async\" class=\"alignnone wp-image-52605 size-large\" src=\"https:\/\/tilk.bio\/wp-content\/uploads\/2020\/03\/Kati14-1024x768.jpg\" alt=\"\" width=\"1024\" height=\"768\" srcset=\"https:\/\/tilk.bio\/wp-content\/uploads\/2020\/03\/Kati14-1024x768.jpg 1024w, https:\/\/tilk.bio\/wp-content\/uploads\/2020\/03\/Kati14-1000x750.jpg 1000w, https:\/\/tilk.bio\/wp-content\/uploads\/2020\/03\/Kati14-300x225.jpg 300w, https:\/\/tilk.bio\/wp-content\/uploads\/2020\/03\/Kati14-768x576.jpg 768w, https:\/\/tilk.bio\/wp-content\/uploads\/2020\/03\/Kati14-430x323.jpg 430w, https:\/\/tilk.bio\/wp-content\/uploads\/2020\/03\/Kati14-860x645.jpg 860w, https:\/\/tilk.bio\/wp-content\/uploads\/2020\/03\/Kati14.jpg 1200w\" sizes=\"auto, (max-width: 1024px) 100vw, 1024px\" \/><\/a><\/p>\n","protected":false},"excerpt":{"rendered":"<p>See komplekt sisaldab kahte olulist toodet igap\u00e4evaseks n\u00e4ohoolduseks. Toodete regulaarne kasutamine annab nahale terve ja s\u00e4rava jume ning hoiab \u00e4ra nahaprobleemide teket. Siia komplekti kuuluvad mask (50 ml) ja Sinu lemmik n\u00e4okreem (50 ml). Siit komplektist leiad: Detox Me (50 ml) m\u00f5nusa aroomiga s\u00fcgavpuhastav ja niisutav n\u00e4omask. Mask tungib naha s\u00fcgavatesse kihtidesse, puhastab naha sinna&#8230;<\/p>\n","protected":false},"featured_media":67510,"comment_status":"open","ping_status":"closed","template":"","meta":{"_acf_changed":false},"product_brand":[],"product_cat":[389,499,511,533,583],"product_tag":[],"class_list":{"0":"post-50732","1":"product","2":"type-product","3":"status-publish","4":"has-post-thumbnail","6":"product_cat-koik-tooted","7":"product_cat-komplektid","8":"product_cat-naohooldus","9":"product_cat-spaatli-voimalus","10":"product_cat-pure-luxury-et","12":"first","13":"instock","14":"sale","15":"taxable","16":"shipping-taxable","17":"purchasable","18":"product-type-variable"},"acf":[],"yoast_head":"<!-- This site is optimized with the Yoast SEO plugin v27.4 - https:\/\/yoast.com\/product\/yoast-seo-wordpress\/ -->\n<title>Maski ja kreemi komplekt - Tilk!<\/title>\n<meta name=\"robots\" content=\"index, follow, max-snippet:-1, max-image-preview:large, max-video-preview:-1\" \/>\n<link rel=\"canonical\" href=\"https:\/\/tilk.bio\/et\/pood\/mask-cream-kit\/\" \/>\n<meta property=\"og:locale\" content=\"et_EE\" \/>\n<meta property=\"og:type\" content=\"article\" \/>\n<meta property=\"og:title\" content=\"Maski ja kreemi komplekt - Tilk!\" \/>\n<meta property=\"og:description\" content=\"See komplekt sisaldab kahte olulist toodet igap\u00e4evaseks n\u00e4ohoolduseks. Toodete regulaarne kasutamine annab nahale terve ja s\u00e4rava jume ning hoiab \u00e4ra nahaprobleemide teket. Siia komplekti kuuluvad mask (50 ml) ja Sinu lemmik n\u00e4okreem (50 ml). Siit komplektist leiad: Detox Me (50 ml) m\u00f5nusa aroomiga s\u00fcgavpuhastav ja niisutav n\u00e4omask. Mask tungib naha s\u00fcgavatesse kihtidesse, puhastab naha sinna...\" \/>\n<meta property=\"og:url\" content=\"https:\/\/tilk.bio\/et\/pood\/mask-cream-kit\/\" \/>\n<meta property=\"og:site_name\" content=\"Tilk!\" \/>\n<meta property=\"article:publisher\" content=\"https:\/\/www.facebook.com\/tilk.bio\/\" \/>\n<meta property=\"article:modified_time\" content=\"2026-02-04T11:38:11+00:00\" \/>\n<meta property=\"og:image\" content=\"https:\/\/tilk.bio\/wp-content\/uploads\/2010\/12\/1.jpg\" \/>\n\t<meta property=\"og:image:width\" content=\"1200\" \/>\n\t<meta property=\"og:image:height\" content=\"1200\" \/>\n\t<meta property=\"og:image:type\" content=\"image\/jpeg\" \/>\n<meta name=\"twitter:card\" content=\"summary_large_image\" \/>\n<meta name=\"twitter:label1\" content=\"Est. reading time\" \/>\n\t<meta name=\"twitter:data1\" content=\"1 minut\" \/>\n<script type=\"application\/ld+json\" class=\"yoast-schema-graph\">{\"@context\":\"https:\\\/\\\/schema.org\",\"@graph\":[{\"@type\":\"WebPage\",\"@id\":\"https:\\\/\\\/tilk.bio\\\/et\\\/pood\\\/mask-cream-kit\\\/\",\"url\":\"https:\\\/\\\/tilk.bio\\\/et\\\/pood\\\/mask-cream-kit\\\/\",\"name\":\"Maski ja kreemi komplekt - Tilk!\",\"isPartOf\":{\"@id\":\"https:\\\/\\\/tilk.bio\\\/et\\\/#website\"},\"primaryImageOfPage\":{\"@id\":\"https:\\\/\\\/tilk.bio\\\/et\\\/pood\\\/mask-cream-kit\\\/#primaryimage\"},\"image\":{\"@id\":\"https:\\\/\\\/tilk.bio\\\/et\\\/pood\\\/mask-cream-kit\\\/#primaryimage\"},\"thumbnailUrl\":\"https:\\\/\\\/tilk.bio\\\/wp-content\\\/uploads\\\/2010\\\/12\\\/1.jpg\",\"datePublished\":\"2011-04-18T09:10:25+00:00\",\"dateModified\":\"2026-02-04T11:38:11+00:00\",\"breadcrumb\":{\"@id\":\"https:\\\/\\\/tilk.bio\\\/et\\\/pood\\\/mask-cream-kit\\\/#breadcrumb\"},\"inLanguage\":\"et\",\"potentialAction\":[{\"@type\":\"ReadAction\",\"target\":[\"https:\\\/\\\/tilk.bio\\\/et\\\/pood\\\/mask-cream-kit\\\/\"]}]},{\"@type\":\"ImageObject\",\"inLanguage\":\"et\",\"@id\":\"https:\\\/\\\/tilk.bio\\\/et\\\/pood\\\/mask-cream-kit\\\/#primaryimage\",\"url\":\"https:\\\/\\\/tilk.bio\\\/wp-content\\\/uploads\\\/2010\\\/12\\\/1.jpg\",\"contentUrl\":\"https:\\\/\\\/tilk.bio\\\/wp-content\\\/uploads\\\/2010\\\/12\\\/1.jpg\",\"width\":1200,\"height\":1200},{\"@type\":\"BreadcrumbList\",\"@id\":\"https:\\\/\\\/tilk.bio\\\/et\\\/pood\\\/mask-cream-kit\\\/#breadcrumb\",\"itemListElement\":[{\"@type\":\"ListItem\",\"position\":1,\"name\":\"Home\",\"item\":\"https:\\\/\\\/tilk.bio\\\/et\\\/\"},{\"@type\":\"ListItem\",\"position\":2,\"name\":\"Pood\",\"item\":\"https:\\\/\\\/tilk.bio\\\/et\\\/pood\\\/\"},{\"@type\":\"ListItem\",\"position\":3,\"name\":\"Maski ja kreemi komplekt\"}]},{\"@type\":\"WebSite\",\"@id\":\"https:\\\/\\\/tilk.bio\\\/et\\\/#website\",\"url\":\"https:\\\/\\\/tilk.bio\\\/et\\\/\",\"name\":\"Tilk!\",\"description\":\"Keskkonnas\u00f5bralik ja j\u00e4tkusuutlik looduskosmeetika Saaremaalt.\",\"potentialAction\":[{\"@type\":\"SearchAction\",\"target\":{\"@type\":\"EntryPoint\",\"urlTemplate\":\"https:\\\/\\\/tilk.bio\\\/et\\\/?s={search_term_string}\"},\"query-input\":{\"@type\":\"PropertyValueSpecification\",\"valueRequired\":true,\"valueName\":\"search_term_string\"}}],\"inLanguage\":\"et\"}]}<\/script>\n<!-- \/ Yoast SEO plugin. -->","yoast_head_json":{"title":"Maski ja kreemi komplekt - Tilk!","robots":{"index":"index","follow":"follow","max-snippet":"max-snippet:-1","max-image-preview":"max-image-preview:large","max-video-preview":"max-video-preview:-1"},"canonical":"https:\/\/tilk.bio\/et\/pood\/mask-cream-kit\/","og_locale":"et_EE","og_type":"article","og_title":"Maski ja kreemi komplekt - Tilk!","og_description":"See komplekt sisaldab kahte olulist toodet igap\u00e4evaseks n\u00e4ohoolduseks. Toodete regulaarne kasutamine annab nahale terve ja s\u00e4rava jume ning hoiab \u00e4ra nahaprobleemide teket. Siia komplekti kuuluvad mask (50 ml) ja Sinu lemmik n\u00e4okreem (50 ml). Siit komplektist leiad: Detox Me (50 ml) m\u00f5nusa aroomiga s\u00fcgavpuhastav ja niisutav n\u00e4omask. Mask tungib naha s\u00fcgavatesse kihtidesse, puhastab naha sinna...","og_url":"https:\/\/tilk.bio\/et\/pood\/mask-cream-kit\/","og_site_name":"Tilk!","article_publisher":"https:\/\/www.facebook.com\/tilk.bio\/","article_modified_time":"2026-02-04T11:38:11+00:00","og_image":[{"width":1200,"height":1200,"url":"https:\/\/tilk.bio\/wp-content\/uploads\/2010\/12\/1.jpg","type":"image\/jpeg"}],"twitter_card":"summary_large_image","twitter_misc":{"Est. reading time":"1 minut"},"schema":{"@context":"https:\/\/schema.org","@graph":[{"@type":"WebPage","@id":"https:\/\/tilk.bio\/et\/pood\/mask-cream-kit\/","url":"https:\/\/tilk.bio\/et\/pood\/mask-cream-kit\/","name":"Maski ja kreemi komplekt - Tilk!","isPartOf":{"@id":"https:\/\/tilk.bio\/et\/#website"},"primaryImageOfPage":{"@id":"https:\/\/tilk.bio\/et\/pood\/mask-cream-kit\/#primaryimage"},"image":{"@id":"https:\/\/tilk.bio\/et\/pood\/mask-cream-kit\/#primaryimage"},"thumbnailUrl":"https:\/\/tilk.bio\/wp-content\/uploads\/2010\/12\/1.jpg","datePublished":"2011-04-18T09:10:25+00:00","dateModified":"2026-02-04T11:38:11+00:00","breadcrumb":{"@id":"https:\/\/tilk.bio\/et\/pood\/mask-cream-kit\/#breadcrumb"},"inLanguage":"et","potentialAction":[{"@type":"ReadAction","target":["https:\/\/tilk.bio\/et\/pood\/mask-cream-kit\/"]}]},{"@type":"ImageObject","inLanguage":"et","@id":"https:\/\/tilk.bio\/et\/pood\/mask-cream-kit\/#primaryimage","url":"https:\/\/tilk.bio\/wp-content\/uploads\/2010\/12\/1.jpg","contentUrl":"https:\/\/tilk.bio\/wp-content\/uploads\/2010\/12\/1.jpg","width":1200,"height":1200},{"@type":"BreadcrumbList","@id":"https:\/\/tilk.bio\/et\/pood\/mask-cream-kit\/#breadcrumb","itemListElement":[{"@type":"ListItem","position":1,"name":"Home","item":"https:\/\/tilk.bio\/et\/"},{"@type":"ListItem","position":2,"name":"Pood","item":"https:\/\/tilk.bio\/et\/pood\/"},{"@type":"ListItem","position":3,"name":"Maski ja kreemi komplekt"}]},{"@type":"WebSite","@id":"https:\/\/tilk.bio\/et\/#website","url":"https:\/\/tilk.bio\/et\/","name":"Tilk!","description":"Keskkonnas\u00f5bralik ja j\u00e4tkusuutlik looduskosmeetika Saaremaalt.","potentialAction":[{"@type":"SearchAction","target":{"@type":"EntryPoint","urlTemplate":"https:\/\/tilk.bio\/et\/?s={search_term_string}"},"query-input":{"@type":"PropertyValueSpecification","valueRequired":true,"valueName":"search_term_string"}}],"inLanguage":"et"}]}},"_links":{"self":[{"href":"https:\/\/tilk.bio\/et\/wp-json\/wp\/v2\/product\/50732","targetHints":{"allow":["GET"]}}],"collection":[{"href":"https:\/\/tilk.bio\/et\/wp-json\/wp\/v2\/product"}],"about":[{"href":"https:\/\/tilk.bio\/et\/wp-json\/wp\/v2\/types\/product"}],"replies":[{"embeddable":true,"href":"https:\/\/tilk.bio\/et\/wp-json\/wp\/v2\/comments?post=50732"}],"wp:featuredmedia":[{"embeddable":true,"href":"https:\/\/tilk.bio\/et\/wp-json\/wp\/v2\/media\/67510"}],"wp:attachment":[{"href":"https:\/\/tilk.bio\/et\/wp-json\/wp\/v2\/media?parent=50732"}],"wp:term":[{"taxonomy":"product_brand","embeddable":true,"href":"https:\/\/tilk.bio\/et\/wp-json\/wp\/v2\/product_brand?post=50732"},{"taxonomy":"product_cat","embeddable":true,"href":"https:\/\/tilk.bio\/et\/wp-json\/wp\/v2\/product_cat?post=50732"},{"taxonomy":"product_tag","embeddable":true,"href":"https:\/\/tilk.bio\/et\/wp-json\/wp\/v2\/product_tag?post=50732"}],"curies":[{"name":"wp","href":"https:\/\/api.w.org\/{rel}","templated":true}]}}