{"id":50905,"date":"2010-11-01T22:19:56","date_gmt":"2010-11-01T20:19:56","guid":{"rendered":"https:\/\/tilk.bio\/shop\/anti-aging-kit-q10-ga\/"},"modified":"2026-02-04T13:37:56","modified_gmt":"2026-02-04T11:37:56","slug":"anti-aging-kit-q10-ga","status":"publish","type":"product","link":"https:\/\/tilk.bio\/et\/pood\/anti-aging-kit-q10-ga\/","title":{"rendered":"Vananemisvastane komplekt Q10-ga -20%"},"content":{"rendered":"<p>See komplekt \u00fchendab endas kahte olulist toodet, mis sisaldavad endas looduslikke, suurep\u00e4rase vananemisvastase toimega antioks\u00fcdantiderikkaid \u00f5lisid. Komplektist leiad n\u00e4oseerumi (15 ml) ja \u00f6\u00f6kreemi (50 ml).<\/p>\n<p><a href=\"https:\/\/tilk.bio\/et\/pood\/spoil-me-naoseerum\/\"><b>Spoil Me (15 ml)<\/b><\/a> on eriliselt luksusliku koostisega vananemisvastane n\u00e4oseerum, mis sisaldab v\u00f5imsat antioks\u00fcdanti koens\u00fc\u00fcm Q10, toidab nahka ja m\u00f5jub noorendavalt. Seerumi looduslikud koostisosad t\u00f6\u00f6tavad koos naha vananemise vastu &#8211; aitavad uuendada naharakke, moodustada kollageeni, toidavad nahka vitamiinidega ja v\u00f5itlevad vabade radikaalidega.<\/p>\n<p><b><a href=\"https:\/\/tilk.bio\/et\/pood\/spoon-me-ookreem\/\">Spoon Me (50 ml)<\/a><\/b> on rikkaliku koostisega toitev \u00f6\u00f6kreem. K\u00fcpse ja v\u00e4ga kuiva naha puhul sobib Spoon Me suurep\u00e4raselt ka p\u00e4evakreemiks. \u00d6\u00f6kreeme soovitame kasutada vanuses 35+ ning kui nahk on kuiv ja elutu. Spoon Me on rikkalik ja toitev kreem, mis annab nahale j\u00f5udu ja niisutust.<\/p>\n<p><strong>Kasutamine:<\/strong> Kanna puhastatud n\u00e4ole Spoon Me \u00f6\u00f6kreem. Masseeri n\u00e4okreem naha sisse suunaga \u00fclespidi ja seest v\u00e4ljapoole. Seej\u00e4rel kanna n\u00e4ole paar tilka rikkaliku koostisega Spoil Me seerumit ja masseeri naha sisse. Kuiva naha puhul kasutatakse seerumit k\u00f5ige viimasena ehk n\u00e4okreemi peale. Seda selleks, et nahka lukustuks niisutustoode ehk n\u00e4okreem. Meie kogemus on n\u00e4idanud, et n\u00e4okreemi ja seerumi regulaarne koos kasutamine j\u00e4tab naha kauem niisutatuks, elastseks ja s\u00e4ravaks.<\/p>\n<p>Nipp oma naha eest eriliselt hoolitsemiseks: Lisa enda iluarsenali <a href=\"https:\/\/tilk.bio\/et\/pood\/smooth-me-naooli\/\"><strong>Smooth Me n\u00e4o\u00f5li<\/strong><\/a> ja tee endale \u00f5liga n\u00e4ole kerge massaa\u017e, et vabastada n\u00e4ole kogunenud pingeid ja elavdada vereringet. Massaa\u017ei tehes hoia suund alt \u00fcles ja n\u00e4o keskelt k\u014drvade poole, et l\u00fcmf \u014diges suunas liiguks. Kanna k\u00e4tele n\u00e4o\u00f5li ja liigu ringjate liigutustega l\u00f5uast p\u00f5sesarnadeni, et vabastada sinna kogunenud pinged. Silma \u00fcmbruse massaa\u017eiks kasuta neljandaid s\u00f5rmesid (need, kus s\u00f5rmused k\u00e4ivad) ja liigu kerge survega \u00fcle kulmujoone silma alt l\u00e4bi. Neljandal s\u00f5rmel on k\u00f5ige v\u00e4hem lihasj\u00f5udu ja seet\u00f5ttu on sobiv silmamassaa\u017ei tegemiseks. Korda ringe 5 korda. Patsuta otsaesist s\u00f5rmeotstega suunaga \u00fclesse poole, et elavdada nahaalust vereringet. Liigne \u00f5li eemalda nahalt kergelt salvr\u00e4tikuga tupsutades.<\/p>\n<p>Loe l\u00e4hemalt iga toote kohta, klikkides toote nimele.<\/p>\n","protected":false},"excerpt":{"rendered":"<p>See komplekt \u00fchendab endas kahte olulist toodet, mis sisaldavad endas looduslikke, suurep\u00e4rase vananemisvastase toimega antioks\u00fcdantiderikkaid \u00f5lisid. Komplektist leiad n\u00e4oseerumi (15 ml) ja \u00f6\u00f6kreemi (50 ml). Spoil Me (15 ml) on eriliselt luksusliku koostisega vananemisvastane n\u00e4oseerum, mis sisaldab v\u00f5imsat antioks\u00fcdanti koens\u00fc\u00fcm Q10, toidab nahka ja m\u00f5jub noorendavalt. Seerumi looduslikud koostisosad t\u00f6\u00f6tavad koos naha vananemise vastu &#8211;&#8230;<\/p>\n","protected":false},"featured_media":67745,"comment_status":"open","ping_status":"closed","template":"","meta":{"_acf_changed":false},"product_brand":[],"product_cat":[389,499,689,511,533,691,713,688],"product_tag":[571,218,212,556,558],"class_list":{"0":"post-50905","1":"product","2":"type-product","3":"status-publish","4":"has-post-thumbnail","6":"product_cat-koik-tooted","7":"product_cat-komplektid","8":"product_cat-kuiv-nahk","9":"product_cat-naohooldus","10":"product_cat-spaatli-voimalus","11":"product_cat-tekstuuri-ja-tooniprobleemidega-nahk","12":"product_cat-tilk-herbal-et","13":"product_cat-vananemisilmingutega-nahk","14":"product_tag-julmusevaba-et","15":"product_tag-kreem","16":"product_tag-kuiv-nahk","17":"product_tag-palmiolivaba","18":"product_tag-vegan-et","20":"first","21":"outofstock","22":"sale","23":"taxable","24":"shipping-taxable","25":"purchasable","26":"product-type-simple"},"acf":[],"yoast_head":"<!-- This site is optimized with the Yoast SEO plugin v27.4 - https:\/\/yoast.com\/product\/yoast-seo-wordpress\/ -->\n<title>Vananemisvastane komplekt Q10-ga -20% - Tilk!<\/title>\n<meta name=\"robots\" content=\"index, follow, max-snippet:-1, max-image-preview:large, max-video-preview:-1\" \/>\n<link rel=\"canonical\" href=\"https:\/\/tilk.bio\/et\/pood\/anti-aging-kit-q10-ga\/\" \/>\n<meta property=\"og:locale\" content=\"et_EE\" \/>\n<meta property=\"og:type\" content=\"article\" \/>\n<meta property=\"og:title\" content=\"Vananemisvastane komplekt Q10-ga -20% - Tilk!\" \/>\n<meta property=\"og:description\" content=\"See komplekt \u00fchendab endas kahte olulist toodet, mis sisaldavad endas looduslikke, suurep\u00e4rase vananemisvastase toimega antioks\u00fcdantiderikkaid \u00f5lisid. Komplektist leiad n\u00e4oseerumi (15 ml) ja \u00f6\u00f6kreemi (50 ml). Spoil Me (15 ml) on eriliselt luksusliku koostisega vananemisvastane n\u00e4oseerum, mis sisaldab v\u00f5imsat antioks\u00fcdanti koens\u00fc\u00fcm Q10, toidab nahka ja m\u00f5jub noorendavalt. Seerumi looduslikud koostisosad t\u00f6\u00f6tavad koos naha vananemise vastu &#8211;...\" \/>\n<meta property=\"og:url\" content=\"https:\/\/tilk.bio\/et\/pood\/anti-aging-kit-q10-ga\/\" \/>\n<meta property=\"og:site_name\" content=\"Tilk!\" \/>\n<meta property=\"article:publisher\" content=\"https:\/\/www.facebook.com\/tilk.bio\/\" \/>\n<meta property=\"article:modified_time\" content=\"2026-02-04T11:37:56+00:00\" \/>\n<meta property=\"og:image\" content=\"https:\/\/tilk.bio\/wp-content\/uploads\/2010\/11\/2.jpg\" \/>\n\t<meta property=\"og:image:width\" content=\"1200\" \/>\n\t<meta property=\"og:image:height\" content=\"1200\" \/>\n\t<meta property=\"og:image:type\" content=\"image\/jpeg\" \/>\n<meta name=\"twitter:card\" content=\"summary_large_image\" \/>\n<meta name=\"twitter:label1\" content=\"Est. reading time\" \/>\n\t<meta name=\"twitter:data1\" content=\"2 minutit\" \/>\n<script type=\"application\/ld+json\" class=\"yoast-schema-graph\">{\"@context\":\"https:\\\/\\\/schema.org\",\"@graph\":[{\"@type\":\"WebPage\",\"@id\":\"https:\\\/\\\/tilk.bio\\\/et\\\/pood\\\/anti-aging-kit-q10-ga\\\/\",\"url\":\"https:\\\/\\\/tilk.bio\\\/et\\\/pood\\\/anti-aging-kit-q10-ga\\\/\",\"name\":\"Vananemisvastane komplekt Q10-ga -20% - Tilk!\",\"isPartOf\":{\"@id\":\"https:\\\/\\\/tilk.bio\\\/et\\\/#website\"},\"primaryImageOfPage\":{\"@id\":\"https:\\\/\\\/tilk.bio\\\/et\\\/pood\\\/anti-aging-kit-q10-ga\\\/#primaryimage\"},\"image\":{\"@id\":\"https:\\\/\\\/tilk.bio\\\/et\\\/pood\\\/anti-aging-kit-q10-ga\\\/#primaryimage\"},\"thumbnailUrl\":\"https:\\\/\\\/tilk.bio\\\/wp-content\\\/uploads\\\/2010\\\/11\\\/2.jpg\",\"datePublished\":\"2010-11-01T20:19:56+00:00\",\"dateModified\":\"2026-02-04T11:37:56+00:00\",\"breadcrumb\":{\"@id\":\"https:\\\/\\\/tilk.bio\\\/et\\\/pood\\\/anti-aging-kit-q10-ga\\\/#breadcrumb\"},\"inLanguage\":\"et\",\"potentialAction\":[{\"@type\":\"ReadAction\",\"target\":[\"https:\\\/\\\/tilk.bio\\\/et\\\/pood\\\/anti-aging-kit-q10-ga\\\/\"]}]},{\"@type\":\"ImageObject\",\"inLanguage\":\"et\",\"@id\":\"https:\\\/\\\/tilk.bio\\\/et\\\/pood\\\/anti-aging-kit-q10-ga\\\/#primaryimage\",\"url\":\"https:\\\/\\\/tilk.bio\\\/wp-content\\\/uploads\\\/2010\\\/11\\\/2.jpg\",\"contentUrl\":\"https:\\\/\\\/tilk.bio\\\/wp-content\\\/uploads\\\/2010\\\/11\\\/2.jpg\",\"width\":1200,\"height\":1200},{\"@type\":\"BreadcrumbList\",\"@id\":\"https:\\\/\\\/tilk.bio\\\/et\\\/pood\\\/anti-aging-kit-q10-ga\\\/#breadcrumb\",\"itemListElement\":[{\"@type\":\"ListItem\",\"position\":1,\"name\":\"Home\",\"item\":\"https:\\\/\\\/tilk.bio\\\/et\\\/\"},{\"@type\":\"ListItem\",\"position\":2,\"name\":\"Pood\",\"item\":\"https:\\\/\\\/tilk.bio\\\/et\\\/pood\\\/\"},{\"@type\":\"ListItem\",\"position\":3,\"name\":\"Vananemisvastane komplekt Q10-ga -20%\"}]},{\"@type\":\"WebSite\",\"@id\":\"https:\\\/\\\/tilk.bio\\\/et\\\/#website\",\"url\":\"https:\\\/\\\/tilk.bio\\\/et\\\/\",\"name\":\"Tilk!\",\"description\":\"Keskkonnas\u00f5bralik ja j\u00e4tkusuutlik looduskosmeetika Saaremaalt.\",\"potentialAction\":[{\"@type\":\"SearchAction\",\"target\":{\"@type\":\"EntryPoint\",\"urlTemplate\":\"https:\\\/\\\/tilk.bio\\\/et\\\/?s={search_term_string}\"},\"query-input\":{\"@type\":\"PropertyValueSpecification\",\"valueRequired\":true,\"valueName\":\"search_term_string\"}}],\"inLanguage\":\"et\"}]}<\/script>\n<!-- \/ Yoast SEO plugin. -->","yoast_head_json":{"title":"Vananemisvastane komplekt Q10-ga -20% - Tilk!","robots":{"index":"index","follow":"follow","max-snippet":"max-snippet:-1","max-image-preview":"max-image-preview:large","max-video-preview":"max-video-preview:-1"},"canonical":"https:\/\/tilk.bio\/et\/pood\/anti-aging-kit-q10-ga\/","og_locale":"et_EE","og_type":"article","og_title":"Vananemisvastane komplekt Q10-ga -20% - Tilk!","og_description":"See komplekt \u00fchendab endas kahte olulist toodet, mis sisaldavad endas looduslikke, suurep\u00e4rase vananemisvastase toimega antioks\u00fcdantiderikkaid \u00f5lisid. Komplektist leiad n\u00e4oseerumi (15 ml) ja \u00f6\u00f6kreemi (50 ml). Spoil Me (15 ml) on eriliselt luksusliku koostisega vananemisvastane n\u00e4oseerum, mis sisaldab v\u00f5imsat antioks\u00fcdanti koens\u00fc\u00fcm Q10, toidab nahka ja m\u00f5jub noorendavalt. Seerumi looduslikud koostisosad t\u00f6\u00f6tavad koos naha vananemise vastu &#8211;...","og_url":"https:\/\/tilk.bio\/et\/pood\/anti-aging-kit-q10-ga\/","og_site_name":"Tilk!","article_publisher":"https:\/\/www.facebook.com\/tilk.bio\/","article_modified_time":"2026-02-04T11:37:56+00:00","og_image":[{"width":1200,"height":1200,"url":"https:\/\/tilk.bio\/wp-content\/uploads\/2010\/11\/2.jpg","type":"image\/jpeg"}],"twitter_card":"summary_large_image","twitter_misc":{"Est. reading time":"2 minutit"},"schema":{"@context":"https:\/\/schema.org","@graph":[{"@type":"WebPage","@id":"https:\/\/tilk.bio\/et\/pood\/anti-aging-kit-q10-ga\/","url":"https:\/\/tilk.bio\/et\/pood\/anti-aging-kit-q10-ga\/","name":"Vananemisvastane komplekt Q10-ga -20% - Tilk!","isPartOf":{"@id":"https:\/\/tilk.bio\/et\/#website"},"primaryImageOfPage":{"@id":"https:\/\/tilk.bio\/et\/pood\/anti-aging-kit-q10-ga\/#primaryimage"},"image":{"@id":"https:\/\/tilk.bio\/et\/pood\/anti-aging-kit-q10-ga\/#primaryimage"},"thumbnailUrl":"https:\/\/tilk.bio\/wp-content\/uploads\/2010\/11\/2.jpg","datePublished":"2010-11-01T20:19:56+00:00","dateModified":"2026-02-04T11:37:56+00:00","breadcrumb":{"@id":"https:\/\/tilk.bio\/et\/pood\/anti-aging-kit-q10-ga\/#breadcrumb"},"inLanguage":"et","potentialAction":[{"@type":"ReadAction","target":["https:\/\/tilk.bio\/et\/pood\/anti-aging-kit-q10-ga\/"]}]},{"@type":"ImageObject","inLanguage":"et","@id":"https:\/\/tilk.bio\/et\/pood\/anti-aging-kit-q10-ga\/#primaryimage","url":"https:\/\/tilk.bio\/wp-content\/uploads\/2010\/11\/2.jpg","contentUrl":"https:\/\/tilk.bio\/wp-content\/uploads\/2010\/11\/2.jpg","width":1200,"height":1200},{"@type":"BreadcrumbList","@id":"https:\/\/tilk.bio\/et\/pood\/anti-aging-kit-q10-ga\/#breadcrumb","itemListElement":[{"@type":"ListItem","position":1,"name":"Home","item":"https:\/\/tilk.bio\/et\/"},{"@type":"ListItem","position":2,"name":"Pood","item":"https:\/\/tilk.bio\/et\/pood\/"},{"@type":"ListItem","position":3,"name":"Vananemisvastane komplekt Q10-ga -20%"}]},{"@type":"WebSite","@id":"https:\/\/tilk.bio\/et\/#website","url":"https:\/\/tilk.bio\/et\/","name":"Tilk!","description":"Keskkonnas\u00f5bralik ja j\u00e4tkusuutlik looduskosmeetika Saaremaalt.","potentialAction":[{"@type":"SearchAction","target":{"@type":"EntryPoint","urlTemplate":"https:\/\/tilk.bio\/et\/?s={search_term_string}"},"query-input":{"@type":"PropertyValueSpecification","valueRequired":true,"valueName":"search_term_string"}}],"inLanguage":"et"}]}},"_links":{"self":[{"href":"https:\/\/tilk.bio\/et\/wp-json\/wp\/v2\/product\/50905","targetHints":{"allow":["GET"]}}],"collection":[{"href":"https:\/\/tilk.bio\/et\/wp-json\/wp\/v2\/product"}],"about":[{"href":"https:\/\/tilk.bio\/et\/wp-json\/wp\/v2\/types\/product"}],"replies":[{"embeddable":true,"href":"https:\/\/tilk.bio\/et\/wp-json\/wp\/v2\/comments?post=50905"}],"wp:featuredmedia":[{"embeddable":true,"href":"https:\/\/tilk.bio\/et\/wp-json\/wp\/v2\/media\/67745"}],"wp:attachment":[{"href":"https:\/\/tilk.bio\/et\/wp-json\/wp\/v2\/media?parent=50905"}],"wp:term":[{"taxonomy":"product_brand","embeddable":true,"href":"https:\/\/tilk.bio\/et\/wp-json\/wp\/v2\/product_brand?post=50905"},{"taxonomy":"product_cat","embeddable":true,"href":"https:\/\/tilk.bio\/et\/wp-json\/wp\/v2\/product_cat?post=50905"},{"taxonomy":"product_tag","embeddable":true,"href":"https:\/\/tilk.bio\/et\/wp-json\/wp\/v2\/product_tag?post=50905"}],"curies":[{"name":"wp","href":"https:\/\/api.w.org\/{rel}","templated":true}]}}