{"id":50949,"date":"2020-04-28T22:22:33","date_gmt":"2020-04-28T22:22:33","guid":{"rendered":"https:\/\/tilk.bio\/shop\/hualuroonhappega-toitev-ja-niisutav-paevakreem-nourish-me\/"},"modified":"2026-04-16T23:45:03","modified_gmt":"2026-04-16T20:45:03","slug":"hualuroonhappega-toitev-ja-niisutav-paevakreem-nourish-me","status":"publish","type":"product","link":"https:\/\/tilk.bio\/et\/pood\/hualuroonhappega-toitev-ja-niisutav-paevakreem-nourish-me\/","title":{"rendered":"Nourish Me toitev ja niisutav p\u00e4evakreem h\u00fcaluroonhappega"},"content":{"rendered":"<p>Nourish Me on rikkaliku koostisega niisutav ja toitev <a href=\"https:\/\/tilk.bio\/et\/tootekategooria\/naohooldus\/naokreem\/\">p\u00e4evakreem<\/a>, milles sisalduval <a href=\"https:\/\/tilk.bio\/et\/tootekategooria\/koostisosad\/hualuroonhape\/\">h\u00fcaluroonhappel<\/a> on mitmeid imelisi omadusi. See seob niiskust, toetab hapniku ja toitainete transporti naharakkudesse ning aitab koost\u00f6\u00f6s k\u00f5rvitsaseemne\u00f5liga siluda kortsukesi. Lisaks osaleb h\u00fcaluroonhape ka kollageeni moodustumisel \u2013 see on aine, mis annab nahale elastsuse.<\/p>\n<p>Kreemi salarelvaks on Maroko vedelaks kullaks kutsutav argaania\u00f5li, mis on t\u00e4nu E-vitamiini ja kasulike rasvhapete rohkele sisaldusele superniisutaja, v\u00e4hendades ka kuiva naha punetust ning \u00e4rritust. Vahuse kreemi bioaktiivsed koostisosad kibuvitsa-, nisuidu- ja jojoba \u00f5list niisutavad, elustavad, toniseerivad ning taastavad nahka. Neis peituvad antioks\u00fcdandid parandavad naha tekstuuri, muutes selle pehmeks ja elastseks. Kibuvitsaseemne\u00f5lis sisalduvad rasvhapped ja A-vitamiin on aga olulised naha tekstuuri ja jume parandamisel ning lisaks toetab see \u00f5li ka naha uuenemist. M\u00f5nusas aroomis on segunenud lavendel, viiruk ja Ylang ylang.<\/p>\n<p>Kasutamine: Kanna p\u00e4evakreem eelnevalt puhastatud nahale osana oma hommikusest n\u00e4ohooldusest.<\/p>\n<p>P\u00e4evakreemi koostisosad on looduslikku p\u00e4ritolu ja vegan. Kreemi loomisel on kasutatud Saaremaalt k\u00e4sitsi korjatud taimede \u00f5lisid.<\/p>\n<p>Hoiustamine: Hoiusta n\u00e4okreemi toatemperatuuril.<\/p>\n<p>Kogus: 10ml\/50ml<\/p>\n<p><a ref=\"magnificPopup\" href=\"https:\/\/tilk.bio\/wp-content\/uploads\/2016\/01\/Vegan_sign-07.png\"><img loading=\"lazy\" decoding=\"async\" class=\"alignnone wp-image-17806\" src=\"https:\/\/tilk.bio\/wp-content\/uploads\/2016\/01\/Vegan_sign-07.png\" alt=\"\" width=\"63\" height=\"63\" srcset=\"https:\/\/tilk.bio\/wp-content\/uploads\/2016\/01\/Vegan_sign-07.png 165w, https:\/\/tilk.bio\/wp-content\/uploads\/2016\/01\/Vegan_sign-07-150x150.png 150w\" sizes=\"auto, (max-width: 63px) 100vw, 63px\" \/><\/a><\/p>\n","protected":false},"excerpt":{"rendered":"<p>Nourish Me on rikkaliku koostisega niisutav ja toitev p\u00e4evakreem, milles sisalduval h\u00fcaluroonhappel on mitmeid imelisi omadusi. See seob niiskust, toetab hapniku ja toitainete transporti naharakkudesse ning aitab koost\u00f6\u00f6s k\u00f5rvitsaseemne\u00f5liga siluda kortsukesi. Lisaks osaleb h\u00fcaluroonhape ka kollageeni moodustumisel \u2013 see on aine, mis annab nahale elastsuse. Kreemi salarelvaks on Maroko vedelaks kullaks kutsutav argaania\u00f5li, mis on&#8230;<\/p>\n","protected":false},"featured_media":71770,"comment_status":"open","ping_status":"closed","template":"","meta":{"_acf_changed":false},"product_brand":[],"product_cat":[585,871,389,689,511,692,533,691,713,690,688],"product_tag":[571,619,556,558],"class_list":{"0":"post-50949","1":"product","2":"type-product","3":"status-publish","4":"has-post-thumbnail","6":"product_cat-naokreem","7":"product_cat-hualuroonhape","8":"product_cat-koik-tooted","9":"product_cat-kuiv-nahk","10":"product_cat-naohooldus","11":"product_cat-normaalne-ja-kombineeritud-nahk","12":"product_cat-spaatli-voimalus","13":"product_cat-tekstuuri-ja-tooniprobleemidega-nahk","14":"product_cat-tilk-herbal-et","15":"product_cat-tundlik-nahk","16":"product_cat-vananemisilmingutega-nahk","17":"product_tag-julmusevaba-et","18":"product_tag-klaaspakend","19":"product_tag-palmiolivaba","20":"product_tag-vegan-et","22":"first","23":"instock","24":"taxable","25":"shipping-taxable","26":"purchasable","27":"product-type-variable"},"acf":[],"yoast_head":"<!-- This site is optimized with the Yoast SEO plugin v27.4 - https:\/\/yoast.com\/product\/yoast-seo-wordpress\/ -->\n<title>Nourish Me toitev ja niisutav p\u00e4evakreem h\u00fcaluroonhappega - Tilk!<\/title>\n<meta name=\"description\" content=\"Nourish Me on rikkaliku koostisega niisutav ja toitev p\u00e4evakreem, milles sisalduval h\u00fcaluroonhappel on mitmeid imelisi omadusi.\" \/>\n<meta name=\"robots\" content=\"index, follow, max-snippet:-1, max-image-preview:large, max-video-preview:-1\" \/>\n<link rel=\"canonical\" href=\"https:\/\/tilk.bio\/et\/pood\/hualuroonhappega-toitev-ja-niisutav-paevakreem-nourish-me\/\" \/>\n<meta property=\"og:locale\" content=\"et_EE\" \/>\n<meta property=\"og:type\" content=\"article\" \/>\n<meta property=\"og:title\" content=\"Nourish Me toitev ja niisutav p\u00e4evakreem h\u00fcaluroonhappega - Tilk!\" \/>\n<meta property=\"og:description\" content=\"Nourish Me on rikkaliku koostisega niisutav ja toitev p\u00e4evakreem, milles sisalduval h\u00fcaluroonhappel on mitmeid imelisi omadusi.\" \/>\n<meta property=\"og:url\" content=\"https:\/\/tilk.bio\/et\/pood\/hualuroonhappega-toitev-ja-niisutav-paevakreem-nourish-me\/\" \/>\n<meta property=\"og:site_name\" content=\"Tilk!\" \/>\n<meta property=\"article:publisher\" content=\"https:\/\/www.facebook.com\/tilk.bio\/\" \/>\n<meta property=\"article:modified_time\" content=\"2026-04-16T20:45:03+00:00\" \/>\n<meta property=\"og:image\" content=\"https:\/\/tilk.bio\/wp-content\/uploads\/2020\/12\/1.jpg\" \/>\n\t<meta property=\"og:image:width\" content=\"1200\" \/>\n\t<meta property=\"og:image:height\" content=\"1200\" \/>\n\t<meta property=\"og:image:type\" content=\"image\/jpeg\" \/>\n<meta name=\"twitter:card\" content=\"summary_large_image\" \/>\n<meta name=\"twitter:label1\" content=\"Est. reading time\" \/>\n\t<meta name=\"twitter:data1\" content=\"1 minut\" \/>\n<script type=\"application\/ld+json\" class=\"yoast-schema-graph\">{\"@context\":\"https:\\\/\\\/schema.org\",\"@graph\":[{\"@type\":\"WebPage\",\"@id\":\"https:\\\/\\\/tilk.bio\\\/et\\\/pood\\\/hualuroonhappega-toitev-ja-niisutav-paevakreem-nourish-me\\\/\",\"url\":\"https:\\\/\\\/tilk.bio\\\/et\\\/pood\\\/hualuroonhappega-toitev-ja-niisutav-paevakreem-nourish-me\\\/\",\"name\":\"Nourish Me toitev ja niisutav p\u00e4evakreem h\u00fcaluroonhappega - Tilk!\",\"isPartOf\":{\"@id\":\"https:\\\/\\\/tilk.bio\\\/et\\\/#website\"},\"primaryImageOfPage\":{\"@id\":\"https:\\\/\\\/tilk.bio\\\/et\\\/pood\\\/hualuroonhappega-toitev-ja-niisutav-paevakreem-nourish-me\\\/#primaryimage\"},\"image\":{\"@id\":\"https:\\\/\\\/tilk.bio\\\/et\\\/pood\\\/hualuroonhappega-toitev-ja-niisutav-paevakreem-nourish-me\\\/#primaryimage\"},\"thumbnailUrl\":\"https:\\\/\\\/tilk.bio\\\/wp-content\\\/uploads\\\/2020\\\/12\\\/1.jpg\",\"datePublished\":\"2020-04-28T22:22:33+00:00\",\"dateModified\":\"2026-04-16T20:45:03+00:00\",\"description\":\"Nourish Me on rikkaliku koostisega niisutav ja toitev p\u00e4evakreem, milles sisalduval h\u00fcaluroonhappel on mitmeid imelisi omadusi.\",\"breadcrumb\":{\"@id\":\"https:\\\/\\\/tilk.bio\\\/et\\\/pood\\\/hualuroonhappega-toitev-ja-niisutav-paevakreem-nourish-me\\\/#breadcrumb\"},\"inLanguage\":\"et\",\"potentialAction\":[{\"@type\":\"ReadAction\",\"target\":[\"https:\\\/\\\/tilk.bio\\\/et\\\/pood\\\/hualuroonhappega-toitev-ja-niisutav-paevakreem-nourish-me\\\/\"]}]},{\"@type\":\"ImageObject\",\"inLanguage\":\"et\",\"@id\":\"https:\\\/\\\/tilk.bio\\\/et\\\/pood\\\/hualuroonhappega-toitev-ja-niisutav-paevakreem-nourish-me\\\/#primaryimage\",\"url\":\"https:\\\/\\\/tilk.bio\\\/wp-content\\\/uploads\\\/2020\\\/12\\\/1.jpg\",\"contentUrl\":\"https:\\\/\\\/tilk.bio\\\/wp-content\\\/uploads\\\/2020\\\/12\\\/1.jpg\",\"width\":1200,\"height\":1200},{\"@type\":\"BreadcrumbList\",\"@id\":\"https:\\\/\\\/tilk.bio\\\/et\\\/pood\\\/hualuroonhappega-toitev-ja-niisutav-paevakreem-nourish-me\\\/#breadcrumb\",\"itemListElement\":[{\"@type\":\"ListItem\",\"position\":1,\"name\":\"Home\",\"item\":\"https:\\\/\\\/tilk.bio\\\/et\\\/\"},{\"@type\":\"ListItem\",\"position\":2,\"name\":\"Pood\",\"item\":\"https:\\\/\\\/tilk.bio\\\/et\\\/pood\\\/\"},{\"@type\":\"ListItem\",\"position\":3,\"name\":\"Nourish Me toitev ja niisutav p\u00e4evakreem h\u00fcaluroonhappega\"}]},{\"@type\":\"WebSite\",\"@id\":\"https:\\\/\\\/tilk.bio\\\/et\\\/#website\",\"url\":\"https:\\\/\\\/tilk.bio\\\/et\\\/\",\"name\":\"Tilk!\",\"description\":\"Keskkonnas\u00f5bralik ja j\u00e4tkusuutlik looduskosmeetika Saaremaalt.\",\"potentialAction\":[{\"@type\":\"SearchAction\",\"target\":{\"@type\":\"EntryPoint\",\"urlTemplate\":\"https:\\\/\\\/tilk.bio\\\/et\\\/?s={search_term_string}\"},\"query-input\":{\"@type\":\"PropertyValueSpecification\",\"valueRequired\":true,\"valueName\":\"search_term_string\"}}],\"inLanguage\":\"et\"}]}<\/script>\n<!-- \/ Yoast SEO plugin. -->","yoast_head_json":{"title":"Nourish Me toitev ja niisutav p\u00e4evakreem h\u00fcaluroonhappega - Tilk!","description":"Nourish Me on rikkaliku koostisega niisutav ja toitev p\u00e4evakreem, milles sisalduval h\u00fcaluroonhappel on mitmeid imelisi omadusi.","robots":{"index":"index","follow":"follow","max-snippet":"max-snippet:-1","max-image-preview":"max-image-preview:large","max-video-preview":"max-video-preview:-1"},"canonical":"https:\/\/tilk.bio\/et\/pood\/hualuroonhappega-toitev-ja-niisutav-paevakreem-nourish-me\/","og_locale":"et_EE","og_type":"article","og_title":"Nourish Me toitev ja niisutav p\u00e4evakreem h\u00fcaluroonhappega - Tilk!","og_description":"Nourish Me on rikkaliku koostisega niisutav ja toitev p\u00e4evakreem, milles sisalduval h\u00fcaluroonhappel on mitmeid imelisi omadusi.","og_url":"https:\/\/tilk.bio\/et\/pood\/hualuroonhappega-toitev-ja-niisutav-paevakreem-nourish-me\/","og_site_name":"Tilk!","article_publisher":"https:\/\/www.facebook.com\/tilk.bio\/","article_modified_time":"2026-04-16T20:45:03+00:00","og_image":[{"width":1200,"height":1200,"url":"https:\/\/tilk.bio\/wp-content\/uploads\/2020\/12\/1.jpg","type":"image\/jpeg"}],"twitter_card":"summary_large_image","twitter_misc":{"Est. reading time":"1 minut"},"schema":{"@context":"https:\/\/schema.org","@graph":[{"@type":"WebPage","@id":"https:\/\/tilk.bio\/et\/pood\/hualuroonhappega-toitev-ja-niisutav-paevakreem-nourish-me\/","url":"https:\/\/tilk.bio\/et\/pood\/hualuroonhappega-toitev-ja-niisutav-paevakreem-nourish-me\/","name":"Nourish Me toitev ja niisutav p\u00e4evakreem h\u00fcaluroonhappega - Tilk!","isPartOf":{"@id":"https:\/\/tilk.bio\/et\/#website"},"primaryImageOfPage":{"@id":"https:\/\/tilk.bio\/et\/pood\/hualuroonhappega-toitev-ja-niisutav-paevakreem-nourish-me\/#primaryimage"},"image":{"@id":"https:\/\/tilk.bio\/et\/pood\/hualuroonhappega-toitev-ja-niisutav-paevakreem-nourish-me\/#primaryimage"},"thumbnailUrl":"https:\/\/tilk.bio\/wp-content\/uploads\/2020\/12\/1.jpg","datePublished":"2020-04-28T22:22:33+00:00","dateModified":"2026-04-16T20:45:03+00:00","description":"Nourish Me on rikkaliku koostisega niisutav ja toitev p\u00e4evakreem, milles sisalduval h\u00fcaluroonhappel on mitmeid imelisi omadusi.","breadcrumb":{"@id":"https:\/\/tilk.bio\/et\/pood\/hualuroonhappega-toitev-ja-niisutav-paevakreem-nourish-me\/#breadcrumb"},"inLanguage":"et","potentialAction":[{"@type":"ReadAction","target":["https:\/\/tilk.bio\/et\/pood\/hualuroonhappega-toitev-ja-niisutav-paevakreem-nourish-me\/"]}]},{"@type":"ImageObject","inLanguage":"et","@id":"https:\/\/tilk.bio\/et\/pood\/hualuroonhappega-toitev-ja-niisutav-paevakreem-nourish-me\/#primaryimage","url":"https:\/\/tilk.bio\/wp-content\/uploads\/2020\/12\/1.jpg","contentUrl":"https:\/\/tilk.bio\/wp-content\/uploads\/2020\/12\/1.jpg","width":1200,"height":1200},{"@type":"BreadcrumbList","@id":"https:\/\/tilk.bio\/et\/pood\/hualuroonhappega-toitev-ja-niisutav-paevakreem-nourish-me\/#breadcrumb","itemListElement":[{"@type":"ListItem","position":1,"name":"Home","item":"https:\/\/tilk.bio\/et\/"},{"@type":"ListItem","position":2,"name":"Pood","item":"https:\/\/tilk.bio\/et\/pood\/"},{"@type":"ListItem","position":3,"name":"Nourish Me toitev ja niisutav p\u00e4evakreem h\u00fcaluroonhappega"}]},{"@type":"WebSite","@id":"https:\/\/tilk.bio\/et\/#website","url":"https:\/\/tilk.bio\/et\/","name":"Tilk!","description":"Keskkonnas\u00f5bralik ja j\u00e4tkusuutlik looduskosmeetika Saaremaalt.","potentialAction":[{"@type":"SearchAction","target":{"@type":"EntryPoint","urlTemplate":"https:\/\/tilk.bio\/et\/?s={search_term_string}"},"query-input":{"@type":"PropertyValueSpecification","valueRequired":true,"valueName":"search_term_string"}}],"inLanguage":"et"}]}},"_links":{"self":[{"href":"https:\/\/tilk.bio\/et\/wp-json\/wp\/v2\/product\/50949","targetHints":{"allow":["GET"]}}],"collection":[{"href":"https:\/\/tilk.bio\/et\/wp-json\/wp\/v2\/product"}],"about":[{"href":"https:\/\/tilk.bio\/et\/wp-json\/wp\/v2\/types\/product"}],"replies":[{"embeddable":true,"href":"https:\/\/tilk.bio\/et\/wp-json\/wp\/v2\/comments?post=50949"}],"wp:featuredmedia":[{"embeddable":true,"href":"https:\/\/tilk.bio\/et\/wp-json\/wp\/v2\/media\/71770"}],"wp:attachment":[{"href":"https:\/\/tilk.bio\/et\/wp-json\/wp\/v2\/media?parent=50949"}],"wp:term":[{"taxonomy":"product_brand","embeddable":true,"href":"https:\/\/tilk.bio\/et\/wp-json\/wp\/v2\/product_brand?post=50949"},{"taxonomy":"product_cat","embeddable":true,"href":"https:\/\/tilk.bio\/et\/wp-json\/wp\/v2\/product_cat?post=50949"},{"taxonomy":"product_tag","embeddable":true,"href":"https:\/\/tilk.bio\/et\/wp-json\/wp\/v2\/product_tag?post=50949"}],"curies":[{"name":"wp","href":"https:\/\/api.w.org\/{rel}","templated":true}]}}