{"id":51188,"date":"2020-05-12T22:56:03","date_gmt":"2020-05-12T22:56:03","guid":{"rendered":"https:\/\/tilk.bio\/shop\/fresh-clean-varske-ja-orn-puhastuskreem\/"},"modified":"2026-04-20T16:30:04","modified_gmt":"2026-04-20T13:30:04","slug":"fresh-clean-varske-ja-orn-puhastuskreem","status":"publish","type":"product","link":"https:\/\/tilk.bio\/et\/pood\/fresh-clean-varske-ja-orn-puhastuskreem\/","title":{"rendered":"Fresh &#038; Clean v\u00e4rske ja \u00f5rn probiootiline puhastuskreem n\u00e4ole"},"content":{"rendered":"<p>Fresh &amp; Clean on v\u00e4rske ja \u00f5rn puhastuskreem n\u00e4ole. Puhastuskreem eemaldab nahalt meigi, rasu ja mustuse. <span style=\"font-weight: 400;\">Puhastuskreemi <a href=\"https:\/\/tilk.bio\/et\/tootekategooria\/koostisosad\/punavetikaekstrakt\/\">probiootilised koostisosad<\/a> aitavad s\u00e4ilitada naha loomulikku niiskustaset, tasakaalustavad mikrofloorat ja aeglustavad naha enneaegset vananemisprotsessi. <\/span><\/p>\n<p>Puhastuskreemis sisalduv kastoor\u00f5li sisaldab rikkalikult ritsinoolhapet, mis on suurep\u00e4rane niisutaja. \u00d5li aitab stimuleerida ka kollageeni ja elastiini tootmist, mis pehmendavad ja niisutavad nahka. Samuti leevendab see erinevaid nahaprobleeme ja \u00e4rritusi. Ka Aloe vera toetab kollageeni tootmist, v\u00e4hendab naha punetust ning niisutab. Kookos\u00f5li muudab naha elastseks ning v\u00e4hendab naha\u00e4rritusi. Vetikaekstrakti bioaktiivsed koostisosad nagu pol\u00fcsahhariidid, proteiinid, lipiidid, pigmendid, vitamiinid ning antioks\u00fcdandid, v\u00f5itlevad naha vananemisega ning toidavad seda. N\u00e4gu kreemiga puhastades tunned geraaniumi ja lavendli l\u00f5hna.<\/p>\n<p>Puhastuskreem n\u00e4ole &#8211; Kasutamine:<\/p>\n<p>Kanna v\u00e4ike kogus puhastuskreemi s\u00f5rmeotstega n\u00e4ole ja kaelale ning masseeri \u00f5rnalt ringjate liigutustega suunaga alt \u00fclesse ja n\u00e4o keskelt k\u014drvade poole, et l\u00fcmfivedelik \u014diges suunas liiguks. Loputa puhastuskreem maha sooja veega v\u00f5i meigieemalduslapiga.<\/p>\n<p>Puhastuskreemi koostisosad on looduslikku p\u00e4ritolu ja vegan. Puhastuskreemis kasutame Saaremaa rannaaladelt k\u00e4sitsi korjatud punavetikaekstrakti.<\/p>\n<p>Hoiustamine: Hoiusta kreemi toatemperatuuril.<\/p>\n<p>Kogus: 120ml<\/p>\n<p><a ref=\"magnificPopup\" href=\"https:\/\/tilk.bio\/wp-content\/uploads\/2016\/01\/Vegan_sign-07.png\"><img loading=\"lazy\" decoding=\"async\" class=\"alignnone wp-image-17806\" src=\"https:\/\/tilk.bio\/wp-content\/uploads\/2016\/01\/Vegan_sign-07.png\" alt=\"\" width=\"71\" height=\"71\" srcset=\"https:\/\/tilk.bio\/wp-content\/uploads\/2016\/01\/Vegan_sign-07.png 165w, https:\/\/tilk.bio\/wp-content\/uploads\/2016\/01\/Vegan_sign-07-150x150.png 150w\" sizes=\"auto, (max-width: 71px) 100vw, 71px\" \/><\/a><\/p>\n<p>Loe l\u00e4hemalt: <a href=\"https:\/\/tilk.bio\/et\/5-praktilist-sammu-kuidas-teha-spaa-tasemel-loogastavat-naohooldust-enda-kodus\/\" target=\"_blank\" rel=\"noopener noreferrer\"><strong>7 praktilist sammu, kuidas teha Spaa tasemel l\u00f5\u00f5gastavat n\u00e4ohooldust enda kodus<\/strong><\/a><\/p>\n<p><a ref=\"magnificPopup\" href=\"https:\/\/tilk.bio\/wp-content\/uploads\/2020\/03\/Kati1-1024x768.jpg\"><img loading=\"lazy\" decoding=\"async\" class=\"alignnone size-large wp-image-52575\" src=\"https:\/\/tilk.bio\/wp-content\/uploads\/2020\/03\/Kati1-1024x768.jpg\" alt=\"\" width=\"1024\" height=\"768\" srcset=\"https:\/\/tilk.bio\/wp-content\/uploads\/2020\/03\/Kati1-1024x768.jpg 1024w, https:\/\/tilk.bio\/wp-content\/uploads\/2020\/03\/Kati1-1000x750.jpg 1000w, https:\/\/tilk.bio\/wp-content\/uploads\/2020\/03\/Kati1-300x225.jpg 300w, https:\/\/tilk.bio\/wp-content\/uploads\/2020\/03\/Kati1-768x576.jpg 768w, https:\/\/tilk.bio\/wp-content\/uploads\/2020\/03\/Kati1-430x323.jpg 430w, https:\/\/tilk.bio\/wp-content\/uploads\/2020\/03\/Kati1-860x645.jpg 860w, https:\/\/tilk.bio\/wp-content\/uploads\/2020\/03\/Kati1.jpg 1200w\" sizes=\"auto, (max-width: 1024px) 100vw, 1024px\" \/><\/a><\/p>\n","protected":false},"excerpt":{"rendered":"<p>Fresh &amp; Clean on v\u00e4rske ja \u00f5rn puhastuskreem n\u00e4ole. Puhastuskreem eemaldab nahalt meigi, rasu ja mustuse. Puhastuskreemi probiootilised koostisosad aitavad s\u00e4ilitada naha loomulikku niiskustaset, tasakaalustavad mikrofloorat ja aeglustavad naha enneaegset vananemisprotsessi. Puhastuskreemis sisalduv kastoor\u00f5li sisaldab rikkalikult ritsinoolhapet, mis on suurep\u00e4rane niisutaja. \u00d5li aitab stimuleerida ka kollageeni ja elastiini tootmist, mis pehmendavad ja niisutavad nahka. Samuti&#8230;<\/p>\n","protected":false},"featured_media":65032,"comment_status":"open","ping_status":"closed","template":"","meta":{"_acf_changed":false},"product_brand":[],"product_cat":[622,687,389,689,628,511,692,903,907,691,891,690],"product_tag":[556,558],"class_list":{"0":"post-51188","1":"product","2":"type-product","3":"status-publish","4":"has-post-thumbnail","6":"product_cat-puhastustooted","7":"product_cat-akne-ja-rasune-nahk","8":"product_cat-koik-tooted","9":"product_cat-kuiv-nahk","10":"product_cat-meestele","11":"product_cat-naohooldus","12":"product_cat-normaalne-ja-kombineeritud-nahk","13":"product_cat-probiootikumid","14":"product_cat-punavetikaekstrakt","15":"product_cat-tekstuuri-ja-tooniprobleemidega-nahk","16":"product_cat-tilk-biotic-et","17":"product_cat-tundlik-nahk","18":"product_tag-palmiolivaba","19":"product_tag-vegan-et","21":"first","22":"instock","23":"taxable","24":"shipping-taxable","25":"purchasable","26":"product-type-simple"},"acf":[],"yoast_head":"<!-- This site is optimized with the Yoast SEO plugin v27.4 - https:\/\/yoast.com\/product\/yoast-seo-wordpress\/ -->\n<title>Fresh &amp; Clean v\u00e4rske ja \u00f5rn probiootiline puhastuskreem n\u00e4ole<\/title>\n<meta name=\"description\" content=\"Fresh &amp; Clean on v\u00e4rske ja \u00f5rn puhastuskreem n\u00e4ole. Puhastuskreem eemaldab nahalt meigi, rasu ja mustuse. Puhastuskreemi probiootiline koostisosa niisutab.\" \/>\n<meta name=\"robots\" content=\"index, follow, max-snippet:-1, max-image-preview:large, max-video-preview:-1\" \/>\n<link rel=\"canonical\" href=\"https:\/\/tilk.bio\/et\/pood\/fresh-clean-varske-ja-orn-puhastuskreem\/\" \/>\n<meta property=\"og:locale\" content=\"et_EE\" \/>\n<meta property=\"og:type\" content=\"article\" \/>\n<meta property=\"og:title\" content=\"Fresh &amp; Clean v\u00e4rske ja \u00f5rn probiootiline puhastuskreem n\u00e4ole\" \/>\n<meta property=\"og:description\" content=\"Fresh &amp; Clean on v\u00e4rske ja \u00f5rn puhastuskreem n\u00e4ole. Puhastuskreem eemaldab nahalt meigi, rasu ja mustuse. Puhastuskreemi probiootiline koostisosa niisutab.\" \/>\n<meta property=\"og:url\" content=\"https:\/\/tilk.bio\/et\/pood\/fresh-clean-varske-ja-orn-puhastuskreem\/\" \/>\n<meta property=\"og:site_name\" content=\"Tilk!\" \/>\n<meta property=\"article:publisher\" content=\"https:\/\/www.facebook.com\/tilk.bio\/\" \/>\n<meta property=\"article:modified_time\" content=\"2026-04-20T13:30:04+00:00\" \/>\n<meta property=\"og:image\" content=\"https:\/\/tilk.bio\/wp-content\/uploads\/2020\/05\/freshcleanx21200x628.png\" \/>\n\t<meta property=\"og:image:width\" content=\"1200\" \/>\n\t<meta property=\"og:image:height\" content=\"628\" \/>\n\t<meta property=\"og:image:type\" content=\"image\/png\" \/>\n<meta name=\"twitter:card\" content=\"summary_large_image\" \/>\n<meta name=\"twitter:label1\" content=\"Est. reading time\" \/>\n\t<meta name=\"twitter:data1\" content=\"2 minutit\" \/>\n<script type=\"application\/ld+json\" class=\"yoast-schema-graph\">{\"@context\":\"https:\\\/\\\/schema.org\",\"@graph\":[{\"@type\":\"WebPage\",\"@id\":\"https:\\\/\\\/tilk.bio\\\/et\\\/pood\\\/fresh-clean-varske-ja-orn-puhastuskreem\\\/\",\"url\":\"https:\\\/\\\/tilk.bio\\\/et\\\/pood\\\/fresh-clean-varske-ja-orn-puhastuskreem\\\/\",\"name\":\"Fresh & Clean v\u00e4rske ja \u00f5rn probiootiline puhastuskreem n\u00e4ole\",\"isPartOf\":{\"@id\":\"https:\\\/\\\/tilk.bio\\\/et\\\/#website\"},\"primaryImageOfPage\":{\"@id\":\"https:\\\/\\\/tilk.bio\\\/et\\\/pood\\\/fresh-clean-varske-ja-orn-puhastuskreem\\\/#primaryimage\"},\"image\":{\"@id\":\"https:\\\/\\\/tilk.bio\\\/et\\\/pood\\\/fresh-clean-varske-ja-orn-puhastuskreem\\\/#primaryimage\"},\"thumbnailUrl\":\"https:\\\/\\\/tilk.bio\\\/wp-content\\\/uploads\\\/2020\\\/05\\\/freshclean1.jpg\",\"datePublished\":\"2020-05-12T22:56:03+00:00\",\"dateModified\":\"2026-04-20T13:30:04+00:00\",\"description\":\"Fresh & Clean on v\u00e4rske ja \u00f5rn puhastuskreem n\u00e4ole. Puhastuskreem eemaldab nahalt meigi, rasu ja mustuse. Puhastuskreemi probiootiline koostisosa niisutab.\",\"breadcrumb\":{\"@id\":\"https:\\\/\\\/tilk.bio\\\/et\\\/pood\\\/fresh-clean-varske-ja-orn-puhastuskreem\\\/#breadcrumb\"},\"inLanguage\":\"et\",\"potentialAction\":[{\"@type\":\"ReadAction\",\"target\":[\"https:\\\/\\\/tilk.bio\\\/et\\\/pood\\\/fresh-clean-varske-ja-orn-puhastuskreem\\\/\"]}]},{\"@type\":\"ImageObject\",\"inLanguage\":\"et\",\"@id\":\"https:\\\/\\\/tilk.bio\\\/et\\\/pood\\\/fresh-clean-varske-ja-orn-puhastuskreem\\\/#primaryimage\",\"url\":\"https:\\\/\\\/tilk.bio\\\/wp-content\\\/uploads\\\/2020\\\/05\\\/freshclean1.jpg\",\"contentUrl\":\"https:\\\/\\\/tilk.bio\\\/wp-content\\\/uploads\\\/2020\\\/05\\\/freshclean1.jpg\",\"width\":1200,\"height\":1200,\"caption\":\"Fresh&Clean - puhastuskreem n\u00e4ole\"},{\"@type\":\"BreadcrumbList\",\"@id\":\"https:\\\/\\\/tilk.bio\\\/et\\\/pood\\\/fresh-clean-varske-ja-orn-puhastuskreem\\\/#breadcrumb\",\"itemListElement\":[{\"@type\":\"ListItem\",\"position\":1,\"name\":\"Home\",\"item\":\"https:\\\/\\\/tilk.bio\\\/et\\\/\"},{\"@type\":\"ListItem\",\"position\":2,\"name\":\"Pood\",\"item\":\"https:\\\/\\\/tilk.bio\\\/et\\\/pood\\\/\"},{\"@type\":\"ListItem\",\"position\":3,\"name\":\"Fresh &#038; Clean v\u00e4rske ja \u00f5rn probiootiline puhastuskreem n\u00e4ole\"}]},{\"@type\":\"WebSite\",\"@id\":\"https:\\\/\\\/tilk.bio\\\/et\\\/#website\",\"url\":\"https:\\\/\\\/tilk.bio\\\/et\\\/\",\"name\":\"Tilk!\",\"description\":\"Keskkonnas\u00f5bralik ja j\u00e4tkusuutlik looduskosmeetika Saaremaalt.\",\"potentialAction\":[{\"@type\":\"SearchAction\",\"target\":{\"@type\":\"EntryPoint\",\"urlTemplate\":\"https:\\\/\\\/tilk.bio\\\/et\\\/?s={search_term_string}\"},\"query-input\":{\"@type\":\"PropertyValueSpecification\",\"valueRequired\":true,\"valueName\":\"search_term_string\"}}],\"inLanguage\":\"et\"}]}<\/script>\n<!-- \/ Yoast SEO plugin. -->","yoast_head_json":{"title":"Fresh & Clean v\u00e4rske ja \u00f5rn probiootiline puhastuskreem n\u00e4ole","description":"Fresh & Clean on v\u00e4rske ja \u00f5rn puhastuskreem n\u00e4ole. Puhastuskreem eemaldab nahalt meigi, rasu ja mustuse. Puhastuskreemi probiootiline koostisosa niisutab.","robots":{"index":"index","follow":"follow","max-snippet":"max-snippet:-1","max-image-preview":"max-image-preview:large","max-video-preview":"max-video-preview:-1"},"canonical":"https:\/\/tilk.bio\/et\/pood\/fresh-clean-varske-ja-orn-puhastuskreem\/","og_locale":"et_EE","og_type":"article","og_title":"Fresh & Clean v\u00e4rske ja \u00f5rn probiootiline puhastuskreem n\u00e4ole","og_description":"Fresh & Clean on v\u00e4rske ja \u00f5rn puhastuskreem n\u00e4ole. Puhastuskreem eemaldab nahalt meigi, rasu ja mustuse. Puhastuskreemi probiootiline koostisosa niisutab.","og_url":"https:\/\/tilk.bio\/et\/pood\/fresh-clean-varske-ja-orn-puhastuskreem\/","og_site_name":"Tilk!","article_publisher":"https:\/\/www.facebook.com\/tilk.bio\/","article_modified_time":"2026-04-20T13:30:04+00:00","og_image":[{"width":1200,"height":628,"url":"https:\/\/tilk.bio\/wp-content\/uploads\/2020\/05\/freshcleanx21200x628.png","type":"image\/png"}],"twitter_card":"summary_large_image","twitter_misc":{"Est. reading time":"2 minutit"},"schema":{"@context":"https:\/\/schema.org","@graph":[{"@type":"WebPage","@id":"https:\/\/tilk.bio\/et\/pood\/fresh-clean-varske-ja-orn-puhastuskreem\/","url":"https:\/\/tilk.bio\/et\/pood\/fresh-clean-varske-ja-orn-puhastuskreem\/","name":"Fresh & Clean v\u00e4rske ja \u00f5rn probiootiline puhastuskreem n\u00e4ole","isPartOf":{"@id":"https:\/\/tilk.bio\/et\/#website"},"primaryImageOfPage":{"@id":"https:\/\/tilk.bio\/et\/pood\/fresh-clean-varske-ja-orn-puhastuskreem\/#primaryimage"},"image":{"@id":"https:\/\/tilk.bio\/et\/pood\/fresh-clean-varske-ja-orn-puhastuskreem\/#primaryimage"},"thumbnailUrl":"https:\/\/tilk.bio\/wp-content\/uploads\/2020\/05\/freshclean1.jpg","datePublished":"2020-05-12T22:56:03+00:00","dateModified":"2026-04-20T13:30:04+00:00","description":"Fresh & Clean on v\u00e4rske ja \u00f5rn puhastuskreem n\u00e4ole. Puhastuskreem eemaldab nahalt meigi, rasu ja mustuse. Puhastuskreemi probiootiline koostisosa niisutab.","breadcrumb":{"@id":"https:\/\/tilk.bio\/et\/pood\/fresh-clean-varske-ja-orn-puhastuskreem\/#breadcrumb"},"inLanguage":"et","potentialAction":[{"@type":"ReadAction","target":["https:\/\/tilk.bio\/et\/pood\/fresh-clean-varske-ja-orn-puhastuskreem\/"]}]},{"@type":"ImageObject","inLanguage":"et","@id":"https:\/\/tilk.bio\/et\/pood\/fresh-clean-varske-ja-orn-puhastuskreem\/#primaryimage","url":"https:\/\/tilk.bio\/wp-content\/uploads\/2020\/05\/freshclean1.jpg","contentUrl":"https:\/\/tilk.bio\/wp-content\/uploads\/2020\/05\/freshclean1.jpg","width":1200,"height":1200,"caption":"Fresh&Clean - puhastuskreem n\u00e4ole"},{"@type":"BreadcrumbList","@id":"https:\/\/tilk.bio\/et\/pood\/fresh-clean-varske-ja-orn-puhastuskreem\/#breadcrumb","itemListElement":[{"@type":"ListItem","position":1,"name":"Home","item":"https:\/\/tilk.bio\/et\/"},{"@type":"ListItem","position":2,"name":"Pood","item":"https:\/\/tilk.bio\/et\/pood\/"},{"@type":"ListItem","position":3,"name":"Fresh &#038; Clean v\u00e4rske ja \u00f5rn probiootiline puhastuskreem n\u00e4ole"}]},{"@type":"WebSite","@id":"https:\/\/tilk.bio\/et\/#website","url":"https:\/\/tilk.bio\/et\/","name":"Tilk!","description":"Keskkonnas\u00f5bralik ja j\u00e4tkusuutlik looduskosmeetika Saaremaalt.","potentialAction":[{"@type":"SearchAction","target":{"@type":"EntryPoint","urlTemplate":"https:\/\/tilk.bio\/et\/?s={search_term_string}"},"query-input":{"@type":"PropertyValueSpecification","valueRequired":true,"valueName":"search_term_string"}}],"inLanguage":"et"}]}},"_links":{"self":[{"href":"https:\/\/tilk.bio\/et\/wp-json\/wp\/v2\/product\/51188","targetHints":{"allow":["GET"]}}],"collection":[{"href":"https:\/\/tilk.bio\/et\/wp-json\/wp\/v2\/product"}],"about":[{"href":"https:\/\/tilk.bio\/et\/wp-json\/wp\/v2\/types\/product"}],"replies":[{"embeddable":true,"href":"https:\/\/tilk.bio\/et\/wp-json\/wp\/v2\/comments?post=51188"}],"wp:featuredmedia":[{"embeddable":true,"href":"https:\/\/tilk.bio\/et\/wp-json\/wp\/v2\/media\/65032"}],"wp:attachment":[{"href":"https:\/\/tilk.bio\/et\/wp-json\/wp\/v2\/media?parent=51188"}],"wp:term":[{"taxonomy":"product_brand","embeddable":true,"href":"https:\/\/tilk.bio\/et\/wp-json\/wp\/v2\/product_brand?post=51188"},{"taxonomy":"product_cat","embeddable":true,"href":"https:\/\/tilk.bio\/et\/wp-json\/wp\/v2\/product_cat?post=51188"},{"taxonomy":"product_tag","embeddable":true,"href":"https:\/\/tilk.bio\/et\/wp-json\/wp\/v2\/product_tag?post=51188"}],"curies":[{"name":"wp","href":"https:\/\/api.w.org\/{rel}","templated":true}]}}