{"id":51405,"date":"2020-05-30T08:37:17","date_gmt":"2020-05-30T08:37:17","guid":{"rendered":"https:\/\/tilk.bio\/shop\/ergutav-scrub-me-naokoorija-teepuuga\/"},"modified":"2026-04-11T21:15:04","modified_gmt":"2026-04-11T18:15:04","slug":"ergutav-scrub-me-naokoorija-teepuuga","status":"publish","type":"product","link":"https:\/\/tilk.bio\/et\/pood\/ergutav-scrub-me-naokoorija-teepuuga\/","title":{"rendered":"Scrub Me ergutav n\u00e4okoorija teepuu\u00f5liga"},"content":{"rendered":"<p>Teepuu\u00f5liga Scrub Me v\u00e4rskendav n\u00e4okoorija hooldab nahka ning selles sisalduv teepuu\u00f5li omab suurep\u00e4rast antibakteriaalset toimet, andes koorijale puhastava efekti. Koorija aitab naharakkudel uueneda ja t\u00e4nu oma rikkalikule koostisele pakub see nahale s\u00fcgavat niisutust. See on parim n\u00e4okoorija nii normaalsele kui probleemsele nahale.<\/p>\n<p>N\u00e4okoorija koostises olev aprikoosituumapulber aitab liigselt nahka kahjustamata ja \u00f5rnalt koorides eemaldada vanad naharakud. Kastoor\u00f5li sisaldab rikkalikult ritsinoolhapet, mis on suurep\u00e4rane naha niisutaja. \u00d5li aitab ka stimuleerida kollageeni ja elastiini tootmist, mis pehmendavad ja niisutavad nahka. Samuti leevendab see erinevaid nahaprobleeme ja \u00e4rritusi. Kookos\u00f5li niisutab ja muudab naha elastseks ning v\u00e4hendab naha\u00e4rritusi. Saialille ja p\u00f5ldosja bioaktiivsed koostisosad rahustavad ja tugevdavad naha struktuuri. P\u00f5ldosi pakub nahale ka p\u00f5hjalikku puhastust j\u00e4\u00e4kainetest ja pooridesse kogunenud mustusest. N\u00e4okoorijale on iseloomulik teepuu l\u00f5hn.<\/p>\n<p><strong>Kasutamine:<\/strong> N\u00e4okoorija looduslikud toimeained on naha vastu \u00f5rnad ja seet\u00f5ttu v\u00f5ib seda vastavalt vajadusele kasutada mitu korda n\u00e4dalas. Kanna see \u00f5rnalt niiskele nahale, masseerides nahka ringjate liigutustega ning loputa leige veega. Peale koorimist v\u00f5ib nahka poputada ka niisutava n\u00e4omaskiga, proovi n\u00e4iteks maski <a href=\"https:\/\/tilk.bio\/et\/pood\/turba-naomask-probleemse-naha-ja-akne-jaoks\/\"><strong>Detox Me<\/strong><\/a>.<\/p>\n<p>K\u00f5ik koorija koostisosad on looduslikku p\u00e4ritolu ning vegan. Koorija loomisel on kasutatud Saaremaalt k\u00e4sitsi korjatud taimede \u00f5lisid.<\/p>\n<p>Hoiustamine: Hoiusta n\u00e4okoorijat toatemperatuuril.<\/p>\n<p>Kogus: 10ml\/50ml<\/p>\n<p><a ref=\"magnificPopup\" href=\"https:\/\/tilk.bio\/wp-content\/uploads\/2016\/01\/Vegan_sign-07.png\"><img loading=\"lazy\" decoding=\"async\" class=\"alignnone wp-image-17806\" src=\"https:\/\/tilk.bio\/wp-content\/uploads\/2016\/01\/Vegan_sign-07.png\" alt=\"\" width=\"82\" height=\"82\" srcset=\"https:\/\/tilk.bio\/wp-content\/uploads\/2016\/01\/Vegan_sign-07.png 165w, https:\/\/tilk.bio\/wp-content\/uploads\/2016\/01\/Vegan_sign-07-150x150.png 150w\" sizes=\"auto, (max-width: 82px) 100vw, 82px\" \/> <\/a><\/p>\n<p><span class=\"\">\u00a0<\/span><\/p>\n<p>Loe l\u00e4hemalt: <a href=\"https:\/\/tilk.bio\/et\/5-praktilist-sammu-kuidas-teha-spaa-tasemel-loogastavat-naohooldust-enda-kodus\/\" target=\"_blank\" rel=\"noopener noreferrer\"><strong>7 praktilist sammu, kuidas teha Spaa tasemel l\u00f5\u00f5gastavat n\u00e4ohooldust enda kodus<\/strong><\/a><\/p>\n<p><a ref=\"magnificPopup\" href=\"https:\/\/tilk.bio\/wp-content\/uploads\/2020\/05\/Kati5-1024x768.jpg\"><img loading=\"lazy\" decoding=\"async\" class=\"alignnone wp-image-52638 size-medium\" src=\"https:\/\/tilk.bio\/wp-content\/uploads\/2020\/05\/Kati5-300x225.jpg\" alt=\"\" width=\"300\" height=\"225\" srcset=\"https:\/\/tilk.bio\/wp-content\/uploads\/2020\/05\/Kati5-300x225.jpg 300w, https:\/\/tilk.bio\/wp-content\/uploads\/2020\/05\/Kati5-1000x750.jpg 1000w, https:\/\/tilk.bio\/wp-content\/uploads\/2020\/05\/Kati5-1024x768.jpg 1024w, https:\/\/tilk.bio\/wp-content\/uploads\/2020\/05\/Kati5-768x576.jpg 768w, https:\/\/tilk.bio\/wp-content\/uploads\/2020\/05\/Kati5-430x323.jpg 430w, https:\/\/tilk.bio\/wp-content\/uploads\/2020\/05\/Kati5-860x645.jpg 860w, https:\/\/tilk.bio\/wp-content\/uploads\/2020\/05\/Kati5.jpg 1200w\" sizes=\"auto, (max-width: 300px) 100vw, 300px\" \/><\/a><\/p>\n","protected":false},"excerpt":{"rendered":"<p>Teepuu\u00f5liga Scrub Me v\u00e4rskendav n\u00e4okoorija hooldab nahka ning selles sisalduv teepuu\u00f5li omab suurep\u00e4rast antibakteriaalset toimet, andes koorijale puhastava efekti. Koorija aitab naharakkudel uueneda ja t\u00e4nu oma rikkalikule koostisele pakub see nahale s\u00fcgavat niisutust. See on parim n\u00e4okoorija nii normaalsele kui probleemsele nahale. N\u00e4okoorija koostises olev aprikoosituumapulber aitab liigselt nahka kahjustamata ja \u00f5rnalt koorides eemaldada vanad&#8230;<\/p>\n","protected":false},"featured_media":67357,"comment_status":"open","ping_status":"closed","template":"","meta":{"_acf_changed":false},"product_brand":[],"product_cat":[604,687,389,511,692,691,713],"product_tag":[571,556,558],"class_list":{"0":"post-51405","1":"product","2":"type-product","3":"status-publish","4":"has-post-thumbnail","6":"product_cat-naokoorijad","7":"product_cat-akne-ja-rasune-nahk","8":"product_cat-koik-tooted","9":"product_cat-naohooldus","10":"product_cat-normaalne-ja-kombineeritud-nahk","11":"product_cat-tekstuuri-ja-tooniprobleemidega-nahk","12":"product_cat-tilk-herbal-et","13":"product_tag-julmusevaba-et","14":"product_tag-palmiolivaba","15":"product_tag-vegan-et","17":"first","18":"instock","19":"taxable","20":"shipping-taxable","21":"purchasable","22":"product-type-variable"},"acf":[],"yoast_head":"<!-- This site is optimized with the Yoast SEO plugin v27.3 - https:\/\/yoast.com\/product\/yoast-seo-wordpress\/ -->\n<title>Parim n\u00e4okoorija teepuuga rasusele nahale<\/title>\n<meta name=\"description\" content=\"See on parim n\u00e4okoorija teepuu\u00f5liga hooldab nahka ning selles sisalduv teepuu\u00f5li omab suurep\u00e4rast antibakteriaalset toimet.\" \/>\n<meta name=\"robots\" content=\"index, follow, max-snippet:-1, max-image-preview:large, max-video-preview:-1\" \/>\n<link rel=\"canonical\" href=\"https:\/\/tilk.bio\/et\/pood\/ergutav-scrub-me-naokoorija-teepuuga\/\" \/>\n<meta property=\"og:locale\" content=\"et_EE\" \/>\n<meta property=\"og:type\" content=\"article\" \/>\n<meta property=\"og:title\" content=\"Parim n\u00e4okoorija teepuuga rasusele nahale\" \/>\n<meta property=\"og:description\" content=\"See on parim n\u00e4okoorija teepuu\u00f5liga hooldab nahka ning selles sisalduv teepuu\u00f5li omab suurep\u00e4rast antibakteriaalset toimet.\" \/>\n<meta property=\"og:url\" content=\"https:\/\/tilk.bio\/et\/pood\/ergutav-scrub-me-naokoorija-teepuuga\/\" \/>\n<meta property=\"og:site_name\" content=\"Tilk!\" \/>\n<meta property=\"article:publisher\" content=\"https:\/\/www.facebook.com\/tilk.bio\/\" \/>\n<meta property=\"article:modified_time\" content=\"2026-04-11T18:15:04+00:00\" \/>\n<meta property=\"og:image\" content=\"https:\/\/tilk.bio\/wp-content\/uploads\/2020\/05\/2.jpg\" \/>\n\t<meta property=\"og:image:width\" content=\"1200\" \/>\n\t<meta property=\"og:image:height\" content=\"1200\" \/>\n\t<meta property=\"og:image:type\" content=\"image\/jpeg\" \/>\n<meta name=\"twitter:card\" content=\"summary_large_image\" \/>\n<meta name=\"twitter:label1\" content=\"Est. reading time\" \/>\n\t<meta name=\"twitter:data1\" content=\"2 minutit\" \/>\n<script type=\"application\/ld+json\" class=\"yoast-schema-graph\">{\"@context\":\"https:\\\/\\\/schema.org\",\"@graph\":[{\"@type\":\"WebPage\",\"@id\":\"https:\\\/\\\/tilk.bio\\\/et\\\/pood\\\/ergutav-scrub-me-naokoorija-teepuuga\\\/\",\"url\":\"https:\\\/\\\/tilk.bio\\\/et\\\/pood\\\/ergutav-scrub-me-naokoorija-teepuuga\\\/\",\"name\":\"Parim n\u00e4okoorija teepuuga rasusele nahale\",\"isPartOf\":{\"@id\":\"https:\\\/\\\/tilk.bio\\\/et\\\/#website\"},\"primaryImageOfPage\":{\"@id\":\"https:\\\/\\\/tilk.bio\\\/et\\\/pood\\\/ergutav-scrub-me-naokoorija-teepuuga\\\/#primaryimage\"},\"image\":{\"@id\":\"https:\\\/\\\/tilk.bio\\\/et\\\/pood\\\/ergutav-scrub-me-naokoorija-teepuuga\\\/#primaryimage\"},\"thumbnailUrl\":\"https:\\\/\\\/tilk.bio\\\/wp-content\\\/uploads\\\/2020\\\/05\\\/2.jpg\",\"datePublished\":\"2020-05-30T08:37:17+00:00\",\"dateModified\":\"2026-04-11T18:15:04+00:00\",\"description\":\"See on parim n\u00e4okoorija teepuu\u00f5liga hooldab nahka ning selles sisalduv teepuu\u00f5li omab suurep\u00e4rast antibakteriaalset toimet.\",\"breadcrumb\":{\"@id\":\"https:\\\/\\\/tilk.bio\\\/et\\\/pood\\\/ergutav-scrub-me-naokoorija-teepuuga\\\/#breadcrumb\"},\"inLanguage\":\"et\",\"potentialAction\":[{\"@type\":\"ReadAction\",\"target\":[\"https:\\\/\\\/tilk.bio\\\/et\\\/pood\\\/ergutav-scrub-me-naokoorija-teepuuga\\\/\"]}]},{\"@type\":\"ImageObject\",\"inLanguage\":\"et\",\"@id\":\"https:\\\/\\\/tilk.bio\\\/et\\\/pood\\\/ergutav-scrub-me-naokoorija-teepuuga\\\/#primaryimage\",\"url\":\"https:\\\/\\\/tilk.bio\\\/wp-content\\\/uploads\\\/2020\\\/05\\\/2.jpg\",\"contentUrl\":\"https:\\\/\\\/tilk.bio\\\/wp-content\\\/uploads\\\/2020\\\/05\\\/2.jpg\",\"width\":1200,\"height\":1200},{\"@type\":\"BreadcrumbList\",\"@id\":\"https:\\\/\\\/tilk.bio\\\/et\\\/pood\\\/ergutav-scrub-me-naokoorija-teepuuga\\\/#breadcrumb\",\"itemListElement\":[{\"@type\":\"ListItem\",\"position\":1,\"name\":\"Home\",\"item\":\"https:\\\/\\\/tilk.bio\\\/et\\\/\"},{\"@type\":\"ListItem\",\"position\":2,\"name\":\"Pood\",\"item\":\"https:\\\/\\\/tilk.bio\\\/et\\\/pood\\\/\"},{\"@type\":\"ListItem\",\"position\":3,\"name\":\"Scrub Me ergutav n\u00e4okoorija teepuu\u00f5liga\"}]},{\"@type\":\"WebSite\",\"@id\":\"https:\\\/\\\/tilk.bio\\\/et\\\/#website\",\"url\":\"https:\\\/\\\/tilk.bio\\\/et\\\/\",\"name\":\"Tilk!\",\"description\":\"Keskkonnas\u00f5bralik ja j\u00e4tkusuutlik looduskosmeetika Saaremaalt.\",\"potentialAction\":[{\"@type\":\"SearchAction\",\"target\":{\"@type\":\"EntryPoint\",\"urlTemplate\":\"https:\\\/\\\/tilk.bio\\\/et\\\/?s={search_term_string}\"},\"query-input\":{\"@type\":\"PropertyValueSpecification\",\"valueRequired\":true,\"valueName\":\"search_term_string\"}}],\"inLanguage\":\"et\"}]}<\/script>\n<!-- \/ Yoast SEO plugin. -->","yoast_head_json":{"title":"Parim n\u00e4okoorija teepuuga rasusele nahale","description":"See on parim n\u00e4okoorija teepuu\u00f5liga hooldab nahka ning selles sisalduv teepuu\u00f5li omab suurep\u00e4rast antibakteriaalset toimet.","robots":{"index":"index","follow":"follow","max-snippet":"max-snippet:-1","max-image-preview":"max-image-preview:large","max-video-preview":"max-video-preview:-1"},"canonical":"https:\/\/tilk.bio\/et\/pood\/ergutav-scrub-me-naokoorija-teepuuga\/","og_locale":"et_EE","og_type":"article","og_title":"Parim n\u00e4okoorija teepuuga rasusele nahale","og_description":"See on parim n\u00e4okoorija teepuu\u00f5liga hooldab nahka ning selles sisalduv teepuu\u00f5li omab suurep\u00e4rast antibakteriaalset toimet.","og_url":"https:\/\/tilk.bio\/et\/pood\/ergutav-scrub-me-naokoorija-teepuuga\/","og_site_name":"Tilk!","article_publisher":"https:\/\/www.facebook.com\/tilk.bio\/","article_modified_time":"2026-04-11T18:15:04+00:00","og_image":[{"width":1200,"height":1200,"url":"https:\/\/tilk.bio\/wp-content\/uploads\/2020\/05\/2.jpg","type":"image\/jpeg"}],"twitter_card":"summary_large_image","twitter_misc":{"Est. reading time":"2 minutit"},"schema":{"@context":"https:\/\/schema.org","@graph":[{"@type":"WebPage","@id":"https:\/\/tilk.bio\/et\/pood\/ergutav-scrub-me-naokoorija-teepuuga\/","url":"https:\/\/tilk.bio\/et\/pood\/ergutav-scrub-me-naokoorija-teepuuga\/","name":"Parim n\u00e4okoorija teepuuga rasusele nahale","isPartOf":{"@id":"https:\/\/tilk.bio\/et\/#website"},"primaryImageOfPage":{"@id":"https:\/\/tilk.bio\/et\/pood\/ergutav-scrub-me-naokoorija-teepuuga\/#primaryimage"},"image":{"@id":"https:\/\/tilk.bio\/et\/pood\/ergutav-scrub-me-naokoorija-teepuuga\/#primaryimage"},"thumbnailUrl":"https:\/\/tilk.bio\/wp-content\/uploads\/2020\/05\/2.jpg","datePublished":"2020-05-30T08:37:17+00:00","dateModified":"2026-04-11T18:15:04+00:00","description":"See on parim n\u00e4okoorija teepuu\u00f5liga hooldab nahka ning selles sisalduv teepuu\u00f5li omab suurep\u00e4rast antibakteriaalset toimet.","breadcrumb":{"@id":"https:\/\/tilk.bio\/et\/pood\/ergutav-scrub-me-naokoorija-teepuuga\/#breadcrumb"},"inLanguage":"et","potentialAction":[{"@type":"ReadAction","target":["https:\/\/tilk.bio\/et\/pood\/ergutav-scrub-me-naokoorija-teepuuga\/"]}]},{"@type":"ImageObject","inLanguage":"et","@id":"https:\/\/tilk.bio\/et\/pood\/ergutav-scrub-me-naokoorija-teepuuga\/#primaryimage","url":"https:\/\/tilk.bio\/wp-content\/uploads\/2020\/05\/2.jpg","contentUrl":"https:\/\/tilk.bio\/wp-content\/uploads\/2020\/05\/2.jpg","width":1200,"height":1200},{"@type":"BreadcrumbList","@id":"https:\/\/tilk.bio\/et\/pood\/ergutav-scrub-me-naokoorija-teepuuga\/#breadcrumb","itemListElement":[{"@type":"ListItem","position":1,"name":"Home","item":"https:\/\/tilk.bio\/et\/"},{"@type":"ListItem","position":2,"name":"Pood","item":"https:\/\/tilk.bio\/et\/pood\/"},{"@type":"ListItem","position":3,"name":"Scrub Me ergutav n\u00e4okoorija teepuu\u00f5liga"}]},{"@type":"WebSite","@id":"https:\/\/tilk.bio\/et\/#website","url":"https:\/\/tilk.bio\/et\/","name":"Tilk!","description":"Keskkonnas\u00f5bralik ja j\u00e4tkusuutlik looduskosmeetika Saaremaalt.","potentialAction":[{"@type":"SearchAction","target":{"@type":"EntryPoint","urlTemplate":"https:\/\/tilk.bio\/et\/?s={search_term_string}"},"query-input":{"@type":"PropertyValueSpecification","valueRequired":true,"valueName":"search_term_string"}}],"inLanguage":"et"}]}},"_links":{"self":[{"href":"https:\/\/tilk.bio\/et\/wp-json\/wp\/v2\/product\/51405","targetHints":{"allow":["GET"]}}],"collection":[{"href":"https:\/\/tilk.bio\/et\/wp-json\/wp\/v2\/product"}],"about":[{"href":"https:\/\/tilk.bio\/et\/wp-json\/wp\/v2\/types\/product"}],"replies":[{"embeddable":true,"href":"https:\/\/tilk.bio\/et\/wp-json\/wp\/v2\/comments?post=51405"}],"wp:featuredmedia":[{"embeddable":true,"href":"https:\/\/tilk.bio\/et\/wp-json\/wp\/v2\/media\/67357"}],"wp:attachment":[{"href":"https:\/\/tilk.bio\/et\/wp-json\/wp\/v2\/media?parent=51405"}],"wp:term":[{"taxonomy":"product_brand","embeddable":true,"href":"https:\/\/tilk.bio\/et\/wp-json\/wp\/v2\/product_brand?post=51405"},{"taxonomy":"product_cat","embeddable":true,"href":"https:\/\/tilk.bio\/et\/wp-json\/wp\/v2\/product_cat?post=51405"},{"taxonomy":"product_tag","embeddable":true,"href":"https:\/\/tilk.bio\/et\/wp-json\/wp\/v2\/product_tag?post=51405"}],"curies":[{"name":"wp","href":"https:\/\/api.w.org\/{rel}","templated":true}]}}