{"id":51508,"date":"2020-06-08T13:37:27","date_gmt":"2020-06-08T13:37:27","guid":{"rendered":"https:\/\/tilk.bio\/shop\/noorendav-naokreem-kortslehe-ja-hualuroonhappega\/"},"modified":"2026-04-21T11:00:08","modified_gmt":"2026-04-21T08:00:08","slug":"noorendav-naokreem-kortslehe-ja-hualuroonhappega-blossom-me","status":"publish","type":"product","link":"https:\/\/tilk.bio\/et\/pood\/noorendav-naokreem-kortslehe-ja-hualuroonhappega-blossom-me\/","title":{"rendered":"Blossom Me noorendav n\u00e4okreem kortslehe ja h\u00fcaluroonhappega"},"content":{"rendered":"<p>AUHINNATUD<\/p>\n<p>Blossom Me on nahka noorendav ja toitev <a href=\"https:\/\/tilk.bio\/et\/tootekategooria\/naohooldus\/naokreem\/\">p\u00e4evakreem<\/a>. H\u00fcaluroonhappe n\u00e4okreem on paljude lemmik, kuna selles sisalduv <a href=\"https:\/\/tilk.bio\/et\/tootekategooria\/koostisosad\/hualuroonhape\/\">h\u00fcaluroonhape<\/a> annab nahale kauni jume ja s\u00e4ra. Kreemi soovitame kasutada kuiva naha puhul ja enneagsete vananemisilmingute ennetamiseks.<\/p>\n<p>Kreemi koostises on rikkaliku koostisega antioks\u00fcdantiderikas kortslehe ja salvei ekstrakt, millel on nahka noorendavad ja rahustavad omadused. Kortslehte on juba iidsetest aegadest peetud kauni naha ja nooruse allikaks. Selles sisalduvad antioks\u00fcdandid aitavad v\u00f5idelda vabade radikaalidega ja muudavad naha elastseks ning kauniks. Kortslehest valmistatud taimeeliksiiril on nahapoore ahendav toime ja see muudab naha siledaks. Salvei bioaktiivsed koostisosad rahustavad \u00e4rritunud nahka ja v\u00e4hendavad punetust ning antioks\u00fcdandid aitavad s\u00e4ilitada naha nooruslikkust.<\/p>\n<p>Blossom me kreemis sisalduv h\u00fcaluroonhape on suurep\u00e4rane niisutaja ning naharakkudesse hapniku ja toitainete transportija. H\u00fcaluroonhape osaleb ka kollageeni moodustamisel, muudab naha elastseks ja aitab siluda kortsukesi. K\u00f5rvitsaseemne\u00f5lis sisalduvad antioks\u00fcdandid ja vitamiinid kaitsevad nahka vananemise eest ning aitavad samuti v\u00e4hendada kortsude teket. Kreemi koostises on ka vitamiinirikas argaania\u00f5li, mis t\u00e4nu E-vitamiini ja kasulike rasvhapete rohkusele m\u00f5jub niisutavalt ja v\u00e4hendab ka kuiva naha punetust ning \u00e4rritust. Bioaktiivsed koostisosad kibuvitsa-, nisuidu- ja jojoba \u00f5list niisutavad, elustavad, toniseerivad ning taastavad nahka. Neis peituvad antioks\u00fcdandid parandavad naha tekstuuri, muutes selle pehmeks ja elastseks. Kibuvitsaseemne\u00f5lis sisalduvad rasvhapped ning A-vitamiin on olulised naha tekstuuri ja jume parandamisel. Kreemi aroomis on segunenud lavendel, viiruk ja Ylang ylang.<\/p>\n<h6><strong>N\u00e4okreem &#8211; kasutamine:<\/strong><\/h6>\n<p>Kanna p\u00e4evakreem n\u00e4ole peale hommikust n\u00e4o puhastamist. Noorendav ja toitev kreem on hea kuiva ja vananemisilmingutega naha niisutamiseks. \u00d6\u00f6kreemina v\u00f5ib n\u00e4ohooldust t\u00e4iendada <strong><a href=\"https:\/\/tilk.bio\/et\/pood\/spoon-me-ookreem\/\">Spoon Me<\/a><\/strong>.<\/p>\n<p>Kreemi koostisosad on looduslikku p\u00e4ritolu ja vegan. N\u00e4okreemi loomisel on kasutatud Saaremaalt k\u00e4sitsi korjatud taimede \u00f5lisid.<\/p>\n<p>Hoiustamine: Hoiusta n\u00e4okreemi toatemperatuuril.<\/p>\n<p>Kogus: 10ml\/50ml<\/p>\n<p><a ref=\"magnificPopup\" href=\"https:\/\/tilk.bio\/wp-content\/uploads\/2016\/01\/Vegan_sign-07.png\"><img loading=\"lazy\" decoding=\"async\" class=\"alignnone wp-image-17806\" src=\"https:\/\/tilk.bio\/wp-content\/uploads\/2016\/01\/Vegan_sign-07.png\" alt=\"\" width=\"83\" height=\"83\" srcset=\"https:\/\/tilk.bio\/wp-content\/uploads\/2016\/01\/Vegan_sign-07.png 165w, https:\/\/tilk.bio\/wp-content\/uploads\/2016\/01\/Vegan_sign-07-150x150.png 150w\" sizes=\"auto, (max-width: 83px) 100vw, 83px\" \/><\/a><\/p>\n<p>Loe l\u00e4hemalt: <a href=\"https:\/\/tilk.bio\/et\/5-praktilist-sammu-kuidas-teha-spaa-tasemel-loogastavat-naohooldust-enda-kodus\/\" target=\"_blank\" rel=\"noopener noreferrer\"><strong>7 praktilist sammu, kuidas teha Spaa tasemel l\u00f5\u00f5gastavat n\u00e4ohooldust enda kodus<\/strong><\/a><\/p>\n<p><a ref=\"magnificPopup\" href=\"https:\/\/tilk.bio\/wp-content\/uploads\/2019\/08\/Kati11-1024x768.jpg\"><img loading=\"lazy\" decoding=\"async\" class=\"alignnone wp-image-52622 size-medium\" src=\"https:\/\/tilk.bio\/wp-content\/uploads\/2019\/08\/Kati11-300x225.jpg\" alt=\"\" width=\"300\" height=\"225\" srcset=\"https:\/\/tilk.bio\/wp-content\/uploads\/2019\/08\/Kati11-300x225.jpg 300w, https:\/\/tilk.bio\/wp-content\/uploads\/2019\/08\/Kati11-1000x750.jpg 1000w, https:\/\/tilk.bio\/wp-content\/uploads\/2019\/08\/Kati11-1024x768.jpg 1024w, https:\/\/tilk.bio\/wp-content\/uploads\/2019\/08\/Kati11-768x576.jpg 768w, https:\/\/tilk.bio\/wp-content\/uploads\/2019\/08\/Kati11-430x323.jpg 430w, https:\/\/tilk.bio\/wp-content\/uploads\/2019\/08\/Kati11-860x645.jpg 860w, https:\/\/tilk.bio\/wp-content\/uploads\/2019\/08\/Kati11.jpg 1200w\" sizes=\"auto, (max-width: 300px) 100vw, 300px\" \/><\/a><\/p>\n","protected":false},"excerpt":{"rendered":"<p>AUHINNATUD Blossom Me on nahka noorendav ja toitev p\u00e4evakreem. H\u00fcaluroonhappe n\u00e4okreem on paljude lemmik, kuna selles sisalduv h\u00fcaluroonhape annab nahale kauni jume ja s\u00e4ra. Kreemi soovitame kasutada kuiva naha puhul ja enneagsete vananemisilmingute ennetamiseks. Kreemi koostises on rikkaliku koostisega antioks\u00fcdantiderikas kortslehe ja salvei ekstrakt, millel on nahka noorendavad ja rahustavad omadused. Kortslehte on juba iidsetest&#8230;<\/p>\n","protected":false},"featured_media":71253,"comment_status":"open","ping_status":"closed","template":"","meta":{"_acf_changed":false},"product_brand":[],"product_cat":[585,494,871,389,689,511,692,691,713,690,688],"product_tag":[557,571,556,558],"class_list":{"0":"post-51508","1":"product","2":"type-product","3":"status-publish","4":"has-post-thumbnail","6":"product_cat-naokreem","7":"product_cat-klientide-lemmikud","8":"product_cat-hualuroonhape","9":"product_cat-koik-tooted","10":"product_cat-kuiv-nahk","11":"product_cat-naohooldus","12":"product_cat-normaalne-ja-kombineeritud-nahk","13":"product_cat-tekstuuri-ja-tooniprobleemidega-nahk","14":"product_cat-tilk-herbal-et","15":"product_cat-tundlik-nahk","16":"product_cat-vananemisilmingutega-nahk","17":"product_tag-jatkusuutlik","18":"product_tag-julmusevaba-et","19":"product_tag-palmiolivaba","20":"product_tag-vegan-et","22":"first","23":"instock","24":"taxable","25":"shipping-taxable","26":"purchasable","27":"product-type-variable"},"acf":[],"yoast_head":"<!-- This site is optimized with the Yoast SEO plugin v27.4 - https:\/\/yoast.com\/product\/yoast-seo-wordpress\/ -->\n<title>Blossom Me noorendav h\u00fcaluroonhappe n\u00e4okreem kortslehega<\/title>\n<meta name=\"description\" content=\"Blossom Me on nahka noorendav ja toitev p\u00e4evakreem. H\u00fcaluroonhappe n\u00e4okreem annab nahale kauni jume ja s\u00e4ra ning muudab naha nooruslikuks.\" \/>\n<meta name=\"robots\" content=\"index, follow, max-snippet:-1, max-image-preview:large, max-video-preview:-1\" \/>\n<link rel=\"canonical\" href=\"https:\/\/tilk.bio\/et\/pood\/noorendav-naokreem-kortslehe-ja-hualuroonhappega-blossom-me\/\" \/>\n<meta property=\"og:locale\" content=\"et_EE\" \/>\n<meta property=\"og:type\" content=\"article\" \/>\n<meta property=\"og:title\" content=\"Blossom Me noorendav h\u00fcaluroonhappe n\u00e4okreem kortslehega\" \/>\n<meta property=\"og:description\" content=\"Blossom Me on nahka noorendav ja toitev p\u00e4evakreem. H\u00fcaluroonhappe n\u00e4okreem annab nahale kauni jume ja s\u00e4ra ning muudab naha nooruslikuks.\" \/>\n<meta property=\"og:url\" content=\"https:\/\/tilk.bio\/et\/pood\/noorendav-naokreem-kortslehe-ja-hualuroonhappega-blossom-me\/\" \/>\n<meta property=\"og:site_name\" content=\"Tilk!\" \/>\n<meta property=\"article:publisher\" content=\"https:\/\/www.facebook.com\/tilk.bio\/\" \/>\n<meta property=\"article:modified_time\" content=\"2026-04-21T08:00:08+00:00\" \/>\n<meta property=\"og:image\" content=\"https:\/\/tilk.bio\/wp-content\/uploads\/2020\/06\/blossom1200x628-1.png\" \/>\n\t<meta property=\"og:image:width\" content=\"1200\" \/>\n\t<meta property=\"og:image:height\" content=\"628\" \/>\n\t<meta property=\"og:image:type\" content=\"image\/png\" \/>\n<meta name=\"twitter:card\" content=\"summary_large_image\" \/>\n<meta name=\"twitter:label1\" content=\"Est. reading time\" \/>\n\t<meta name=\"twitter:data1\" content=\"2 minutit\" \/>\n<script type=\"application\/ld+json\" class=\"yoast-schema-graph\">{\"@context\":\"https:\\\/\\\/schema.org\",\"@graph\":[{\"@type\":\"WebPage\",\"@id\":\"https:\\\/\\\/tilk.bio\\\/et\\\/pood\\\/noorendav-naokreem-kortslehe-ja-hualuroonhappega-blossom-me\\\/\",\"url\":\"https:\\\/\\\/tilk.bio\\\/et\\\/pood\\\/noorendav-naokreem-kortslehe-ja-hualuroonhappega-blossom-me\\\/\",\"name\":\"Blossom Me noorendav h\u00fcaluroonhappe n\u00e4okreem kortslehega\",\"isPartOf\":{\"@id\":\"https:\\\/\\\/tilk.bio\\\/et\\\/#website\"},\"primaryImageOfPage\":{\"@id\":\"https:\\\/\\\/tilk.bio\\\/et\\\/pood\\\/noorendav-naokreem-kortslehe-ja-hualuroonhappega-blossom-me\\\/#primaryimage\"},\"image\":{\"@id\":\"https:\\\/\\\/tilk.bio\\\/et\\\/pood\\\/noorendav-naokreem-kortslehe-ja-hualuroonhappega-blossom-me\\\/#primaryimage\"},\"thumbnailUrl\":\"https:\\\/\\\/tilk.bio\\\/wp-content\\\/uploads\\\/2020\\\/06\\\/Untitled-design-58.jpg\",\"datePublished\":\"2020-06-08T13:37:27+00:00\",\"dateModified\":\"2026-04-21T08:00:08+00:00\",\"description\":\"Blossom Me on nahka noorendav ja toitev p\u00e4evakreem. H\u00fcaluroonhappe n\u00e4okreem annab nahale kauni jume ja s\u00e4ra ning muudab naha nooruslikuks.\",\"breadcrumb\":{\"@id\":\"https:\\\/\\\/tilk.bio\\\/et\\\/pood\\\/noorendav-naokreem-kortslehe-ja-hualuroonhappega-blossom-me\\\/#breadcrumb\"},\"inLanguage\":\"et\",\"potentialAction\":[{\"@type\":\"ReadAction\",\"target\":[\"https:\\\/\\\/tilk.bio\\\/et\\\/pood\\\/noorendav-naokreem-kortslehe-ja-hualuroonhappega-blossom-me\\\/\"]}]},{\"@type\":\"ImageObject\",\"inLanguage\":\"et\",\"@id\":\"https:\\\/\\\/tilk.bio\\\/et\\\/pood\\\/noorendav-naokreem-kortslehe-ja-hualuroonhappega-blossom-me\\\/#primaryimage\",\"url\":\"https:\\\/\\\/tilk.bio\\\/wp-content\\\/uploads\\\/2020\\\/06\\\/Untitled-design-58.jpg\",\"contentUrl\":\"https:\\\/\\\/tilk.bio\\\/wp-content\\\/uploads\\\/2020\\\/06\\\/Untitled-design-58.jpg\",\"width\":1200,\"height\":1200,\"caption\":\"Blossom Me\"},{\"@type\":\"BreadcrumbList\",\"@id\":\"https:\\\/\\\/tilk.bio\\\/et\\\/pood\\\/noorendav-naokreem-kortslehe-ja-hualuroonhappega-blossom-me\\\/#breadcrumb\",\"itemListElement\":[{\"@type\":\"ListItem\",\"position\":1,\"name\":\"Home\",\"item\":\"https:\\\/\\\/tilk.bio\\\/et\\\/\"},{\"@type\":\"ListItem\",\"position\":2,\"name\":\"Pood\",\"item\":\"https:\\\/\\\/tilk.bio\\\/et\\\/pood\\\/\"},{\"@type\":\"ListItem\",\"position\":3,\"name\":\"Blossom Me noorendav n\u00e4okreem kortslehe ja h\u00fcaluroonhappega\"}]},{\"@type\":\"WebSite\",\"@id\":\"https:\\\/\\\/tilk.bio\\\/et\\\/#website\",\"url\":\"https:\\\/\\\/tilk.bio\\\/et\\\/\",\"name\":\"Tilk!\",\"description\":\"Keskkonnas\u00f5bralik ja j\u00e4tkusuutlik looduskosmeetika Saaremaalt.\",\"potentialAction\":[{\"@type\":\"SearchAction\",\"target\":{\"@type\":\"EntryPoint\",\"urlTemplate\":\"https:\\\/\\\/tilk.bio\\\/et\\\/?s={search_term_string}\"},\"query-input\":{\"@type\":\"PropertyValueSpecification\",\"valueRequired\":true,\"valueName\":\"search_term_string\"}}],\"inLanguage\":\"et\"}]}<\/script>\n<!-- \/ Yoast SEO plugin. -->","yoast_head_json":{"title":"Blossom Me noorendav h\u00fcaluroonhappe n\u00e4okreem kortslehega","description":"Blossom Me on nahka noorendav ja toitev p\u00e4evakreem. H\u00fcaluroonhappe n\u00e4okreem annab nahale kauni jume ja s\u00e4ra ning muudab naha nooruslikuks.","robots":{"index":"index","follow":"follow","max-snippet":"max-snippet:-1","max-image-preview":"max-image-preview:large","max-video-preview":"max-video-preview:-1"},"canonical":"https:\/\/tilk.bio\/et\/pood\/noorendav-naokreem-kortslehe-ja-hualuroonhappega-blossom-me\/","og_locale":"et_EE","og_type":"article","og_title":"Blossom Me noorendav h\u00fcaluroonhappe n\u00e4okreem kortslehega","og_description":"Blossom Me on nahka noorendav ja toitev p\u00e4evakreem. H\u00fcaluroonhappe n\u00e4okreem annab nahale kauni jume ja s\u00e4ra ning muudab naha nooruslikuks.","og_url":"https:\/\/tilk.bio\/et\/pood\/noorendav-naokreem-kortslehe-ja-hualuroonhappega-blossom-me\/","og_site_name":"Tilk!","article_publisher":"https:\/\/www.facebook.com\/tilk.bio\/","article_modified_time":"2026-04-21T08:00:08+00:00","og_image":[{"width":1200,"height":628,"url":"https:\/\/tilk.bio\/wp-content\/uploads\/2020\/06\/blossom1200x628-1.png","type":"image\/png"}],"twitter_card":"summary_large_image","twitter_misc":{"Est. reading time":"2 minutit"},"schema":{"@context":"https:\/\/schema.org","@graph":[{"@type":"WebPage","@id":"https:\/\/tilk.bio\/et\/pood\/noorendav-naokreem-kortslehe-ja-hualuroonhappega-blossom-me\/","url":"https:\/\/tilk.bio\/et\/pood\/noorendav-naokreem-kortslehe-ja-hualuroonhappega-blossom-me\/","name":"Blossom Me noorendav h\u00fcaluroonhappe n\u00e4okreem kortslehega","isPartOf":{"@id":"https:\/\/tilk.bio\/et\/#website"},"primaryImageOfPage":{"@id":"https:\/\/tilk.bio\/et\/pood\/noorendav-naokreem-kortslehe-ja-hualuroonhappega-blossom-me\/#primaryimage"},"image":{"@id":"https:\/\/tilk.bio\/et\/pood\/noorendav-naokreem-kortslehe-ja-hualuroonhappega-blossom-me\/#primaryimage"},"thumbnailUrl":"https:\/\/tilk.bio\/wp-content\/uploads\/2020\/06\/Untitled-design-58.jpg","datePublished":"2020-06-08T13:37:27+00:00","dateModified":"2026-04-21T08:00:08+00:00","description":"Blossom Me on nahka noorendav ja toitev p\u00e4evakreem. H\u00fcaluroonhappe n\u00e4okreem annab nahale kauni jume ja s\u00e4ra ning muudab naha nooruslikuks.","breadcrumb":{"@id":"https:\/\/tilk.bio\/et\/pood\/noorendav-naokreem-kortslehe-ja-hualuroonhappega-blossom-me\/#breadcrumb"},"inLanguage":"et","potentialAction":[{"@type":"ReadAction","target":["https:\/\/tilk.bio\/et\/pood\/noorendav-naokreem-kortslehe-ja-hualuroonhappega-blossom-me\/"]}]},{"@type":"ImageObject","inLanguage":"et","@id":"https:\/\/tilk.bio\/et\/pood\/noorendav-naokreem-kortslehe-ja-hualuroonhappega-blossom-me\/#primaryimage","url":"https:\/\/tilk.bio\/wp-content\/uploads\/2020\/06\/Untitled-design-58.jpg","contentUrl":"https:\/\/tilk.bio\/wp-content\/uploads\/2020\/06\/Untitled-design-58.jpg","width":1200,"height":1200,"caption":"Blossom Me"},{"@type":"BreadcrumbList","@id":"https:\/\/tilk.bio\/et\/pood\/noorendav-naokreem-kortslehe-ja-hualuroonhappega-blossom-me\/#breadcrumb","itemListElement":[{"@type":"ListItem","position":1,"name":"Home","item":"https:\/\/tilk.bio\/et\/"},{"@type":"ListItem","position":2,"name":"Pood","item":"https:\/\/tilk.bio\/et\/pood\/"},{"@type":"ListItem","position":3,"name":"Blossom Me noorendav n\u00e4okreem kortslehe ja h\u00fcaluroonhappega"}]},{"@type":"WebSite","@id":"https:\/\/tilk.bio\/et\/#website","url":"https:\/\/tilk.bio\/et\/","name":"Tilk!","description":"Keskkonnas\u00f5bralik ja j\u00e4tkusuutlik looduskosmeetika Saaremaalt.","potentialAction":[{"@type":"SearchAction","target":{"@type":"EntryPoint","urlTemplate":"https:\/\/tilk.bio\/et\/?s={search_term_string}"},"query-input":{"@type":"PropertyValueSpecification","valueRequired":true,"valueName":"search_term_string"}}],"inLanguage":"et"}]}},"_links":{"self":[{"href":"https:\/\/tilk.bio\/et\/wp-json\/wp\/v2\/product\/51508","targetHints":{"allow":["GET"]}}],"collection":[{"href":"https:\/\/tilk.bio\/et\/wp-json\/wp\/v2\/product"}],"about":[{"href":"https:\/\/tilk.bio\/et\/wp-json\/wp\/v2\/types\/product"}],"replies":[{"embeddable":true,"href":"https:\/\/tilk.bio\/et\/wp-json\/wp\/v2\/comments?post=51508"}],"wp:featuredmedia":[{"embeddable":true,"href":"https:\/\/tilk.bio\/et\/wp-json\/wp\/v2\/media\/71253"}],"wp:attachment":[{"href":"https:\/\/tilk.bio\/et\/wp-json\/wp\/v2\/media?parent=51508"}],"wp:term":[{"taxonomy":"product_brand","embeddable":true,"href":"https:\/\/tilk.bio\/et\/wp-json\/wp\/v2\/product_brand?post=51508"},{"taxonomy":"product_cat","embeddable":true,"href":"https:\/\/tilk.bio\/et\/wp-json\/wp\/v2\/product_cat?post=51508"},{"taxonomy":"product_tag","embeddable":true,"href":"https:\/\/tilk.bio\/et\/wp-json\/wp\/v2\/product_tag?post=51508"}],"curies":[{"name":"wp","href":"https:\/\/api.w.org\/{rel}","templated":true}]}}