{"id":51748,"date":"2021-11-27T20:21:19","date_gmt":"2021-11-27T18:21:19","guid":{"rendered":"https:\/\/tilk.bio\/shop\/rahustav-ja-kerge-koostisega-naokreem-teepuuoliga\/"},"modified":"2026-05-03T12:00:20","modified_gmt":"2026-05-03T09:00:20","slug":"rahustav-ja-kerge-koostisega-naokreem-teepuuoliga","status":"publish","type":"product","link":"https:\/\/tilk.bio\/et\/pood\/rahustav-ja-kerge-koostisega-naokreem-teepuuoliga\/","title":{"rendered":"Calm Me rahustav ja kerge koostisega n\u00e4okreem teepuu\u00f5liga"},"content":{"rendered":"<p>AUHINNATUD<\/p>\n<p>Calm Me rahustav ja kerge koostisega p\u00e4evakreem sisaldab rohkelt vitamiine ja mineraale, mis toidavad ning niisutavad nahka, andes kauni jume. Kohalikud \u00fcrdiekstraktid on n\u00e4okreemis segunenud maailma parimate looduslike nahahooldus\u00f5lidega \u2013 n\u00e4iteks eksootiline aprikoosi\u00f5li ja kodumaine astelpaju\u00f5li, mis rahustavad, pehmendavad ning toidavad nahka, aidates sel koostoimes kiirelt taastuda. K\u00f5rge antioks\u00fcdantide sisaldusega n\u00e4okreem hoiab naha noore ja siidpehmena.<\/p>\n<p>Teepuu\u00f5li on tuntud oma p\u00f5letikuvastaste ja antibakteriaalsete omaduste poolest ning sobib suurep\u00e4raselt erinevate nahaprobleemide leevendamiseks. K\u00f5rvitsaseemne\u00f5li on k\u00f5rge E-vitamiini, tsingi, oomega-3 ja oomega-5 rasvhapete sisaldusega ning on seet\u00f5ttu unikaalne naha niisutaja andes nahale m\u00f5nusa elastsuse. Kreemi koostises on ka rikkalike toimeainetega \u00fcrdi\u00f5lid, mis taastavad naha loomulikku seisundit. Pune bioaktiivsed koostisosad ravivad p\u00f5letikulist nahka ning suurendavad selle kaitsev\u00f5imet. Raudrohu \u00f5ites peituv hamasuleen ahendab poore ja piparm\u00fcnt v\u00e4rskendab nahka.<\/p>\n<p><strong>Kasutamine:<\/strong> N\u00e4okreem sobib igap\u00e4evaseks naha hoolitsuseks ja naha niisutamiseks peale puhastamist.<\/p>\n<p>N\u00e4okreemi koostisosad on looduslikku p\u00e4ritolu ja vegan. Kreemi loomisel on kasutatud Saaremaalt k\u00e4sitsi korjatud taimede \u00f5lisid.<\/p>\n<p>Hoiustamine: Hoiusta n\u00e4okreemi toatemperatuuril.<\/p>\n<p>Kogus: 10ml\/50ml<\/p>\n<p><a ref=\"magnificPopup\" href=\"https:\/\/tilk.bio\/wp-content\/uploads\/2016\/01\/Vegan_sign-07.png\"><img loading=\"lazy\" decoding=\"async\" class=\"alignnone wp-image-17806\" src=\"https:\/\/tilk.bio\/wp-content\/uploads\/2016\/01\/Vegan_sign-07.png\" alt=\"\" width=\"74\" height=\"74\" srcset=\"https:\/\/tilk.bio\/wp-content\/uploads\/2016\/01\/Vegan_sign-07.png 165w, https:\/\/tilk.bio\/wp-content\/uploads\/2016\/01\/Vegan_sign-07-150x150.png 150w\" sizes=\"auto, (max-width: 74px) 100vw, 74px\" \/><\/a><\/p>\n<p><span class=\"\">\u00a0<\/span><\/p>\n<p>Loe l\u00e4hemalt: <a href=\"https:\/\/tilk.bio\/et\/5-praktilist-sammu-kuidas-teha-spaa-tasemel-loogastavat-naohooldust-enda-kodus\/\" target=\"_blank\" rel=\"noopener noreferrer\"><strong>7 praktilist sammu, kuidas teha Spaa tasemel l\u00f5\u00f5gastavat n\u00e4ohooldust enda kodus<\/strong><\/a><\/p>\n<p><a ref=\"magnificPopup\" href=\"https:\/\/tilk.bio\/wp-content\/uploads\/2019\/08\/Kati11-300x225.jpg\"><img loading=\"lazy\" decoding=\"async\" class=\"alignnone wp-image-52622 size-medium\" src=\"https:\/\/tilk.bio\/wp-content\/uploads\/2019\/08\/Kati11-300x225.jpg\" alt=\"\" width=\"300\" height=\"225\" srcset=\"https:\/\/tilk.bio\/wp-content\/uploads\/2019\/08\/Kati11-300x225.jpg 300w, https:\/\/tilk.bio\/wp-content\/uploads\/2019\/08\/Kati11-1000x750.jpg 1000w, https:\/\/tilk.bio\/wp-content\/uploads\/2019\/08\/Kati11-1024x768.jpg 1024w, https:\/\/tilk.bio\/wp-content\/uploads\/2019\/08\/Kati11-768x576.jpg 768w, https:\/\/tilk.bio\/wp-content\/uploads\/2019\/08\/Kati11-430x323.jpg 430w, https:\/\/tilk.bio\/wp-content\/uploads\/2019\/08\/Kati11-860x645.jpg 860w, https:\/\/tilk.bio\/wp-content\/uploads\/2019\/08\/Kati11.jpg 1200w\" sizes=\"auto, (max-width: 300px) 100vw, 300px\" \/><\/a><\/p>\n","protected":false},"excerpt":{"rendered":"<p>AUHINNATUD Calm Me rahustav ja kerge koostisega p\u00e4evakreem sisaldab rohkelt vitamiine ja mineraale, mis toidavad ning niisutavad nahka, andes kauni jume. Kohalikud \u00fcrdiekstraktid on n\u00e4okreemis segunenud maailma parimate looduslike nahahooldus\u00f5lidega \u2013 n\u00e4iteks eksootiline aprikoosi\u00f5li ja kodumaine astelpaju\u00f5li, mis rahustavad, pehmendavad ning toidavad nahka, aidates sel koostoimes kiirelt taastuda. K\u00f5rge antioks\u00fcdantide sisaldusega n\u00e4okreem hoiab naha noore&#8230;<\/p>\n","protected":false},"featured_media":67603,"comment_status":"open","ping_status":"closed","template":"","meta":{"_acf_changed":false},"product_brand":[],"product_cat":[585,687,511,691,713],"product_tag":[571,619,556,558],"class_list":{"0":"post-51748","1":"product","2":"type-product","3":"status-publish","4":"has-post-thumbnail","6":"product_cat-naokreem","7":"product_cat-akne-ja-rasune-nahk","8":"product_cat-naohooldus","9":"product_cat-tekstuuri-ja-tooniprobleemidega-nahk","10":"product_cat-tilk-herbal-et","11":"product_tag-julmusevaba-et","12":"product_tag-klaaspakend","13":"product_tag-palmiolivaba","14":"product_tag-vegan-et","16":"first","17":"instock","18":"taxable","19":"shipping-taxable","20":"purchasable","21":"product-type-variable"},"acf":[],"yoast_head":"<!-- This site is optimized with the Yoast SEO plugin v27.5 - https:\/\/yoast.com\/product\/yoast-seo-wordpress\/ -->\n<title>Calm Me rahustav ja kerge koostisega n\u00e4okreem teepuu\u00f5liga - Tilk!<\/title>\n<meta name=\"robots\" content=\"index, follow, max-snippet:-1, max-image-preview:large, max-video-preview:-1\" \/>\n<link rel=\"canonical\" href=\"https:\/\/tilk.bio\/et\/pood\/rahustav-ja-kerge-koostisega-naokreem-teepuuoliga\/\" \/>\n<meta property=\"og:locale\" content=\"et_EE\" \/>\n<meta property=\"og:type\" content=\"article\" \/>\n<meta property=\"og:title\" content=\"Calm Me rahustav ja kerge koostisega n\u00e4okreem teepuu\u00f5liga - Tilk!\" \/>\n<meta property=\"og:description\" content=\"AUHINNATUD Calm Me rahustav ja kerge koostisega p\u00e4evakreem sisaldab rohkelt vitamiine ja mineraale, mis toidavad ning niisutavad nahka, andes kauni jume. Kohalikud \u00fcrdiekstraktid on n\u00e4okreemis segunenud maailma parimate looduslike nahahooldus\u00f5lidega \u2013 n\u00e4iteks eksootiline aprikoosi\u00f5li ja kodumaine astelpaju\u00f5li, mis rahustavad, pehmendavad ning toidavad nahka, aidates sel koostoimes kiirelt taastuda. K\u00f5rge antioks\u00fcdantide sisaldusega n\u00e4okreem hoiab naha noore...\" \/>\n<meta property=\"og:url\" content=\"https:\/\/tilk.bio\/et\/pood\/rahustav-ja-kerge-koostisega-naokreem-teepuuoliga\/\" \/>\n<meta property=\"og:site_name\" content=\"Tilk!\" \/>\n<meta property=\"article:publisher\" content=\"https:\/\/www.facebook.com\/tilk.bio\/\" \/>\n<meta property=\"article:modified_time\" content=\"2026-05-03T09:00:20+00:00\" \/>\n<meta property=\"og:image\" content=\"https:\/\/tilk.bio\/wp-content\/uploads\/2020\/07\/calmme1200x628.png\" \/>\n\t<meta property=\"og:image:width\" content=\"1200\" \/>\n\t<meta property=\"og:image:height\" content=\"628\" \/>\n\t<meta property=\"og:image:type\" content=\"image\/png\" \/>\n<meta name=\"twitter:card\" content=\"summary_large_image\" \/>\n<meta name=\"twitter:label1\" content=\"Est. reading time\" \/>\n\t<meta name=\"twitter:data1\" content=\"2 minutit\" \/>\n<script type=\"application\/ld+json\" class=\"yoast-schema-graph\">{\"@context\":\"https:\\\/\\\/schema.org\",\"@graph\":[{\"@type\":\"WebPage\",\"@id\":\"https:\\\/\\\/tilk.bio\\\/et\\\/pood\\\/rahustav-ja-kerge-koostisega-naokreem-teepuuoliga\\\/\",\"url\":\"https:\\\/\\\/tilk.bio\\\/et\\\/pood\\\/rahustav-ja-kerge-koostisega-naokreem-teepuuoliga\\\/\",\"name\":\"Calm Me rahustav ja kerge koostisega n\u00e4okreem teepuu\u00f5liga - Tilk!\",\"isPartOf\":{\"@id\":\"https:\\\/\\\/tilk.bio\\\/et\\\/#website\"},\"primaryImageOfPage\":{\"@id\":\"https:\\\/\\\/tilk.bio\\\/et\\\/pood\\\/rahustav-ja-kerge-koostisega-naokreem-teepuuoliga\\\/#primaryimage\"},\"image\":{\"@id\":\"https:\\\/\\\/tilk.bio\\\/et\\\/pood\\\/rahustav-ja-kerge-koostisega-naokreem-teepuuoliga\\\/#primaryimage\"},\"thumbnailUrl\":\"https:\\\/\\\/tilk.bio\\\/wp-content\\\/uploads\\\/2021\\\/07\\\/3.jpg\",\"datePublished\":\"2021-11-27T18:21:19+00:00\",\"dateModified\":\"2026-05-03T09:00:20+00:00\",\"breadcrumb\":{\"@id\":\"https:\\\/\\\/tilk.bio\\\/et\\\/pood\\\/rahustav-ja-kerge-koostisega-naokreem-teepuuoliga\\\/#breadcrumb\"},\"inLanguage\":\"et\",\"potentialAction\":[{\"@type\":\"ReadAction\",\"target\":[\"https:\\\/\\\/tilk.bio\\\/et\\\/pood\\\/rahustav-ja-kerge-koostisega-naokreem-teepuuoliga\\\/\"]}]},{\"@type\":\"ImageObject\",\"inLanguage\":\"et\",\"@id\":\"https:\\\/\\\/tilk.bio\\\/et\\\/pood\\\/rahustav-ja-kerge-koostisega-naokreem-teepuuoliga\\\/#primaryimage\",\"url\":\"https:\\\/\\\/tilk.bio\\\/wp-content\\\/uploads\\\/2021\\\/07\\\/3.jpg\",\"contentUrl\":\"https:\\\/\\\/tilk.bio\\\/wp-content\\\/uploads\\\/2021\\\/07\\\/3.jpg\",\"width\":1200,\"height\":1200},{\"@type\":\"BreadcrumbList\",\"@id\":\"https:\\\/\\\/tilk.bio\\\/et\\\/pood\\\/rahustav-ja-kerge-koostisega-naokreem-teepuuoliga\\\/#breadcrumb\",\"itemListElement\":[{\"@type\":\"ListItem\",\"position\":1,\"name\":\"Home\",\"item\":\"https:\\\/\\\/tilk.bio\\\/et\\\/\"},{\"@type\":\"ListItem\",\"position\":2,\"name\":\"Pood\",\"item\":\"https:\\\/\\\/tilk.bio\\\/et\\\/pood\\\/\"},{\"@type\":\"ListItem\",\"position\":3,\"name\":\"Calm Me rahustav ja kerge koostisega n\u00e4okreem teepuu\u00f5liga\"}]},{\"@type\":\"WebSite\",\"@id\":\"https:\\\/\\\/tilk.bio\\\/et\\\/#website\",\"url\":\"https:\\\/\\\/tilk.bio\\\/et\\\/\",\"name\":\"Tilk!\",\"description\":\"Keskkonnas\u00f5bralik ja j\u00e4tkusuutlik looduskosmeetika Saaremaalt.\",\"potentialAction\":[{\"@type\":\"SearchAction\",\"target\":{\"@type\":\"EntryPoint\",\"urlTemplate\":\"https:\\\/\\\/tilk.bio\\\/et\\\/?s={search_term_string}\"},\"query-input\":{\"@type\":\"PropertyValueSpecification\",\"valueRequired\":true,\"valueName\":\"search_term_string\"}}],\"inLanguage\":\"et\"}]}<\/script>\n<!-- \/ Yoast SEO plugin. -->","yoast_head_json":{"title":"Calm Me rahustav ja kerge koostisega n\u00e4okreem teepuu\u00f5liga - Tilk!","robots":{"index":"index","follow":"follow","max-snippet":"max-snippet:-1","max-image-preview":"max-image-preview:large","max-video-preview":"max-video-preview:-1"},"canonical":"https:\/\/tilk.bio\/et\/pood\/rahustav-ja-kerge-koostisega-naokreem-teepuuoliga\/","og_locale":"et_EE","og_type":"article","og_title":"Calm Me rahustav ja kerge koostisega n\u00e4okreem teepuu\u00f5liga - Tilk!","og_description":"AUHINNATUD Calm Me rahustav ja kerge koostisega p\u00e4evakreem sisaldab rohkelt vitamiine ja mineraale, mis toidavad ning niisutavad nahka, andes kauni jume. Kohalikud \u00fcrdiekstraktid on n\u00e4okreemis segunenud maailma parimate looduslike nahahooldus\u00f5lidega \u2013 n\u00e4iteks eksootiline aprikoosi\u00f5li ja kodumaine astelpaju\u00f5li, mis rahustavad, pehmendavad ning toidavad nahka, aidates sel koostoimes kiirelt taastuda. K\u00f5rge antioks\u00fcdantide sisaldusega n\u00e4okreem hoiab naha noore...","og_url":"https:\/\/tilk.bio\/et\/pood\/rahustav-ja-kerge-koostisega-naokreem-teepuuoliga\/","og_site_name":"Tilk!","article_publisher":"https:\/\/www.facebook.com\/tilk.bio\/","article_modified_time":"2026-05-03T09:00:20+00:00","og_image":[{"width":1200,"height":628,"url":"https:\/\/tilk.bio\/wp-content\/uploads\/2020\/07\/calmme1200x628.png","type":"image\/png"}],"twitter_card":"summary_large_image","twitter_misc":{"Est. reading time":"2 minutit"},"schema":{"@context":"https:\/\/schema.org","@graph":[{"@type":"WebPage","@id":"https:\/\/tilk.bio\/et\/pood\/rahustav-ja-kerge-koostisega-naokreem-teepuuoliga\/","url":"https:\/\/tilk.bio\/et\/pood\/rahustav-ja-kerge-koostisega-naokreem-teepuuoliga\/","name":"Calm Me rahustav ja kerge koostisega n\u00e4okreem teepuu\u00f5liga - Tilk!","isPartOf":{"@id":"https:\/\/tilk.bio\/et\/#website"},"primaryImageOfPage":{"@id":"https:\/\/tilk.bio\/et\/pood\/rahustav-ja-kerge-koostisega-naokreem-teepuuoliga\/#primaryimage"},"image":{"@id":"https:\/\/tilk.bio\/et\/pood\/rahustav-ja-kerge-koostisega-naokreem-teepuuoliga\/#primaryimage"},"thumbnailUrl":"https:\/\/tilk.bio\/wp-content\/uploads\/2021\/07\/3.jpg","datePublished":"2021-11-27T18:21:19+00:00","dateModified":"2026-05-03T09:00:20+00:00","breadcrumb":{"@id":"https:\/\/tilk.bio\/et\/pood\/rahustav-ja-kerge-koostisega-naokreem-teepuuoliga\/#breadcrumb"},"inLanguage":"et","potentialAction":[{"@type":"ReadAction","target":["https:\/\/tilk.bio\/et\/pood\/rahustav-ja-kerge-koostisega-naokreem-teepuuoliga\/"]}]},{"@type":"ImageObject","inLanguage":"et","@id":"https:\/\/tilk.bio\/et\/pood\/rahustav-ja-kerge-koostisega-naokreem-teepuuoliga\/#primaryimage","url":"https:\/\/tilk.bio\/wp-content\/uploads\/2021\/07\/3.jpg","contentUrl":"https:\/\/tilk.bio\/wp-content\/uploads\/2021\/07\/3.jpg","width":1200,"height":1200},{"@type":"BreadcrumbList","@id":"https:\/\/tilk.bio\/et\/pood\/rahustav-ja-kerge-koostisega-naokreem-teepuuoliga\/#breadcrumb","itemListElement":[{"@type":"ListItem","position":1,"name":"Home","item":"https:\/\/tilk.bio\/et\/"},{"@type":"ListItem","position":2,"name":"Pood","item":"https:\/\/tilk.bio\/et\/pood\/"},{"@type":"ListItem","position":3,"name":"Calm Me rahustav ja kerge koostisega n\u00e4okreem teepuu\u00f5liga"}]},{"@type":"WebSite","@id":"https:\/\/tilk.bio\/et\/#website","url":"https:\/\/tilk.bio\/et\/","name":"Tilk!","description":"Keskkonnas\u00f5bralik ja j\u00e4tkusuutlik looduskosmeetika Saaremaalt.","potentialAction":[{"@type":"SearchAction","target":{"@type":"EntryPoint","urlTemplate":"https:\/\/tilk.bio\/et\/?s={search_term_string}"},"query-input":{"@type":"PropertyValueSpecification","valueRequired":true,"valueName":"search_term_string"}}],"inLanguage":"et"}]}},"_links":{"self":[{"href":"https:\/\/tilk.bio\/et\/wp-json\/wp\/v2\/product\/51748","targetHints":{"allow":["GET"]}}],"collection":[{"href":"https:\/\/tilk.bio\/et\/wp-json\/wp\/v2\/product"}],"about":[{"href":"https:\/\/tilk.bio\/et\/wp-json\/wp\/v2\/types\/product"}],"replies":[{"embeddable":true,"href":"https:\/\/tilk.bio\/et\/wp-json\/wp\/v2\/comments?post=51748"}],"wp:featuredmedia":[{"embeddable":true,"href":"https:\/\/tilk.bio\/et\/wp-json\/wp\/v2\/media\/67603"}],"wp:attachment":[{"href":"https:\/\/tilk.bio\/et\/wp-json\/wp\/v2\/media?parent=51748"}],"wp:term":[{"taxonomy":"product_brand","embeddable":true,"href":"https:\/\/tilk.bio\/et\/wp-json\/wp\/v2\/product_brand?post=51748"},{"taxonomy":"product_cat","embeddable":true,"href":"https:\/\/tilk.bio\/et\/wp-json\/wp\/v2\/product_cat?post=51748"},{"taxonomy":"product_tag","embeddable":true,"href":"https:\/\/tilk.bio\/et\/wp-json\/wp\/v2\/product_tag?post=51748"}],"curies":[{"name":"wp","href":"https:\/\/api.w.org\/{rel}","templated":true}]}}