{"id":51821,"date":"2021-11-28T18:43:38","date_gmt":"2021-11-28T16:43:38","guid":{"rendered":"https:\/\/tilk.bio\/shop\/varskendav-sprei-aloe-vera-probiootikumide-teepuuoliga\/"},"modified":"2026-05-10T22:45:04","modified_gmt":"2026-05-10T19:45:04","slug":"varskendav-sprei-aloe-vera-probiootikumide-teepuuoliga","status":"publish","type":"product","link":"https:\/\/tilk.bio\/et\/pood\/varskendav-sprei-aloe-vera-probiootikumide-teepuuoliga\/","title":{"rendered":"Spray Me probiootiline sprei Aloe vera ja teepuu\u00f5liga"},"content":{"rendered":"<p>Spray Me <a href=\"https:\/\/tilk.bio\/et\/tootekategooria\/naohooldus\/naoveed\/\">v\u00e4rskendav sprei<\/a> Aloe vera, <a href=\"https:\/\/tilk.bio\/et\/tootekategooria\/koostisosad\/probiootikumid\/\"><span style=\"font-weight: 400;\">probiootiliste koostisosade<\/span><\/a> ja teepuu eeterliku \u00f5liga on t\u00e4nu oma mitmek\u00fclgsetele omadustele universaaltoode. V\u00e4rskendav ja jahutav meeldiva aroomiga Aloe vera v\u00f5imaldab spreid kasutada n\u00e4iteks loodusliku ja kerge l\u00f5hnaveena, keha v\u00e4rskendamiseks ja naha niisutamiseks. See on suurep\u00e4rane toode ka erinevate nahaprobleemide, \u00e4rrituste, mikrohaavade ja akne korral. Sprei muudab naha pehmeks ja m\u00f5jub rahustavalt.<\/p>\n<p><span style=\"font-weight: 400;\">Sprei koostises olevad probiootilised koostisosad aitavad s\u00e4ilitada naha loomuliku niiskustaset, tasakaalustavad naha mikrofloorat ja aeglustavad enneaegset vananemisprotsessi.<\/span> Looduslikest antioks\u00fcdantidest pungil Aloe veral on ka suurep\u00e4rased jahutavad ja s\u00fcgavniisutavad omadused.<\/p>\n<p><strong>Kasutamine:<\/strong> Toote kasutamiseks on mitmeid variante. Seda v\u00f5ib v\u00e4rskendamiseks ja niisutamiseks piserdada otse nahale v\u00f5i kanda vatipadjaga soovitud piirkonnale \u00e4rrituse v\u00f5i haavade korral. Samuti v\u00f5ib toodet n\u00e4ole pihustada p\u00e4rast meigi eemaldamist ja n\u00e4o pesemist, et tasakaalustada naha loomulikku pH-d.<\/p>\n<p>Toode on ideaalne ka n\u00e4o puhastamiseks kergest meigist ja mustusest. Selleks pihusta toodet (korduvkasutatavale) meigieemalduspadjakesele ja puhasta n\u00e4gu. Sprei kehal v\u00f5i riietel kasutamiseks pihusta soovitud alale v\u00e4rske tunde ja m\u00f5nusa l\u00f5hna saavutamiseks. V\u00e4rskendav sprei toimib ideaalselt ka meeleolu t\u00f5stmiseks.<\/p>\n<p>Toode sobib ideaalselt:<\/p>\n<ul>\n<li>Naha niisutamiseks<\/li>\n<li>Loodusliku l\u00f5hnaveena<\/li>\n<li>Keha v\u00e4rskendajana<\/li>\n<li>Kuiva naha niisutamiseks<\/li>\n<li>Armidele ja venitusarmidele<\/li>\n<li>Probleemsele nahale<\/li>\n<li>P\u00e4rast p\u00e4evitamist<\/li>\n<li>Mikrohaavadele<\/li>\n<li>Naha\u00e4rrituste leevendamiseks<\/li>\n<li>Ebameeldiva l\u00f5hna eemaldamiseks<\/li>\n<li>S\u00e4\u00e4skede peletamiseks<\/li>\n<li>Akne, psoriaasi ja ekseemi korral<\/li>\n<li>V\u00e4rskendava sprei koostisosad on looduslikku p\u00e4ritolu ja vegan.<\/li>\n<\/ul>\n<p>Hoiustamine: Hoiusta spreid toatemperatuuril.<\/p>\n<p>Kogus: 50ml<\/p>\n<p><a ref=\"magnificPopup\" href=\"https:\/\/tilk.bio\/wp-content\/uploads\/2016\/01\/Vegan_sign-07.png\"><img loading=\"lazy\" decoding=\"async\" class=\"alignnone wp-image-17806\" src=\"https:\/\/tilk.bio\/wp-content\/uploads\/2016\/01\/Vegan_sign-07.png\" alt=\"\" width=\"59\" height=\"59\" srcset=\"https:\/\/tilk.bio\/wp-content\/uploads\/2016\/01\/Vegan_sign-07.png 165w, https:\/\/tilk.bio\/wp-content\/uploads\/2016\/01\/Vegan_sign-07-150x150.png 150w\" sizes=\"auto, (max-width: 59px) 100vw, 59px\" \/><\/a><\/p>\n<p>&nbsp;<\/p>\n<p>Loe l\u00e4hemalt: <a href=\"https:\/\/tilk.bio\/et\/5-praktilist-sammu-kuidas-teha-spaa-tasemel-loogastavat-naohooldust-enda-kodus\/\" target=\"_blank\" rel=\"noopener noreferrer\"><strong>7 praktilist sammu, kuidas teha Spaa tasemel l\u00f5\u00f5gastavat n\u00e4ohooldust enda kodus<\/strong><\/a><\/p>\n<p><a ref=\"magnificPopup\" href=\"https:\/\/tilk.bio\/wp-content\/uploads\/2020\/03\/Kati18-1024x768.jpg\"><img loading=\"lazy\" decoding=\"async\" class=\"alignnone wp-image-52581 size-large\" src=\"https:\/\/tilk.bio\/wp-content\/uploads\/2020\/03\/Kati18-1024x768.jpg\" alt=\"\" width=\"1024\" height=\"768\" srcset=\"https:\/\/tilk.bio\/wp-content\/uploads\/2020\/03\/Kati18-1024x768.jpg 1024w, https:\/\/tilk.bio\/wp-content\/uploads\/2020\/03\/Kati18-1000x750.jpg 1000w, https:\/\/tilk.bio\/wp-content\/uploads\/2020\/03\/Kati18-300x225.jpg 300w, https:\/\/tilk.bio\/wp-content\/uploads\/2020\/03\/Kati18-768x576.jpg 768w, https:\/\/tilk.bio\/wp-content\/uploads\/2020\/03\/Kati18-430x323.jpg 430w, https:\/\/tilk.bio\/wp-content\/uploads\/2020\/03\/Kati18-860x645.jpg 860w, https:\/\/tilk.bio\/wp-content\/uploads\/2020\/03\/Kati18.jpg 1200w\" sizes=\"auto, (max-width: 1024px) 100vw, 1024px\" \/><\/a><\/p>\n","protected":false},"excerpt":{"rendered":"<p>Spray Me v\u00e4rskendav sprei Aloe vera, probiootiliste koostisosade ja teepuu eeterliku \u00f5liga on t\u00e4nu oma mitmek\u00fclgsetele omadustele universaaltoode. V\u00e4rskendav ja jahutav meeldiva aroomiga Aloe vera v\u00f5imaldab spreid kasutada n\u00e4iteks loodusliku ja kerge l\u00f5hnaveena, keha v\u00e4rskendamiseks ja naha niisutamiseks. See on suurep\u00e4rane toode ka erinevate nahaprobleemide, \u00e4rrituste, mikrohaavade ja akne korral. Sprei muudab naha pehmeks ja&#8230;<\/p>\n","protected":false},"featured_media":65681,"comment_status":"open","ping_status":"closed","template":"","meta":{"_acf_changed":false},"product_brand":[],"product_cat":[611,687,389,689,511,692,903,891,690],"product_tag":[557,571,556,558],"class_list":{"0":"post-51821","1":"product","2":"type-product","3":"status-publish","4":"has-post-thumbnail","6":"product_cat-naoveed","7":"product_cat-akne-ja-rasune-nahk","8":"product_cat-koik-tooted","9":"product_cat-kuiv-nahk","10":"product_cat-naohooldus","11":"product_cat-normaalne-ja-kombineeritud-nahk","12":"product_cat-probiootikumid","13":"product_cat-tilk-biotic-et","14":"product_cat-tundlik-nahk","15":"product_tag-jatkusuutlik","16":"product_tag-julmusevaba-et","17":"product_tag-palmiolivaba","18":"product_tag-vegan-et","20":"first","21":"instock","22":"taxable","23":"shipping-taxable","24":"purchasable","25":"product-type-simple"},"acf":[],"yoast_head":"<!-- This site is optimized with the Yoast SEO plugin v27.5 - https:\/\/yoast.com\/product\/yoast-seo-wordpress\/ -->\n<title>Spray Me probiootiline sprei Aloe vera ja teepuu\u00f5liga - Tilk!<\/title>\n<meta name=\"description\" content=\"Spray Me v\u00e4rskendav sprei Aloe vera, probiootiliste koostisosade ja teepuu eeterliku \u00f5liga on t\u00e4nu oma mitmek\u00fclgsetele omadustele universaaltoode.\" \/>\n<meta name=\"robots\" content=\"index, follow, max-snippet:-1, max-image-preview:large, max-video-preview:-1\" \/>\n<link rel=\"canonical\" href=\"https:\/\/tilk.bio\/et\/pood\/varskendav-sprei-aloe-vera-probiootikumide-teepuuoliga\/\" \/>\n<meta property=\"og:locale\" content=\"et_EE\" \/>\n<meta property=\"og:type\" content=\"article\" \/>\n<meta property=\"og:title\" content=\"Spray Me probiootiline sprei Aloe vera ja teepuu\u00f5liga - Tilk!\" \/>\n<meta property=\"og:description\" content=\"Spray Me v\u00e4rskendav sprei Aloe vera, probiootiliste koostisosade ja teepuu eeterliku \u00f5liga on t\u00e4nu oma mitmek\u00fclgsetele omadustele universaaltoode.\" \/>\n<meta property=\"og:url\" content=\"https:\/\/tilk.bio\/et\/pood\/varskendav-sprei-aloe-vera-probiootikumide-teepuuoliga\/\" \/>\n<meta property=\"og:site_name\" content=\"Tilk!\" \/>\n<meta property=\"article:publisher\" content=\"https:\/\/www.facebook.com\/tilk.bio\/\" \/>\n<meta property=\"article:modified_time\" content=\"2026-05-10T19:45:04+00:00\" \/>\n<meta property=\"og:image\" content=\"https:\/\/tilk.bio\/wp-content\/uploads\/2020\/07\/sprayme1200x628.png\" \/>\n\t<meta property=\"og:image:width\" content=\"1200\" \/>\n\t<meta property=\"og:image:height\" content=\"628\" \/>\n\t<meta property=\"og:image:type\" content=\"image\/png\" \/>\n<meta name=\"twitter:card\" content=\"summary_large_image\" \/>\n<meta name=\"twitter:label1\" content=\"Est. reading time\" \/>\n\t<meta name=\"twitter:data1\" content=\"2 minutit\" \/>\n<script type=\"application\/ld+json\" class=\"yoast-schema-graph\">{\"@context\":\"https:\\\/\\\/schema.org\",\"@graph\":[{\"@type\":\"WebPage\",\"@id\":\"https:\\\/\\\/tilk.bio\\\/et\\\/pood\\\/varskendav-sprei-aloe-vera-probiootikumide-teepuuoliga\\\/\",\"url\":\"https:\\\/\\\/tilk.bio\\\/et\\\/pood\\\/varskendav-sprei-aloe-vera-probiootikumide-teepuuoliga\\\/\",\"name\":\"Spray Me probiootiline sprei Aloe vera ja teepuu\u00f5liga - Tilk!\",\"isPartOf\":{\"@id\":\"https:\\\/\\\/tilk.bio\\\/et\\\/#website\"},\"primaryImageOfPage\":{\"@id\":\"https:\\\/\\\/tilk.bio\\\/et\\\/pood\\\/varskendav-sprei-aloe-vera-probiootikumide-teepuuoliga\\\/#primaryimage\"},\"image\":{\"@id\":\"https:\\\/\\\/tilk.bio\\\/et\\\/pood\\\/varskendav-sprei-aloe-vera-probiootikumide-teepuuoliga\\\/#primaryimage\"},\"thumbnailUrl\":\"https:\\\/\\\/tilk.bio\\\/wp-content\\\/uploads\\\/2020\\\/05\\\/sprayteepuu.jpg\",\"datePublished\":\"2021-11-28T16:43:38+00:00\",\"dateModified\":\"2026-05-10T19:45:04+00:00\",\"description\":\"Spray Me v\u00e4rskendav sprei Aloe vera, probiootiliste koostisosade ja teepuu eeterliku \u00f5liga on t\u00e4nu oma mitmek\u00fclgsetele omadustele universaaltoode.\",\"breadcrumb\":{\"@id\":\"https:\\\/\\\/tilk.bio\\\/et\\\/pood\\\/varskendav-sprei-aloe-vera-probiootikumide-teepuuoliga\\\/#breadcrumb\"},\"inLanguage\":\"et\",\"potentialAction\":[{\"@type\":\"ReadAction\",\"target\":[\"https:\\\/\\\/tilk.bio\\\/et\\\/pood\\\/varskendav-sprei-aloe-vera-probiootikumide-teepuuoliga\\\/\"]}]},{\"@type\":\"ImageObject\",\"inLanguage\":\"et\",\"@id\":\"https:\\\/\\\/tilk.bio\\\/et\\\/pood\\\/varskendav-sprei-aloe-vera-probiootikumide-teepuuoliga\\\/#primaryimage\",\"url\":\"https:\\\/\\\/tilk.bio\\\/wp-content\\\/uploads\\\/2020\\\/05\\\/sprayteepuu.jpg\",\"contentUrl\":\"https:\\\/\\\/tilk.bio\\\/wp-content\\\/uploads\\\/2020\\\/05\\\/sprayteepuu.jpg\",\"width\":1200,\"height\":1200,\"caption\":\"spray teepuu\"},{\"@type\":\"BreadcrumbList\",\"@id\":\"https:\\\/\\\/tilk.bio\\\/et\\\/pood\\\/varskendav-sprei-aloe-vera-probiootikumide-teepuuoliga\\\/#breadcrumb\",\"itemListElement\":[{\"@type\":\"ListItem\",\"position\":1,\"name\":\"Home\",\"item\":\"https:\\\/\\\/tilk.bio\\\/et\\\/\"},{\"@type\":\"ListItem\",\"position\":2,\"name\":\"Pood\",\"item\":\"https:\\\/\\\/tilk.bio\\\/et\\\/pood\\\/\"},{\"@type\":\"ListItem\",\"position\":3,\"name\":\"Spray Me probiootiline sprei Aloe vera ja teepuu\u00f5liga\"}]},{\"@type\":\"WebSite\",\"@id\":\"https:\\\/\\\/tilk.bio\\\/et\\\/#website\",\"url\":\"https:\\\/\\\/tilk.bio\\\/et\\\/\",\"name\":\"Tilk!\",\"description\":\"Keskkonnas\u00f5bralik ja j\u00e4tkusuutlik looduskosmeetika Saaremaalt.\",\"potentialAction\":[{\"@type\":\"SearchAction\",\"target\":{\"@type\":\"EntryPoint\",\"urlTemplate\":\"https:\\\/\\\/tilk.bio\\\/et\\\/?s={search_term_string}\"},\"query-input\":{\"@type\":\"PropertyValueSpecification\",\"valueRequired\":true,\"valueName\":\"search_term_string\"}}],\"inLanguage\":\"et\"}]}<\/script>\n<!-- \/ Yoast SEO plugin. -->","yoast_head_json":{"title":"Spray Me probiootiline sprei Aloe vera ja teepuu\u00f5liga - Tilk!","description":"Spray Me v\u00e4rskendav sprei Aloe vera, probiootiliste koostisosade ja teepuu eeterliku \u00f5liga on t\u00e4nu oma mitmek\u00fclgsetele omadustele universaaltoode.","robots":{"index":"index","follow":"follow","max-snippet":"max-snippet:-1","max-image-preview":"max-image-preview:large","max-video-preview":"max-video-preview:-1"},"canonical":"https:\/\/tilk.bio\/et\/pood\/varskendav-sprei-aloe-vera-probiootikumide-teepuuoliga\/","og_locale":"et_EE","og_type":"article","og_title":"Spray Me probiootiline sprei Aloe vera ja teepuu\u00f5liga - Tilk!","og_description":"Spray Me v\u00e4rskendav sprei Aloe vera, probiootiliste koostisosade ja teepuu eeterliku \u00f5liga on t\u00e4nu oma mitmek\u00fclgsetele omadustele universaaltoode.","og_url":"https:\/\/tilk.bio\/et\/pood\/varskendav-sprei-aloe-vera-probiootikumide-teepuuoliga\/","og_site_name":"Tilk!","article_publisher":"https:\/\/www.facebook.com\/tilk.bio\/","article_modified_time":"2026-05-10T19:45:04+00:00","og_image":[{"width":1200,"height":628,"url":"https:\/\/tilk.bio\/wp-content\/uploads\/2020\/07\/sprayme1200x628.png","type":"image\/png"}],"twitter_card":"summary_large_image","twitter_misc":{"Est. reading time":"2 minutit"},"schema":{"@context":"https:\/\/schema.org","@graph":[{"@type":"WebPage","@id":"https:\/\/tilk.bio\/et\/pood\/varskendav-sprei-aloe-vera-probiootikumide-teepuuoliga\/","url":"https:\/\/tilk.bio\/et\/pood\/varskendav-sprei-aloe-vera-probiootikumide-teepuuoliga\/","name":"Spray Me probiootiline sprei Aloe vera ja teepuu\u00f5liga - Tilk!","isPartOf":{"@id":"https:\/\/tilk.bio\/et\/#website"},"primaryImageOfPage":{"@id":"https:\/\/tilk.bio\/et\/pood\/varskendav-sprei-aloe-vera-probiootikumide-teepuuoliga\/#primaryimage"},"image":{"@id":"https:\/\/tilk.bio\/et\/pood\/varskendav-sprei-aloe-vera-probiootikumide-teepuuoliga\/#primaryimage"},"thumbnailUrl":"https:\/\/tilk.bio\/wp-content\/uploads\/2020\/05\/sprayteepuu.jpg","datePublished":"2021-11-28T16:43:38+00:00","dateModified":"2026-05-10T19:45:04+00:00","description":"Spray Me v\u00e4rskendav sprei Aloe vera, probiootiliste koostisosade ja teepuu eeterliku \u00f5liga on t\u00e4nu oma mitmek\u00fclgsetele omadustele universaaltoode.","breadcrumb":{"@id":"https:\/\/tilk.bio\/et\/pood\/varskendav-sprei-aloe-vera-probiootikumide-teepuuoliga\/#breadcrumb"},"inLanguage":"et","potentialAction":[{"@type":"ReadAction","target":["https:\/\/tilk.bio\/et\/pood\/varskendav-sprei-aloe-vera-probiootikumide-teepuuoliga\/"]}]},{"@type":"ImageObject","inLanguage":"et","@id":"https:\/\/tilk.bio\/et\/pood\/varskendav-sprei-aloe-vera-probiootikumide-teepuuoliga\/#primaryimage","url":"https:\/\/tilk.bio\/wp-content\/uploads\/2020\/05\/sprayteepuu.jpg","contentUrl":"https:\/\/tilk.bio\/wp-content\/uploads\/2020\/05\/sprayteepuu.jpg","width":1200,"height":1200,"caption":"spray teepuu"},{"@type":"BreadcrumbList","@id":"https:\/\/tilk.bio\/et\/pood\/varskendav-sprei-aloe-vera-probiootikumide-teepuuoliga\/#breadcrumb","itemListElement":[{"@type":"ListItem","position":1,"name":"Home","item":"https:\/\/tilk.bio\/et\/"},{"@type":"ListItem","position":2,"name":"Pood","item":"https:\/\/tilk.bio\/et\/pood\/"},{"@type":"ListItem","position":3,"name":"Spray Me probiootiline sprei Aloe vera ja teepuu\u00f5liga"}]},{"@type":"WebSite","@id":"https:\/\/tilk.bio\/et\/#website","url":"https:\/\/tilk.bio\/et\/","name":"Tilk!","description":"Keskkonnas\u00f5bralik ja j\u00e4tkusuutlik looduskosmeetika Saaremaalt.","potentialAction":[{"@type":"SearchAction","target":{"@type":"EntryPoint","urlTemplate":"https:\/\/tilk.bio\/et\/?s={search_term_string}"},"query-input":{"@type":"PropertyValueSpecification","valueRequired":true,"valueName":"search_term_string"}}],"inLanguage":"et"}]}},"_links":{"self":[{"href":"https:\/\/tilk.bio\/et\/wp-json\/wp\/v2\/product\/51821","targetHints":{"allow":["GET"]}}],"collection":[{"href":"https:\/\/tilk.bio\/et\/wp-json\/wp\/v2\/product"}],"about":[{"href":"https:\/\/tilk.bio\/et\/wp-json\/wp\/v2\/types\/product"}],"replies":[{"embeddable":true,"href":"https:\/\/tilk.bio\/et\/wp-json\/wp\/v2\/comments?post=51821"}],"wp:featuredmedia":[{"embeddable":true,"href":"https:\/\/tilk.bio\/et\/wp-json\/wp\/v2\/media\/65681"}],"wp:attachment":[{"href":"https:\/\/tilk.bio\/et\/wp-json\/wp\/v2\/media?parent=51821"}],"wp:term":[{"taxonomy":"product_brand","embeddable":true,"href":"https:\/\/tilk.bio\/et\/wp-json\/wp\/v2\/product_brand?post=51821"},{"taxonomy":"product_cat","embeddable":true,"href":"https:\/\/tilk.bio\/et\/wp-json\/wp\/v2\/product_cat?post=51821"},{"taxonomy":"product_tag","embeddable":true,"href":"https:\/\/tilk.bio\/et\/wp-json\/wp\/v2\/product_tag?post=51821"}],"curies":[{"name":"wp","href":"https:\/\/api.w.org\/{rel}","templated":true}]}}