{"id":52300,"date":"2020-10-03T22:29:53","date_gmt":"2020-10-03T19:29:53","guid":{"rendered":"https:\/\/tilk.bio\/shop\/hold-me-deodorant-teepuu-piparmundiga\/"},"modified":"2026-03-16T13:45:05","modified_gmt":"2026-03-16T11:45:05","slug":"hold-me-deodorant-teepuu-piparmundiga","status":"publish","type":"product","link":"https:\/\/tilk.bio\/et\/pood\/hold-me-deodorant-teepuu-piparmundiga\/","title":{"rendered":"Hold Me alumiiniumivaba deodorant teepuu &amp; piparm\u00fcndiga"},"content":{"rendered":"<p>Hold Me on v\u00e4rske ja alumiiniumivaba looduslik <a href=\"https:\/\/tilk.bio\/et\/tootekategooria\/deodorandid\/\">deodorant<\/a>, mis on sobilik liigse higistamise tasakaalustamiseks ning ebameeldiva l\u00f5hna neutraliseerimiseks. T\u00e4iesti looduslikest komponentidest valmistatud deodorant annab v\u00e4rske tunde terveks p\u00e4evaks.<\/p>\n<p>Deodorandi koostises olev nooljuurejahu imab endasse liigse niiskuse ning ei j\u00e4ta riietele valgeid plekke. Sooda neutraliseerib ebameeldiva l\u00f5hna ning sheav\u00f5i ja kookos\u00f5li tagavad naha niiskustasakaalu. Saialille, kortslehe ja p\u00f5ldosja bioaktiivsed toimeained rahustavad \u00f5rna kaenlaalust nahka. Deodorandile annab meeldiva l\u00f5hna teepuu\u00f5li ja piparm\u00fcndi v\u00e4rskendav kooslus.<\/p>\n<p><strong>Looduslik deodorant &#8211; kasutamine:<\/strong><\/p>\n<p>Kanna v\u00e4ike kogus deodoranti n\u00e4puotsa v\u00f5i peopesadega kaenla alla ja masseeri \u00f5rnalt naha sisse. Deodorant tagab v\u00e4rskustunde terveks p\u00e4evaks.<\/p>\n<p>Deodorandi k\u00f5ik koostisosad on looduslikku p\u00e4ritolu ja vegan. Deodorandi loomisel on kasutatud Saaremaalt k\u00e4sitsi korjatud taimede \u00f5lisid.<\/p>\n<p>Hoiustamine: Soovitame hoida deodoranti kaitstuna otsese p\u00e4ikesevalguse eest ja temperatuuril alla +25 kraadi.<\/p>\n<p>Kogus: 30ml<\/p>\n<p><img loading=\"lazy\" decoding=\"async\" class=\"alignnone wp-image-17806\" src=\"https:\/\/tilk.bio\/wp-content\/uploads\/2016\/01\/Vegan_sign-07.png\" alt=\"\" width=\"84\" height=\"84\" srcset=\"https:\/\/tilk.bio\/wp-content\/uploads\/2016\/01\/Vegan_sign-07.png 165w, https:\/\/tilk.bio\/wp-content\/uploads\/2016\/01\/Vegan_sign-07-150x150.png 150w\" sizes=\"auto, (max-width: 84px) 100vw, 84px\" \/><img loading=\"lazy\" decoding=\"async\" class=\"wp-image-23766 alignleft\" src=\"https:\/\/tilk.bio\/wp-content\/uploads\/2015\/11\/kaasa_kadakast_spaatel_anim.gif\" alt=\"\" width=\"89\" height=\"77\" \/><\/p>\n<p><strong><a href=\"https:\/\/tilk.bio\/et\/kas-higistamine-on-sinu-kehale-hea\/\">LOE KA: KAS HIGISTAMINE ON SINU KEHALE HEA?<\/a><\/strong><\/p>\n<p><a ref=\"magnificPopup\" href=\"https:\/\/tilk.bio\/wp-content\/uploads\/2020\/10\/IMG_8975-2-copy-scaled.jpg\"><img loading=\"lazy\" decoding=\"async\" class=\"alignnone wp-image-52609 size-large\" src=\"https:\/\/tilk.bio\/wp-content\/uploads\/2020\/10\/IMG_8975-2-copy-1024x683.jpg\" alt=\"\" width=\"1024\" height=\"683\" srcset=\"https:\/\/tilk.bio\/wp-content\/uploads\/2020\/10\/IMG_8975-2-copy-1024x683.jpg 1024w, https:\/\/tilk.bio\/wp-content\/uploads\/2020\/10\/IMG_8975-2-copy-scaled-1000x667.jpg 1000w, https:\/\/tilk.bio\/wp-content\/uploads\/2020\/10\/IMG_8975-2-copy-300x200.jpg 300w, https:\/\/tilk.bio\/wp-content\/uploads\/2020\/10\/IMG_8975-2-copy-768x512.jpg 768w, https:\/\/tilk.bio\/wp-content\/uploads\/2020\/10\/IMG_8975-2-copy-1536x1024.jpg 1536w, https:\/\/tilk.bio\/wp-content\/uploads\/2020\/10\/IMG_8975-2-copy-2048x1365.jpg 2048w, https:\/\/tilk.bio\/wp-content\/uploads\/2020\/10\/IMG_8975-2-copy-430x287.jpg 430w, https:\/\/tilk.bio\/wp-content\/uploads\/2020\/10\/IMG_8975-2-copy-860x573.jpg 860w\" sizes=\"auto, (max-width: 1024px) 100vw, 1024px\" \/><\/a><\/p>\n","protected":false},"excerpt":{"rendered":"<p>Hold Me on v\u00e4rske ja alumiiniumivaba looduslik deodorant, mis on sobilik liigse higistamise tasakaalustamiseks ning ebameeldiva l\u00f5hna neutraliseerimiseks. T\u00e4iesti looduslikest komponentidest valmistatud deodorant annab v\u00e4rske tunde terveks p\u00e4evaks. Deodorandi koostises olev nooljuurejahu imab endasse liigse niiskuse ning ei j\u00e4ta riietele valgeid plekke. Sooda neutraliseerib ebameeldiva l\u00f5hna ning sheav\u00f5i ja kookos\u00f5li tagavad naha niiskustasakaalu. Saialille, kortslehe&#8230;<\/p>\n","protected":false},"featured_media":67349,"comment_status":"open","ping_status":"closed","template":"","meta":{"_acf_changed":false},"product_brand":[],"product_cat":[607,495,389,912,533,713],"product_tag":[480,571,556,558],"class_list":{"0":"post-52300","1":"product","2":"type-product","3":"status-publish","4":"has-post-thumbnail","6":"product_cat-deodorandid","7":"product_cat-kehale","8":"product_cat-koik-tooted","9":"product_cat-sheavoi","10":"product_cat-spaatli-voimalus","11":"product_cat-tilk-herbal-et","12":"product_tag-deodorant-et","13":"product_tag-julmusevaba-et","14":"product_tag-palmiolivaba","15":"product_tag-vegan-et","17":"first","18":"instock","19":"sale","20":"taxable","21":"shipping-taxable","22":"purchasable","23":"product-type-variable"},"acf":[],"yoast_head":"<!-- This site is optimized with the Yoast SEO plugin v27.3 - https:\/\/yoast.com\/product\/yoast-seo-wordpress\/ -->\n<title>Hold Me looduslik deodorant teepuu &amp; piparm\u00fcndiga<\/title>\n<meta name=\"description\" content=\"Hold Me on v\u00e4rske ja alumiiniumivaba looduslik deodorant, mis on sobilik liigse higistamise tasakaalustamiseks ning ebameeldiva l\u00f5hna neutraliseerimiseks.\" \/>\n<meta name=\"robots\" content=\"index, follow, max-snippet:-1, max-image-preview:large, max-video-preview:-1\" \/>\n<link rel=\"canonical\" href=\"https:\/\/tilk.bio\/et\/pood\/hold-me-deodorant-teepuu-piparmundiga\/\" \/>\n<meta property=\"og:locale\" content=\"et_EE\" \/>\n<meta property=\"og:type\" content=\"article\" \/>\n<meta property=\"og:title\" content=\"Hold Me looduslik deodorant teepuu &amp; piparm\u00fcndiga\" \/>\n<meta property=\"og:description\" content=\"Hold Me on v\u00e4rske ja alumiiniumivaba looduslik deodorant, mis on sobilik liigse higistamise tasakaalustamiseks ning ebameeldiva l\u00f5hna neutraliseerimiseks.\" \/>\n<meta property=\"og:url\" content=\"https:\/\/tilk.bio\/et\/pood\/hold-me-deodorant-teepuu-piparmundiga\/\" \/>\n<meta property=\"og:site_name\" content=\"Tilk!\" \/>\n<meta property=\"article:publisher\" content=\"https:\/\/www.facebook.com\/tilk.bio\/\" \/>\n<meta property=\"article:modified_time\" content=\"2026-03-16T11:45:05+00:00\" \/>\n<meta property=\"og:image\" content=\"https:\/\/tilk.bio\/wp-content\/uploads\/2020\/10\/Untitled-design-69.jpg\" \/>\n\t<meta property=\"og:image:width\" content=\"1200\" \/>\n\t<meta property=\"og:image:height\" content=\"1200\" \/>\n\t<meta property=\"og:image:type\" content=\"image\/jpeg\" \/>\n<meta name=\"twitter:card\" content=\"summary_large_image\" \/>\n<meta name=\"twitter:label1\" content=\"Est. reading time\" \/>\n\t<meta name=\"twitter:data1\" content=\"2 minutit\" \/>\n<script type=\"application\/ld+json\" class=\"yoast-schema-graph\">{\"@context\":\"https:\\\/\\\/schema.org\",\"@graph\":[{\"@type\":\"WebPage\",\"@id\":\"https:\\\/\\\/tilk.bio\\\/et\\\/pood\\\/hold-me-deodorant-teepuu-piparmundiga\\\/\",\"url\":\"https:\\\/\\\/tilk.bio\\\/et\\\/pood\\\/hold-me-deodorant-teepuu-piparmundiga\\\/\",\"name\":\"Hold Me looduslik deodorant teepuu & piparm\u00fcndiga\",\"isPartOf\":{\"@id\":\"https:\\\/\\\/tilk.bio\\\/et\\\/#website\"},\"primaryImageOfPage\":{\"@id\":\"https:\\\/\\\/tilk.bio\\\/et\\\/pood\\\/hold-me-deodorant-teepuu-piparmundiga\\\/#primaryimage\"},\"image\":{\"@id\":\"https:\\\/\\\/tilk.bio\\\/et\\\/pood\\\/hold-me-deodorant-teepuu-piparmundiga\\\/#primaryimage\"},\"thumbnailUrl\":\"https:\\\/\\\/tilk.bio\\\/wp-content\\\/uploads\\\/2020\\\/10\\\/Untitled-design-69.jpg\",\"datePublished\":\"2020-10-03T19:29:53+00:00\",\"dateModified\":\"2026-03-16T11:45:05+00:00\",\"description\":\"Hold Me on v\u00e4rske ja alumiiniumivaba looduslik deodorant, mis on sobilik liigse higistamise tasakaalustamiseks ning ebameeldiva l\u00f5hna neutraliseerimiseks.\",\"breadcrumb\":{\"@id\":\"https:\\\/\\\/tilk.bio\\\/et\\\/pood\\\/hold-me-deodorant-teepuu-piparmundiga\\\/#breadcrumb\"},\"inLanguage\":\"et\",\"potentialAction\":[{\"@type\":\"ReadAction\",\"target\":[\"https:\\\/\\\/tilk.bio\\\/et\\\/pood\\\/hold-me-deodorant-teepuu-piparmundiga\\\/\"]}]},{\"@type\":\"ImageObject\",\"inLanguage\":\"et\",\"@id\":\"https:\\\/\\\/tilk.bio\\\/et\\\/pood\\\/hold-me-deodorant-teepuu-piparmundiga\\\/#primaryimage\",\"url\":\"https:\\\/\\\/tilk.bio\\\/wp-content\\\/uploads\\\/2020\\\/10\\\/Untitled-design-69.jpg\",\"contentUrl\":\"https:\\\/\\\/tilk.bio\\\/wp-content\\\/uploads\\\/2020\\\/10\\\/Untitled-design-69.jpg\",\"width\":1200,\"height\":1200},{\"@type\":\"BreadcrumbList\",\"@id\":\"https:\\\/\\\/tilk.bio\\\/et\\\/pood\\\/hold-me-deodorant-teepuu-piparmundiga\\\/#breadcrumb\",\"itemListElement\":[{\"@type\":\"ListItem\",\"position\":1,\"name\":\"Home\",\"item\":\"https:\\\/\\\/tilk.bio\\\/et\\\/\"},{\"@type\":\"ListItem\",\"position\":2,\"name\":\"Pood\",\"item\":\"https:\\\/\\\/tilk.bio\\\/et\\\/pood\\\/\"},{\"@type\":\"ListItem\",\"position\":3,\"name\":\"Hold Me alumiiniumivaba deodorant teepuu &amp; piparm\u00fcndiga\"}]},{\"@type\":\"WebSite\",\"@id\":\"https:\\\/\\\/tilk.bio\\\/et\\\/#website\",\"url\":\"https:\\\/\\\/tilk.bio\\\/et\\\/\",\"name\":\"Tilk!\",\"description\":\"Keskkonnas\u00f5bralik ja j\u00e4tkusuutlik looduskosmeetika Saaremaalt.\",\"potentialAction\":[{\"@type\":\"SearchAction\",\"target\":{\"@type\":\"EntryPoint\",\"urlTemplate\":\"https:\\\/\\\/tilk.bio\\\/et\\\/?s={search_term_string}\"},\"query-input\":{\"@type\":\"PropertyValueSpecification\",\"valueRequired\":true,\"valueName\":\"search_term_string\"}}],\"inLanguage\":\"et\"}]}<\/script>\n<!-- \/ Yoast SEO plugin. -->","yoast_head_json":{"title":"Hold Me looduslik deodorant teepuu & piparm\u00fcndiga","description":"Hold Me on v\u00e4rske ja alumiiniumivaba looduslik deodorant, mis on sobilik liigse higistamise tasakaalustamiseks ning ebameeldiva l\u00f5hna neutraliseerimiseks.","robots":{"index":"index","follow":"follow","max-snippet":"max-snippet:-1","max-image-preview":"max-image-preview:large","max-video-preview":"max-video-preview:-1"},"canonical":"https:\/\/tilk.bio\/et\/pood\/hold-me-deodorant-teepuu-piparmundiga\/","og_locale":"et_EE","og_type":"article","og_title":"Hold Me looduslik deodorant teepuu & piparm\u00fcndiga","og_description":"Hold Me on v\u00e4rske ja alumiiniumivaba looduslik deodorant, mis on sobilik liigse higistamise tasakaalustamiseks ning ebameeldiva l\u00f5hna neutraliseerimiseks.","og_url":"https:\/\/tilk.bio\/et\/pood\/hold-me-deodorant-teepuu-piparmundiga\/","og_site_name":"Tilk!","article_publisher":"https:\/\/www.facebook.com\/tilk.bio\/","article_modified_time":"2026-03-16T11:45:05+00:00","og_image":[{"width":1200,"height":1200,"url":"https:\/\/tilk.bio\/wp-content\/uploads\/2020\/10\/Untitled-design-69.jpg","type":"image\/jpeg"}],"twitter_card":"summary_large_image","twitter_misc":{"Est. reading time":"2 minutit"},"schema":{"@context":"https:\/\/schema.org","@graph":[{"@type":"WebPage","@id":"https:\/\/tilk.bio\/et\/pood\/hold-me-deodorant-teepuu-piparmundiga\/","url":"https:\/\/tilk.bio\/et\/pood\/hold-me-deodorant-teepuu-piparmundiga\/","name":"Hold Me looduslik deodorant teepuu & piparm\u00fcndiga","isPartOf":{"@id":"https:\/\/tilk.bio\/et\/#website"},"primaryImageOfPage":{"@id":"https:\/\/tilk.bio\/et\/pood\/hold-me-deodorant-teepuu-piparmundiga\/#primaryimage"},"image":{"@id":"https:\/\/tilk.bio\/et\/pood\/hold-me-deodorant-teepuu-piparmundiga\/#primaryimage"},"thumbnailUrl":"https:\/\/tilk.bio\/wp-content\/uploads\/2020\/10\/Untitled-design-69.jpg","datePublished":"2020-10-03T19:29:53+00:00","dateModified":"2026-03-16T11:45:05+00:00","description":"Hold Me on v\u00e4rske ja alumiiniumivaba looduslik deodorant, mis on sobilik liigse higistamise tasakaalustamiseks ning ebameeldiva l\u00f5hna neutraliseerimiseks.","breadcrumb":{"@id":"https:\/\/tilk.bio\/et\/pood\/hold-me-deodorant-teepuu-piparmundiga\/#breadcrumb"},"inLanguage":"et","potentialAction":[{"@type":"ReadAction","target":["https:\/\/tilk.bio\/et\/pood\/hold-me-deodorant-teepuu-piparmundiga\/"]}]},{"@type":"ImageObject","inLanguage":"et","@id":"https:\/\/tilk.bio\/et\/pood\/hold-me-deodorant-teepuu-piparmundiga\/#primaryimage","url":"https:\/\/tilk.bio\/wp-content\/uploads\/2020\/10\/Untitled-design-69.jpg","contentUrl":"https:\/\/tilk.bio\/wp-content\/uploads\/2020\/10\/Untitled-design-69.jpg","width":1200,"height":1200},{"@type":"BreadcrumbList","@id":"https:\/\/tilk.bio\/et\/pood\/hold-me-deodorant-teepuu-piparmundiga\/#breadcrumb","itemListElement":[{"@type":"ListItem","position":1,"name":"Home","item":"https:\/\/tilk.bio\/et\/"},{"@type":"ListItem","position":2,"name":"Pood","item":"https:\/\/tilk.bio\/et\/pood\/"},{"@type":"ListItem","position":3,"name":"Hold Me alumiiniumivaba deodorant teepuu &amp; piparm\u00fcndiga"}]},{"@type":"WebSite","@id":"https:\/\/tilk.bio\/et\/#website","url":"https:\/\/tilk.bio\/et\/","name":"Tilk!","description":"Keskkonnas\u00f5bralik ja j\u00e4tkusuutlik looduskosmeetika Saaremaalt.","potentialAction":[{"@type":"SearchAction","target":{"@type":"EntryPoint","urlTemplate":"https:\/\/tilk.bio\/et\/?s={search_term_string}"},"query-input":{"@type":"PropertyValueSpecification","valueRequired":true,"valueName":"search_term_string"}}],"inLanguage":"et"}]}},"_links":{"self":[{"href":"https:\/\/tilk.bio\/et\/wp-json\/wp\/v2\/product\/52300","targetHints":{"allow":["GET"]}}],"collection":[{"href":"https:\/\/tilk.bio\/et\/wp-json\/wp\/v2\/product"}],"about":[{"href":"https:\/\/tilk.bio\/et\/wp-json\/wp\/v2\/types\/product"}],"replies":[{"embeddable":true,"href":"https:\/\/tilk.bio\/et\/wp-json\/wp\/v2\/comments?post=52300"}],"wp:featuredmedia":[{"embeddable":true,"href":"https:\/\/tilk.bio\/et\/wp-json\/wp\/v2\/media\/67349"}],"wp:attachment":[{"href":"https:\/\/tilk.bio\/et\/wp-json\/wp\/v2\/media?parent=52300"}],"wp:term":[{"taxonomy":"product_brand","embeddable":true,"href":"https:\/\/tilk.bio\/et\/wp-json\/wp\/v2\/product_brand?post=52300"},{"taxonomy":"product_cat","embeddable":true,"href":"https:\/\/tilk.bio\/et\/wp-json\/wp\/v2\/product_cat?post=52300"},{"taxonomy":"product_tag","embeddable":true,"href":"https:\/\/tilk.bio\/et\/wp-json\/wp\/v2\/product_tag?post=52300"}],"curies":[{"name":"wp","href":"https:\/\/api.w.org\/{rel}","templated":true}]}}